{"id":2194,"date":"2014-05-12T17:51:39","date_gmt":"2014-05-12T16:51:39","guid":{"rendered":"https:\/\/www.praha14.cz\/zivot-na-praze-14\/?page_id=2194"},"modified":"2026-01-30T12:50:43","modified_gmt":"2026-01-30T12:50:43","slug":"plk-i-m-josef-stransky-dfc","status":"publish","type":"page","link":"https:\/\/www.praha14.cz\/zivot-na-praze-14\/plk-i-m-josef-stransky-dfc\/","title":{"rendered":"JOSEF STR\u00c1NSK\u00dd"},"content":{"rendered":"<p><a href=\"https:\/\/www.praha14.cz\/app\/uploads\/sites\/4\/2014\/04\/stransky.jpg\" data-rel=\"lightbox-image-0\" data-rl_title=\"\" data-rl_caption=\"\" title=\"\"><img loading=\"lazy\" decoding=\"async\" class=\"alignright size-full wp-image-2157\" src=\"https:\/\/www.praha14.cz\/app\/uploads\/sites\/4\/2014\/04\/stransky.jpg\" alt=\"stransky\" width=\"285\" height=\"400\" srcset=\"https:\/\/www.praha14.cz\/app\/uploads\/sites\/4\/2014\/04\/stransky.jpg 285w, https:\/\/www.praha14.cz\/app\/uploads\/sites\/4\/2014\/04\/stransky-263x370.jpg 263w\" sizes=\"(max-width: 285px) 100vw, 285px\" \/><\/a><strong>Plk. i.m. JOSEF STR\u00c1NSK\u00dd, DFC<\/strong><\/p>\n<p>Josef Str\u00e1nsk\u00fd pat\u0159il k pilot\u016fm, jejich\u017e \u017eivotn\u00ed cesta se po okupaci zm\u011bnila v t\u00e9m\u011b\u0159 nep\u0159etr\u017eit\u00fd p\u0159esun mezi st\u00e1ty. Narodil se v Borov\u00e9 na Havl\u00ed\u010dkobrodsku a u\u017e p\u0159ed v\u00e1lkou slou\u017eil u \u010deskoslovensk\u00e9ho letectva.<\/p>\n<p>Po b\u0159eznu 1939 ode\u0161el p\u0159es Polsko do Francie a pot\u00e9 k RAF, kde byl nejprve za\u0159azen k 24. spojovac\u00ed peruti, aby dokon\u010dil pilotn\u00ed v\u00fdcvik. V b\u0159eznu 1941 p\u0159e\u0161el k 311. \u010deskoslovensk\u00e9 bombardovac\u00ed peruti a na Wellingtonech absolvoval 34 no\u010dn\u00edch n\u00e1let\u016f na n\u011bmeck\u00e1 m\u011bsta. P\u0159i startu v \u010dervenci 1941 p\u0159e\u017eil explozi vlastn\u00edho letounu, o rok pozd\u011bji byl jeho stroj t\u011b\u017ece zasa\u017een flakem p\u0159i \u201etis\u00edcov\u00e9m\u201c n\u00e1letu na Br\u00e9my, p\u0159esto dok\u00e1zal bezpe\u010dn\u011b p\u0159ist\u00e1t. Po p\u0159e\u0159azen\u00ed ke Coastal Command odl\u00e9tal 25 protiponorkov\u00fdch hl\u00eddek nad Biskajsk\u00fdm z\u00e1livem. V \u010dervenci 1942 jako prvn\u00ed z \u010deskoslovensk\u00fdch letc\u016f prokazateln\u011b po\u0161kodil n\u011bmeckou ponorku, za co\u017e obdr\u017eel britsk\u00fd Distinguished Flying Cross.<\/p>\n<p>Po p\u0159e\u0161kolen\u00ed na rychl\u00e9 dvoumotorov\u00e9 Mosquity byl v b\u0159eznu 1944 za\u0159azen k britsk\u00e9 21. peruti jako velitel A-letky. S navig\u00e1torem Franti\u0161kem Boudou podnikl jeden\u00e1ct \u00fato\u010dn\u00fdch let\u016f b\u011bhem p\u0159\u00edprav invaze. Z posledn\u00ed akce nad Normandi\u00ed v noci na 21. \u010dervna 1944 se nevr\u00e1tili, oba byli pozd\u011bji nalezeni v trosk\u00e1ch letounu. Str\u00e1nsk\u00fd byl vyznamen\u00e1n \u0159adou medail\u00ed a po v\u00e1lce pov\u00fd\u0161en na plukovn\u00edka in memoriam.<\/p>\n","protected":false},"excerpt":{"rendered":"<p>Plk. i.m. JOSEF STR\u00c1NSK\u00dd, DFC Josef Str\u00e1nsk\u00fd pat\u0159il k pilot\u016fm, jejich\u017e \u017eivotn\u00ed cesta se po okupaci zm\u011bnila v t\u00e9m\u011b\u0159 nep\u0159etr\u017eit\u00fd p\u0159esun mezi st\u00e1ty. Narodil se v Borov\u00e9 na Havl\u00ed\u010dkobrodsku a u\u017e p\u0159ed v\u00e1lkou slou\u017eil u \u010deskoslovensk\u00e9ho letectva. Po b\u0159eznu 1939 ode\u0161el p\u0159es Polsko do Francie a pot\u00e9 k RAF, kde byl nejprve za\u0159azen k 24&#8230;.<\/p>\n","protected":false},"author":1,"featured_media":0,"parent":0,"menu_order":0,"comment_status":"closed","ping_status":"open","template":"","meta":{"_acf_changed":false,"footnotes":""},"class_list":["post-2194","page","type-page","status-publish","hentry"],"acf":[],"yoast_head":"<!-- This site is optimized with the Yoast SEO plugin v27.2 - https:\/\/yoast.com\/product\/yoast-seo-wordpress\/ -->\n<title>JOSEF STR\u00c1NSK\u00dd - \u017divot na Praze 14<\/title>\n<meta name=\"robots\" content=\"index, follow, max-snippet:-1, max-image-preview:large, max-video-preview:-1\" \/>\n<link rel=\"canonical\" href=\"https:\/\/www.praha14.cz\/zivot-na-praze-14\/plk-i-m-josef-stransky-dfc\/\" \/>\n<meta property=\"og:locale\" content=\"cs_CZ\" \/>\n<meta property=\"og:type\" content=\"article\" \/>\n<meta property=\"og:title\" content=\"JOSEF STR\u00c1NSK\u00dd - \u017divot na Praze 14\" \/>\n<meta property=\"og:description\" content=\"Plk. i.m. JOSEF STR\u00c1NSK\u00dd, DFC Josef Str\u00e1nsk\u00fd pat\u0159il k pilot\u016fm, jejich\u017e \u017eivotn\u00ed cesta se po okupaci zm\u011bnila v t\u00e9m\u011b\u0159 nep\u0159etr\u017eit\u00fd p\u0159esun mezi st\u00e1ty. Narodil se v Borov\u00e9 na Havl\u00ed\u010dkobrodsku a u\u017e p\u0159ed v\u00e1lkou slou\u017eil u \u010deskoslovensk\u00e9ho letectva. Po b\u0159eznu 1939 ode\u0161el p\u0159es Polsko do Francie a pot\u00e9 k RAF, kde byl nejprve za\u0159azen k 24....\" \/>\n<meta property=\"og:url\" content=\"https:\/\/www.praha14.cz\/zivot-na-praze-14\/plk-i-m-josef-stransky-dfc\/\" \/>\n<meta property=\"og:site_name\" content=\"\u017divot na Praze 14\" \/>\n<meta property=\"article:modified_time\" content=\"2026-01-30T12:50:43+00:00\" \/>\n<meta property=\"og:image\" content=\"https:\/\/www.praha14.cz\/app\/uploads\/sites\/4\/2014\/04\/stransky.jpg\" \/>\n\t<meta property=\"og:image:width\" content=\"285\" \/>\n\t<meta property=\"og:image:height\" content=\"400\" \/>\n\t<meta property=\"og:image:type\" content=\"image\/jpeg\" \/>\n<meta name=\"twitter:card\" content=\"summary_large_image\" \/>\n<meta name=\"twitter:label1\" content=\"Est. reading time\" \/>\n\t<meta name=\"twitter:data1\" content=\"2 minuty\" \/>\n<script type=\"application\/ld+json\" class=\"yoast-schema-graph\">{\"@context\":\"https:\/\/schema.org\",\"@graph\":[{\"@type\":\"WebPage\",\"@id\":\"https:\/\/www.praha14.cz\/zivot-na-praze-14\/plk-i-m-josef-stransky-dfc\/\",\"url\":\"https:\/\/www.praha14.cz\/zivot-na-praze-14\/plk-i-m-josef-stransky-dfc\/\",\"name\":\"JOSEF STR\u00c1NSK\u00dd - \u017divot na Praze 14\",\"isPartOf\":{\"@id\":\"https:\/\/www.praha14.cz\/zivot-na-praze-14\/#website\"},\"primaryImageOfPage\":{\"@id\":\"https:\/\/www.praha14.cz\/zivot-na-praze-14\/plk-i-m-josef-stransky-dfc\/#primaryimage\"},\"image\":{\"@id\":\"https:\/\/www.praha14.cz\/zivot-na-praze-14\/plk-i-m-josef-stransky-dfc\/#primaryimage\"},\"thumbnailUrl\":\"https:\/\/www.praha14.cz\/app\/uploads\/sites\/4\/2014\/04\/stransky.jpg\",\"datePublished\":\"2014-05-12T16:51:39+00:00\",\"dateModified\":\"2026-01-30T12:50:43+00:00\",\"breadcrumb\":{\"@id\":\"https:\/\/www.praha14.cz\/zivot-na-praze-14\/plk-i-m-josef-stransky-dfc\/#breadcrumb\"},\"inLanguage\":\"cs\",\"potentialAction\":[{\"@type\":\"ReadAction\",\"target\":[\"https:\/\/www.praha14.cz\/zivot-na-praze-14\/plk-i-m-josef-stransky-dfc\/\"]}]},{\"@type\":\"ImageObject\",\"inLanguage\":\"cs\",\"@id\":\"https:\/\/www.praha14.cz\/zivot-na-praze-14\/plk-i-m-josef-stransky-dfc\/#primaryimage\",\"url\":\"https:\/\/www.praha14.cz\/app\/uploads\/sites\/4\/2014\/04\/stransky.jpg\",\"contentUrl\":\"https:\/\/www.praha14.cz\/app\/uploads\/sites\/4\/2014\/04\/stransky.jpg\"},{\"@type\":\"BreadcrumbList\",\"@id\":\"https:\/\/www.praha14.cz\/zivot-na-praze-14\/plk-i-m-josef-stransky-dfc\/#breadcrumb\",\"itemListElement\":[{\"@type\":\"ListItem\",\"position\":1,\"name\":\"\u017divot na Praze 14\",\"item\":\"https:\/\/www.praha14.cz\/zivot-na-praze-14\/\"},{\"@type\":\"ListItem\",\"position\":2,\"name\":\"JOSEF STR\u00c1NSK\u00dd\"}]},{\"@type\":\"WebSite\",\"@id\":\"https:\/\/www.praha14.cz\/zivot-na-praze-14\/#website\",\"url\":\"https:\/\/www.praha14.cz\/zivot-na-praze-14\/\",\"name\":\"\u017divot na Praze 14\",\"description\":\"\",\"potentialAction\":[{\"@type\":\"SearchAction\",\"target\":{\"@type\":\"EntryPoint\",\"urlTemplate\":\"https:\/\/www.praha14.cz\/zivot-na-praze-14\/?s={search_term_string}\"},\"query-input\":{\"@type\":\"PropertyValueSpecification\",\"valueRequired\":true,\"valueName\":\"search_term_string\"}}],\"inLanguage\":\"cs\"}]}<\/script>\n<!-- \/ Yoast SEO plugin. -->","yoast_head_json":{"title":"JOSEF STR\u00c1NSK\u00dd - \u017divot na Praze 14","robots":{"index":"index","follow":"follow","max-snippet":"max-snippet:-1","max-image-preview":"max-image-preview:large","max-video-preview":"max-video-preview:-1"},"canonical":"https:\/\/www.praha14.cz\/zivot-na-praze-14\/plk-i-m-josef-stransky-dfc\/","og_locale":"cs_CZ","og_type":"article","og_title":"JOSEF STR\u00c1NSK\u00dd - \u017divot na Praze 14","og_description":"Plk. i.m. JOSEF STR\u00c1NSK\u00dd, DFC Josef Str\u00e1nsk\u00fd pat\u0159il k pilot\u016fm, jejich\u017e \u017eivotn\u00ed cesta se po okupaci zm\u011bnila v t\u00e9m\u011b\u0159 nep\u0159etr\u017eit\u00fd p\u0159esun mezi st\u00e1ty. Narodil se v Borov\u00e9 na Havl\u00ed\u010dkobrodsku a u\u017e p\u0159ed v\u00e1lkou slou\u017eil u \u010deskoslovensk\u00e9ho letectva. Po b\u0159eznu 1939 ode\u0161el p\u0159es Polsko do Francie a pot\u00e9 k RAF, kde byl nejprve za\u0159azen k 24....","og_url":"https:\/\/www.praha14.cz\/zivot-na-praze-14\/plk-i-m-josef-stransky-dfc\/","og_site_name":"\u017divot na Praze 14","article_modified_time":"2026-01-30T12:50:43+00:00","og_image":[{"width":285,"height":400,"url":"https:\/\/www.praha14.cz\/app\/uploads\/sites\/4\/2014\/04\/stransky.jpg","type":"image\/jpeg"}],"twitter_card":"summary_large_image","twitter_misc":{"Est. reading time":"2 minuty"},"schema":{"@context":"https:\/\/schema.org","@graph":[{"@type":"WebPage","@id":"https:\/\/www.praha14.cz\/zivot-na-praze-14\/plk-i-m-josef-stransky-dfc\/","url":"https:\/\/www.praha14.cz\/zivot-na-praze-14\/plk-i-m-josef-stransky-dfc\/","name":"JOSEF STR\u00c1NSK\u00dd - \u017divot na Praze 14","isPartOf":{"@id":"https:\/\/www.praha14.cz\/zivot-na-praze-14\/#website"},"primaryImageOfPage":{"@id":"https:\/\/www.praha14.cz\/zivot-na-praze-14\/plk-i-m-josef-stransky-dfc\/#primaryimage"},"image":{"@id":"https:\/\/www.praha14.cz\/zivot-na-praze-14\/plk-i-m-josef-stransky-dfc\/#primaryimage"},"thumbnailUrl":"https:\/\/www.praha14.cz\/app\/uploads\/sites\/4\/2014\/04\/stransky.jpg","datePublished":"2014-05-12T16:51:39+00:00","dateModified":"2026-01-30T12:50:43+00:00","breadcrumb":{"@id":"https:\/\/www.praha14.cz\/zivot-na-praze-14\/plk-i-m-josef-stransky-dfc\/#breadcrumb"},"inLanguage":"cs","potentialAction":[{"@type":"ReadAction","target":["https:\/\/www.praha14.cz\/zivot-na-praze-14\/plk-i-m-josef-stransky-dfc\/"]}]},{"@type":"ImageObject","inLanguage":"cs","@id":"https:\/\/www.praha14.cz\/zivot-na-praze-14\/plk-i-m-josef-stransky-dfc\/#primaryimage","url":"https:\/\/www.praha14.cz\/app\/uploads\/sites\/4\/2014\/04\/stransky.jpg","contentUrl":"https:\/\/www.praha14.cz\/app\/uploads\/sites\/4\/2014\/04\/stransky.jpg"},{"@type":"BreadcrumbList","@id":"https:\/\/www.praha14.cz\/zivot-na-praze-14\/plk-i-m-josef-stransky-dfc\/#breadcrumb","itemListElement":[{"@type":"ListItem","position":1,"name":"\u017divot na Praze 14","item":"https:\/\/www.praha14.cz\/zivot-na-praze-14\/"},{"@type":"ListItem","position":2,"name":"JOSEF STR\u00c1NSK\u00dd"}]},{"@type":"WebSite","@id":"https:\/\/www.praha14.cz\/zivot-na-praze-14\/#website","url":"https:\/\/www.praha14.cz\/zivot-na-praze-14\/","name":"\u017divot na Praze 14","description":"","potentialAction":[{"@type":"SearchAction","target":{"@type":"EntryPoint","urlTemplate":"https:\/\/www.praha14.cz\/zivot-na-praze-14\/?s={search_term_string}"},"query-input":{"@type":"PropertyValueSpecification","valueRequired":true,"valueName":"search_term_string"}}],"inLanguage":"cs"}]}},"_links":{"self":[{"href":"https:\/\/www.praha14.cz\/zivot-na-praze-14\/wp-json\/wp\/v2\/pages\/2194","targetHints":{"allow":["GET"]}}],"collection":[{"href":"https:\/\/www.praha14.cz\/zivot-na-praze-14\/wp-json\/wp\/v2\/pages"}],"about":[{"href":"https:\/\/www.praha14.cz\/zivot-na-praze-14\/wp-json\/wp\/v2\/types\/page"}],"author":[{"embeddable":true,"href":"https:\/\/www.praha14.cz\/zivot-na-praze-14\/wp-json\/wp\/v2\/users\/1"}],"replies":[{"embeddable":true,"href":"https:\/\/www.praha14.cz\/zivot-na-praze-14\/wp-json\/wp\/v2\/comments?post=2194"}],"version-history":[{"count":3,"href":"https:\/\/www.praha14.cz\/zivot-na-praze-14\/wp-json\/wp\/v2\/pages\/2194\/revisions"}],"predecessor-version":[{"id":73896,"href":"https:\/\/www.praha14.cz\/zivot-na-praze-14\/wp-json\/wp\/v2\/pages\/2194\/revisions\/73896"}],"wp:attachment":[{"href":"https:\/\/www.praha14.cz\/zivot-na-praze-14\/wp-json\/wp\/v2\/media?parent=2194"}],"curies":[{"name":"wp","href":"https:\/\/api.w.org\/{rel}","templated":true}]}}