{"id":2196,"date":"2014-05-12T17:52:56","date_gmt":"2014-05-12T16:52:56","guid":{"rendered":"https:\/\/www.praha14.cz\/zivot-na-praze-14\/?page_id=2196"},"modified":"2026-02-02T07:06:06","modified_gmt":"2026-02-02T07:06:06","slug":"plk-i-m-metodej-sebela-dfc","status":"publish","type":"page","link":"https:\/\/www.praha14.cz\/zivot-na-praze-14\/plk-i-m-metodej-sebela-dfc\/","title":{"rendered":"METOD\u011aJ \u0160EBELA"},"content":{"rendered":"<p align=\"left\"><a href=\"https:\/\/www.praha14.cz\/app\/uploads\/sites\/4\/2014\/04\/sebela.jpg\" data-rel=\"lightbox-image-0\" data-rl_title=\"\" data-rl_caption=\"\" title=\"\"><img loading=\"lazy\" decoding=\"async\" class=\"alignright size-full wp-image-2153\" src=\"https:\/\/www.praha14.cz\/app\/uploads\/sites\/4\/2014\/04\/sebela.jpg\" alt=\"sebela\" width=\"281\" height=\"400\" srcset=\"https:\/\/www.praha14.cz\/app\/uploads\/sites\/4\/2014\/04\/sebela.jpg 281w, https:\/\/www.praha14.cz\/app\/uploads\/sites\/4\/2014\/04\/sebela-259x370.jpg 259w\" sizes=\"(max-width: 281px) 100vw, 281px\" \/><\/a><strong>Plk. i.m. METOD\u011aJ \u0160EBELA, DFC<\/strong><\/p>\n<p align=\"left\">Metod\u011bj \u0160ebela se vyu\u010dil elektromechanikem, ale brzy ho p\u0159it\u00e1hlo l\u00e9t\u00e1n\u00ed. V aeroklubu z\u00edskal pilotn\u00ed pr\u016fkaz a u \u010deskoslovensk\u00e9ho letectva pro\u0161el v\u00fdcvikem na dvoum\u00edstn\u00fdch letounech. Za mobilizace slou\u017eil u pozorovac\u00ed letky, po okupaci se stal nakr\u00e1tko p\u0159\u00edslu\u0161n\u00edkem vl\u00e1dn\u00edho vojska, kter\u00e9 bral sp\u00ed\u0161e jako do\u010dasn\u00e9 \u0159e\u0161en\u00ed.<\/p>\n<p align=\"left\">V kv\u011btnu 1940 ode\u0161el z protektor\u00e1tu a p\u0159es Balk\u00e1n a Bl\u00edzk\u00fd v\u00fdchod se dostal k \u010ds. jednotk\u00e1m v Palestin\u011b. Odtud byl jako pot\u0159ebn\u00fd pilot odesl\u00e1n do Velk\u00e9 Brit\u00e1nie, kde vstoupil do RAF. Koncem \u00fanora 1941 byl za\u0159azen k 311. bombardovac\u00ed peruti. Na Wellingtonech absolvoval 41 no\u010dn\u00edch n\u00e1let\u016f, z toho 19 jako kapit\u00e1n. Dvakr\u00e1t musel se strojem nouzov\u011b p\u0159ist\u00e1t bez podvozku, jednou po z\u00e1sahu flaku nad Hannoverem, podruh\u00e9 po n\u00e1letu na Hamburg. Po opera\u010dn\u00edm turnusu slou\u017eil jako pilot u naviga\u010dn\u00ed \u0161koly a v kv\u011btnu 1942 se p\u0159ipojil k prvn\u00ed \u201etis\u00edcovce\u201c proti Kol\u00ednu. V roce 1943 se vr\u00e1til k peruti, nyn\u00ed u\u017e u Coastal Command. P\u0159i jedn\u00e9 z hl\u00eddek provedl \u00fatok na siln\u011b chr\u00e1n\u011bnou lo\u010f Himalaya, i kdy\u017e m\u011bl vy\u0159azen\u00fd jeden motor. Za tuto akci, provedenou z n\u00edzk\u00e9 v\u00fd\u0161ky a za intenzivn\u00ed palby, z\u00edskal Z\u00e1slu\u017en\u00fd leteck\u00fd k\u0159\u00ed\u017e (DFC).<\/p>\n<p align=\"left\">V listopadu 1943 zmizel jeho Liberator b\u011bhem protiponorkov\u00e9 hl\u00eddky nad Biskajsk\u00fdm z\u00e1livem. \u0160ebela absolvoval celkem 42 mis\u00ed u Bomber Command a 15 u Coastal Command, byl vyznamen\u00e1n t\u0159emi \u010ceskoslovensk\u00fdmi v\u00e1le\u010dn\u00fdmi k\u0159\u00ed\u017ei a dal\u0161\u00edmi medailemi.<\/p>\n","protected":false},"excerpt":{"rendered":"<p>Plk. i.m. METOD\u011aJ \u0160EBELA, DFC Metod\u011bj \u0160ebela se vyu\u010dil elektromechanikem, ale brzy ho p\u0159it\u00e1hlo l\u00e9t\u00e1n\u00ed. V aeroklubu z\u00edskal pilotn\u00ed pr\u016fkaz a u \u010deskoslovensk\u00e9ho letectva pro\u0161el v\u00fdcvikem na dvoum\u00edstn\u00fdch letounech. Za mobilizace slou\u017eil u pozorovac\u00ed letky, po okupaci se stal nakr\u00e1tko p\u0159\u00edslu\u0161n\u00edkem vl\u00e1dn\u00edho vojska, kter\u00e9 bral sp\u00ed\u0161e jako do\u010dasn\u00e9 \u0159e\u0161en\u00ed. V kv\u011btnu 1940 ode\u0161el z protektor\u00e1tu&#8230;<\/p>\n","protected":false},"author":1,"featured_media":0,"parent":0,"menu_order":0,"comment_status":"closed","ping_status":"open","template":"","meta":{"_acf_changed":false,"footnotes":""},"class_list":["post-2196","page","type-page","status-publish","hentry"],"acf":[],"yoast_head":"<!-- This site is optimized with the Yoast SEO plugin v27.2 - https:\/\/yoast.com\/product\/yoast-seo-wordpress\/ -->\n<title>METOD\u011aJ \u0160EBELA - \u017divot na Praze 14<\/title>\n<meta name=\"robots\" content=\"index, follow, max-snippet:-1, max-image-preview:large, max-video-preview:-1\" \/>\n<link rel=\"canonical\" href=\"https:\/\/www.praha14.cz\/zivot-na-praze-14\/plk-i-m-metodej-sebela-dfc\/\" \/>\n<meta property=\"og:locale\" content=\"cs_CZ\" \/>\n<meta property=\"og:type\" content=\"article\" \/>\n<meta property=\"og:title\" content=\"METOD\u011aJ \u0160EBELA - \u017divot na Praze 14\" \/>\n<meta property=\"og:description\" content=\"Plk. i.m. METOD\u011aJ \u0160EBELA, DFC Metod\u011bj \u0160ebela se vyu\u010dil elektromechanikem, ale brzy ho p\u0159it\u00e1hlo l\u00e9t\u00e1n\u00ed. V aeroklubu z\u00edskal pilotn\u00ed pr\u016fkaz a u \u010deskoslovensk\u00e9ho letectva pro\u0161el v\u00fdcvikem na dvoum\u00edstn\u00fdch letounech. Za mobilizace slou\u017eil u pozorovac\u00ed letky, po okupaci se stal nakr\u00e1tko p\u0159\u00edslu\u0161n\u00edkem vl\u00e1dn\u00edho vojska, kter\u00e9 bral sp\u00ed\u0161e jako do\u010dasn\u00e9 \u0159e\u0161en\u00ed. V kv\u011btnu 1940 ode\u0161el z protektor\u00e1tu...\" \/>\n<meta property=\"og:url\" content=\"https:\/\/www.praha14.cz\/zivot-na-praze-14\/plk-i-m-metodej-sebela-dfc\/\" \/>\n<meta property=\"og:site_name\" content=\"\u017divot na Praze 14\" \/>\n<meta property=\"article:modified_time\" content=\"2026-02-02T07:06:06+00:00\" \/>\n<meta property=\"og:image\" content=\"https:\/\/www.praha14.cz\/app\/uploads\/sites\/4\/2014\/04\/sebela.jpg\" \/>\n\t<meta property=\"og:image:width\" content=\"281\" \/>\n\t<meta property=\"og:image:height\" content=\"400\" \/>\n\t<meta property=\"og:image:type\" content=\"image\/jpeg\" \/>\n<meta name=\"twitter:card\" content=\"summary_large_image\" \/>\n<meta name=\"twitter:label1\" content=\"Est. reading time\" \/>\n\t<meta name=\"twitter:data1\" content=\"2 minuty\" \/>\n<script type=\"application\/ld+json\" class=\"yoast-schema-graph\">{\"@context\":\"https:\/\/schema.org\",\"@graph\":[{\"@type\":\"WebPage\",\"@id\":\"https:\/\/www.praha14.cz\/zivot-na-praze-14\/plk-i-m-metodej-sebela-dfc\/\",\"url\":\"https:\/\/www.praha14.cz\/zivot-na-praze-14\/plk-i-m-metodej-sebela-dfc\/\",\"name\":\"METOD\u011aJ \u0160EBELA - \u017divot na Praze 14\",\"isPartOf\":{\"@id\":\"https:\/\/www.praha14.cz\/zivot-na-praze-14\/#website\"},\"primaryImageOfPage\":{\"@id\":\"https:\/\/www.praha14.cz\/zivot-na-praze-14\/plk-i-m-metodej-sebela-dfc\/#primaryimage\"},\"image\":{\"@id\":\"https:\/\/www.praha14.cz\/zivot-na-praze-14\/plk-i-m-metodej-sebela-dfc\/#primaryimage\"},\"thumbnailUrl\":\"https:\/\/www.praha14.cz\/app\/uploads\/sites\/4\/2014\/04\/sebela.jpg\",\"datePublished\":\"2014-05-12T16:52:56+00:00\",\"dateModified\":\"2026-02-02T07:06:06+00:00\",\"breadcrumb\":{\"@id\":\"https:\/\/www.praha14.cz\/zivot-na-praze-14\/plk-i-m-metodej-sebela-dfc\/#breadcrumb\"},\"inLanguage\":\"cs\",\"potentialAction\":[{\"@type\":\"ReadAction\",\"target\":[\"https:\/\/www.praha14.cz\/zivot-na-praze-14\/plk-i-m-metodej-sebela-dfc\/\"]}]},{\"@type\":\"ImageObject\",\"inLanguage\":\"cs\",\"@id\":\"https:\/\/www.praha14.cz\/zivot-na-praze-14\/plk-i-m-metodej-sebela-dfc\/#primaryimage\",\"url\":\"https:\/\/www.praha14.cz\/app\/uploads\/sites\/4\/2014\/04\/sebela.jpg\",\"contentUrl\":\"https:\/\/www.praha14.cz\/app\/uploads\/sites\/4\/2014\/04\/sebela.jpg\"},{\"@type\":\"BreadcrumbList\",\"@id\":\"https:\/\/www.praha14.cz\/zivot-na-praze-14\/plk-i-m-metodej-sebela-dfc\/#breadcrumb\",\"itemListElement\":[{\"@type\":\"ListItem\",\"position\":1,\"name\":\"\u017divot na Praze 14\",\"item\":\"https:\/\/www.praha14.cz\/zivot-na-praze-14\/\"},{\"@type\":\"ListItem\",\"position\":2,\"name\":\"METOD\u011aJ \u0160EBELA\"}]},{\"@type\":\"WebSite\",\"@id\":\"https:\/\/www.praha14.cz\/zivot-na-praze-14\/#website\",\"url\":\"https:\/\/www.praha14.cz\/zivot-na-praze-14\/\",\"name\":\"\u017divot na Praze 14\",\"description\":\"\",\"potentialAction\":[{\"@type\":\"SearchAction\",\"target\":{\"@type\":\"EntryPoint\",\"urlTemplate\":\"https:\/\/www.praha14.cz\/zivot-na-praze-14\/?s={search_term_string}\"},\"query-input\":{\"@type\":\"PropertyValueSpecification\",\"valueRequired\":true,\"valueName\":\"search_term_string\"}}],\"inLanguage\":\"cs\"}]}<\/script>\n<!-- \/ Yoast SEO plugin. -->","yoast_head_json":{"title":"METOD\u011aJ \u0160EBELA - \u017divot na Praze 14","robots":{"index":"index","follow":"follow","max-snippet":"max-snippet:-1","max-image-preview":"max-image-preview:large","max-video-preview":"max-video-preview:-1"},"canonical":"https:\/\/www.praha14.cz\/zivot-na-praze-14\/plk-i-m-metodej-sebela-dfc\/","og_locale":"cs_CZ","og_type":"article","og_title":"METOD\u011aJ \u0160EBELA - \u017divot na Praze 14","og_description":"Plk. i.m. METOD\u011aJ \u0160EBELA, DFC Metod\u011bj \u0160ebela se vyu\u010dil elektromechanikem, ale brzy ho p\u0159it\u00e1hlo l\u00e9t\u00e1n\u00ed. V aeroklubu z\u00edskal pilotn\u00ed pr\u016fkaz a u \u010deskoslovensk\u00e9ho letectva pro\u0161el v\u00fdcvikem na dvoum\u00edstn\u00fdch letounech. Za mobilizace slou\u017eil u pozorovac\u00ed letky, po okupaci se stal nakr\u00e1tko p\u0159\u00edslu\u0161n\u00edkem vl\u00e1dn\u00edho vojska, kter\u00e9 bral sp\u00ed\u0161e jako do\u010dasn\u00e9 \u0159e\u0161en\u00ed. V kv\u011btnu 1940 ode\u0161el z protektor\u00e1tu...","og_url":"https:\/\/www.praha14.cz\/zivot-na-praze-14\/plk-i-m-metodej-sebela-dfc\/","og_site_name":"\u017divot na Praze 14","article_modified_time":"2026-02-02T07:06:06+00:00","og_image":[{"width":281,"height":400,"url":"https:\/\/www.praha14.cz\/app\/uploads\/sites\/4\/2014\/04\/sebela.jpg","type":"image\/jpeg"}],"twitter_card":"summary_large_image","twitter_misc":{"Est. reading time":"2 minuty"},"schema":{"@context":"https:\/\/schema.org","@graph":[{"@type":"WebPage","@id":"https:\/\/www.praha14.cz\/zivot-na-praze-14\/plk-i-m-metodej-sebela-dfc\/","url":"https:\/\/www.praha14.cz\/zivot-na-praze-14\/plk-i-m-metodej-sebela-dfc\/","name":"METOD\u011aJ \u0160EBELA - \u017divot na Praze 14","isPartOf":{"@id":"https:\/\/www.praha14.cz\/zivot-na-praze-14\/#website"},"primaryImageOfPage":{"@id":"https:\/\/www.praha14.cz\/zivot-na-praze-14\/plk-i-m-metodej-sebela-dfc\/#primaryimage"},"image":{"@id":"https:\/\/www.praha14.cz\/zivot-na-praze-14\/plk-i-m-metodej-sebela-dfc\/#primaryimage"},"thumbnailUrl":"https:\/\/www.praha14.cz\/app\/uploads\/sites\/4\/2014\/04\/sebela.jpg","datePublished":"2014-05-12T16:52:56+00:00","dateModified":"2026-02-02T07:06:06+00:00","breadcrumb":{"@id":"https:\/\/www.praha14.cz\/zivot-na-praze-14\/plk-i-m-metodej-sebela-dfc\/#breadcrumb"},"inLanguage":"cs","potentialAction":[{"@type":"ReadAction","target":["https:\/\/www.praha14.cz\/zivot-na-praze-14\/plk-i-m-metodej-sebela-dfc\/"]}]},{"@type":"ImageObject","inLanguage":"cs","@id":"https:\/\/www.praha14.cz\/zivot-na-praze-14\/plk-i-m-metodej-sebela-dfc\/#primaryimage","url":"https:\/\/www.praha14.cz\/app\/uploads\/sites\/4\/2014\/04\/sebela.jpg","contentUrl":"https:\/\/www.praha14.cz\/app\/uploads\/sites\/4\/2014\/04\/sebela.jpg"},{"@type":"BreadcrumbList","@id":"https:\/\/www.praha14.cz\/zivot-na-praze-14\/plk-i-m-metodej-sebela-dfc\/#breadcrumb","itemListElement":[{"@type":"ListItem","position":1,"name":"\u017divot na Praze 14","item":"https:\/\/www.praha14.cz\/zivot-na-praze-14\/"},{"@type":"ListItem","position":2,"name":"METOD\u011aJ \u0160EBELA"}]},{"@type":"WebSite","@id":"https:\/\/www.praha14.cz\/zivot-na-praze-14\/#website","url":"https:\/\/www.praha14.cz\/zivot-na-praze-14\/","name":"\u017divot na Praze 14","description":"","potentialAction":[{"@type":"SearchAction","target":{"@type":"EntryPoint","urlTemplate":"https:\/\/www.praha14.cz\/zivot-na-praze-14\/?s={search_term_string}"},"query-input":{"@type":"PropertyValueSpecification","valueRequired":true,"valueName":"search_term_string"}}],"inLanguage":"cs"}]}},"_links":{"self":[{"href":"https:\/\/www.praha14.cz\/zivot-na-praze-14\/wp-json\/wp\/v2\/pages\/2196","targetHints":{"allow":["GET"]}}],"collection":[{"href":"https:\/\/www.praha14.cz\/zivot-na-praze-14\/wp-json\/wp\/v2\/pages"}],"about":[{"href":"https:\/\/www.praha14.cz\/zivot-na-praze-14\/wp-json\/wp\/v2\/types\/page"}],"author":[{"embeddable":true,"href":"https:\/\/www.praha14.cz\/zivot-na-praze-14\/wp-json\/wp\/v2\/users\/1"}],"replies":[{"embeddable":true,"href":"https:\/\/www.praha14.cz\/zivot-na-praze-14\/wp-json\/wp\/v2\/comments?post=2196"}],"version-history":[{"count":3,"href":"https:\/\/www.praha14.cz\/zivot-na-praze-14\/wp-json\/wp\/v2\/pages\/2196\/revisions"}],"predecessor-version":[{"id":73899,"href":"https:\/\/www.praha14.cz\/zivot-na-praze-14\/wp-json\/wp\/v2\/pages\/2196\/revisions\/73899"}],"wp:attachment":[{"href":"https:\/\/www.praha14.cz\/zivot-na-praze-14\/wp-json\/wp\/v2\/media?parent=2196"}],"curies":[{"name":"wp","href":"https:\/\/api.w.org\/{rel}","templated":true}]}}