{"id":2206,"date":"2014-05-12T18:00:02","date_gmt":"2014-05-12T17:00:02","guid":{"rendered":"https:\/\/www.praha14.cz\/zivot-na-praze-14\/?page_id=2206"},"modified":"2026-02-02T08:47:25","modified_gmt":"2026-02-02T08:47:25","slug":"generalmajor-i-m-tomas-vybiral-dso-dfc","status":"publish","type":"page","link":"https:\/\/www.praha14.cz\/zivot-na-praze-14\/generalmajor-i-m-tomas-vybiral-dso-dfc\/","title":{"rendered":"TOM\u00c1\u0160 VYB\u00cdRAL"},"content":{"rendered":"<p><a href=\"https:\/\/www.praha14.cz\/app\/uploads\/sites\/4\/2014\/04\/vybiral.jpg\" data-rel=\"lightbox-image-0\" data-rl_title=\"\" data-rl_caption=\"\" title=\"\"><img loading=\"lazy\" decoding=\"async\" class=\"alignright size-full wp-image-2161\" src=\"https:\/\/www.praha14.cz\/app\/uploads\/sites\/4\/2014\/04\/vybiral.jpg\" alt=\"vybiral\" width=\"283\" height=\"400\" srcset=\"https:\/\/www.praha14.cz\/app\/uploads\/sites\/4\/2014\/04\/vybiral.jpg 283w, https:\/\/www.praha14.cz\/app\/uploads\/sites\/4\/2014\/04\/vybiral-261x370.jpg 261w\" sizes=\"(max-width: 283px) 100vw, 283px\" \/><\/a><strong>Gener\u00e1lmajor i.m. TOM\u00c1\u0160 VYB\u00cdRAL, DSO, DFC<\/strong><\/p>\n<p>Tom\u00e1\u0161 Vyb\u00edral pat\u0159il k nejv\u00fdznamn\u011bj\u0161\u00edm \u010deskoslovensk\u00fdm st\u00edhac\u00edm pilot\u016fm 2. sv\u011btov\u00e9 v\u00e1lky. Narodil se u Uhersk\u00e9ho Hradi\u0161t\u011b a po maturit\u011b v B\u0159eclavi vstoupil do vojensk\u00e9 slu\u017eby jako leteck\u00fd pozorovatel v Prost\u011bjov\u011b. Brzy se rozhodl pro kari\u00e9ru profesion\u00e1ln\u00edho letce, absolvoval Vojenskou akademii a stal se pilotem. Po n\u011bmeck\u00e9 okupaci uprchl p\u0159es Polsko do Francie a zapojil se do boj\u016f s Luftwaffe. B\u011bhem bitvy o Francii nal\u00e9tal des\u00edtky opera\u010dn\u00edch hodin a p\u0159ipsal si sedm sest\u0159el\u016f nep\u0159\u00e1telsk\u00fdch letadel, za co\u017e obdr\u017eel francouzsk\u00e9 vyznamen\u00e1n\u00ed Croix de Guerre a \u0158\u00e1d \u010destn\u00e9 legie. Po p\u00e1du Francie odplul do Velk\u00e9 Brit\u00e1nie a stal se jedn\u00edm ze zakl\u00e1daj\u00edc\u00edch \u010dlen\u016f 312. \u010deskoslovensk\u00e9 st\u00edhac\u00ed perut\u011b RAF.<\/p>\n<p>V RAF p\u016fsobil v\u00edce ne\u017e \u010dty\u0159i roky, l\u00e9tal v bitv\u011b o Brit\u00e1nii, p\u0159i ochran\u011b britsk\u00e9ho \u00fazem\u00ed i v podp\u016frn\u00fdch operac\u00edch v\u010detn\u011b invaze v Normandii. Pokud jde o sest\u0159ely, tak ve Velk\u00e9 Brit\u00e1nii ji\u017e nem\u011bl \u0161t\u011bst\u00ed na to, aby zv\u00fd\u0161il sk\u00f3re z Francie, p\u0159esto\u017ee l\u00e9tal velice intenzivn\u011b a o dramatick\u00e9 situace rozhodn\u011b nem\u011bl nouzi. Nejednou visel jeho \u017eivot na vl\u00e1sku: dvakr\u00e1t se dom\u016f vr\u00e1til s letounem \u00fapln\u011b rozst\u0159\u00edlen\u00fdm v boji a dvakr\u00e1t byl nucen vyzkou\u0161et bezvadnou funkci sv\u00e9ho pad\u00e1ku. Postupn\u011b se vypracoval a\u017e na velitele k\u0159\u00eddla a za sv\u00e9 velen\u00ed a odvahu z\u00edskal presti\u017en\u00ed britsk\u00e1 vyznamen\u00e1n\u00ed Distinguished Service Order (DSO) a Distinguished Flying Cross (DFC).<\/p>\n<p>Po skon\u010den\u00ed v\u00e1lky se Vyb\u00edral vr\u00e1til do \u010cSR a pokra\u010doval v arm\u00e1dn\u00ed kari\u00e9\u0159e, ale po roce 1948 byl z politick\u00fdch d\u016fvod\u016f degradov\u00e1n a donucen emigrovat zp\u011bt do Velk\u00e9 Brit\u00e1nie. Tam se zapojil do exilov\u00e9ho odboje proti komunistick\u00e9mu re\u017eimu a p\u016fsobil v exilov\u00fdch organizac\u00edch. Zem\u0159el v Lond\u00fdn\u011b v roce 1981 a je pochov\u00e1n na \u010deskoslovensk\u00e9m vojensk\u00e9m h\u0159bitov\u011b v Brookwoodu. Po sametov\u00e9 revoluci mu byla navr\u00e1cena hodnost a byl pov\u00fd\u0161en na gener\u00e1lmajora in memoriam.<\/p>\n","protected":false},"excerpt":{"rendered":"<p>Gener\u00e1lmajor i.m. TOM\u00c1\u0160 VYB\u00cdRAL, DSO, DFC Tom\u00e1\u0161 Vyb\u00edral pat\u0159il k nejv\u00fdznamn\u011bj\u0161\u00edm \u010deskoslovensk\u00fdm st\u00edhac\u00edm pilot\u016fm 2. sv\u011btov\u00e9 v\u00e1lky. Narodil se u Uhersk\u00e9ho Hradi\u0161t\u011b a po maturit\u011b v B\u0159eclavi vstoupil do vojensk\u00e9 slu\u017eby jako leteck\u00fd pozorovatel v Prost\u011bjov\u011b. Brzy se rozhodl pro kari\u00e9ru profesion\u00e1ln\u00edho letce, absolvoval Vojenskou akademii a stal se pilotem. Po n\u011bmeck\u00e9 okupaci uprchl p\u0159es&#8230;<\/p>\n","protected":false},"author":1,"featured_media":0,"parent":0,"menu_order":0,"comment_status":"closed","ping_status":"open","template":"","meta":{"_acf_changed":false,"footnotes":""},"class_list":["post-2206","page","type-page","status-publish","hentry"],"acf":[],"yoast_head":"<!-- This site is optimized with the Yoast SEO plugin v27.2 - https:\/\/yoast.com\/product\/yoast-seo-wordpress\/ -->\n<title>TOM\u00c1\u0160 VYB\u00cdRAL - \u017divot na Praze 14<\/title>\n<meta name=\"robots\" content=\"index, follow, max-snippet:-1, max-image-preview:large, max-video-preview:-1\" \/>\n<link rel=\"canonical\" href=\"https:\/\/www.praha14.cz\/zivot-na-praze-14\/generalmajor-i-m-tomas-vybiral-dso-dfc\/\" \/>\n<meta property=\"og:locale\" content=\"cs_CZ\" \/>\n<meta property=\"og:type\" content=\"article\" \/>\n<meta property=\"og:title\" content=\"TOM\u00c1\u0160 VYB\u00cdRAL - \u017divot na Praze 14\" \/>\n<meta property=\"og:description\" content=\"Gener\u00e1lmajor i.m. TOM\u00c1\u0160 VYB\u00cdRAL, DSO, DFC Tom\u00e1\u0161 Vyb\u00edral pat\u0159il k nejv\u00fdznamn\u011bj\u0161\u00edm \u010deskoslovensk\u00fdm st\u00edhac\u00edm pilot\u016fm 2. sv\u011btov\u00e9 v\u00e1lky. Narodil se u Uhersk\u00e9ho Hradi\u0161t\u011b a po maturit\u011b v B\u0159eclavi vstoupil do vojensk\u00e9 slu\u017eby jako leteck\u00fd pozorovatel v Prost\u011bjov\u011b. Brzy se rozhodl pro kari\u00e9ru profesion\u00e1ln\u00edho letce, absolvoval Vojenskou akademii a stal se pilotem. Po n\u011bmeck\u00e9 okupaci uprchl p\u0159es...\" \/>\n<meta property=\"og:url\" content=\"https:\/\/www.praha14.cz\/zivot-na-praze-14\/generalmajor-i-m-tomas-vybiral-dso-dfc\/\" \/>\n<meta property=\"og:site_name\" content=\"\u017divot na Praze 14\" \/>\n<meta property=\"article:modified_time\" content=\"2026-02-02T08:47:25+00:00\" \/>\n<meta property=\"og:image\" content=\"https:\/\/www.praha14.cz\/app\/uploads\/sites\/4\/2014\/04\/vybiral.jpg\" \/>\n\t<meta property=\"og:image:width\" content=\"283\" \/>\n\t<meta property=\"og:image:height\" content=\"400\" \/>\n\t<meta property=\"og:image:type\" content=\"image\/jpeg\" \/>\n<meta name=\"twitter:card\" content=\"summary_large_image\" \/>\n<meta name=\"twitter:label1\" content=\"Est. reading time\" \/>\n\t<meta name=\"twitter:data1\" content=\"2 minuty\" \/>\n<script type=\"application\/ld+json\" class=\"yoast-schema-graph\">{\"@context\":\"https:\/\/schema.org\",\"@graph\":[{\"@type\":\"WebPage\",\"@id\":\"https:\/\/www.praha14.cz\/zivot-na-praze-14\/generalmajor-i-m-tomas-vybiral-dso-dfc\/\",\"url\":\"https:\/\/www.praha14.cz\/zivot-na-praze-14\/generalmajor-i-m-tomas-vybiral-dso-dfc\/\",\"name\":\"TOM\u00c1\u0160 VYB\u00cdRAL - \u017divot na Praze 14\",\"isPartOf\":{\"@id\":\"https:\/\/www.praha14.cz\/zivot-na-praze-14\/#website\"},\"primaryImageOfPage\":{\"@id\":\"https:\/\/www.praha14.cz\/zivot-na-praze-14\/generalmajor-i-m-tomas-vybiral-dso-dfc\/#primaryimage\"},\"image\":{\"@id\":\"https:\/\/www.praha14.cz\/zivot-na-praze-14\/generalmajor-i-m-tomas-vybiral-dso-dfc\/#primaryimage\"},\"thumbnailUrl\":\"https:\/\/www.praha14.cz\/app\/uploads\/sites\/4\/2014\/04\/vybiral.jpg\",\"datePublished\":\"2014-05-12T17:00:02+00:00\",\"dateModified\":\"2026-02-02T08:47:25+00:00\",\"breadcrumb\":{\"@id\":\"https:\/\/www.praha14.cz\/zivot-na-praze-14\/generalmajor-i-m-tomas-vybiral-dso-dfc\/#breadcrumb\"},\"inLanguage\":\"cs\",\"potentialAction\":[{\"@type\":\"ReadAction\",\"target\":[\"https:\/\/www.praha14.cz\/zivot-na-praze-14\/generalmajor-i-m-tomas-vybiral-dso-dfc\/\"]}]},{\"@type\":\"ImageObject\",\"inLanguage\":\"cs\",\"@id\":\"https:\/\/www.praha14.cz\/zivot-na-praze-14\/generalmajor-i-m-tomas-vybiral-dso-dfc\/#primaryimage\",\"url\":\"https:\/\/www.praha14.cz\/app\/uploads\/sites\/4\/2014\/04\/vybiral.jpg\",\"contentUrl\":\"https:\/\/www.praha14.cz\/app\/uploads\/sites\/4\/2014\/04\/vybiral.jpg\"},{\"@type\":\"BreadcrumbList\",\"@id\":\"https:\/\/www.praha14.cz\/zivot-na-praze-14\/generalmajor-i-m-tomas-vybiral-dso-dfc\/#breadcrumb\",\"itemListElement\":[{\"@type\":\"ListItem\",\"position\":1,\"name\":\"\u017divot na Praze 14\",\"item\":\"https:\/\/www.praha14.cz\/zivot-na-praze-14\/\"},{\"@type\":\"ListItem\",\"position\":2,\"name\":\"TOM\u00c1\u0160 VYB\u00cdRAL\"}]},{\"@type\":\"WebSite\",\"@id\":\"https:\/\/www.praha14.cz\/zivot-na-praze-14\/#website\",\"url\":\"https:\/\/www.praha14.cz\/zivot-na-praze-14\/\",\"name\":\"\u017divot na Praze 14\",\"description\":\"\",\"potentialAction\":[{\"@type\":\"SearchAction\",\"target\":{\"@type\":\"EntryPoint\",\"urlTemplate\":\"https:\/\/www.praha14.cz\/zivot-na-praze-14\/?s={search_term_string}\"},\"query-input\":{\"@type\":\"PropertyValueSpecification\",\"valueRequired\":true,\"valueName\":\"search_term_string\"}}],\"inLanguage\":\"cs\"}]}<\/script>\n<!-- \/ Yoast SEO plugin. -->","yoast_head_json":{"title":"TOM\u00c1\u0160 VYB\u00cdRAL - \u017divot na Praze 14","robots":{"index":"index","follow":"follow","max-snippet":"max-snippet:-1","max-image-preview":"max-image-preview:large","max-video-preview":"max-video-preview:-1"},"canonical":"https:\/\/www.praha14.cz\/zivot-na-praze-14\/generalmajor-i-m-tomas-vybiral-dso-dfc\/","og_locale":"cs_CZ","og_type":"article","og_title":"TOM\u00c1\u0160 VYB\u00cdRAL - \u017divot na Praze 14","og_description":"Gener\u00e1lmajor i.m. TOM\u00c1\u0160 VYB\u00cdRAL, DSO, DFC Tom\u00e1\u0161 Vyb\u00edral pat\u0159il k nejv\u00fdznamn\u011bj\u0161\u00edm \u010deskoslovensk\u00fdm st\u00edhac\u00edm pilot\u016fm 2. sv\u011btov\u00e9 v\u00e1lky. Narodil se u Uhersk\u00e9ho Hradi\u0161t\u011b a po maturit\u011b v B\u0159eclavi vstoupil do vojensk\u00e9 slu\u017eby jako leteck\u00fd pozorovatel v Prost\u011bjov\u011b. Brzy se rozhodl pro kari\u00e9ru profesion\u00e1ln\u00edho letce, absolvoval Vojenskou akademii a stal se pilotem. Po n\u011bmeck\u00e9 okupaci uprchl p\u0159es...","og_url":"https:\/\/www.praha14.cz\/zivot-na-praze-14\/generalmajor-i-m-tomas-vybiral-dso-dfc\/","og_site_name":"\u017divot na Praze 14","article_modified_time":"2026-02-02T08:47:25+00:00","og_image":[{"width":283,"height":400,"url":"https:\/\/www.praha14.cz\/app\/uploads\/sites\/4\/2014\/04\/vybiral.jpg","type":"image\/jpeg"}],"twitter_card":"summary_large_image","twitter_misc":{"Est. reading time":"2 minuty"},"schema":{"@context":"https:\/\/schema.org","@graph":[{"@type":"WebPage","@id":"https:\/\/www.praha14.cz\/zivot-na-praze-14\/generalmajor-i-m-tomas-vybiral-dso-dfc\/","url":"https:\/\/www.praha14.cz\/zivot-na-praze-14\/generalmajor-i-m-tomas-vybiral-dso-dfc\/","name":"TOM\u00c1\u0160 VYB\u00cdRAL - \u017divot na Praze 14","isPartOf":{"@id":"https:\/\/www.praha14.cz\/zivot-na-praze-14\/#website"},"primaryImageOfPage":{"@id":"https:\/\/www.praha14.cz\/zivot-na-praze-14\/generalmajor-i-m-tomas-vybiral-dso-dfc\/#primaryimage"},"image":{"@id":"https:\/\/www.praha14.cz\/zivot-na-praze-14\/generalmajor-i-m-tomas-vybiral-dso-dfc\/#primaryimage"},"thumbnailUrl":"https:\/\/www.praha14.cz\/app\/uploads\/sites\/4\/2014\/04\/vybiral.jpg","datePublished":"2014-05-12T17:00:02+00:00","dateModified":"2026-02-02T08:47:25+00:00","breadcrumb":{"@id":"https:\/\/www.praha14.cz\/zivot-na-praze-14\/generalmajor-i-m-tomas-vybiral-dso-dfc\/#breadcrumb"},"inLanguage":"cs","potentialAction":[{"@type":"ReadAction","target":["https:\/\/www.praha14.cz\/zivot-na-praze-14\/generalmajor-i-m-tomas-vybiral-dso-dfc\/"]}]},{"@type":"ImageObject","inLanguage":"cs","@id":"https:\/\/www.praha14.cz\/zivot-na-praze-14\/generalmajor-i-m-tomas-vybiral-dso-dfc\/#primaryimage","url":"https:\/\/www.praha14.cz\/app\/uploads\/sites\/4\/2014\/04\/vybiral.jpg","contentUrl":"https:\/\/www.praha14.cz\/app\/uploads\/sites\/4\/2014\/04\/vybiral.jpg"},{"@type":"BreadcrumbList","@id":"https:\/\/www.praha14.cz\/zivot-na-praze-14\/generalmajor-i-m-tomas-vybiral-dso-dfc\/#breadcrumb","itemListElement":[{"@type":"ListItem","position":1,"name":"\u017divot na Praze 14","item":"https:\/\/www.praha14.cz\/zivot-na-praze-14\/"},{"@type":"ListItem","position":2,"name":"TOM\u00c1\u0160 VYB\u00cdRAL"}]},{"@type":"WebSite","@id":"https:\/\/www.praha14.cz\/zivot-na-praze-14\/#website","url":"https:\/\/www.praha14.cz\/zivot-na-praze-14\/","name":"\u017divot na Praze 14","description":"","potentialAction":[{"@type":"SearchAction","target":{"@type":"EntryPoint","urlTemplate":"https:\/\/www.praha14.cz\/zivot-na-praze-14\/?s={search_term_string}"},"query-input":{"@type":"PropertyValueSpecification","valueRequired":true,"valueName":"search_term_string"}}],"inLanguage":"cs"}]}},"_links":{"self":[{"href":"https:\/\/www.praha14.cz\/zivot-na-praze-14\/wp-json\/wp\/v2\/pages\/2206","targetHints":{"allow":["GET"]}}],"collection":[{"href":"https:\/\/www.praha14.cz\/zivot-na-praze-14\/wp-json\/wp\/v2\/pages"}],"about":[{"href":"https:\/\/www.praha14.cz\/zivot-na-praze-14\/wp-json\/wp\/v2\/types\/page"}],"author":[{"embeddable":true,"href":"https:\/\/www.praha14.cz\/zivot-na-praze-14\/wp-json\/wp\/v2\/users\/1"}],"replies":[{"embeddable":true,"href":"https:\/\/www.praha14.cz\/zivot-na-praze-14\/wp-json\/wp\/v2\/comments?post=2206"}],"version-history":[{"count":3,"href":"https:\/\/www.praha14.cz\/zivot-na-praze-14\/wp-json\/wp\/v2\/pages\/2206\/revisions"}],"predecessor-version":[{"id":73910,"href":"https:\/\/www.praha14.cz\/zivot-na-praze-14\/wp-json\/wp\/v2\/pages\/2206\/revisions\/73910"}],"wp:attachment":[{"href":"https:\/\/www.praha14.cz\/zivot-na-praze-14\/wp-json\/wp\/v2\/media?parent=2206"}],"curies":[{"name":"wp","href":"https:\/\/api.w.org\/{rel}","templated":true}]}}