{"id":2208,"date":"2014-05-12T18:01:59","date_gmt":"2014-05-12T17:01:59","guid":{"rendered":"https:\/\/www.praha14.cz\/zivot-na-praze-14\/?page_id=2208"},"modified":"2026-02-02T08:38:39","modified_gmt":"2026-02-02T08:38:39","slug":"plukovnik-vaclav-vlcek","status":"publish","type":"page","link":"https:\/\/www.praha14.cz\/zivot-na-praze-14\/plukovnik-vaclav-vlcek\/","title":{"rendered":"V\u00c1CLAV VL\u010cEK"},"content":{"rendered":"<p><strong>Plk. V\u00e1clav Vl\u010dek<\/strong><\/p>\n<p><a href=\"https:\/\/www.praha14.cz\/app\/uploads\/sites\/4\/2014\/04\/vlcek.jpg\" data-rel=\"lightbox-image-0\" data-rl_title=\"\" data-rl_caption=\"\" title=\"\"><img loading=\"lazy\" decoding=\"async\" class=\"alignright size-full wp-image-2160\" src=\"https:\/\/www.praha14.cz\/app\/uploads\/sites\/4\/2014\/04\/vlcek.jpg\" alt=\"vlcek\" width=\"184\" height=\"254\" \/><\/a>Po pilotu V\u00e1clavu Vl\u010dkovi nen\u00ed pojmenov\u00e1na ulice, ale n\u00e1m\u011bst\u00ed, na kter\u00e9m najdete Galerii 14. I kdy\u017e byl V\u00e1clav Vl\u010dek pilot, byl o generaci star\u0161\u00ed a s\u00e1m do RAF nikdy nevstoupil. Nicm\u00e9n\u011b napomohl tomu, \u017ee mlad\u0161\u00ed piloti ano. Vl\u010dek pat\u0159il k v\u00fdrazn\u00fdm osobnostem prvn\u00ed generace \u010deskoslovensk\u00fdch letc\u016f, b\u011bhem prvn\u00ed sv\u011btov\u00e9 v\u00e1lky slou\u017eil u balonov\u00e9ho odd\u00edlu, s n\u00edm\u017e pro\u0161el n\u011bkolik front.<\/p>\n<p>Vl\u010dkova kari\u00e9ra byla pln\u00e1 dramatick\u00fdch okam\u017eik\u016f. V roce 1920 musel p\u0159ist\u00e1t na ma\u010farsk\u00e9m \u00fazem\u00ed, kde byl odsouzen k smrti. Propu\u0161t\u011bn byl a\u017e po v\u00edce ne\u017e roce. V letech 1925\u20131927 absolvoval speci\u00e1ln\u00ed v\u00fdcvik ve Francii a jako instruktor vedl \u010deskoslovensk\u00e9 letce. Z\u00edskal uzn\u00e1n\u00ed i za sportovn\u00ed \u00fasp\u011bchy \u2014 dvakr\u00e1t p\u0159ekonal sv\u011btov\u00fd rekord ve vytrvalostn\u00edm letu na uzav\u0159en\u00e9m okruhu. Ve t\u0159ic\u00e1t\u00fdch letech byl jmenov\u00e1n velitelem prvn\u00ed perut\u011b a p\u0159edsedou Svazu letc\u016f. Prezidentu Bene\u0161ovi p\u0159ednesl manifest \u201eslib letc\u016f n\u00e1rodu\u201c jako v\u00fdzvu k pos\u00edlen\u00ed obrany st\u00e1tu. Za druh\u00e9 sv\u011btov\u00e9 v\u00e1lky pom\u00e1hal organizovat odchod letc\u016f do zahrani\u010d\u00ed a zapojil se i do odboje. B\u011bhem pra\u017esk\u00e9ho povst\u00e1n\u00ed v roce 1945 vedl skupinu vlastenc\u016f p\u0159i osvobozov\u00e1n\u00ed tov\u00e1rny Walter Jinonice, kde utrp\u011bl v\u00e1\u017en\u00e9 zran\u011bn\u00ed oka. T\u00edm skon\u010dila jeho kari\u00e9ra pilota.<\/p>\n<p>Po v\u00e1lce pokra\u010doval ve slu\u017eb\u011b, ale po \u00fanoru 1948 \u010delil perzekuci ze strany komunistick\u00e9ho re\u017eimu. Byl zat\u010den, ve vykonstruovan\u00e9m procesu odsouzen za velezradu a degradov\u00e1n; dlouh\u00e1 l\u00e9ta pracoval mimo arm\u00e1du jako d\u011bln\u00edk. Zem\u0159el v Praze ve v\u011bku 79 let.<\/p>\n","protected":false},"excerpt":{"rendered":"<p>Plk. V\u00e1clav Vl\u010dek Po pilotu V\u00e1clavu Vl\u010dkovi nen\u00ed pojmenov\u00e1na ulice, ale n\u00e1m\u011bst\u00ed, na kter\u00e9m najdete Galerii 14. I kdy\u017e byl V\u00e1clav Vl\u010dek pilot, byl o generaci star\u0161\u00ed a s\u00e1m do RAF nikdy nevstoupil. Nicm\u00e9n\u011b napomohl tomu, \u017ee mlad\u0161\u00ed piloti ano. Vl\u010dek pat\u0159il k v\u00fdrazn\u00fdm osobnostem prvn\u00ed generace \u010deskoslovensk\u00fdch letc\u016f, b\u011bhem prvn\u00ed sv\u011btov\u00e9 v\u00e1lky slou\u017eil u&#8230;<\/p>\n","protected":false},"author":1,"featured_media":0,"parent":0,"menu_order":0,"comment_status":"closed","ping_status":"open","template":"","meta":{"_acf_changed":false,"footnotes":""},"class_list":["post-2208","page","type-page","status-publish","hentry"],"acf":[],"yoast_head":"<!-- This site is optimized with the Yoast SEO plugin v27.2 - https:\/\/yoast.com\/product\/yoast-seo-wordpress\/ -->\n<title>V\u00c1CLAV VL\u010cEK - \u017divot na Praze 14<\/title>\n<meta name=\"robots\" content=\"index, follow, max-snippet:-1, max-image-preview:large, max-video-preview:-1\" \/>\n<link rel=\"canonical\" href=\"https:\/\/www.praha14.cz\/zivot-na-praze-14\/plukovnik-vaclav-vlcek\/\" \/>\n<meta property=\"og:locale\" content=\"cs_CZ\" \/>\n<meta property=\"og:type\" content=\"article\" \/>\n<meta property=\"og:title\" content=\"V\u00c1CLAV VL\u010cEK - \u017divot na Praze 14\" \/>\n<meta property=\"og:description\" content=\"Plk. V\u00e1clav Vl\u010dek Po pilotu V\u00e1clavu Vl\u010dkovi nen\u00ed pojmenov\u00e1na ulice, ale n\u00e1m\u011bst\u00ed, na kter\u00e9m najdete Galerii 14. I kdy\u017e byl V\u00e1clav Vl\u010dek pilot, byl o generaci star\u0161\u00ed a s\u00e1m do RAF nikdy nevstoupil. Nicm\u00e9n\u011b napomohl tomu, \u017ee mlad\u0161\u00ed piloti ano. Vl\u010dek pat\u0159il k v\u00fdrazn\u00fdm osobnostem prvn\u00ed generace \u010deskoslovensk\u00fdch letc\u016f, b\u011bhem prvn\u00ed sv\u011btov\u00e9 v\u00e1lky slou\u017eil u...\" \/>\n<meta property=\"og:url\" content=\"https:\/\/www.praha14.cz\/zivot-na-praze-14\/plukovnik-vaclav-vlcek\/\" \/>\n<meta property=\"og:site_name\" content=\"\u017divot na Praze 14\" \/>\n<meta property=\"article:modified_time\" content=\"2026-02-02T08:38:39+00:00\" \/>\n<meta property=\"og:image\" content=\"https:\/\/www.praha14.cz\/app\/uploads\/sites\/4\/2014\/04\/vlcek.jpg\" \/>\n\t<meta property=\"og:image:width\" content=\"184\" \/>\n\t<meta property=\"og:image:height\" content=\"254\" \/>\n\t<meta property=\"og:image:type\" content=\"image\/jpeg\" \/>\n<meta name=\"twitter:card\" content=\"summary_large_image\" \/>\n<meta name=\"twitter:label1\" content=\"Est. reading time\" \/>\n\t<meta name=\"twitter:data1\" content=\"2 minuty\" \/>\n<script type=\"application\/ld+json\" class=\"yoast-schema-graph\">{\"@context\":\"https:\/\/schema.org\",\"@graph\":[{\"@type\":\"WebPage\",\"@id\":\"https:\/\/www.praha14.cz\/zivot-na-praze-14\/plukovnik-vaclav-vlcek\/\",\"url\":\"https:\/\/www.praha14.cz\/zivot-na-praze-14\/plukovnik-vaclav-vlcek\/\",\"name\":\"V\u00c1CLAV VL\u010cEK - \u017divot na Praze 14\",\"isPartOf\":{\"@id\":\"https:\/\/www.praha14.cz\/zivot-na-praze-14\/#website\"},\"primaryImageOfPage\":{\"@id\":\"https:\/\/www.praha14.cz\/zivot-na-praze-14\/plukovnik-vaclav-vlcek\/#primaryimage\"},\"image\":{\"@id\":\"https:\/\/www.praha14.cz\/zivot-na-praze-14\/plukovnik-vaclav-vlcek\/#primaryimage\"},\"thumbnailUrl\":\"https:\/\/www.praha14.cz\/app\/uploads\/sites\/4\/2014\/04\/vlcek.jpg\",\"datePublished\":\"2014-05-12T17:01:59+00:00\",\"dateModified\":\"2026-02-02T08:38:39+00:00\",\"breadcrumb\":{\"@id\":\"https:\/\/www.praha14.cz\/zivot-na-praze-14\/plukovnik-vaclav-vlcek\/#breadcrumb\"},\"inLanguage\":\"cs\",\"potentialAction\":[{\"@type\":\"ReadAction\",\"target\":[\"https:\/\/www.praha14.cz\/zivot-na-praze-14\/plukovnik-vaclav-vlcek\/\"]}]},{\"@type\":\"ImageObject\",\"inLanguage\":\"cs\",\"@id\":\"https:\/\/www.praha14.cz\/zivot-na-praze-14\/plukovnik-vaclav-vlcek\/#primaryimage\",\"url\":\"https:\/\/www.praha14.cz\/app\/uploads\/sites\/4\/2014\/04\/vlcek.jpg\",\"contentUrl\":\"https:\/\/www.praha14.cz\/app\/uploads\/sites\/4\/2014\/04\/vlcek.jpg\"},{\"@type\":\"BreadcrumbList\",\"@id\":\"https:\/\/www.praha14.cz\/zivot-na-praze-14\/plukovnik-vaclav-vlcek\/#breadcrumb\",\"itemListElement\":[{\"@type\":\"ListItem\",\"position\":1,\"name\":\"\u017divot na Praze 14\",\"item\":\"https:\/\/www.praha14.cz\/zivot-na-praze-14\/\"},{\"@type\":\"ListItem\",\"position\":2,\"name\":\"V\u00c1CLAV VL\u010cEK\"}]},{\"@type\":\"WebSite\",\"@id\":\"https:\/\/www.praha14.cz\/zivot-na-praze-14\/#website\",\"url\":\"https:\/\/www.praha14.cz\/zivot-na-praze-14\/\",\"name\":\"\u017divot na Praze 14\",\"description\":\"\",\"potentialAction\":[{\"@type\":\"SearchAction\",\"target\":{\"@type\":\"EntryPoint\",\"urlTemplate\":\"https:\/\/www.praha14.cz\/zivot-na-praze-14\/?s={search_term_string}\"},\"query-input\":{\"@type\":\"PropertyValueSpecification\",\"valueRequired\":true,\"valueName\":\"search_term_string\"}}],\"inLanguage\":\"cs\"}]}<\/script>\n<!-- \/ Yoast SEO plugin. -->","yoast_head_json":{"title":"V\u00c1CLAV VL\u010cEK - \u017divot na Praze 14","robots":{"index":"index","follow":"follow","max-snippet":"max-snippet:-1","max-image-preview":"max-image-preview:large","max-video-preview":"max-video-preview:-1"},"canonical":"https:\/\/www.praha14.cz\/zivot-na-praze-14\/plukovnik-vaclav-vlcek\/","og_locale":"cs_CZ","og_type":"article","og_title":"V\u00c1CLAV VL\u010cEK - \u017divot na Praze 14","og_description":"Plk. V\u00e1clav Vl\u010dek Po pilotu V\u00e1clavu Vl\u010dkovi nen\u00ed pojmenov\u00e1na ulice, ale n\u00e1m\u011bst\u00ed, na kter\u00e9m najdete Galerii 14. I kdy\u017e byl V\u00e1clav Vl\u010dek pilot, byl o generaci star\u0161\u00ed a s\u00e1m do RAF nikdy nevstoupil. Nicm\u00e9n\u011b napomohl tomu, \u017ee mlad\u0161\u00ed piloti ano. Vl\u010dek pat\u0159il k v\u00fdrazn\u00fdm osobnostem prvn\u00ed generace \u010deskoslovensk\u00fdch letc\u016f, b\u011bhem prvn\u00ed sv\u011btov\u00e9 v\u00e1lky slou\u017eil u...","og_url":"https:\/\/www.praha14.cz\/zivot-na-praze-14\/plukovnik-vaclav-vlcek\/","og_site_name":"\u017divot na Praze 14","article_modified_time":"2026-02-02T08:38:39+00:00","og_image":[{"width":184,"height":254,"url":"https:\/\/www.praha14.cz\/app\/uploads\/sites\/4\/2014\/04\/vlcek.jpg","type":"image\/jpeg"}],"twitter_card":"summary_large_image","twitter_misc":{"Est. reading time":"2 minuty"},"schema":{"@context":"https:\/\/schema.org","@graph":[{"@type":"WebPage","@id":"https:\/\/www.praha14.cz\/zivot-na-praze-14\/plukovnik-vaclav-vlcek\/","url":"https:\/\/www.praha14.cz\/zivot-na-praze-14\/plukovnik-vaclav-vlcek\/","name":"V\u00c1CLAV VL\u010cEK - \u017divot na Praze 14","isPartOf":{"@id":"https:\/\/www.praha14.cz\/zivot-na-praze-14\/#website"},"primaryImageOfPage":{"@id":"https:\/\/www.praha14.cz\/zivot-na-praze-14\/plukovnik-vaclav-vlcek\/#primaryimage"},"image":{"@id":"https:\/\/www.praha14.cz\/zivot-na-praze-14\/plukovnik-vaclav-vlcek\/#primaryimage"},"thumbnailUrl":"https:\/\/www.praha14.cz\/app\/uploads\/sites\/4\/2014\/04\/vlcek.jpg","datePublished":"2014-05-12T17:01:59+00:00","dateModified":"2026-02-02T08:38:39+00:00","breadcrumb":{"@id":"https:\/\/www.praha14.cz\/zivot-na-praze-14\/plukovnik-vaclav-vlcek\/#breadcrumb"},"inLanguage":"cs","potentialAction":[{"@type":"ReadAction","target":["https:\/\/www.praha14.cz\/zivot-na-praze-14\/plukovnik-vaclav-vlcek\/"]}]},{"@type":"ImageObject","inLanguage":"cs","@id":"https:\/\/www.praha14.cz\/zivot-na-praze-14\/plukovnik-vaclav-vlcek\/#primaryimage","url":"https:\/\/www.praha14.cz\/app\/uploads\/sites\/4\/2014\/04\/vlcek.jpg","contentUrl":"https:\/\/www.praha14.cz\/app\/uploads\/sites\/4\/2014\/04\/vlcek.jpg"},{"@type":"BreadcrumbList","@id":"https:\/\/www.praha14.cz\/zivot-na-praze-14\/plukovnik-vaclav-vlcek\/#breadcrumb","itemListElement":[{"@type":"ListItem","position":1,"name":"\u017divot na Praze 14","item":"https:\/\/www.praha14.cz\/zivot-na-praze-14\/"},{"@type":"ListItem","position":2,"name":"V\u00c1CLAV VL\u010cEK"}]},{"@type":"WebSite","@id":"https:\/\/www.praha14.cz\/zivot-na-praze-14\/#website","url":"https:\/\/www.praha14.cz\/zivot-na-praze-14\/","name":"\u017divot na Praze 14","description":"","potentialAction":[{"@type":"SearchAction","target":{"@type":"EntryPoint","urlTemplate":"https:\/\/www.praha14.cz\/zivot-na-praze-14\/?s={search_term_string}"},"query-input":{"@type":"PropertyValueSpecification","valueRequired":true,"valueName":"search_term_string"}}],"inLanguage":"cs"}]}},"_links":{"self":[{"href":"https:\/\/www.praha14.cz\/zivot-na-praze-14\/wp-json\/wp\/v2\/pages\/2208","targetHints":{"allow":["GET"]}}],"collection":[{"href":"https:\/\/www.praha14.cz\/zivot-na-praze-14\/wp-json\/wp\/v2\/pages"}],"about":[{"href":"https:\/\/www.praha14.cz\/zivot-na-praze-14\/wp-json\/wp\/v2\/types\/page"}],"author":[{"embeddable":true,"href":"https:\/\/www.praha14.cz\/zivot-na-praze-14\/wp-json\/wp\/v2\/users\/1"}],"replies":[{"embeddable":true,"href":"https:\/\/www.praha14.cz\/zivot-na-praze-14\/wp-json\/wp\/v2\/comments?post=2208"}],"version-history":[{"count":3,"href":"https:\/\/www.praha14.cz\/zivot-na-praze-14\/wp-json\/wp\/v2\/pages\/2208\/revisions"}],"predecessor-version":[{"id":73908,"href":"https:\/\/www.praha14.cz\/zivot-na-praze-14\/wp-json\/wp\/v2\/pages\/2208\/revisions\/73908"}],"wp:attachment":[{"href":"https:\/\/www.praha14.cz\/zivot-na-praze-14\/wp-json\/wp\/v2\/media?parent=2208"}],"curies":[{"name":"wp","href":"https:\/\/api.w.org\/{rel}","templated":true}]}}