{"id":24043,"date":"2015-04-10T09:32:51","date_gmt":"2015-04-10T07:32:51","guid":{"rendered":"https:\/\/www.praha14.cz\/zivot-na-praze-14\/?page_id=24043"},"modified":"2024-02-14T11:12:07","modified_gmt":"2024-02-14T11:12:07","slug":"sluzby-pro-pestouny","status":"publish","type":"page","link":"https:\/\/www.praha14.cz\/zivot-na-praze-14\/sluzby-pro-pestouny\/","title":{"rendered":"Slu\u017eby pro p\u011bstouny"},"content":{"rendered":"<p><img loading=\"lazy\" decoding=\"async\" class=\"alignnone wp-image-24045\" src=\"https:\/\/www.praha14.cz\/app\/uploads\/sites\/4\/2015\/04\/Doprov\u00e1zen\u00ed-p\u011bstoun\u016f-21-1024x72.jpg\" alt=\"\" width=\"850\" height=\"60\" srcset=\"https:\/\/www.praha14.cz\/app\/uploads\/sites\/4\/2015\/04\/Doprov\u00e1zen\u00ed-p\u011bstoun\u016f-21.jpg 1024w, https:\/\/www.praha14.cz\/app\/uploads\/sites\/4\/2015\/04\/Doprov\u00e1zen\u00ed-p\u011bstoun\u016f-21-370x26.jpg 370w\" sizes=\"(max-width: 850px) 100vw, 850px\" \/><\/p>\n<p>\u00da\u0159ad m\u011bstsk\u00e9 \u010d\u00e1sti Praha 14 nab\u00edz\u00ed pomoc p\u011bstounsk\u00fdm rodin\u00e1m a z\u00e1jemc\u016fm o p\u011bstounskou p\u00e9\u010di. N\u00ed\u017ee uv\u00e1d\u00edme konkr\u00e9tn\u00ed informace k jednotliv\u00fdm druh\u016fm podpory.<\/p>\n<p><strong><u>Odd\u011blen\u00ed soci\u00e1ln\u011b pr\u00e1vn\u00ed ochrany d\u011bt\u00ed (OSPOD)<\/u><\/strong><\/p>\n<p><strong>Nab\u00eddka pro z\u00e1jemce o p\u011bstounskou p\u00e9\u010di:<\/strong><\/p>\n<ul>\n<li>odborn\u00e9 poradenstv\u00ed v oblasti n\u00e1hradn\u00ed rodinn\u00e9 p\u00e9\u010de;<\/li>\n<li>odborn\u00e9 publikace a materi\u00e1ly o p\u011bstounsk\u00e9 p\u00e9\u010di, v\u00fdchov\u011b d\u011bt\u00ed apod.<\/li>\n<\/ul>\n<p><u>Kontaktn\u00ed osoby:<\/u><\/p>\n<ul>\n<li>Bc. Romana Folprechtov\u00e1, tel.: 225\u00a0295 533, e-mail:\u00a0<a href=\"mailto:romana.folprechtova@praha14.cz\" target=\"_blank\" rel=\"noopener\">romana.folprechtova@praha14.cz<\/a>,<\/li>\n<li>Bc. Zden\u011bk Chmela\u0159, tel.: 225 295 531, e-mail: <a href=\"mailto:zdenek.chmelar@praha14.cz\" target=\"_blank\" rel=\"noopener\">zdenek.chmelar@praha14.cz<\/a><\/li>\n<\/ul>\n<p><strong><u>\u00dasek slu\u017eeb pro doprov\u00e1zen\u00ed p\u011bstoun\u016f (\u00daSDP)<\/u><\/strong><\/p>\n<p><strong>Slu\u017eby pro p\u011bstounsk\u00e9 rodiny, s nimi\u017e \u00fa\u0159ad uzav\u0159el dohodou o v\u00fdkonu p\u011bstounsk\u00e9 p\u00e9\u010de:<\/strong><\/p>\n<ul>\n<li>poskytov\u00e1n\u00ed podpory p\u011bstounsk\u00fdm rodin\u00e1m p\u0159i napl\u0148ov\u00e1n\u00ed pot\u0159eb sv\u011b\u0159en\u00fdch d\u011bt\u00ed;<\/li>\n<li>odborn\u00e9 poradenstv\u00ed v oblasti p\u011bstounsk\u00e9 p\u00e9\u010de;<\/li>\n<li>vzd\u011bl\u00e1v\u00e1n\u00ed formou jednodenn\u00edch nebo v\u00edcedenn\u00edch vzd\u011bl\u00e1vac\u00edch semin\u00e1\u0159\u016f \u010di individu\u00e1ln\u00edch odborn\u00fdch konzultac\u00ed se zaji\u0161t\u011bn\u00edm kr\u00e1tkodob\u00e9 p\u00e9\u010de o sv\u011b\u0159en\u00e9 d\u011bti;<\/li>\n<li>p\u0159\u00edsp\u011bvek na odleh\u010dovac\u00ed p\u00e9\u010di v rozsahu 14 dn\u00ed v kalend\u00e1\u0159n\u00edm roce;<\/li>\n<li>pomoc p\u0159i zaji\u0161t\u011bn\u00ed kr\u00e1tkodob\u00e9 p\u00e9\u010de o sv\u011b\u0159en\u00e9 d\u00edt\u011b v p\u0159\u00edpad\u011b pot\u0159eby vy\u0159\u00edzen\u00ed nezbytn\u00fdch z\u00e1le\u017eitost\u00ed, jako je n\u00e1v\u0161t\u011bva l\u00e9ka\u0159e, hospitalizace, poh\u0159eb, porod, n\u00e1v\u0161t\u011bva \u00fa\u0159adu apod.;<\/li>\n<li>zap\u016fj\u010den\u00ed odborn\u00fdch publikac\u00ed a materi\u00e1l\u016f o p\u011bstounsk\u00e9 p\u00e9\u010di, v\u00fdchov\u011b d\u011bt\u00ed apod.;<\/li>\n<li>odborn\u00e9 konzultace psychologa \u010di speci\u00e1ln\u00edho pedagoga.<\/li>\n<\/ul>\n<p><u>Vedouc\u00ed \u00faseku:<\/u> Svatava Sta\u0148kov\u00e1, DiS., tel: 225 295 336, e-mail:\u00a0<a href=\"mailto:svatava.stankova@praha14.cz\" target=\"_blank\" rel=\"noopener\">svatava.stankova@praha14.cz<\/a>.<\/p>\n<p><strong>Formul\u00e1\u0159e ke sta\u017een\u00ed:<\/strong><\/p>\n<ul>\n<li><a href=\"https:\/\/www.praha14.cz\/app\/uploads\/sites\/4\/2024\/02\/USDP-METODIKA-SLUZEB-DOPROVAZENI-PRAHA-14.pdf\" target=\"_blank\" rel=\"noopener\">Metodika slu\u017eeb pro p\u011bstounsk\u00e9 rodiny<\/a><\/li>\n<li><a href=\"https:\/\/www.praha14.cz\/app\/uploads\/sites\/4\/2024\/02\/DOHODA-O-VYKONU-PP-VZOR_platne.rtf\" target=\"_blank\" rel=\"noopener\">Vzor dohody o v\u00fdkonu p\u011bstounsk\u00e9 p\u00e9\u010de<\/a><\/li>\n<li><a href=\"https:\/\/www.praha14.cz\/app\/uploads\/sites\/4\/2024\/02\/USDP-ZADOST-O-ZPROSTREDKOVANI-SLUZEB.doc\" target=\"_blank\" rel=\"noopener\">\u017d\u00e1dost o poskytnut\u00ed slu\u017eby pro p\u011bstouny<\/a><\/li>\n<li><a href=\"https:\/\/www.praha14.cz\/app\/uploads\/sites\/4\/2024\/02\/USDP-INFORMACNI-SLOZKA-PRO-PESTOUNY.pdf\" target=\"_blank\" rel=\"noopener\">Informa\u010dn\u00ed slo\u017eka pro p\u011bstouny<\/a><\/li>\n<li><a href=\"https:\/\/www.praha14.cz\/app\/uploads\/sites\/4\/2024\/02\/USDP-PROTOKOL-SAMOSTUDIUM.doc\" target=\"_blank\" rel=\"noopener\">Protokol samostudium<\/a><\/li>\n<\/ul>\n<p>&nbsp;<\/p>\n","protected":false},"excerpt":{"rendered":"<p>\u00da\u0159ad m\u011bstsk\u00e9 \u010d\u00e1sti Praha 14 nab\u00edz\u00ed pomoc p\u011bstounsk\u00fdm rodin\u00e1m a z\u00e1jemc\u016fm o p\u011bstounskou p\u00e9\u010di. N\u00ed\u017ee uv\u00e1d\u00edme konkr\u00e9tn\u00ed informace k jednotliv\u00fdm druh\u016fm podpory. Odd\u011blen\u00ed soci\u00e1ln\u011b pr\u00e1vn\u00ed ochrany d\u011bt\u00ed (OSPOD) Nab\u00eddka pro z\u00e1jemce o p\u011bstounskou p\u00e9\u010di: odborn\u00e9 poradenstv\u00ed v oblasti n\u00e1hradn\u00ed rodinn\u00e9 p\u00e9\u010de; odborn\u00e9 publikace a materi\u00e1ly o p\u011bstounsk\u00e9 p\u00e9\u010di, v\u00fdchov\u011b d\u011bt\u00ed apod. Kontaktn\u00ed osoby: Bc. Romana&#8230;<\/p>\n","protected":false},"author":6,"featured_media":0,"parent":0,"menu_order":0,"comment_status":"closed","ping_status":"closed","template":"","meta":{"_acf_changed":false,"footnotes":""},"class_list":["post-24043","page","type-page","status-publish","hentry"],"acf":[],"yoast_head":"<!-- This site is optimized with the Yoast SEO plugin v27.2 - https:\/\/yoast.com\/product\/yoast-seo-wordpress\/ -->\n<title>Slu\u017eby pro p\u011bstouny - \u017divot na Praze 14<\/title>\n<meta name=\"robots\" content=\"index, follow, max-snippet:-1, max-image-preview:large, max-video-preview:-1\" \/>\n<link rel=\"canonical\" href=\"https:\/\/www.praha14.cz\/zivot-na-praze-14\/sluzby-pro-pestouny\/\" \/>\n<meta property=\"og:locale\" content=\"cs_CZ\" \/>\n<meta property=\"og:type\" content=\"article\" \/>\n<meta property=\"og:title\" content=\"Slu\u017eby pro p\u011bstouny - \u017divot na Praze 14\" \/>\n<meta property=\"og:description\" content=\"\u00da\u0159ad m\u011bstsk\u00e9 \u010d\u00e1sti Praha 14 nab\u00edz\u00ed pomoc p\u011bstounsk\u00fdm rodin\u00e1m a z\u00e1jemc\u016fm o p\u011bstounskou p\u00e9\u010di. N\u00ed\u017ee uv\u00e1d\u00edme konkr\u00e9tn\u00ed informace k jednotliv\u00fdm druh\u016fm podpory. Odd\u011blen\u00ed soci\u00e1ln\u011b pr\u00e1vn\u00ed ochrany d\u011bt\u00ed (OSPOD) Nab\u00eddka pro z\u00e1jemce o p\u011bstounskou p\u00e9\u010di: odborn\u00e9 poradenstv\u00ed v oblasti n\u00e1hradn\u00ed rodinn\u00e9 p\u00e9\u010de; odborn\u00e9 publikace a materi\u00e1ly o p\u011bstounsk\u00e9 p\u00e9\u010di, v\u00fdchov\u011b d\u011bt\u00ed apod. Kontaktn\u00ed osoby: Bc. Romana...\" \/>\n<meta property=\"og:url\" content=\"https:\/\/www.praha14.cz\/zivot-na-praze-14\/sluzby-pro-pestouny\/\" \/>\n<meta property=\"og:site_name\" content=\"\u017divot na Praze 14\" \/>\n<meta property=\"article:modified_time\" content=\"2024-02-14T11:12:07+00:00\" \/>\n<meta name=\"twitter:card\" content=\"summary_large_image\" \/>\n<meta name=\"twitter:label1\" content=\"Est. reading time\" \/>\n\t<meta name=\"twitter:data1\" content=\"2 minuty\" \/>\n<script type=\"application\/ld+json\" class=\"yoast-schema-graph\">{\"@context\":\"https:\/\/schema.org\",\"@graph\":[{\"@type\":\"WebPage\",\"@id\":\"https:\/\/www.praha14.cz\/zivot-na-praze-14\/sluzby-pro-pestouny\/\",\"url\":\"https:\/\/www.praha14.cz\/zivot-na-praze-14\/sluzby-pro-pestouny\/\",\"name\":\"Slu\u017eby pro p\u011bstouny - \u017divot na Praze 14\",\"isPartOf\":{\"@id\":\"https:\/\/www.praha14.cz\/zivot-na-praze-14\/#website\"},\"datePublished\":\"2015-04-10T07:32:51+00:00\",\"dateModified\":\"2024-02-14T11:12:07+00:00\",\"breadcrumb\":{\"@id\":\"https:\/\/www.praha14.cz\/zivot-na-praze-14\/sluzby-pro-pestouny\/#breadcrumb\"},\"inLanguage\":\"cs\",\"potentialAction\":[{\"@type\":\"ReadAction\",\"target\":[\"https:\/\/www.praha14.cz\/zivot-na-praze-14\/sluzby-pro-pestouny\/\"]}]},{\"@type\":\"BreadcrumbList\",\"@id\":\"https:\/\/www.praha14.cz\/zivot-na-praze-14\/sluzby-pro-pestouny\/#breadcrumb\",\"itemListElement\":[{\"@type\":\"ListItem\",\"position\":1,\"name\":\"\u017divot na Praze 14\",\"item\":\"https:\/\/www.praha14.cz\/zivot-na-praze-14\/\"},{\"@type\":\"ListItem\",\"position\":2,\"name\":\"Slu\u017eby pro p\u011bstouny\"}]},{\"@type\":\"WebSite\",\"@id\":\"https:\/\/www.praha14.cz\/zivot-na-praze-14\/#website\",\"url\":\"https:\/\/www.praha14.cz\/zivot-na-praze-14\/\",\"name\":\"\u017divot na Praze 14\",\"description\":\"\",\"potentialAction\":[{\"@type\":\"SearchAction\",\"target\":{\"@type\":\"EntryPoint\",\"urlTemplate\":\"https:\/\/www.praha14.cz\/zivot-na-praze-14\/?s={search_term_string}\"},\"query-input\":{\"@type\":\"PropertyValueSpecification\",\"valueRequired\":true,\"valueName\":\"search_term_string\"}}],\"inLanguage\":\"cs\"}]}<\/script>\n<!-- \/ Yoast SEO plugin. -->","yoast_head_json":{"title":"Slu\u017eby pro p\u011bstouny - \u017divot na Praze 14","robots":{"index":"index","follow":"follow","max-snippet":"max-snippet:-1","max-image-preview":"max-image-preview:large","max-video-preview":"max-video-preview:-1"},"canonical":"https:\/\/www.praha14.cz\/zivot-na-praze-14\/sluzby-pro-pestouny\/","og_locale":"cs_CZ","og_type":"article","og_title":"Slu\u017eby pro p\u011bstouny - \u017divot na Praze 14","og_description":"\u00da\u0159ad m\u011bstsk\u00e9 \u010d\u00e1sti Praha 14 nab\u00edz\u00ed pomoc p\u011bstounsk\u00fdm rodin\u00e1m a z\u00e1jemc\u016fm o p\u011bstounskou p\u00e9\u010di. N\u00ed\u017ee uv\u00e1d\u00edme konkr\u00e9tn\u00ed informace k jednotliv\u00fdm druh\u016fm podpory. Odd\u011blen\u00ed soci\u00e1ln\u011b pr\u00e1vn\u00ed ochrany d\u011bt\u00ed (OSPOD) Nab\u00eddka pro z\u00e1jemce o p\u011bstounskou p\u00e9\u010di: odborn\u00e9 poradenstv\u00ed v oblasti n\u00e1hradn\u00ed rodinn\u00e9 p\u00e9\u010de; odborn\u00e9 publikace a materi\u00e1ly o p\u011bstounsk\u00e9 p\u00e9\u010di, v\u00fdchov\u011b d\u011bt\u00ed apod. Kontaktn\u00ed osoby: Bc. Romana...","og_url":"https:\/\/www.praha14.cz\/zivot-na-praze-14\/sluzby-pro-pestouny\/","og_site_name":"\u017divot na Praze 14","article_modified_time":"2024-02-14T11:12:07+00:00","twitter_card":"summary_large_image","twitter_misc":{"Est. reading time":"2 minuty"},"schema":{"@context":"https:\/\/schema.org","@graph":[{"@type":"WebPage","@id":"https:\/\/www.praha14.cz\/zivot-na-praze-14\/sluzby-pro-pestouny\/","url":"https:\/\/www.praha14.cz\/zivot-na-praze-14\/sluzby-pro-pestouny\/","name":"Slu\u017eby pro p\u011bstouny - \u017divot na Praze 14","isPartOf":{"@id":"https:\/\/www.praha14.cz\/zivot-na-praze-14\/#website"},"datePublished":"2015-04-10T07:32:51+00:00","dateModified":"2024-02-14T11:12:07+00:00","breadcrumb":{"@id":"https:\/\/www.praha14.cz\/zivot-na-praze-14\/sluzby-pro-pestouny\/#breadcrumb"},"inLanguage":"cs","potentialAction":[{"@type":"ReadAction","target":["https:\/\/www.praha14.cz\/zivot-na-praze-14\/sluzby-pro-pestouny\/"]}]},{"@type":"BreadcrumbList","@id":"https:\/\/www.praha14.cz\/zivot-na-praze-14\/sluzby-pro-pestouny\/#breadcrumb","itemListElement":[{"@type":"ListItem","position":1,"name":"\u017divot na Praze 14","item":"https:\/\/www.praha14.cz\/zivot-na-praze-14\/"},{"@type":"ListItem","position":2,"name":"Slu\u017eby pro p\u011bstouny"}]},{"@type":"WebSite","@id":"https:\/\/www.praha14.cz\/zivot-na-praze-14\/#website","url":"https:\/\/www.praha14.cz\/zivot-na-praze-14\/","name":"\u017divot na Praze 14","description":"","potentialAction":[{"@type":"SearchAction","target":{"@type":"EntryPoint","urlTemplate":"https:\/\/www.praha14.cz\/zivot-na-praze-14\/?s={search_term_string}"},"query-input":{"@type":"PropertyValueSpecification","valueRequired":true,"valueName":"search_term_string"}}],"inLanguage":"cs"}]}},"_links":{"self":[{"href":"https:\/\/www.praha14.cz\/zivot-na-praze-14\/wp-json\/wp\/v2\/pages\/24043","targetHints":{"allow":["GET"]}}],"collection":[{"href":"https:\/\/www.praha14.cz\/zivot-na-praze-14\/wp-json\/wp\/v2\/pages"}],"about":[{"href":"https:\/\/www.praha14.cz\/zivot-na-praze-14\/wp-json\/wp\/v2\/types\/page"}],"author":[{"embeddable":true,"href":"https:\/\/www.praha14.cz\/zivot-na-praze-14\/wp-json\/wp\/v2\/users\/6"}],"replies":[{"embeddable":true,"href":"https:\/\/www.praha14.cz\/zivot-na-praze-14\/wp-json\/wp\/v2\/comments?post=24043"}],"version-history":[{"count":9,"href":"https:\/\/www.praha14.cz\/zivot-na-praze-14\/wp-json\/wp\/v2\/pages\/24043\/revisions"}],"predecessor-version":[{"id":69646,"href":"https:\/\/www.praha14.cz\/zivot-na-praze-14\/wp-json\/wp\/v2\/pages\/24043\/revisions\/69646"}],"wp:attachment":[{"href":"https:\/\/www.praha14.cz\/zivot-na-praze-14\/wp-json\/wp\/v2\/media?parent=24043"}],"curies":[{"name":"wp","href":"https:\/\/api.w.org\/{rel}","templated":true}]}}