{"id":25012,"date":"2015-05-27T13:58:32","date_gmt":"2015-05-27T11:58:32","guid":{"rendered":"https:\/\/www.praha14.cz\/zivot-na-praze-14\/?page_id=25012"},"modified":"2020-11-13T08:47:26","modified_gmt":"2020-11-13T08:47:26","slug":"uvodni-rozvaha","status":"publish","type":"page","link":"https:\/\/www.praha14.cz\/zivot-na-praze-14\/uvodni-rozvaha\/","title":{"rendered":"\u00davodn\u00ed rozvaha k Metropolitn\u00edmu pl\u00e1nu &#8211; r. 2018"},"content":{"rendered":"<ul>\n<li><a href=\"https:\/\/www.praha14.cz\/app\/uploads\/sites\/4\/2015\/05\/Priloha01_UsneseniRadyMCP14.pdf\" target=\"_blank\" rel=\"noopener noreferrer\">Usnesen\u00ed Rady M\u010c\u00a0P14<\/a><\/li>\n<li><a href=\"https:\/\/www.praha14.cz\/app\/uploads\/sites\/4\/2015\/05\/Priloha02_ReflexeDuchaPl\u00e1nu.pdf\" target=\"_blank\" rel=\"noopener noreferrer\">Reflexe Ducha pl\u00e1nu<\/a><\/li>\n<li><a href=\"https:\/\/www.praha14.cz\/app\/uploads\/sites\/4\/2015\/05\/Priloha03_ZakladniCleneniLokalit.pdf\" target=\"_blank\" rel=\"noopener noreferrer\">Z\u00e1kladn\u00ed \u010dlen\u011bn\u00ed lokalit<\/a><\/li>\n<li><a href=\"https:\/\/www.praha14.cz\/app\/uploads\/sites\/4\/2015\/05\/Priloha04_PopisCharakteruJednotlivychLokalit.pdf\" target=\"_blank\" rel=\"noopener noreferrer\">Popis charakteru jednotliv\u00fdch lokalit<\/a><\/li>\n<li><a href=\"https:\/\/www.praha14.cz\/app\/uploads\/sites\/4\/2015\/05\/Priloha05_Mapa-AnalyzaZastavby.pdf\" target=\"_blank\" rel=\"noopener noreferrer\">Anal\u00fdza z\u00e1stavby (mapa)<\/a><\/li>\n<li><a href=\"https:\/\/www.praha14.cz\/app\/uploads\/sites\/4\/2015\/05\/Priloha06_ProblemovaMapa.pdf\" target=\"_blank\" rel=\"noopener noreferrer\">Probl\u00e9mov\u00e1 mapa<\/a><\/li>\n<li><a href=\"https:\/\/www.praha14.cz\/app\/uploads\/sites\/4\/2015\/05\/Priloha07_ZameryCinnosti.pdf\" target=\"_blank\" rel=\"noopener noreferrer\">Z\u00e1kladn\u00ed z\u00e1m\u011bry a \u010dinnosti na\u0161\u00ed m\u011bstsk\u00e9 \u010d\u00e1sti<\/a><\/li>\n<li><a href=\"https:\/\/www.praha14.cz\/app\/uploads\/sites\/4\/2015\/05\/Priloha08_Mapa-ZameryRozvoje..pdf\" target=\"_blank\" rel=\"noopener noreferrer\">Z\u00e1m\u011bry rozvoje<\/a><\/li>\n<li><a href=\"https:\/\/www.praha14.cz\/app\/uploads\/sites\/4\/2015\/05\/Priloha09_InventuraStudii.pdf\" target=\"_blank\" rel=\"noopener noreferrer\">Inventura studi\u00ed<\/a><\/li>\n<li><a href=\"https:\/\/www.praha14.cz\/app\/uploads\/sites\/4\/2015\/05\/Priloha10_InventuraRozvojovychaTransformacnichPloch.pdf\" target=\"_blank\" rel=\"noopener noreferrer\">Inventura rozvojov\u00fdch transforma\u010dn\u00edch ploch<\/a><\/li>\n<li><a href=\"https:\/\/www.praha14.cz\/app\/uploads\/sites\/4\/2015\/05\/Priloha11_Mapa-MiraStabilityUzemi.pdf\" target=\"_blank\" rel=\"noopener noreferrer\">M\u00edra stability \u00fazem\u00ed (mapa)<\/a><\/li>\n<li><a href=\"https:\/\/www.praha14.cz\/app\/uploads\/sites\/4\/2015\/05\/Priloha12_Mapa-InventuraKonceptu09.pdf\" target=\"_blank\" rel=\"noopener noreferrer\">Inventura konceptu<\/a><\/li>\n<li><a href=\"https:\/\/www.praha14.cz\/app\/uploads\/sites\/4\/2015\/05\/Priloha13_Mapa-ZpusobVyuzitiUzemi..pdf\" target=\"_blank\" rel=\"noopener noreferrer\">Zp\u016fsob vyu\u017eit\u00ed \u00fazem\u00ed<\/a><\/li>\n<\/ul>\n","protected":false},"excerpt":{"rendered":"<p>Usnesen\u00ed Rady M\u010c\u00a0P14 Reflexe Ducha pl\u00e1nu Z\u00e1kladn\u00ed \u010dlen\u011bn\u00ed lokalit Popis charakteru jednotliv\u00fdch lokalit Anal\u00fdza z\u00e1stavby (mapa) Probl\u00e9mov\u00e1 mapa Z\u00e1kladn\u00ed z\u00e1m\u011bry a \u010dinnosti na\u0161\u00ed m\u011bstsk\u00e9 \u010d\u00e1sti Z\u00e1m\u011bry rozvoje Inventura studi\u00ed Inventura rozvojov\u00fdch transforma\u010dn\u00edch ploch M\u00edra stability \u00fazem\u00ed (mapa) Inventura konceptu Zp\u016fsob vyu\u017eit\u00ed \u00fazem\u00ed<\/p>\n","protected":false},"author":6,"featured_media":0,"parent":0,"menu_order":0,"comment_status":"closed","ping_status":"closed","template":"","meta":{"_acf_changed":false,"footnotes":""},"class_list":["post-25012","page","type-page","status-publish","hentry"],"acf":[],"yoast_head":"<!-- This site is optimized with the Yoast SEO plugin v27.2 - https:\/\/yoast.com\/product\/yoast-seo-wordpress\/ -->\n<title>\u00davodn\u00ed rozvaha k Metropolitn\u00edmu pl\u00e1nu - r. 2018 - \u017divot na Praze 14<\/title>\n<meta name=\"robots\" content=\"index, follow, max-snippet:-1, max-image-preview:large, max-video-preview:-1\" \/>\n<link rel=\"canonical\" href=\"https:\/\/www.praha14.cz\/zivot-na-praze-14\/uvodni-rozvaha\/\" \/>\n<meta property=\"og:locale\" content=\"cs_CZ\" \/>\n<meta property=\"og:type\" content=\"article\" \/>\n<meta property=\"og:title\" content=\"\u00davodn\u00ed rozvaha k Metropolitn\u00edmu pl\u00e1nu - r. 2018 - \u017divot na Praze 14\" \/>\n<meta property=\"og:description\" content=\"Usnesen\u00ed Rady M\u010c\u00a0P14 Reflexe Ducha pl\u00e1nu Z\u00e1kladn\u00ed \u010dlen\u011bn\u00ed lokalit Popis charakteru jednotliv\u00fdch lokalit Anal\u00fdza z\u00e1stavby (mapa) Probl\u00e9mov\u00e1 mapa Z\u00e1kladn\u00ed z\u00e1m\u011bry a \u010dinnosti na\u0161\u00ed m\u011bstsk\u00e9 \u010d\u00e1sti Z\u00e1m\u011bry rozvoje Inventura studi\u00ed Inventura rozvojov\u00fdch transforma\u010dn\u00edch ploch M\u00edra stability \u00fazem\u00ed (mapa) Inventura konceptu Zp\u016fsob vyu\u017eit\u00ed \u00fazem\u00ed\" \/>\n<meta property=\"og:url\" content=\"https:\/\/www.praha14.cz\/zivot-na-praze-14\/uvodni-rozvaha\/\" \/>\n<meta property=\"og:site_name\" content=\"\u017divot na Praze 14\" \/>\n<meta property=\"article:modified_time\" content=\"2020-11-13T08:47:26+00:00\" \/>\n<meta name=\"twitter:card\" content=\"summary_large_image\" \/>\n<script type=\"application\/ld+json\" class=\"yoast-schema-graph\">{\"@context\":\"https:\/\/schema.org\",\"@graph\":[{\"@type\":\"WebPage\",\"@id\":\"https:\/\/www.praha14.cz\/zivot-na-praze-14\/uvodni-rozvaha\/\",\"url\":\"https:\/\/www.praha14.cz\/zivot-na-praze-14\/uvodni-rozvaha\/\",\"name\":\"\u00davodn\u00ed rozvaha k Metropolitn\u00edmu pl\u00e1nu - r. 2018 - \u017divot na Praze 14\",\"isPartOf\":{\"@id\":\"https:\/\/www.praha14.cz\/zivot-na-praze-14\/#website\"},\"datePublished\":\"2015-05-27T11:58:32+00:00\",\"dateModified\":\"2020-11-13T08:47:26+00:00\",\"breadcrumb\":{\"@id\":\"https:\/\/www.praha14.cz\/zivot-na-praze-14\/uvodni-rozvaha\/#breadcrumb\"},\"inLanguage\":\"cs\",\"potentialAction\":[{\"@type\":\"ReadAction\",\"target\":[\"https:\/\/www.praha14.cz\/zivot-na-praze-14\/uvodni-rozvaha\/\"]}]},{\"@type\":\"BreadcrumbList\",\"@id\":\"https:\/\/www.praha14.cz\/zivot-na-praze-14\/uvodni-rozvaha\/#breadcrumb\",\"itemListElement\":[{\"@type\":\"ListItem\",\"position\":1,\"name\":\"\u017divot na Praze 14\",\"item\":\"https:\/\/www.praha14.cz\/zivot-na-praze-14\/\"},{\"@type\":\"ListItem\",\"position\":2,\"name\":\"\u00davodn\u00ed rozvaha k Metropolitn\u00edmu pl\u00e1nu &#8211; r. 2018\"}]},{\"@type\":\"WebSite\",\"@id\":\"https:\/\/www.praha14.cz\/zivot-na-praze-14\/#website\",\"url\":\"https:\/\/www.praha14.cz\/zivot-na-praze-14\/\",\"name\":\"\u017divot na Praze 14\",\"description\":\"\",\"potentialAction\":[{\"@type\":\"SearchAction\",\"target\":{\"@type\":\"EntryPoint\",\"urlTemplate\":\"https:\/\/www.praha14.cz\/zivot-na-praze-14\/?s={search_term_string}\"},\"query-input\":{\"@type\":\"PropertyValueSpecification\",\"valueRequired\":true,\"valueName\":\"search_term_string\"}}],\"inLanguage\":\"cs\"}]}<\/script>\n<!-- \/ Yoast SEO plugin. -->","yoast_head_json":{"title":"\u00davodn\u00ed rozvaha k Metropolitn\u00edmu pl\u00e1nu - r. 2018 - \u017divot na Praze 14","robots":{"index":"index","follow":"follow","max-snippet":"max-snippet:-1","max-image-preview":"max-image-preview:large","max-video-preview":"max-video-preview:-1"},"canonical":"https:\/\/www.praha14.cz\/zivot-na-praze-14\/uvodni-rozvaha\/","og_locale":"cs_CZ","og_type":"article","og_title":"\u00davodn\u00ed rozvaha k Metropolitn\u00edmu pl\u00e1nu - r. 2018 - \u017divot na Praze 14","og_description":"Usnesen\u00ed Rady M\u010c\u00a0P14 Reflexe Ducha pl\u00e1nu Z\u00e1kladn\u00ed \u010dlen\u011bn\u00ed lokalit Popis charakteru jednotliv\u00fdch lokalit Anal\u00fdza z\u00e1stavby (mapa) Probl\u00e9mov\u00e1 mapa Z\u00e1kladn\u00ed z\u00e1m\u011bry a \u010dinnosti na\u0161\u00ed m\u011bstsk\u00e9 \u010d\u00e1sti Z\u00e1m\u011bry rozvoje Inventura studi\u00ed Inventura rozvojov\u00fdch transforma\u010dn\u00edch ploch M\u00edra stability \u00fazem\u00ed (mapa) Inventura konceptu Zp\u016fsob vyu\u017eit\u00ed \u00fazem\u00ed","og_url":"https:\/\/www.praha14.cz\/zivot-na-praze-14\/uvodni-rozvaha\/","og_site_name":"\u017divot na Praze 14","article_modified_time":"2020-11-13T08:47:26+00:00","twitter_card":"summary_large_image","schema":{"@context":"https:\/\/schema.org","@graph":[{"@type":"WebPage","@id":"https:\/\/www.praha14.cz\/zivot-na-praze-14\/uvodni-rozvaha\/","url":"https:\/\/www.praha14.cz\/zivot-na-praze-14\/uvodni-rozvaha\/","name":"\u00davodn\u00ed rozvaha k Metropolitn\u00edmu pl\u00e1nu - r. 2018 - \u017divot na Praze 14","isPartOf":{"@id":"https:\/\/www.praha14.cz\/zivot-na-praze-14\/#website"},"datePublished":"2015-05-27T11:58:32+00:00","dateModified":"2020-11-13T08:47:26+00:00","breadcrumb":{"@id":"https:\/\/www.praha14.cz\/zivot-na-praze-14\/uvodni-rozvaha\/#breadcrumb"},"inLanguage":"cs","potentialAction":[{"@type":"ReadAction","target":["https:\/\/www.praha14.cz\/zivot-na-praze-14\/uvodni-rozvaha\/"]}]},{"@type":"BreadcrumbList","@id":"https:\/\/www.praha14.cz\/zivot-na-praze-14\/uvodni-rozvaha\/#breadcrumb","itemListElement":[{"@type":"ListItem","position":1,"name":"\u017divot na Praze 14","item":"https:\/\/www.praha14.cz\/zivot-na-praze-14\/"},{"@type":"ListItem","position":2,"name":"\u00davodn\u00ed rozvaha k Metropolitn\u00edmu pl\u00e1nu &#8211; r. 2018"}]},{"@type":"WebSite","@id":"https:\/\/www.praha14.cz\/zivot-na-praze-14\/#website","url":"https:\/\/www.praha14.cz\/zivot-na-praze-14\/","name":"\u017divot na Praze 14","description":"","potentialAction":[{"@type":"SearchAction","target":{"@type":"EntryPoint","urlTemplate":"https:\/\/www.praha14.cz\/zivot-na-praze-14\/?s={search_term_string}"},"query-input":{"@type":"PropertyValueSpecification","valueRequired":true,"valueName":"search_term_string"}}],"inLanguage":"cs"}]}},"_links":{"self":[{"href":"https:\/\/www.praha14.cz\/zivot-na-praze-14\/wp-json\/wp\/v2\/pages\/25012","targetHints":{"allow":["GET"]}}],"collection":[{"href":"https:\/\/www.praha14.cz\/zivot-na-praze-14\/wp-json\/wp\/v2\/pages"}],"about":[{"href":"https:\/\/www.praha14.cz\/zivot-na-praze-14\/wp-json\/wp\/v2\/types\/page"}],"author":[{"embeddable":true,"href":"https:\/\/www.praha14.cz\/zivot-na-praze-14\/wp-json\/wp\/v2\/users\/6"}],"replies":[{"embeddable":true,"href":"https:\/\/www.praha14.cz\/zivot-na-praze-14\/wp-json\/wp\/v2\/comments?post=25012"}],"version-history":[{"count":5,"href":"https:\/\/www.praha14.cz\/zivot-na-praze-14\/wp-json\/wp\/v2\/pages\/25012\/revisions"}],"predecessor-version":[{"id":57341,"href":"https:\/\/www.praha14.cz\/zivot-na-praze-14\/wp-json\/wp\/v2\/pages\/25012\/revisions\/57341"}],"wp:attachment":[{"href":"https:\/\/www.praha14.cz\/zivot-na-praze-14\/wp-json\/wp\/v2\/media?parent=25012"}],"curies":[{"name":"wp","href":"https:\/\/api.w.org\/{rel}","templated":true}]}}