{"id":31205,"date":"2016-05-09T11:48:20","date_gmt":"2016-05-09T09:48:20","guid":{"rendered":"https:\/\/www.praha14.cz\/zivot-na-praze-14\/?page_id=31205"},"modified":"2016-05-09T11:48:20","modified_gmt":"2016-05-09T09:48:20","slug":"monitorovaci-zpravy-komunitni-koordinace","status":"publish","type":"page","link":"https:\/\/www.praha14.cz\/zivot-na-praze-14\/monitorovaci-zpravy-komunitni-koordinace\/","title":{"rendered":"Monitorovac\u00ed zpr\u00e1vy (Komunitn\u00ed koordinace)"},"content":{"rendered":"<p>&nbsp;<\/p>\n<ul>\n<li><a href=\"https:\/\/www.praha14.cz\/app\/uploads\/sites\/3\/2015\/07\/Komunitn\u00ed-rozvoj-Prahy-14_prvn\u00ed-monitorovac\u00ed-zpr\u00e1va-TKK.pdf\" target=\"_blank\">Komunitn\u00ed rozvoj Prahy 14 &#8211; prvn\u00ed monitorovac\u00ed zpr\u00e1va<\/a><\/li>\n<li><a href=\"https:\/\/www.praha14.cz\/app\/uploads\/sites\/3\/2015\/07\/Komunitn\u00ed-rozvoj-Prahy-14_druh\u00e1-monitorovac\u00ed-zpr\u00e1va-TKK.pdf\" target=\"_blank\">Komunitn\u00ed rozvoj Prahy 14 &#8211; druh\u00e1 monitorovac\u00ed zpr\u00e1va<\/a><\/li>\n<li><a href=\"https:\/\/www.praha14.cz\/app\/uploads\/sites\/3\/2015\/07\/Komunitn\u00ed-rozvoj-Prahy-14_treti-monitorovaci-zprava-TKK_final.pdf\" target=\"_blank\">Komunitn\u00ed rozvoj Prahy 14 &#8211; t\u0159et\u00ed monitorovac\u00ed zprava<\/a><\/li>\n<li><a href=\"https:\/\/www.praha14.cz\/app\/uploads\/sites\/3\/2015\/07\/Komunitn\u00ed-rozvoj-Prahy-14_ctvrta-monitorovaci-zprava-TKK_final-1.pdf\" target=\"_blank\">Komunitn\u00ed rozvoj Prahy 14 &#8211; \u010dtvrt\u00e1 monitorovac\u00ed zpr\u00e1va<\/a><\/li>\n<li><a href=\"https:\/\/www.praha14.cz\/app\/uploads\/sites\/3\/2015\/07\/Komunitn\u00ed-rozvoj-Prahy-14_pat\u00e1-monitorovac\u00ed-zpr\u00e1va.pdf\" target=\"_blank\">Komunitn\u00ed rozvoj Prahy 14 &#8211; p\u00e1t\u00e1 monitorovac\u00ed zpr\u00e1va<\/a><\/li>\n<li><a href=\"https:\/\/www.praha14.cz\/app\/uploads\/sites\/3\/2015\/07\/Komunitni_rozvoj_Prahy_14_sesta_prubezna_zprava.pdf\" target=\"_blank\">Komunitni rozvoj Prahy 14 &#8211; \u0161est\u00e1 monitorovac\u00ed zpr\u00e1va<\/a><\/li>\n<li><a href=\"https:\/\/www.praha14.cz\/app\/uploads\/sites\/3\/2015\/07\/zprava-o-vybranych-komunitnich-aktivitach-na-praze-14-cervenec-zari-1.pdf\" target=\"_blank\" rel=\"\">Komunitn\u00ed rozvoj Prahy 14 &#8211; sedm\u00e1 monitorovac\u00ed zpr\u00e1va<\/a><\/li>\n<li><a href=\"https:\/\/www.praha14.cz\/app\/uploads\/sites\/3\/2015\/07\/zprava-o-vybranych-komunitnich-aktivitachrijenprosinec2015.pdf\" target=\"_blank\" rel=\"\">Komunitn\u00ed rozvoj Prahy 14 &#8211; osm\u00e1 monitorovac\u00ed zpr\u00e1va<\/a><\/li>\n<\/ul>\n<p>&nbsp;<\/p>\n","protected":false},"excerpt":{"rendered":"<p>&nbsp; Komunitn\u00ed rozvoj Prahy 14 &#8211; prvn\u00ed monitorovac\u00ed zpr\u00e1va Komunitn\u00ed rozvoj Prahy 14 &#8211; druh\u00e1 monitorovac\u00ed zpr\u00e1va Komunitn\u00ed rozvoj Prahy 14 &#8211; t\u0159et\u00ed monitorovac\u00ed zprava Komunitn\u00ed rozvoj Prahy 14 &#8211; \u010dtvrt\u00e1 monitorovac\u00ed zpr\u00e1va Komunitn\u00ed rozvoj Prahy 14 &#8211; p\u00e1t\u00e1 monitorovac\u00ed zpr\u00e1va Komunitni rozvoj Prahy 14 &#8211; \u0161est\u00e1 monitorovac\u00ed zpr\u00e1va Komunitn\u00ed rozvoj Prahy 14 &#8211; sedm\u00e1&#8230;<\/p>\n","protected":false},"author":1057,"featured_media":0,"parent":0,"menu_order":0,"comment_status":"closed","ping_status":"closed","template":"","meta":{"_acf_changed":false,"footnotes":""},"class_list":["post-31205","page","type-page","status-publish","hentry"],"acf":[],"yoast_head":"<!-- This site is optimized with the Yoast SEO plugin v27.2 - https:\/\/yoast.com\/product\/yoast-seo-wordpress\/ -->\n<title>Monitorovac\u00ed zpr\u00e1vy (Komunitn\u00ed koordinace) - \u017divot na Praze 14<\/title>\n<meta name=\"robots\" content=\"index, follow, max-snippet:-1, max-image-preview:large, max-video-preview:-1\" \/>\n<link rel=\"canonical\" href=\"https:\/\/www.praha14.cz\/zivot-na-praze-14\/monitorovaci-zpravy-komunitni-koordinace\/\" \/>\n<meta property=\"og:locale\" content=\"cs_CZ\" \/>\n<meta property=\"og:type\" content=\"article\" \/>\n<meta property=\"og:title\" content=\"Monitorovac\u00ed zpr\u00e1vy (Komunitn\u00ed koordinace) - \u017divot na Praze 14\" \/>\n<meta property=\"og:description\" content=\"&nbsp; Komunitn\u00ed rozvoj Prahy 14 &#8211; prvn\u00ed monitorovac\u00ed zpr\u00e1va Komunitn\u00ed rozvoj Prahy 14 &#8211; druh\u00e1 monitorovac\u00ed zpr\u00e1va Komunitn\u00ed rozvoj Prahy 14 &#8211; t\u0159et\u00ed monitorovac\u00ed zprava Komunitn\u00ed rozvoj Prahy 14 &#8211; \u010dtvrt\u00e1 monitorovac\u00ed zpr\u00e1va Komunitn\u00ed rozvoj Prahy 14 &#8211; p\u00e1t\u00e1 monitorovac\u00ed zpr\u00e1va Komunitni rozvoj Prahy 14 &#8211; \u0161est\u00e1 monitorovac\u00ed zpr\u00e1va Komunitn\u00ed rozvoj Prahy 14 &#8211; sedm\u00e1...\" \/>\n<meta property=\"og:url\" content=\"https:\/\/www.praha14.cz\/zivot-na-praze-14\/monitorovaci-zpravy-komunitni-koordinace\/\" \/>\n<meta property=\"og:site_name\" content=\"\u017divot na Praze 14\" \/>\n<meta name=\"twitter:card\" content=\"summary_large_image\" \/>\n<script type=\"application\/ld+json\" class=\"yoast-schema-graph\">{\"@context\":\"https:\/\/schema.org\",\"@graph\":[{\"@type\":\"WebPage\",\"@id\":\"https:\/\/www.praha14.cz\/zivot-na-praze-14\/monitorovaci-zpravy-komunitni-koordinace\/\",\"url\":\"https:\/\/www.praha14.cz\/zivot-na-praze-14\/monitorovaci-zpravy-komunitni-koordinace\/\",\"name\":\"Monitorovac\u00ed zpr\u00e1vy (Komunitn\u00ed koordinace) - \u017divot na Praze 14\",\"isPartOf\":{\"@id\":\"https:\/\/www.praha14.cz\/zivot-na-praze-14\/#website\"},\"datePublished\":\"2016-05-09T09:48:20+00:00\",\"breadcrumb\":{\"@id\":\"https:\/\/www.praha14.cz\/zivot-na-praze-14\/monitorovaci-zpravy-komunitni-koordinace\/#breadcrumb\"},\"inLanguage\":\"cs\",\"potentialAction\":[{\"@type\":\"ReadAction\",\"target\":[\"https:\/\/www.praha14.cz\/zivot-na-praze-14\/monitorovaci-zpravy-komunitni-koordinace\/\"]}]},{\"@type\":\"BreadcrumbList\",\"@id\":\"https:\/\/www.praha14.cz\/zivot-na-praze-14\/monitorovaci-zpravy-komunitni-koordinace\/#breadcrumb\",\"itemListElement\":[{\"@type\":\"ListItem\",\"position\":1,\"name\":\"\u017divot na Praze 14\",\"item\":\"https:\/\/www.praha14.cz\/zivot-na-praze-14\/\"},{\"@type\":\"ListItem\",\"position\":2,\"name\":\"Monitorovac\u00ed zpr\u00e1vy (Komunitn\u00ed koordinace)\"}]},{\"@type\":\"WebSite\",\"@id\":\"https:\/\/www.praha14.cz\/zivot-na-praze-14\/#website\",\"url\":\"https:\/\/www.praha14.cz\/zivot-na-praze-14\/\",\"name\":\"\u017divot na Praze 14\",\"description\":\"\",\"potentialAction\":[{\"@type\":\"SearchAction\",\"target\":{\"@type\":\"EntryPoint\",\"urlTemplate\":\"https:\/\/www.praha14.cz\/zivot-na-praze-14\/?s={search_term_string}\"},\"query-input\":{\"@type\":\"PropertyValueSpecification\",\"valueRequired\":true,\"valueName\":\"search_term_string\"}}],\"inLanguage\":\"cs\"}]}<\/script>\n<!-- \/ Yoast SEO plugin. -->","yoast_head_json":{"title":"Monitorovac\u00ed zpr\u00e1vy (Komunitn\u00ed koordinace) - \u017divot na Praze 14","robots":{"index":"index","follow":"follow","max-snippet":"max-snippet:-1","max-image-preview":"max-image-preview:large","max-video-preview":"max-video-preview:-1"},"canonical":"https:\/\/www.praha14.cz\/zivot-na-praze-14\/monitorovaci-zpravy-komunitni-koordinace\/","og_locale":"cs_CZ","og_type":"article","og_title":"Monitorovac\u00ed zpr\u00e1vy (Komunitn\u00ed koordinace) - \u017divot na Praze 14","og_description":"&nbsp; Komunitn\u00ed rozvoj Prahy 14 &#8211; prvn\u00ed monitorovac\u00ed zpr\u00e1va Komunitn\u00ed rozvoj Prahy 14 &#8211; druh\u00e1 monitorovac\u00ed zpr\u00e1va Komunitn\u00ed rozvoj Prahy 14 &#8211; t\u0159et\u00ed monitorovac\u00ed zprava Komunitn\u00ed rozvoj Prahy 14 &#8211; \u010dtvrt\u00e1 monitorovac\u00ed zpr\u00e1va Komunitn\u00ed rozvoj Prahy 14 &#8211; p\u00e1t\u00e1 monitorovac\u00ed zpr\u00e1va Komunitni rozvoj Prahy 14 &#8211; \u0161est\u00e1 monitorovac\u00ed zpr\u00e1va Komunitn\u00ed rozvoj Prahy 14 &#8211; sedm\u00e1...","og_url":"https:\/\/www.praha14.cz\/zivot-na-praze-14\/monitorovaci-zpravy-komunitni-koordinace\/","og_site_name":"\u017divot na Praze 14","twitter_card":"summary_large_image","schema":{"@context":"https:\/\/schema.org","@graph":[{"@type":"WebPage","@id":"https:\/\/www.praha14.cz\/zivot-na-praze-14\/monitorovaci-zpravy-komunitni-koordinace\/","url":"https:\/\/www.praha14.cz\/zivot-na-praze-14\/monitorovaci-zpravy-komunitni-koordinace\/","name":"Monitorovac\u00ed zpr\u00e1vy (Komunitn\u00ed koordinace) - \u017divot na Praze 14","isPartOf":{"@id":"https:\/\/www.praha14.cz\/zivot-na-praze-14\/#website"},"datePublished":"2016-05-09T09:48:20+00:00","breadcrumb":{"@id":"https:\/\/www.praha14.cz\/zivot-na-praze-14\/monitorovaci-zpravy-komunitni-koordinace\/#breadcrumb"},"inLanguage":"cs","potentialAction":[{"@type":"ReadAction","target":["https:\/\/www.praha14.cz\/zivot-na-praze-14\/monitorovaci-zpravy-komunitni-koordinace\/"]}]},{"@type":"BreadcrumbList","@id":"https:\/\/www.praha14.cz\/zivot-na-praze-14\/monitorovaci-zpravy-komunitni-koordinace\/#breadcrumb","itemListElement":[{"@type":"ListItem","position":1,"name":"\u017divot na Praze 14","item":"https:\/\/www.praha14.cz\/zivot-na-praze-14\/"},{"@type":"ListItem","position":2,"name":"Monitorovac\u00ed zpr\u00e1vy (Komunitn\u00ed koordinace)"}]},{"@type":"WebSite","@id":"https:\/\/www.praha14.cz\/zivot-na-praze-14\/#website","url":"https:\/\/www.praha14.cz\/zivot-na-praze-14\/","name":"\u017divot na Praze 14","description":"","potentialAction":[{"@type":"SearchAction","target":{"@type":"EntryPoint","urlTemplate":"https:\/\/www.praha14.cz\/zivot-na-praze-14\/?s={search_term_string}"},"query-input":{"@type":"PropertyValueSpecification","valueRequired":true,"valueName":"search_term_string"}}],"inLanguage":"cs"}]}},"_links":{"self":[{"href":"https:\/\/www.praha14.cz\/zivot-na-praze-14\/wp-json\/wp\/v2\/pages\/31205","targetHints":{"allow":["GET"]}}],"collection":[{"href":"https:\/\/www.praha14.cz\/zivot-na-praze-14\/wp-json\/wp\/v2\/pages"}],"about":[{"href":"https:\/\/www.praha14.cz\/zivot-na-praze-14\/wp-json\/wp\/v2\/types\/page"}],"author":[{"embeddable":true,"href":"https:\/\/www.praha14.cz\/zivot-na-praze-14\/wp-json\/wp\/v2\/users\/1057"}],"replies":[{"embeddable":true,"href":"https:\/\/www.praha14.cz\/zivot-na-praze-14\/wp-json\/wp\/v2\/comments?post=31205"}],"version-history":[{"count":1,"href":"https:\/\/www.praha14.cz\/zivot-na-praze-14\/wp-json\/wp\/v2\/pages\/31205\/revisions"}],"predecessor-version":[{"id":31206,"href":"https:\/\/www.praha14.cz\/zivot-na-praze-14\/wp-json\/wp\/v2\/pages\/31205\/revisions\/31206"}],"wp:attachment":[{"href":"https:\/\/www.praha14.cz\/zivot-na-praze-14\/wp-json\/wp\/v2\/media?parent=31205"}],"curies":[{"name":"wp","href":"https:\/\/api.w.org\/{rel}","templated":true}]}}