{"id":35070,"date":"2017-03-06T18:46:41","date_gmt":"2017-03-06T17:46:41","guid":{"rendered":"https:\/\/www.praha14.cz\/zivot-na-praze-14\/?page_id=35070"},"modified":"2017-03-06T18:46:41","modified_gmt":"2017-03-06T17:46:41","slug":"akce-poradatele","status":"publish","type":"page","link":"https:\/\/www.praha14.cz\/zivot-na-praze-14\/akce-poradatele\/","title":{"rendered":"Po\u0159adatel\u00e9 akc\u00ed"},"content":{"rendered":"<div class=\"nonprofit-list\">\n    <div class=\"header\">\n        <h2>\n            <span class=\"title\">Po\u0159adatel<\/span>\n            <span class=\"count\">Po\u010det akc\u00ed<\/span>\n        <\/h2>\n    <\/div>\n            <a href=\"https:\/\/www.praha14.cz\/zivot-na-praze-14\/author\/fidorkajezdeckyklub\/\">\n            <span class=\"title\">Fidorka jezdeck\u00fd klub<\/span>\n            <span class=\"count\">2<\/span>\n        <\/a>\n            <a href=\"https:\/\/www.praha14.cz\/zivot-na-praze-14\/author\/praha14kulturni\/\">\n            <span class=\"title\">Praha 14 je kulturn\u00ed<\/span>\n            <span class=\"count\">674<\/span>\n        <\/a>\n            <a href=\"https:\/\/www.praha14.cz\/zivot-na-praze-14\/author\/step\/\">\n            <span class=\"title\">Step<\/span>\n            <span class=\"count\">0<\/span>\n        <\/a>\n            <a href=\"https:\/\/www.praha14.cz\/zivot-na-praze-14\/author\/knihovnahloubetin\/\">\n            <span class=\"title\">Knihovna Hloub\u011bt\u00edn<\/span>\n            <span class=\"count\">23<\/span>\n        <\/a>\n            <a href=\"https:\/\/www.praha14.cz\/zivot-na-praze-14\/author\/capoeira\/\">\n            <span class=\"title\">Capoeira<\/span>\n            <span class=\"count\">0<\/span>\n        <\/a>\n            <a href=\"https:\/\/www.praha14.cz\/zivot-na-praze-14\/author\/49royalrangers\/\">\n            <span class=\"title\">49. PH Royal Rangers<\/span>\n            <span class=\"count\">25<\/span>\n        <\/a>\n            <a href=\"https:\/\/www.praha14.cz\/zivot-na-praze-14\/author\/artmundo\/\">\n            <span class=\"title\">ART MUNDO<\/span>\n            <span class=\"count\">0<\/span>\n        <\/a>\n            <a href=\"https:\/\/www.praha14.cz\/zivot-na-praze-14\/author\/centrumcernymost\/\">\n            <span class=\"title\">Centrum \u010cern\u00fd Most<\/span>\n            <span class=\"count\">3<\/span>\n        <\/a>\n            <a href=\"https:\/\/www.praha14.cz\/zivot-na-praze-14\/author\/czepa\/\">\n            <span class=\"title\">\u010cesk\u00e1 asociace paraplegik\u016f - CZEPA, z.s.<\/span>\n            <span class=\"count\">7<\/span>\n        <\/a>\n            <a href=\"https:\/\/www.praha14.cz\/zivot-na-praze-14\/author\/dogracing\/\">\n            <span class=\"title\">\u010cesk\u00fd dog racing klub<\/span>\n            <span class=\"count\">15<\/span>\n        <\/a>\n            <a href=\"https:\/\/www.praha14.cz\/zivot-na-praze-14\/author\/cheeracademy\/\">\n            <span class=\"title\">Cheer Academy, z.s.<\/span>\n            <span class=\"count\">1<\/span>\n        <\/a>\n            <a href=\"https:\/\/www.praha14.cz\/zivot-na-praze-14\/author\/cirkevbratrska\/\">\n            <span class=\"title\">C\u00edrkev bratrsk\u00e1<\/span>\n            <span class=\"count\">11<\/span>\n        <\/a>\n            <a href=\"https:\/\/www.praha14.cz\/zivot-na-praze-14\/author\/clovekapes\/\">\n            <span class=\"title\">\u010clov\u011bk a pes<\/span>\n            <span class=\"count\">4<\/span>\n        <\/a>\n            <a href=\"https:\/\/www.praha14.cz\/zivot-na-praze-14\/author\/dcpaprsek\/\">\n            <span class=\"title\">DC Paprsek - Rodinn\u00e9 centrum Zde\u0148ka Mat\u011bj\u010dka<\/span>\n            <span class=\"count\">8<\/span>\n        <\/a>\n            <a href=\"https:\/\/www.praha14.cz\/zivot-na-praze-14\/author\/pohadka\/\">\n            <span class=\"title\">D\u011btsk\u00e9 studio Poh\u00e1dka<\/span>\n            <span class=\"count\">2<\/span>\n        <\/a>\n            <a href=\"https:\/\/www.praha14.cz\/zivot-na-praze-14\/author\/ddmpraha9\/\">\n            <span class=\"title\">D\u016fm d\u011bt\u00ed a ml\u00e1de\u017ee Praha 9<\/span>\n            <span class=\"count\">102<\/span>\n        <\/a>\n            <a href=\"https:\/\/www.praha14.cz\/zivot-na-praze-14\/author\/integracnicentrum\/\">\n            <span class=\"title\">Integra\u010dn\u00ed centrum Praha o.p.s.<\/span>\n            <span class=\"count\">1<\/span>\n        <\/a>\n            <a href=\"https:\/\/www.praha14.cz\/zivot-na-praze-14\/author\/melme\/\">\n            <span class=\"title\">Kat\u010din ateli\u00e9r. MELME sro.<\/span>\n            <span class=\"count\">0<\/span>\n        <\/a>\n            <a href=\"https:\/\/www.praha14.cz\/zivot-na-praze-14\/author\/kavarnamanana\/\">\n            <span class=\"title\">Kav\u00e1rna Ma\u0148\u00e1na<\/span>\n            <span class=\"count\">20<\/span>\n        <\/a>\n            <a href=\"https:\/\/www.praha14.cz\/zivot-na-praze-14\/author\/slunecnice\/\">\n            <span class=\"title\">Kav\u00e1rna Ma\u0148\u00e1na, Centrum Slune\u010dnice o.p.s.<\/span>\n            <span class=\"count\">2<\/span>\n        <\/a>\n            <a href=\"https:\/\/www.praha14.cz\/zivot-na-praze-14\/author\/motylek\/\">\n            <span class=\"title\">KC Mot\u00fdlek<\/span>\n            <span class=\"count\">11<\/span>\n        <\/a>\n            <a href=\"https:\/\/www.praha14.cz\/zivot-na-praze-14\/author\/kdkyje\/\">\n            <span class=\"title\">KD Kyje<\/span>\n            <span class=\"count\">260<\/span>\n        <\/a>\n            <a href=\"https:\/\/www.praha14.cz\/zivot-na-praze-14\/author\/krasnapraha14\/\">\n            <span class=\"title\">Kr\u00e1sn\u00e1 Praha 14<\/span>\n            <span class=\"count\">14<\/span>\n        <\/a>\n            <a href=\"https:\/\/www.praha14.cz\/zivot-na-praze-14\/author\/kristinka\/\">\n            <span class=\"title\">Krist\u00ednka, z.s.<\/span>\n            <span class=\"count\">2<\/span>\n        <\/a>\n            <a href=\"https:\/\/www.praha14.cz\/zivot-na-praze-14\/author\/loudaauto\/\">\n            <span class=\"title\">Louda Auto a.s.<\/span>\n            <span class=\"count\">1<\/span>\n        <\/a>\n            <a href=\"https:\/\/www.praha14.cz\/zivot-na-praze-14\/author\/jahoda\/\">\n            <span class=\"title\">Luk\u00e1\u0161 Hadrava<\/span>\n            <span class=\"count\">48<\/span>\n        <\/a>\n            <a href=\"https:\/\/www.praha14.cz\/zivot-na-praze-14\/author\/veselycertik\/\">\n            <span class=\"title\">MC a RK VESEL\u00dd \u010cERT\u00cdK z.s.<\/span>\n            <span class=\"count\">2<\/span>\n        <\/a>\n            <a href=\"https:\/\/www.praha14.cz\/zivot-na-praze-14\/author\/klubicko\/\">\n            <span class=\"title\">MC Klub\u00ed\u010dko YMCA Praha<\/span>\n            <span class=\"count\">206<\/span>\n        <\/a>\n            <a href=\"https:\/\/www.praha14.cz\/zivot-na-praze-14\/author\/mcp14\/\">\n            <span class=\"title\">M\u010c Praha 14<\/span>\n            <span class=\"count\">446<\/span>\n        <\/a>\n            <a href=\"https:\/\/www.praha14.cz\/zivot-na-praze-14\/author\/knihovna\/\">\n            <span class=\"title\">M\u011bstsk\u00e1 knihovna v Praze - Rajsk\u00e1 zahrada<\/span>\n            <span class=\"count\">47<\/span>\n        <\/a>\n            <a href=\"https:\/\/www.praha14.cz\/zivot-na-praze-14\/author\/mkphloubetin\/\">\n            <span class=\"title\">MKP Hloub\u011bt\u00edn<\/span>\n            <span class=\"count\">5<\/span>\n        <\/a>\n            <a href=\"https:\/\/www.praha14.cz\/zivot-na-praze-14\/author\/pastelka\/\">\n            <span class=\"title\">Montessori centrum PASTELKA<\/span>\n            <span class=\"count\">0<\/span>\n        <\/a>\n            <a href=\"https:\/\/www.praha14.cz\/zivot-na-praze-14\/author\/neposeda\/\">\n            <span class=\"title\">Neposeda<\/span>\n            <span class=\"count\">53<\/span>\n        <\/a>\n            <a href=\"https:\/\/www.praha14.cz\/zivot-na-praze-14\/author\/pacific\/\">\n            <span class=\"title\">N\u00edzkoprahov\u00fd klub Pacific<\/span>\n            <span class=\"count\">8<\/span>\n        <\/a>\n            <a href=\"https:\/\/www.praha14.cz\/zivot-na-praze-14\/author\/pestraspolecnost\/\">\n            <span class=\"title\">Pestr\u00e1, o. p. s.<\/span>\n            <span class=\"count\">7<\/span>\n        <\/a>\n            <a href=\"https:\/\/www.praha14.cz\/zivot-na-praze-14\/author\/orion\/\">\n            <span class=\"title\">Pion\u00fdr z.s. - 93. PS Orion<\/span>\n            <span class=\"count\">14<\/span>\n        <\/a>\n            <a href=\"https:\/\/www.praha14.cz\/zivot-na-praze-14\/author\/rehafit\/\">\n            <span class=\"title\">Rehafit, o.p.s.<\/span>\n            <span class=\"count\">1<\/span>\n        <\/a>\n            <a href=\"https:\/\/www.praha14.cz\/zivot-na-praze-14\/author\/bartolomej\/\">\n            <span class=\"title\">\u0158\u00edmskokatolick\u00e1 farnost u kostela sv.Bartolom\u011bje<\/span>\n            <span class=\"count\">1<\/span>\n        <\/a>\n            <a href=\"https:\/\/www.praha14.cz\/zivot-na-praze-14\/author\/rcmum\/\">\n            <span class=\"title\">Rodinn\u00e9 a komunitn\u00ed centrum Mumraj<\/span>\n            <span class=\"count\">14<\/span>\n        <\/a>\n            <a href=\"https:\/\/www.praha14.cz\/zivot-na-praze-14\/author\/sebeobrana\/\">\n            <span class=\"title\">Sebeobrana okinawske karate<\/span>\n            <span class=\"count\">0<\/span>\n        <\/a>\n            <a href=\"https:\/\/www.praha14.cz\/zivot-na-praze-14\/author\/karate\/\">\n            <span class=\"title\">SK KAMIWAZA KARATE<\/span>\n            <span class=\"count\">1<\/span>\n        <\/a>\n            <a href=\"https:\/\/www.praha14.cz\/zivot-na-praze-14\/author\/skolavela\/\">\n            <span class=\"title\">\u0160kola Vela<\/span>\n            <span class=\"count\">2<\/span>\n        <\/a>\n            <a href=\"https:\/\/www.praha14.cz\/zivot-na-praze-14\/author\/sousedenahutich\/\">\n            <span class=\"title\">Soused\u00e9 Na Hut\u00edch<\/span>\n            <span class=\"count\">3<\/span>\n        <\/a>\n            <a href=\"https:\/\/www.praha14.cz\/zivot-na-praze-14\/author\/spectrumpha\/\">\n            <span class=\"title\">Spectrum Praha softball<\/span>\n            <span class=\"count\">1<\/span>\n        <\/a>\n            <a href=\"https:\/\/www.praha14.cz\/zivot-na-praze-14\/author\/sportspiritklub\/\">\n            <span class=\"title\">SPORT CLUB SPIRIT<\/span>\n            <span class=\"count\">2<\/span>\n        <\/a>\n            <a href=\"https:\/\/www.praha14.cz\/zivot-na-praze-14\/author\/stopzevling\/\">\n            <span class=\"title\">Stop Zevling foundation, z.s.<\/span>\n            <span class=\"count\">4<\/span>\n        <\/a>\n            <a href=\"https:\/\/www.praha14.cz\/zivot-na-praze-14\/author\/diakonie\/\">\n            <span class=\"title\">St\u0159edisko \u010cern\u00fd Most, Diakonie C\u00edrkve bratrsk\u00e9<\/span>\n            <span class=\"count\">0<\/span>\n        <\/a>\n            <a href=\"https:\/\/www.praha14.cz\/zivot-na-praze-14\/author\/sonkal\/\">\n            <span class=\"title\">Taekwon-Do ITF Sonkal<\/span>\n            <span class=\"count\">1<\/span>\n        <\/a>\n            <a href=\"https:\/\/www.praha14.cz\/zivot-na-praze-14\/author\/tjkyje\/\">\n            <span class=\"title\">TJ Kyje Praha 14<\/span>\n            <span class=\"count\">0<\/span>\n        <\/a>\n            <a href=\"https:\/\/www.praha14.cz\/zivot-na-praze-14\/author\/tjteslahloubetin\/\">\n            <span class=\"title\">TJ Slavoj Tesla Hloub\u011bt\u00edn, z.s.<\/span>\n            <span class=\"count\">4<\/span>\n        <\/a>\n            <a href=\"https:\/\/www.praha14.cz\/zivot-na-praze-14\/author\/sokoljahodnice\/\">\n            <span class=\"title\">TJ SOKOL Jahodnice<\/span>\n            <span class=\"count\">3<\/span>\n        <\/a>\n            <a href=\"https:\/\/www.praha14.cz\/zivot-na-praze-14\/author\/viceucelak\/\">\n            <span class=\"title\">V\u00edce\u00fa\u010del\u00e1k<\/span>\n            <span class=\"count\">24<\/span>\n        <\/a>\n            <a href=\"https:\/\/www.praha14.cz\/zivot-na-praze-14\/author\/palestra\/\">\n            <span class=\"title\">Vysok\u00e1 \u0161kola t\u011blesn\u00e9 v\u00fdchovy a sportu PALESTRA<\/span>\n            <span class=\"count\">1<\/span>\n        <\/a>\n            <a href=\"https:\/\/www.praha14.cz\/zivot-na-praze-14\/author\/youthincluded\/\">\n            <span class=\"title\">Youth Included<\/span>\n            <span class=\"count\">0<\/span>\n        <\/a>\n            <a href=\"https:\/\/www.praha14.cz\/zivot-na-praze-14\/author\/zajicek\/\">\n            <span class=\"title\">Zaj\u00ed\u010dek na koni o.p.s.<\/span>\n            <span class=\"count\">0<\/span>\n        <\/a>\n            <a href=\"https:\/\/www.praha14.cz\/zivot-na-praze-14\/author\/zusp9\/\">\n            <span class=\"title\">ZU\u0160, Praha 9, Ratibo\u0159ick\u00e1 30<\/span>\n            <span class=\"count\">55<\/span>\n        <\/a>\n    <\/div>\n\n","protected":false},"excerpt":{"rendered":"","protected":false},"author":1,"featured_media":0,"parent":0,"menu_order":0,"comment_status":"closed","ping_status":"closed","template":"","meta":{"_acf_changed":false,"footnotes":""},"class_list":["post-35070","page","type-page","status-publish","hentry"],"acf":[],"yoast_head":"<!-- This site is optimized with the Yoast SEO plugin v27.2 - https:\/\/yoast.com\/product\/yoast-seo-wordpress\/ -->\n<title>Po\u0159adatel\u00e9 akc\u00ed - \u017divot na Praze 14<\/title>\n<meta name=\"robots\" content=\"index, follow, max-snippet:-1, max-image-preview:large, max-video-preview:-1\" \/>\n<link rel=\"canonical\" href=\"https:\/\/www.praha14.cz\/zivot-na-praze-14\/akce-poradatele\/\" \/>\n<meta property=\"og:locale\" content=\"cs_CZ\" \/>\n<meta property=\"og:type\" content=\"article\" \/>\n<meta property=\"og:title\" content=\"Po\u0159adatel\u00e9 akc\u00ed - \u017divot na Praze 14\" \/>\n<meta property=\"og:url\" content=\"https:\/\/www.praha14.cz\/zivot-na-praze-14\/akce-poradatele\/\" \/>\n<meta property=\"og:site_name\" content=\"\u017divot na Praze 14\" \/>\n<meta name=\"twitter:card\" content=\"summary_large_image\" \/>\n<script type=\"application\/ld+json\" class=\"yoast-schema-graph\">{\"@context\":\"https:\/\/schema.org\",\"@graph\":[{\"@type\":\"WebPage\",\"@id\":\"https:\/\/www.praha14.cz\/zivot-na-praze-14\/akce-poradatele\/\",\"url\":\"https:\/\/www.praha14.cz\/zivot-na-praze-14\/akce-poradatele\/\",\"name\":\"Po\u0159adatel\u00e9 akc\u00ed - \u017divot na Praze 14\",\"isPartOf\":{\"@id\":\"https:\/\/www.praha14.cz\/zivot-na-praze-14\/#website\"},\"datePublished\":\"2017-03-06T17:46:41+00:00\",\"breadcrumb\":{\"@id\":\"https:\/\/www.praha14.cz\/zivot-na-praze-14\/akce-poradatele\/#breadcrumb\"},\"inLanguage\":\"cs\",\"potentialAction\":[{\"@type\":\"ReadAction\",\"target\":[\"https:\/\/www.praha14.cz\/zivot-na-praze-14\/akce-poradatele\/\"]}]},{\"@type\":\"BreadcrumbList\",\"@id\":\"https:\/\/www.praha14.cz\/zivot-na-praze-14\/akce-poradatele\/#breadcrumb\",\"itemListElement\":[{\"@type\":\"ListItem\",\"position\":1,\"name\":\"\u017divot na Praze 14\",\"item\":\"https:\/\/www.praha14.cz\/zivot-na-praze-14\/\"},{\"@type\":\"ListItem\",\"position\":2,\"name\":\"Po\u0159adatel\u00e9 akc\u00ed\"}]},{\"@type\":\"WebSite\",\"@id\":\"https:\/\/www.praha14.cz\/zivot-na-praze-14\/#website\",\"url\":\"https:\/\/www.praha14.cz\/zivot-na-praze-14\/\",\"name\":\"\u017divot na Praze 14\",\"description\":\"\",\"potentialAction\":[{\"@type\":\"SearchAction\",\"target\":{\"@type\":\"EntryPoint\",\"urlTemplate\":\"https:\/\/www.praha14.cz\/zivot-na-praze-14\/?s={search_term_string}\"},\"query-input\":{\"@type\":\"PropertyValueSpecification\",\"valueRequired\":true,\"valueName\":\"search_term_string\"}}],\"inLanguage\":\"cs\"}]}<\/script>\n<!-- \/ Yoast SEO plugin. -->","yoast_head_json":{"title":"Po\u0159adatel\u00e9 akc\u00ed - \u017divot na Praze 14","robots":{"index":"index","follow":"follow","max-snippet":"max-snippet:-1","max-image-preview":"max-image-preview:large","max-video-preview":"max-video-preview:-1"},"canonical":"https:\/\/www.praha14.cz\/zivot-na-praze-14\/akce-poradatele\/","og_locale":"cs_CZ","og_type":"article","og_title":"Po\u0159adatel\u00e9 akc\u00ed - \u017divot na Praze 14","og_url":"https:\/\/www.praha14.cz\/zivot-na-praze-14\/akce-poradatele\/","og_site_name":"\u017divot na Praze 14","twitter_card":"summary_large_image","schema":{"@context":"https:\/\/schema.org","@graph":[{"@type":"WebPage","@id":"https:\/\/www.praha14.cz\/zivot-na-praze-14\/akce-poradatele\/","url":"https:\/\/www.praha14.cz\/zivot-na-praze-14\/akce-poradatele\/","name":"Po\u0159adatel\u00e9 akc\u00ed - \u017divot na Praze 14","isPartOf":{"@id":"https:\/\/www.praha14.cz\/zivot-na-praze-14\/#website"},"datePublished":"2017-03-06T17:46:41+00:00","breadcrumb":{"@id":"https:\/\/www.praha14.cz\/zivot-na-praze-14\/akce-poradatele\/#breadcrumb"},"inLanguage":"cs","potentialAction":[{"@type":"ReadAction","target":["https:\/\/www.praha14.cz\/zivot-na-praze-14\/akce-poradatele\/"]}]},{"@type":"BreadcrumbList","@id":"https:\/\/www.praha14.cz\/zivot-na-praze-14\/akce-poradatele\/#breadcrumb","itemListElement":[{"@type":"ListItem","position":1,"name":"\u017divot na Praze 14","item":"https:\/\/www.praha14.cz\/zivot-na-praze-14\/"},{"@type":"ListItem","position":2,"name":"Po\u0159adatel\u00e9 akc\u00ed"}]},{"@type":"WebSite","@id":"https:\/\/www.praha14.cz\/zivot-na-praze-14\/#website","url":"https:\/\/www.praha14.cz\/zivot-na-praze-14\/","name":"\u017divot na Praze 14","description":"","potentialAction":[{"@type":"SearchAction","target":{"@type":"EntryPoint","urlTemplate":"https:\/\/www.praha14.cz\/zivot-na-praze-14\/?s={search_term_string}"},"query-input":{"@type":"PropertyValueSpecification","valueRequired":true,"valueName":"search_term_string"}}],"inLanguage":"cs"}]}},"_links":{"self":[{"href":"https:\/\/www.praha14.cz\/zivot-na-praze-14\/wp-json\/wp\/v2\/pages\/35070","targetHints":{"allow":["GET"]}}],"collection":[{"href":"https:\/\/www.praha14.cz\/zivot-na-praze-14\/wp-json\/wp\/v2\/pages"}],"about":[{"href":"https:\/\/www.praha14.cz\/zivot-na-praze-14\/wp-json\/wp\/v2\/types\/page"}],"author":[{"embeddable":true,"href":"https:\/\/www.praha14.cz\/zivot-na-praze-14\/wp-json\/wp\/v2\/users\/1"}],"replies":[{"embeddable":true,"href":"https:\/\/www.praha14.cz\/zivot-na-praze-14\/wp-json\/wp\/v2\/comments?post=35070"}],"version-history":[{"count":1,"href":"https:\/\/www.praha14.cz\/zivot-na-praze-14\/wp-json\/wp\/v2\/pages\/35070\/revisions"}],"predecessor-version":[{"id":35071,"href":"https:\/\/www.praha14.cz\/zivot-na-praze-14\/wp-json\/wp\/v2\/pages\/35070\/revisions\/35071"}],"wp:attachment":[{"href":"https:\/\/www.praha14.cz\/zivot-na-praze-14\/wp-json\/wp\/v2\/media?parent=35070"}],"curies":[{"name":"wp","href":"https:\/\/api.w.org\/{rel}","templated":true}]}}