{"id":35895,"date":"2017-04-03T12:09:05","date_gmt":"2017-04-03T10:09:05","guid":{"rendered":"https:\/\/www.praha14.cz\/zivot-na-praze-14\/?page_id=35895"},"modified":"2026-03-05T08:39:30","modified_gmt":"2026-03-05T08:39:30","slug":"farmarske-trhy-prahy-14","status":"publish","type":"page","link":"https:\/\/www.praha14.cz\/zivot-na-praze-14\/farmarske-trhy-prahy-14\/","title":{"rendered":"Farm\u00e1\u0159sk\u00e9 trhy Prahy 14"},"content":{"rendered":"<p>&nbsp;<\/p>\n<p><a href=\"https:\/\/www.praha14.cz\/app\/uploads\/sites\/4\/2017\/04\/kol\u00e1\u017e.jpg\" data-rel=\"lightbox-image-0\" data-rl_title=\"\" data-rl_caption=\"\" title=\"\"><img loading=\"lazy\" decoding=\"async\" class=\"alignnone wp-image-35903\" src=\"https:\/\/www.praha14.cz\/app\/uploads\/sites\/4\/2017\/04\/kol\u00e1\u017e-370x56.jpg\" alt=\"\" width=\"839\" height=\"127\" srcset=\"https:\/\/www.praha14.cz\/app\/uploads\/sites\/4\/2017\/04\/kol\u00e1\u017e-370x56.jpg 370w, https:\/\/www.praha14.cz\/app\/uploads\/sites\/4\/2017\/04\/kol\u00e1\u017e-768x116.jpg 768w, https:\/\/www.praha14.cz\/app\/uploads\/sites\/4\/2017\/04\/kol\u00e1\u017e-1024x155.jpg 1024w, https:\/\/www.praha14.cz\/app\/uploads\/sites\/4\/2017\/04\/kol\u00e1\u017e.jpg 1327w\" sizes=\"(max-width: 839px) 100vw, 839px\" \/><\/a><\/p>\n<section class=\"p14-panel-group\"><div id=\"panel_group_1\" class=\"panel-group\"><article class=\"panel panel-default\">\n\t\t\t<div class=\"panel-heading\">\n\t\t\t\t<h1 class=\"panel-title\">\n\t\t\t\t\t<a data-toggle=\"collapse\" data-parent=\"#panel_group_1\" href=\"#panel_1_1\" class=\"collapsed\">\n\t\t\t\t\t\tKam a kdy na farm\u00e1\u0159sk\u00e9 trhy?\n\t\t\t\t\t<\/a>\n\t\t\t\t<\/h1>\n\t\t\t<\/div>\n\t\t\t<div id=\"panel_1_1\" class=\"panel-collapse collapse\">\n\t\t\t\t<div class=\"panel-body\">\n\t\t\t\t\t<\/p>\n<p>Trhy se konaj\u00ed ka\u017ed\u00e9<strong> \u00fater\u00fd na hloub\u011bt\u00ednsk\u00e9m n\u00e1m\u011bst\u00ed, ka\u017edou st\u0159edu na\u00a0dl\u00e1\u017ed\u011bn\u00e9 plo\u0161e u stanice metra Rajsk\u00e1 zahrada a\u00a0<\/strong><strong>ka\u017ed\u00fd p\u00e1tek na prostranstv\u00ed u stanice metra \u010cern\u00fd Most, v\u017edy od 9 do 19 hodin<\/strong>. <strong>Sez\u00f3na Farm\u00e1\u0159sk\u00fdch trh\u016f Prahy 14 v roce 2026 za\u010d\u00edn\u00e1 10. b\u0159ezna v Hloub\u011bt\u00edn\u011b.<\/strong><\/p>\n<p>&nbsp;<\/p>\n<p>\n\t\t\t\t<\/div>\n\t\t\t<\/div>\n\t\t<\/article><article class=\"panel panel-default\">\n\t\t\t<div class=\"panel-heading\">\n\t\t\t\t<h1 class=\"panel-title\">\n\t\t\t\t\t<a data-toggle=\"collapse\" data-parent=\"#panel_group_1\" href=\"#panel_1_2\" class=\"collapsed\">\n\t\t\t\t\t\tKontakt na provozovatele Farm\u00e1\u0159sk\u00fdch trh\u016f Prahy 14 (Technick\u00e9 slu\u017eby Prahy 14 SP, s.r.o.)\n\t\t\t\t\t<\/a>\n\t\t\t\t<\/h1>\n\t\t\t<\/div>\n\t\t\t<div id=\"panel_1_2\" class=\"panel-collapse collapse\">\n\t\t\t\t<div class=\"panel-body\">\n\t\t\t\t\t<\/p>\n<p><strong>Korespondence a provozovatel<\/strong><\/p>\n<p>Technick\u00e9 slu\u017eby Prahy 14 SP, s.r.o.<br \/>\n\u010ceskobrodsk\u00e1 248\/50<br \/>\n198 00\u00a0 Praha 9<br \/>\nI\u010c: 24249955<br \/>\nDI\u010c: CZ4249955<\/p>\n<p><strong>Kontaktn\u00ed osoba (i pro z\u00e1jemce o prodej na trz\u00edch)<\/strong><\/p>\n<p>Petr H\u00e1jek, tel.: 737 277 743, e-mail: <a href=\"mailto:p.hajek@seznam.cz\" target=\"_blank\" rel=\"noopener\">p.hajek@tsp14.cz<\/a><\/p>\n<p>\n\t\t\t\t<\/div>\n\t\t\t<\/div>\n\t\t<\/article><article class=\"panel panel-default\">\n\t\t\t<div class=\"panel-heading\">\n\t\t\t\t<h1 class=\"panel-title\">\n\t\t\t\t\t<a data-toggle=\"collapse\" data-parent=\"#panel_group_1\" href=\"#panel_1_3\" class=\"collapsed\">\n\t\t\t\t\t\tKodex farm\u00e1\u0159sk\u00fdch trh\u016f\n\t\t\t\t\t<\/a>\n\t\t\t\t<\/h1>\n\t\t\t<\/div>\n\t\t\t<div id=\"panel_1_3\" class=\"panel-collapse collapse\">\n\t\t\t\t<div class=\"panel-body\">\n\t\t\t\t\t<\/p>\n<p><strong>Definice farm\u00e1\u0159sk\u00fdch trh\u016f<\/strong><\/p>\n<p class=\"p3\"><span class=\"s1\"><b>Farm\u00e1\u0159sk\u00e9 trhy (sedl\u00e1ck\u00e9, selsk\u00e9, zem\u011bd\u011blsk\u00e9 trhy apod.) jsou forma prodeje zem\u011bd\u011blsk\u00e9ho a potravin\u00e1\u0159sk\u00e9ho zbo\u017e\u00ed pro ob\u010danskou ve\u0159ejnost, jej\u00edm\u017e c\u00edlem je:<\/b><\/span><\/p>\n<p class=\"p4\"><span class=\"s1\">\u2022 podpora mal\u00fdch a st\u0159edn\u00edch zem\u011bd\u011blsk\u00fdch p\u011bstitel\u016f, chovatel\u016f, zpracovatel\u016f a v\u00fdrobc\u016f potravin;<\/span><\/p>\n<p class=\"p4\"><span class=\"s1\">\u2022 z\u00e1sobov\u00e1n\u00ed ob\u010dan\u016f \u010derstv\u00fdmi zem\u011bd\u011blsk\u00fdmi plodinami a potravinami p\u0159ev\u00e1\u017en\u011b \u010desk\u00e9ho a region\u00e1ln\u00edho pu\u030avodu a potravinami z ekologick\u00e9ho zem\u011bd\u011blstv\u00ed, kter\u00e9 je zalo\u017eeno na \u0161etrn\u00e9m p\u0159\u00edstupu k p\u0159\u00edrod\u011b;<\/span><\/p>\n<p class=\"p4\"><span class=\"s1\">\u2022 vytvo\u0159en\u00ed nov\u00e9ho spole\u010densk\u00e9ho prostoru, kter\u00fd vedle prodeje zem\u011bd\u011blsk\u00e9ho zbo\u017e\u00ed slou\u017e\u00ed k setk\u00e1v\u00e1n\u00ed lid\u00ed, p\u0159ibl\u00ed\u017een\u00ed m\u011bstsk\u00fdch obyvatel zem\u011bd\u011blsk\u00e9 sez\u00f3n\u011b a p\u0159\u00edrodn\u00edm cyklu\u030am;<\/span><\/p>\n<p class=\"p4\"><span class=\"s1\">\u2022 o\u017eivit vybran\u00e9 prostory m\u011bst a zlep\u0161it jejich atmosf\u00e9ru.<\/span><\/p>\n<p class=\"p6\"><span class=\"s1\">Farm\u00e1\u0159sk\u00e9 trhy se konaj\u00ed ve ve\u0159ejn\u011b ozn\u00e1men\u00e9 \u010dasov\u00e9 period\u011b, zpravidla pod otev\u0159en\u00fdm nebem a prodej na nich se \u0159\u00edd\u00ed p\u0159edem ozn\u00e1men\u00fdm a vyv\u011b\u0161en\u00fdm tr\u017en\u00edm \u0159\u00e1dem, kter\u00fd vych\u00e1z\u00ed ze vzorov\u00e9ho tr\u017en\u00edho \u0159\u00e1du a z dispozic jednotliv\u00fdch m\u011bst.<\/span><\/p>\n<p><strong>Kodex farm\u00e1\u0159sk\u00fdch trh\u016f<\/strong><\/p>\n<p class=\"p3\"><span class=\"s1\"><b>P\u0159edm\u011btem prodeje na Farm\u00e1\u0159sk\u00fdch trz\u00edch m\u016f\u017ee b\u00fdt pouze zbo\u017e\u00ed, kter\u00e9 tematicky odpov\u00edd\u00e1 charakteru Farm\u00e1\u0159sk\u00fdch trh\u016f a vych\u00e1z\u00ed z \u010desk\u00e9 tradice, a to zejm\u00e9na z tradice p\u011bstov\u00e1n\u00ed plodin, chovu hospod\u00e1\u0159sk\u00fdch zv\u00ed\u0159at a v\u00fdroby potravin\u00e1\u0159sk\u00fdch produkt\u016f. Tento \u201ekodex farm\u00e1\u0159sk\u00fdch trh\u016f\u201c m\u00e1 p\u0159isp\u011bt k lep\u0161\u00ed orientaci spot\u0159ebitel\u016f, kde z\u00e1kladn\u00edm kriteriem mus\u00ed b\u00fdt pro spot\u0159ebitele jistota o p\u016fvodu, kvalit\u011b a hygienick\u00e9 nez\u00e1vadnosti nab\u00edzen\u00fdch farm\u00e1\u0159sk\u00fdch produkt\u016f.<\/b><\/span><\/p>\n<p class=\"p7\"><span class=\"s1\">1. Prod\u00e1van\u00e9 zbo\u017e\u00ed na \u201efarm\u00e1\u0159sk\u00fdch trz\u00edch\u201c poch\u00e1z\u00ed od farm\u00e1\u0159e nebo v\u00fdrobce potravin (d\u00e1le jen farm\u00e1\u0159), kter\u00fd garantuje pu\u030avod prod\u00e1van\u00e9ho zbo\u017e\u00ed z vlastn\u00edch zdroj\u016f a je schopen tento pu\u030avod p\u0159i prodeji prok\u00e1zat.<\/span><\/p>\n<p class=\"p7\"><span class=\"s1\">2. Farm\u00e1\u0159e mu\u030a\u017ee p\u0159i prodeji zastupovat jeho rodinn\u00fd p\u0159\u00edslu\u0161n\u00edk, nebo osoba, s kterou m\u00e1 farm\u00e1\u0159 uzav\u0159enou smlouvu nebo p\u00edsemn\u00e9 pov\u011b\u0159en\u00ed.<\/span><\/p>\n<p class=\"p7\"><span class=\"s1\">3. Provozovatel\u00e9 farm\u00e1\u0159sk\u00fdch trh\u016f a farm\u00e1\u0159i u nab\u00edzen\u00e9ho zbo\u017e\u00ed dodr\u017euj\u00ed a spl\u0148uj\u00ed z\u00e1kladn\u00ed legislativn\u00ed po\u017eadavky (mimo jin\u00e9 <\/span><span class=\"s2\">www.szpi.gov.cz<\/span><span class=\"s1\">; <\/span><span class=\"s2\">www.svscr.cz<\/span><span class=\"s1\">).<\/span><\/p>\n<p class=\"p7\"><span class=\"s1\">4. Provozovatel farm\u00e1\u0159sk\u00fdch trh\u016f preferuje zejm\u00e9na farm\u00e1\u0159e, kte\u0159\u00ed prod\u00e1vaj\u00ed zbo\u017e\u00ed z dan\u00e9ho regionu. O prodeji zbo\u017e\u00ed z ostatn\u00edch region\u016f \u010cR, eventueln\u011b z p\u0159\u00edhrani\u010dn\u00edch oblast\u00ed rozhoduje provozovatel.<\/span><\/p>\n<p class=\"p7\"><span class=\"s1\">5. V r\u00e1mci tzv.\u201cdopl\u0148kov\u00e9ho prodeje\u201c mohou provozovatel\u00e9 farm\u00e1\u0159sk\u00fdch trh\u016f poskytnout m\u00edsta i jin\u00fdm prodejcu\u030am. V p\u0159\u00edpad\u011b, \u017ee se jedn\u00e1 o zahrani\u010dn\u00ed zbo\u017e\u00ed je u n\u011bj nutn\u00e9 ozna\u010dit zemi pu\u030avodu.<\/span><\/p>\n<p class=\"p7\"><span class=\"s1\">6. Provozovatel \u201efarm\u00e1\u0159sk\u00e9ho trhu\u201c kter\u00fd se hl\u00e1s\u00ed k principu\u030am \u201eKodexu farm\u00e1\u0159sk\u00fdch trhu\u030a\u201c zajist\u00ed ozna\u010den\u00ed vlastn\u00edm jednotn\u00fdm a viditeln\u00fdm logem ty st\u00e1nky prodejcu\u030a, kte\u0159\u00ed spl\u0148uj\u00ed body 1 a 2 \u201eKodexu farm\u00e1\u0159sk\u00fdch trhu\u030a\u201c.<\/span><\/p>\n<p class=\"p7\"><span class=\"s1\">7. Provozovatel farm\u00e1\u0159sk\u00e9ho trhu je povinen um\u00edstit zn\u011bn\u00ed \u201ekodexu farm\u00e1\u0159sk\u00fdch trh\u016f\u201c na viditeln\u00e9m m\u00edst\u011b p\u0159i kon\u00e1n\u00ed farm\u00e1\u0159sk\u00fdch trh\u016f (nap\u0159\u00edklad u vstupu na tyto trhy nebo na ka\u017ed\u00e9m st\u00e1nku u prod\u00e1vaj\u00edc\u00edho, u tr\u017en\u00edho \u0159\u00e1du apod.).<\/span><\/p>\n<p class=\"p7\"><span class=\"s1\">8. Ka\u017ed\u00e1 osoba (spot\u0159ebitel, farm\u00e1\u0159, prodejce, inspektor), kter\u00e1 se domn\u00edv\u00e1, \u017ee do\u0161lo \u010di doch\u00e1z\u00ed k prodeji zbo\u017e\u00ed v rozporu s \u201eKodexem farm\u00e1\u0159sk\u00fdch trhu\u030a\u201c (nap\u0159. zbo\u017e\u00ed evidentn\u011b nepoch\u00e1z\u00ed z farmy a je nakoupen\u00e9 ve velkoskladu atd.) m\u00e1 pr\u00e1vo upozornit na tento stav provozovatele farm\u00e1\u0159sk\u00fdch trhu\u030a. Provozovatel farm\u00e1\u0159sk\u00fdch trh\u016f je povinen neprodlen\u011b zajistit n\u00e1pravu (minim\u00e1ln\u011b formou odebr\u00e1n\u00ed loga jednotn\u00e9ho ozna\u010den\u00ed st\u00e1nku).<\/span><\/p>\n<p>\n\t\t\t\t<\/div>\n\t\t\t<\/div>\n\t\t<\/article><\/div><\/section>\n","protected":false},"excerpt":{"rendered":"<p>&nbsp;<\/p>\n","protected":false},"author":6,"featured_media":0,"parent":0,"menu_order":0,"comment_status":"closed","ping_status":"closed","template":"","meta":{"_acf_changed":false,"footnotes":""},"class_list":["post-35895","page","type-page","status-publish","hentry"],"acf":[],"yoast_head":"<!-- This site is optimized with the Yoast SEO plugin v27.2 - https:\/\/yoast.com\/product\/yoast-seo-wordpress\/ -->\n<title>Farm\u00e1\u0159sk\u00e9 trhy Prahy 14 - \u017divot na Praze 14<\/title>\n<meta name=\"robots\" content=\"index, follow, max-snippet:-1, max-image-preview:large, max-video-preview:-1\" \/>\n<link rel=\"canonical\" href=\"https:\/\/www.praha14.cz\/zivot-na-praze-14\/farmarske-trhy-prahy-14\/\" \/>\n<meta property=\"og:locale\" content=\"cs_CZ\" \/>\n<meta property=\"og:type\" content=\"article\" \/>\n<meta property=\"og:title\" content=\"Farm\u00e1\u0159sk\u00e9 trhy Prahy 14 - \u017divot na Praze 14\" \/>\n<meta property=\"og:description\" content=\"&nbsp;\" \/>\n<meta property=\"og:url\" content=\"https:\/\/www.praha14.cz\/zivot-na-praze-14\/farmarske-trhy-prahy-14\/\" \/>\n<meta property=\"og:site_name\" content=\"\u017divot na Praze 14\" \/>\n<meta property=\"article:modified_time\" content=\"2026-03-05T08:39:30+00:00\" \/>\n<meta name=\"twitter:card\" content=\"summary_large_image\" \/>\n<meta name=\"twitter:label1\" content=\"Est. reading time\" \/>\n\t<meta name=\"twitter:data1\" content=\"4 minuty\" \/>\n<script type=\"application\/ld+json\" class=\"yoast-schema-graph\">{\"@context\":\"https:\/\/schema.org\",\"@graph\":[{\"@type\":\"WebPage\",\"@id\":\"https:\/\/www.praha14.cz\/zivot-na-praze-14\/farmarske-trhy-prahy-14\/\",\"url\":\"https:\/\/www.praha14.cz\/zivot-na-praze-14\/farmarske-trhy-prahy-14\/\",\"name\":\"Farm\u00e1\u0159sk\u00e9 trhy Prahy 14 - \u017divot na Praze 14\",\"isPartOf\":{\"@id\":\"https:\/\/www.praha14.cz\/zivot-na-praze-14\/#website\"},\"datePublished\":\"2017-04-03T10:09:05+00:00\",\"dateModified\":\"2026-03-05T08:39:30+00:00\",\"breadcrumb\":{\"@id\":\"https:\/\/www.praha14.cz\/zivot-na-praze-14\/farmarske-trhy-prahy-14\/#breadcrumb\"},\"inLanguage\":\"cs\",\"potentialAction\":[{\"@type\":\"ReadAction\",\"target\":[\"https:\/\/www.praha14.cz\/zivot-na-praze-14\/farmarske-trhy-prahy-14\/\"]}]},{\"@type\":\"BreadcrumbList\",\"@id\":\"https:\/\/www.praha14.cz\/zivot-na-praze-14\/farmarske-trhy-prahy-14\/#breadcrumb\",\"itemListElement\":[{\"@type\":\"ListItem\",\"position\":1,\"name\":\"\u017divot na Praze 14\",\"item\":\"https:\/\/www.praha14.cz\/zivot-na-praze-14\/\"},{\"@type\":\"ListItem\",\"position\":2,\"name\":\"Farm\u00e1\u0159sk\u00e9 trhy Prahy 14\"}]},{\"@type\":\"WebSite\",\"@id\":\"https:\/\/www.praha14.cz\/zivot-na-praze-14\/#website\",\"url\":\"https:\/\/www.praha14.cz\/zivot-na-praze-14\/\",\"name\":\"\u017divot na Praze 14\",\"description\":\"\",\"potentialAction\":[{\"@type\":\"SearchAction\",\"target\":{\"@type\":\"EntryPoint\",\"urlTemplate\":\"https:\/\/www.praha14.cz\/zivot-na-praze-14\/?s={search_term_string}\"},\"query-input\":{\"@type\":\"PropertyValueSpecification\",\"valueRequired\":true,\"valueName\":\"search_term_string\"}}],\"inLanguage\":\"cs\"}]}<\/script>\n<!-- \/ Yoast SEO plugin. -->","yoast_head_json":{"title":"Farm\u00e1\u0159sk\u00e9 trhy Prahy 14 - \u017divot na Praze 14","robots":{"index":"index","follow":"follow","max-snippet":"max-snippet:-1","max-image-preview":"max-image-preview:large","max-video-preview":"max-video-preview:-1"},"canonical":"https:\/\/www.praha14.cz\/zivot-na-praze-14\/farmarske-trhy-prahy-14\/","og_locale":"cs_CZ","og_type":"article","og_title":"Farm\u00e1\u0159sk\u00e9 trhy Prahy 14 - \u017divot na Praze 14","og_description":"&nbsp;","og_url":"https:\/\/www.praha14.cz\/zivot-na-praze-14\/farmarske-trhy-prahy-14\/","og_site_name":"\u017divot na Praze 14","article_modified_time":"2026-03-05T08:39:30+00:00","twitter_card":"summary_large_image","twitter_misc":{"Est. reading time":"4 minuty"},"schema":{"@context":"https:\/\/schema.org","@graph":[{"@type":"WebPage","@id":"https:\/\/www.praha14.cz\/zivot-na-praze-14\/farmarske-trhy-prahy-14\/","url":"https:\/\/www.praha14.cz\/zivot-na-praze-14\/farmarske-trhy-prahy-14\/","name":"Farm\u00e1\u0159sk\u00e9 trhy Prahy 14 - \u017divot na Praze 14","isPartOf":{"@id":"https:\/\/www.praha14.cz\/zivot-na-praze-14\/#website"},"datePublished":"2017-04-03T10:09:05+00:00","dateModified":"2026-03-05T08:39:30+00:00","breadcrumb":{"@id":"https:\/\/www.praha14.cz\/zivot-na-praze-14\/farmarske-trhy-prahy-14\/#breadcrumb"},"inLanguage":"cs","potentialAction":[{"@type":"ReadAction","target":["https:\/\/www.praha14.cz\/zivot-na-praze-14\/farmarske-trhy-prahy-14\/"]}]},{"@type":"BreadcrumbList","@id":"https:\/\/www.praha14.cz\/zivot-na-praze-14\/farmarske-trhy-prahy-14\/#breadcrumb","itemListElement":[{"@type":"ListItem","position":1,"name":"\u017divot na Praze 14","item":"https:\/\/www.praha14.cz\/zivot-na-praze-14\/"},{"@type":"ListItem","position":2,"name":"Farm\u00e1\u0159sk\u00e9 trhy Prahy 14"}]},{"@type":"WebSite","@id":"https:\/\/www.praha14.cz\/zivot-na-praze-14\/#website","url":"https:\/\/www.praha14.cz\/zivot-na-praze-14\/","name":"\u017divot na Praze 14","description":"","potentialAction":[{"@type":"SearchAction","target":{"@type":"EntryPoint","urlTemplate":"https:\/\/www.praha14.cz\/zivot-na-praze-14\/?s={search_term_string}"},"query-input":{"@type":"PropertyValueSpecification","valueRequired":true,"valueName":"search_term_string"}}],"inLanguage":"cs"}]}},"_links":{"self":[{"href":"https:\/\/www.praha14.cz\/zivot-na-praze-14\/wp-json\/wp\/v2\/pages\/35895","targetHints":{"allow":["GET"]}}],"collection":[{"href":"https:\/\/www.praha14.cz\/zivot-na-praze-14\/wp-json\/wp\/v2\/pages"}],"about":[{"href":"https:\/\/www.praha14.cz\/zivot-na-praze-14\/wp-json\/wp\/v2\/types\/page"}],"author":[{"embeddable":true,"href":"https:\/\/www.praha14.cz\/zivot-na-praze-14\/wp-json\/wp\/v2\/users\/6"}],"replies":[{"embeddable":true,"href":"https:\/\/www.praha14.cz\/zivot-na-praze-14\/wp-json\/wp\/v2\/comments?post=35895"}],"version-history":[{"count":17,"href":"https:\/\/www.praha14.cz\/zivot-na-praze-14\/wp-json\/wp\/v2\/pages\/35895\/revisions"}],"predecessor-version":[{"id":74105,"href":"https:\/\/www.praha14.cz\/zivot-na-praze-14\/wp-json\/wp\/v2\/pages\/35895\/revisions\/74105"}],"wp:attachment":[{"href":"https:\/\/www.praha14.cz\/zivot-na-praze-14\/wp-json\/wp\/v2\/media?parent=35895"}],"curies":[{"name":"wp","href":"https:\/\/api.w.org\/{rel}","templated":true}]}}