{"id":36547,"date":"2017-04-21T12:03:30","date_gmt":"2017-04-21T12:03:30","guid":{"rendered":"https:\/\/www.praha14.cz\/zivot-na-praze-14\/?page_id=36547"},"modified":"2023-07-10T06:22:37","modified_gmt":"2023-07-10T06:22:37","slug":"dobrovolnictvi-v-praze-14","status":"publish","type":"page","link":"https:\/\/www.praha14.cz\/zivot-na-praze-14\/dobrovolnictvi-v-praze-14\/","title":{"rendered":"Dobrovolnictv\u00ed v Praze 14"},"content":{"rendered":"<p>Chcete se st\u00e1t dobrovoln\u00edkem? V Praze 14 funguje cel\u00e1 \u0159ada organizac\u00ed, kter\u00e9 va\u0161i pomoc pot\u0159ebuj\u00ed. Na t\u00e9to str\u00e1nce naleznete z\u00e1kladn\u00ed informace o dobrovolnictv\u00ed a o tom, kde se m\u016f\u017eete zapojit. D\u011bkujeme v\u0161em, kte\u0159\u00ed jsou ochotn\u00ed pom\u00e1hat a b\u00fdt u\u017eite\u010dn\u00ed pro ostatn\u00ed.<\/p>\n<section class=\"p14-panel-group\"><div id=\"panel_group_1\" class=\"panel-group\"><article class=\"panel panel-default\">\n\t\t\t<div class=\"panel-heading\">\n\t\t\t\t<h1 class=\"panel-title\">\n\t\t\t\t\t<a data-toggle=\"collapse\" data-parent=\"#panel_group_1\" href=\"#panel_1_1\" class=\"collapsed\">\n\t\t\t\t\t\tKdo je dobrovoln\u00edk\n\t\t\t\t\t<\/a>\n\t\t\t\t<\/h1>\n\t\t\t<\/div>\n\t\t\t<div id=\"panel_1_1\" class=\"panel-collapse collapse\">\n\t\t\t\t<div class=\"panel-body\">\n\t\t\t\t\t<\/p>\n<p>Dobrovoln\u00edk je \u010dlov\u011bk, kter\u00fd ze sv\u00e9 vlastn\u00ed v\u016fle a ve sv\u00e9m voln\u00e9m \u010dase bez n\u00e1roku na odm\u011bnu pom\u00e1h\u00e1m lidem kolem sebe a zapojuje se do ve\u0159ejn\u011b prosp\u011b\u0161n\u00fdch aktivit. M\u016f\u017ee se j\u00edm st\u00e1t osoba star\u0161\u00ed 15 let, pokud vykon\u00e1v\u00e1 dobrovolnickou \u010dinnost na \u00fazem\u00ed \u010cesk\u00e9 republiky.<\/p>\n<p>\n\t\t\t\t<\/div>\n\t\t\t<\/div>\n\t\t<\/article><article class=\"panel panel-default\">\n\t\t\t<div class=\"panel-heading\">\n\t\t\t\t<h1 class=\"panel-title\">\n\t\t\t\t\t<a data-toggle=\"collapse\" data-parent=\"#panel_group_1\" href=\"#panel_1_2\" class=\"collapsed\">\n\t\t\t\t\t\tCo dobrovolnictv\u00ed p\u0159in\u00e1\u0161\u00ed?\n\t\t\t\t\t<\/a>\n\t\t\t\t<\/h1>\n\t\t\t<\/div>\n\t\t\t<div id=\"panel_1_2\" class=\"panel-collapse collapse\">\n\t\t\t\t<div class=\"panel-body\">\n\t\t\t\t\t<\/p>\n<ul>\n<li>mo\u017enost nab\u00eddnout sv\u00e9 schopnosti a dovednosti pot\u0159ebn\u00fdm, vytv\u00e1\u0159et n\u011bco nov\u00e9ho, prosp\u011b\u0161n\u00e9ho v\u00a0oblastech z\u00e1jmu<\/li>\n<li>d\u00edky pomoci ostatn\u00edm poznat nov\u00e9 zaj\u00edmav\u00e9 lidi, roz\u0161\u00ed\u0159it si obzory a na\u010derpat zku\u0161enosti, kter\u00e9 jinde nez\u00edsk\u00e1<\/li>\n<\/ul>\n<p>\n\t\t\t\t<\/div>\n\t\t\t<\/div>\n\t\t<\/article><article class=\"panel panel-default\">\n\t\t\t<div class=\"panel-heading\">\n\t\t\t\t<h1 class=\"panel-title\">\n\t\t\t\t\t<a data-toggle=\"collapse\" data-parent=\"#panel_group_1\" href=\"#panel_1_3\" class=\"collapsed\">\n\t\t\t\t\t\tDobrovolnictv\u00ed z pohledu z\u00e1kona\n\t\t\t\t\t<\/a>\n\t\t\t\t<\/h1>\n\t\t\t<\/div>\n\t\t\t<div id=\"panel_1_3\" class=\"panel-collapse collapse\">\n\t\t\t\t<div class=\"panel-body\">\n\t\t\t\t\t<\/p>\n<p>Dobrovolnictv\u00ed je upraveno z\u00e1k. \u010d. 198\/2002 Sb., o dobrovolnick\u00e9 slu\u017eb\u011b, ve zn\u011bn\u00ed pozd\u011bj\u0161\u00edch z\u00e1kon\u016f. Ka\u017ed\u00e1 organizace, kter\u00e1 dobrovoln\u00edky vyb\u00edr\u00e1, eviduje a p\u0159ipravuje pro dobrovolnickou \u010dinnost mus\u00ed b\u00fdt akreditovan\u00e1 Ministerstvem vnitra \u010cR. N\u011bkter\u00e9 organizace pro zaji\u0161t\u011bn\u00ed sv\u00e9 \u010dinnosti dobrovoln\u00edky nepot\u0159ebuj\u00ed a pouze je vyb\u00edraj\u00ed pro organizace (tzv. vys\u00edlaj\u00edc\u00ed organizace), kter\u00e9 naopak ano (tzv. p\u0159ij\u00edmaj\u00edc\u00ed organizace). Jin\u00e9 organizace maj\u00ed v\u00a0r\u00e1mci sv\u00e9 struktury z\u0159\u00edzeno dobrovolnick\u00e9 centrum a vyb\u00edraj\u00ed dobrovoln\u00edky pro vlastn\u00ed prosp\u011b\u0161nou \u010dinnost. Ka\u017ed\u00fd dobrovoln\u00edk proch\u00e1z\u00ed \u0161kolen\u00edm, je odborn\u011b veden a svou \u010dinnost vykon\u00e1v\u00e1 pod superviz\u00ed.<\/p>\n<p>\n\t\t\t\t<\/div>\n\t\t\t<\/div>\n\t\t<\/article><article class=\"panel panel-default\">\n\t\t\t<div class=\"panel-heading\">\n\t\t\t\t<h1 class=\"panel-title\">\n\t\t\t\t\t<a data-toggle=\"collapse\" data-parent=\"#panel_group_1\" href=\"#panel_1_4\" class=\"collapsed\">\n\t\t\t\t\t\tKde m\u016f\u017eete pom\u00e1hat - p\u0159ehled organizac\u00ed\n\t\t\t\t\t<\/a>\n\t\t\t\t<\/h1>\n\t\t\t<\/div>\n\t\t\t<div id=\"panel_1_4\" class=\"panel-collapse collapse\">\n\t\t\t\t<div class=\"panel-body\">\n\t\t\t\t\t<\/p>\n<p><span style=\"color: #009dde;\"><strong>Okam\u017eik, z. \u00fa.<\/strong><\/span> (pomoc lidem se zrakov\u00fdm posti\u017een\u00edm)<br \/>\nWeb: <a href=\"http:\/\/www.okamzik.cz\" target=\"_blank\" rel=\"noopener noreferrer\">www.okamzik.cz<\/a><\/p>\n<p><strong><span style=\"color: #009dde;\">Jahoda, o. p. s. <\/span><\/strong><span style=\"color: #000000;\">(n\u00edzkoprahov\u00fd klub pro d\u011bti a mlad\u00e9 lidi, ter\u00e9nn\u00ed program, rodinn\u00e9 centrum, jesle, \u0161kolky)<\/span><strong><span style=\"color: #009dde;\"><br \/>\n<\/span><\/strong><span style=\"color: #009dde;\"><span style=\"color: #000000;\">Web: <\/span><\/span><span style=\"color: #009dde;\"><a href=\"http:\/\/www.jahoda.cz\/\" target=\"_blank\" rel=\"noopener noreferrer\">www.jahoda.cz<\/a><\/span><\/p>\n<p><strong><span style=\"color: #009dde;\">Komunitn\u00ed centrum Mot\u00fdlek <\/span><\/strong><span style=\"color: #000000;\">(odborn\u00e1 pomoc rodin\u00e1m s d\u011btmi se \u0161irok\u00fdm spektrem specifick\u00fdch pot\u0159eb)<\/span><strong><span style=\"color: #009dde;\"><br \/>\n<\/span><\/strong><span style=\"color: #009dde;\"><span style=\"color: #000000;\">Web: <\/span><\/span><span style=\"color: #009dde;\"><a href=\"http:\/\/www.motylek.org\" target=\"_blank\" rel=\"noopener noreferrer\">www.motylek.org<\/a><\/span><\/p>\n<p><strong><span style=\"color: #009dde;\">Oblastn\u00ed spolek \u010cesk\u00e9ho \u010derven\u00e9ho k\u0159\u00ed\u017ee Praha 9 <\/span><\/strong><span style=\"color: #000000;\">(pomoc senior\u016fm v domovech pro seniory, pe\u010dovatelsk\u00e1 slu\u017eba)<\/span><strong><span style=\"color: #009dde;\"><br \/>\n<\/span><\/strong>Web: \u00a0<a href=\"http:\/\/www.cckp9.cz\" target=\"_blank\" rel=\"noopener noreferrer\">www.cckp9.cz<\/a><\/p>\n<p><strong><span style=\"color: #009dde;\">HESTIA &#8211; Centrum pro dobrovolnictv\u00ed, z.\u00fa. <\/span><\/strong><span style=\"color: #000000;\">(programy a \u0161kolen\u00ed pro dobrovoln\u00edky)<\/span><strong><span style=\"color: #009dde;\"><br \/>\n<\/span><\/strong><span style=\"color: #000000;\">Web: <\/span><span style=\"color: #009dde;\"><a href=\"http:\/\/www.hest.cz\" target=\"_blank\" rel=\"noopener noreferrer\">www.hest.cz<\/a><\/span><\/p>\n<p><strong><span style=\"color: #009dde;\"><br \/>\n<\/span><\/strong>\n\t\t\t\t<\/div>\n\t\t\t<\/div>\n\t\t<\/article><\/div><\/section>\n","protected":false},"excerpt":{"rendered":"<p>Chcete se st\u00e1t dobrovoln\u00edkem? V Praze 14 funguje cel\u00e1 \u0159ada organizac\u00ed, kter\u00e9 va\u0161i pomoc pot\u0159ebuj\u00ed. Na t\u00e9to str\u00e1nce naleznete z\u00e1kladn\u00ed informace o dobrovolnictv\u00ed a o tom, kde se m\u016f\u017eete zapojit. D\u011bkujeme v\u0161em, kte\u0159\u00ed jsou ochotn\u00ed pom\u00e1hat a b\u00fdt u\u017eite\u010dn\u00ed pro ostatn\u00ed.<\/p>\n","protected":false},"author":6,"featured_media":0,"parent":0,"menu_order":0,"comment_status":"closed","ping_status":"closed","template":"","meta":{"_acf_changed":false,"footnotes":""},"class_list":["post-36547","page","type-page","status-publish","hentry"],"acf":[],"yoast_head":"<!-- This site is optimized with the Yoast SEO plugin v27.2 - https:\/\/yoast.com\/product\/yoast-seo-wordpress\/ -->\n<title>Dobrovolnictv\u00ed v Praze 14 - \u017divot na Praze 14<\/title>\n<meta name=\"robots\" content=\"index, follow, max-snippet:-1, max-image-preview:large, max-video-preview:-1\" \/>\n<link rel=\"canonical\" href=\"https:\/\/www.praha14.cz\/zivot-na-praze-14\/dobrovolnictvi-v-praze-14\/\" \/>\n<meta property=\"og:locale\" content=\"cs_CZ\" \/>\n<meta property=\"og:type\" content=\"article\" \/>\n<meta property=\"og:title\" content=\"Dobrovolnictv\u00ed v Praze 14 - \u017divot na Praze 14\" \/>\n<meta property=\"og:description\" content=\"Chcete se st\u00e1t dobrovoln\u00edkem? V Praze 14 funguje cel\u00e1 \u0159ada organizac\u00ed, kter\u00e9 va\u0161i pomoc pot\u0159ebuj\u00ed. Na t\u00e9to str\u00e1nce naleznete z\u00e1kladn\u00ed informace o dobrovolnictv\u00ed a o tom, kde se m\u016f\u017eete zapojit. D\u011bkujeme v\u0161em, kte\u0159\u00ed jsou ochotn\u00ed pom\u00e1hat a b\u00fdt u\u017eite\u010dn\u00ed pro ostatn\u00ed.\" \/>\n<meta property=\"og:url\" content=\"https:\/\/www.praha14.cz\/zivot-na-praze-14\/dobrovolnictvi-v-praze-14\/\" \/>\n<meta property=\"og:site_name\" content=\"\u017divot na Praze 14\" \/>\n<meta property=\"article:modified_time\" content=\"2023-07-10T06:22:37+00:00\" \/>\n<meta name=\"twitter:card\" content=\"summary_large_image\" \/>\n<meta name=\"twitter:label1\" content=\"Est. reading time\" \/>\n\t<meta name=\"twitter:data1\" content=\"2 minuty\" \/>\n<script type=\"application\/ld+json\" class=\"yoast-schema-graph\">{\"@context\":\"https:\/\/schema.org\",\"@graph\":[{\"@type\":\"WebPage\",\"@id\":\"https:\/\/www.praha14.cz\/zivot-na-praze-14\/dobrovolnictvi-v-praze-14\/\",\"url\":\"https:\/\/www.praha14.cz\/zivot-na-praze-14\/dobrovolnictvi-v-praze-14\/\",\"name\":\"Dobrovolnictv\u00ed v Praze 14 - \u017divot na Praze 14\",\"isPartOf\":{\"@id\":\"https:\/\/www.praha14.cz\/zivot-na-praze-14\/#website\"},\"datePublished\":\"2017-04-21T12:03:30+00:00\",\"dateModified\":\"2023-07-10T06:22:37+00:00\",\"breadcrumb\":{\"@id\":\"https:\/\/www.praha14.cz\/zivot-na-praze-14\/dobrovolnictvi-v-praze-14\/#breadcrumb\"},\"inLanguage\":\"cs\",\"potentialAction\":[{\"@type\":\"ReadAction\",\"target\":[\"https:\/\/www.praha14.cz\/zivot-na-praze-14\/dobrovolnictvi-v-praze-14\/\"]}]},{\"@type\":\"BreadcrumbList\",\"@id\":\"https:\/\/www.praha14.cz\/zivot-na-praze-14\/dobrovolnictvi-v-praze-14\/#breadcrumb\",\"itemListElement\":[{\"@type\":\"ListItem\",\"position\":1,\"name\":\"\u017divot na Praze 14\",\"item\":\"https:\/\/www.praha14.cz\/zivot-na-praze-14\/\"},{\"@type\":\"ListItem\",\"position\":2,\"name\":\"Dobrovolnictv\u00ed v Praze 14\"}]},{\"@type\":\"WebSite\",\"@id\":\"https:\/\/www.praha14.cz\/zivot-na-praze-14\/#website\",\"url\":\"https:\/\/www.praha14.cz\/zivot-na-praze-14\/\",\"name\":\"\u017divot na Praze 14\",\"description\":\"\",\"potentialAction\":[{\"@type\":\"SearchAction\",\"target\":{\"@type\":\"EntryPoint\",\"urlTemplate\":\"https:\/\/www.praha14.cz\/zivot-na-praze-14\/?s={search_term_string}\"},\"query-input\":{\"@type\":\"PropertyValueSpecification\",\"valueRequired\":true,\"valueName\":\"search_term_string\"}}],\"inLanguage\":\"cs\"}]}<\/script>\n<!-- \/ Yoast SEO plugin. -->","yoast_head_json":{"title":"Dobrovolnictv\u00ed v Praze 14 - \u017divot na Praze 14","robots":{"index":"index","follow":"follow","max-snippet":"max-snippet:-1","max-image-preview":"max-image-preview:large","max-video-preview":"max-video-preview:-1"},"canonical":"https:\/\/www.praha14.cz\/zivot-na-praze-14\/dobrovolnictvi-v-praze-14\/","og_locale":"cs_CZ","og_type":"article","og_title":"Dobrovolnictv\u00ed v Praze 14 - \u017divot na Praze 14","og_description":"Chcete se st\u00e1t dobrovoln\u00edkem? V Praze 14 funguje cel\u00e1 \u0159ada organizac\u00ed, kter\u00e9 va\u0161i pomoc pot\u0159ebuj\u00ed. Na t\u00e9to str\u00e1nce naleznete z\u00e1kladn\u00ed informace o dobrovolnictv\u00ed a o tom, kde se m\u016f\u017eete zapojit. D\u011bkujeme v\u0161em, kte\u0159\u00ed jsou ochotn\u00ed pom\u00e1hat a b\u00fdt u\u017eite\u010dn\u00ed pro ostatn\u00ed.","og_url":"https:\/\/www.praha14.cz\/zivot-na-praze-14\/dobrovolnictvi-v-praze-14\/","og_site_name":"\u017divot na Praze 14","article_modified_time":"2023-07-10T06:22:37+00:00","twitter_card":"summary_large_image","twitter_misc":{"Est. reading time":"2 minuty"},"schema":{"@context":"https:\/\/schema.org","@graph":[{"@type":"WebPage","@id":"https:\/\/www.praha14.cz\/zivot-na-praze-14\/dobrovolnictvi-v-praze-14\/","url":"https:\/\/www.praha14.cz\/zivot-na-praze-14\/dobrovolnictvi-v-praze-14\/","name":"Dobrovolnictv\u00ed v Praze 14 - \u017divot na Praze 14","isPartOf":{"@id":"https:\/\/www.praha14.cz\/zivot-na-praze-14\/#website"},"datePublished":"2017-04-21T12:03:30+00:00","dateModified":"2023-07-10T06:22:37+00:00","breadcrumb":{"@id":"https:\/\/www.praha14.cz\/zivot-na-praze-14\/dobrovolnictvi-v-praze-14\/#breadcrumb"},"inLanguage":"cs","potentialAction":[{"@type":"ReadAction","target":["https:\/\/www.praha14.cz\/zivot-na-praze-14\/dobrovolnictvi-v-praze-14\/"]}]},{"@type":"BreadcrumbList","@id":"https:\/\/www.praha14.cz\/zivot-na-praze-14\/dobrovolnictvi-v-praze-14\/#breadcrumb","itemListElement":[{"@type":"ListItem","position":1,"name":"\u017divot na Praze 14","item":"https:\/\/www.praha14.cz\/zivot-na-praze-14\/"},{"@type":"ListItem","position":2,"name":"Dobrovolnictv\u00ed v Praze 14"}]},{"@type":"WebSite","@id":"https:\/\/www.praha14.cz\/zivot-na-praze-14\/#website","url":"https:\/\/www.praha14.cz\/zivot-na-praze-14\/","name":"\u017divot na Praze 14","description":"","potentialAction":[{"@type":"SearchAction","target":{"@type":"EntryPoint","urlTemplate":"https:\/\/www.praha14.cz\/zivot-na-praze-14\/?s={search_term_string}"},"query-input":{"@type":"PropertyValueSpecification","valueRequired":true,"valueName":"search_term_string"}}],"inLanguage":"cs"}]}},"_links":{"self":[{"href":"https:\/\/www.praha14.cz\/zivot-na-praze-14\/wp-json\/wp\/v2\/pages\/36547","targetHints":{"allow":["GET"]}}],"collection":[{"href":"https:\/\/www.praha14.cz\/zivot-na-praze-14\/wp-json\/wp\/v2\/pages"}],"about":[{"href":"https:\/\/www.praha14.cz\/zivot-na-praze-14\/wp-json\/wp\/v2\/types\/page"}],"author":[{"embeddable":true,"href":"https:\/\/www.praha14.cz\/zivot-na-praze-14\/wp-json\/wp\/v2\/users\/6"}],"replies":[{"embeddable":true,"href":"https:\/\/www.praha14.cz\/zivot-na-praze-14\/wp-json\/wp\/v2\/comments?post=36547"}],"version-history":[{"count":6,"href":"https:\/\/www.praha14.cz\/zivot-na-praze-14\/wp-json\/wp\/v2\/pages\/36547\/revisions"}],"predecessor-version":[{"id":67875,"href":"https:\/\/www.praha14.cz\/zivot-na-praze-14\/wp-json\/wp\/v2\/pages\/36547\/revisions\/67875"}],"wp:attachment":[{"href":"https:\/\/www.praha14.cz\/zivot-na-praze-14\/wp-json\/wp\/v2\/media?parent=36547"}],"curies":[{"name":"wp","href":"https:\/\/api.w.org\/{rel}","templated":true}]}}