{"id":38788,"date":"2017-09-11T10:16:48","date_gmt":"2017-09-11T10:16:48","guid":{"rendered":"https:\/\/www.praha14.cz\/zivot-na-praze-14\/?page_id=38788"},"modified":"2017-09-11T10:16:48","modified_gmt":"2017-09-11T10:16:48","slug":"polyfunkcni-dum-na-rohu-ulic-anny-cizkove-a-podebradska","status":"publish","type":"page","link":"https:\/\/www.praha14.cz\/zivot-na-praze-14\/polyfunkcni-dum-na-rohu-ulic-anny-cizkove-a-podebradska\/","title":{"rendered":"POLYFUNK\u010cN\u00cd D\u016eM  NA ROHU ULIC ANNY \u010c\u00cd\u017dKOV\u00c9 A POD\u011aBRADSK\u00c1"},"content":{"rendered":"<p><span style=\"color: #009dde;\"><strong>Um\u00edst\u011bn\u00ed:<\/strong><\/span> kat. \u00fazem\u00ed Hloub\u011bt\u00edn, na rohu ulic Anny \u010c\u00ed\u017ekov\u00e9 a Pod\u011bbradsk\u00e1<\/p>\n<p><strong><span style=\"color: #009dde;\">Investor:<\/span><\/strong> Monika Konhefr, V\u00a0Luk\u00e1ch 2795\/7, Praha 9<\/p>\n<p><span style=\"color: #009dde;\"><strong>Projektant:<\/strong> <\/span>Hofman architekti, Dejvick\u00e1 27, Praha 6<\/p>\n<p><span style=\"color: #009dde;\"><strong>Objekt:<\/strong><\/span> t\u0159i nadzemn\u00ed a dv\u011b podzemn\u00ed podla\u017e\u00ed<\/p>\n<p><span style=\"color: #009dde;\"><strong>Bydlen\u00ed: <\/strong><\/span>1-3 nadzemn\u00ed podla\u017e\u00ed; 8 bytov\u00fdch jednotek, 8 ateli\u00e9r\u016f<\/p>\n<p><span style=\"color: #009dde;\"><strong>Parkov\u00e1n\u00ed:<\/strong><\/span> 17 parkovac\u00edch st\u00e1n\u00ed v\u00a02. suter\u00e9nu, 3 st\u00e1n\u00ed v\u00a0ulici Anny \u010c\u00ed\u017ekov\u00e9<\/p>\n<p><strong><span style=\"color: #009dde;\">Slu\u017eby<\/span>: <\/strong>dv\u011b obchodn\u00ed jednotky v\u00a01. podzemn\u00edm podla\u017e\u00ed<\/p>\n<p><strong>Vyd\u00e1no \u00fazemn\u00ed rozhodnut\u00ed 2017<\/strong><\/p>\n\n\t\t<style type=\"text\/css\">\n\t\t\t#gallery-1 {\n\t\t\t\tmargin: auto;\n\t\t\t}\n\t\t\t#gallery-1 .gallery-item {\n\t\t\t\tfloat: left;\n\t\t\t\tmargin-top: 10px;\n\t\t\t\ttext-align: center;\n\t\t\t\twidth: 33%;\n\t\t\t}\n\t\t\t#gallery-1 img {\n\t\t\t\tborder: 2px solid #cfcfcf;\n\t\t\t}\n\t\t\t#gallery-1 .gallery-caption {\n\t\t\t\tmargin-left: 0;\n\t\t\t}\n\t\t\t\/* see gallery_shortcode() in wp-includes\/media.php *\/\n\t\t<\/style>\n\t\t<div id='gallery-1' class='gallery galleryid-38788 gallery-columns-3 gallery-size-thumbnail'><dl class='gallery-item'>\n\t\t\t<dt class='gallery-icon landscape'>\n\t\t\t\t<a rel=\"galleryInfomapa\" class=\"thickbox no_icon rl-gallery-link\"  href='https:\/\/www.praha14.cz\/app\/uploads\/sites\/4\/2017\/09\/00mapa-Anny-\u010d.jpg' title=\"\" data-rl_title=\"\" data-rl_caption=\"\" data-rel=\"lightbox-gallery-1\"><img loading=\"lazy\" decoding=\"async\" width=\"150\" height=\"150\" src=\"https:\/\/www.praha14.cz\/app\/uploads\/sites\/4\/2017\/09\/00mapa-Anny-\u010d-150x150.jpg\" class=\"attachment-thumbnail size-thumbnail\" alt=\"00mapa Anny \u010d\" srcset=\"https:\/\/www.praha14.cz\/app\/uploads\/sites\/4\/2017\/09\/00mapa-Anny-\u010d-150x150.jpg 150w, https:\/\/www.praha14.cz\/app\/uploads\/sites\/4\/2017\/09\/00mapa-Anny-\u010d-370x370.jpg 370w, https:\/\/www.praha14.cz\/app\/uploads\/sites\/4\/2017\/09\/00mapa-Anny-\u010d-768x768.jpg 768w, https:\/\/www.praha14.cz\/app\/uploads\/sites\/4\/2017\/09\/00mapa-Anny-\u010d.jpg 998w\" sizes=\"(max-width: 150px) 100vw, 150px\" \/><\/a>\n\t\t\t<\/dt><\/dl><dl class='gallery-item'>\n\t\t\t<dt class='gallery-icon landscape'>\n\t\t\t\t<a rel=\"galleryInfomapa\" class=\"thickbox no_icon rl-gallery-link\"  href='https:\/\/www.praha14.cz\/app\/uploads\/sites\/4\/2017\/09\/01situace.jpg' title=\"\" data-rl_title=\"\" data-rl_caption=\"\" data-rel=\"lightbox-gallery-1\"><img loading=\"lazy\" decoding=\"async\" width=\"150\" height=\"150\" src=\"https:\/\/www.praha14.cz\/app\/uploads\/sites\/4\/2017\/09\/01situace-150x150.jpg\" class=\"attachment-thumbnail size-thumbnail\" alt=\"01situace\" \/><\/a>\n\t\t\t<\/dt><\/dl><dl class='gallery-item'>\n\t\t\t<dt class='gallery-icon landscape'>\n\t\t\t\t<a rel=\"galleryInfomapa\" class=\"thickbox no_icon rl-gallery-link\"  href='https:\/\/www.praha14.cz\/app\/uploads\/sites\/4\/2017\/09\/02viz.jpg' title=\"\" data-rl_title=\"\" data-rl_caption=\"\" data-rel=\"lightbox-gallery-1\"><img loading=\"lazy\" decoding=\"async\" width=\"150\" height=\"150\" src=\"https:\/\/www.praha14.cz\/app\/uploads\/sites\/4\/2017\/09\/02viz-150x150.jpg\" class=\"attachment-thumbnail size-thumbnail\" alt=\"02viz\" \/><\/a>\n\t\t\t<\/dt><\/dl><br style=\"clear: both\" \/><dl class='gallery-item'>\n\t\t\t<dt class='gallery-icon landscape'>\n\t\t\t\t<a rel=\"galleryInfomapa\" class=\"thickbox no_icon rl-gallery-link\"  href='https:\/\/www.praha14.cz\/app\/uploads\/sites\/4\/2017\/09\/03viz.jpg' title=\"\" data-rl_title=\"\" data-rl_caption=\"\" data-rel=\"lightbox-gallery-1\"><img loading=\"lazy\" decoding=\"async\" width=\"150\" height=\"150\" src=\"https:\/\/www.praha14.cz\/app\/uploads\/sites\/4\/2017\/09\/03viz-150x150.jpg\" class=\"attachment-thumbnail size-thumbnail\" alt=\"03viz\" \/><\/a>\n\t\t\t<\/dt><\/dl><dl class='gallery-item'>\n\t\t\t<dt class='gallery-icon landscape'>\n\t\t\t\t<a rel=\"galleryInfomapa\" class=\"thickbox no_icon rl-gallery-link\"  href='https:\/\/www.praha14.cz\/app\/uploads\/sites\/4\/2017\/09\/04fas\u00e1dy.jpg' title=\"\" data-rl_title=\"\" data-rl_caption=\"\" data-rel=\"lightbox-gallery-1\"><img loading=\"lazy\" decoding=\"async\" width=\"150\" height=\"150\" src=\"https:\/\/www.praha14.cz\/app\/uploads\/sites\/4\/2017\/09\/04fas\u00e1dy-150x150.jpg\" class=\"attachment-thumbnail size-thumbnail\" alt=\"04fas\u00e1dy\" \/><\/a>\n\t\t\t<\/dt><\/dl>\n\t\t\t<br style='clear: both' \/>\n\t\t<\/div>\n\n","protected":false},"excerpt":{"rendered":"<p>Um\u00edst\u011bn\u00ed: kat. \u00fazem\u00ed Hloub\u011bt\u00edn, na rohu ulic Anny \u010c\u00ed\u017ekov\u00e9 a Pod\u011bbradsk\u00e1 Investor: Monika Konhefr, V\u00a0Luk\u00e1ch 2795\/7, Praha 9 Projektant: Hofman architekti, Dejvick\u00e1 27, Praha 6 Objekt: t\u0159i nadzemn\u00ed a dv\u011b podzemn\u00ed podla\u017e\u00ed Bydlen\u00ed: 1-3 nadzemn\u00ed podla\u017e\u00ed; 8 bytov\u00fdch jednotek, 8 ateli\u00e9r\u016f Parkov\u00e1n\u00ed: 17 parkovac\u00edch st\u00e1n\u00ed v\u00a02. suter\u00e9nu, 3 st\u00e1n\u00ed v\u00a0ulici Anny \u010c\u00ed\u017ekov\u00e9 Slu\u017eby: dv\u011b obchodn\u00ed&#8230;<\/p>\n","protected":false},"author":1057,"featured_media":0,"parent":0,"menu_order":0,"comment_status":"closed","ping_status":"closed","template":"","meta":{"_acf_changed":false,"footnotes":""},"class_list":["post-38788","page","type-page","status-publish","hentry"],"acf":[],"yoast_head":"<!-- This site is optimized with the Yoast SEO plugin v27.2 - https:\/\/yoast.com\/product\/yoast-seo-wordpress\/ -->\n<title>POLYFUNK\u010cN\u00cd D\u016eM NA ROHU ULIC ANNY \u010c\u00cd\u017dKOV\u00c9 A POD\u011aBRADSK\u00c1 - \u017divot na Praze 14<\/title>\n<meta name=\"robots\" content=\"index, follow, max-snippet:-1, max-image-preview:large, max-video-preview:-1\" \/>\n<link rel=\"canonical\" href=\"https:\/\/www.praha14.cz\/zivot-na-praze-14\/polyfunkcni-dum-na-rohu-ulic-anny-cizkove-a-podebradska\/\" \/>\n<meta property=\"og:locale\" content=\"cs_CZ\" \/>\n<meta property=\"og:type\" content=\"article\" \/>\n<meta property=\"og:title\" content=\"POLYFUNK\u010cN\u00cd D\u016eM NA ROHU ULIC ANNY \u010c\u00cd\u017dKOV\u00c9 A POD\u011aBRADSK\u00c1 - \u017divot na Praze 14\" \/>\n<meta property=\"og:description\" content=\"Um\u00edst\u011bn\u00ed: kat. \u00fazem\u00ed Hloub\u011bt\u00edn, na rohu ulic Anny \u010c\u00ed\u017ekov\u00e9 a Pod\u011bbradsk\u00e1 Investor: Monika Konhefr, V\u00a0Luk\u00e1ch 2795\/7, Praha 9 Projektant: Hofman architekti, Dejvick\u00e1 27, Praha 6 Objekt: t\u0159i nadzemn\u00ed a dv\u011b podzemn\u00ed podla\u017e\u00ed Bydlen\u00ed: 1-3 nadzemn\u00ed podla\u017e\u00ed; 8 bytov\u00fdch jednotek, 8 ateli\u00e9r\u016f Parkov\u00e1n\u00ed: 17 parkovac\u00edch st\u00e1n\u00ed v\u00a02. suter\u00e9nu, 3 st\u00e1n\u00ed v\u00a0ulici Anny \u010c\u00ed\u017ekov\u00e9 Slu\u017eby: dv\u011b obchodn\u00ed...\" \/>\n<meta property=\"og:url\" content=\"https:\/\/www.praha14.cz\/zivot-na-praze-14\/polyfunkcni-dum-na-rohu-ulic-anny-cizkove-a-podebradska\/\" \/>\n<meta property=\"og:site_name\" content=\"\u017divot na Praze 14\" \/>\n<meta property=\"og:image\" content=\"https:\/\/www.praha14.cz\/app\/uploads\/sites\/4\/2017\/09\/00mapa-Anny-\u010d-150x150.jpg\" \/>\n<meta name=\"twitter:card\" content=\"summary_large_image\" \/>\n<script type=\"application\/ld+json\" class=\"yoast-schema-graph\">{\"@context\":\"https:\/\/schema.org\",\"@graph\":[{\"@type\":\"WebPage\",\"@id\":\"https:\/\/www.praha14.cz\/zivot-na-praze-14\/polyfunkcni-dum-na-rohu-ulic-anny-cizkove-a-podebradska\/\",\"url\":\"https:\/\/www.praha14.cz\/zivot-na-praze-14\/polyfunkcni-dum-na-rohu-ulic-anny-cizkove-a-podebradska\/\",\"name\":\"POLYFUNK\u010cN\u00cd D\u016eM NA ROHU ULIC ANNY \u010c\u00cd\u017dKOV\u00c9 A POD\u011aBRADSK\u00c1 - \u017divot na Praze 14\",\"isPartOf\":{\"@id\":\"https:\/\/www.praha14.cz\/zivot-na-praze-14\/#website\"},\"datePublished\":\"2017-09-11T10:16:48+00:00\",\"breadcrumb\":{\"@id\":\"https:\/\/www.praha14.cz\/zivot-na-praze-14\/polyfunkcni-dum-na-rohu-ulic-anny-cizkove-a-podebradska\/#breadcrumb\"},\"inLanguage\":\"cs\",\"potentialAction\":[{\"@type\":\"ReadAction\",\"target\":[\"https:\/\/www.praha14.cz\/zivot-na-praze-14\/polyfunkcni-dum-na-rohu-ulic-anny-cizkove-a-podebradska\/\"]}]},{\"@type\":\"BreadcrumbList\",\"@id\":\"https:\/\/www.praha14.cz\/zivot-na-praze-14\/polyfunkcni-dum-na-rohu-ulic-anny-cizkove-a-podebradska\/#breadcrumb\",\"itemListElement\":[{\"@type\":\"ListItem\",\"position\":1,\"name\":\"\u017divot na Praze 14\",\"item\":\"https:\/\/www.praha14.cz\/zivot-na-praze-14\/\"},{\"@type\":\"ListItem\",\"position\":2,\"name\":\"POLYFUNK\u010cN\u00cd D\u016eM NA ROHU ULIC ANNY \u010c\u00cd\u017dKOV\u00c9 A POD\u011aBRADSK\u00c1\"}]},{\"@type\":\"WebSite\",\"@id\":\"https:\/\/www.praha14.cz\/zivot-na-praze-14\/#website\",\"url\":\"https:\/\/www.praha14.cz\/zivot-na-praze-14\/\",\"name\":\"\u017divot na Praze 14\",\"description\":\"\",\"potentialAction\":[{\"@type\":\"SearchAction\",\"target\":{\"@type\":\"EntryPoint\",\"urlTemplate\":\"https:\/\/www.praha14.cz\/zivot-na-praze-14\/?s={search_term_string}\"},\"query-input\":{\"@type\":\"PropertyValueSpecification\",\"valueRequired\":true,\"valueName\":\"search_term_string\"}}],\"inLanguage\":\"cs\"}]}<\/script>\n<!-- \/ Yoast SEO plugin. -->","yoast_head_json":{"title":"POLYFUNK\u010cN\u00cd D\u016eM NA ROHU ULIC ANNY \u010c\u00cd\u017dKOV\u00c9 A POD\u011aBRADSK\u00c1 - \u017divot na Praze 14","robots":{"index":"index","follow":"follow","max-snippet":"max-snippet:-1","max-image-preview":"max-image-preview:large","max-video-preview":"max-video-preview:-1"},"canonical":"https:\/\/www.praha14.cz\/zivot-na-praze-14\/polyfunkcni-dum-na-rohu-ulic-anny-cizkove-a-podebradska\/","og_locale":"cs_CZ","og_type":"article","og_title":"POLYFUNK\u010cN\u00cd D\u016eM NA ROHU ULIC ANNY \u010c\u00cd\u017dKOV\u00c9 A POD\u011aBRADSK\u00c1 - \u017divot na Praze 14","og_description":"Um\u00edst\u011bn\u00ed: kat. \u00fazem\u00ed Hloub\u011bt\u00edn, na rohu ulic Anny \u010c\u00ed\u017ekov\u00e9 a Pod\u011bbradsk\u00e1 Investor: Monika Konhefr, V\u00a0Luk\u00e1ch 2795\/7, Praha 9 Projektant: Hofman architekti, Dejvick\u00e1 27, Praha 6 Objekt: t\u0159i nadzemn\u00ed a dv\u011b podzemn\u00ed podla\u017e\u00ed Bydlen\u00ed: 1-3 nadzemn\u00ed podla\u017e\u00ed; 8 bytov\u00fdch jednotek, 8 ateli\u00e9r\u016f Parkov\u00e1n\u00ed: 17 parkovac\u00edch st\u00e1n\u00ed v\u00a02. suter\u00e9nu, 3 st\u00e1n\u00ed v\u00a0ulici Anny \u010c\u00ed\u017ekov\u00e9 Slu\u017eby: dv\u011b obchodn\u00ed...","og_url":"https:\/\/www.praha14.cz\/zivot-na-praze-14\/polyfunkcni-dum-na-rohu-ulic-anny-cizkove-a-podebradska\/","og_site_name":"\u017divot na Praze 14","og_image":[{"url":"https:\/\/www.praha14.cz\/app\/uploads\/sites\/4\/2017\/09\/00mapa-Anny-\u010d-150x150.jpg","type":"","width":"","height":""}],"twitter_card":"summary_large_image","schema":{"@context":"https:\/\/schema.org","@graph":[{"@type":"WebPage","@id":"https:\/\/www.praha14.cz\/zivot-na-praze-14\/polyfunkcni-dum-na-rohu-ulic-anny-cizkove-a-podebradska\/","url":"https:\/\/www.praha14.cz\/zivot-na-praze-14\/polyfunkcni-dum-na-rohu-ulic-anny-cizkove-a-podebradska\/","name":"POLYFUNK\u010cN\u00cd D\u016eM NA ROHU ULIC ANNY \u010c\u00cd\u017dKOV\u00c9 A POD\u011aBRADSK\u00c1 - \u017divot na Praze 14","isPartOf":{"@id":"https:\/\/www.praha14.cz\/zivot-na-praze-14\/#website"},"datePublished":"2017-09-11T10:16:48+00:00","breadcrumb":{"@id":"https:\/\/www.praha14.cz\/zivot-na-praze-14\/polyfunkcni-dum-na-rohu-ulic-anny-cizkove-a-podebradska\/#breadcrumb"},"inLanguage":"cs","potentialAction":[{"@type":"ReadAction","target":["https:\/\/www.praha14.cz\/zivot-na-praze-14\/polyfunkcni-dum-na-rohu-ulic-anny-cizkove-a-podebradska\/"]}]},{"@type":"BreadcrumbList","@id":"https:\/\/www.praha14.cz\/zivot-na-praze-14\/polyfunkcni-dum-na-rohu-ulic-anny-cizkove-a-podebradska\/#breadcrumb","itemListElement":[{"@type":"ListItem","position":1,"name":"\u017divot na Praze 14","item":"https:\/\/www.praha14.cz\/zivot-na-praze-14\/"},{"@type":"ListItem","position":2,"name":"POLYFUNK\u010cN\u00cd D\u016eM NA ROHU ULIC ANNY \u010c\u00cd\u017dKOV\u00c9 A POD\u011aBRADSK\u00c1"}]},{"@type":"WebSite","@id":"https:\/\/www.praha14.cz\/zivot-na-praze-14\/#website","url":"https:\/\/www.praha14.cz\/zivot-na-praze-14\/","name":"\u017divot na Praze 14","description":"","potentialAction":[{"@type":"SearchAction","target":{"@type":"EntryPoint","urlTemplate":"https:\/\/www.praha14.cz\/zivot-na-praze-14\/?s={search_term_string}"},"query-input":{"@type":"PropertyValueSpecification","valueRequired":true,"valueName":"search_term_string"}}],"inLanguage":"cs"}]}},"_links":{"self":[{"href":"https:\/\/www.praha14.cz\/zivot-na-praze-14\/wp-json\/wp\/v2\/pages\/38788","targetHints":{"allow":["GET"]}}],"collection":[{"href":"https:\/\/www.praha14.cz\/zivot-na-praze-14\/wp-json\/wp\/v2\/pages"}],"about":[{"href":"https:\/\/www.praha14.cz\/zivot-na-praze-14\/wp-json\/wp\/v2\/types\/page"}],"author":[{"embeddable":true,"href":"https:\/\/www.praha14.cz\/zivot-na-praze-14\/wp-json\/wp\/v2\/users\/1057"}],"replies":[{"embeddable":true,"href":"https:\/\/www.praha14.cz\/zivot-na-praze-14\/wp-json\/wp\/v2\/comments?post=38788"}],"version-history":[{"count":1,"href":"https:\/\/www.praha14.cz\/zivot-na-praze-14\/wp-json\/wp\/v2\/pages\/38788\/revisions"}],"predecessor-version":[{"id":38794,"href":"https:\/\/www.praha14.cz\/zivot-na-praze-14\/wp-json\/wp\/v2\/pages\/38788\/revisions\/38794"}],"wp:attachment":[{"href":"https:\/\/www.praha14.cz\/zivot-na-praze-14\/wp-json\/wp\/v2\/media?parent=38788"}],"curies":[{"name":"wp","href":"https:\/\/api.w.org\/{rel}","templated":true}]}}