{"id":38832,"date":"2017-09-12T08:37:38","date_gmt":"2017-09-12T08:37:38","guid":{"rendered":"https:\/\/www.praha14.cz\/zivot-na-praze-14\/?page_id=38832"},"modified":"2017-09-12T11:40:44","modified_gmt":"2017-09-12T11:40:44","slug":"apartments-hloubetin","status":"publish","type":"page","link":"https:\/\/www.praha14.cz\/zivot-na-praze-14\/apartments-hloubetin\/","title":{"rendered":"APARTMENTS HLOUB\u011aT\u00cdN"},"content":{"rendered":"<p><span style=\"color: #009dde;\"><strong>Um\u00edst\u011bn\u00ed:<\/strong><\/span>\u00a0kat. \u00fazem\u00ed Hloub\u011bt\u00edn, p\u0159i ulici Soustru\u017enick\u00e1<\/p>\n<p><span style=\"color: #009dde;\"><strong>Investor:<\/strong>\u00a0<\/span>PIXABELLY NUSLE s.r.o., Z\u00e1h\u0159ebsk\u00e1 157\/24, 12000 Praha 2<\/p>\n<p><span style=\"color: #009dde;\"><strong>Projektant:<\/strong><\/span>\u00a0MR&amp;S architekti, s.r.o., Ocel\u00e1\u0159sk\u00e1 344\/10, Praha 9<\/p>\n<p><span style=\"color: #009dde;\"><strong>Objekt:<\/strong><\/span>\u00a05 nadzemn\u00ed podla\u017e\u00ed, 1 podzemn\u00ed podla\u017e\u00ed<\/p>\n<p><span style=\"color: #009dde;\"><strong>Administrativa:<\/strong><\/span>\u00a01 NP; 290 m<sup>2<\/sup><\/p>\n<p><span style=\"color: #009dde;\"><strong>Bydlen\u00ed:<\/strong><\/span>\u00a02-4 NP; kapacita 29 bytov\u00fdch jednotek<\/p>\n<p><span style=\"color: #009dde;\"><strong>Parkov\u00e1n\u00ed:<\/strong><\/span>\u00a01 \u2013 NP v po\u010dtu 24 parkovac\u00edch st\u00e1n\u00ed, 4 parkovac\u00ed st\u00e1n\u00ed<\/p>\n<p><span style=\"color: #009dde;\"><strong>Zastav\u011bn\u00e1 plocha:<\/strong><\/span>\u00a0631 m2<\/p>\n<p><strong>Studie 2017<\/strong><\/p>\n<p>&nbsp;<\/p>\n\n\t\t<style type=\"text\/css\">\n\t\t\t#gallery-1 {\n\t\t\t\tmargin: auto;\n\t\t\t}\n\t\t\t#gallery-1 .gallery-item {\n\t\t\t\tfloat: left;\n\t\t\t\tmargin-top: 10px;\n\t\t\t\ttext-align: center;\n\t\t\t\twidth: 33%;\n\t\t\t}\n\t\t\t#gallery-1 img {\n\t\t\t\tborder: 2px solid #cfcfcf;\n\t\t\t}\n\t\t\t#gallery-1 .gallery-caption {\n\t\t\t\tmargin-left: 0;\n\t\t\t}\n\t\t\t\/* see gallery_shortcode() in wp-includes\/media.php *\/\n\t\t<\/style>\n\t\t<div id='gallery-1' class='gallery galleryid-38832 gallery-columns-3 gallery-size-thumbnail'><dl class='gallery-item'>\n\t\t\t<dt class='gallery-icon landscape'>\n\t\t\t\t<a rel=\"galleryInfomapa\" class=\"thickbox no_icon rl-gallery-link\"  href='https:\/\/www.praha14.cz\/app\/uploads\/sites\/4\/2017\/09\/01sit.jpg' title=\"\" data-rl_title=\"\" data-rl_caption=\"\" data-rel=\"lightbox-gallery-1\"><img loading=\"lazy\" decoding=\"async\" width=\"150\" height=\"150\" src=\"https:\/\/www.praha14.cz\/app\/uploads\/sites\/4\/2017\/09\/01sit-150x150.jpg\" class=\"attachment-thumbnail size-thumbnail\" alt=\"01sit\" \/><\/a>\n\t\t\t<\/dt><\/dl><dl class='gallery-item'>\n\t\t\t<dt class='gallery-icon landscape'>\n\t\t\t\t<a rel=\"galleryInfomapa\" class=\"thickbox no_icon rl-gallery-link\"  href='https:\/\/www.praha14.cz\/app\/uploads\/sites\/4\/2017\/09\/02viz-2.jpg' title=\"\" data-rl_title=\"\" data-rl_caption=\"\" data-rel=\"lightbox-gallery-1\"><img loading=\"lazy\" decoding=\"async\" width=\"150\" height=\"150\" src=\"https:\/\/www.praha14.cz\/app\/uploads\/sites\/4\/2017\/09\/02viz-2-150x150.jpg\" class=\"attachment-thumbnail size-thumbnail\" alt=\"02viz\" \/><\/a>\n\t\t\t<\/dt><\/dl><dl class='gallery-item'>\n\t\t\t<dt class='gallery-icon landscape'>\n\t\t\t\t<a rel=\"galleryInfomapa\" class=\"thickbox no_icon rl-gallery-link\"  href='https:\/\/www.praha14.cz\/app\/uploads\/sites\/4\/2017\/09\/03fas\u00e1dy.jpg' title=\"\" data-rl_title=\"\" data-rl_caption=\"\" data-rel=\"lightbox-gallery-1\"><img loading=\"lazy\" decoding=\"async\" width=\"150\" height=\"150\" src=\"https:\/\/www.praha14.cz\/app\/uploads\/sites\/4\/2017\/09\/03fas\u00e1dy-150x150.jpg\" class=\"attachment-thumbnail size-thumbnail\" alt=\"03fas\u00e1dy\" \/><\/a>\n\t\t\t<\/dt><\/dl><br style=\"clear: both\" \/>\n\t\t<\/div>\n\n","protected":false},"excerpt":{"rendered":"<p>Um\u00edst\u011bn\u00ed:\u00a0kat. \u00fazem\u00ed Hloub\u011bt\u00edn, p\u0159i ulici Soustru\u017enick\u00e1 Investor:\u00a0PIXABELLY NUSLE s.r.o., Z\u00e1h\u0159ebsk\u00e1 157\/24, 12000 Praha 2 Projektant:\u00a0MR&amp;S architekti, s.r.o., Ocel\u00e1\u0159sk\u00e1 344\/10, Praha 9 Objekt:\u00a05 nadzemn\u00ed podla\u017e\u00ed, 1 podzemn\u00ed podla\u017e\u00ed Administrativa:\u00a01 NP; 290 m2 Bydlen\u00ed:\u00a02-4 NP; kapacita 29 bytov\u00fdch jednotek Parkov\u00e1n\u00ed:\u00a01 \u2013 NP v po\u010dtu 24 parkovac\u00edch st\u00e1n\u00ed, 4 parkovac\u00ed st\u00e1n\u00ed Zastav\u011bn\u00e1 plocha:\u00a0631 m2 Studie 2017 &nbsp;<\/p>\n","protected":false},"author":1057,"featured_media":0,"parent":0,"menu_order":0,"comment_status":"closed","ping_status":"closed","template":"","meta":{"_acf_changed":false,"footnotes":""},"class_list":["post-38832","page","type-page","status-publish","hentry"],"acf":[],"yoast_head":"<!-- This site is optimized with the Yoast SEO plugin v27.2 - https:\/\/yoast.com\/product\/yoast-seo-wordpress\/ -->\n<title>APARTMENTS HLOUB\u011aT\u00cdN - \u017divot na Praze 14<\/title>\n<meta name=\"robots\" content=\"index, follow, max-snippet:-1, max-image-preview:large, max-video-preview:-1\" \/>\n<link rel=\"canonical\" href=\"https:\/\/www.praha14.cz\/zivot-na-praze-14\/apartments-hloubetin\/\" \/>\n<meta property=\"og:locale\" content=\"cs_CZ\" \/>\n<meta property=\"og:type\" content=\"article\" \/>\n<meta property=\"og:title\" content=\"APARTMENTS HLOUB\u011aT\u00cdN - \u017divot na Praze 14\" \/>\n<meta property=\"og:description\" content=\"Um\u00edst\u011bn\u00ed:\u00a0kat. \u00fazem\u00ed Hloub\u011bt\u00edn, p\u0159i ulici Soustru\u017enick\u00e1 Investor:\u00a0PIXABELLY NUSLE s.r.o., Z\u00e1h\u0159ebsk\u00e1 157\/24, 12000 Praha 2 Projektant:\u00a0MR&amp;S architekti, s.r.o., Ocel\u00e1\u0159sk\u00e1 344\/10, Praha 9 Objekt:\u00a05 nadzemn\u00ed podla\u017e\u00ed, 1 podzemn\u00ed podla\u017e\u00ed Administrativa:\u00a01 NP; 290 m2 Bydlen\u00ed:\u00a02-4 NP; kapacita 29 bytov\u00fdch jednotek Parkov\u00e1n\u00ed:\u00a01 \u2013 NP v po\u010dtu 24 parkovac\u00edch st\u00e1n\u00ed, 4 parkovac\u00ed st\u00e1n\u00ed Zastav\u011bn\u00e1 plocha:\u00a0631 m2 Studie 2017 &nbsp;\" \/>\n<meta property=\"og:url\" content=\"https:\/\/www.praha14.cz\/zivot-na-praze-14\/apartments-hloubetin\/\" \/>\n<meta property=\"og:site_name\" content=\"\u017divot na Praze 14\" \/>\n<meta property=\"article:modified_time\" content=\"2017-09-12T11:40:44+00:00\" \/>\n<meta property=\"og:image\" content=\"https:\/\/www.praha14.cz\/app\/uploads\/sites\/4\/2017\/09\/01sit-150x150.jpg\" \/>\n<meta name=\"twitter:card\" content=\"summary_large_image\" \/>\n<script type=\"application\/ld+json\" class=\"yoast-schema-graph\">{\"@context\":\"https:\/\/schema.org\",\"@graph\":[{\"@type\":\"WebPage\",\"@id\":\"https:\/\/www.praha14.cz\/zivot-na-praze-14\/apartments-hloubetin\/\",\"url\":\"https:\/\/www.praha14.cz\/zivot-na-praze-14\/apartments-hloubetin\/\",\"name\":\"APARTMENTS HLOUB\u011aT\u00cdN - \u017divot na Praze 14\",\"isPartOf\":{\"@id\":\"https:\/\/www.praha14.cz\/zivot-na-praze-14\/#website\"},\"datePublished\":\"2017-09-12T08:37:38+00:00\",\"dateModified\":\"2017-09-12T11:40:44+00:00\",\"breadcrumb\":{\"@id\":\"https:\/\/www.praha14.cz\/zivot-na-praze-14\/apartments-hloubetin\/#breadcrumb\"},\"inLanguage\":\"cs\",\"potentialAction\":[{\"@type\":\"ReadAction\",\"target\":[\"https:\/\/www.praha14.cz\/zivot-na-praze-14\/apartments-hloubetin\/\"]}]},{\"@type\":\"BreadcrumbList\",\"@id\":\"https:\/\/www.praha14.cz\/zivot-na-praze-14\/apartments-hloubetin\/#breadcrumb\",\"itemListElement\":[{\"@type\":\"ListItem\",\"position\":1,\"name\":\"\u017divot na Praze 14\",\"item\":\"https:\/\/www.praha14.cz\/zivot-na-praze-14\/\"},{\"@type\":\"ListItem\",\"position\":2,\"name\":\"APARTMENTS HLOUB\u011aT\u00cdN\"}]},{\"@type\":\"WebSite\",\"@id\":\"https:\/\/www.praha14.cz\/zivot-na-praze-14\/#website\",\"url\":\"https:\/\/www.praha14.cz\/zivot-na-praze-14\/\",\"name\":\"\u017divot na Praze 14\",\"description\":\"\",\"potentialAction\":[{\"@type\":\"SearchAction\",\"target\":{\"@type\":\"EntryPoint\",\"urlTemplate\":\"https:\/\/www.praha14.cz\/zivot-na-praze-14\/?s={search_term_string}\"},\"query-input\":{\"@type\":\"PropertyValueSpecification\",\"valueRequired\":true,\"valueName\":\"search_term_string\"}}],\"inLanguage\":\"cs\"}]}<\/script>\n<!-- \/ Yoast SEO plugin. -->","yoast_head_json":{"title":"APARTMENTS HLOUB\u011aT\u00cdN - \u017divot na Praze 14","robots":{"index":"index","follow":"follow","max-snippet":"max-snippet:-1","max-image-preview":"max-image-preview:large","max-video-preview":"max-video-preview:-1"},"canonical":"https:\/\/www.praha14.cz\/zivot-na-praze-14\/apartments-hloubetin\/","og_locale":"cs_CZ","og_type":"article","og_title":"APARTMENTS HLOUB\u011aT\u00cdN - \u017divot na Praze 14","og_description":"Um\u00edst\u011bn\u00ed:\u00a0kat. \u00fazem\u00ed Hloub\u011bt\u00edn, p\u0159i ulici Soustru\u017enick\u00e1 Investor:\u00a0PIXABELLY NUSLE s.r.o., Z\u00e1h\u0159ebsk\u00e1 157\/24, 12000 Praha 2 Projektant:\u00a0MR&amp;S architekti, s.r.o., Ocel\u00e1\u0159sk\u00e1 344\/10, Praha 9 Objekt:\u00a05 nadzemn\u00ed podla\u017e\u00ed, 1 podzemn\u00ed podla\u017e\u00ed Administrativa:\u00a01 NP; 290 m2 Bydlen\u00ed:\u00a02-4 NP; kapacita 29 bytov\u00fdch jednotek Parkov\u00e1n\u00ed:\u00a01 \u2013 NP v po\u010dtu 24 parkovac\u00edch st\u00e1n\u00ed, 4 parkovac\u00ed st\u00e1n\u00ed Zastav\u011bn\u00e1 plocha:\u00a0631 m2 Studie 2017 &nbsp;","og_url":"https:\/\/www.praha14.cz\/zivot-na-praze-14\/apartments-hloubetin\/","og_site_name":"\u017divot na Praze 14","article_modified_time":"2017-09-12T11:40:44+00:00","og_image":[{"url":"https:\/\/www.praha14.cz\/app\/uploads\/sites\/4\/2017\/09\/01sit-150x150.jpg","type":"","width":"","height":""}],"twitter_card":"summary_large_image","schema":{"@context":"https:\/\/schema.org","@graph":[{"@type":"WebPage","@id":"https:\/\/www.praha14.cz\/zivot-na-praze-14\/apartments-hloubetin\/","url":"https:\/\/www.praha14.cz\/zivot-na-praze-14\/apartments-hloubetin\/","name":"APARTMENTS HLOUB\u011aT\u00cdN - \u017divot na Praze 14","isPartOf":{"@id":"https:\/\/www.praha14.cz\/zivot-na-praze-14\/#website"},"datePublished":"2017-09-12T08:37:38+00:00","dateModified":"2017-09-12T11:40:44+00:00","breadcrumb":{"@id":"https:\/\/www.praha14.cz\/zivot-na-praze-14\/apartments-hloubetin\/#breadcrumb"},"inLanguage":"cs","potentialAction":[{"@type":"ReadAction","target":["https:\/\/www.praha14.cz\/zivot-na-praze-14\/apartments-hloubetin\/"]}]},{"@type":"BreadcrumbList","@id":"https:\/\/www.praha14.cz\/zivot-na-praze-14\/apartments-hloubetin\/#breadcrumb","itemListElement":[{"@type":"ListItem","position":1,"name":"\u017divot na Praze 14","item":"https:\/\/www.praha14.cz\/zivot-na-praze-14\/"},{"@type":"ListItem","position":2,"name":"APARTMENTS HLOUB\u011aT\u00cdN"}]},{"@type":"WebSite","@id":"https:\/\/www.praha14.cz\/zivot-na-praze-14\/#website","url":"https:\/\/www.praha14.cz\/zivot-na-praze-14\/","name":"\u017divot na Praze 14","description":"","potentialAction":[{"@type":"SearchAction","target":{"@type":"EntryPoint","urlTemplate":"https:\/\/www.praha14.cz\/zivot-na-praze-14\/?s={search_term_string}"},"query-input":{"@type":"PropertyValueSpecification","valueRequired":true,"valueName":"search_term_string"}}],"inLanguage":"cs"}]}},"_links":{"self":[{"href":"https:\/\/www.praha14.cz\/zivot-na-praze-14\/wp-json\/wp\/v2\/pages\/38832","targetHints":{"allow":["GET"]}}],"collection":[{"href":"https:\/\/www.praha14.cz\/zivot-na-praze-14\/wp-json\/wp\/v2\/pages"}],"about":[{"href":"https:\/\/www.praha14.cz\/zivot-na-praze-14\/wp-json\/wp\/v2\/types\/page"}],"author":[{"embeddable":true,"href":"https:\/\/www.praha14.cz\/zivot-na-praze-14\/wp-json\/wp\/v2\/users\/1057"}],"replies":[{"embeddable":true,"href":"https:\/\/www.praha14.cz\/zivot-na-praze-14\/wp-json\/wp\/v2\/comments?post=38832"}],"version-history":[{"count":3,"href":"https:\/\/www.praha14.cz\/zivot-na-praze-14\/wp-json\/wp\/v2\/pages\/38832\/revisions"}],"predecessor-version":[{"id":38893,"href":"https:\/\/www.praha14.cz\/zivot-na-praze-14\/wp-json\/wp\/v2\/pages\/38832\/revisions\/38893"}],"wp:attachment":[{"href":"https:\/\/www.praha14.cz\/zivot-na-praze-14\/wp-json\/wp\/v2\/media?parent=38832"}],"curies":[{"name":"wp","href":"https:\/\/api.w.org\/{rel}","templated":true}]}}