{"id":402,"date":"2014-04-28T15:00:09","date_gmt":"2014-04-28T14:00:09","guid":{"rendered":"https:\/\/www.praha14.cz\/zivot-na-praze-14\/?page_id=402"},"modified":"2020-10-13T08:42:43","modified_gmt":"2020-10-13T08:42:43","slug":"mestska-hygienicke-stanice-praha","status":"publish","type":"page","link":"https:\/\/www.praha14.cz\/zivot-na-praze-14\/mestska-hygienicke-stanice-praha\/","title":{"rendered":"Hygienick\u00e1 stanice"},"content":{"rendered":"<p>Pobo\u010dka pro Prahu 9,<b>\u00a014<\/b>, 18, 19, 20 a 21<br \/>\n<b>M\u011b\u0161ick\u00e1 646, 190 21 Praha 9<\/b><\/p>\n<h6><span style=\"color: #009dde\"><strong>\u00dast\u0159edna:<\/strong><\/span><\/h6>\n<p>286 883 001-4<br \/>\n286 891 895<br \/>\n286 886 990<br \/>\np\u0159epojuje na jednotl. prac.<\/p>\n<p><strong><br \/>\nFax:<\/strong> 286884450<br \/>\n<strong>Email:\u00a0<\/strong><a href=\"mailto:hygienap9@zris.mepnet.cz\">hygienap9@zris.mepnet.cz<\/a><br \/>\n<a href=\"http:\/\/www.hygpraha.cz\/\" target=\"_blank\" rel=\"noopener noreferrer\">www.hygpraha.cz<\/a><\/p>\n<p><span style=\"color: #009dde\"><strong><br \/>\nVedouc\u00ed pracovi\u0161t\u011b:<br \/>\n<\/strong><\/span><strong>Z\u00e1rubov\u00e1 Vladim\u00edra, MUDr.<\/strong> 268 884 268, linka 38<\/p>\n<p><span style=\"color: #009dde\"><strong><br \/>\nSpravovan\u00e9 \u00fazem\u00ed:<br \/>\n<\/strong><\/span>spr\u00e1vn\u00ed obvod 9 a 14, B\u011bchovice, \u010cakovice, Doln\u00ed Po\u010dernice, Horn\u00ed Po\u010dernice, Kbely, Kl\u00e1novice, Kolod\u011bje, Let\u0148any, Satalice, \u00dajezd nad Lesy, Vino\u0159<\/p>\n","protected":false},"excerpt":{"rendered":"<p>Pobo\u010dka pro Prahu 9,\u00a014, 18, 19, 20 a 21 M\u011b\u0161ick\u00e1 646, 190 21 Praha 9 \u00dast\u0159edna: 286 883 001-4 286 891 895 286 886 990 p\u0159epojuje na jednotl. prac. Fax: 286884450 Email:\u00a0hygienap9@zris.mepnet.cz www.hygpraha.cz Vedouc\u00ed pracovi\u0161t\u011b: Z\u00e1rubov\u00e1 Vladim\u00edra, MUDr. 268 884 268, linka 38 Spravovan\u00e9 \u00fazem\u00ed: spr\u00e1vn\u00ed obvod 9 a 14, B\u011bchovice, \u010cakovice, Doln\u00ed Po\u010dernice, Horn\u00ed&#8230;<\/p>\n","protected":false},"author":1,"featured_media":0,"parent":0,"menu_order":0,"comment_status":"closed","ping_status":"open","template":"","meta":{"_acf_changed":false,"footnotes":""},"class_list":["post-402","page","type-page","status-publish","hentry"],"acf":[],"yoast_head":"<!-- This site is optimized with the Yoast SEO plugin v27.2 - https:\/\/yoast.com\/product\/yoast-seo-wordpress\/ -->\n<title>Hygienick\u00e1 stanice - \u017divot na Praze 14<\/title>\n<meta name=\"robots\" content=\"index, follow, max-snippet:-1, max-image-preview:large, max-video-preview:-1\" \/>\n<link rel=\"canonical\" href=\"https:\/\/www.praha14.cz\/zivot-na-praze-14\/mestska-hygienicke-stanice-praha\/\" \/>\n<meta property=\"og:locale\" content=\"cs_CZ\" \/>\n<meta property=\"og:type\" content=\"article\" \/>\n<meta property=\"og:title\" content=\"Hygienick\u00e1 stanice - \u017divot na Praze 14\" \/>\n<meta property=\"og:description\" content=\"Pobo\u010dka pro Prahu 9,\u00a014, 18, 19, 20 a 21 M\u011b\u0161ick\u00e1 646, 190 21 Praha 9 \u00dast\u0159edna: 286 883 001-4 286 891 895 286 886 990 p\u0159epojuje na jednotl. prac. Fax: 286884450 Email:\u00a0hygienap9@zris.mepnet.cz www.hygpraha.cz Vedouc\u00ed pracovi\u0161t\u011b: Z\u00e1rubov\u00e1 Vladim\u00edra, MUDr. 268 884 268, linka 38 Spravovan\u00e9 \u00fazem\u00ed: spr\u00e1vn\u00ed obvod 9 a 14, B\u011bchovice, \u010cakovice, Doln\u00ed Po\u010dernice, Horn\u00ed...\" \/>\n<meta property=\"og:url\" content=\"https:\/\/www.praha14.cz\/zivot-na-praze-14\/mestska-hygienicke-stanice-praha\/\" \/>\n<meta property=\"og:site_name\" content=\"\u017divot na Praze 14\" \/>\n<meta property=\"article:modified_time\" content=\"2020-10-13T08:42:43+00:00\" \/>\n<meta name=\"twitter:card\" content=\"summary_large_image\" \/>\n<script type=\"application\/ld+json\" class=\"yoast-schema-graph\">{\"@context\":\"https:\/\/schema.org\",\"@graph\":[{\"@type\":\"WebPage\",\"@id\":\"https:\/\/www.praha14.cz\/zivot-na-praze-14\/mestska-hygienicke-stanice-praha\/\",\"url\":\"https:\/\/www.praha14.cz\/zivot-na-praze-14\/mestska-hygienicke-stanice-praha\/\",\"name\":\"Hygienick\u00e1 stanice - \u017divot na Praze 14\",\"isPartOf\":{\"@id\":\"https:\/\/www.praha14.cz\/zivot-na-praze-14\/#website\"},\"datePublished\":\"2014-04-28T14:00:09+00:00\",\"dateModified\":\"2020-10-13T08:42:43+00:00\",\"breadcrumb\":{\"@id\":\"https:\/\/www.praha14.cz\/zivot-na-praze-14\/mestska-hygienicke-stanice-praha\/#breadcrumb\"},\"inLanguage\":\"cs\",\"potentialAction\":[{\"@type\":\"ReadAction\",\"target\":[\"https:\/\/www.praha14.cz\/zivot-na-praze-14\/mestska-hygienicke-stanice-praha\/\"]}]},{\"@type\":\"BreadcrumbList\",\"@id\":\"https:\/\/www.praha14.cz\/zivot-na-praze-14\/mestska-hygienicke-stanice-praha\/#breadcrumb\",\"itemListElement\":[{\"@type\":\"ListItem\",\"position\":1,\"name\":\"\u017divot na Praze 14\",\"item\":\"https:\/\/www.praha14.cz\/zivot-na-praze-14\/\"},{\"@type\":\"ListItem\",\"position\":2,\"name\":\"Hygienick\u00e1 stanice\"}]},{\"@type\":\"WebSite\",\"@id\":\"https:\/\/www.praha14.cz\/zivot-na-praze-14\/#website\",\"url\":\"https:\/\/www.praha14.cz\/zivot-na-praze-14\/\",\"name\":\"\u017divot na Praze 14\",\"description\":\"\",\"potentialAction\":[{\"@type\":\"SearchAction\",\"target\":{\"@type\":\"EntryPoint\",\"urlTemplate\":\"https:\/\/www.praha14.cz\/zivot-na-praze-14\/?s={search_term_string}\"},\"query-input\":{\"@type\":\"PropertyValueSpecification\",\"valueRequired\":true,\"valueName\":\"search_term_string\"}}],\"inLanguage\":\"cs\"}]}<\/script>\n<!-- \/ Yoast SEO plugin. -->","yoast_head_json":{"title":"Hygienick\u00e1 stanice - \u017divot na Praze 14","robots":{"index":"index","follow":"follow","max-snippet":"max-snippet:-1","max-image-preview":"max-image-preview:large","max-video-preview":"max-video-preview:-1"},"canonical":"https:\/\/www.praha14.cz\/zivot-na-praze-14\/mestska-hygienicke-stanice-praha\/","og_locale":"cs_CZ","og_type":"article","og_title":"Hygienick\u00e1 stanice - \u017divot na Praze 14","og_description":"Pobo\u010dka pro Prahu 9,\u00a014, 18, 19, 20 a 21 M\u011b\u0161ick\u00e1 646, 190 21 Praha 9 \u00dast\u0159edna: 286 883 001-4 286 891 895 286 886 990 p\u0159epojuje na jednotl. prac. Fax: 286884450 Email:\u00a0hygienap9@zris.mepnet.cz www.hygpraha.cz Vedouc\u00ed pracovi\u0161t\u011b: Z\u00e1rubov\u00e1 Vladim\u00edra, MUDr. 268 884 268, linka 38 Spravovan\u00e9 \u00fazem\u00ed: spr\u00e1vn\u00ed obvod 9 a 14, B\u011bchovice, \u010cakovice, Doln\u00ed Po\u010dernice, Horn\u00ed...","og_url":"https:\/\/www.praha14.cz\/zivot-na-praze-14\/mestska-hygienicke-stanice-praha\/","og_site_name":"\u017divot na Praze 14","article_modified_time":"2020-10-13T08:42:43+00:00","twitter_card":"summary_large_image","schema":{"@context":"https:\/\/schema.org","@graph":[{"@type":"WebPage","@id":"https:\/\/www.praha14.cz\/zivot-na-praze-14\/mestska-hygienicke-stanice-praha\/","url":"https:\/\/www.praha14.cz\/zivot-na-praze-14\/mestska-hygienicke-stanice-praha\/","name":"Hygienick\u00e1 stanice - \u017divot na Praze 14","isPartOf":{"@id":"https:\/\/www.praha14.cz\/zivot-na-praze-14\/#website"},"datePublished":"2014-04-28T14:00:09+00:00","dateModified":"2020-10-13T08:42:43+00:00","breadcrumb":{"@id":"https:\/\/www.praha14.cz\/zivot-na-praze-14\/mestska-hygienicke-stanice-praha\/#breadcrumb"},"inLanguage":"cs","potentialAction":[{"@type":"ReadAction","target":["https:\/\/www.praha14.cz\/zivot-na-praze-14\/mestska-hygienicke-stanice-praha\/"]}]},{"@type":"BreadcrumbList","@id":"https:\/\/www.praha14.cz\/zivot-na-praze-14\/mestska-hygienicke-stanice-praha\/#breadcrumb","itemListElement":[{"@type":"ListItem","position":1,"name":"\u017divot na Praze 14","item":"https:\/\/www.praha14.cz\/zivot-na-praze-14\/"},{"@type":"ListItem","position":2,"name":"Hygienick\u00e1 stanice"}]},{"@type":"WebSite","@id":"https:\/\/www.praha14.cz\/zivot-na-praze-14\/#website","url":"https:\/\/www.praha14.cz\/zivot-na-praze-14\/","name":"\u017divot na Praze 14","description":"","potentialAction":[{"@type":"SearchAction","target":{"@type":"EntryPoint","urlTemplate":"https:\/\/www.praha14.cz\/zivot-na-praze-14\/?s={search_term_string}"},"query-input":{"@type":"PropertyValueSpecification","valueRequired":true,"valueName":"search_term_string"}}],"inLanguage":"cs"}]}},"_links":{"self":[{"href":"https:\/\/www.praha14.cz\/zivot-na-praze-14\/wp-json\/wp\/v2\/pages\/402","targetHints":{"allow":["GET"]}}],"collection":[{"href":"https:\/\/www.praha14.cz\/zivot-na-praze-14\/wp-json\/wp\/v2\/pages"}],"about":[{"href":"https:\/\/www.praha14.cz\/zivot-na-praze-14\/wp-json\/wp\/v2\/types\/page"}],"author":[{"embeddable":true,"href":"https:\/\/www.praha14.cz\/zivot-na-praze-14\/wp-json\/wp\/v2\/users\/1"}],"replies":[{"embeddable":true,"href":"https:\/\/www.praha14.cz\/zivot-na-praze-14\/wp-json\/wp\/v2\/comments?post=402"}],"version-history":[{"count":1,"href":"https:\/\/www.praha14.cz\/zivot-na-praze-14\/wp-json\/wp\/v2\/pages\/402\/revisions"}],"predecessor-version":[{"id":57046,"href":"https:\/\/www.praha14.cz\/zivot-na-praze-14\/wp-json\/wp\/v2\/pages\/402\/revisions\/57046"}],"wp:attachment":[{"href":"https:\/\/www.praha14.cz\/zivot-na-praze-14\/wp-json\/wp\/v2\/media?parent=402"}],"curies":[{"name":"wp","href":"https:\/\/api.w.org\/{rel}","templated":true}]}}