{"id":40669,"date":"2017-12-04T12:39:21","date_gmt":"2017-12-04T12:39:21","guid":{"rendered":"https:\/\/www.praha14.cz\/zivot-na-praze-14\/?page_id=40669"},"modified":"2017-12-04T14:10:53","modified_gmt":"2017-12-04T14:10:53","slug":"eduroam-cz","status":"publish","type":"page","link":"https:\/\/www.praha14.cz\/zivot-na-praze-14\/eduroam-cz\/","title":{"rendered":"S\u00ed\u0165 eduroam.cz"},"content":{"rendered":"<p><a href=\"https:\/\/www.eduroam.cz\/cs\/start\" target=\"_blank\" title=\"eduroam.cz\" rel=\"noopener noreferrer\"><img loading=\"lazy\" decoding=\"async\" class=\"alignleft wp-image-40684 size-full\" src=\"https:\/\/www.praha14.cz\/app\/uploads\/sites\/4\/2017\/12\/eduroam-logo_2.png\" alt=\"\" width=\"225\" height=\"98\" \/><\/a>M\u010c Praha 14 umo\u017e\u0148uje od roku 2017, u\u017eivatel\u016fm s\u00edt\u011b eduroam, p\u0159ipojen\u00ed v n\u011bkolika lokalit\u00e1ch.<\/p>\n<p>Je zde vys\u00edl\u00e1no essid eduroam, ov\u011b\u0159ov\u00e1n\u00ed je prov\u00e1d\u011bno protoklem 802.1x. N\u00e1vod jak si nastavit po\u010d\u00edta\u010d pro pr\u00e1ci s 802.1x naleznete na <a href=\"http:\/\/www.eduroam.cz\/doku.php?id=cs:uzivatel:sw:uvod\" target=\"_blank\" rel=\"noopener noreferrer\">eduroam.cz<\/a>. Pro \u00fasp\u011b\u0161n\u00e9 ov\u011b\u0159en\u00ed a n\u00e1sledn\u00fd p\u0159\u00edstup k Internetu pot\u0159ebujete zn\u00e1t u\u017eivatelsk\u00e9 jm\u00e9no a heslo. Tyto \u00fadaje z\u00edsk\u00e1te na sv\u00e9 <a href=\"http:\/\/www.eduroam.cz\/doku.php?id=cs:pripojene_organizace\" target=\"_blank\" rel=\"noopener noreferrer\">domovsk\u00e9 organizaci<\/a>.<\/p>\n<p>&nbsp;<\/p>\n<p>Lokality:<\/p>\n<div style=\"float: left;\">\n<div id=\"attachment_40672\" style=\"width: 270px\" class=\"wp-caption alignnone\"><a title=\"Mapy.cz\" href=\"https:\/\/en.mapy.cz\/s\/2f0Lr\" target=\"_blank\" rel=\"noopener noreferrer\"><img loading=\"lazy\" decoding=\"async\" aria-describedby=\"caption-attachment-40672\" class=\"wp-image-40672\" src=\"https:\/\/www.praha14.cz\/app\/uploads\/sites\/4\/2017\/12\/BratriVencliku1073-370x370.png\" alt=\"\u00da\u0159ad M\u010c Praha 14, Brat\u0159\u00ed Vencl\u00edk\u016f 1073 - mapka\" width=\"260\" height=\"260\" srcset=\"https:\/\/www.praha14.cz\/app\/uploads\/sites\/4\/2017\/12\/BratriVencliku1073-370x370.png 370w, https:\/\/www.praha14.cz\/app\/uploads\/sites\/4\/2017\/12\/BratriVencliku1073-150x150.png 150w, https:\/\/www.praha14.cz\/app\/uploads\/sites\/4\/2017\/12\/BratriVencliku1073.png 500w\" sizes=\"(max-width: 260px) 100vw, 260px\" \/><\/a><p id=\"caption-attachment-40672\" class=\"wp-caption-text\">\u00da\u0159ad M\u010c Praha 14, Brat\u0159\u00ed Vencl\u00edk\u016f 1073, Praha 9<\/p><\/div>\n<\/div>\n<div style=\"float: left;\">\n<div id=\"attachment_40671\" style=\"width: 270px\" class=\"wp-caption alignnone\"><a title=\"Mapy.cz\" href=\"https:\/\/en.mapy.cz\/s\/2f0Lr\" target=\"_blank\" rel=\"noopener noreferrer\"><img loading=\"lazy\" decoding=\"async\" aria-describedby=\"caption-attachment-40671\" class=\"wp-image-40671\" src=\"https:\/\/www.praha14.cz\/app\/uploads\/sites\/4\/2017\/12\/Kardasovska626-370x370.png\" alt=\"Komunitn\u00ed centrum, Karda\u0161ovsk\u00e1 625 - mapka\" width=\"260\" height=\"260\" srcset=\"https:\/\/www.praha14.cz\/app\/uploads\/sites\/4\/2017\/12\/Kardasovska626-370x370.png 370w, https:\/\/www.praha14.cz\/app\/uploads\/sites\/4\/2017\/12\/Kardasovska626-150x150.png 150w, https:\/\/www.praha14.cz\/app\/uploads\/sites\/4\/2017\/12\/Kardasovska626.png 500w\" sizes=\"(max-width: 260px) 100vw, 260px\" \/><\/a><p id=\"caption-attachment-40671\" class=\"wp-caption-text\">Komunitn\u00ed centrum, Karda\u0161ovsk\u00e1 625, Praha 9<\/p><\/div>\n<\/div>\n<div style=\"float: left;\">\n<div id=\"attachment_40670\" style=\"width: 270px\" class=\"wp-caption alignnone\"><a title=\"Mapy.cz\" href=\"https:\/\/en.mapy.cz\/s\/2f0Lr\" target=\"_blank\" rel=\"noopener noreferrer\"><img loading=\"lazy\" decoding=\"async\" aria-describedby=\"caption-attachment-40670\" class=\"wp-image-40670\" src=\"https:\/\/www.praha14.cz\/app\/uploads\/sites\/4\/2017\/12\/Galerie14-370x370.png\" alt=\"Galerie 14, Plukovn\u00edka Vl\u010dka 686, Praha 9 - mapka\" width=\"260\" height=\"260\" srcset=\"https:\/\/www.praha14.cz\/app\/uploads\/sites\/4\/2017\/12\/Galerie14-370x370.png 370w, https:\/\/www.praha14.cz\/app\/uploads\/sites\/4\/2017\/12\/Galerie14-150x150.png 150w, https:\/\/www.praha14.cz\/app\/uploads\/sites\/4\/2017\/12\/Galerie14.png 500w\" sizes=\"(max-width: 260px) 100vw, 260px\" \/><\/a><p id=\"caption-attachment-40670\" class=\"wp-caption-text\">Galerie 14, Plukovn\u00edka Vl\u010dka 686, Praha 9<\/p><\/div>\n<\/div>\n","protected":false},"excerpt":{"rendered":"<p>M\u010c Praha 14 umo\u017e\u0148uje od roku 2017, u\u017eivatel\u016fm s\u00edt\u011b eduroam, p\u0159ipojen\u00ed v n\u011bkolika lokalit\u00e1ch. Je zde vys\u00edl\u00e1no essid eduroam, ov\u011b\u0159ov\u00e1n\u00ed je prov\u00e1d\u011bno protoklem 802.1x. N\u00e1vod jak si nastavit po\u010d\u00edta\u010d pro pr\u00e1ci s 802.1x naleznete na eduroam.cz. Pro \u00fasp\u011b\u0161n\u00e9 ov\u011b\u0159en\u00ed a n\u00e1sledn\u00fd p\u0159\u00edstup k Internetu pot\u0159ebujete zn\u00e1t u\u017eivatelsk\u00e9 jm\u00e9no a heslo. Tyto \u00fadaje z\u00edsk\u00e1te na sv\u00e9&#8230;<\/p>\n","protected":false},"author":4,"featured_media":0,"parent":0,"menu_order":0,"comment_status":"closed","ping_status":"closed","template":"","meta":{"_acf_changed":false,"footnotes":""},"class_list":["post-40669","page","type-page","status-publish","hentry"],"acf":[],"yoast_head":"<!-- This site is optimized with the Yoast SEO plugin v27.2 - https:\/\/yoast.com\/product\/yoast-seo-wordpress\/ -->\n<title>S\u00ed\u0165 eduroam.cz - \u017divot na Praze 14<\/title>\n<meta name=\"robots\" content=\"index, follow, max-snippet:-1, max-image-preview:large, max-video-preview:-1\" \/>\n<link rel=\"canonical\" href=\"https:\/\/www.praha14.cz\/zivot-na-praze-14\/eduroam-cz\/\" \/>\n<meta property=\"og:locale\" content=\"cs_CZ\" \/>\n<meta property=\"og:type\" content=\"article\" \/>\n<meta property=\"og:title\" content=\"S\u00ed\u0165 eduroam.cz - \u017divot na Praze 14\" \/>\n<meta property=\"og:description\" content=\"M\u010c Praha 14 umo\u017e\u0148uje od roku 2017, u\u017eivatel\u016fm s\u00edt\u011b eduroam, p\u0159ipojen\u00ed v n\u011bkolika lokalit\u00e1ch. Je zde vys\u00edl\u00e1no essid eduroam, ov\u011b\u0159ov\u00e1n\u00ed je prov\u00e1d\u011bno protoklem 802.1x. N\u00e1vod jak si nastavit po\u010d\u00edta\u010d pro pr\u00e1ci s 802.1x naleznete na eduroam.cz. Pro \u00fasp\u011b\u0161n\u00e9 ov\u011b\u0159en\u00ed a n\u00e1sledn\u00fd p\u0159\u00edstup k Internetu pot\u0159ebujete zn\u00e1t u\u017eivatelsk\u00e9 jm\u00e9no a heslo. Tyto \u00fadaje z\u00edsk\u00e1te na sv\u00e9...\" \/>\n<meta property=\"og:url\" content=\"https:\/\/www.praha14.cz\/zivot-na-praze-14\/eduroam-cz\/\" \/>\n<meta property=\"og:site_name\" content=\"\u017divot na Praze 14\" \/>\n<meta property=\"article:modified_time\" content=\"2017-12-04T14:10:53+00:00\" \/>\n<meta property=\"og:image\" content=\"https:\/\/www.praha14.cz\/app\/uploads\/sites\/4\/2017\/12\/eduroam-logo_2.png\" \/>\n<meta name=\"twitter:card\" content=\"summary_large_image\" \/>\n<meta name=\"twitter:label1\" content=\"Est. reading time\" \/>\n\t<meta name=\"twitter:data1\" content=\"1 minuta\" \/>\n<script type=\"application\/ld+json\" class=\"yoast-schema-graph\">{\"@context\":\"https:\/\/schema.org\",\"@graph\":[{\"@type\":\"WebPage\",\"@id\":\"https:\/\/www.praha14.cz\/zivot-na-praze-14\/eduroam-cz\/\",\"url\":\"https:\/\/www.praha14.cz\/zivot-na-praze-14\/eduroam-cz\/\",\"name\":\"S\u00ed\u0165 eduroam.cz - \u017divot na Praze 14\",\"isPartOf\":{\"@id\":\"https:\/\/www.praha14.cz\/zivot-na-praze-14\/#website\"},\"primaryImageOfPage\":{\"@id\":\"https:\/\/www.praha14.cz\/zivot-na-praze-14\/eduroam-cz\/#primaryimage\"},\"image\":{\"@id\":\"https:\/\/www.praha14.cz\/zivot-na-praze-14\/eduroam-cz\/#primaryimage\"},\"thumbnailUrl\":\"https:\/\/www.praha14.cz\/app\/uploads\/sites\/4\/2017\/12\/eduroam-logo_2.png\",\"datePublished\":\"2017-12-04T12:39:21+00:00\",\"dateModified\":\"2017-12-04T14:10:53+00:00\",\"breadcrumb\":{\"@id\":\"https:\/\/www.praha14.cz\/zivot-na-praze-14\/eduroam-cz\/#breadcrumb\"},\"inLanguage\":\"cs\",\"potentialAction\":[{\"@type\":\"ReadAction\",\"target\":[\"https:\/\/www.praha14.cz\/zivot-na-praze-14\/eduroam-cz\/\"]}]},{\"@type\":\"ImageObject\",\"inLanguage\":\"cs\",\"@id\":\"https:\/\/www.praha14.cz\/zivot-na-praze-14\/eduroam-cz\/#primaryimage\",\"url\":\"https:\/\/www.praha14.cz\/app\/uploads\/sites\/4\/2017\/12\/eduroam-logo_2.png\",\"contentUrl\":\"https:\/\/www.praha14.cz\/app\/uploads\/sites\/4\/2017\/12\/eduroam-logo_2.png\"},{\"@type\":\"BreadcrumbList\",\"@id\":\"https:\/\/www.praha14.cz\/zivot-na-praze-14\/eduroam-cz\/#breadcrumb\",\"itemListElement\":[{\"@type\":\"ListItem\",\"position\":1,\"name\":\"\u017divot na Praze 14\",\"item\":\"https:\/\/www.praha14.cz\/zivot-na-praze-14\/\"},{\"@type\":\"ListItem\",\"position\":2,\"name\":\"S\u00ed\u0165 eduroam.cz\"}]},{\"@type\":\"WebSite\",\"@id\":\"https:\/\/www.praha14.cz\/zivot-na-praze-14\/#website\",\"url\":\"https:\/\/www.praha14.cz\/zivot-na-praze-14\/\",\"name\":\"\u017divot na Praze 14\",\"description\":\"\",\"potentialAction\":[{\"@type\":\"SearchAction\",\"target\":{\"@type\":\"EntryPoint\",\"urlTemplate\":\"https:\/\/www.praha14.cz\/zivot-na-praze-14\/?s={search_term_string}\"},\"query-input\":{\"@type\":\"PropertyValueSpecification\",\"valueRequired\":true,\"valueName\":\"search_term_string\"}}],\"inLanguage\":\"cs\"}]}<\/script>\n<!-- \/ Yoast SEO plugin. -->","yoast_head_json":{"title":"S\u00ed\u0165 eduroam.cz - \u017divot na Praze 14","robots":{"index":"index","follow":"follow","max-snippet":"max-snippet:-1","max-image-preview":"max-image-preview:large","max-video-preview":"max-video-preview:-1"},"canonical":"https:\/\/www.praha14.cz\/zivot-na-praze-14\/eduroam-cz\/","og_locale":"cs_CZ","og_type":"article","og_title":"S\u00ed\u0165 eduroam.cz - \u017divot na Praze 14","og_description":"M\u010c Praha 14 umo\u017e\u0148uje od roku 2017, u\u017eivatel\u016fm s\u00edt\u011b eduroam, p\u0159ipojen\u00ed v n\u011bkolika lokalit\u00e1ch. Je zde vys\u00edl\u00e1no essid eduroam, ov\u011b\u0159ov\u00e1n\u00ed je prov\u00e1d\u011bno protoklem 802.1x. N\u00e1vod jak si nastavit po\u010d\u00edta\u010d pro pr\u00e1ci s 802.1x naleznete na eduroam.cz. Pro \u00fasp\u011b\u0161n\u00e9 ov\u011b\u0159en\u00ed a n\u00e1sledn\u00fd p\u0159\u00edstup k Internetu pot\u0159ebujete zn\u00e1t u\u017eivatelsk\u00e9 jm\u00e9no a heslo. Tyto \u00fadaje z\u00edsk\u00e1te na sv\u00e9...","og_url":"https:\/\/www.praha14.cz\/zivot-na-praze-14\/eduroam-cz\/","og_site_name":"\u017divot na Praze 14","article_modified_time":"2017-12-04T14:10:53+00:00","og_image":[{"url":"https:\/\/www.praha14.cz\/app\/uploads\/sites\/4\/2017\/12\/eduroam-logo_2.png","type":"","width":"","height":""}],"twitter_card":"summary_large_image","twitter_misc":{"Est. reading time":"1 minuta"},"schema":{"@context":"https:\/\/schema.org","@graph":[{"@type":"WebPage","@id":"https:\/\/www.praha14.cz\/zivot-na-praze-14\/eduroam-cz\/","url":"https:\/\/www.praha14.cz\/zivot-na-praze-14\/eduroam-cz\/","name":"S\u00ed\u0165 eduroam.cz - \u017divot na Praze 14","isPartOf":{"@id":"https:\/\/www.praha14.cz\/zivot-na-praze-14\/#website"},"primaryImageOfPage":{"@id":"https:\/\/www.praha14.cz\/zivot-na-praze-14\/eduroam-cz\/#primaryimage"},"image":{"@id":"https:\/\/www.praha14.cz\/zivot-na-praze-14\/eduroam-cz\/#primaryimage"},"thumbnailUrl":"https:\/\/www.praha14.cz\/app\/uploads\/sites\/4\/2017\/12\/eduroam-logo_2.png","datePublished":"2017-12-04T12:39:21+00:00","dateModified":"2017-12-04T14:10:53+00:00","breadcrumb":{"@id":"https:\/\/www.praha14.cz\/zivot-na-praze-14\/eduroam-cz\/#breadcrumb"},"inLanguage":"cs","potentialAction":[{"@type":"ReadAction","target":["https:\/\/www.praha14.cz\/zivot-na-praze-14\/eduroam-cz\/"]}]},{"@type":"ImageObject","inLanguage":"cs","@id":"https:\/\/www.praha14.cz\/zivot-na-praze-14\/eduroam-cz\/#primaryimage","url":"https:\/\/www.praha14.cz\/app\/uploads\/sites\/4\/2017\/12\/eduroam-logo_2.png","contentUrl":"https:\/\/www.praha14.cz\/app\/uploads\/sites\/4\/2017\/12\/eduroam-logo_2.png"},{"@type":"BreadcrumbList","@id":"https:\/\/www.praha14.cz\/zivot-na-praze-14\/eduroam-cz\/#breadcrumb","itemListElement":[{"@type":"ListItem","position":1,"name":"\u017divot na Praze 14","item":"https:\/\/www.praha14.cz\/zivot-na-praze-14\/"},{"@type":"ListItem","position":2,"name":"S\u00ed\u0165 eduroam.cz"}]},{"@type":"WebSite","@id":"https:\/\/www.praha14.cz\/zivot-na-praze-14\/#website","url":"https:\/\/www.praha14.cz\/zivot-na-praze-14\/","name":"\u017divot na Praze 14","description":"","potentialAction":[{"@type":"SearchAction","target":{"@type":"EntryPoint","urlTemplate":"https:\/\/www.praha14.cz\/zivot-na-praze-14\/?s={search_term_string}"},"query-input":{"@type":"PropertyValueSpecification","valueRequired":true,"valueName":"search_term_string"}}],"inLanguage":"cs"}]}},"_links":{"self":[{"href":"https:\/\/www.praha14.cz\/zivot-na-praze-14\/wp-json\/wp\/v2\/pages\/40669","targetHints":{"allow":["GET"]}}],"collection":[{"href":"https:\/\/www.praha14.cz\/zivot-na-praze-14\/wp-json\/wp\/v2\/pages"}],"about":[{"href":"https:\/\/www.praha14.cz\/zivot-na-praze-14\/wp-json\/wp\/v2\/types\/page"}],"author":[{"embeddable":true,"href":"https:\/\/www.praha14.cz\/zivot-na-praze-14\/wp-json\/wp\/v2\/users\/4"}],"replies":[{"embeddable":true,"href":"https:\/\/www.praha14.cz\/zivot-na-praze-14\/wp-json\/wp\/v2\/comments?post=40669"}],"version-history":[{"count":5,"href":"https:\/\/www.praha14.cz\/zivot-na-praze-14\/wp-json\/wp\/v2\/pages\/40669\/revisions"}],"predecessor-version":[{"id":40721,"href":"https:\/\/www.praha14.cz\/zivot-na-praze-14\/wp-json\/wp\/v2\/pages\/40669\/revisions\/40721"}],"wp:attachment":[{"href":"https:\/\/www.praha14.cz\/zivot-na-praze-14\/wp-json\/wp\/v2\/media?parent=40669"}],"curies":[{"name":"wp","href":"https:\/\/api.w.org\/{rel}","templated":true}]}}