{"id":41222,"date":"2018-01-09T11:33:01","date_gmt":"2018-01-09T11:33:01","guid":{"rendered":"https:\/\/www.praha14.cz\/zivot-na-praze-14\/?page_id=41222"},"modified":"2018-01-09T11:49:30","modified_gmt":"2018-01-09T11:49:30","slug":"balena-voda-pro-seniory-a-zdravotne-postizene","status":"publish","type":"page","link":"https:\/\/www.praha14.cz\/zivot-na-praze-14\/balena-voda-pro-seniory-a-zdravotne-postizene\/","title":{"rendered":"Balen\u00e1 voda pro seniory a zdravotn\u011b posti\u017een\u00e9"},"content":{"rendered":"<p>Praha 14 se za\u0159adila na seznam pra\u017esk\u00fdch m\u011bstsk\u00fdch \u010d\u00e1st\u00ed zapojen\u00fdch do projektu \u201eBalen\u00e1 voda\u201c pro seniory \u010di zdravotn\u011b posti\u017een\u00e9. \u201eV p\u0159\u00edpad\u011b dlouhodob\u00fdch v\u00fdluk \u010di hav\u00e1ri\u00ed m\u00ed\u0159\u00ed balen\u00e1 voda p\u0159\u00edmo k\u00a0zaregistrovan\u00fdm lidem na jimi ur\u010den\u00e9 m\u00edsto, a to zdarma,\u201c vysv\u011btluje Miroslav Vavrou\u0161ek ze spole\u010dnosti Pra\u017esk\u00e9 vodovody a kanalizace (PVK), kter\u00e1 za projektem stoj\u00ed.<\/p>\n<p style=\"text-align: center\"><a href=\"https:\/\/www.praha14.cz\/app\/uploads\/sites\/4\/2018\/01\/IMG_4318.jpg\" target=\"_blank\" rel=\"noopener noreferrer\" data-rel=\"lightbox-image-0\" data-rl_title=\"\" data-rl_caption=\"\" title=\"\"><img loading=\"lazy\" decoding=\"async\" class=\"alignleft wp-image-41233 size-medium\" src=\"https:\/\/www.praha14.cz\/app\/uploads\/sites\/4\/2018\/01\/IMG_4318-370x247.jpg\" alt=\"\" width=\"370\" height=\"247\" srcset=\"https:\/\/www.praha14.cz\/app\/uploads\/sites\/4\/2018\/01\/IMG_4318-370x247.jpg 370w, https:\/\/www.praha14.cz\/app\/uploads\/sites\/4\/2018\/01\/IMG_4318-768x512.jpg 768w, https:\/\/www.praha14.cz\/app\/uploads\/sites\/4\/2018\/01\/IMG_4318-1024x682.jpg 1024w, https:\/\/www.praha14.cz\/app\/uploads\/sites\/4\/2018\/01\/IMG_4318.jpg 1556w\" sizes=\"(max-width: 370px) 100vw, 370px\" \/><\/a><\/p>\n<h3 style=\"text-align: center\">\u201eKdy\u017e p\u0159estane t\u00e9ct voda, je to nep\u0159\u00edjemn\u00e9 pro v\u0161echny, nato\u017e pro lidi s\u00a0omezenou pohyblivost\u00ed, pro kter\u00e9 m\u016f\u017ee cesta k\u00a0cistern\u011b a n\u00e1sledn\u00e1 doprava vody dom\u016f p\u0159edstavovat nep\u0159ekonateln\u00fd probl\u00e9m. Dlouhodob\u011b usilujeme o maxim\u00e1ln\u00ed bezbari\u00e9rovost v\u00a0na\u0161\u00ed m\u011bstsk\u00e9 \u010d\u00e1sti. Projekt PVK, do n\u011bho\u017e jsme se\u00a0 zapojili, vn\u00edm\u00e1m jako dal\u0161\u00ed pozitivn\u00ed krok v\u00a0t\u00e9to oblasti.\u201c<\/h3>\n<p style=\"text-align: center\"><em>starosta Prahy 14 Mgr. Radek Vondra<\/em><\/p>\n<p>&nbsp;<\/p>\n<p>&nbsp;<\/p>\n<p><strong>Jak projekt \u201eBalen\u00e1 voda\u201c v\u00a0praxi funguje?<\/strong> Sta\u010d\u00ed si vytisknout a vyplnit <strong><a href=\"https:\/\/www.praha14.cz\/app\/uploads\/sites\/4\/2018\/01\/nahradni_zasobovani.pdf\" target=\"_blank\" rel=\"noopener noreferrer\">TENTO FORMUL\u00c1\u0158<\/a><\/strong>, kter\u00fd obsahuje i v\u0161echny dal\u0161\u00ed d\u016fle\u017eit\u00e9 informace a doru\u010dit jej:<\/p>\n<p><a href=\"https:\/\/www.praha14.cz\/app\/uploads\/sites\/4\/2018\/01\/balen\u00e1-co-d\u011blat-1.jpg\" data-rel=\"lightbox-image-1\" data-rl_title=\"\" data-rl_caption=\"\" title=\"\"><img loading=\"lazy\" decoding=\"async\" class=\" wp-image-41245 alignright\" src=\"https:\/\/www.praha14.cz\/app\/uploads\/sites\/4\/2018\/01\/balen\u00e1-co-d\u011blat-1-353x370.jpg\" alt=\"\" width=\"415\" height=\"435\" srcset=\"https:\/\/www.praha14.cz\/app\/uploads\/sites\/4\/2018\/01\/balen\u00e1-co-d\u011blat-1-353x370.jpg 353w, https:\/\/www.praha14.cz\/app\/uploads\/sites\/4\/2018\/01\/balen\u00e1-co-d\u011blat-1-768x805.jpg 768w, https:\/\/www.praha14.cz\/app\/uploads\/sites\/4\/2018\/01\/balen\u00e1-co-d\u011blat-1.jpg 883w\" sizes=\"(max-width: 415px) 100vw, 415px\" \/><\/a><\/p>\n<ul>\n<li><strong>po\u0161tou na adresu:<\/strong> Pra\u017esk\u00e9 vodovody a kanalizace, a.s.,<br \/>\nKe Kablu 971, 102 00 Praha 10<\/li>\n<li><strong>osobn\u011b<\/strong> do budovy z\u00e1kaznick\u00e9ho centra spole\u010dnosti Pra\u017esk\u00e9 vodovody a kanalizace, Dykova 3, Praha 10<\/li>\n<\/ul>\n<p><strong>Ob\u00e1lku v\u017edy ozna\u010dte heslem \u201eBalen\u00e1 voda\u201c.<\/strong><\/p>\n<p>Lid\u00e9, kte\u0159\u00ed cht\u011bj\u00ed slu\u017ebu vyu\u017e\u00edvat, <strong>mus\u00ed b\u00fdt dr\u017eiteli platn\u00e9ho pr\u016fkazu TP, ZTP nebo ZTP\/P<\/strong>. Balen\u00e1 voda se rozv\u00e1\u017e\u00ed v\u00a0p\u0159\u00edpad\u011b hav\u00e1rie na vodovodn\u00ed s\u00edti s\u00a0p\u0159edpokladem p\u0159eru\u0161en\u00ed dod\u00e1vky pitn\u00e9 vody v\u00a0trv\u00e1n\u00ed del\u0161\u00edm ne\u017e p\u011bt hodin.<\/p>\n<p>&nbsp;<\/p>\n<p>V\u0161echny kontejnery s\u00a0balenou vodou jsou vybaveny \u010dipy, tak\u017ee m\u016f\u017eeme sledovat jejich p\u0159esnou polohu a z\u00e1rove\u0148 jsme t\u00edmto krokem z\u00edskali p\u0159ehled pohyb\u016f kontejner\u016f od v\u00fdrobn\u00ed linky p\u0159es sklady do samotn\u00e9 distribuce.<\/p>\n<p>&nbsp;<\/p>\n<p>Balic\u00ed linka je instalov\u00e1na v\u00a0\u00fapravn\u011b vody K\u00e1ran\u00fd. Cel\u00fd proces balen\u00ed vody do s\u00e1\u010dk\u016f v\u010detn\u011b pou\u017eit\u00e9 folie je v\u00a0souladu se z\u00e1konem \u010d. 258\/2000 Sb., o ochran\u011b ve\u0159ejn\u00e9ho zdrav\u00ed a souvisej\u00edc\u00edch p\u0159edpis\u016f. Pot\u0159ebn\u00e9 \u00fadaje o jakosti pitn\u00e9 vody, v\u010detn\u011b data spot\u0159eby, jsou uvedeny na s\u00e1\u010dku. Jakost vody v\u00a0s\u00e1\u010dc\u00edch je pr\u016fb\u011b\u017en\u011b kontrolov\u00e1na akreditovanou laborato\u0159\u00ed.<\/p>\n<p>&nbsp;<\/p>\n","protected":false},"excerpt":{"rendered":"<p>Praha 14 se za\u0159adila na seznam pra\u017esk\u00fdch m\u011bstsk\u00fdch \u010d\u00e1st\u00ed zapojen\u00fdch do projektu \u201eBalen\u00e1 voda\u201c pro seniory \u010di zdravotn\u011b posti\u017een\u00e9. \u201eV p\u0159\u00edpad\u011b dlouhodob\u00fdch v\u00fdluk \u010di hav\u00e1ri\u00ed m\u00ed\u0159\u00ed balen\u00e1 voda p\u0159\u00edmo k\u00a0zaregistrovan\u00fdm lidem na jimi ur\u010den\u00e9 m\u00edsto, a to zdarma,\u201c vysv\u011btluje Miroslav Vavrou\u0161ek ze spole\u010dnosti Pra\u017esk\u00e9 vodovody a kanalizace (PVK), kter\u00e1 za projektem stoj\u00ed. \u201eKdy\u017e p\u0159estane t\u00e9ct&#8230;<\/p>\n","protected":false},"author":6,"featured_media":0,"parent":0,"menu_order":0,"comment_status":"closed","ping_status":"closed","template":"","meta":{"_acf_changed":false,"footnotes":""},"class_list":["post-41222","page","type-page","status-publish","hentry"],"acf":[],"yoast_head":"<!-- This site is optimized with the Yoast SEO plugin v27.2 - https:\/\/yoast.com\/product\/yoast-seo-wordpress\/ -->\n<title>Balen\u00e1 voda pro seniory a zdravotn\u011b posti\u017een\u00e9 - \u017divot na Praze 14<\/title>\n<meta name=\"robots\" content=\"index, follow, max-snippet:-1, max-image-preview:large, max-video-preview:-1\" \/>\n<link rel=\"canonical\" href=\"https:\/\/www.praha14.cz\/zivot-na-praze-14\/balena-voda-pro-seniory-a-zdravotne-postizene\/\" \/>\n<meta property=\"og:locale\" content=\"cs_CZ\" \/>\n<meta property=\"og:type\" content=\"article\" \/>\n<meta property=\"og:title\" content=\"Balen\u00e1 voda pro seniory a zdravotn\u011b posti\u017een\u00e9 - \u017divot na Praze 14\" \/>\n<meta property=\"og:description\" content=\"Praha 14 se za\u0159adila na seznam pra\u017esk\u00fdch m\u011bstsk\u00fdch \u010d\u00e1st\u00ed zapojen\u00fdch do projektu \u201eBalen\u00e1 voda\u201c pro seniory \u010di zdravotn\u011b posti\u017een\u00e9. \u201eV p\u0159\u00edpad\u011b dlouhodob\u00fdch v\u00fdluk \u010di hav\u00e1ri\u00ed m\u00ed\u0159\u00ed balen\u00e1 voda p\u0159\u00edmo k\u00a0zaregistrovan\u00fdm lidem na jimi ur\u010den\u00e9 m\u00edsto, a to zdarma,\u201c vysv\u011btluje Miroslav Vavrou\u0161ek ze spole\u010dnosti Pra\u017esk\u00e9 vodovody a kanalizace (PVK), kter\u00e1 za projektem stoj\u00ed. \u201eKdy\u017e p\u0159estane t\u00e9ct...\" \/>\n<meta property=\"og:url\" content=\"https:\/\/www.praha14.cz\/zivot-na-praze-14\/balena-voda-pro-seniory-a-zdravotne-postizene\/\" \/>\n<meta property=\"og:site_name\" content=\"\u017divot na Praze 14\" \/>\n<meta property=\"article:modified_time\" content=\"2018-01-09T11:49:30+00:00\" \/>\n<meta property=\"og:image\" content=\"https:\/\/www.praha14.cz\/app\/uploads\/sites\/4\/2018\/01\/IMG_4318-370x247.jpg\" \/>\n<meta name=\"twitter:card\" content=\"summary_large_image\" \/>\n<meta name=\"twitter:label1\" content=\"Est. reading time\" \/>\n\t<meta name=\"twitter:data1\" content=\"2 minuty\" \/>\n<script type=\"application\/ld+json\" class=\"yoast-schema-graph\">{\"@context\":\"https:\/\/schema.org\",\"@graph\":[{\"@type\":\"WebPage\",\"@id\":\"https:\/\/www.praha14.cz\/zivot-na-praze-14\/balena-voda-pro-seniory-a-zdravotne-postizene\/\",\"url\":\"https:\/\/www.praha14.cz\/zivot-na-praze-14\/balena-voda-pro-seniory-a-zdravotne-postizene\/\",\"name\":\"Balen\u00e1 voda pro seniory a zdravotn\u011b posti\u017een\u00e9 - \u017divot na Praze 14\",\"isPartOf\":{\"@id\":\"https:\/\/www.praha14.cz\/zivot-na-praze-14\/#website\"},\"primaryImageOfPage\":{\"@id\":\"https:\/\/www.praha14.cz\/zivot-na-praze-14\/balena-voda-pro-seniory-a-zdravotne-postizene\/#primaryimage\"},\"image\":{\"@id\":\"https:\/\/www.praha14.cz\/zivot-na-praze-14\/balena-voda-pro-seniory-a-zdravotne-postizene\/#primaryimage\"},\"thumbnailUrl\":\"https:\/\/www.praha14.cz\/app\/uploads\/sites\/4\/2018\/01\/IMG_4318-370x247.jpg\",\"datePublished\":\"2018-01-09T11:33:01+00:00\",\"dateModified\":\"2018-01-09T11:49:30+00:00\",\"breadcrumb\":{\"@id\":\"https:\/\/www.praha14.cz\/zivot-na-praze-14\/balena-voda-pro-seniory-a-zdravotne-postizene\/#breadcrumb\"},\"inLanguage\":\"cs\",\"potentialAction\":[{\"@type\":\"ReadAction\",\"target\":[\"https:\/\/www.praha14.cz\/zivot-na-praze-14\/balena-voda-pro-seniory-a-zdravotne-postizene\/\"]}]},{\"@type\":\"ImageObject\",\"inLanguage\":\"cs\",\"@id\":\"https:\/\/www.praha14.cz\/zivot-na-praze-14\/balena-voda-pro-seniory-a-zdravotne-postizene\/#primaryimage\",\"url\":\"https:\/\/www.praha14.cz\/app\/uploads\/sites\/4\/2018\/01\/IMG_4318-370x247.jpg\",\"contentUrl\":\"https:\/\/www.praha14.cz\/app\/uploads\/sites\/4\/2018\/01\/IMG_4318-370x247.jpg\"},{\"@type\":\"BreadcrumbList\",\"@id\":\"https:\/\/www.praha14.cz\/zivot-na-praze-14\/balena-voda-pro-seniory-a-zdravotne-postizene\/#breadcrumb\",\"itemListElement\":[{\"@type\":\"ListItem\",\"position\":1,\"name\":\"\u017divot na Praze 14\",\"item\":\"https:\/\/www.praha14.cz\/zivot-na-praze-14\/\"},{\"@type\":\"ListItem\",\"position\":2,\"name\":\"Balen\u00e1 voda pro seniory a zdravotn\u011b posti\u017een\u00e9\"}]},{\"@type\":\"WebSite\",\"@id\":\"https:\/\/www.praha14.cz\/zivot-na-praze-14\/#website\",\"url\":\"https:\/\/www.praha14.cz\/zivot-na-praze-14\/\",\"name\":\"\u017divot na Praze 14\",\"description\":\"\",\"potentialAction\":[{\"@type\":\"SearchAction\",\"target\":{\"@type\":\"EntryPoint\",\"urlTemplate\":\"https:\/\/www.praha14.cz\/zivot-na-praze-14\/?s={search_term_string}\"},\"query-input\":{\"@type\":\"PropertyValueSpecification\",\"valueRequired\":true,\"valueName\":\"search_term_string\"}}],\"inLanguage\":\"cs\"}]}<\/script>\n<!-- \/ Yoast SEO plugin. -->","yoast_head_json":{"title":"Balen\u00e1 voda pro seniory a zdravotn\u011b posti\u017een\u00e9 - \u017divot na Praze 14","robots":{"index":"index","follow":"follow","max-snippet":"max-snippet:-1","max-image-preview":"max-image-preview:large","max-video-preview":"max-video-preview:-1"},"canonical":"https:\/\/www.praha14.cz\/zivot-na-praze-14\/balena-voda-pro-seniory-a-zdravotne-postizene\/","og_locale":"cs_CZ","og_type":"article","og_title":"Balen\u00e1 voda pro seniory a zdravotn\u011b posti\u017een\u00e9 - \u017divot na Praze 14","og_description":"Praha 14 se za\u0159adila na seznam pra\u017esk\u00fdch m\u011bstsk\u00fdch \u010d\u00e1st\u00ed zapojen\u00fdch do projektu \u201eBalen\u00e1 voda\u201c pro seniory \u010di zdravotn\u011b posti\u017een\u00e9. \u201eV p\u0159\u00edpad\u011b dlouhodob\u00fdch v\u00fdluk \u010di hav\u00e1ri\u00ed m\u00ed\u0159\u00ed balen\u00e1 voda p\u0159\u00edmo k\u00a0zaregistrovan\u00fdm lidem na jimi ur\u010den\u00e9 m\u00edsto, a to zdarma,\u201c vysv\u011btluje Miroslav Vavrou\u0161ek ze spole\u010dnosti Pra\u017esk\u00e9 vodovody a kanalizace (PVK), kter\u00e1 za projektem stoj\u00ed. \u201eKdy\u017e p\u0159estane t\u00e9ct...","og_url":"https:\/\/www.praha14.cz\/zivot-na-praze-14\/balena-voda-pro-seniory-a-zdravotne-postizene\/","og_site_name":"\u017divot na Praze 14","article_modified_time":"2018-01-09T11:49:30+00:00","og_image":[{"url":"https:\/\/www.praha14.cz\/app\/uploads\/sites\/4\/2018\/01\/IMG_4318-370x247.jpg","type":"","width":"","height":""}],"twitter_card":"summary_large_image","twitter_misc":{"Est. reading time":"2 minuty"},"schema":{"@context":"https:\/\/schema.org","@graph":[{"@type":"WebPage","@id":"https:\/\/www.praha14.cz\/zivot-na-praze-14\/balena-voda-pro-seniory-a-zdravotne-postizene\/","url":"https:\/\/www.praha14.cz\/zivot-na-praze-14\/balena-voda-pro-seniory-a-zdravotne-postizene\/","name":"Balen\u00e1 voda pro seniory a zdravotn\u011b posti\u017een\u00e9 - \u017divot na Praze 14","isPartOf":{"@id":"https:\/\/www.praha14.cz\/zivot-na-praze-14\/#website"},"primaryImageOfPage":{"@id":"https:\/\/www.praha14.cz\/zivot-na-praze-14\/balena-voda-pro-seniory-a-zdravotne-postizene\/#primaryimage"},"image":{"@id":"https:\/\/www.praha14.cz\/zivot-na-praze-14\/balena-voda-pro-seniory-a-zdravotne-postizene\/#primaryimage"},"thumbnailUrl":"https:\/\/www.praha14.cz\/app\/uploads\/sites\/4\/2018\/01\/IMG_4318-370x247.jpg","datePublished":"2018-01-09T11:33:01+00:00","dateModified":"2018-01-09T11:49:30+00:00","breadcrumb":{"@id":"https:\/\/www.praha14.cz\/zivot-na-praze-14\/balena-voda-pro-seniory-a-zdravotne-postizene\/#breadcrumb"},"inLanguage":"cs","potentialAction":[{"@type":"ReadAction","target":["https:\/\/www.praha14.cz\/zivot-na-praze-14\/balena-voda-pro-seniory-a-zdravotne-postizene\/"]}]},{"@type":"ImageObject","inLanguage":"cs","@id":"https:\/\/www.praha14.cz\/zivot-na-praze-14\/balena-voda-pro-seniory-a-zdravotne-postizene\/#primaryimage","url":"https:\/\/www.praha14.cz\/app\/uploads\/sites\/4\/2018\/01\/IMG_4318-370x247.jpg","contentUrl":"https:\/\/www.praha14.cz\/app\/uploads\/sites\/4\/2018\/01\/IMG_4318-370x247.jpg"},{"@type":"BreadcrumbList","@id":"https:\/\/www.praha14.cz\/zivot-na-praze-14\/balena-voda-pro-seniory-a-zdravotne-postizene\/#breadcrumb","itemListElement":[{"@type":"ListItem","position":1,"name":"\u017divot na Praze 14","item":"https:\/\/www.praha14.cz\/zivot-na-praze-14\/"},{"@type":"ListItem","position":2,"name":"Balen\u00e1 voda pro seniory a zdravotn\u011b posti\u017een\u00e9"}]},{"@type":"WebSite","@id":"https:\/\/www.praha14.cz\/zivot-na-praze-14\/#website","url":"https:\/\/www.praha14.cz\/zivot-na-praze-14\/","name":"\u017divot na Praze 14","description":"","potentialAction":[{"@type":"SearchAction","target":{"@type":"EntryPoint","urlTemplate":"https:\/\/www.praha14.cz\/zivot-na-praze-14\/?s={search_term_string}"},"query-input":{"@type":"PropertyValueSpecification","valueRequired":true,"valueName":"search_term_string"}}],"inLanguage":"cs"}]}},"_links":{"self":[{"href":"https:\/\/www.praha14.cz\/zivot-na-praze-14\/wp-json\/wp\/v2\/pages\/41222","targetHints":{"allow":["GET"]}}],"collection":[{"href":"https:\/\/www.praha14.cz\/zivot-na-praze-14\/wp-json\/wp\/v2\/pages"}],"about":[{"href":"https:\/\/www.praha14.cz\/zivot-na-praze-14\/wp-json\/wp\/v2\/types\/page"}],"author":[{"embeddable":true,"href":"https:\/\/www.praha14.cz\/zivot-na-praze-14\/wp-json\/wp\/v2\/users\/6"}],"replies":[{"embeddable":true,"href":"https:\/\/www.praha14.cz\/zivot-na-praze-14\/wp-json\/wp\/v2\/comments?post=41222"}],"version-history":[{"count":5,"href":"https:\/\/www.praha14.cz\/zivot-na-praze-14\/wp-json\/wp\/v2\/pages\/41222\/revisions"}],"predecessor-version":[{"id":41247,"href":"https:\/\/www.praha14.cz\/zivot-na-praze-14\/wp-json\/wp\/v2\/pages\/41222\/revisions\/41247"}],"wp:attachment":[{"href":"https:\/\/www.praha14.cz\/zivot-na-praze-14\/wp-json\/wp\/v2\/media?parent=41222"}],"curies":[{"name":"wp","href":"https:\/\/api.w.org\/{rel}","templated":true}]}}