{"id":418,"date":"2014-04-18T17:03:04","date_gmt":"2014-04-18T16:03:04","guid":{"rendered":"https:\/\/www.praha14.cz\/zpravodajstvi\/?page_id=418"},"modified":"2014-06-18T09:47:58","modified_gmt":"2014-06-18T08:47:58","slug":"seznam-otistenych-temat-1995-2002","status":"publish","type":"page","link":"https:\/\/www.praha14.cz\/zivot-na-praze-14\/uvod-o-praze-14\/kronika-a-osobnosti\/seznam-otistenych-temat-1995-2002\/","title":{"rendered":"Seznam oti\u0161t\u011bn\u00fdch t\u00e9mat (1995-2002)"},"content":{"rendered":"<h5>Vlastiv\u011bdn\u00fd pr\u016fvodce Prahy 14<\/h5>\n<table>\n<tbody>\n<tr>\n<th colspan=\"2\">1995 (I. ro\u010dn\u00edk)<\/th>\n<th>celkem 10<\/th>\n<\/tr>\n<tr>\n<td>\u010d. 1\/95<\/td>\n<td>mk<\/td>\n<td><b>Kyje &#8211; historie obce a kostela (I. \u010d\u00e1st), prav\u011bk<\/b><\/td>\n<\/tr>\n<tr>\n<td>\u010d. 2\/95<\/td>\n<td>mk<\/td>\n<td><b>D\u011bjiny Kyj\u00ed od 13. stolet\u00ed (II. \u010d\u00e1st), Kostel sv. Bartolom\u011bje<\/b><\/td>\n<\/tr>\n<tr>\n<td>\u010d. 3\/95<\/td>\n<td>mk<\/td>\n<td><b>Stavebn\u00ed popis kostela (III. \u010d\u00e1st)<\/b><\/td>\n<\/tr>\n<tr>\n<td>\u010d. 4\/95<\/td>\n<td>mk<\/td>\n<td><b>Popis vnit\u0159n\u00edch prostor kostela sv. Bartolom\u011bje (IV. \u010d\u00e1st)<\/b><\/td>\n<\/tr>\n<tr>\n<td>\u010d. 5\/95<\/td>\n<td>mk<\/td>\n<td><b>Vych\u00e1zka od &#8222;T\u0159\u00ed most\u016f&#8220; do minulosti<\/b><\/td>\n<\/tr>\n<tr>\n<td>\u010d. 6\/95<\/td>\n<td>jb<\/td>\n<td><b>D\u011bjiny kyjsk\u00e9 fary<\/b><\/td>\n<\/tr>\n<tr>\n<td>\u010d. 8-9\/95<\/td>\n<td>mk<\/td>\n<td><b>Ze vzpom\u00ednek na profesora Petrboka (I. \u010d\u00e1st)<\/b><\/td>\n<\/tr>\n<tr>\n<td>\u010d. 10\/95<\/td>\n<td>mk<\/td>\n<td><b>Ze vzpom\u00ednek na profesora Petrboka (II. \u010d\u00e1st)<\/b><\/td>\n<\/tr>\n<tr>\n<td>\u010d. 11\/95<\/td>\n<td>mk<\/td>\n<td><b>Jak Kyje ke sv\u00e9mu jm\u00e9nu p\u0159i\u0161ly, Kyjsk\u00e9 podzem\u00ed<\/b><\/td>\n<\/tr>\n<tr>\n<td>\u010d. 12\/95<\/td>\n<td><\/td>\n<td><b>Po stop\u011b starousedl\u00edk\u016f<\/b><\/td>\n<\/tr>\n<\/tbody>\n<\/table>\n<p>&nbsp;<\/p>\n<table>\n<tbody>\n<tr>\n<th colspan=\"2\">1996 (II. ro\u010dn\u00edk)<\/th>\n<th>celkem 5<\/th>\n<\/tr>\n<tr>\n<td>\u010d. 1\/96(v \u010d. 3\/96)<\/td>\n<td>j\u0161<\/td>\n<td><b>Historie obce Hloub\u011bt\u00ednsk\u00e9<\/b><\/td>\n<\/tr>\n<tr>\n<td>\u010d. 2\/96 (v \u010d. 4\/96)<\/td>\n<td>j\u0161<\/td>\n<td><b>Vojen\u0161t\u00ed letci v n\u00e1zvech ulic \u010cern\u00e9ho mostu<\/b><\/td>\n<\/tr>\n<tr>\n<td>\u010d. 3\/96 (v \u010d. 5\/96)<\/td>\n<td>j\u0161<\/td>\n<td><b>Sto let Sokola Hloub\u011bt\u00edn<\/b><\/td>\n<\/tr>\n<tr>\n<td>(v \u010d. 2\/96)<\/td>\n<td><\/td>\n<td><b>Z pam\u011btn\u00ed knihy obce Kyje, Aloisov a Hostavic<\/b><\/td>\n<\/tr>\n<tr>\n<td>(v \u010d. 2\/96)<\/td>\n<td><\/td>\n<td><b>N\u011bco z historie Kyj\u00ed<\/b><\/td>\n<\/tr>\n<\/tbody>\n<\/table>\n<p>&nbsp;<\/p>\n<table>\n<tbody>\n<tr>\n<th colspan=\"2\">1997 (III. ro\u010dn\u00edk)<\/th>\n<th>celkem 7+1<\/th>\n<\/tr>\n<tr>\n<td>\u010d. 1\/97 (v \u010d. 2\/97)<\/td>\n<td>r\u010d<\/td>\n<td><b>Legion\u00e1\u0159sk\u00e1 kolonie na Jahodnici<\/b><\/td>\n<\/tr>\n<tr>\n<td>\u010d. 2\/97 (v \u010d. 3\/97)<\/td>\n<td>j\u0161<\/td>\n<td><b>K\u0159\u00ed\u017eovn\u00edci v historii Hloub\u011bt\u00edna<\/b><\/td>\n<\/tr>\n<tr>\n<td>\u010d. 3\/97 (v \u010d. 4\/97)<\/td>\n<td>j\u0161<\/td>\n<td><b>50. let ryb\u00e1\u0159stv\u00ed v Kyj\u00edch<\/b><\/td>\n<\/tr>\n<tr>\n<td>\u010d. 4\/97 (v \u010d. 5\/97)<\/td>\n<td>r\u010d<\/td>\n<td><b>240. v\u00fdro\u010d\u00ed bitvy u \u0160t\u011brbohol<\/b><\/td>\n<\/tr>\n<tr>\n<td>\u010d. 5\/97 (v \u010d. 7-8\/97)<\/td>\n<td>r\u010d<\/td>\n<td><b>Hloub\u011bt\u00ednsk\u00fd z\u00e1me\u010dek<\/b><\/td>\n<\/tr>\n<tr>\n<td>(10\/97)<\/td>\n<td>r\u010d<\/td>\n<td><b>Dopl\u0148uj\u00edc\u00ed informace o hloub\u011bt\u00ednsk\u00e9 z\u00e1me\u010dku<\/b><\/td>\n<\/tr>\n<tr>\n<td>\u010d. 6\/97<\/td>\n<td>r\u010d, j\u0161<\/td>\n<td><b>Sv\u011bdectv\u00ed star\u00fdch \u0161koln\u00edch kronik<\/b><\/td>\n<\/tr>\n<tr>\n<td>\u010d. 7\/97<\/td>\n<td>r\u010d<\/td>\n<td><b>P\u0159ehled nejstar\u0161\u00ed historie Prahy 14<\/b><\/td>\n<\/tr>\n<\/tbody>\n<\/table>\n<p>&nbsp;<\/p>\n<table>\n<tbody>\n<tr>\n<th colspan=\"2\">1998 (IV. ro\u010dn\u00edk)<\/th>\n<th>celkem 1<\/th>\n<\/tr>\n<tr>\n<td>\u010d. 1\/98 (8-9\/98)<\/td>\n<td>r\u010d<\/td>\n<td><b>T\u0159icetilet\u00e1 v\u00e1lka (1618-1648) za\u010dala a skon\u010dila v \u010desk\u00fdch zem\u00edch<\/b><\/td>\n<\/tr>\n<\/tbody>\n<\/table>\n<p>&nbsp;<\/p>\n<table>\n<tbody>\n<tr>\n<th colspan=\"2\">1999 (V. ro\u010dn\u00edk)<\/th>\n<th>celkem 6<\/th>\n<\/tr>\n<tr>\n<td>\u010d. 1\/99 (4\/1999)<\/td>\n<td><\/td>\n<td><b>Jak se sportovalo na Jahodnici<\/b><\/td>\n<\/tr>\n<tr>\n<td>\u010d. 2\/99 (5\/1999)<\/td>\n<td>j\u0161<\/td>\n<td><b>Hloub\u011bt\u00ednsk\u00e9 bydli\u0161t\u011b Ivana Divi\u0161e<\/b><\/td>\n<\/tr>\n<tr>\n<td><\/td>\n<td>r\u010d<\/td>\n<td><b>Smutn\u00e9 vypr\u00e1v\u011bn\u00ed v\u00e1le\u010dn\u00fdch let<\/b><\/td>\n<\/tr>\n<tr>\n<td><\/td>\n<td><\/td>\n<td><b>aneb historie star\u00e9ho kufru (1939-1945)<\/b><\/td>\n<\/tr>\n<tr>\n<td>\u010d. 3\/99 (6\/1999)<\/td>\n<td>r\u010d<\/td>\n<td><b>Pam\u00e1tn\u00e9 kapitoly ochotnick\u00e9ho divadla (\u010d\u00e1st prvn\u00ed)<\/b><\/td>\n<\/tr>\n<tr>\n<td><\/td>\n<td><\/td>\n<td><b>Historie kyjsk\u00e9ho divadla, Jak se hr\u00e1valo v Hloub\u011bt\u00edn\u011b,<\/b><\/td>\n<\/tr>\n<tr>\n<td><\/td>\n<td><\/td>\n<td><b>Pam\u011bti dramatick\u00e9ho odboru Besedy J. K. Tyla<\/b><\/td>\n<\/tr>\n<tr>\n<td>\u010d. 4\/99 (7-8\/1999)<\/td>\n<td>r\u010d<\/td>\n<td><b>Pam\u00e1tn\u00e9 kapitoly ochotnick\u00e9ho divadla (\u010d\u00e1st druh\u00e1)<\/b><\/td>\n<\/tr>\n<tr>\n<td><\/td>\n<td><\/td>\n<td><b>Zlat\u00e1 \u00e9ra jahodnick\u00e9ho divadla<\/b><\/td>\n<\/tr>\n<tr>\n<td>\u010d. 5\/99 (9\/1999)<\/td>\n<td>r\u010d<\/td>\n<td><b>V\u00fdznamn\u00e9 \u017eivotn\u00ed jubileum Ji\u0159\u00edho Huba\u010de<\/b><\/td>\n<\/tr>\n<tr>\n<td><\/td>\n<td><\/td>\n<td><b>V p\u0159\u00edpad\u011b Ivana Huba\u010de nepadlo jablko daleko od stromu<\/b><\/td>\n<\/tr>\n<tr>\n<td><\/td>\n<td><\/td>\n<td><b>A Praha m\u011b vzala za ruku a \u0159ekla: &#8222;Te\u010f u\u017e pat\u0159\u00ed\u0161 ke mn\u011b.&#8220;<\/b><\/td>\n<\/tr>\n<tr>\n<td>\u010d. 6\/99 (12\/1999)<\/td>\n<td>r\u010d<\/td>\n<td><b>Pam\u00e1tn\u00e9 kapitoly ochotnick\u00e9ho divadla (\u010d\u00e1st \u010dtvrt\u00e1)<\/b><\/td>\n<\/tr>\n<tr>\n<td><\/td>\n<td><\/td>\n<td><b>Here\u010dkou a b\u00e1sn\u00ed\u0159kou t\u011blem i du\u0161\u00ed<\/b><\/td>\n<\/tr>\n<\/tbody>\n<\/table>\n<p>&nbsp;<\/p>\n<table>\n<tbody>\n<tr>\n<th colspan=\"2\">2000 (VI. ro\u010dn\u00edk)<\/th>\n<th>celkem 2<\/th>\n<\/tr>\n<tr>\n<td>\u010d. 1\/00 (9\/2000)<\/td>\n<td>r\u010d<\/td>\n<td><b>Pam\u00e1tn\u00e9 kapitoly ochotnick\u00e9ho divadla (\u010d\u00e1st p\u00e1t\u00e1)<\/b><\/td>\n<\/tr>\n<tr>\n<td><\/td>\n<td><\/td>\n<td><b>Ze vzpom\u00ednek pam\u011btn\u00edk\u016f<\/b><\/td>\n<\/tr>\n<tr>\n<td><\/td>\n<td><\/td>\n<td><b>(M\u00e9 setk\u00e1n\u00ed s hercem Jaroslavem Vojtou)<\/b><\/td>\n<\/tr>\n<tr>\n<td>\u010d. 2\/00 (10\/2000)<\/td>\n<td>r\u010d<\/td>\n<td><b>Ze star\u00fdch \u0161koln\u00edch kronik I. \u010d\u00e1st<\/b><\/td>\n<\/tr>\n<tr>\n<td><\/td>\n<td><\/td>\n<td><b>Z historie kyjsk\u00e9 \u0161koly<\/b><\/td>\n<\/tr>\n<\/tbody>\n<\/table>\n<p>&nbsp;<\/p>\n<table>\n<tbody>\n<tr>\n<th colspan=\"2\">2001 (VII. ro\u010dn\u00edk)<\/th>\n<th>celkem 5<\/th>\n<\/tr>\n<tr>\n<td>\u010d. 1\/01 (1\/2001)<\/td>\n<td>r\u010d<\/td>\n<td><b>Fascinuj\u00edc\u00ed tajemstv\u00ed podzemn\u00edch chodeb<\/b><\/td>\n<\/tr>\n<tr>\n<td><\/td>\n<td><\/td>\n<td><b>nejen pod Prahou 14<\/b><\/td>\n<\/tr>\n<tr>\n<td>\u010d. 2\/01 (2\/2001)<\/td>\n<td>r\u010d<\/td>\n<td><b>Dopravn\u00ed zem\u011bpis Prahy 14<\/b><\/td>\n<\/tr>\n<tr>\n<td>\u010d. 3\/01 (3\/2001)<\/td>\n<td>r\u010d<\/td>\n<td><b>Tradice pout\u00ed jako sou\u010d\u00e1st lidov\u00fdch zvyk\u016f<\/b><\/td>\n<\/tr>\n<tr>\n<td>\u010d. 4\/01 (10\/2001)<\/td>\n<td>r\u010d<\/td>\n<td><b>Odv\u00e1\u017en\u00ed poko\u0159itel\u00e9 ohn\u011b<\/b><\/td>\n<\/tr>\n<tr>\n<td><\/td>\n<td><\/td>\n<td><b>aneb kdy\u017e hasi\u010dsk\u00e1 harcovka troub\u00ed na poplach<\/b><\/td>\n<\/tr>\n<tr>\n<td>\u010d. 5\/01 (11\/2001)<\/td>\n<td>j\u0161, zr<\/td>\n<td><b>O Rokytce a rybn\u00edc\u00edch, Velk\u00fd po\u010dernick\u00fd rybn\u00edk<\/b><\/td>\n<\/tr>\n<\/tbody>\n<\/table>\n<p>&nbsp;<\/p>\n<table>\n<tbody>\n<tr>\n<th colspan=\"3\">2002 (VIII.ro\u010dn\u00edk)<\/th>\n<\/tr>\n<tr>\n<td>\u010d. 1\/02 (5\/2002)<\/td>\n<td>r\u010d<\/td>\n<td>Kamenn\u00e1 kr\u00e1sa Prahy 14<\/td>\n<\/tr>\n<tr>\n<td><\/td>\n<td><\/td>\n<td><b>Tribunov\u00fd kostel sv. Bartolom\u011bje v Kyj\u00edch<\/b><\/td>\n<\/tr>\n<tr>\n<td>\u010d. 2\/02 (6\/2002)<\/td>\n<td>r\u010d<\/td>\n<td>Kamenn\u00e1 kr\u00e1sa Prahy 14<\/td>\n<\/tr>\n<tr>\n<td><\/td>\n<td><\/td>\n<td><b>Kostel sv. Ji\u0159\u00ed v Hloub\u011bt\u00edn\u011b<\/b><\/td>\n<\/tr>\n<tr>\n<td>\u010d. 3\/02 (6\/2002)<\/td>\n<td>ek<\/td>\n<td>Putov\u00e1n\u00ed \u010dasem<\/td>\n<\/tr>\n<tr>\n<td>\u010d. 4\/02 (7-8\/2002)<\/td>\n<td>ek<\/td>\n<td>Praha 14 a sedmilet\u00e1 v\u00e1lka<\/td>\n<\/tr>\n<tr>\n<td>\u010d. 5\/02 (10\/2002)<\/td>\n<td>ek<\/td>\n<td>T\u011b\u017eba \u010dern\u00e9ho uhl\u00ed v Praze 14<\/td>\n<\/tr>\n<tr>\n<td>\u010d. 6\/02 (11\/2002)<\/td>\n<td>rr<\/td>\n<td><b>Odv\u00e1\u017en\u00ed mu\u017ei na l\u00e9taj\u00edc\u00edch stroj\u00edch<\/b><\/td>\n<\/tr>\n<tr>\n<td><\/td>\n<td><\/td>\n<td>aneb ve slu\u017eb\u00e1ch RAF<\/td>\n<\/tr>\n<tr>\n<td><\/td>\n<td><\/td>\n<td>(Jaroslav Dobrovoln\u00fd z Hloub\u011bt\u00edna)<\/td>\n<\/tr>\n<\/tbody>\n<\/table>\n<p>&nbsp;<\/p>\n<table>\n<tbody>\n<tr>\n<th colspan=\"2\">SEZNAM PUBLIKUJ\u00cdC\u00cdCH AUTOR\u016e:<\/th>\n<\/tr>\n<tr>\n<td><span style=\"color: #009dde;\"><b>zkratka<\/b><\/span><\/td>\n<td><span style=\"color: #009dde;\"><b>autor<\/b><\/span><\/td>\n<\/tr>\n<tr>\n<td><b>r\u010d, rr<\/b><\/td>\n<td>Ren\u00e1ta \u010cack\u00e1 &#8211; provdan\u00e1 Rudolfov\u00e1<\/td>\n<\/tr>\n<tr>\n<td><b>j\u0161<\/b><\/td>\n<td>Jaroslav \u0160m\u00edd<\/td>\n<\/tr>\n<tr>\n<td><b>v\u0161<\/b><\/td>\n<td>V\u011bra \u0160temberov\u00e1<\/td>\n<\/tr>\n<tr>\n<td><b>e\u010d<\/b><\/td>\n<td>Eugenie \u010cechov\u00e1<\/td>\n<\/tr>\n<tr>\n<td><b>ks<\/b><\/td>\n<td>Karel Str\u00e1nsk\u00fd<\/td>\n<\/tr>\n<tr>\n<td><b>jh<\/b><\/td>\n<td>Ji\u0159\u00ed Huba\u010d<\/td>\n<\/tr>\n<tr>\n<td><b>ih<\/b><\/td>\n<td>Ivan Hejna<\/td>\n<\/tr>\n<tr>\n<td><b>dv<\/b><\/td>\n<td>Daniel Va\u0161ata<\/td>\n<\/tr>\n<tr>\n<td><b>ich<\/b><\/td>\n<td>Irena Charv\u00e1tov\u00e1<\/td>\n<\/tr>\n<tr>\n<td><b>id<\/b><\/td>\n<td>Ivan Divi\u0161<\/td>\n<\/tr>\n<tr>\n<td><strong>red<\/strong><\/td>\n<td>redak\u010dn\u011b upraveno<\/td>\n<\/tr>\n<\/tbody>\n<\/table>\n<p>&nbsp;<\/p>\n<p>V\u0161echny \u010dl\u00e1nky jsou chr\u00e1n\u011bny autorsk\u00fdm pr\u00e1vem.<br \/>\nP\u0159etiskov\u00e1n\u00ed jednotliv\u00fdch p\u0159\u00edsp\u011bvk\u016f jen s uveden\u00edm pramene.<\/p>\n","protected":false},"excerpt":{"rendered":"<p>Vlastiv\u011bdn\u00fd pr\u016fvodce Prahy 14 1995 (I. ro\u010dn\u00edk) celkem 10 \u010d. 1\/95 mk Kyje &#8211; historie obce a kostela (I. \u010d\u00e1st), prav\u011bk \u010d. 2\/95 mk D\u011bjiny Kyj\u00ed od 13. stolet\u00ed (II. \u010d\u00e1st), Kostel sv. Bartolom\u011bje \u010d. 3\/95 mk Stavebn\u00ed popis kostela (III. \u010d\u00e1st) \u010d. 4\/95 mk Popis vnit\u0159n\u00edch prostor kostela sv. Bartolom\u011bje (IV. \u010d\u00e1st) \u010d. 5\/95&#8230;<\/p>\n","protected":false},"author":1,"featured_media":0,"parent":135,"menu_order":0,"comment_status":"closed","ping_status":"open","template":"","meta":{"_acf_changed":false,"footnotes":""},"class_list":["post-418","page","type-page","status-publish","hentry"],"acf":[],"yoast_head":"<!-- This site is optimized with the Yoast SEO plugin v27.2 - https:\/\/yoast.com\/product\/yoast-seo-wordpress\/ -->\n<title>Seznam oti\u0161t\u011bn\u00fdch t\u00e9mat (1995-2002) - \u017divot na Praze 14<\/title>\n<meta name=\"robots\" content=\"index, follow, max-snippet:-1, max-image-preview:large, max-video-preview:-1\" \/>\n<link rel=\"canonical\" href=\"https:\/\/www.praha14.cz\/zivot-na-praze-14\/uvod-o-praze-14\/kronika-a-osobnosti\/seznam-otistenych-temat-1995-2002\/\" \/>\n<meta property=\"og:locale\" content=\"cs_CZ\" \/>\n<meta property=\"og:type\" content=\"article\" \/>\n<meta property=\"og:title\" content=\"Seznam oti\u0161t\u011bn\u00fdch t\u00e9mat (1995-2002) - \u017divot na Praze 14\" \/>\n<meta property=\"og:description\" content=\"Vlastiv\u011bdn\u00fd pr\u016fvodce Prahy 14 1995 (I. ro\u010dn\u00edk) celkem 10 \u010d. 1\/95 mk Kyje &#8211; historie obce a kostela (I. \u010d\u00e1st), prav\u011bk \u010d. 2\/95 mk D\u011bjiny Kyj\u00ed od 13. stolet\u00ed (II. \u010d\u00e1st), Kostel sv. Bartolom\u011bje \u010d. 3\/95 mk Stavebn\u00ed popis kostela (III. \u010d\u00e1st) \u010d. 4\/95 mk Popis vnit\u0159n\u00edch prostor kostela sv. Bartolom\u011bje (IV. \u010d\u00e1st) \u010d. 5\/95...\" \/>\n<meta property=\"og:url\" content=\"https:\/\/www.praha14.cz\/zivot-na-praze-14\/uvod-o-praze-14\/kronika-a-osobnosti\/seznam-otistenych-temat-1995-2002\/\" \/>\n<meta property=\"og:site_name\" content=\"\u017divot na Praze 14\" \/>\n<meta property=\"article:modified_time\" content=\"2014-06-18T08:47:58+00:00\" \/>\n<meta name=\"twitter:card\" content=\"summary_large_image\" \/>\n<meta name=\"twitter:label1\" content=\"Est. reading time\" \/>\n\t<meta name=\"twitter:data1\" content=\"3 minuty\" \/>\n<script type=\"application\/ld+json\" class=\"yoast-schema-graph\">{\"@context\":\"https:\/\/schema.org\",\"@graph\":[{\"@type\":\"WebPage\",\"@id\":\"https:\/\/www.praha14.cz\/zivot-na-praze-14\/uvod-o-praze-14\/kronika-a-osobnosti\/seznam-otistenych-temat-1995-2002\/\",\"url\":\"https:\/\/www.praha14.cz\/zivot-na-praze-14\/uvod-o-praze-14\/kronika-a-osobnosti\/seznam-otistenych-temat-1995-2002\/\",\"name\":\"Seznam oti\u0161t\u011bn\u00fdch t\u00e9mat (1995-2002) - \u017divot na Praze 14\",\"isPartOf\":{\"@id\":\"https:\/\/www.praha14.cz\/zivot-na-praze-14\/#website\"},\"datePublished\":\"2014-04-18T16:03:04+00:00\",\"dateModified\":\"2014-06-18T08:47:58+00:00\",\"breadcrumb\":{\"@id\":\"https:\/\/www.praha14.cz\/zivot-na-praze-14\/uvod-o-praze-14\/kronika-a-osobnosti\/seznam-otistenych-temat-1995-2002\/#breadcrumb\"},\"inLanguage\":\"cs\",\"potentialAction\":[{\"@type\":\"ReadAction\",\"target\":[\"https:\/\/www.praha14.cz\/zivot-na-praze-14\/uvod-o-praze-14\/kronika-a-osobnosti\/seznam-otistenych-temat-1995-2002\/\"]}]},{\"@type\":\"BreadcrumbList\",\"@id\":\"https:\/\/www.praha14.cz\/zivot-na-praze-14\/uvod-o-praze-14\/kronika-a-osobnosti\/seznam-otistenych-temat-1995-2002\/#breadcrumb\",\"itemListElement\":[{\"@type\":\"ListItem\",\"position\":1,\"name\":\"\u017divot na Praze 14\",\"item\":\"https:\/\/www.praha14.cz\/zivot-na-praze-14\/\"},{\"@type\":\"ListItem\",\"position\":2,\"name\":\"O Praze 14\",\"item\":\"https:\/\/www.praha14.cz\/zivot-na-praze-14\/uvod-o-praze-14\/\"},{\"@type\":\"ListItem\",\"position\":3,\"name\":\"Kroniky, dal\u0161\u00ed p\u00edsemn\u00e9 prameny, osobnosti Prahy 14\",\"item\":\"https:\/\/www.praha14.cz\/zivot-na-praze-14\/uvod-o-praze-14\/kronika-a-osobnosti\/\"},{\"@type\":\"ListItem\",\"position\":4,\"name\":\"Seznam oti\u0161t\u011bn\u00fdch t\u00e9mat (1995-2002)\"}]},{\"@type\":\"WebSite\",\"@id\":\"https:\/\/www.praha14.cz\/zivot-na-praze-14\/#website\",\"url\":\"https:\/\/www.praha14.cz\/zivot-na-praze-14\/\",\"name\":\"\u017divot na Praze 14\",\"description\":\"\",\"potentialAction\":[{\"@type\":\"SearchAction\",\"target\":{\"@type\":\"EntryPoint\",\"urlTemplate\":\"https:\/\/www.praha14.cz\/zivot-na-praze-14\/?s={search_term_string}\"},\"query-input\":{\"@type\":\"PropertyValueSpecification\",\"valueRequired\":true,\"valueName\":\"search_term_string\"}}],\"inLanguage\":\"cs\"}]}<\/script>\n<!-- \/ Yoast SEO plugin. -->","yoast_head_json":{"title":"Seznam oti\u0161t\u011bn\u00fdch t\u00e9mat (1995-2002) - \u017divot na Praze 14","robots":{"index":"index","follow":"follow","max-snippet":"max-snippet:-1","max-image-preview":"max-image-preview:large","max-video-preview":"max-video-preview:-1"},"canonical":"https:\/\/www.praha14.cz\/zivot-na-praze-14\/uvod-o-praze-14\/kronika-a-osobnosti\/seznam-otistenych-temat-1995-2002\/","og_locale":"cs_CZ","og_type":"article","og_title":"Seznam oti\u0161t\u011bn\u00fdch t\u00e9mat (1995-2002) - \u017divot na Praze 14","og_description":"Vlastiv\u011bdn\u00fd pr\u016fvodce Prahy 14 1995 (I. ro\u010dn\u00edk) celkem 10 \u010d. 1\/95 mk Kyje &#8211; historie obce a kostela (I. \u010d\u00e1st), prav\u011bk \u010d. 2\/95 mk D\u011bjiny Kyj\u00ed od 13. stolet\u00ed (II. \u010d\u00e1st), Kostel sv. Bartolom\u011bje \u010d. 3\/95 mk Stavebn\u00ed popis kostela (III. \u010d\u00e1st) \u010d. 4\/95 mk Popis vnit\u0159n\u00edch prostor kostela sv. Bartolom\u011bje (IV. \u010d\u00e1st) \u010d. 5\/95...","og_url":"https:\/\/www.praha14.cz\/zivot-na-praze-14\/uvod-o-praze-14\/kronika-a-osobnosti\/seznam-otistenych-temat-1995-2002\/","og_site_name":"\u017divot na Praze 14","article_modified_time":"2014-06-18T08:47:58+00:00","twitter_card":"summary_large_image","twitter_misc":{"Est. reading time":"3 minuty"},"schema":{"@context":"https:\/\/schema.org","@graph":[{"@type":"WebPage","@id":"https:\/\/www.praha14.cz\/zivot-na-praze-14\/uvod-o-praze-14\/kronika-a-osobnosti\/seznam-otistenych-temat-1995-2002\/","url":"https:\/\/www.praha14.cz\/zivot-na-praze-14\/uvod-o-praze-14\/kronika-a-osobnosti\/seznam-otistenych-temat-1995-2002\/","name":"Seznam oti\u0161t\u011bn\u00fdch t\u00e9mat (1995-2002) - \u017divot na Praze 14","isPartOf":{"@id":"https:\/\/www.praha14.cz\/zivot-na-praze-14\/#website"},"datePublished":"2014-04-18T16:03:04+00:00","dateModified":"2014-06-18T08:47:58+00:00","breadcrumb":{"@id":"https:\/\/www.praha14.cz\/zivot-na-praze-14\/uvod-o-praze-14\/kronika-a-osobnosti\/seznam-otistenych-temat-1995-2002\/#breadcrumb"},"inLanguage":"cs","potentialAction":[{"@type":"ReadAction","target":["https:\/\/www.praha14.cz\/zivot-na-praze-14\/uvod-o-praze-14\/kronika-a-osobnosti\/seznam-otistenych-temat-1995-2002\/"]}]},{"@type":"BreadcrumbList","@id":"https:\/\/www.praha14.cz\/zivot-na-praze-14\/uvod-o-praze-14\/kronika-a-osobnosti\/seznam-otistenych-temat-1995-2002\/#breadcrumb","itemListElement":[{"@type":"ListItem","position":1,"name":"\u017divot na Praze 14","item":"https:\/\/www.praha14.cz\/zivot-na-praze-14\/"},{"@type":"ListItem","position":2,"name":"O Praze 14","item":"https:\/\/www.praha14.cz\/zivot-na-praze-14\/uvod-o-praze-14\/"},{"@type":"ListItem","position":3,"name":"Kroniky, dal\u0161\u00ed p\u00edsemn\u00e9 prameny, osobnosti Prahy 14","item":"https:\/\/www.praha14.cz\/zivot-na-praze-14\/uvod-o-praze-14\/kronika-a-osobnosti\/"},{"@type":"ListItem","position":4,"name":"Seznam oti\u0161t\u011bn\u00fdch t\u00e9mat (1995-2002)"}]},{"@type":"WebSite","@id":"https:\/\/www.praha14.cz\/zivot-na-praze-14\/#website","url":"https:\/\/www.praha14.cz\/zivot-na-praze-14\/","name":"\u017divot na Praze 14","description":"","potentialAction":[{"@type":"SearchAction","target":{"@type":"EntryPoint","urlTemplate":"https:\/\/www.praha14.cz\/zivot-na-praze-14\/?s={search_term_string}"},"query-input":{"@type":"PropertyValueSpecification","valueRequired":true,"valueName":"search_term_string"}}],"inLanguage":"cs"}]}},"_links":{"self":[{"href":"https:\/\/www.praha14.cz\/zivot-na-praze-14\/wp-json\/wp\/v2\/pages\/418","targetHints":{"allow":["GET"]}}],"collection":[{"href":"https:\/\/www.praha14.cz\/zivot-na-praze-14\/wp-json\/wp\/v2\/pages"}],"about":[{"href":"https:\/\/www.praha14.cz\/zivot-na-praze-14\/wp-json\/wp\/v2\/types\/page"}],"author":[{"embeddable":true,"href":"https:\/\/www.praha14.cz\/zivot-na-praze-14\/wp-json\/wp\/v2\/users\/1"}],"replies":[{"embeddable":true,"href":"https:\/\/www.praha14.cz\/zivot-na-praze-14\/wp-json\/wp\/v2\/comments?post=418"}],"version-history":[{"count":0,"href":"https:\/\/www.praha14.cz\/zivot-na-praze-14\/wp-json\/wp\/v2\/pages\/418\/revisions"}],"up":[{"embeddable":true,"href":"https:\/\/www.praha14.cz\/zivot-na-praze-14\/wp-json\/wp\/v2\/pages\/135"}],"wp:attachment":[{"href":"https:\/\/www.praha14.cz\/zivot-na-praze-14\/wp-json\/wp\/v2\/media?parent=418"}],"curies":[{"name":"wp","href":"https:\/\/api.w.org\/{rel}","templated":true}]}}