{"id":43316,"date":"2018-04-18T09:01:06","date_gmt":"2018-04-18T09:01:06","guid":{"rendered":"https:\/\/www.praha14.cz\/zivot-na-praze-14\/?page_id=43316"},"modified":"2020-09-16T09:30:41","modified_gmt":"2020-09-16T09:30:41","slug":"cerny-most-ii-5-stavba-etapa-0002-rok-2018","status":"publish","type":"page","link":"https:\/\/www.praha14.cz\/zivot-na-praze-14\/cerny-most-ii-5-stavba-etapa-0002-rok-2018\/","title":{"rendered":"\u010cERN\u00dd MOST II \u2013 5. STAVBA \u2013 ETAPA  0002 &#8211; rok 2018"},"content":{"rendered":"<p><span style=\"color: #009dde;\">Stavebn\u00ed povolen\u00ed z roku 2005<\/span><\/p>\n<p><strong><span style=\"color: #009dde;\">Um\u00edst\u011bn\u00ed:<\/span><\/strong> kat. \u00fazem\u00ed \u010cern\u00fd Most, ji\u017en\u011b od ul. Arno\u0161ta Valenty<\/p>\n<p><strong><span style=\"color: #009dde;\">Investor:<\/span> <\/strong>hlavn\u00ed m\u011bsto Praha; odbor strategick\u00fdch investic MHMP<\/p>\n<p><strong><span style=\"color: #009dde;\">Projektant:<\/span> <\/strong>studie zm\u011bny p\u0159i dodr\u017een\u00ed platn\u00fdch povolen\u00ed (redukce byt\u016f) &#8211; 4A architekti, Na Valech 2, Praha 6<\/p>\n<p><span style=\"color: #009dde;\"><strong>Bydlen\u00ed:<\/strong><\/span>\u00a0 8 bytov\u00fdch dom\u016f \u201eI, J, K, L, M, N, O, P\u201c; objekty I, J, M, N, O, P &#8211; 4NP a 1PP, objekty K, L &#8211; 5NP a 1PP<\/p>\n<p><strong>Objekt O, P &#8211; prob\u00edh\u00e1 realizace.<\/strong><\/p>\n<p><span style=\"color: #009dde;\"><strong>Kapacita:<\/strong><\/span> 182 bytov\u00fdch jednotek<\/p>\n<p><span style=\"color: #009dde;\"><strong>Parkov\u00e1n\u00ed:<\/strong><\/span> 280 parkovac\u00edch m\u00edst<\/p>\n<p><strong><span style=\"color: #009dde;\">Vybaven\u00ed:<\/span><\/strong> objekt I &#8211; po\u017eadavek M\u010c na zdravotnick\u00e9 za\u0159\u00edzen\u00ed; d\u011btsk\u00e1 h\u0159i\u0161t\u011b, krajin\u00e1\u0159sk\u00e9 \u00fapravy, hospoda\u0159en\u00ed s de\u0161\u0165ovou vodou<\/p>\n<h6><strong>PODROBN\u00c9 INFORMACE O PROJEKTU NALEZNETE V PREZENTACI MAGISTR\u00c1TU HL. M. PRAHY, KTER\u00c1 JE KE STA\u017dEN\u00cd <a href=\"https:\/\/www.praha14.cz\/app\/uploads\/sites\/4\/2018\/04\/2018-04-\u010cern\u00fd-Most-II-5.-stavba-et.-0002-dopln\u011bn\u00e1.pdf\" target=\"_blank\" rel=\"noopener noreferrer\">ZDE.<\/a><\/strong><\/h6>\n<p><span style=\"color: #009dde;\"><strong>Nepronajat\u00e9 byty v\u00a0k. \u00fa. \u010cern\u00fd Most<\/strong><\/span> (informace platn\u00e1 ke dni 6. 6. 2018, zdroj: Magistr\u00e1t hl. m. Prahy):<\/p>\n<p>Dosud nepronajat\u00fdch byt\u016f je celkem 288. Z\u00a0toho:<\/p>\n<ul>\n<li><strong>153 byt\u016f <\/strong>je v\u00a0domech ur\u010den\u00fdch k\u00a0prodeji (lze je pronajmout v\u00fdhradn\u011b na z\u00e1klad\u011b v\u00fdb\u011brov\u00e9ho \u0159\u00edzen\u00ed za nejvy\u0161\u0161\u00ed \u201eprvn\u00ed n\u00e1jemn\u00e9\u201c; v\u00fdb\u011brov\u00e1 \u0159\u00edzen\u00ed jsou vypisov\u00e1na postupn\u011b dle harmonogramu prodej\u016f)<\/li>\n<li><strong>135 byt\u016f <\/strong>je v domech neschv\u00e1len\u00fdch k\u00a0prodeji; jsou bu\u010f v\u00a0oprav\u00e1ch; nebo jsou rozd\u011bleny do kv\u00f3t schv\u00e1len\u00fdch Radou HMP.<\/li>\n<li>Bez konkr\u00e9tn\u00edho budouc\u00edho n\u00e1jemce je <strong>aktu\u00e1ln\u011b voln\u00fdch 24 byt\u016f<\/strong> a proto\u017ee jde o byty 1+0 <em>(podlahov\u00e1 plocha od 33 do cca 45 m2),<\/em> jde tedy o byty malometr\u00e1\u017en\u00ed, bude z\u0159ejm\u011b nab\u00eddka na jejich pron\u00e1jem zve\u0159ejn\u011bna.<\/li>\n<\/ul>\n","protected":false},"excerpt":{"rendered":"<p>Stavebn\u00ed povolen\u00ed z roku 2005 Um\u00edst\u011bn\u00ed: kat. \u00fazem\u00ed \u010cern\u00fd Most, ji\u017en\u011b od ul. Arno\u0161ta Valenty Investor: hlavn\u00ed m\u011bsto Praha; odbor strategick\u00fdch investic MHMP Projektant: studie zm\u011bny p\u0159i dodr\u017een\u00ed platn\u00fdch povolen\u00ed (redukce byt\u016f) &#8211; 4A architekti, Na Valech 2, Praha 6 Bydlen\u00ed:\u00a0 8 bytov\u00fdch dom\u016f \u201eI, J, K, L, M, N, O, P\u201c; objekty I, J,&#8230;<\/p>\n","protected":false},"author":6,"featured_media":0,"parent":0,"menu_order":0,"comment_status":"closed","ping_status":"closed","template":"","meta":{"_acf_changed":false,"footnotes":""},"class_list":["post-43316","page","type-page","status-publish","hentry"],"acf":[],"yoast_head":"<!-- This site is optimized with the Yoast SEO plugin v27.2 - https:\/\/yoast.com\/product\/yoast-seo-wordpress\/ -->\n<title>\u010cERN\u00dd MOST II \u2013 5. STAVBA \u2013 ETAPA 0002 - rok 2018 - \u017divot na Praze 14<\/title>\n<meta name=\"robots\" content=\"index, follow, max-snippet:-1, max-image-preview:large, max-video-preview:-1\" \/>\n<link rel=\"canonical\" href=\"https:\/\/www.praha14.cz\/zivot-na-praze-14\/cerny-most-ii-5-stavba-etapa-0002-rok-2018\/\" \/>\n<meta property=\"og:locale\" content=\"cs_CZ\" \/>\n<meta property=\"og:type\" content=\"article\" \/>\n<meta property=\"og:title\" content=\"\u010cERN\u00dd MOST II \u2013 5. STAVBA \u2013 ETAPA 0002 - rok 2018 - \u017divot na Praze 14\" \/>\n<meta property=\"og:description\" content=\"Stavebn\u00ed povolen\u00ed z roku 2005 Um\u00edst\u011bn\u00ed: kat. \u00fazem\u00ed \u010cern\u00fd Most, ji\u017en\u011b od ul. Arno\u0161ta Valenty Investor: hlavn\u00ed m\u011bsto Praha; odbor strategick\u00fdch investic MHMP Projektant: studie zm\u011bny p\u0159i dodr\u017een\u00ed platn\u00fdch povolen\u00ed (redukce byt\u016f) &#8211; 4A architekti, Na Valech 2, Praha 6 Bydlen\u00ed:\u00a0 8 bytov\u00fdch dom\u016f \u201eI, J, K, L, M, N, O, P\u201c; objekty I, J,...\" \/>\n<meta property=\"og:url\" content=\"https:\/\/www.praha14.cz\/zivot-na-praze-14\/cerny-most-ii-5-stavba-etapa-0002-rok-2018\/\" \/>\n<meta property=\"og:site_name\" content=\"\u017divot na Praze 14\" \/>\n<meta property=\"article:modified_time\" content=\"2020-09-16T09:30:41+00:00\" \/>\n<meta name=\"twitter:card\" content=\"summary_large_image\" \/>\n<meta name=\"twitter:label1\" content=\"Est. reading time\" \/>\n\t<meta name=\"twitter:data1\" content=\"1 minuta\" \/>\n<script type=\"application\/ld+json\" class=\"yoast-schema-graph\">{\"@context\":\"https:\/\/schema.org\",\"@graph\":[{\"@type\":\"WebPage\",\"@id\":\"https:\/\/www.praha14.cz\/zivot-na-praze-14\/cerny-most-ii-5-stavba-etapa-0002-rok-2018\/\",\"url\":\"https:\/\/www.praha14.cz\/zivot-na-praze-14\/cerny-most-ii-5-stavba-etapa-0002-rok-2018\/\",\"name\":\"\u010cERN\u00dd MOST II \u2013 5. STAVBA \u2013 ETAPA 0002 - rok 2018 - \u017divot na Praze 14\",\"isPartOf\":{\"@id\":\"https:\/\/www.praha14.cz\/zivot-na-praze-14\/#website\"},\"datePublished\":\"2018-04-18T09:01:06+00:00\",\"dateModified\":\"2020-09-16T09:30:41+00:00\",\"breadcrumb\":{\"@id\":\"https:\/\/www.praha14.cz\/zivot-na-praze-14\/cerny-most-ii-5-stavba-etapa-0002-rok-2018\/#breadcrumb\"},\"inLanguage\":\"cs\",\"potentialAction\":[{\"@type\":\"ReadAction\",\"target\":[\"https:\/\/www.praha14.cz\/zivot-na-praze-14\/cerny-most-ii-5-stavba-etapa-0002-rok-2018\/\"]}]},{\"@type\":\"BreadcrumbList\",\"@id\":\"https:\/\/www.praha14.cz\/zivot-na-praze-14\/cerny-most-ii-5-stavba-etapa-0002-rok-2018\/#breadcrumb\",\"itemListElement\":[{\"@type\":\"ListItem\",\"position\":1,\"name\":\"\u017divot na Praze 14\",\"item\":\"https:\/\/www.praha14.cz\/zivot-na-praze-14\/\"},{\"@type\":\"ListItem\",\"position\":2,\"name\":\"\u010cERN\u00dd MOST II \u2013 5. STAVBA \u2013 ETAPA 0002 &#8211; rok 2018\"}]},{\"@type\":\"WebSite\",\"@id\":\"https:\/\/www.praha14.cz\/zivot-na-praze-14\/#website\",\"url\":\"https:\/\/www.praha14.cz\/zivot-na-praze-14\/\",\"name\":\"\u017divot na Praze 14\",\"description\":\"\",\"potentialAction\":[{\"@type\":\"SearchAction\",\"target\":{\"@type\":\"EntryPoint\",\"urlTemplate\":\"https:\/\/www.praha14.cz\/zivot-na-praze-14\/?s={search_term_string}\"},\"query-input\":{\"@type\":\"PropertyValueSpecification\",\"valueRequired\":true,\"valueName\":\"search_term_string\"}}],\"inLanguage\":\"cs\"}]}<\/script>\n<!-- \/ Yoast SEO plugin. -->","yoast_head_json":{"title":"\u010cERN\u00dd MOST II \u2013 5. STAVBA \u2013 ETAPA 0002 - rok 2018 - \u017divot na Praze 14","robots":{"index":"index","follow":"follow","max-snippet":"max-snippet:-1","max-image-preview":"max-image-preview:large","max-video-preview":"max-video-preview:-1"},"canonical":"https:\/\/www.praha14.cz\/zivot-na-praze-14\/cerny-most-ii-5-stavba-etapa-0002-rok-2018\/","og_locale":"cs_CZ","og_type":"article","og_title":"\u010cERN\u00dd MOST II \u2013 5. STAVBA \u2013 ETAPA 0002 - rok 2018 - \u017divot na Praze 14","og_description":"Stavebn\u00ed povolen\u00ed z roku 2005 Um\u00edst\u011bn\u00ed: kat. \u00fazem\u00ed \u010cern\u00fd Most, ji\u017en\u011b od ul. Arno\u0161ta Valenty Investor: hlavn\u00ed m\u011bsto Praha; odbor strategick\u00fdch investic MHMP Projektant: studie zm\u011bny p\u0159i dodr\u017een\u00ed platn\u00fdch povolen\u00ed (redukce byt\u016f) &#8211; 4A architekti, Na Valech 2, Praha 6 Bydlen\u00ed:\u00a0 8 bytov\u00fdch dom\u016f \u201eI, J, K, L, M, N, O, P\u201c; objekty I, J,...","og_url":"https:\/\/www.praha14.cz\/zivot-na-praze-14\/cerny-most-ii-5-stavba-etapa-0002-rok-2018\/","og_site_name":"\u017divot na Praze 14","article_modified_time":"2020-09-16T09:30:41+00:00","twitter_card":"summary_large_image","twitter_misc":{"Est. reading time":"1 minuta"},"schema":{"@context":"https:\/\/schema.org","@graph":[{"@type":"WebPage","@id":"https:\/\/www.praha14.cz\/zivot-na-praze-14\/cerny-most-ii-5-stavba-etapa-0002-rok-2018\/","url":"https:\/\/www.praha14.cz\/zivot-na-praze-14\/cerny-most-ii-5-stavba-etapa-0002-rok-2018\/","name":"\u010cERN\u00dd MOST II \u2013 5. STAVBA \u2013 ETAPA 0002 - rok 2018 - \u017divot na Praze 14","isPartOf":{"@id":"https:\/\/www.praha14.cz\/zivot-na-praze-14\/#website"},"datePublished":"2018-04-18T09:01:06+00:00","dateModified":"2020-09-16T09:30:41+00:00","breadcrumb":{"@id":"https:\/\/www.praha14.cz\/zivot-na-praze-14\/cerny-most-ii-5-stavba-etapa-0002-rok-2018\/#breadcrumb"},"inLanguage":"cs","potentialAction":[{"@type":"ReadAction","target":["https:\/\/www.praha14.cz\/zivot-na-praze-14\/cerny-most-ii-5-stavba-etapa-0002-rok-2018\/"]}]},{"@type":"BreadcrumbList","@id":"https:\/\/www.praha14.cz\/zivot-na-praze-14\/cerny-most-ii-5-stavba-etapa-0002-rok-2018\/#breadcrumb","itemListElement":[{"@type":"ListItem","position":1,"name":"\u017divot na Praze 14","item":"https:\/\/www.praha14.cz\/zivot-na-praze-14\/"},{"@type":"ListItem","position":2,"name":"\u010cERN\u00dd MOST II \u2013 5. STAVBA \u2013 ETAPA 0002 &#8211; rok 2018"}]},{"@type":"WebSite","@id":"https:\/\/www.praha14.cz\/zivot-na-praze-14\/#website","url":"https:\/\/www.praha14.cz\/zivot-na-praze-14\/","name":"\u017divot na Praze 14","description":"","potentialAction":[{"@type":"SearchAction","target":{"@type":"EntryPoint","urlTemplate":"https:\/\/www.praha14.cz\/zivot-na-praze-14\/?s={search_term_string}"},"query-input":{"@type":"PropertyValueSpecification","valueRequired":true,"valueName":"search_term_string"}}],"inLanguage":"cs"}]}},"_links":{"self":[{"href":"https:\/\/www.praha14.cz\/zivot-na-praze-14\/wp-json\/wp\/v2\/pages\/43316","targetHints":{"allow":["GET"]}}],"collection":[{"href":"https:\/\/www.praha14.cz\/zivot-na-praze-14\/wp-json\/wp\/v2\/pages"}],"about":[{"href":"https:\/\/www.praha14.cz\/zivot-na-praze-14\/wp-json\/wp\/v2\/types\/page"}],"author":[{"embeddable":true,"href":"https:\/\/www.praha14.cz\/zivot-na-praze-14\/wp-json\/wp\/v2\/users\/6"}],"replies":[{"embeddable":true,"href":"https:\/\/www.praha14.cz\/zivot-na-praze-14\/wp-json\/wp\/v2\/comments?post=43316"}],"version-history":[{"count":5,"href":"https:\/\/www.praha14.cz\/zivot-na-praze-14\/wp-json\/wp\/v2\/pages\/43316\/revisions"}],"predecessor-version":[{"id":56614,"href":"https:\/\/www.praha14.cz\/zivot-na-praze-14\/wp-json\/wp\/v2\/pages\/43316\/revisions\/56614"}],"wp:attachment":[{"href":"https:\/\/www.praha14.cz\/zivot-na-praze-14\/wp-json\/wp\/v2\/media?parent=43316"}],"curies":[{"name":"wp","href":"https:\/\/api.w.org\/{rel}","templated":true}]}}