{"id":45863,"date":"2018-09-25T09:45:16","date_gmt":"2018-09-25T09:45:16","guid":{"rendered":"https:\/\/www.praha14.cz\/zivot-na-praze-14\/?page_id=45863"},"modified":"2021-01-28T06:47:37","modified_gmt":"2021-01-28T06:47:37","slug":"prazska-cyklomagistrala","status":"publish","type":"page","link":"https:\/\/www.praha14.cz\/zivot-na-praze-14\/prazska-cyklomagistrala\/","title":{"rendered":"Pra\u017esk\u00e1 cyklomagistr\u00e1la"},"content":{"rendered":"<p>C\u00edlem hlavn\u00edho m\u011bsta i zainteresovan\u00fdch m\u011bstsk\u00fdch \u010d\u00e1st\u00ed, v\u010detn\u011b Prahy 14, je vybudovat cyklomagistr\u00e1lu (v\u00fdhradn\u011b pro cyklisty a chodce), d\u00edky n\u00ed\u017e se lid\u00e9 nap\u0159\u00edklad z\u00a0Hut\u00ed, Ba\u017eantnice nebo Horn\u00edch Po\u010dernic dostanou na Balabenku, ani\u017e by potkali jedin\u00fd automobil. Realizace t\u00e9to cyklistick\u00e9 stavby, kter\u00e1 zat\u00edm nem\u00e1 v\u00a0metropoli obdoby, se p\u0159edpokl\u00e1d\u00e1 zhruba za dva roky.<\/p>\n<p>\u201eNe\u017e za\u010daly vznikat prvn\u00ed n\u00e1m\u011bty na veden\u00ed cyklomagistr\u00e1ly na \u00fazem\u00ed Prahy 14, bylo pot\u0159eba se dohodnout s\u00a0okoln\u00edmi m\u011bstsk\u00fdmi \u010d\u00e1stmi. To se stalo. Bylo podeps\u00e1no spole\u010dn\u00e9 memorandum a za\u010dala se p\u0159ipravovat 6. etapa rozd\u011blen\u00e1 na severn\u00ed a ji\u017en\u00ed v\u011btev,\u201c popisuje m\u00edstostarostka Prahy 14 Ing. Ilona Pickov\u00e1, do jej\u00ed\u017e gesce spad\u00e1 doprava a \u017eivotn\u00ed prost\u0159ed\u00ed.<\/p>\n<p>Severn\u00ed \u00fasek na \u00fazem\u00ed Prahy 14 sm\u011b\u0159uje z\u00a0N\u00e1dra\u017e\u00ed Vyso\u010dany do kl\u00ed\u010dovsk\u00e9ho kopce, vyu\u017e\u00edv\u00e1 opu\u0161t\u011bnou ulici Nad Kl\u00ed\u010dovem, p\u0159es l\u00e1vku nadj\u00ed\u017ed\u00ed Kbelskou ulici. Hlavn\u00ed sm\u011br pokra\u010duje po ji\u017en\u00edm okraji kbelsk\u00e9ho leti\u0161t\u011b a vyu\u017e\u00edv\u00e1 st\u00e1vaj\u00edc\u00ed \u0161otolinovou cestu pod\u00e9l Novopack\u00e9 ulice. Od benz\u00ednov\u00e9 pumpy trasa odbo\u010d\u00ed na Kbely po st\u00e1vaj\u00edc\u00ed vojensk\u00e9 asfaltce do ulice Hornopo\u010dernick\u00e9 nebo do p\u0159ipravovan\u00e9ho parku Arborka na ji\u017en\u00ed stran\u011b Satalic. Hlavn\u00ed trasa se st\u00e1\u010d\u00ed pod\u00e9l nov\u00e9 bytov\u00e9 z\u00e1stavby na Hut\u00edch a pokra\u010duje d\u00e1le k\u00a0obchodn\u00ed z\u00f3n\u011b na \u010cern\u00e9m Most\u011b. Zde podj\u00ed\u017ed\u00ed \u017eelezni\u010dn\u00ed tra\u0165 z\u00a0Vyso\u010dan a d\u00e1le pod\u00e9l n\u00ed pokra\u010duje do Horn\u00edch Po\u010dernic a pot\u00e9 p\u0159es Zelene\u010d a\u017e na Labskou stezku. P\u0159esto\u017ee se Prahy 14 se nejv\u00edce dot\u00fdk\u00e1 v\u00fd\u0161e popsan\u00e1 6. etapa cyklomagistr\u00e1ly, \u010d\u00e1ste\u010dn\u011b j\u00ed bude proch\u00e1zet tak\u00e9 etapa \u010d\u00edslo 3, 4 a 9. Kudy jednotliv\u00e9 trasy povedou, naleznete na n\u00ed\u017ee a v\u00a0p\u0159ilo\u017een\u00e9 map\u011b. Hlavn\u00edm \u00fa\u010delem cyklomagistr\u00e1ly je odd\u011blen\u00ed cyklistick\u00e9 od automobilov\u00e9 dopravy, zv\u00fd\u0161en\u00ed bezpe\u010dnosti a tak\u00e9 n\u00e1r\u016fst v\u011bt\u0161\u00edho po\u010dt\u016f aktivn\u00edch ka\u017edodenn\u00edch cyklist\u016f. \u201eD\u00e1lnice\u201c m\u00e1 pl\u00e1novanou \u0161\u00ed\u0159ku t\u0159i metry a asfaltobetonov\u00fd povrch &#8211; vhodn\u00fd jak pro cyklisty, tak pro brusla\u0159e a chodce.<\/p>\n<p><strong><u>Veden\u00ed jednotliv\u00fdch tras:<\/u><\/strong><\/p>\n<p>Cyklomagist\u00e1la je souvisl\u00e1 komunikace, kter\u00e1 propojuje Balabenku (Libe\u0148, Praha 8) pr\u00e1v\u011b s\u00a0Prahou 14 a d\u00e1le se napojuje na St\u0159edo\u010desk\u00fd kraj.<\/p>\n<ol>\n<li><strong>etapa<\/strong> je vedena v\u00a0\u00faseku Balabenka-Podvinn\u00fd ml\u00fdn a tvo\u0159\u00ed z\u00e1sadn\u00ed propojen\u00ed na centrum Prahy. Z\u00a0cyklotrasy A260 ulice Sokolovsk\u00e1 se napojuje na d\u00e1lkovou cyklotrasu EV4 po b\u00fdval\u00e9 dr\u00e1\u017en\u00ed stezce T\u011b\u0161novsk\u00e9 \u017eelezni\u010dn\u00ed trati.<\/li>\n<li><strong>etapa<\/strong> je do\u010dasn\u00fdm \u0159e\u0161en\u00edm trasy a sou\u010dasn\u011b \u201ehorn\u00edm\u201c p\u0159ipojen\u00edm severov\u00fdchodn\u00ed oblasti na centrum od Let\u0148an, Kbel, \u010cakovic a Satalic. Sou\u010dasn\u011b je tak i \u0159e\u0161eno p\u0159ipojen\u00ed Proseku a horn\u00ed \u010d\u00e1sti Vyso\u010dan, oblasti Kl\u00ed\u010dova (Praha 9\u201318-19). Vede p\u0159ev\u00e1\u017en\u011b po cyklotrase A 267 z\u00a0ulice U Vinn\u00fdch sklep\u016f do Mladoboleslavsk\u00e9.<\/li>\n<li><strong>etapa<\/strong> propojuje Prahu 9 s\u00a0Prahou 14 a spojuje Ke Kl\u00ed\u010dovu s\u00a0Rajskou zahradou po cyklotrase A26\/EV4 s\u00a0napojen\u00edm na cyklotrasu A43.<\/li>\n<li><strong>etapa <\/strong>vych\u00e1z\u00ed z\u00a0Rajsk\u00e9 zahrady a p\u0159ev\u00e1\u017en\u011b po cyklotrase A260 propojuje Prahu 14 s\u00a0Prahou 20 do ulice Stoli\u0148sk\u00e1.<\/li>\n<li><strong>etapa <\/strong>navazuje na ulici Stoli\u0148skou a\u017e na hranici hl. m. Prahy se St\u0159edo\u010desk\u00fdm krajem v\u00a0r\u00e1mci \u00fazem\u00ed Prahy 20.<\/li>\n<li><strong>etapa <\/strong>propojuje Mladoboleslavskou s\u00a0C\u00edglerovou a tedy Prahu 9 s\u00a0Kbely a Prahou 14.<\/li>\n<li><strong>etapa <\/strong>proch\u00e1z\u00ed v\u00fdhradn\u011b po cyklotrase A43 a A26 z\u00a0\u010cakovick\u00e9 na Vyso\u010danskou stezku p\u0159es Kl\u00ed\u010dovsk\u00e9 sady.<\/li>\n<li><strong>etapa <\/strong>propojuje are\u00e1l AFI CITY s\u00a0n\u00e1m\u011bst\u00edm OSN.<\/li>\n<li><strong>etapa <\/strong>po\u010d\u00edt\u00e1 s\u00a0vyu\u017eit\u00edm cyklotrasy A44 a spojen\u00edm Satalic s\u00a0\u010cern\u00fdm mostem tedy Prahu-Satalice s\u00a0Prahou 14.<\/li>\n<\/ol>\n<p>Koncept cyklomagistr\u00e1ly nen\u00ed na \u00fazem\u00ed \u010cesk\u00e9 republiky ojedin\u011bl\u00fd. Jednou z\u00a0obl\u00edben\u00fdch tras je Cyklomagistr\u00e1la Plou\u010dnice, kter\u00e1 lemuje tok \u0159eky Plou\u010dnice od pramen\u016f v\u00a0Ose\u010dn\u00e9 do D\u011b\u010d\u00edna a d\u00e1le pokra\u010duje po Labsk\u00e9 stezce. Navazuje na s\u00ed\u0165 m\u00edstn\u00ed cyklotras s\u00a0mezin\u00e1rodn\u00edm p\u0159esahem do Polska a n\u011bmeck\u00e9ho Saska. V\u00fdjimkou nen\u00ed ani Cyklomagistr\u00e1la na \u0160umav\u011b veden\u00e1 z\u00a0Vy\u0161\u0161\u00edho Brodu do \u017delezn\u00e9 v\u00a0celkov\u00e9 d\u00e9lce 163,5 km p\u0159es lesy, kolem pastvin a opu\u0161t\u011bn\u00fdch osad.<\/p>\n<p>Na druhou stranu \u017e\u00e1dn\u00e1 z\u00a0v\u00fd\u0161e uveden\u00fdch cyklomagistr\u00e1l nevede \u010dist\u011b po asfaltobetonov\u00e9 plo\u0161e odd\u011blen\u00e9 od automobilov\u00e9 dopravy. V\u011bt\u0161ina z\u00a0nich je napasovan\u00e1 na s\u00ed\u0165 sou\u010dasn\u00fdch cyklotras po m\u00edstn\u00edch \u010di \u00fa\u010delov\u00fdch komunikac\u00edch.<\/p>\n<p><strong>Mapy:<\/strong><\/p>\n<ul>\n<li><a href=\"https:\/\/www.praha14.cz\/app\/uploads\/sites\/4\/2021\/01\/ETAPA-6.4-SVCM-CYKLO-MB.pdf\" target=\"_blank\" rel=\"noopener noreferrer\">Etapy<\/a><\/li>\n<li><a href=\"https:\/\/www.praha14.cz\/app\/uploads\/sites\/4\/2018\/09\/SVCM_B03_prehledna-orto_2016-10-15.pdf\" target=\"_blank\" rel=\"noopener noreferrer\">Cyklotrasy<\/a><\/li>\n<\/ul>\n<p>&nbsp;<\/p>\n<p>&nbsp;<\/p>\n","protected":false},"excerpt":{"rendered":"<p>C\u00edlem hlavn\u00edho m\u011bsta i zainteresovan\u00fdch m\u011bstsk\u00fdch \u010d\u00e1st\u00ed, v\u010detn\u011b Prahy 14, je vybudovat cyklomagistr\u00e1lu (v\u00fdhradn\u011b pro cyklisty a chodce), d\u00edky n\u00ed\u017e se lid\u00e9 nap\u0159\u00edklad z\u00a0Hut\u00ed, Ba\u017eantnice nebo Horn\u00edch Po\u010dernic dostanou na Balabenku, ani\u017e by potkali jedin\u00fd automobil. Realizace t\u00e9to cyklistick\u00e9 stavby, kter\u00e1 zat\u00edm nem\u00e1 v\u00a0metropoli obdoby, se p\u0159edpokl\u00e1d\u00e1 zhruba za dva roky. \u201eNe\u017e za\u010daly vznikat prvn\u00ed&#8230;<\/p>\n","protected":false},"author":6,"featured_media":0,"parent":0,"menu_order":0,"comment_status":"closed","ping_status":"closed","template":"","meta":{"_acf_changed":false,"footnotes":""},"class_list":["post-45863","page","type-page","status-publish","hentry"],"acf":[],"yoast_head":"<!-- This site is optimized with the Yoast SEO plugin v27.2 - https:\/\/yoast.com\/product\/yoast-seo-wordpress\/ -->\n<title>Pra\u017esk\u00e1 cyklomagistr\u00e1la - \u017divot na Praze 14<\/title>\n<meta name=\"robots\" content=\"index, follow, max-snippet:-1, max-image-preview:large, max-video-preview:-1\" \/>\n<link rel=\"canonical\" href=\"https:\/\/www.praha14.cz\/zivot-na-praze-14\/prazska-cyklomagistrala\/\" \/>\n<meta property=\"og:locale\" content=\"cs_CZ\" \/>\n<meta property=\"og:type\" content=\"article\" \/>\n<meta property=\"og:title\" content=\"Pra\u017esk\u00e1 cyklomagistr\u00e1la - \u017divot na Praze 14\" \/>\n<meta property=\"og:description\" content=\"C\u00edlem hlavn\u00edho m\u011bsta i zainteresovan\u00fdch m\u011bstsk\u00fdch \u010d\u00e1st\u00ed, v\u010detn\u011b Prahy 14, je vybudovat cyklomagistr\u00e1lu (v\u00fdhradn\u011b pro cyklisty a chodce), d\u00edky n\u00ed\u017e se lid\u00e9 nap\u0159\u00edklad z\u00a0Hut\u00ed, Ba\u017eantnice nebo Horn\u00edch Po\u010dernic dostanou na Balabenku, ani\u017e by potkali jedin\u00fd automobil. Realizace t\u00e9to cyklistick\u00e9 stavby, kter\u00e1 zat\u00edm nem\u00e1 v\u00a0metropoli obdoby, se p\u0159edpokl\u00e1d\u00e1 zhruba za dva roky. \u201eNe\u017e za\u010daly vznikat prvn\u00ed...\" \/>\n<meta property=\"og:url\" content=\"https:\/\/www.praha14.cz\/zivot-na-praze-14\/prazska-cyklomagistrala\/\" \/>\n<meta property=\"og:site_name\" content=\"\u017divot na Praze 14\" \/>\n<meta property=\"article:modified_time\" content=\"2021-01-28T06:47:37+00:00\" \/>\n<meta name=\"twitter:card\" content=\"summary_large_image\" \/>\n<meta name=\"twitter:label1\" content=\"Est. reading time\" \/>\n\t<meta name=\"twitter:data1\" content=\"4 minuty\" \/>\n<script type=\"application\/ld+json\" class=\"yoast-schema-graph\">{\"@context\":\"https:\/\/schema.org\",\"@graph\":[{\"@type\":\"WebPage\",\"@id\":\"https:\/\/www.praha14.cz\/zivot-na-praze-14\/prazska-cyklomagistrala\/\",\"url\":\"https:\/\/www.praha14.cz\/zivot-na-praze-14\/prazska-cyklomagistrala\/\",\"name\":\"Pra\u017esk\u00e1 cyklomagistr\u00e1la - \u017divot na Praze 14\",\"isPartOf\":{\"@id\":\"https:\/\/www.praha14.cz\/zivot-na-praze-14\/#website\"},\"datePublished\":\"2018-09-25T09:45:16+00:00\",\"dateModified\":\"2021-01-28T06:47:37+00:00\",\"breadcrumb\":{\"@id\":\"https:\/\/www.praha14.cz\/zivot-na-praze-14\/prazska-cyklomagistrala\/#breadcrumb\"},\"inLanguage\":\"cs\",\"potentialAction\":[{\"@type\":\"ReadAction\",\"target\":[\"https:\/\/www.praha14.cz\/zivot-na-praze-14\/prazska-cyklomagistrala\/\"]}]},{\"@type\":\"BreadcrumbList\",\"@id\":\"https:\/\/www.praha14.cz\/zivot-na-praze-14\/prazska-cyklomagistrala\/#breadcrumb\",\"itemListElement\":[{\"@type\":\"ListItem\",\"position\":1,\"name\":\"\u017divot na Praze 14\",\"item\":\"https:\/\/www.praha14.cz\/zivot-na-praze-14\/\"},{\"@type\":\"ListItem\",\"position\":2,\"name\":\"Pra\u017esk\u00e1 cyklomagistr\u00e1la\"}]},{\"@type\":\"WebSite\",\"@id\":\"https:\/\/www.praha14.cz\/zivot-na-praze-14\/#website\",\"url\":\"https:\/\/www.praha14.cz\/zivot-na-praze-14\/\",\"name\":\"\u017divot na Praze 14\",\"description\":\"\",\"potentialAction\":[{\"@type\":\"SearchAction\",\"target\":{\"@type\":\"EntryPoint\",\"urlTemplate\":\"https:\/\/www.praha14.cz\/zivot-na-praze-14\/?s={search_term_string}\"},\"query-input\":{\"@type\":\"PropertyValueSpecification\",\"valueRequired\":true,\"valueName\":\"search_term_string\"}}],\"inLanguage\":\"cs\"}]}<\/script>\n<!-- \/ Yoast SEO plugin. -->","yoast_head_json":{"title":"Pra\u017esk\u00e1 cyklomagistr\u00e1la - \u017divot na Praze 14","robots":{"index":"index","follow":"follow","max-snippet":"max-snippet:-1","max-image-preview":"max-image-preview:large","max-video-preview":"max-video-preview:-1"},"canonical":"https:\/\/www.praha14.cz\/zivot-na-praze-14\/prazska-cyklomagistrala\/","og_locale":"cs_CZ","og_type":"article","og_title":"Pra\u017esk\u00e1 cyklomagistr\u00e1la - \u017divot na Praze 14","og_description":"C\u00edlem hlavn\u00edho m\u011bsta i zainteresovan\u00fdch m\u011bstsk\u00fdch \u010d\u00e1st\u00ed, v\u010detn\u011b Prahy 14, je vybudovat cyklomagistr\u00e1lu (v\u00fdhradn\u011b pro cyklisty a chodce), d\u00edky n\u00ed\u017e se lid\u00e9 nap\u0159\u00edklad z\u00a0Hut\u00ed, Ba\u017eantnice nebo Horn\u00edch Po\u010dernic dostanou na Balabenku, ani\u017e by potkali jedin\u00fd automobil. Realizace t\u00e9to cyklistick\u00e9 stavby, kter\u00e1 zat\u00edm nem\u00e1 v\u00a0metropoli obdoby, se p\u0159edpokl\u00e1d\u00e1 zhruba za dva roky. \u201eNe\u017e za\u010daly vznikat prvn\u00ed...","og_url":"https:\/\/www.praha14.cz\/zivot-na-praze-14\/prazska-cyklomagistrala\/","og_site_name":"\u017divot na Praze 14","article_modified_time":"2021-01-28T06:47:37+00:00","twitter_card":"summary_large_image","twitter_misc":{"Est. reading time":"4 minuty"},"schema":{"@context":"https:\/\/schema.org","@graph":[{"@type":"WebPage","@id":"https:\/\/www.praha14.cz\/zivot-na-praze-14\/prazska-cyklomagistrala\/","url":"https:\/\/www.praha14.cz\/zivot-na-praze-14\/prazska-cyklomagistrala\/","name":"Pra\u017esk\u00e1 cyklomagistr\u00e1la - \u017divot na Praze 14","isPartOf":{"@id":"https:\/\/www.praha14.cz\/zivot-na-praze-14\/#website"},"datePublished":"2018-09-25T09:45:16+00:00","dateModified":"2021-01-28T06:47:37+00:00","breadcrumb":{"@id":"https:\/\/www.praha14.cz\/zivot-na-praze-14\/prazska-cyklomagistrala\/#breadcrumb"},"inLanguage":"cs","potentialAction":[{"@type":"ReadAction","target":["https:\/\/www.praha14.cz\/zivot-na-praze-14\/prazska-cyklomagistrala\/"]}]},{"@type":"BreadcrumbList","@id":"https:\/\/www.praha14.cz\/zivot-na-praze-14\/prazska-cyklomagistrala\/#breadcrumb","itemListElement":[{"@type":"ListItem","position":1,"name":"\u017divot na Praze 14","item":"https:\/\/www.praha14.cz\/zivot-na-praze-14\/"},{"@type":"ListItem","position":2,"name":"Pra\u017esk\u00e1 cyklomagistr\u00e1la"}]},{"@type":"WebSite","@id":"https:\/\/www.praha14.cz\/zivot-na-praze-14\/#website","url":"https:\/\/www.praha14.cz\/zivot-na-praze-14\/","name":"\u017divot na Praze 14","description":"","potentialAction":[{"@type":"SearchAction","target":{"@type":"EntryPoint","urlTemplate":"https:\/\/www.praha14.cz\/zivot-na-praze-14\/?s={search_term_string}"},"query-input":{"@type":"PropertyValueSpecification","valueRequired":true,"valueName":"search_term_string"}}],"inLanguage":"cs"}]}},"_links":{"self":[{"href":"https:\/\/www.praha14.cz\/zivot-na-praze-14\/wp-json\/wp\/v2\/pages\/45863","targetHints":{"allow":["GET"]}}],"collection":[{"href":"https:\/\/www.praha14.cz\/zivot-na-praze-14\/wp-json\/wp\/v2\/pages"}],"about":[{"href":"https:\/\/www.praha14.cz\/zivot-na-praze-14\/wp-json\/wp\/v2\/types\/page"}],"author":[{"embeddable":true,"href":"https:\/\/www.praha14.cz\/zivot-na-praze-14\/wp-json\/wp\/v2\/users\/6"}],"replies":[{"embeddable":true,"href":"https:\/\/www.praha14.cz\/zivot-na-praze-14\/wp-json\/wp\/v2\/comments?post=45863"}],"version-history":[{"count":2,"href":"https:\/\/www.praha14.cz\/zivot-na-praze-14\/wp-json\/wp\/v2\/pages\/45863\/revisions"}],"predecessor-version":[{"id":57778,"href":"https:\/\/www.praha14.cz\/zivot-na-praze-14\/wp-json\/wp\/v2\/pages\/45863\/revisions\/57778"}],"wp:attachment":[{"href":"https:\/\/www.praha14.cz\/zivot-na-praze-14\/wp-json\/wp\/v2\/media?parent=45863"}],"curies":[{"name":"wp","href":"https:\/\/api.w.org\/{rel}","templated":true}]}}