{"id":46383,"date":"2018-10-17T08:19:31","date_gmt":"2018-10-17T08:19:31","guid":{"rendered":"https:\/\/www.praha14.cz\/zivot-na-praze-14\/?page_id=46383"},"modified":"2025-11-13T07:12:49","modified_gmt":"2025-11-13T07:12:49","slug":"bezplatne-pravni-poradenstvi","status":"publish","type":"page","link":"https:\/\/www.praha14.cz\/zivot-na-praze-14\/bezplatne-pravni-poradenstvi\/","title":{"rendered":"Bezplatn\u00e9 pr\u00e1vn\u00ed a dluhov\u00e9 poradenstv\u00ed"},"content":{"rendered":"<h2><strong>Pr\u00e1vn\u00ed poradenstv\u00ed<\/strong><\/h2>\n<p>Praha 14 pro ob\u010dany m\u011bstsk\u00e9 \u010d\u00e1sti dlouhodob\u011b zaji\u0161\u0165uje bezplatn\u00e9 pr\u00e1vn\u00ed poradenstv\u00ed. Ka\u017edou st\u0159edu jej v dob\u011b od 13:00 do 16:30 hodin poskytuje Ob\u010dansk\u00e1 poradna REMEDIUM (Brat\u0159\u00ed Vencl\u00edk\u016f 1072, 7. patro, kancel\u00e1\u0159 \u010d. 708).<\/p>\n<p>Na konzultaci se nen\u00ed t\u0159eba objedn\u00e1vat. Z\u00e1jemc\u016fm bude poskytnuta pr\u00e1vn\u00ed pomoc v oblasti v\u00fdkladu z\u00e1kon\u016f a prov\u00e1d\u011bc\u00edch p\u0159edpis\u016f, uzav\u00edr\u00e1n\u00ed smluv \u010di pod\u00e1n\u00ed k soud\u016fm a st\u00e1tn\u00edm instituc\u00edm.<\/p>\n<p>Osobn\u00ed n\u00e1v\u0161t\u011bva nen\u00ed jedinou mo\u017enost\u00ed, jak se do\u010dkat pomoci. Lze vyu\u017e\u00edt i n\u00e1sleduj\u00edc\u00ed formy komunikace:<\/p>\n<ul>\n<li><strong>Ob\u010dansk\u00e1 poradna REMEDIUM\u00a0<\/strong>\u2013 telefonick\u00e9 konzultace na tel. \u010d\u00edsle 735 613 901 v pond\u011bl\u00ed od 12.30 do 15.30 hodin a v \u00fater\u00fd a ve \u010dtvrtek od 8.30 do 11.30 hodin. D\u00e1le je mo\u017en\u00e9 zaslat dotaz prost\u0159ednictv\u00edm elektronick\u00e9ho formul\u00e1\u0159e dostupn\u00e9ho na webu\u00a0<a href=\"http:\/\/www.remedium.cz\/\"><strong>www.remedium.cz<\/strong><\/a>. Na t\u011bchto str\u00e1nk\u00e1ch z\u00e1jemci naleznou i dal\u0161\u00ed informace o aktivit\u00e1ch jmenovan\u00e9 ob\u010dansk\u00e9 poradny.<\/li>\n<\/ul>\n<p><strong>UPOZORN\u011aN\u00cd:<\/strong>\u00a0ZEJM\u00c9NA V LETN\u00cdM OBDOB\u00cd PROS\u00cdM SLEDUJTE TAK\u00c9 AKTUALITY NA HL. STRAN\u011a WEBU, KDE INFORMUJEME O P\u0158\u00cdPADN\u00ddCH DO\u010cASN\u00ddCH P\u0158ERU\u0160EN\u00cdCH PROVOZU PORADNY.<\/p>\n<h2><strong>Dluhov\u00e1 poradna\u00a0<\/strong><\/h2>\n<p>Pot\u0159ebujete poradit v oblasti dluh\u016f, v\u010detn\u011b jejich zmapov\u00e1n\u00ed a pomoci v komunikaci s v\u011b\u0159iteli? Vyu\u017eijte bezplatn\u00e9 poradenstv\u00ed poskytovan\u00e9 certifikovanou dluhovou poradkyn\u00ed Mgr. Lenkou Pavl\u00edkovou. Poradna je k dispozici v n\u00ed\u017ee uveden\u00e9 provozn\u00ed dob\u011b v budov\u011b \u00daM\u010c Praha 14 (Brat\u0159\u00ed Vencl\u00edk\u016f 1072, 7. patro, kancel\u00e1\u0159 \u010d. 708).<\/p>\n<p><strong>Provozn\u00ed doba poradny: ka\u017ed\u00e9 sud\u00e9 pond\u011bl\u00ed, od 9 do 17 hodin. Na konzultace se nen\u00ed t\u0159eba objedn\u00e1vat.<\/strong><\/p>\n","protected":false},"excerpt":{"rendered":"<p>Pr\u00e1vn\u00ed poradenstv\u00ed Praha 14 pro ob\u010dany m\u011bstsk\u00e9 \u010d\u00e1sti dlouhodob\u011b zaji\u0161\u0165uje bezplatn\u00e9 pr\u00e1vn\u00ed poradenstv\u00ed. Ka\u017edou st\u0159edu jej v dob\u011b od 13:00 do 16:30 hodin poskytuje Ob\u010dansk\u00e1 poradna REMEDIUM (Brat\u0159\u00ed Vencl\u00edk\u016f 1072, 7. patro, kancel\u00e1\u0159 \u010d. 708). Na konzultaci se nen\u00ed t\u0159eba objedn\u00e1vat. Z\u00e1jemc\u016fm bude poskytnuta pr\u00e1vn\u00ed pomoc v oblasti v\u00fdkladu z\u00e1kon\u016f a prov\u00e1d\u011bc\u00edch p\u0159edpis\u016f, uzav\u00edr\u00e1n\u00ed smluv&#8230;<\/p>\n","protected":false},"author":1057,"featured_media":0,"parent":0,"menu_order":0,"comment_status":"closed","ping_status":"closed","template":"","meta":{"_acf_changed":false,"footnotes":""},"class_list":["post-46383","page","type-page","status-publish","hentry"],"acf":[],"yoast_head":"<!-- This site is optimized with the Yoast SEO plugin v27.2 - https:\/\/yoast.com\/product\/yoast-seo-wordpress\/ -->\n<title>Bezplatn\u00e9 pr\u00e1vn\u00ed a dluhov\u00e9 poradenstv\u00ed - \u017divot na Praze 14<\/title>\n<meta name=\"robots\" content=\"index, follow, max-snippet:-1, max-image-preview:large, max-video-preview:-1\" \/>\n<link rel=\"canonical\" href=\"https:\/\/www.praha14.cz\/zivot-na-praze-14\/bezplatne-pravni-poradenstvi\/\" \/>\n<meta property=\"og:locale\" content=\"cs_CZ\" \/>\n<meta property=\"og:type\" content=\"article\" \/>\n<meta property=\"og:title\" content=\"Bezplatn\u00e9 pr\u00e1vn\u00ed a dluhov\u00e9 poradenstv\u00ed - \u017divot na Praze 14\" \/>\n<meta property=\"og:description\" content=\"Pr\u00e1vn\u00ed poradenstv\u00ed Praha 14 pro ob\u010dany m\u011bstsk\u00e9 \u010d\u00e1sti dlouhodob\u011b zaji\u0161\u0165uje bezplatn\u00e9 pr\u00e1vn\u00ed poradenstv\u00ed. Ka\u017edou st\u0159edu jej v dob\u011b od 13:00 do 16:30 hodin poskytuje Ob\u010dansk\u00e1 poradna REMEDIUM (Brat\u0159\u00ed Vencl\u00edk\u016f 1072, 7. patro, kancel\u00e1\u0159 \u010d. 708). Na konzultaci se nen\u00ed t\u0159eba objedn\u00e1vat. Z\u00e1jemc\u016fm bude poskytnuta pr\u00e1vn\u00ed pomoc v oblasti v\u00fdkladu z\u00e1kon\u016f a prov\u00e1d\u011bc\u00edch p\u0159edpis\u016f, uzav\u00edr\u00e1n\u00ed smluv...\" \/>\n<meta property=\"og:url\" content=\"https:\/\/www.praha14.cz\/zivot-na-praze-14\/bezplatne-pravni-poradenstvi\/\" \/>\n<meta property=\"og:site_name\" content=\"\u017divot na Praze 14\" \/>\n<meta property=\"article:modified_time\" content=\"2025-11-13T07:12:49+00:00\" \/>\n<meta name=\"twitter:card\" content=\"summary_large_image\" \/>\n<meta name=\"twitter:label1\" content=\"Est. reading time\" \/>\n\t<meta name=\"twitter:data1\" content=\"2 minuty\" \/>\n<script type=\"application\/ld+json\" class=\"yoast-schema-graph\">{\"@context\":\"https:\/\/schema.org\",\"@graph\":[{\"@type\":\"WebPage\",\"@id\":\"https:\/\/www.praha14.cz\/zivot-na-praze-14\/bezplatne-pravni-poradenstvi\/\",\"url\":\"https:\/\/www.praha14.cz\/zivot-na-praze-14\/bezplatne-pravni-poradenstvi\/\",\"name\":\"Bezplatn\u00e9 pr\u00e1vn\u00ed a dluhov\u00e9 poradenstv\u00ed - \u017divot na Praze 14\",\"isPartOf\":{\"@id\":\"https:\/\/www.praha14.cz\/zivot-na-praze-14\/#website\"},\"datePublished\":\"2018-10-17T08:19:31+00:00\",\"dateModified\":\"2025-11-13T07:12:49+00:00\",\"breadcrumb\":{\"@id\":\"https:\/\/www.praha14.cz\/zivot-na-praze-14\/bezplatne-pravni-poradenstvi\/#breadcrumb\"},\"inLanguage\":\"cs\",\"potentialAction\":[{\"@type\":\"ReadAction\",\"target\":[\"https:\/\/www.praha14.cz\/zivot-na-praze-14\/bezplatne-pravni-poradenstvi\/\"]}]},{\"@type\":\"BreadcrumbList\",\"@id\":\"https:\/\/www.praha14.cz\/zivot-na-praze-14\/bezplatne-pravni-poradenstvi\/#breadcrumb\",\"itemListElement\":[{\"@type\":\"ListItem\",\"position\":1,\"name\":\"\u017divot na Praze 14\",\"item\":\"https:\/\/www.praha14.cz\/zivot-na-praze-14\/\"},{\"@type\":\"ListItem\",\"position\":2,\"name\":\"Bezplatn\u00e9 pr\u00e1vn\u00ed a dluhov\u00e9 poradenstv\u00ed\"}]},{\"@type\":\"WebSite\",\"@id\":\"https:\/\/www.praha14.cz\/zivot-na-praze-14\/#website\",\"url\":\"https:\/\/www.praha14.cz\/zivot-na-praze-14\/\",\"name\":\"\u017divot na Praze 14\",\"description\":\"\",\"potentialAction\":[{\"@type\":\"SearchAction\",\"target\":{\"@type\":\"EntryPoint\",\"urlTemplate\":\"https:\/\/www.praha14.cz\/zivot-na-praze-14\/?s={search_term_string}\"},\"query-input\":{\"@type\":\"PropertyValueSpecification\",\"valueRequired\":true,\"valueName\":\"search_term_string\"}}],\"inLanguage\":\"cs\"}]}<\/script>\n<!-- \/ Yoast SEO plugin. -->","yoast_head_json":{"title":"Bezplatn\u00e9 pr\u00e1vn\u00ed a dluhov\u00e9 poradenstv\u00ed - \u017divot na Praze 14","robots":{"index":"index","follow":"follow","max-snippet":"max-snippet:-1","max-image-preview":"max-image-preview:large","max-video-preview":"max-video-preview:-1"},"canonical":"https:\/\/www.praha14.cz\/zivot-na-praze-14\/bezplatne-pravni-poradenstvi\/","og_locale":"cs_CZ","og_type":"article","og_title":"Bezplatn\u00e9 pr\u00e1vn\u00ed a dluhov\u00e9 poradenstv\u00ed - \u017divot na Praze 14","og_description":"Pr\u00e1vn\u00ed poradenstv\u00ed Praha 14 pro ob\u010dany m\u011bstsk\u00e9 \u010d\u00e1sti dlouhodob\u011b zaji\u0161\u0165uje bezplatn\u00e9 pr\u00e1vn\u00ed poradenstv\u00ed. Ka\u017edou st\u0159edu jej v dob\u011b od 13:00 do 16:30 hodin poskytuje Ob\u010dansk\u00e1 poradna REMEDIUM (Brat\u0159\u00ed Vencl\u00edk\u016f 1072, 7. patro, kancel\u00e1\u0159 \u010d. 708). Na konzultaci se nen\u00ed t\u0159eba objedn\u00e1vat. Z\u00e1jemc\u016fm bude poskytnuta pr\u00e1vn\u00ed pomoc v oblasti v\u00fdkladu z\u00e1kon\u016f a prov\u00e1d\u011bc\u00edch p\u0159edpis\u016f, uzav\u00edr\u00e1n\u00ed smluv...","og_url":"https:\/\/www.praha14.cz\/zivot-na-praze-14\/bezplatne-pravni-poradenstvi\/","og_site_name":"\u017divot na Praze 14","article_modified_time":"2025-11-13T07:12:49+00:00","twitter_card":"summary_large_image","twitter_misc":{"Est. reading time":"2 minuty"},"schema":{"@context":"https:\/\/schema.org","@graph":[{"@type":"WebPage","@id":"https:\/\/www.praha14.cz\/zivot-na-praze-14\/bezplatne-pravni-poradenstvi\/","url":"https:\/\/www.praha14.cz\/zivot-na-praze-14\/bezplatne-pravni-poradenstvi\/","name":"Bezplatn\u00e9 pr\u00e1vn\u00ed a dluhov\u00e9 poradenstv\u00ed - \u017divot na Praze 14","isPartOf":{"@id":"https:\/\/www.praha14.cz\/zivot-na-praze-14\/#website"},"datePublished":"2018-10-17T08:19:31+00:00","dateModified":"2025-11-13T07:12:49+00:00","breadcrumb":{"@id":"https:\/\/www.praha14.cz\/zivot-na-praze-14\/bezplatne-pravni-poradenstvi\/#breadcrumb"},"inLanguage":"cs","potentialAction":[{"@type":"ReadAction","target":["https:\/\/www.praha14.cz\/zivot-na-praze-14\/bezplatne-pravni-poradenstvi\/"]}]},{"@type":"BreadcrumbList","@id":"https:\/\/www.praha14.cz\/zivot-na-praze-14\/bezplatne-pravni-poradenstvi\/#breadcrumb","itemListElement":[{"@type":"ListItem","position":1,"name":"\u017divot na Praze 14","item":"https:\/\/www.praha14.cz\/zivot-na-praze-14\/"},{"@type":"ListItem","position":2,"name":"Bezplatn\u00e9 pr\u00e1vn\u00ed a dluhov\u00e9 poradenstv\u00ed"}]},{"@type":"WebSite","@id":"https:\/\/www.praha14.cz\/zivot-na-praze-14\/#website","url":"https:\/\/www.praha14.cz\/zivot-na-praze-14\/","name":"\u017divot na Praze 14","description":"","potentialAction":[{"@type":"SearchAction","target":{"@type":"EntryPoint","urlTemplate":"https:\/\/www.praha14.cz\/zivot-na-praze-14\/?s={search_term_string}"},"query-input":{"@type":"PropertyValueSpecification","valueRequired":true,"valueName":"search_term_string"}}],"inLanguage":"cs"}]}},"_links":{"self":[{"href":"https:\/\/www.praha14.cz\/zivot-na-praze-14\/wp-json\/wp\/v2\/pages\/46383","targetHints":{"allow":["GET"]}}],"collection":[{"href":"https:\/\/www.praha14.cz\/zivot-na-praze-14\/wp-json\/wp\/v2\/pages"}],"about":[{"href":"https:\/\/www.praha14.cz\/zivot-na-praze-14\/wp-json\/wp\/v2\/types\/page"}],"author":[{"embeddable":true,"href":"https:\/\/www.praha14.cz\/zivot-na-praze-14\/wp-json\/wp\/v2\/users\/1057"}],"replies":[{"embeddable":true,"href":"https:\/\/www.praha14.cz\/zivot-na-praze-14\/wp-json\/wp\/v2\/comments?post=46383"}],"version-history":[{"count":15,"href":"https:\/\/www.praha14.cz\/zivot-na-praze-14\/wp-json\/wp\/v2\/pages\/46383\/revisions"}],"predecessor-version":[{"id":73478,"href":"https:\/\/www.praha14.cz\/zivot-na-praze-14\/wp-json\/wp\/v2\/pages\/46383\/revisions\/73478"}],"wp:attachment":[{"href":"https:\/\/www.praha14.cz\/zivot-na-praze-14\/wp-json\/wp\/v2\/media?parent=46383"}],"curies":[{"name":"wp","href":"https:\/\/api.w.org\/{rel}","templated":true}]}}