{"id":50355,"date":"2019-08-22T09:25:23","date_gmt":"2019-08-22T09:25:23","guid":{"rendered":"https:\/\/www.praha14.cz\/zivot-na-praze-14\/?page_id=50355"},"modified":"2020-09-16T09:58:25","modified_gmt":"2020-09-16T09:58:25","slug":"bytovy-dum-kardasovska","status":"publish","type":"page","link":"https:\/\/www.praha14.cz\/zivot-na-praze-14\/bytovy-dum-kardasovska\/","title":{"rendered":"Bytov\u00fd d\u016fm Karda\u0161ovsk\u00e1"},"content":{"rendered":"<p><span style=\"color: #009dde;\"><strong>Um\u00edst\u011bn\u00ed: <\/strong><\/span>kat. \u00fazem\u00ed Hloub\u011bt\u00edn, p\u0159i k\u0159i\u017eovatce Kryloveck\u00e1 x Karda\u0161ovsk\u00e1<\/p>\n<p><span style=\"color: #009dde;\"><strong>Investor:\u00a0<\/strong><span style=\"color: #000000;\">Karda\u0161ovsk\u00e1 Properties, a.s., Partyz\u00e1nsk\u00e1 1\/7, Praha 7<\/span><\/span><\/p>\n<p><span style=\"color: #009dde;\"><strong>Projektant:\u00a0<\/strong><span style=\"color: #000000;\">Ing. arch. Petr L\u00e9dl, Ph.D., Burianova 920, Velk\u00e9 P\u0159\u00edlepy<\/span><\/span><\/p>\n<p><span style=\"color: #009dde;\"><strong>Objekt:<\/strong><\/span>\u00a08 nadzemn\u00edch a jedno podzemn\u00ed podla\u017e\u00ed<\/p>\n<p><span style=\"color: #009dde;\"><strong>Bydlen\u00ed:<\/strong><\/span>\u00a02. &#8211; 8. NP, 28 bytov\u00fdch jednotek<\/p>\n<p><span style=\"color: #009dde;\"><strong>Parkov\u00e1n\u00ed:<\/strong>\u00a0<\/span>32 parkovac\u00edch st\u00e1n\u00ed v\u00a0zaklada\u010d\u00edch<\/p>\n<p><span style=\"color: #009dde;\"><strong>Zastav\u011bn\u00e1 plocha:<\/strong><\/span>\u00a0<span style=\"color: #333333;\">441 m<sup>2<\/sup><\/span><\/p>\n<p><strong>Studie 2018<br \/>\nVyd\u00e1no \u00fazemn\u00ed rozhodnut\u00ed 2020<br \/>\n<\/strong><\/p>\n<div id=\"attachment_50358\" style=\"width: 160px\" class=\"wp-caption alignleft\"><a href=\"https:\/\/www.praha14.cz\/app\/uploads\/sites\/4\/2014\/04\/mapa-Karda\u0161ovsk\u00e1.jpg\" target=\"_blank\" rel=\"noopener noreferrer\" data-rel=\"lightbox-image-0\" data-rl_title=\"\" data-rl_caption=\"\" title=\"\"><img loading=\"lazy\" decoding=\"async\" aria-describedby=\"caption-attachment-50358\" class=\"wp-image-50358 size-thumbnail\" src=\"https:\/\/www.praha14.cz\/app\/uploads\/sites\/4\/2014\/04\/mapa-Karda\u0161ovsk\u00e1-150x150.jpg\" alt=\"\" width=\"150\" height=\"150\" srcset=\"https:\/\/www.praha14.cz\/app\/uploads\/sites\/4\/2014\/04\/mapa-Karda\u0161ovsk\u00e1-150x150.jpg 150w, https:\/\/www.praha14.cz\/app\/uploads\/sites\/4\/2014\/04\/mapa-Karda\u0161ovsk\u00e1-370x370.jpg 370w, https:\/\/www.praha14.cz\/app\/uploads\/sites\/4\/2014\/04\/mapa-Karda\u0161ovsk\u00e1-768x768.jpg 768w, https:\/\/www.praha14.cz\/app\/uploads\/sites\/4\/2014\/04\/mapa-Karda\u0161ovsk\u00e1.jpg 1000w\" sizes=\"(max-width: 150px) 100vw, 150px\" \/><\/a><p id=\"caption-attachment-50358\" class=\"wp-caption-text\">Zdroj: Mapy.cz<\/p><\/div>\n<p><a href=\"https:\/\/www.praha14.cz\/app\/uploads\/sites\/4\/2019\/08\/vizualizace-2.jpg\" target=\"_blank\" rel=\"noopener noreferrer\" data-rel=\"lightbox-image-1\" data-rl_title=\"\" data-rl_caption=\"\" title=\"\"><img loading=\"lazy\" decoding=\"async\" class=\"alignleft wp-image-50368 size-thumbnail\" src=\"https:\/\/www.praha14.cz\/app\/uploads\/sites\/4\/2019\/08\/vizualizace-2-150x150.jpg\" alt=\"\" width=\"150\" height=\"150\" \/><\/a><\/p>\n<p><a href=\"https:\/\/www.praha14.cz\/app\/uploads\/sites\/4\/2019\/08\/vizualizace-1.jpg\" target=\"_blank\" rel=\"noopener noreferrer\" data-rel=\"lightbox-image-2\" data-rl_title=\"\" data-rl_caption=\"\" title=\"\"><img loading=\"lazy\" decoding=\"async\" class=\"wp-image-50367 size-thumbnail alignleft\" src=\"https:\/\/www.praha14.cz\/app\/uploads\/sites\/4\/2019\/08\/vizualizace-1-150x150.jpg\" alt=\"\" width=\"150\" height=\"150\" \/><\/a><\/p>\n<p><a href=\"https:\/\/www.praha14.cz\/app\/uploads\/sites\/4\/2019\/08\/pohled-z\u00e1padn\u00ed-e1566467306544.jpg\" target=\"_blank\" rel=\"noopener noreferrer\" data-rel=\"lightbox-image-3\" data-rl_title=\"\" data-rl_caption=\"\" title=\"\"><img loading=\"lazy\" decoding=\"async\" class=\"alignleft wp-image-50366 size-thumbnail\" src=\"https:\/\/www.praha14.cz\/app\/uploads\/sites\/4\/2019\/08\/pohled-z\u00e1padn\u00ed-e1566467306544-150x150.jpg\" alt=\"\" width=\"150\" height=\"150\" \/><\/a><\/p>\n<p><a href=\"https:\/\/www.praha14.cz\/app\/uploads\/sites\/4\/2019\/08\/pohled-v\u00fdchodn\u00ed-e1566467271379.jpg\" target=\"_blank\" rel=\"noopener noreferrer\" data-rel=\"lightbox-image-4\" data-rl_title=\"\" data-rl_caption=\"\" title=\"\"><img loading=\"lazy\" decoding=\"async\" class=\"alignleft wp-image-50365 size-thumbnail\" src=\"https:\/\/www.praha14.cz\/app\/uploads\/sites\/4\/2019\/08\/pohled-v\u00fdchodn\u00ed-e1566467271379-150x150.jpg\" alt=\"\" width=\"150\" height=\"150\" \/><\/a><\/p>\n<p><a href=\"https:\/\/www.praha14.cz\/app\/uploads\/sites\/4\/2019\/08\/pohled-severn\u00ed-e1566467226844.jpg\" target=\"_blank\" rel=\"noopener noreferrer\" data-rel=\"lightbox-image-5\" data-rl_title=\"\" data-rl_caption=\"\" title=\"\"><img loading=\"lazy\" decoding=\"async\" class=\"alignleft wp-image-50364 size-thumbnail\" src=\"https:\/\/www.praha14.cz\/app\/uploads\/sites\/4\/2019\/08\/pohled-severn\u00ed-e1566467226844-150x150.jpg\" alt=\"\" width=\"150\" height=\"150\" \/><\/a><\/p>\n<p><a href=\"https:\/\/www.praha14.cz\/app\/uploads\/sites\/4\/2019\/08\/pohled-ji\u017en\u00ed-e1566467130313.jpg\" target=\"_blank\" rel=\"noopener noreferrer\" data-rel=\"lightbox-image-6\" data-rl_title=\"\" data-rl_caption=\"\" title=\"\"><img loading=\"lazy\" decoding=\"async\" class=\"alignleft wp-image-50363 size-thumbnail\" src=\"https:\/\/www.praha14.cz\/app\/uploads\/sites\/4\/2019\/08\/pohled-ji\u017en\u00ed-e1566467130313-150x150.jpg\" alt=\"\" width=\"150\" height=\"150\" \/><\/a><\/p>\n<p><a href=\"https:\/\/www.praha14.cz\/app\/uploads\/sites\/4\/2019\/08\/situace-e1566467057503.jpg\" target=\"_blank\" rel=\"noopener noreferrer\" data-rel=\"lightbox-image-7\" data-rl_title=\"\" data-rl_caption=\"\" title=\"\"><img loading=\"lazy\" decoding=\"async\" class=\"alignleft wp-image-50362 size-thumbnail\" src=\"https:\/\/www.praha14.cz\/app\/uploads\/sites\/4\/2019\/08\/situace-e1566467057503-150x150.jpg\" alt=\"\" width=\"150\" height=\"150\" \/><\/a><\/p>\n","protected":false},"excerpt":{"rendered":"<p>Um\u00edst\u011bn\u00ed: kat. \u00fazem\u00ed Hloub\u011bt\u00edn, p\u0159i k\u0159i\u017eovatce Kryloveck\u00e1 x Karda\u0161ovsk\u00e1 Investor:\u00a0Karda\u0161ovsk\u00e1 Properties, a.s., Partyz\u00e1nsk\u00e1 1\/7, Praha 7 Projektant:\u00a0Ing. arch. Petr L\u00e9dl, Ph.D., Burianova 920, Velk\u00e9 P\u0159\u00edlepy Objekt:\u00a08 nadzemn\u00edch a jedno podzemn\u00ed podla\u017e\u00ed Bydlen\u00ed:\u00a02. &#8211; 8. NP, 28 bytov\u00fdch jednotek Parkov\u00e1n\u00ed:\u00a032 parkovac\u00edch st\u00e1n\u00ed v\u00a0zaklada\u010d\u00edch Zastav\u011bn\u00e1 plocha:\u00a0441 m2 Studie 2018 Vyd\u00e1no \u00fazemn\u00ed rozhodnut\u00ed 2020<\/p>\n","protected":false},"author":1057,"featured_media":0,"parent":0,"menu_order":0,"comment_status":"closed","ping_status":"closed","template":"","meta":{"_acf_changed":false,"footnotes":""},"class_list":["post-50355","page","type-page","status-publish","hentry"],"acf":[],"yoast_head":"<!-- This site is optimized with the Yoast SEO plugin v27.2 - https:\/\/yoast.com\/product\/yoast-seo-wordpress\/ -->\n<title>Bytov\u00fd d\u016fm Karda\u0161ovsk\u00e1 - \u017divot na Praze 14<\/title>\n<meta name=\"robots\" content=\"index, follow, max-snippet:-1, max-image-preview:large, max-video-preview:-1\" \/>\n<link rel=\"canonical\" href=\"https:\/\/www.praha14.cz\/zivot-na-praze-14\/bytovy-dum-kardasovska\/\" \/>\n<meta property=\"og:locale\" content=\"cs_CZ\" \/>\n<meta property=\"og:type\" content=\"article\" \/>\n<meta property=\"og:title\" content=\"Bytov\u00fd d\u016fm Karda\u0161ovsk\u00e1 - \u017divot na Praze 14\" \/>\n<meta property=\"og:description\" content=\"Um\u00edst\u011bn\u00ed: kat. \u00fazem\u00ed Hloub\u011bt\u00edn, p\u0159i k\u0159i\u017eovatce Kryloveck\u00e1 x Karda\u0161ovsk\u00e1 Investor:\u00a0Karda\u0161ovsk\u00e1 Properties, a.s., Partyz\u00e1nsk\u00e1 1\/7, Praha 7 Projektant:\u00a0Ing. arch. Petr L\u00e9dl, Ph.D., Burianova 920, Velk\u00e9 P\u0159\u00edlepy Objekt:\u00a08 nadzemn\u00edch a jedno podzemn\u00ed podla\u017e\u00ed Bydlen\u00ed:\u00a02. &#8211; 8. NP, 28 bytov\u00fdch jednotek Parkov\u00e1n\u00ed:\u00a032 parkovac\u00edch st\u00e1n\u00ed v\u00a0zaklada\u010d\u00edch Zastav\u011bn\u00e1 plocha:\u00a0441 m2 Studie 2018 Vyd\u00e1no \u00fazemn\u00ed rozhodnut\u00ed 2020\" \/>\n<meta property=\"og:url\" content=\"https:\/\/www.praha14.cz\/zivot-na-praze-14\/bytovy-dum-kardasovska\/\" \/>\n<meta property=\"og:site_name\" content=\"\u017divot na Praze 14\" \/>\n<meta property=\"article:modified_time\" content=\"2020-09-16T09:58:25+00:00\" \/>\n<meta property=\"og:image\" content=\"https:\/\/www.praha14.cz\/app\/uploads\/sites\/4\/2019\/08\/vizualizace-2-150x150.jpg\" \/>\n<meta name=\"twitter:card\" content=\"summary_large_image\" \/>\n<script type=\"application\/ld+json\" class=\"yoast-schema-graph\">{\"@context\":\"https:\/\/schema.org\",\"@graph\":[{\"@type\":\"WebPage\",\"@id\":\"https:\/\/www.praha14.cz\/zivot-na-praze-14\/bytovy-dum-kardasovska\/\",\"url\":\"https:\/\/www.praha14.cz\/zivot-na-praze-14\/bytovy-dum-kardasovska\/\",\"name\":\"Bytov\u00fd d\u016fm Karda\u0161ovsk\u00e1 - \u017divot na Praze 14\",\"isPartOf\":{\"@id\":\"https:\/\/www.praha14.cz\/zivot-na-praze-14\/#website\"},\"primaryImageOfPage\":{\"@id\":\"https:\/\/www.praha14.cz\/zivot-na-praze-14\/bytovy-dum-kardasovska\/#primaryimage\"},\"image\":{\"@id\":\"https:\/\/www.praha14.cz\/zivot-na-praze-14\/bytovy-dum-kardasovska\/#primaryimage\"},\"thumbnailUrl\":\"https:\/\/www.praha14.cz\/app\/uploads\/sites\/4\/2019\/08\/vizualizace-2-150x150.jpg\",\"datePublished\":\"2019-08-22T09:25:23+00:00\",\"dateModified\":\"2020-09-16T09:58:25+00:00\",\"breadcrumb\":{\"@id\":\"https:\/\/www.praha14.cz\/zivot-na-praze-14\/bytovy-dum-kardasovska\/#breadcrumb\"},\"inLanguage\":\"cs\",\"potentialAction\":[{\"@type\":\"ReadAction\",\"target\":[\"https:\/\/www.praha14.cz\/zivot-na-praze-14\/bytovy-dum-kardasovska\/\"]}]},{\"@type\":\"ImageObject\",\"inLanguage\":\"cs\",\"@id\":\"https:\/\/www.praha14.cz\/zivot-na-praze-14\/bytovy-dum-kardasovska\/#primaryimage\",\"url\":\"https:\/\/www.praha14.cz\/app\/uploads\/sites\/4\/2019\/08\/vizualizace-2-150x150.jpg\",\"contentUrl\":\"https:\/\/www.praha14.cz\/app\/uploads\/sites\/4\/2019\/08\/vizualizace-2-150x150.jpg\"},{\"@type\":\"BreadcrumbList\",\"@id\":\"https:\/\/www.praha14.cz\/zivot-na-praze-14\/bytovy-dum-kardasovska\/#breadcrumb\",\"itemListElement\":[{\"@type\":\"ListItem\",\"position\":1,\"name\":\"\u017divot na Praze 14\",\"item\":\"https:\/\/www.praha14.cz\/zivot-na-praze-14\/\"},{\"@type\":\"ListItem\",\"position\":2,\"name\":\"Bytov\u00fd d\u016fm Karda\u0161ovsk\u00e1\"}]},{\"@type\":\"WebSite\",\"@id\":\"https:\/\/www.praha14.cz\/zivot-na-praze-14\/#website\",\"url\":\"https:\/\/www.praha14.cz\/zivot-na-praze-14\/\",\"name\":\"\u017divot na Praze 14\",\"description\":\"\",\"potentialAction\":[{\"@type\":\"SearchAction\",\"target\":{\"@type\":\"EntryPoint\",\"urlTemplate\":\"https:\/\/www.praha14.cz\/zivot-na-praze-14\/?s={search_term_string}\"},\"query-input\":{\"@type\":\"PropertyValueSpecification\",\"valueRequired\":true,\"valueName\":\"search_term_string\"}}],\"inLanguage\":\"cs\"}]}<\/script>\n<!-- \/ Yoast SEO plugin. -->","yoast_head_json":{"title":"Bytov\u00fd d\u016fm Karda\u0161ovsk\u00e1 - \u017divot na Praze 14","robots":{"index":"index","follow":"follow","max-snippet":"max-snippet:-1","max-image-preview":"max-image-preview:large","max-video-preview":"max-video-preview:-1"},"canonical":"https:\/\/www.praha14.cz\/zivot-na-praze-14\/bytovy-dum-kardasovska\/","og_locale":"cs_CZ","og_type":"article","og_title":"Bytov\u00fd d\u016fm Karda\u0161ovsk\u00e1 - \u017divot na Praze 14","og_description":"Um\u00edst\u011bn\u00ed: kat. \u00fazem\u00ed Hloub\u011bt\u00edn, p\u0159i k\u0159i\u017eovatce Kryloveck\u00e1 x Karda\u0161ovsk\u00e1 Investor:\u00a0Karda\u0161ovsk\u00e1 Properties, a.s., Partyz\u00e1nsk\u00e1 1\/7, Praha 7 Projektant:\u00a0Ing. arch. Petr L\u00e9dl, Ph.D., Burianova 920, Velk\u00e9 P\u0159\u00edlepy Objekt:\u00a08 nadzemn\u00edch a jedno podzemn\u00ed podla\u017e\u00ed Bydlen\u00ed:\u00a02. &#8211; 8. NP, 28 bytov\u00fdch jednotek Parkov\u00e1n\u00ed:\u00a032 parkovac\u00edch st\u00e1n\u00ed v\u00a0zaklada\u010d\u00edch Zastav\u011bn\u00e1 plocha:\u00a0441 m2 Studie 2018 Vyd\u00e1no \u00fazemn\u00ed rozhodnut\u00ed 2020","og_url":"https:\/\/www.praha14.cz\/zivot-na-praze-14\/bytovy-dum-kardasovska\/","og_site_name":"\u017divot na Praze 14","article_modified_time":"2020-09-16T09:58:25+00:00","og_image":[{"url":"https:\/\/www.praha14.cz\/app\/uploads\/sites\/4\/2019\/08\/vizualizace-2-150x150.jpg","type":"","width":"","height":""}],"twitter_card":"summary_large_image","schema":{"@context":"https:\/\/schema.org","@graph":[{"@type":"WebPage","@id":"https:\/\/www.praha14.cz\/zivot-na-praze-14\/bytovy-dum-kardasovska\/","url":"https:\/\/www.praha14.cz\/zivot-na-praze-14\/bytovy-dum-kardasovska\/","name":"Bytov\u00fd d\u016fm Karda\u0161ovsk\u00e1 - \u017divot na Praze 14","isPartOf":{"@id":"https:\/\/www.praha14.cz\/zivot-na-praze-14\/#website"},"primaryImageOfPage":{"@id":"https:\/\/www.praha14.cz\/zivot-na-praze-14\/bytovy-dum-kardasovska\/#primaryimage"},"image":{"@id":"https:\/\/www.praha14.cz\/zivot-na-praze-14\/bytovy-dum-kardasovska\/#primaryimage"},"thumbnailUrl":"https:\/\/www.praha14.cz\/app\/uploads\/sites\/4\/2019\/08\/vizualizace-2-150x150.jpg","datePublished":"2019-08-22T09:25:23+00:00","dateModified":"2020-09-16T09:58:25+00:00","breadcrumb":{"@id":"https:\/\/www.praha14.cz\/zivot-na-praze-14\/bytovy-dum-kardasovska\/#breadcrumb"},"inLanguage":"cs","potentialAction":[{"@type":"ReadAction","target":["https:\/\/www.praha14.cz\/zivot-na-praze-14\/bytovy-dum-kardasovska\/"]}]},{"@type":"ImageObject","inLanguage":"cs","@id":"https:\/\/www.praha14.cz\/zivot-na-praze-14\/bytovy-dum-kardasovska\/#primaryimage","url":"https:\/\/www.praha14.cz\/app\/uploads\/sites\/4\/2019\/08\/vizualizace-2-150x150.jpg","contentUrl":"https:\/\/www.praha14.cz\/app\/uploads\/sites\/4\/2019\/08\/vizualizace-2-150x150.jpg"},{"@type":"BreadcrumbList","@id":"https:\/\/www.praha14.cz\/zivot-na-praze-14\/bytovy-dum-kardasovska\/#breadcrumb","itemListElement":[{"@type":"ListItem","position":1,"name":"\u017divot na Praze 14","item":"https:\/\/www.praha14.cz\/zivot-na-praze-14\/"},{"@type":"ListItem","position":2,"name":"Bytov\u00fd d\u016fm Karda\u0161ovsk\u00e1"}]},{"@type":"WebSite","@id":"https:\/\/www.praha14.cz\/zivot-na-praze-14\/#website","url":"https:\/\/www.praha14.cz\/zivot-na-praze-14\/","name":"\u017divot na Praze 14","description":"","potentialAction":[{"@type":"SearchAction","target":{"@type":"EntryPoint","urlTemplate":"https:\/\/www.praha14.cz\/zivot-na-praze-14\/?s={search_term_string}"},"query-input":{"@type":"PropertyValueSpecification","valueRequired":true,"valueName":"search_term_string"}}],"inLanguage":"cs"}]}},"_links":{"self":[{"href":"https:\/\/www.praha14.cz\/zivot-na-praze-14\/wp-json\/wp\/v2\/pages\/50355","targetHints":{"allow":["GET"]}}],"collection":[{"href":"https:\/\/www.praha14.cz\/zivot-na-praze-14\/wp-json\/wp\/v2\/pages"}],"about":[{"href":"https:\/\/www.praha14.cz\/zivot-na-praze-14\/wp-json\/wp\/v2\/types\/page"}],"author":[{"embeddable":true,"href":"https:\/\/www.praha14.cz\/zivot-na-praze-14\/wp-json\/wp\/v2\/users\/1057"}],"replies":[{"embeddable":true,"href":"https:\/\/www.praha14.cz\/zivot-na-praze-14\/wp-json\/wp\/v2\/comments?post=50355"}],"version-history":[{"count":4,"href":"https:\/\/www.praha14.cz\/zivot-na-praze-14\/wp-json\/wp\/v2\/pages\/50355\/revisions"}],"predecessor-version":[{"id":56632,"href":"https:\/\/www.praha14.cz\/zivot-na-praze-14\/wp-json\/wp\/v2\/pages\/50355\/revisions\/56632"}],"wp:attachment":[{"href":"https:\/\/www.praha14.cz\/zivot-na-praze-14\/wp-json\/wp\/v2\/media?parent=50355"}],"curies":[{"name":"wp","href":"https:\/\/api.w.org\/{rel}","templated":true}]}}