{"id":50370,"date":"2019-08-22T09:59:05","date_gmt":"2019-08-22T09:59:05","guid":{"rendered":"https:\/\/www.praha14.cz\/zivot-na-praze-14\/?page_id=50370"},"modified":"2019-08-22T10:02:36","modified_gmt":"2019-08-22T10:02:36","slug":"radove-domy-kyje-hute","status":"publish","type":"page","link":"https:\/\/www.praha14.cz\/zivot-na-praze-14\/radove-domy-kyje-hute\/","title":{"rendered":"\u0158adov\u00e9 domy Kyje &#8211; Hut\u011b"},"content":{"rendered":"<p><span style=\"color: #009dde;\"><strong>Um\u00edst\u011bn\u00ed: <\/strong><\/span>kat. \u00fazem\u00ed Hloub\u011bt\u00edn, p\u0159i ulici Za \u010cern\u00fdm Mostem<\/p>\n<p><span style=\"color: #009dde;\"><strong>Investor:\u00a0<\/strong><span style=\"color: #000000;\">Landia Managment, s.r.o., Evropsk\u00e1 810\/136, Praha 6<\/span><\/span><\/p>\n<p><span style=\"color: #009dde;\"><strong>Projektant:\u00a0<\/strong><span style=\"color: #000000;\">Architekti Headhand, s.r.o., U obecn\u00edho dvora 799\/7, Praha 1<\/span><\/span><\/p>\n<p><span style=\"color: #009dde;\"><strong>Bydlen\u00ed:<\/strong><\/span>\u00a04 etapy: etapa I. &#8211; 10 \u0159adov\u00fdch dom\u016f, etapa II.: 4 rodinn\u00e9 domy, 3 \u0159adov\u00e9 domy, etapa III. &#8211; 16 rodinn\u00fdch dom\u016f, etapa IV. &#8211; 7 \u0159adov\u00fdch dom\u016f, 4 rodinn\u00e9, 12 dvoudom\u016f<\/p>\n<p><span style=\"color: #009dde;\"><strong>Kapacita: <\/strong><\/span>celkem 56 rodinn\u00fdch dom\u016f<\/p>\n<p><span style=\"color: #009dde;\"><strong>Parkov\u00e1n\u00ed:<\/strong>\u00a0<\/span>u rodinn\u00fdch dom\u016f<\/p>\n<p><span style=\"color: #333333;\"><strong>Studie 2018<\/strong><\/span><\/p>\n<p>&nbsp;<\/p>\n<div id=\"attachment_50371\" style=\"width: 160px\" class=\"wp-caption alignleft\"><a href=\"https:\/\/www.praha14.cz\/app\/uploads\/sites\/4\/2019\/08\/mapa-Za-\u010cern\u00fdm-Mostem.jpg\" target=\"_blank\" rel=\"noopener noreferrer\" data-rel=\"lightbox-image-0\" data-rl_title=\"\" data-rl_caption=\"\" title=\"\"><img loading=\"lazy\" decoding=\"async\" aria-describedby=\"caption-attachment-50371\" class=\"wp-image-50371 size-thumbnail\" src=\"https:\/\/www.praha14.cz\/app\/uploads\/sites\/4\/2019\/08\/mapa-Za-\u010cern\u00fdm-Mostem-150x150.jpg\" alt=\"\" width=\"150\" height=\"150\" srcset=\"https:\/\/www.praha14.cz\/app\/uploads\/sites\/4\/2019\/08\/mapa-Za-\u010cern\u00fdm-Mostem-150x150.jpg 150w, https:\/\/www.praha14.cz\/app\/uploads\/sites\/4\/2019\/08\/mapa-Za-\u010cern\u00fdm-Mostem-370x370.jpg 370w, https:\/\/www.praha14.cz\/app\/uploads\/sites\/4\/2019\/08\/mapa-Za-\u010cern\u00fdm-Mostem-768x768.jpg 768w, https:\/\/www.praha14.cz\/app\/uploads\/sites\/4\/2019\/08\/mapa-Za-\u010cern\u00fdm-Mostem.jpg 1000w\" sizes=\"(max-width: 150px) 100vw, 150px\" \/><\/a><p id=\"caption-attachment-50371\" class=\"wp-caption-text\">Zdroj: Mapy.cz<\/p><\/div>\n<p><a href=\"https:\/\/www.praha14.cz\/app\/uploads\/sites\/4\/2019\/08\/situace-1-e1566467933975.jpg\" target=\"_blank\" rel=\"noopener noreferrer\" data-rel=\"lightbox-image-1\" data-rl_title=\"\" data-rl_caption=\"\" title=\"\"><img loading=\"lazy\" decoding=\"async\" class=\"alignleft wp-image-50373 size-thumbnail\" src=\"https:\/\/www.praha14.cz\/app\/uploads\/sites\/4\/2019\/08\/situace-1-e1566467933975-150x150.jpg\" alt=\"\" width=\"150\" height=\"150\" \/><\/a><\/p>\n<p><a href=\"https:\/\/www.praha14.cz\/app\/uploads\/sites\/4\/2019\/08\/situace-etap-e1566467899930.jpg\" target=\"_blank\" rel=\"noopener noreferrer\" data-rel=\"lightbox-image-2\" data-rl_title=\"\" data-rl_caption=\"\" title=\"\"><img loading=\"lazy\" decoding=\"async\" class=\"alignleft wp-image-50372 size-thumbnail\" src=\"https:\/\/www.praha14.cz\/app\/uploads\/sites\/4\/2019\/08\/situace-etap-e1566467890694-150x150.jpg\" alt=\"\" width=\"150\" height=\"150\" \/><\/a><\/p>\n","protected":false},"excerpt":{"rendered":"<p>Um\u00edst\u011bn\u00ed: kat. \u00fazem\u00ed Hloub\u011bt\u00edn, p\u0159i ulici Za \u010cern\u00fdm Mostem Investor:\u00a0Landia Managment, s.r.o., Evropsk\u00e1 810\/136, Praha 6 Projektant:\u00a0Architekti Headhand, s.r.o., U obecn\u00edho dvora 799\/7, Praha 1 Bydlen\u00ed:\u00a04 etapy: etapa I. &#8211; 10 \u0159adov\u00fdch dom\u016f, etapa II.: 4 rodinn\u00e9 domy, 3 \u0159adov\u00e9 domy, etapa III. &#8211; 16 rodinn\u00fdch dom\u016f, etapa IV. &#8211; 7 \u0159adov\u00fdch dom\u016f, 4 rodinn\u00e9,&#8230;<\/p>\n","protected":false},"author":1057,"featured_media":0,"parent":0,"menu_order":0,"comment_status":"closed","ping_status":"closed","template":"","meta":{"_acf_changed":false,"footnotes":""},"class_list":["post-50370","page","type-page","status-publish","hentry"],"acf":[],"yoast_head":"<!-- This site is optimized with the Yoast SEO plugin v27.2 - https:\/\/yoast.com\/product\/yoast-seo-wordpress\/ -->\n<title>\u0158adov\u00e9 domy Kyje - Hut\u011b - \u017divot na Praze 14<\/title>\n<meta name=\"robots\" content=\"index, follow, max-snippet:-1, max-image-preview:large, max-video-preview:-1\" \/>\n<link rel=\"canonical\" href=\"https:\/\/www.praha14.cz\/zivot-na-praze-14\/radove-domy-kyje-hute\/\" \/>\n<meta property=\"og:locale\" content=\"cs_CZ\" \/>\n<meta property=\"og:type\" content=\"article\" \/>\n<meta property=\"og:title\" content=\"\u0158adov\u00e9 domy Kyje - Hut\u011b - \u017divot na Praze 14\" \/>\n<meta property=\"og:description\" content=\"Um\u00edst\u011bn\u00ed: kat. \u00fazem\u00ed Hloub\u011bt\u00edn, p\u0159i ulici Za \u010cern\u00fdm Mostem Investor:\u00a0Landia Managment, s.r.o., Evropsk\u00e1 810\/136, Praha 6 Projektant:\u00a0Architekti Headhand, s.r.o., U obecn\u00edho dvora 799\/7, Praha 1 Bydlen\u00ed:\u00a04 etapy: etapa I. &#8211; 10 \u0159adov\u00fdch dom\u016f, etapa II.: 4 rodinn\u00e9 domy, 3 \u0159adov\u00e9 domy, etapa III. &#8211; 16 rodinn\u00fdch dom\u016f, etapa IV. &#8211; 7 \u0159adov\u00fdch dom\u016f, 4 rodinn\u00e9,...\" \/>\n<meta property=\"og:url\" content=\"https:\/\/www.praha14.cz\/zivot-na-praze-14\/radove-domy-kyje-hute\/\" \/>\n<meta property=\"og:site_name\" content=\"\u017divot na Praze 14\" \/>\n<meta property=\"article:modified_time\" content=\"2019-08-22T10:02:36+00:00\" \/>\n<meta property=\"og:image\" content=\"https:\/\/www.praha14.cz\/app\/uploads\/sites\/4\/2019\/08\/situace-1-e1566467933975-150x150.jpg\" \/>\n<meta name=\"twitter:card\" content=\"summary_large_image\" \/>\n<script type=\"application\/ld+json\" class=\"yoast-schema-graph\">{\"@context\":\"https:\/\/schema.org\",\"@graph\":[{\"@type\":\"WebPage\",\"@id\":\"https:\/\/www.praha14.cz\/zivot-na-praze-14\/radove-domy-kyje-hute\/\",\"url\":\"https:\/\/www.praha14.cz\/zivot-na-praze-14\/radove-domy-kyje-hute\/\",\"name\":\"\u0158adov\u00e9 domy Kyje - Hut\u011b - \u017divot na Praze 14\",\"isPartOf\":{\"@id\":\"https:\/\/www.praha14.cz\/zivot-na-praze-14\/#website\"},\"primaryImageOfPage\":{\"@id\":\"https:\/\/www.praha14.cz\/zivot-na-praze-14\/radove-domy-kyje-hute\/#primaryimage\"},\"image\":{\"@id\":\"https:\/\/www.praha14.cz\/zivot-na-praze-14\/radove-domy-kyje-hute\/#primaryimage\"},\"thumbnailUrl\":\"https:\/\/www.praha14.cz\/app\/uploads\/sites\/4\/2019\/08\/situace-1-e1566467933975-150x150.jpg\",\"datePublished\":\"2019-08-22T09:59:05+00:00\",\"dateModified\":\"2019-08-22T10:02:36+00:00\",\"breadcrumb\":{\"@id\":\"https:\/\/www.praha14.cz\/zivot-na-praze-14\/radove-domy-kyje-hute\/#breadcrumb\"},\"inLanguage\":\"cs\",\"potentialAction\":[{\"@type\":\"ReadAction\",\"target\":[\"https:\/\/www.praha14.cz\/zivot-na-praze-14\/radove-domy-kyje-hute\/\"]}]},{\"@type\":\"ImageObject\",\"inLanguage\":\"cs\",\"@id\":\"https:\/\/www.praha14.cz\/zivot-na-praze-14\/radove-domy-kyje-hute\/#primaryimage\",\"url\":\"https:\/\/www.praha14.cz\/app\/uploads\/sites\/4\/2019\/08\/situace-1-e1566467933975-150x150.jpg\",\"contentUrl\":\"https:\/\/www.praha14.cz\/app\/uploads\/sites\/4\/2019\/08\/situace-1-e1566467933975-150x150.jpg\"},{\"@type\":\"BreadcrumbList\",\"@id\":\"https:\/\/www.praha14.cz\/zivot-na-praze-14\/radove-domy-kyje-hute\/#breadcrumb\",\"itemListElement\":[{\"@type\":\"ListItem\",\"position\":1,\"name\":\"\u017divot na Praze 14\",\"item\":\"https:\/\/www.praha14.cz\/zivot-na-praze-14\/\"},{\"@type\":\"ListItem\",\"position\":2,\"name\":\"\u0158adov\u00e9 domy Kyje &#8211; Hut\u011b\"}]},{\"@type\":\"WebSite\",\"@id\":\"https:\/\/www.praha14.cz\/zivot-na-praze-14\/#website\",\"url\":\"https:\/\/www.praha14.cz\/zivot-na-praze-14\/\",\"name\":\"\u017divot na Praze 14\",\"description\":\"\",\"potentialAction\":[{\"@type\":\"SearchAction\",\"target\":{\"@type\":\"EntryPoint\",\"urlTemplate\":\"https:\/\/www.praha14.cz\/zivot-na-praze-14\/?s={search_term_string}\"},\"query-input\":{\"@type\":\"PropertyValueSpecification\",\"valueRequired\":true,\"valueName\":\"search_term_string\"}}],\"inLanguage\":\"cs\"}]}<\/script>\n<!-- \/ Yoast SEO plugin. -->","yoast_head_json":{"title":"\u0158adov\u00e9 domy Kyje - Hut\u011b - \u017divot na Praze 14","robots":{"index":"index","follow":"follow","max-snippet":"max-snippet:-1","max-image-preview":"max-image-preview:large","max-video-preview":"max-video-preview:-1"},"canonical":"https:\/\/www.praha14.cz\/zivot-na-praze-14\/radove-domy-kyje-hute\/","og_locale":"cs_CZ","og_type":"article","og_title":"\u0158adov\u00e9 domy Kyje - Hut\u011b - \u017divot na Praze 14","og_description":"Um\u00edst\u011bn\u00ed: kat. \u00fazem\u00ed Hloub\u011bt\u00edn, p\u0159i ulici Za \u010cern\u00fdm Mostem Investor:\u00a0Landia Managment, s.r.o., Evropsk\u00e1 810\/136, Praha 6 Projektant:\u00a0Architekti Headhand, s.r.o., U obecn\u00edho dvora 799\/7, Praha 1 Bydlen\u00ed:\u00a04 etapy: etapa I. &#8211; 10 \u0159adov\u00fdch dom\u016f, etapa II.: 4 rodinn\u00e9 domy, 3 \u0159adov\u00e9 domy, etapa III. &#8211; 16 rodinn\u00fdch dom\u016f, etapa IV. &#8211; 7 \u0159adov\u00fdch dom\u016f, 4 rodinn\u00e9,...","og_url":"https:\/\/www.praha14.cz\/zivot-na-praze-14\/radove-domy-kyje-hute\/","og_site_name":"\u017divot na Praze 14","article_modified_time":"2019-08-22T10:02:36+00:00","og_image":[{"url":"https:\/\/www.praha14.cz\/app\/uploads\/sites\/4\/2019\/08\/situace-1-e1566467933975-150x150.jpg","type":"","width":"","height":""}],"twitter_card":"summary_large_image","schema":{"@context":"https:\/\/schema.org","@graph":[{"@type":"WebPage","@id":"https:\/\/www.praha14.cz\/zivot-na-praze-14\/radove-domy-kyje-hute\/","url":"https:\/\/www.praha14.cz\/zivot-na-praze-14\/radove-domy-kyje-hute\/","name":"\u0158adov\u00e9 domy Kyje - Hut\u011b - \u017divot na Praze 14","isPartOf":{"@id":"https:\/\/www.praha14.cz\/zivot-na-praze-14\/#website"},"primaryImageOfPage":{"@id":"https:\/\/www.praha14.cz\/zivot-na-praze-14\/radove-domy-kyje-hute\/#primaryimage"},"image":{"@id":"https:\/\/www.praha14.cz\/zivot-na-praze-14\/radove-domy-kyje-hute\/#primaryimage"},"thumbnailUrl":"https:\/\/www.praha14.cz\/app\/uploads\/sites\/4\/2019\/08\/situace-1-e1566467933975-150x150.jpg","datePublished":"2019-08-22T09:59:05+00:00","dateModified":"2019-08-22T10:02:36+00:00","breadcrumb":{"@id":"https:\/\/www.praha14.cz\/zivot-na-praze-14\/radove-domy-kyje-hute\/#breadcrumb"},"inLanguage":"cs","potentialAction":[{"@type":"ReadAction","target":["https:\/\/www.praha14.cz\/zivot-na-praze-14\/radove-domy-kyje-hute\/"]}]},{"@type":"ImageObject","inLanguage":"cs","@id":"https:\/\/www.praha14.cz\/zivot-na-praze-14\/radove-domy-kyje-hute\/#primaryimage","url":"https:\/\/www.praha14.cz\/app\/uploads\/sites\/4\/2019\/08\/situace-1-e1566467933975-150x150.jpg","contentUrl":"https:\/\/www.praha14.cz\/app\/uploads\/sites\/4\/2019\/08\/situace-1-e1566467933975-150x150.jpg"},{"@type":"BreadcrumbList","@id":"https:\/\/www.praha14.cz\/zivot-na-praze-14\/radove-domy-kyje-hute\/#breadcrumb","itemListElement":[{"@type":"ListItem","position":1,"name":"\u017divot na Praze 14","item":"https:\/\/www.praha14.cz\/zivot-na-praze-14\/"},{"@type":"ListItem","position":2,"name":"\u0158adov\u00e9 domy Kyje &#8211; Hut\u011b"}]},{"@type":"WebSite","@id":"https:\/\/www.praha14.cz\/zivot-na-praze-14\/#website","url":"https:\/\/www.praha14.cz\/zivot-na-praze-14\/","name":"\u017divot na Praze 14","description":"","potentialAction":[{"@type":"SearchAction","target":{"@type":"EntryPoint","urlTemplate":"https:\/\/www.praha14.cz\/zivot-na-praze-14\/?s={search_term_string}"},"query-input":{"@type":"PropertyValueSpecification","valueRequired":true,"valueName":"search_term_string"}}],"inLanguage":"cs"}]}},"_links":{"self":[{"href":"https:\/\/www.praha14.cz\/zivot-na-praze-14\/wp-json\/wp\/v2\/pages\/50370","targetHints":{"allow":["GET"]}}],"collection":[{"href":"https:\/\/www.praha14.cz\/zivot-na-praze-14\/wp-json\/wp\/v2\/pages"}],"about":[{"href":"https:\/\/www.praha14.cz\/zivot-na-praze-14\/wp-json\/wp\/v2\/types\/page"}],"author":[{"embeddable":true,"href":"https:\/\/www.praha14.cz\/zivot-na-praze-14\/wp-json\/wp\/v2\/users\/1057"}],"replies":[{"embeddable":true,"href":"https:\/\/www.praha14.cz\/zivot-na-praze-14\/wp-json\/wp\/v2\/comments?post=50370"}],"version-history":[{"count":2,"href":"https:\/\/www.praha14.cz\/zivot-na-praze-14\/wp-json\/wp\/v2\/pages\/50370\/revisions"}],"predecessor-version":[{"id":50376,"href":"https:\/\/www.praha14.cz\/zivot-na-praze-14\/wp-json\/wp\/v2\/pages\/50370\/revisions\/50376"}],"wp:attachment":[{"href":"https:\/\/www.praha14.cz\/zivot-na-praze-14\/wp-json\/wp\/v2\/media?parent=50370"}],"curies":[{"name":"wp","href":"https:\/\/api.w.org\/{rel}","templated":true}]}}