{"id":50386,"date":"2019-08-22T10:33:08","date_gmt":"2019-08-22T10:33:08","guid":{"rendered":"https:\/\/www.praha14.cz\/zivot-na-praze-14\/?page_id=50386"},"modified":"2020-09-16T12:05:57","modified_gmt":"2020-09-16T12:05:57","slug":"bytovy-dum-cerny-most-ulice-dygrynova","status":"publish","type":"page","link":"https:\/\/www.praha14.cz\/zivot-na-praze-14\/bytovy-dum-cerny-most-ulice-dygrynova\/","title":{"rendered":"Bytov\u00fd d\u016fm \u010cern\u00fd Most &#8211; ulice Dygr\u00fdnova"},"content":{"rendered":"<p><span style=\"color: #009dde;\"><strong>Um\u00edst\u011bn\u00ed: <\/strong><\/span>kat. \u00fazem\u00ed \u010cern\u00fd Most<\/p>\n<p><span style=\"color: #009dde;\"><strong>Investor:\u00a0<\/strong><span style=\"color: #000000;\">Pentaura s.r.o., Na Po\u0159\u00ed\u010d\u00ed 2090\/2,\u00a0Praha 1<\/span><\/span><\/p>\n<p><span style=\"color: #009dde;\"><strong>Projektant:\u00a0<\/strong><span style=\"color: #000000;\">Chmela\u0159 architekti, Pernerova 293\/11, Praha 8<\/span><\/span><\/p>\n<p><span style=\"color: #009dde;\"><strong>Objekt: <\/strong><\/span>6 nadzemn\u00edch a jedno podzemn\u00ed podla\u017e\u00ed<\/p>\n<p><span style=\"color: #009dde;\"><strong>Bydlen\u00ed:<\/strong><\/span>\u00a01. &#8211; 6. NP, 27 bytov\u00fdch jednotek<\/p>\n<p><span style=\"color: #009dde;\"><strong>Parkov\u00e1n\u00ed:<\/strong>\u00a0<\/span>31, z toho 4 na povrchu,\u00a0parkovac\u00edch m\u00edst v 1. PP<\/p>\n<p><span style=\"color: #009dde;\"><strong>Zastav\u011bn\u00e1 plocha:\u00a0<\/strong><\/span>776 m<sup>2<\/sup><\/p>\n<p><span style=\"color: #333333;\"><strong>Vyd\u00e1no \u00fazemn\u00ed rozhodnut\u00ed\u00a02019<br \/>\nVyd\u00e1no stavebn\u00ed povolen\u00ed 2020<br \/>\n<\/strong><\/span><\/p>\n<p>&nbsp;<\/p>\n<div id=\"attachment_50389\" style=\"width: 160px\" class=\"wp-caption alignleft\"><a href=\"https:\/\/www.praha14.cz\/app\/uploads\/sites\/4\/2019\/08\/mapa-Dygr\u00fdnova.jpg\" target=\"_blank\" rel=\"noopener noreferrer\" data-rel=\"lightbox-image-0\" data-rl_title=\"\" data-rl_caption=\"\" title=\"\"><img loading=\"lazy\" decoding=\"async\" aria-describedby=\"caption-attachment-50389\" class=\"wp-image-50389 size-thumbnail\" src=\"https:\/\/www.praha14.cz\/app\/uploads\/sites\/4\/2019\/08\/mapa-Dygr\u00fdnova-150x150.jpg\" alt=\"\" width=\"150\" height=\"150\" srcset=\"https:\/\/www.praha14.cz\/app\/uploads\/sites\/4\/2019\/08\/mapa-Dygr\u00fdnova-150x150.jpg 150w, https:\/\/www.praha14.cz\/app\/uploads\/sites\/4\/2019\/08\/mapa-Dygr\u00fdnova-370x370.jpg 370w, https:\/\/www.praha14.cz\/app\/uploads\/sites\/4\/2019\/08\/mapa-Dygr\u00fdnova-768x768.jpg 768w, https:\/\/www.praha14.cz\/app\/uploads\/sites\/4\/2019\/08\/mapa-Dygr\u00fdnova.jpg 1000w\" sizes=\"(max-width: 150px) 100vw, 150px\" \/><\/a><p id=\"caption-attachment-50389\" class=\"wp-caption-text\">Zdroj obr\u00e1zku: Mapy.cz<\/p><\/div>\n<p><a href=\"https:\/\/www.praha14.cz\/app\/uploads\/sites\/4\/2019\/08\/situace-3-e1566469978469.jpg\" target=\"_blank\" rel=\"noopener noreferrer\" data-rel=\"lightbox-image-1\" data-rl_title=\"\" data-rl_caption=\"\" title=\"\"><img loading=\"lazy\" decoding=\"async\" class=\"alignleft wp-image-50395 size-thumbnail\" src=\"https:\/\/www.praha14.cz\/app\/uploads\/sites\/4\/2019\/08\/situace-3-e1566469978469-150x150.jpg\" alt=\"\" width=\"150\" height=\"150\" \/><\/a><\/p>\n<p><a href=\"https:\/\/www.praha14.cz\/app\/uploads\/sites\/4\/2019\/08\/vizualizace-1-1-e1566469947136.jpg\" target=\"_blank\" rel=\"noopener noreferrer\" data-rel=\"lightbox-image-2\" data-rl_title=\"\" data-rl_caption=\"\" title=\"\"><img loading=\"lazy\" decoding=\"async\" class=\"alignleft wp-image-50394 size-thumbnail\" src=\"https:\/\/www.praha14.cz\/app\/uploads\/sites\/4\/2019\/08\/vizualizace-1-1-e1566469947136-150x150.jpg\" alt=\"\" width=\"150\" height=\"150\" \/><\/a><\/p>\n<p><a href=\"https:\/\/www.praha14.cz\/app\/uploads\/sites\/4\/2019\/08\/vizualizace-2-2-e1566469913244.jpg\" target=\"_blank\" rel=\"noopener noreferrer\" data-rel=\"lightbox-image-3\" data-rl_title=\"\" data-rl_caption=\"\" title=\"\"><img loading=\"lazy\" decoding=\"async\" class=\"alignleft wp-image-50393 size-thumbnail\" src=\"https:\/\/www.praha14.cz\/app\/uploads\/sites\/4\/2019\/08\/vizualizace-2-2-e1566469913244-150x150.jpg\" alt=\"\" width=\"150\" height=\"150\" \/><\/a><\/p>\n<p><a href=\"https:\/\/www.praha14.cz\/app\/uploads\/sites\/4\/2019\/08\/vizualizace-3-1-e1566469880145.jpg\" target=\"_blank\" rel=\"noopener noreferrer\" data-rel=\"lightbox-image-4\" data-rl_title=\"\" data-rl_caption=\"\" title=\"\"><img loading=\"lazy\" decoding=\"async\" class=\"alignleft wp-image-50392 size-thumbnail\" src=\"https:\/\/www.praha14.cz\/app\/uploads\/sites\/4\/2019\/08\/vizualizace-3-1-e1566469880145-150x150.jpg\" alt=\"\" width=\"150\" height=\"150\" \/><\/a><\/p>\n<p><a href=\"https:\/\/www.praha14.cz\/app\/uploads\/sites\/4\/2019\/08\/vizualizace-4-e1566469837125.jpg\" target=\"_blank\" rel=\"noopener noreferrer\" data-rel=\"lightbox-image-5\" data-rl_title=\"\" data-rl_caption=\"\" title=\"\"><img loading=\"lazy\" decoding=\"async\" class=\"alignleft wp-image-50390 size-thumbnail\" src=\"https:\/\/www.praha14.cz\/app\/uploads\/sites\/4\/2019\/08\/vizualizace-4-e1566469837125-150x150.jpg\" alt=\"\" width=\"150\" height=\"150\" \/><\/a><\/p>\n","protected":false},"excerpt":{"rendered":"<p>Um\u00edst\u011bn\u00ed: kat. \u00fazem\u00ed \u010cern\u00fd Most Investor:\u00a0Pentaura s.r.o., Na Po\u0159\u00ed\u010d\u00ed 2090\/2,\u00a0Praha 1 Projektant:\u00a0Chmela\u0159 architekti, Pernerova 293\/11, Praha 8 Objekt: 6 nadzemn\u00edch a jedno podzemn\u00ed podla\u017e\u00ed Bydlen\u00ed:\u00a01. &#8211; 6. NP, 27 bytov\u00fdch jednotek Parkov\u00e1n\u00ed:\u00a031, z toho 4 na povrchu,\u00a0parkovac\u00edch m\u00edst v 1. PP Zastav\u011bn\u00e1 plocha:\u00a0776 m2 Vyd\u00e1no \u00fazemn\u00ed rozhodnut\u00ed\u00a02019 Vyd\u00e1no stavebn\u00ed povolen\u00ed 2020 &nbsp;<\/p>\n","protected":false},"author":1057,"featured_media":0,"parent":0,"menu_order":0,"comment_status":"closed","ping_status":"closed","template":"","meta":{"_acf_changed":false,"footnotes":""},"class_list":["post-50386","page","type-page","status-publish","hentry"],"acf":[],"yoast_head":"<!-- This site is optimized with the Yoast SEO plugin v27.2 - https:\/\/yoast.com\/product\/yoast-seo-wordpress\/ -->\n<title>Bytov\u00fd d\u016fm \u010cern\u00fd Most - ulice Dygr\u00fdnova - \u017divot na Praze 14<\/title>\n<meta name=\"robots\" content=\"index, follow, max-snippet:-1, max-image-preview:large, max-video-preview:-1\" \/>\n<link rel=\"canonical\" href=\"https:\/\/www.praha14.cz\/zivot-na-praze-14\/bytovy-dum-cerny-most-ulice-dygrynova\/\" \/>\n<meta property=\"og:locale\" content=\"cs_CZ\" \/>\n<meta property=\"og:type\" content=\"article\" \/>\n<meta property=\"og:title\" content=\"Bytov\u00fd d\u016fm \u010cern\u00fd Most - ulice Dygr\u00fdnova - \u017divot na Praze 14\" \/>\n<meta property=\"og:description\" content=\"Um\u00edst\u011bn\u00ed: kat. \u00fazem\u00ed \u010cern\u00fd Most Investor:\u00a0Pentaura s.r.o., Na Po\u0159\u00ed\u010d\u00ed 2090\/2,\u00a0Praha 1 Projektant:\u00a0Chmela\u0159 architekti, Pernerova 293\/11, Praha 8 Objekt: 6 nadzemn\u00edch a jedno podzemn\u00ed podla\u017e\u00ed Bydlen\u00ed:\u00a01. &#8211; 6. NP, 27 bytov\u00fdch jednotek Parkov\u00e1n\u00ed:\u00a031, z toho 4 na povrchu,\u00a0parkovac\u00edch m\u00edst v 1. PP Zastav\u011bn\u00e1 plocha:\u00a0776 m2 Vyd\u00e1no \u00fazemn\u00ed rozhodnut\u00ed\u00a02019 Vyd\u00e1no stavebn\u00ed povolen\u00ed 2020 &nbsp;\" \/>\n<meta property=\"og:url\" content=\"https:\/\/www.praha14.cz\/zivot-na-praze-14\/bytovy-dum-cerny-most-ulice-dygrynova\/\" \/>\n<meta property=\"og:site_name\" content=\"\u017divot na Praze 14\" \/>\n<meta property=\"article:modified_time\" content=\"2020-09-16T12:05:57+00:00\" \/>\n<meta property=\"og:image\" content=\"https:\/\/www.praha14.cz\/app\/uploads\/sites\/4\/2019\/08\/situace-3-e1566469978469-150x150.jpg\" \/>\n<meta name=\"twitter:card\" content=\"summary_large_image\" \/>\n<script type=\"application\/ld+json\" class=\"yoast-schema-graph\">{\"@context\":\"https:\/\/schema.org\",\"@graph\":[{\"@type\":\"WebPage\",\"@id\":\"https:\/\/www.praha14.cz\/zivot-na-praze-14\/bytovy-dum-cerny-most-ulice-dygrynova\/\",\"url\":\"https:\/\/www.praha14.cz\/zivot-na-praze-14\/bytovy-dum-cerny-most-ulice-dygrynova\/\",\"name\":\"Bytov\u00fd d\u016fm \u010cern\u00fd Most - ulice Dygr\u00fdnova - \u017divot na Praze 14\",\"isPartOf\":{\"@id\":\"https:\/\/www.praha14.cz\/zivot-na-praze-14\/#website\"},\"primaryImageOfPage\":{\"@id\":\"https:\/\/www.praha14.cz\/zivot-na-praze-14\/bytovy-dum-cerny-most-ulice-dygrynova\/#primaryimage\"},\"image\":{\"@id\":\"https:\/\/www.praha14.cz\/zivot-na-praze-14\/bytovy-dum-cerny-most-ulice-dygrynova\/#primaryimage\"},\"thumbnailUrl\":\"https:\/\/www.praha14.cz\/app\/uploads\/sites\/4\/2019\/08\/situace-3-e1566469978469-150x150.jpg\",\"datePublished\":\"2019-08-22T10:33:08+00:00\",\"dateModified\":\"2020-09-16T12:05:57+00:00\",\"breadcrumb\":{\"@id\":\"https:\/\/www.praha14.cz\/zivot-na-praze-14\/bytovy-dum-cerny-most-ulice-dygrynova\/#breadcrumb\"},\"inLanguage\":\"cs\",\"potentialAction\":[{\"@type\":\"ReadAction\",\"target\":[\"https:\/\/www.praha14.cz\/zivot-na-praze-14\/bytovy-dum-cerny-most-ulice-dygrynova\/\"]}]},{\"@type\":\"ImageObject\",\"inLanguage\":\"cs\",\"@id\":\"https:\/\/www.praha14.cz\/zivot-na-praze-14\/bytovy-dum-cerny-most-ulice-dygrynova\/#primaryimage\",\"url\":\"https:\/\/www.praha14.cz\/app\/uploads\/sites\/4\/2019\/08\/situace-3-e1566469978469-150x150.jpg\",\"contentUrl\":\"https:\/\/www.praha14.cz\/app\/uploads\/sites\/4\/2019\/08\/situace-3-e1566469978469-150x150.jpg\"},{\"@type\":\"BreadcrumbList\",\"@id\":\"https:\/\/www.praha14.cz\/zivot-na-praze-14\/bytovy-dum-cerny-most-ulice-dygrynova\/#breadcrumb\",\"itemListElement\":[{\"@type\":\"ListItem\",\"position\":1,\"name\":\"\u017divot na Praze 14\",\"item\":\"https:\/\/www.praha14.cz\/zivot-na-praze-14\/\"},{\"@type\":\"ListItem\",\"position\":2,\"name\":\"Bytov\u00fd d\u016fm \u010cern\u00fd Most &#8211; ulice Dygr\u00fdnova\"}]},{\"@type\":\"WebSite\",\"@id\":\"https:\/\/www.praha14.cz\/zivot-na-praze-14\/#website\",\"url\":\"https:\/\/www.praha14.cz\/zivot-na-praze-14\/\",\"name\":\"\u017divot na Praze 14\",\"description\":\"\",\"potentialAction\":[{\"@type\":\"SearchAction\",\"target\":{\"@type\":\"EntryPoint\",\"urlTemplate\":\"https:\/\/www.praha14.cz\/zivot-na-praze-14\/?s={search_term_string}\"},\"query-input\":{\"@type\":\"PropertyValueSpecification\",\"valueRequired\":true,\"valueName\":\"search_term_string\"}}],\"inLanguage\":\"cs\"}]}<\/script>\n<!-- \/ Yoast SEO plugin. -->","yoast_head_json":{"title":"Bytov\u00fd d\u016fm \u010cern\u00fd Most - ulice Dygr\u00fdnova - \u017divot na Praze 14","robots":{"index":"index","follow":"follow","max-snippet":"max-snippet:-1","max-image-preview":"max-image-preview:large","max-video-preview":"max-video-preview:-1"},"canonical":"https:\/\/www.praha14.cz\/zivot-na-praze-14\/bytovy-dum-cerny-most-ulice-dygrynova\/","og_locale":"cs_CZ","og_type":"article","og_title":"Bytov\u00fd d\u016fm \u010cern\u00fd Most - ulice Dygr\u00fdnova - \u017divot na Praze 14","og_description":"Um\u00edst\u011bn\u00ed: kat. \u00fazem\u00ed \u010cern\u00fd Most Investor:\u00a0Pentaura s.r.o., Na Po\u0159\u00ed\u010d\u00ed 2090\/2,\u00a0Praha 1 Projektant:\u00a0Chmela\u0159 architekti, Pernerova 293\/11, Praha 8 Objekt: 6 nadzemn\u00edch a jedno podzemn\u00ed podla\u017e\u00ed Bydlen\u00ed:\u00a01. &#8211; 6. NP, 27 bytov\u00fdch jednotek Parkov\u00e1n\u00ed:\u00a031, z toho 4 na povrchu,\u00a0parkovac\u00edch m\u00edst v 1. PP Zastav\u011bn\u00e1 plocha:\u00a0776 m2 Vyd\u00e1no \u00fazemn\u00ed rozhodnut\u00ed\u00a02019 Vyd\u00e1no stavebn\u00ed povolen\u00ed 2020 &nbsp;","og_url":"https:\/\/www.praha14.cz\/zivot-na-praze-14\/bytovy-dum-cerny-most-ulice-dygrynova\/","og_site_name":"\u017divot na Praze 14","article_modified_time":"2020-09-16T12:05:57+00:00","og_image":[{"url":"https:\/\/www.praha14.cz\/app\/uploads\/sites\/4\/2019\/08\/situace-3-e1566469978469-150x150.jpg","type":"","width":"","height":""}],"twitter_card":"summary_large_image","schema":{"@context":"https:\/\/schema.org","@graph":[{"@type":"WebPage","@id":"https:\/\/www.praha14.cz\/zivot-na-praze-14\/bytovy-dum-cerny-most-ulice-dygrynova\/","url":"https:\/\/www.praha14.cz\/zivot-na-praze-14\/bytovy-dum-cerny-most-ulice-dygrynova\/","name":"Bytov\u00fd d\u016fm \u010cern\u00fd Most - ulice Dygr\u00fdnova - \u017divot na Praze 14","isPartOf":{"@id":"https:\/\/www.praha14.cz\/zivot-na-praze-14\/#website"},"primaryImageOfPage":{"@id":"https:\/\/www.praha14.cz\/zivot-na-praze-14\/bytovy-dum-cerny-most-ulice-dygrynova\/#primaryimage"},"image":{"@id":"https:\/\/www.praha14.cz\/zivot-na-praze-14\/bytovy-dum-cerny-most-ulice-dygrynova\/#primaryimage"},"thumbnailUrl":"https:\/\/www.praha14.cz\/app\/uploads\/sites\/4\/2019\/08\/situace-3-e1566469978469-150x150.jpg","datePublished":"2019-08-22T10:33:08+00:00","dateModified":"2020-09-16T12:05:57+00:00","breadcrumb":{"@id":"https:\/\/www.praha14.cz\/zivot-na-praze-14\/bytovy-dum-cerny-most-ulice-dygrynova\/#breadcrumb"},"inLanguage":"cs","potentialAction":[{"@type":"ReadAction","target":["https:\/\/www.praha14.cz\/zivot-na-praze-14\/bytovy-dum-cerny-most-ulice-dygrynova\/"]}]},{"@type":"ImageObject","inLanguage":"cs","@id":"https:\/\/www.praha14.cz\/zivot-na-praze-14\/bytovy-dum-cerny-most-ulice-dygrynova\/#primaryimage","url":"https:\/\/www.praha14.cz\/app\/uploads\/sites\/4\/2019\/08\/situace-3-e1566469978469-150x150.jpg","contentUrl":"https:\/\/www.praha14.cz\/app\/uploads\/sites\/4\/2019\/08\/situace-3-e1566469978469-150x150.jpg"},{"@type":"BreadcrumbList","@id":"https:\/\/www.praha14.cz\/zivot-na-praze-14\/bytovy-dum-cerny-most-ulice-dygrynova\/#breadcrumb","itemListElement":[{"@type":"ListItem","position":1,"name":"\u017divot na Praze 14","item":"https:\/\/www.praha14.cz\/zivot-na-praze-14\/"},{"@type":"ListItem","position":2,"name":"Bytov\u00fd d\u016fm \u010cern\u00fd Most &#8211; ulice Dygr\u00fdnova"}]},{"@type":"WebSite","@id":"https:\/\/www.praha14.cz\/zivot-na-praze-14\/#website","url":"https:\/\/www.praha14.cz\/zivot-na-praze-14\/","name":"\u017divot na Praze 14","description":"","potentialAction":[{"@type":"SearchAction","target":{"@type":"EntryPoint","urlTemplate":"https:\/\/www.praha14.cz\/zivot-na-praze-14\/?s={search_term_string}"},"query-input":{"@type":"PropertyValueSpecification","valueRequired":true,"valueName":"search_term_string"}}],"inLanguage":"cs"}]}},"_links":{"self":[{"href":"https:\/\/www.praha14.cz\/zivot-na-praze-14\/wp-json\/wp\/v2\/pages\/50386","targetHints":{"allow":["GET"]}}],"collection":[{"href":"https:\/\/www.praha14.cz\/zivot-na-praze-14\/wp-json\/wp\/v2\/pages"}],"about":[{"href":"https:\/\/www.praha14.cz\/zivot-na-praze-14\/wp-json\/wp\/v2\/types\/page"}],"author":[{"embeddable":true,"href":"https:\/\/www.praha14.cz\/zivot-na-praze-14\/wp-json\/wp\/v2\/users\/1057"}],"replies":[{"embeddable":true,"href":"https:\/\/www.praha14.cz\/zivot-na-praze-14\/wp-json\/wp\/v2\/comments?post=50386"}],"version-history":[{"count":4,"href":"https:\/\/www.praha14.cz\/zivot-na-praze-14\/wp-json\/wp\/v2\/pages\/50386\/revisions"}],"predecessor-version":[{"id":56651,"href":"https:\/\/www.praha14.cz\/zivot-na-praze-14\/wp-json\/wp\/v2\/pages\/50386\/revisions\/56651"}],"wp:attachment":[{"href":"https:\/\/www.praha14.cz\/zivot-na-praze-14\/wp-json\/wp\/v2\/media?parent=50386"}],"curies":[{"name":"wp","href":"https:\/\/api.w.org\/{rel}","templated":true}]}}