{"id":52632,"date":"2020-01-22T15:37:24","date_gmt":"2020-01-22T15:37:24","guid":{"rendered":"https:\/\/www.praha14.cz\/zivot-na-praze-14\/?page_id=52632"},"modified":"2020-09-16T09:57:02","modified_gmt":"2020-09-16T09:57:02","slug":"sportovni-hala-hloubetin","status":"publish","type":"page","link":"https:\/\/www.praha14.cz\/zivot-na-praze-14\/sportovni-hala-hloubetin\/","title":{"rendered":"Sportovn\u00ed hala Hloub\u011bt\u00edn"},"content":{"rendered":"<p><span style=\"color: #009dde;\"><strong>Um\u00edst\u011bn\u00ed: <\/strong><\/span>kat. \u00fazem\u00ed Hloub\u011bt\u00edn, p\u0159i ulici Hloub\u011bt\u00ednsk\u00e1, vyd\u00e1no \u00fazemn\u00ed rozhodnut\u00ed v 07\/2017, stavebn\u00ed povolen\u00ed 12\/2017<\/p>\n<p><strong><span style=\"color: #009dde;\">Investor:<\/span> <\/strong>BLK Slavia Praha, Jeseniova 1151\/55, Praha 3<\/p>\n<p><strong><span style=\"color: #009dde;\">Projektant:<\/span> <\/strong>ABM architekti s.r.o., Masarykovo n\u00e1b\u0159e\u017e\u00ed 239, Praha 1<\/p>\n<p><span style=\"color: #009dde;\"><strong>Objekty: <\/strong><\/span><em>hala &#8211; <\/em>obd\u00e9ln\u00edkov\u00e9ho p\u016fdorysu o rozm\u011brech 60,3 m x 41 m, v\u00fd\u0161ky max. 10,5 m, \u00a0jednopodla\u017en\u00ed, jednolodn\u00ed, nepodsklepen\u00e1 se sedlovou st\u0159echou<br \/>\n<em>z\u00e1zem\u00ed haly <\/em>&#8211; dvoupodla\u017en\u00ed, o rozm\u011brech 12,9 m x 32,8 m, v\u00fd\u0161ky 8,0 m<\/p>\n<p><span style=\"color: #009dde;\"><strong>Sport:<\/strong><\/span> hala pro m\u00ed\u010dov\u00e9 hry<\/p>\n<p><span style=\"color: #009dde;\"><strong>Parkov\u00e1n\u00ed:<\/strong><\/span> 59 parkovac\u00edch st\u00e1n\u00ed v ter\u00e9nu<\/p>\n<p><span style=\"color: #009dde;\"><strong>Zastav\u011bn\u00e1 plocha:<\/strong><\/span> 3 031 m<sup>2<\/sup><\/p>\n<p><strong>Stavebn\u00ed povolen\u00ed 2017, prob\u00edh\u00e1 realizace<\/strong><\/p>\n<p><span style=\"color: #009dde;\"><strong>Dokumenty ke sta\u017een\u00ed:<\/strong><\/span><\/p>\n<ul>\n<li><a href=\"https:\/\/www.praha14.cz\/app\/uploads\/sites\/4\/2020\/01\/koordina\u010dn\u00ed-situace.pdf\" target=\"_blank\" rel=\"noopener noreferrer\">Koordina\u010dn\u00ed situace<\/a><\/li>\n<li><a href=\"https:\/\/www.praha14.cz\/app\/uploads\/sites\/4\/2020\/01\/p\u016fdorys-haly.pdf\" target=\"_blank\" rel=\"noopener noreferrer\">P\u016fdorys haly<\/a><\/li>\n<li><a href=\"https:\/\/www.praha14.cz\/app\/uploads\/sites\/4\/2020\/01\/p\u016fdorys-z\u00e1zem\u00ed.pdf\" target=\"_blank\" rel=\"noopener noreferrer\">P\u016fdorys z\u00e1zem\u00ed<\/a><\/li>\n<li><a href=\"https:\/\/www.praha14.cz\/app\/uploads\/sites\/4\/2020\/01\/\u0159ez.pdf\" target=\"_blank\" rel=\"noopener noreferrer\">\u0158ez<\/a><\/li>\n<\/ul>\n","protected":false},"excerpt":{"rendered":"<p>Um\u00edst\u011bn\u00ed: kat. \u00fazem\u00ed Hloub\u011bt\u00edn, p\u0159i ulici Hloub\u011bt\u00ednsk\u00e1, vyd\u00e1no \u00fazemn\u00ed rozhodnut\u00ed v 07\/2017, stavebn\u00ed povolen\u00ed 12\/2017 Investor: BLK Slavia Praha, Jeseniova 1151\/55, Praha 3 Projektant: ABM architekti s.r.o., Masarykovo n\u00e1b\u0159e\u017e\u00ed 239, Praha 1 Objekty: hala &#8211; obd\u00e9ln\u00edkov\u00e9ho p\u016fdorysu o rozm\u011brech 60,3 m x 41 m, v\u00fd\u0161ky max. 10,5 m, \u00a0jednopodla\u017en\u00ed, jednolodn\u00ed, nepodsklepen\u00e1 se sedlovou st\u0159echou z\u00e1zem\u00ed&#8230;<\/p>\n","protected":false},"author":6,"featured_media":0,"parent":0,"menu_order":0,"comment_status":"closed","ping_status":"closed","template":"","meta":{"_acf_changed":false,"footnotes":""},"class_list":["post-52632","page","type-page","status-publish","hentry"],"acf":[],"yoast_head":"<!-- This site is optimized with the Yoast SEO plugin v27.2 - https:\/\/yoast.com\/product\/yoast-seo-wordpress\/ -->\n<title>Sportovn\u00ed hala Hloub\u011bt\u00edn - \u017divot na Praze 14<\/title>\n<meta name=\"robots\" content=\"index, follow, max-snippet:-1, max-image-preview:large, max-video-preview:-1\" \/>\n<link rel=\"canonical\" href=\"https:\/\/www.praha14.cz\/zivot-na-praze-14\/sportovni-hala-hloubetin\/\" \/>\n<meta property=\"og:locale\" content=\"cs_CZ\" \/>\n<meta property=\"og:type\" content=\"article\" \/>\n<meta property=\"og:title\" content=\"Sportovn\u00ed hala Hloub\u011bt\u00edn - \u017divot na Praze 14\" \/>\n<meta property=\"og:description\" content=\"Um\u00edst\u011bn\u00ed: kat. \u00fazem\u00ed Hloub\u011bt\u00edn, p\u0159i ulici Hloub\u011bt\u00ednsk\u00e1, vyd\u00e1no \u00fazemn\u00ed rozhodnut\u00ed v 07\/2017, stavebn\u00ed povolen\u00ed 12\/2017 Investor: BLK Slavia Praha, Jeseniova 1151\/55, Praha 3 Projektant: ABM architekti s.r.o., Masarykovo n\u00e1b\u0159e\u017e\u00ed 239, Praha 1 Objekty: hala &#8211; obd\u00e9ln\u00edkov\u00e9ho p\u016fdorysu o rozm\u011brech 60,3 m x 41 m, v\u00fd\u0161ky max. 10,5 m, \u00a0jednopodla\u017en\u00ed, jednolodn\u00ed, nepodsklepen\u00e1 se sedlovou st\u0159echou z\u00e1zem\u00ed...\" \/>\n<meta property=\"og:url\" content=\"https:\/\/www.praha14.cz\/zivot-na-praze-14\/sportovni-hala-hloubetin\/\" \/>\n<meta property=\"og:site_name\" content=\"\u017divot na Praze 14\" \/>\n<meta property=\"article:modified_time\" content=\"2020-09-16T09:57:02+00:00\" \/>\n<meta name=\"twitter:card\" content=\"summary_large_image\" \/>\n<meta name=\"twitter:label1\" content=\"Est. reading time\" \/>\n\t<meta name=\"twitter:data1\" content=\"1 minuta\" \/>\n<script type=\"application\/ld+json\" class=\"yoast-schema-graph\">{\"@context\":\"https:\/\/schema.org\",\"@graph\":[{\"@type\":\"WebPage\",\"@id\":\"https:\/\/www.praha14.cz\/zivot-na-praze-14\/sportovni-hala-hloubetin\/\",\"url\":\"https:\/\/www.praha14.cz\/zivot-na-praze-14\/sportovni-hala-hloubetin\/\",\"name\":\"Sportovn\u00ed hala Hloub\u011bt\u00edn - \u017divot na Praze 14\",\"isPartOf\":{\"@id\":\"https:\/\/www.praha14.cz\/zivot-na-praze-14\/#website\"},\"datePublished\":\"2020-01-22T15:37:24+00:00\",\"dateModified\":\"2020-09-16T09:57:02+00:00\",\"breadcrumb\":{\"@id\":\"https:\/\/www.praha14.cz\/zivot-na-praze-14\/sportovni-hala-hloubetin\/#breadcrumb\"},\"inLanguage\":\"cs\",\"potentialAction\":[{\"@type\":\"ReadAction\",\"target\":[\"https:\/\/www.praha14.cz\/zivot-na-praze-14\/sportovni-hala-hloubetin\/\"]}]},{\"@type\":\"BreadcrumbList\",\"@id\":\"https:\/\/www.praha14.cz\/zivot-na-praze-14\/sportovni-hala-hloubetin\/#breadcrumb\",\"itemListElement\":[{\"@type\":\"ListItem\",\"position\":1,\"name\":\"\u017divot na Praze 14\",\"item\":\"https:\/\/www.praha14.cz\/zivot-na-praze-14\/\"},{\"@type\":\"ListItem\",\"position\":2,\"name\":\"Sportovn\u00ed hala Hloub\u011bt\u00edn\"}]},{\"@type\":\"WebSite\",\"@id\":\"https:\/\/www.praha14.cz\/zivot-na-praze-14\/#website\",\"url\":\"https:\/\/www.praha14.cz\/zivot-na-praze-14\/\",\"name\":\"\u017divot na Praze 14\",\"description\":\"\",\"potentialAction\":[{\"@type\":\"SearchAction\",\"target\":{\"@type\":\"EntryPoint\",\"urlTemplate\":\"https:\/\/www.praha14.cz\/zivot-na-praze-14\/?s={search_term_string}\"},\"query-input\":{\"@type\":\"PropertyValueSpecification\",\"valueRequired\":true,\"valueName\":\"search_term_string\"}}],\"inLanguage\":\"cs\"}]}<\/script>\n<!-- \/ Yoast SEO plugin. -->","yoast_head_json":{"title":"Sportovn\u00ed hala Hloub\u011bt\u00edn - \u017divot na Praze 14","robots":{"index":"index","follow":"follow","max-snippet":"max-snippet:-1","max-image-preview":"max-image-preview:large","max-video-preview":"max-video-preview:-1"},"canonical":"https:\/\/www.praha14.cz\/zivot-na-praze-14\/sportovni-hala-hloubetin\/","og_locale":"cs_CZ","og_type":"article","og_title":"Sportovn\u00ed hala Hloub\u011bt\u00edn - \u017divot na Praze 14","og_description":"Um\u00edst\u011bn\u00ed: kat. \u00fazem\u00ed Hloub\u011bt\u00edn, p\u0159i ulici Hloub\u011bt\u00ednsk\u00e1, vyd\u00e1no \u00fazemn\u00ed rozhodnut\u00ed v 07\/2017, stavebn\u00ed povolen\u00ed 12\/2017 Investor: BLK Slavia Praha, Jeseniova 1151\/55, Praha 3 Projektant: ABM architekti s.r.o., Masarykovo n\u00e1b\u0159e\u017e\u00ed 239, Praha 1 Objekty: hala &#8211; obd\u00e9ln\u00edkov\u00e9ho p\u016fdorysu o rozm\u011brech 60,3 m x 41 m, v\u00fd\u0161ky max. 10,5 m, \u00a0jednopodla\u017en\u00ed, jednolodn\u00ed, nepodsklepen\u00e1 se sedlovou st\u0159echou z\u00e1zem\u00ed...","og_url":"https:\/\/www.praha14.cz\/zivot-na-praze-14\/sportovni-hala-hloubetin\/","og_site_name":"\u017divot na Praze 14","article_modified_time":"2020-09-16T09:57:02+00:00","twitter_card":"summary_large_image","twitter_misc":{"Est. reading time":"1 minuta"},"schema":{"@context":"https:\/\/schema.org","@graph":[{"@type":"WebPage","@id":"https:\/\/www.praha14.cz\/zivot-na-praze-14\/sportovni-hala-hloubetin\/","url":"https:\/\/www.praha14.cz\/zivot-na-praze-14\/sportovni-hala-hloubetin\/","name":"Sportovn\u00ed hala Hloub\u011bt\u00edn - \u017divot na Praze 14","isPartOf":{"@id":"https:\/\/www.praha14.cz\/zivot-na-praze-14\/#website"},"datePublished":"2020-01-22T15:37:24+00:00","dateModified":"2020-09-16T09:57:02+00:00","breadcrumb":{"@id":"https:\/\/www.praha14.cz\/zivot-na-praze-14\/sportovni-hala-hloubetin\/#breadcrumb"},"inLanguage":"cs","potentialAction":[{"@type":"ReadAction","target":["https:\/\/www.praha14.cz\/zivot-na-praze-14\/sportovni-hala-hloubetin\/"]}]},{"@type":"BreadcrumbList","@id":"https:\/\/www.praha14.cz\/zivot-na-praze-14\/sportovni-hala-hloubetin\/#breadcrumb","itemListElement":[{"@type":"ListItem","position":1,"name":"\u017divot na Praze 14","item":"https:\/\/www.praha14.cz\/zivot-na-praze-14\/"},{"@type":"ListItem","position":2,"name":"Sportovn\u00ed hala Hloub\u011bt\u00edn"}]},{"@type":"WebSite","@id":"https:\/\/www.praha14.cz\/zivot-na-praze-14\/#website","url":"https:\/\/www.praha14.cz\/zivot-na-praze-14\/","name":"\u017divot na Praze 14","description":"","potentialAction":[{"@type":"SearchAction","target":{"@type":"EntryPoint","urlTemplate":"https:\/\/www.praha14.cz\/zivot-na-praze-14\/?s={search_term_string}"},"query-input":{"@type":"PropertyValueSpecification","valueRequired":true,"valueName":"search_term_string"}}],"inLanguage":"cs"}]}},"_links":{"self":[{"href":"https:\/\/www.praha14.cz\/zivot-na-praze-14\/wp-json\/wp\/v2\/pages\/52632","targetHints":{"allow":["GET"]}}],"collection":[{"href":"https:\/\/www.praha14.cz\/zivot-na-praze-14\/wp-json\/wp\/v2\/pages"}],"about":[{"href":"https:\/\/www.praha14.cz\/zivot-na-praze-14\/wp-json\/wp\/v2\/types\/page"}],"author":[{"embeddable":true,"href":"https:\/\/www.praha14.cz\/zivot-na-praze-14\/wp-json\/wp\/v2\/users\/6"}],"replies":[{"embeddable":true,"href":"https:\/\/www.praha14.cz\/zivot-na-praze-14\/wp-json\/wp\/v2\/comments?post=52632"}],"version-history":[{"count":4,"href":"https:\/\/www.praha14.cz\/zivot-na-praze-14\/wp-json\/wp\/v2\/pages\/52632\/revisions"}],"predecessor-version":[{"id":56630,"href":"https:\/\/www.praha14.cz\/zivot-na-praze-14\/wp-json\/wp\/v2\/pages\/52632\/revisions\/56630"}],"wp:attachment":[{"href":"https:\/\/www.praha14.cz\/zivot-na-praze-14\/wp-json\/wp\/v2\/media?parent=52632"}],"curies":[{"name":"wp","href":"https:\/\/api.w.org\/{rel}","templated":true}]}}