{"id":52753,"date":"2020-01-23T12:09:59","date_gmt":"2020-01-23T12:09:59","guid":{"rendered":"https:\/\/www.praha14.cz\/zivot-na-praze-14\/?page_id=52753"},"modified":"2021-02-17T07:08:34","modified_gmt":"2021-02-17T07:08:34","slug":"klimaticka-zmena-zavazek-a-strategie-hl-m-praha","status":"publish","type":"page","link":"https:\/\/www.praha14.cz\/zivot-na-praze-14\/klimaticka-zmena-zavazek-a-strategie-hl-m-praha\/","title":{"rendered":"STRATEGIE ADAPTACE HL. M\u011aSTA PRAHY NA KLIMATICKOU ZM\u011aNU"},"content":{"rendered":"<p><a href=\"http:\/\/adaptacepraha.cz\/wp-content\/uploads\/2020\/03\/adaptacni_strategie_7o17.pdf\" target=\"_blank\" rel=\"noopener noreferrer\"><strong>Strategie adaptace hl. m. Prahy na klimatickou zm\u011bnu<\/strong><\/a> navazuje na Strategii p\u0159izp\u016fsoben\u00ed se zm\u011bn\u011b klimatu v podm\u00ednk\u00e1ch \u010cesk\u00e9 republiky, schv\u00e1len\u00e9 Usnesen\u00edm vl\u00e1dy \u010cR v roce 2015. Zam\u011b\u0159uje se na sni\u017eov\u00e1n\u00ed negativn\u00edch dopad\u016f klimatick\u00e9 zm\u011bny pomoc\u00ed opat\u0159en\u00ed bl\u00edzk\u00fdch p\u0159\u00edrod\u011b s vyu\u017eit\u00edm p\u0159irozen\u00fdch vlastnost\u00ed vegetace. Adapta\u010dn\u00ed strategie je tak\u00e9 zam\u011b\u0159ena na zachov\u00e1n\u00ed vodn\u00edch, p\u016fdn\u00edch a biologick\u00fdch slo\u017eek p\u0159\u00edrody a krajiny a na zachov\u00e1n\u00ed a obnovu ekosyst\u00e9m\u016f odoln\u00fdch v\u016f\u010di zm\u011bn\u011b klimatu a p\u0159isp\u00edvaj\u00edc\u00edch k prevenci katastrof.<b><\/b><\/p>\n<p>Hlavn\u00edm c\u00edlem Strategie je zvy\u0161ovat dlouhodobou odolnost Prahy v\u016f\u010di projev\u016fm klimatick\u00e9 zm\u011bny. Ve spolupr\u00e1ci s m\u011bstsk\u00fdmi \u010d\u00e1stmi byl p\u0159ipraven aktu\u00e1ln\u00ed<strong> <a href=\"https:\/\/adaptacepraha.cz\/implementacni-plan-2020-2024\/\" target=\"_blank\" rel=\"noopener noreferrer\">Implementa\u010dn\u00ed pl\u00e1n na l\u00e9ta 2020 \u2013 2024<\/a>. <\/strong>M\u010c Praha 14 p\u0159isp\u011bla do <strong><a href=\"https:\/\/adaptacepraha.cz\/wp-content\/uploads\/2020\/11\/projektove_karty_interaktivni.pdf\" target=\"_blank\" rel=\"noopener noreferrer\">z\u00e1sobn\u00edku projekt\u016f<\/a><\/strong> projektem\u00a0&#8222;Rekonstrukce budov \u00da\u0159adu M\u010c Praha 14 &#8211; Inteligentn\u00ed budovy&#8220;, kter\u00fd se nach\u00e1z\u00ed na stran\u011b 56.<\/p>\n<p>V\u00edce o Strategii, jejich c\u00edlech, \u00fa\u010delu, vizi \u010di podp\u016frn\u00fdch programech naleznete <a href=\"http:\/\/adaptacepraha.cz\/\" target=\"_blank\" rel=\"noopener noreferrer\"><b>zde<\/b><\/a>.<\/p>\n<p>Co je <a href=\"https:\/\/www.klimatickazmena.cz\/cs\/\" target=\"_blank\" rel=\"noopener noreferrer\"><b>klimatick\u00e1 zm\u011bna<\/b><\/a>?<\/p>\n","protected":false},"excerpt":{"rendered":"<p>Strategie adaptace hl. m. Prahy na klimatickou zm\u011bnu navazuje na Strategii p\u0159izp\u016fsoben\u00ed se zm\u011bn\u011b klimatu v podm\u00ednk\u00e1ch \u010cesk\u00e9 republiky, schv\u00e1len\u00e9 Usnesen\u00edm vl\u00e1dy \u010cR v roce 2015. Zam\u011b\u0159uje se na sni\u017eov\u00e1n\u00ed negativn\u00edch dopad\u016f klimatick\u00e9 zm\u011bny pomoc\u00ed opat\u0159en\u00ed bl\u00edzk\u00fdch p\u0159\u00edrod\u011b s vyu\u017eit\u00edm p\u0159irozen\u00fdch vlastnost\u00ed vegetace. Adapta\u010dn\u00ed strategie je tak\u00e9 zam\u011b\u0159ena na zachov\u00e1n\u00ed vodn\u00edch, p\u016fdn\u00edch a biologick\u00fdch slo\u017eek&#8230;<\/p>\n","protected":false},"author":1057,"featured_media":0,"parent":0,"menu_order":0,"comment_status":"closed","ping_status":"closed","template":"","meta":{"_acf_changed":false,"footnotes":""},"class_list":["post-52753","page","type-page","status-publish","hentry"],"acf":[],"yoast_head":"<!-- This site is optimized with the Yoast SEO plugin v27.2 - https:\/\/yoast.com\/product\/yoast-seo-wordpress\/ -->\n<title>STRATEGIE ADAPTACE HL. M\u011aSTA PRAHY NA KLIMATICKOU ZM\u011aNU - \u017divot na Praze 14<\/title>\n<meta name=\"robots\" content=\"index, follow, max-snippet:-1, max-image-preview:large, max-video-preview:-1\" \/>\n<link rel=\"canonical\" href=\"https:\/\/www.praha14.cz\/zivot-na-praze-14\/klimaticka-zmena-zavazek-a-strategie-hl-m-praha\/\" \/>\n<meta property=\"og:locale\" content=\"cs_CZ\" \/>\n<meta property=\"og:type\" content=\"article\" \/>\n<meta property=\"og:title\" content=\"STRATEGIE ADAPTACE HL. M\u011aSTA PRAHY NA KLIMATICKOU ZM\u011aNU - \u017divot na Praze 14\" \/>\n<meta property=\"og:description\" content=\"Strategie adaptace hl. m. Prahy na klimatickou zm\u011bnu navazuje na Strategii p\u0159izp\u016fsoben\u00ed se zm\u011bn\u011b klimatu v podm\u00ednk\u00e1ch \u010cesk\u00e9 republiky, schv\u00e1len\u00e9 Usnesen\u00edm vl\u00e1dy \u010cR v roce 2015. Zam\u011b\u0159uje se na sni\u017eov\u00e1n\u00ed negativn\u00edch dopad\u016f klimatick\u00e9 zm\u011bny pomoc\u00ed opat\u0159en\u00ed bl\u00edzk\u00fdch p\u0159\u00edrod\u011b s vyu\u017eit\u00edm p\u0159irozen\u00fdch vlastnost\u00ed vegetace. Adapta\u010dn\u00ed strategie je tak\u00e9 zam\u011b\u0159ena na zachov\u00e1n\u00ed vodn\u00edch, p\u016fdn\u00edch a biologick\u00fdch slo\u017eek...\" \/>\n<meta property=\"og:url\" content=\"https:\/\/www.praha14.cz\/zivot-na-praze-14\/klimaticka-zmena-zavazek-a-strategie-hl-m-praha\/\" \/>\n<meta property=\"og:site_name\" content=\"\u017divot na Praze 14\" \/>\n<meta property=\"article:modified_time\" content=\"2021-02-17T07:08:34+00:00\" \/>\n<meta name=\"twitter:card\" content=\"summary_large_image\" \/>\n<meta name=\"twitter:label1\" content=\"Est. reading time\" \/>\n\t<meta name=\"twitter:data1\" content=\"1 minuta\" \/>\n<script type=\"application\/ld+json\" class=\"yoast-schema-graph\">{\"@context\":\"https:\/\/schema.org\",\"@graph\":[{\"@type\":\"WebPage\",\"@id\":\"https:\/\/www.praha14.cz\/zivot-na-praze-14\/klimaticka-zmena-zavazek-a-strategie-hl-m-praha\/\",\"url\":\"https:\/\/www.praha14.cz\/zivot-na-praze-14\/klimaticka-zmena-zavazek-a-strategie-hl-m-praha\/\",\"name\":\"STRATEGIE ADAPTACE HL. M\u011aSTA PRAHY NA KLIMATICKOU ZM\u011aNU - \u017divot na Praze 14\",\"isPartOf\":{\"@id\":\"https:\/\/www.praha14.cz\/zivot-na-praze-14\/#website\"},\"datePublished\":\"2020-01-23T12:09:59+00:00\",\"dateModified\":\"2021-02-17T07:08:34+00:00\",\"breadcrumb\":{\"@id\":\"https:\/\/www.praha14.cz\/zivot-na-praze-14\/klimaticka-zmena-zavazek-a-strategie-hl-m-praha\/#breadcrumb\"},\"inLanguage\":\"cs\",\"potentialAction\":[{\"@type\":\"ReadAction\",\"target\":[\"https:\/\/www.praha14.cz\/zivot-na-praze-14\/klimaticka-zmena-zavazek-a-strategie-hl-m-praha\/\"]}]},{\"@type\":\"BreadcrumbList\",\"@id\":\"https:\/\/www.praha14.cz\/zivot-na-praze-14\/klimaticka-zmena-zavazek-a-strategie-hl-m-praha\/#breadcrumb\",\"itemListElement\":[{\"@type\":\"ListItem\",\"position\":1,\"name\":\"\u017divot na Praze 14\",\"item\":\"https:\/\/www.praha14.cz\/zivot-na-praze-14\/\"},{\"@type\":\"ListItem\",\"position\":2,\"name\":\"STRATEGIE ADAPTACE HL. M\u011aSTA PRAHY NA KLIMATICKOU ZM\u011aNU\"}]},{\"@type\":\"WebSite\",\"@id\":\"https:\/\/www.praha14.cz\/zivot-na-praze-14\/#website\",\"url\":\"https:\/\/www.praha14.cz\/zivot-na-praze-14\/\",\"name\":\"\u017divot na Praze 14\",\"description\":\"\",\"potentialAction\":[{\"@type\":\"SearchAction\",\"target\":{\"@type\":\"EntryPoint\",\"urlTemplate\":\"https:\/\/www.praha14.cz\/zivot-na-praze-14\/?s={search_term_string}\"},\"query-input\":{\"@type\":\"PropertyValueSpecification\",\"valueRequired\":true,\"valueName\":\"search_term_string\"}}],\"inLanguage\":\"cs\"}]}<\/script>\n<!-- \/ Yoast SEO plugin. -->","yoast_head_json":{"title":"STRATEGIE ADAPTACE HL. M\u011aSTA PRAHY NA KLIMATICKOU ZM\u011aNU - \u017divot na Praze 14","robots":{"index":"index","follow":"follow","max-snippet":"max-snippet:-1","max-image-preview":"max-image-preview:large","max-video-preview":"max-video-preview:-1"},"canonical":"https:\/\/www.praha14.cz\/zivot-na-praze-14\/klimaticka-zmena-zavazek-a-strategie-hl-m-praha\/","og_locale":"cs_CZ","og_type":"article","og_title":"STRATEGIE ADAPTACE HL. M\u011aSTA PRAHY NA KLIMATICKOU ZM\u011aNU - \u017divot na Praze 14","og_description":"Strategie adaptace hl. m. Prahy na klimatickou zm\u011bnu navazuje na Strategii p\u0159izp\u016fsoben\u00ed se zm\u011bn\u011b klimatu v podm\u00ednk\u00e1ch \u010cesk\u00e9 republiky, schv\u00e1len\u00e9 Usnesen\u00edm vl\u00e1dy \u010cR v roce 2015. Zam\u011b\u0159uje se na sni\u017eov\u00e1n\u00ed negativn\u00edch dopad\u016f klimatick\u00e9 zm\u011bny pomoc\u00ed opat\u0159en\u00ed bl\u00edzk\u00fdch p\u0159\u00edrod\u011b s vyu\u017eit\u00edm p\u0159irozen\u00fdch vlastnost\u00ed vegetace. Adapta\u010dn\u00ed strategie je tak\u00e9 zam\u011b\u0159ena na zachov\u00e1n\u00ed vodn\u00edch, p\u016fdn\u00edch a biologick\u00fdch slo\u017eek...","og_url":"https:\/\/www.praha14.cz\/zivot-na-praze-14\/klimaticka-zmena-zavazek-a-strategie-hl-m-praha\/","og_site_name":"\u017divot na Praze 14","article_modified_time":"2021-02-17T07:08:34+00:00","twitter_card":"summary_large_image","twitter_misc":{"Est. reading time":"1 minuta"},"schema":{"@context":"https:\/\/schema.org","@graph":[{"@type":"WebPage","@id":"https:\/\/www.praha14.cz\/zivot-na-praze-14\/klimaticka-zmena-zavazek-a-strategie-hl-m-praha\/","url":"https:\/\/www.praha14.cz\/zivot-na-praze-14\/klimaticka-zmena-zavazek-a-strategie-hl-m-praha\/","name":"STRATEGIE ADAPTACE HL. M\u011aSTA PRAHY NA KLIMATICKOU ZM\u011aNU - \u017divot na Praze 14","isPartOf":{"@id":"https:\/\/www.praha14.cz\/zivot-na-praze-14\/#website"},"datePublished":"2020-01-23T12:09:59+00:00","dateModified":"2021-02-17T07:08:34+00:00","breadcrumb":{"@id":"https:\/\/www.praha14.cz\/zivot-na-praze-14\/klimaticka-zmena-zavazek-a-strategie-hl-m-praha\/#breadcrumb"},"inLanguage":"cs","potentialAction":[{"@type":"ReadAction","target":["https:\/\/www.praha14.cz\/zivot-na-praze-14\/klimaticka-zmena-zavazek-a-strategie-hl-m-praha\/"]}]},{"@type":"BreadcrumbList","@id":"https:\/\/www.praha14.cz\/zivot-na-praze-14\/klimaticka-zmena-zavazek-a-strategie-hl-m-praha\/#breadcrumb","itemListElement":[{"@type":"ListItem","position":1,"name":"\u017divot na Praze 14","item":"https:\/\/www.praha14.cz\/zivot-na-praze-14\/"},{"@type":"ListItem","position":2,"name":"STRATEGIE ADAPTACE HL. M\u011aSTA PRAHY NA KLIMATICKOU ZM\u011aNU"}]},{"@type":"WebSite","@id":"https:\/\/www.praha14.cz\/zivot-na-praze-14\/#website","url":"https:\/\/www.praha14.cz\/zivot-na-praze-14\/","name":"\u017divot na Praze 14","description":"","potentialAction":[{"@type":"SearchAction","target":{"@type":"EntryPoint","urlTemplate":"https:\/\/www.praha14.cz\/zivot-na-praze-14\/?s={search_term_string}"},"query-input":{"@type":"PropertyValueSpecification","valueRequired":true,"valueName":"search_term_string"}}],"inLanguage":"cs"}]}},"_links":{"self":[{"href":"https:\/\/www.praha14.cz\/zivot-na-praze-14\/wp-json\/wp\/v2\/pages\/52753","targetHints":{"allow":["GET"]}}],"collection":[{"href":"https:\/\/www.praha14.cz\/zivot-na-praze-14\/wp-json\/wp\/v2\/pages"}],"about":[{"href":"https:\/\/www.praha14.cz\/zivot-na-praze-14\/wp-json\/wp\/v2\/types\/page"}],"author":[{"embeddable":true,"href":"https:\/\/www.praha14.cz\/zivot-na-praze-14\/wp-json\/wp\/v2\/users\/1057"}],"replies":[{"embeddable":true,"href":"https:\/\/www.praha14.cz\/zivot-na-praze-14\/wp-json\/wp\/v2\/comments?post=52753"}],"version-history":[{"count":5,"href":"https:\/\/www.praha14.cz\/zivot-na-praze-14\/wp-json\/wp\/v2\/pages\/52753\/revisions"}],"predecessor-version":[{"id":57941,"href":"https:\/\/www.praha14.cz\/zivot-na-praze-14\/wp-json\/wp\/v2\/pages\/52753\/revisions\/57941"}],"wp:attachment":[{"href":"https:\/\/www.praha14.cz\/zivot-na-praze-14\/wp-json\/wp\/v2\/media?parent=52753"}],"curies":[{"name":"wp","href":"https:\/\/api.w.org\/{rel}","templated":true}]}}