{"id":52881,"date":"2020-01-29T09:43:40","date_gmt":"2020-01-29T09:43:40","guid":{"rendered":"https:\/\/www.praha14.cz\/zivot-na-praze-14\/?page_id=52881"},"modified":"2020-06-08T09:04:25","modified_gmt":"2020-06-08T09:04:25","slug":"dobra-praxe-zajimave-odkazy","status":"publish","type":"page","link":"https:\/\/www.praha14.cz\/zivot-na-praze-14\/dobra-praxe-zajimave-odkazy\/","title":{"rendered":"Dobr\u00e1 praxe, zaj\u00edmav\u00e9 odkazy"},"content":{"rendered":"<p style=\"text-align: center;\"><a href=\"https:\/\/www.kamsnim.cz\/welcome\" target=\"_blank\" rel=\"noopener noreferrer\"><img loading=\"lazy\" decoding=\"async\" class=\"alignleft wp-image-52885\" src=\"https:\/\/www.praha14.cz\/app\/uploads\/sites\/4\/2020\/01\/Kam-s-n\u00edm.png\" alt=\"\" width=\"91\" height=\"91\" srcset=\"https:\/\/www.praha14.cz\/app\/uploads\/sites\/4\/2020\/01\/Kam-s-n\u00edm.png 960w, https:\/\/www.praha14.cz\/app\/uploads\/sites\/4\/2020\/01\/Kam-s-n\u00edm-370x370.png 370w, https:\/\/www.praha14.cz\/app\/uploads\/sites\/4\/2020\/01\/Kam-s-n\u00edm-150x150.png 150w, https:\/\/www.praha14.cz\/app\/uploads\/sites\/4\/2020\/01\/Kam-s-n\u00edm-768x768.png 768w\" sizes=\"(max-width: 91px) 100vw, 91px\" \/><\/a>Aplikace <a href=\"https:\/\/www.kamsnim.cz\/welcome\" target=\"_blank\" rel=\"noopener noreferrer\"><strong>Kam s n\u00edm?<\/strong><\/a> nab\u00edz\u00ed snadn\u00e9 a rychl\u00e9 vyhled\u00e1n\u00ed m\u00edst ve va\u0161em okol\u00ed, kde se m\u016f\u017eete leg\u00e1ln\u011b &#8222;zbavit&#8220; sv\u00e9ho odpadu. Projekt m\u00e1 ambici v budoucnu integrovat v\u0161echna dostupn\u00e1 data t\u011bchto m\u00edst.<\/p>\n<p>&nbsp;<\/p>\n<p>&nbsp;<\/p>\n<p>&nbsp;<\/p>\n<p><a href=\"https:\/\/www.trideniodpadu.cz\/kam-s-tim\" target=\"_blank\" rel=\"noopener noreferrer\"><img loading=\"lazy\" decoding=\"async\" class=\"alignleft wp-image-52887 \" src=\"https:\/\/www.praha14.cz\/app\/uploads\/sites\/4\/2020\/01\/49864378_10156167959019423_1371905110887628800_n.png\" alt=\"\" width=\"91\" height=\"91\" srcset=\"https:\/\/www.praha14.cz\/app\/uploads\/sites\/4\/2020\/01\/49864378_10156167959019423_1371905110887628800_n.png 522w, https:\/\/www.praha14.cz\/app\/uploads\/sites\/4\/2020\/01\/49864378_10156167959019423_1371905110887628800_n-370x370.png 370w, https:\/\/www.praha14.cz\/app\/uploads\/sites\/4\/2020\/01\/49864378_10156167959019423_1371905110887628800_n-150x150.png 150w\" sizes=\"(max-width: 91px) 100vw, 91px\" \/><\/a><\/p>\n<p style=\"text-align: center;\"><a href=\"https:\/\/www.trideniodpadu.cz\/kam-s-tim\" target=\"_blank\" rel=\"noopener noreferrer\"><strong>Kam s t\u00edm?<\/strong><\/a> U\u017eite\u010dn\u00e9 informace o odpadech a jejich t\u0159\u00edd\u011bn\u00ed a to formou, kter\u00e1 je srozumiteln\u00e1. Web tak\u00e9 p\u0159in\u00e1\u0161\u00ed <span class=\"text_exposed_show\">r\u016fzn\u00e9 zaj\u00edmavosti ze sv\u011bta odpad\u016f.<\/span><\/p>\n<p>&nbsp;<\/p>\n<p>&nbsp;<\/p>\n<p>&nbsp;<\/p>\n<p style=\"text-align: center;\"><a href=\"http:\/\/beta.kamtovyhodit.cz\/\" target=\"_blank\" rel=\"noopener noreferrer\"><img loading=\"lazy\" decoding=\"async\" class=\"alignleft wp-image-52891 \" src=\"https:\/\/www.praha14.cz\/app\/uploads\/sites\/4\/2020\/01\/bez-n\u00e1zvu.png\" alt=\"\" width=\"91\" height=\"91\" srcset=\"https:\/\/www.praha14.cz\/app\/uploads\/sites\/4\/2020\/01\/bez-n\u00e1zvu.png 256w, https:\/\/www.praha14.cz\/app\/uploads\/sites\/4\/2020\/01\/bez-n\u00e1zvu-150x150.png 150w\" sizes=\"(max-width: 91px) 100vw, 91px\" \/><\/a><strong><a href=\"http:\/\/beta.kamtovyhodit.cz\/\" target=\"_blank\" rel=\"noopener noreferrer\">Kam to vyhodit?<\/a><\/strong> je unik\u00e1tn\u00ed datab\u00e1ze um\u00edst\u011bn\u00ed odpadu spoluvytv\u00e1\u0159en\u00e1 u\u017eivateli.<\/p>\n<p>&nbsp;<\/p>\n<p>&nbsp;<\/p>\n<p>&nbsp;<\/p>\n<p>&nbsp;<\/p>\n<p><a href=\"https:\/\/remobil.cz\/\" target=\"_blank\" rel=\"noopener noreferrer\"><img loading=\"lazy\" decoding=\"async\" class=\"alignleft wp-image-52902 \" src=\"https:\/\/www.praha14.cz\/app\/uploads\/sites\/4\/2020\/01\/58684944_2007825589339927_8721260806282412032_n.png\" alt=\"\" width=\"91\" height=\"91\" srcset=\"https:\/\/www.praha14.cz\/app\/uploads\/sites\/4\/2020\/01\/58684944_2007825589339927_8721260806282412032_n.png 170w, https:\/\/www.praha14.cz\/app\/uploads\/sites\/4\/2020\/01\/58684944_2007825589339927_8721260806282412032_n-150x150.png 150w\" sizes=\"(max-width: 91px) 100vw, 91px\" \/><\/a><\/p>\n<p style=\"text-align: center;\">Projekt <strong><a href=\"https:\/\/remobil.cz\/\" target=\"_blank\" rel=\"noopener noreferrer\">REMOBIL<\/a><\/strong> je neziskov\u00fd projekt sb\u011bru star\u00fdch a nepot\u0159ebn\u00fdch mobiln\u00edch telefon\u016f. \u00a0Je ur\u010den pro v\u0161echny typy subjekt\u016f v\u010detn\u011b ob\u010dan\u016f a funguje v cel\u00e9 \u010cesk\u00e9 republice. Hlavn\u00edm c\u00edlem je zm\u011bna stavu, kdy se telefony hromad\u00ed v dom\u00e1cnostech a znamenaj\u00ed tak do budoucna environment\u00e1ln\u00ed probl\u00e9m. Z\u00e1rove\u0148 se z ka\u017ed\u00e9ho telefonu p\u0159isp\u00edv\u00e1 10 K\u010d na charitativn\u00ed \u00fa\u010dely a d\u00edky recyklaci mobil\u016f doch\u00e1z\u00ed k op\u011btovn\u00e9mu vyu\u017eit\u00ed surovin. To v sou\u010dtu znamen\u00e1 nap\u0159\u00edklad v\u00fdznamn\u00e9 \u00faspory vody a sn\u00ed\u017een\u00ed produkce ekvivalentu CO\u00b2. Oboje vznik\u00e1 nebo se spot\u0159ebov\u00e1v\u00e1 p\u0159i t\u011b\u017eb\u011b nerostn\u00fdch surovin nutn\u00fdch pro v\u00fdrobu, nap\u0159\u00edklad nov\u00fdch mobiln\u00edch telefon\u016f.<\/p>\n<p>&nbsp;<\/p>\n<p style=\"text-align: center;\"><a href=\"https:\/\/www.nevyhazujto.cz\/\" target=\"_blank\" rel=\"noopener noreferrer\"><img loading=\"lazy\" decoding=\"async\" class=\"alignleft wp-image-52904\" src=\"https:\/\/www.praha14.cz\/app\/uploads\/sites\/4\/2020\/01\/64478126_2297128733655883_5703072646116147200_n.png\" alt=\"\" width=\"91\" height=\"91\" srcset=\"https:\/\/www.praha14.cz\/app\/uploads\/sites\/4\/2020\/01\/64478126_2297128733655883_5703072646116147200_n.png 656w, https:\/\/www.praha14.cz\/app\/uploads\/sites\/4\/2020\/01\/64478126_2297128733655883_5703072646116147200_n-370x370.png 370w, https:\/\/www.praha14.cz\/app\/uploads\/sites\/4\/2020\/01\/64478126_2297128733655883_5703072646116147200_n-150x150.png 150w\" sizes=\"(max-width: 91px) 100vw, 91px\" \/><\/a><a href=\"https:\/\/www.nevyhazujto.cz\/\" target=\"_blank\" rel=\"noopener noreferrer\"><strong>Nevyhazujto<\/strong><\/a> je internetov\u00fd port\u00e1l, kter\u00fd nab\u00edz\u00ed sv\u00fdm u\u017eivatel\u016fm mo\u017enost darovat \u010di z\u00edskat v\u011bci za odvoz, tedy zdarma. Nosnou my\u0161lenkou port\u00e1lu je d\u00e1t nepot\u0159ebn\u00fdm v\u011bcem druhou \u0161anci, nevyhazovat je, ale smyslupln\u011b je vyu\u017e\u00edt n\u011bk\u00fdm druh\u00fdm. Na jedn\u00e9 stran\u011b jsou tedy ti, kte\u0159\u00ed pot\u0159ebuj\u00ed uvolnit m\u00edsto ve sv\u00fdch bytech sklep\u00edch a gar\u00e1\u017e\u00edch, ale nechce se jim jejich star\u00e9 v\u011bci jen tak vyhazovat, \u010di prost\u011b jenom nemaj\u00ed \u010das je odv\u00e9zt a vyhodit. Na stran\u011b druh\u00e9 jsou pak ti, kter\u00fdm se takov\u00e9 v\u011bci m\u016f\u017eou hodit, kte\u0159\u00ed je r\u00e1di a smyslupln\u011b vyu\u017eij\u00ed. Port\u00e1l tedy pom\u00e1h\u00e1 jedn\u011bm \u0161et\u0159it m\u00edsto a \u010das, druh\u00fdm pen\u00edze a \u017eivotn\u00ed prost\u0159ed\u00ed zbavuje z\u00e1t\u011b\u017ee vyhozen\u00e9ho.<\/p>\n<p>&nbsp;<\/p>\n<p style=\"text-align: center;\"><a href=\"https:\/\/arnika.org\/\" target=\"_blank\" rel=\"noopener noreferrer\"><img loading=\"lazy\" decoding=\"async\" class=\"alignleft wp-image-52908\" src=\"https:\/\/www.praha14.cz\/app\/uploads\/sites\/4\/2020\/01\/998170_10151542384493123_1703650299_n.jpg\" alt=\"\" width=\"94\" height=\"91\" srcset=\"https:\/\/www.praha14.cz\/app\/uploads\/sites\/4\/2020\/01\/998170_10151542384493123_1703650299_n.jpg 600w, https:\/\/www.praha14.cz\/app\/uploads\/sites\/4\/2020\/01\/998170_10151542384493123_1703650299_n-370x361.jpg 370w\" sizes=\"(max-width: 94px) 100vw, 94px\" \/><\/a>\u00a0 <strong><a href=\"https:\/\/arnika.org\/\" target=\"_blank\" rel=\"noopener noreferrer\">Arnika<\/a><\/strong> je \u010desk\u00e1 neziskov\u00e1 organizace, kter\u00e1 spojuje lidi usiluj\u00edc\u00ed o lep\u0161\u00ed \u017eivotn\u00ed prost\u0159ed\u00ed. V\u011b\u0159\u00ed, \u017ee p\u0159\u00edrodn\u00ed bohatstv\u00ed nen\u00ed pouze darem, ale tak\u00e9 z\u00e1vazkem uchovat jej do budoucna. Svoji \u010dinnost op\u00edr\u00e1 o t\u0159i pil\u00ed\u0159e \u2013 zapojen\u00ed ve\u0159ejnosti, odborn\u00e9 argumenty a komunikaci s m\u00e9dii.<\/p>\n<p>&nbsp;<\/p>\n<p>&nbsp;<\/p>\n<p>&nbsp;<\/p>\n<p><a href=\"https:\/\/prevlikarna.cz\/o-nas\/\" target=\"_blank\" rel=\"noopener noreferrer\"><img loading=\"lazy\" decoding=\"async\" class=\"alignleft wp-image-52910 \" src=\"https:\/\/www.praha14.cz\/app\/uploads\/sites\/4\/2020\/01\/P\u0159evl\u00edk\u00e1rna.jpg\" alt=\"\" width=\"91\" height=\"91\" srcset=\"https:\/\/www.praha14.cz\/app\/uploads\/sites\/4\/2020\/01\/P\u0159evl\u00edk\u00e1rna.jpg 960w, https:\/\/www.praha14.cz\/app\/uploads\/sites\/4\/2020\/01\/P\u0159evl\u00edk\u00e1rna-370x370.jpg 370w, https:\/\/www.praha14.cz\/app\/uploads\/sites\/4\/2020\/01\/P\u0159evl\u00edk\u00e1rna-150x150.jpg 150w, https:\/\/www.praha14.cz\/app\/uploads\/sites\/4\/2020\/01\/P\u0159evl\u00edk\u00e1rna-768x768.jpg 768w\" sizes=\"(max-width: 91px) 100vw, 91px\" \/><\/a><\/p>\n<p style=\"text-align: center;\">Na webu <a href=\"https:\/\/prevlikarna.cz\/o-nas\/\" target=\"_blank\" rel=\"noopener noreferrer\"><strong>P\u0159evl\u00edk\u00e1rna<\/strong><\/a> se dozv\u00edte, kde koupit udr\u017eitelnou m\u00f3du, etickou a ekologickou m\u00f3du, lok\u00e1ln\u00ed designovou tvorbu, oble\u010den\u00ed ze second-handu a v\u0161e ostatn\u00ed, co se t\u00fdk\u00e1 slow fashion. C\u00edlem t\u011bchto str\u00e1nek je tak\u00e9 \u0161\u00ed\u0159it pov\u011bdom\u00ed o stinn\u00fdch str\u00e1nk\u00e1ch m\u00f3dn\u00edho pr\u016fmyslu a napom\u00e1hat k jejich zm\u011bn\u011b.<\/p>\n<p>&nbsp;<\/p>\n<p>&nbsp;<\/p>\n<p>&nbsp;<\/p>\n<p style=\"text-align: center;\"><a href=\"https:\/\/www.reduca.cz\/blog\/\" target=\"_blank\" rel=\"noopener noreferrer\"><strong>Reduca<\/strong><\/a> je rozcestn\u00edk pro v\u0161echny, kte\u0159\u00ed cht\u011bj\u00ed redukovat odpad ve sv\u00e9 dom\u00e1cnosti. \u00a0 \u00a0 \u00a0 \u00a0 \u00a0 \u00a0 <a href=\"https:\/\/www.reduca.cz\/blog\/\" target=\"_blank\" rel=\"noopener noreferrer\"><img loading=\"lazy\" decoding=\"async\" class=\"wp-image-55125 alignleft\" src=\"https:\/\/www.praha14.cz\/app\/uploads\/sites\/4\/2020\/06\/bez-n\u00e1zvu-150x150.png\" alt=\"\" width=\"91\" height=\"91\" srcset=\"https:\/\/www.praha14.cz\/app\/uploads\/sites\/4\/2020\/06\/bez-n\u00e1zvu-150x150.png 150w, https:\/\/www.praha14.cz\/app\/uploads\/sites\/4\/2020\/06\/bez-n\u00e1zvu.png 225w\" sizes=\"(max-width: 91px) 100vw, 91px\" \/><\/a><\/p>\n","protected":false},"excerpt":{"rendered":"<p>Aplikace Kam s n\u00edm? nab\u00edz\u00ed snadn\u00e9 a rychl\u00e9 vyhled\u00e1n\u00ed m\u00edst ve va\u0161em okol\u00ed, kde se m\u016f\u017eete leg\u00e1ln\u011b &#8222;zbavit&#8220; sv\u00e9ho odpadu. Projekt m\u00e1 ambici v budoucnu integrovat v\u0161echna dostupn\u00e1 data t\u011bchto m\u00edst. &nbsp; &nbsp; &nbsp; Kam s t\u00edm? U\u017eite\u010dn\u00e9 informace o odpadech a jejich t\u0159\u00edd\u011bn\u00ed a to formou, kter\u00e1 je srozumiteln\u00e1. Web tak\u00e9 p\u0159in\u00e1\u0161\u00ed r\u016fzn\u00e9 zaj\u00edmavosti&#8230;<\/p>\n","protected":false},"author":1057,"featured_media":0,"parent":0,"menu_order":0,"comment_status":"closed","ping_status":"closed","template":"","meta":{"_acf_changed":false,"footnotes":""},"class_list":["post-52881","page","type-page","status-publish","hentry"],"acf":[],"yoast_head":"<!-- This site is optimized with the Yoast SEO plugin v27.2 - https:\/\/yoast.com\/product\/yoast-seo-wordpress\/ -->\n<title>Dobr\u00e1 praxe, zaj\u00edmav\u00e9 odkazy - \u017divot na Praze 14<\/title>\n<meta name=\"robots\" content=\"index, follow, max-snippet:-1, max-image-preview:large, max-video-preview:-1\" \/>\n<link rel=\"canonical\" href=\"https:\/\/www.praha14.cz\/zivot-na-praze-14\/dobra-praxe-zajimave-odkazy\/\" \/>\n<meta property=\"og:locale\" content=\"cs_CZ\" \/>\n<meta property=\"og:type\" content=\"article\" \/>\n<meta property=\"og:title\" content=\"Dobr\u00e1 praxe, zaj\u00edmav\u00e9 odkazy - \u017divot na Praze 14\" \/>\n<meta property=\"og:description\" content=\"Aplikace Kam s n\u00edm? nab\u00edz\u00ed snadn\u00e9 a rychl\u00e9 vyhled\u00e1n\u00ed m\u00edst ve va\u0161em okol\u00ed, kde se m\u016f\u017eete leg\u00e1ln\u011b &#8222;zbavit&#8220; sv\u00e9ho odpadu. Projekt m\u00e1 ambici v budoucnu integrovat v\u0161echna dostupn\u00e1 data t\u011bchto m\u00edst. &nbsp; &nbsp; &nbsp; Kam s t\u00edm? U\u017eite\u010dn\u00e9 informace o odpadech a jejich t\u0159\u00edd\u011bn\u00ed a to formou, kter\u00e1 je srozumiteln\u00e1. Web tak\u00e9 p\u0159in\u00e1\u0161\u00ed r\u016fzn\u00e9 zaj\u00edmavosti...\" \/>\n<meta property=\"og:url\" content=\"https:\/\/www.praha14.cz\/zivot-na-praze-14\/dobra-praxe-zajimave-odkazy\/\" \/>\n<meta property=\"og:site_name\" content=\"\u017divot na Praze 14\" \/>\n<meta property=\"article:modified_time\" content=\"2020-06-08T09:04:25+00:00\" \/>\n<meta property=\"og:image\" content=\"https:\/\/www.praha14.cz\/app\/uploads\/sites\/4\/2020\/01\/49864378_10156167959019423_1371905110887628800_n.png\" \/>\n<meta name=\"twitter:card\" content=\"summary_large_image\" \/>\n<meta name=\"twitter:label1\" content=\"Est. reading time\" \/>\n\t<meta name=\"twitter:data1\" content=\"3 minuty\" \/>\n<script type=\"application\/ld+json\" class=\"yoast-schema-graph\">{\"@context\":\"https:\/\/schema.org\",\"@graph\":[{\"@type\":\"WebPage\",\"@id\":\"https:\/\/www.praha14.cz\/zivot-na-praze-14\/dobra-praxe-zajimave-odkazy\/\",\"url\":\"https:\/\/www.praha14.cz\/zivot-na-praze-14\/dobra-praxe-zajimave-odkazy\/\",\"name\":\"Dobr\u00e1 praxe, zaj\u00edmav\u00e9 odkazy - \u017divot na Praze 14\",\"isPartOf\":{\"@id\":\"https:\/\/www.praha14.cz\/zivot-na-praze-14\/#website\"},\"primaryImageOfPage\":{\"@id\":\"https:\/\/www.praha14.cz\/zivot-na-praze-14\/dobra-praxe-zajimave-odkazy\/#primaryimage\"},\"image\":{\"@id\":\"https:\/\/www.praha14.cz\/zivot-na-praze-14\/dobra-praxe-zajimave-odkazy\/#primaryimage\"},\"thumbnailUrl\":\"https:\/\/www.praha14.cz\/app\/uploads\/sites\/4\/2020\/01\/49864378_10156167959019423_1371905110887628800_n.png\",\"datePublished\":\"2020-01-29T09:43:40+00:00\",\"dateModified\":\"2020-06-08T09:04:25+00:00\",\"breadcrumb\":{\"@id\":\"https:\/\/www.praha14.cz\/zivot-na-praze-14\/dobra-praxe-zajimave-odkazy\/#breadcrumb\"},\"inLanguage\":\"cs\",\"potentialAction\":[{\"@type\":\"ReadAction\",\"target\":[\"https:\/\/www.praha14.cz\/zivot-na-praze-14\/dobra-praxe-zajimave-odkazy\/\"]}]},{\"@type\":\"ImageObject\",\"inLanguage\":\"cs\",\"@id\":\"https:\/\/www.praha14.cz\/zivot-na-praze-14\/dobra-praxe-zajimave-odkazy\/#primaryimage\",\"url\":\"https:\/\/www.praha14.cz\/app\/uploads\/sites\/4\/2020\/01\/49864378_10156167959019423_1371905110887628800_n.png\",\"contentUrl\":\"https:\/\/www.praha14.cz\/app\/uploads\/sites\/4\/2020\/01\/49864378_10156167959019423_1371905110887628800_n.png\"},{\"@type\":\"BreadcrumbList\",\"@id\":\"https:\/\/www.praha14.cz\/zivot-na-praze-14\/dobra-praxe-zajimave-odkazy\/#breadcrumb\",\"itemListElement\":[{\"@type\":\"ListItem\",\"position\":1,\"name\":\"\u017divot na Praze 14\",\"item\":\"https:\/\/www.praha14.cz\/zivot-na-praze-14\/\"},{\"@type\":\"ListItem\",\"position\":2,\"name\":\"Dobr\u00e1 praxe, zaj\u00edmav\u00e9 odkazy\"}]},{\"@type\":\"WebSite\",\"@id\":\"https:\/\/www.praha14.cz\/zivot-na-praze-14\/#website\",\"url\":\"https:\/\/www.praha14.cz\/zivot-na-praze-14\/\",\"name\":\"\u017divot na Praze 14\",\"description\":\"\",\"potentialAction\":[{\"@type\":\"SearchAction\",\"target\":{\"@type\":\"EntryPoint\",\"urlTemplate\":\"https:\/\/www.praha14.cz\/zivot-na-praze-14\/?s={search_term_string}\"},\"query-input\":{\"@type\":\"PropertyValueSpecification\",\"valueRequired\":true,\"valueName\":\"search_term_string\"}}],\"inLanguage\":\"cs\"}]}<\/script>\n<!-- \/ Yoast SEO plugin. -->","yoast_head_json":{"title":"Dobr\u00e1 praxe, zaj\u00edmav\u00e9 odkazy - \u017divot na Praze 14","robots":{"index":"index","follow":"follow","max-snippet":"max-snippet:-1","max-image-preview":"max-image-preview:large","max-video-preview":"max-video-preview:-1"},"canonical":"https:\/\/www.praha14.cz\/zivot-na-praze-14\/dobra-praxe-zajimave-odkazy\/","og_locale":"cs_CZ","og_type":"article","og_title":"Dobr\u00e1 praxe, zaj\u00edmav\u00e9 odkazy - \u017divot na Praze 14","og_description":"Aplikace Kam s n\u00edm? nab\u00edz\u00ed snadn\u00e9 a rychl\u00e9 vyhled\u00e1n\u00ed m\u00edst ve va\u0161em okol\u00ed, kde se m\u016f\u017eete leg\u00e1ln\u011b &#8222;zbavit&#8220; sv\u00e9ho odpadu. Projekt m\u00e1 ambici v budoucnu integrovat v\u0161echna dostupn\u00e1 data t\u011bchto m\u00edst. &nbsp; &nbsp; &nbsp; Kam s t\u00edm? U\u017eite\u010dn\u00e9 informace o odpadech a jejich t\u0159\u00edd\u011bn\u00ed a to formou, kter\u00e1 je srozumiteln\u00e1. Web tak\u00e9 p\u0159in\u00e1\u0161\u00ed r\u016fzn\u00e9 zaj\u00edmavosti...","og_url":"https:\/\/www.praha14.cz\/zivot-na-praze-14\/dobra-praxe-zajimave-odkazy\/","og_site_name":"\u017divot na Praze 14","article_modified_time":"2020-06-08T09:04:25+00:00","og_image":[{"url":"https:\/\/www.praha14.cz\/app\/uploads\/sites\/4\/2020\/01\/49864378_10156167959019423_1371905110887628800_n.png","type":"","width":"","height":""}],"twitter_card":"summary_large_image","twitter_misc":{"Est. reading time":"3 minuty"},"schema":{"@context":"https:\/\/schema.org","@graph":[{"@type":"WebPage","@id":"https:\/\/www.praha14.cz\/zivot-na-praze-14\/dobra-praxe-zajimave-odkazy\/","url":"https:\/\/www.praha14.cz\/zivot-na-praze-14\/dobra-praxe-zajimave-odkazy\/","name":"Dobr\u00e1 praxe, zaj\u00edmav\u00e9 odkazy - \u017divot na Praze 14","isPartOf":{"@id":"https:\/\/www.praha14.cz\/zivot-na-praze-14\/#website"},"primaryImageOfPage":{"@id":"https:\/\/www.praha14.cz\/zivot-na-praze-14\/dobra-praxe-zajimave-odkazy\/#primaryimage"},"image":{"@id":"https:\/\/www.praha14.cz\/zivot-na-praze-14\/dobra-praxe-zajimave-odkazy\/#primaryimage"},"thumbnailUrl":"https:\/\/www.praha14.cz\/app\/uploads\/sites\/4\/2020\/01\/49864378_10156167959019423_1371905110887628800_n.png","datePublished":"2020-01-29T09:43:40+00:00","dateModified":"2020-06-08T09:04:25+00:00","breadcrumb":{"@id":"https:\/\/www.praha14.cz\/zivot-na-praze-14\/dobra-praxe-zajimave-odkazy\/#breadcrumb"},"inLanguage":"cs","potentialAction":[{"@type":"ReadAction","target":["https:\/\/www.praha14.cz\/zivot-na-praze-14\/dobra-praxe-zajimave-odkazy\/"]}]},{"@type":"ImageObject","inLanguage":"cs","@id":"https:\/\/www.praha14.cz\/zivot-na-praze-14\/dobra-praxe-zajimave-odkazy\/#primaryimage","url":"https:\/\/www.praha14.cz\/app\/uploads\/sites\/4\/2020\/01\/49864378_10156167959019423_1371905110887628800_n.png","contentUrl":"https:\/\/www.praha14.cz\/app\/uploads\/sites\/4\/2020\/01\/49864378_10156167959019423_1371905110887628800_n.png"},{"@type":"BreadcrumbList","@id":"https:\/\/www.praha14.cz\/zivot-na-praze-14\/dobra-praxe-zajimave-odkazy\/#breadcrumb","itemListElement":[{"@type":"ListItem","position":1,"name":"\u017divot na Praze 14","item":"https:\/\/www.praha14.cz\/zivot-na-praze-14\/"},{"@type":"ListItem","position":2,"name":"Dobr\u00e1 praxe, zaj\u00edmav\u00e9 odkazy"}]},{"@type":"WebSite","@id":"https:\/\/www.praha14.cz\/zivot-na-praze-14\/#website","url":"https:\/\/www.praha14.cz\/zivot-na-praze-14\/","name":"\u017divot na Praze 14","description":"","potentialAction":[{"@type":"SearchAction","target":{"@type":"EntryPoint","urlTemplate":"https:\/\/www.praha14.cz\/zivot-na-praze-14\/?s={search_term_string}"},"query-input":{"@type":"PropertyValueSpecification","valueRequired":true,"valueName":"search_term_string"}}],"inLanguage":"cs"}]}},"_links":{"self":[{"href":"https:\/\/www.praha14.cz\/zivot-na-praze-14\/wp-json\/wp\/v2\/pages\/52881","targetHints":{"allow":["GET"]}}],"collection":[{"href":"https:\/\/www.praha14.cz\/zivot-na-praze-14\/wp-json\/wp\/v2\/pages"}],"about":[{"href":"https:\/\/www.praha14.cz\/zivot-na-praze-14\/wp-json\/wp\/v2\/types\/page"}],"author":[{"embeddable":true,"href":"https:\/\/www.praha14.cz\/zivot-na-praze-14\/wp-json\/wp\/v2\/users\/1057"}],"replies":[{"embeddable":true,"href":"https:\/\/www.praha14.cz\/zivot-na-praze-14\/wp-json\/wp\/v2\/comments?post=52881"}],"version-history":[{"count":5,"href":"https:\/\/www.praha14.cz\/zivot-na-praze-14\/wp-json\/wp\/v2\/pages\/52881\/revisions"}],"predecessor-version":[{"id":55138,"href":"https:\/\/www.praha14.cz\/zivot-na-praze-14\/wp-json\/wp\/v2\/pages\/52881\/revisions\/55138"}],"wp:attachment":[{"href":"https:\/\/www.praha14.cz\/zivot-na-praze-14\/wp-json\/wp\/v2\/media?parent=52881"}],"curies":[{"name":"wp","href":"https:\/\/api.w.org\/{rel}","templated":true}]}}