{"id":56622,"date":"2020-09-16T09:44:56","date_gmt":"2020-09-16T09:44:56","guid":{"rendered":"https:\/\/www.praha14.cz\/zivot-na-praze-14\/?page_id=56622"},"modified":"2022-01-25T12:21:55","modified_gmt":"2022-01-25T12:21:55","slug":"centralni-park","status":"publish","type":"page","link":"https:\/\/www.praha14.cz\/zivot-na-praze-14\/centralni-park\/","title":{"rendered":"CENTR\u00c1LN\u00cd PARK"},"content":{"rendered":"<p>Typ: Parkov\u00e1 plocha<\/p>\n<p>\u00fa.: \u010cern\u00fd Most<\/p>\n<p>Studie si klade za c\u00edl Revitalizovat Centr\u00e1ln\u00ed park \u010cern\u00fd Most v\u010detn\u011b okol\u00ed rybn\u00edka Aloisov za \u00fa\u010delem zkvalitn\u011bn\u00ed a zatraktivn\u011bn\u00ed prost\u0159ed\u00ed parku, pos\u00edlen\u00ed bezpe\u010dnosti pro u\u017eivatele, vytvo\u0159en\u00ed prostor pro setk\u00e1v\u00e1n\u00ed a pro aktivn\u00ed tr\u00e1ven\u00ed voln\u00e9ho \u010dasu. Je navr\u017eena rekonstrukce cestn\u00ed s\u00edt\u011b, cyklostezka, revitalizace zelen\u011b v\u010detn\u011b nov\u00e9 v\u00fdsadby, nov\u00fd parkov\u00fd mobili\u00e1\u0159 a dopln\u011bn\u00e9 osv\u011btlen\u00ed.<\/p>\n<p>N\u00e1vrh \u201eRevitalizace\u201c vybr\u00e1n v\u00a0architektonick\u00e9 sout\u011b\u017ei.<\/p>\n<p><strong>P\u0159\u00edprava dokumentace pro \u00fazemn\u00ed rozhodnut\u00ed 2021<\/strong><\/p>\n<p><span style=\"color: #00ccff;\"><strong>Um\u00edst\u011bn\u00ed:<\/strong><\/span> kat. \u00fazem\u00ed \u010cern\u00fd Most, mezi s\u00eddli\u0161ti \u010cern\u00fd Most I. a \u010cern\u00fd Most II. kolem rybn\u00edka Aloisov<\/p>\n<p><span style=\"color: #00ccff;\"><strong>Projektant: <\/strong><\/span>gogol\u00e1k + grasse s.r.o., Jaurisova 515\/4, Praha 4<\/p>\n<p><strong><a href=\"https:\/\/www.praha14.cz\/app\/uploads\/sites\/4\/2020\/09\/centr\u00e1ln\u00ed-park.pdf\" target=\"_blank\" rel=\"noopener noreferrer\">Studie 2020<\/a><br \/>\n<a href=\"https:\/\/www.praha14.cz\/app\/uploads\/sites\/4\/2022\/01\/situace-Centralni-Park.pdf\" target=\"_blank\" rel=\"noopener\">Situace &#8211; Centr\u00e1ln\u00ed Park<\/a><br \/>\n<\/strong><\/p>\n","protected":false},"excerpt":{"rendered":"<p>Typ: Parkov\u00e1 plocha \u00fa.: \u010cern\u00fd Most Studie si klade za c\u00edl Revitalizovat Centr\u00e1ln\u00ed park \u010cern\u00fd Most v\u010detn\u011b okol\u00ed rybn\u00edka Aloisov za \u00fa\u010delem zkvalitn\u011bn\u00ed a zatraktivn\u011bn\u00ed prost\u0159ed\u00ed parku, pos\u00edlen\u00ed bezpe\u010dnosti pro u\u017eivatele, vytvo\u0159en\u00ed prostor pro setk\u00e1v\u00e1n\u00ed a pro aktivn\u00ed tr\u00e1ven\u00ed voln\u00e9ho \u010dasu. Je navr\u017eena rekonstrukce cestn\u00ed s\u00edt\u011b, cyklostezka, revitalizace zelen\u011b v\u010detn\u011b nov\u00e9 v\u00fdsadby, nov\u00fd parkov\u00fd mobili\u00e1\u0159&#8230;<\/p>\n","protected":false},"author":1057,"featured_media":0,"parent":0,"menu_order":0,"comment_status":"closed","ping_status":"closed","template":"","meta":{"_acf_changed":false,"footnotes":""},"class_list":["post-56622","page","type-page","status-publish","hentry"],"acf":[],"yoast_head":"<!-- This site is optimized with the Yoast SEO plugin v27.2 - https:\/\/yoast.com\/product\/yoast-seo-wordpress\/ -->\n<title>CENTR\u00c1LN\u00cd PARK - \u017divot na Praze 14<\/title>\n<meta name=\"robots\" content=\"index, follow, max-snippet:-1, max-image-preview:large, max-video-preview:-1\" \/>\n<link rel=\"canonical\" href=\"https:\/\/www.praha14.cz\/zivot-na-praze-14\/centralni-park\/\" \/>\n<meta property=\"og:locale\" content=\"cs_CZ\" \/>\n<meta property=\"og:type\" content=\"article\" \/>\n<meta property=\"og:title\" content=\"CENTR\u00c1LN\u00cd PARK - \u017divot na Praze 14\" \/>\n<meta property=\"og:description\" content=\"Typ: Parkov\u00e1 plocha \u00fa.: \u010cern\u00fd Most Studie si klade za c\u00edl Revitalizovat Centr\u00e1ln\u00ed park \u010cern\u00fd Most v\u010detn\u011b okol\u00ed rybn\u00edka Aloisov za \u00fa\u010delem zkvalitn\u011bn\u00ed a zatraktivn\u011bn\u00ed prost\u0159ed\u00ed parku, pos\u00edlen\u00ed bezpe\u010dnosti pro u\u017eivatele, vytvo\u0159en\u00ed prostor pro setk\u00e1v\u00e1n\u00ed a pro aktivn\u00ed tr\u00e1ven\u00ed voln\u00e9ho \u010dasu. Je navr\u017eena rekonstrukce cestn\u00ed s\u00edt\u011b, cyklostezka, revitalizace zelen\u011b v\u010detn\u011b nov\u00e9 v\u00fdsadby, nov\u00fd parkov\u00fd mobili\u00e1\u0159...\" \/>\n<meta property=\"og:url\" content=\"https:\/\/www.praha14.cz\/zivot-na-praze-14\/centralni-park\/\" \/>\n<meta property=\"og:site_name\" content=\"\u017divot na Praze 14\" \/>\n<meta property=\"article:modified_time\" content=\"2022-01-25T12:21:55+00:00\" \/>\n<meta name=\"twitter:card\" content=\"summary_large_image\" \/>\n<meta name=\"twitter:label1\" content=\"Est. reading time\" \/>\n\t<meta name=\"twitter:data1\" content=\"1 minuta\" \/>\n<script type=\"application\/ld+json\" class=\"yoast-schema-graph\">{\"@context\":\"https:\/\/schema.org\",\"@graph\":[{\"@type\":\"WebPage\",\"@id\":\"https:\/\/www.praha14.cz\/zivot-na-praze-14\/centralni-park\/\",\"url\":\"https:\/\/www.praha14.cz\/zivot-na-praze-14\/centralni-park\/\",\"name\":\"CENTR\u00c1LN\u00cd PARK - \u017divot na Praze 14\",\"isPartOf\":{\"@id\":\"https:\/\/www.praha14.cz\/zivot-na-praze-14\/#website\"},\"datePublished\":\"2020-09-16T09:44:56+00:00\",\"dateModified\":\"2022-01-25T12:21:55+00:00\",\"breadcrumb\":{\"@id\":\"https:\/\/www.praha14.cz\/zivot-na-praze-14\/centralni-park\/#breadcrumb\"},\"inLanguage\":\"cs\",\"potentialAction\":[{\"@type\":\"ReadAction\",\"target\":[\"https:\/\/www.praha14.cz\/zivot-na-praze-14\/centralni-park\/\"]}]},{\"@type\":\"BreadcrumbList\",\"@id\":\"https:\/\/www.praha14.cz\/zivot-na-praze-14\/centralni-park\/#breadcrumb\",\"itemListElement\":[{\"@type\":\"ListItem\",\"position\":1,\"name\":\"\u017divot na Praze 14\",\"item\":\"https:\/\/www.praha14.cz\/zivot-na-praze-14\/\"},{\"@type\":\"ListItem\",\"position\":2,\"name\":\"CENTR\u00c1LN\u00cd PARK\"}]},{\"@type\":\"WebSite\",\"@id\":\"https:\/\/www.praha14.cz\/zivot-na-praze-14\/#website\",\"url\":\"https:\/\/www.praha14.cz\/zivot-na-praze-14\/\",\"name\":\"\u017divot na Praze 14\",\"description\":\"\",\"potentialAction\":[{\"@type\":\"SearchAction\",\"target\":{\"@type\":\"EntryPoint\",\"urlTemplate\":\"https:\/\/www.praha14.cz\/zivot-na-praze-14\/?s={search_term_string}\"},\"query-input\":{\"@type\":\"PropertyValueSpecification\",\"valueRequired\":true,\"valueName\":\"search_term_string\"}}],\"inLanguage\":\"cs\"}]}<\/script>\n<!-- \/ Yoast SEO plugin. -->","yoast_head_json":{"title":"CENTR\u00c1LN\u00cd PARK - \u017divot na Praze 14","robots":{"index":"index","follow":"follow","max-snippet":"max-snippet:-1","max-image-preview":"max-image-preview:large","max-video-preview":"max-video-preview:-1"},"canonical":"https:\/\/www.praha14.cz\/zivot-na-praze-14\/centralni-park\/","og_locale":"cs_CZ","og_type":"article","og_title":"CENTR\u00c1LN\u00cd PARK - \u017divot na Praze 14","og_description":"Typ: Parkov\u00e1 plocha \u00fa.: \u010cern\u00fd Most Studie si klade za c\u00edl Revitalizovat Centr\u00e1ln\u00ed park \u010cern\u00fd Most v\u010detn\u011b okol\u00ed rybn\u00edka Aloisov za \u00fa\u010delem zkvalitn\u011bn\u00ed a zatraktivn\u011bn\u00ed prost\u0159ed\u00ed parku, pos\u00edlen\u00ed bezpe\u010dnosti pro u\u017eivatele, vytvo\u0159en\u00ed prostor pro setk\u00e1v\u00e1n\u00ed a pro aktivn\u00ed tr\u00e1ven\u00ed voln\u00e9ho \u010dasu. Je navr\u017eena rekonstrukce cestn\u00ed s\u00edt\u011b, cyklostezka, revitalizace zelen\u011b v\u010detn\u011b nov\u00e9 v\u00fdsadby, nov\u00fd parkov\u00fd mobili\u00e1\u0159...","og_url":"https:\/\/www.praha14.cz\/zivot-na-praze-14\/centralni-park\/","og_site_name":"\u017divot na Praze 14","article_modified_time":"2022-01-25T12:21:55+00:00","twitter_card":"summary_large_image","twitter_misc":{"Est. reading time":"1 minuta"},"schema":{"@context":"https:\/\/schema.org","@graph":[{"@type":"WebPage","@id":"https:\/\/www.praha14.cz\/zivot-na-praze-14\/centralni-park\/","url":"https:\/\/www.praha14.cz\/zivot-na-praze-14\/centralni-park\/","name":"CENTR\u00c1LN\u00cd PARK - \u017divot na Praze 14","isPartOf":{"@id":"https:\/\/www.praha14.cz\/zivot-na-praze-14\/#website"},"datePublished":"2020-09-16T09:44:56+00:00","dateModified":"2022-01-25T12:21:55+00:00","breadcrumb":{"@id":"https:\/\/www.praha14.cz\/zivot-na-praze-14\/centralni-park\/#breadcrumb"},"inLanguage":"cs","potentialAction":[{"@type":"ReadAction","target":["https:\/\/www.praha14.cz\/zivot-na-praze-14\/centralni-park\/"]}]},{"@type":"BreadcrumbList","@id":"https:\/\/www.praha14.cz\/zivot-na-praze-14\/centralni-park\/#breadcrumb","itemListElement":[{"@type":"ListItem","position":1,"name":"\u017divot na Praze 14","item":"https:\/\/www.praha14.cz\/zivot-na-praze-14\/"},{"@type":"ListItem","position":2,"name":"CENTR\u00c1LN\u00cd PARK"}]},{"@type":"WebSite","@id":"https:\/\/www.praha14.cz\/zivot-na-praze-14\/#website","url":"https:\/\/www.praha14.cz\/zivot-na-praze-14\/","name":"\u017divot na Praze 14","description":"","potentialAction":[{"@type":"SearchAction","target":{"@type":"EntryPoint","urlTemplate":"https:\/\/www.praha14.cz\/zivot-na-praze-14\/?s={search_term_string}"},"query-input":{"@type":"PropertyValueSpecification","valueRequired":true,"valueName":"search_term_string"}}],"inLanguage":"cs"}]}},"_links":{"self":[{"href":"https:\/\/www.praha14.cz\/zivot-na-praze-14\/wp-json\/wp\/v2\/pages\/56622","targetHints":{"allow":["GET"]}}],"collection":[{"href":"https:\/\/www.praha14.cz\/zivot-na-praze-14\/wp-json\/wp\/v2\/pages"}],"about":[{"href":"https:\/\/www.praha14.cz\/zivot-na-praze-14\/wp-json\/wp\/v2\/types\/page"}],"author":[{"embeddable":true,"href":"https:\/\/www.praha14.cz\/zivot-na-praze-14\/wp-json\/wp\/v2\/users\/1057"}],"replies":[{"embeddable":true,"href":"https:\/\/www.praha14.cz\/zivot-na-praze-14\/wp-json\/wp\/v2\/comments?post=56622"}],"version-history":[{"count":5,"href":"https:\/\/www.praha14.cz\/zivot-na-praze-14\/wp-json\/wp\/v2\/pages\/56622\/revisions"}],"predecessor-version":[{"id":61535,"href":"https:\/\/www.praha14.cz\/zivot-na-praze-14\/wp-json\/wp\/v2\/pages\/56622\/revisions\/61535"}],"wp:attachment":[{"href":"https:\/\/www.praha14.cz\/zivot-na-praze-14\/wp-json\/wp\/v2\/media?parent=56622"}],"curies":[{"name":"wp","href":"https:\/\/api.w.org\/{rel}","templated":true}]}}