{"id":56671,"date":"2020-09-17T07:42:04","date_gmt":"2020-09-17T07:42:04","guid":{"rendered":"https:\/\/www.praha14.cz\/zivot-na-praze-14\/?page_id=56671"},"modified":"2020-09-17T07:43:41","modified_gmt":"2020-09-17T07:43:41","slug":"uzemni-studie-lokality-na-hutich","status":"publish","type":"page","link":"https:\/\/www.praha14.cz\/zivot-na-praze-14\/uzemni-studie-lokality-na-hutich\/","title":{"rendered":"\u00daZEMN\u00cd STUDIE LOKALITY NA HUT\u00cdCH"},"content":{"rendered":"<p><span style=\"color: #00ccff;\"><strong>Um\u00edst\u011bn\u00ed:<\/strong><\/span> kat. \u00fazem\u00ed Kyje, po obou kraj\u00edch ulice Budovatelsk\u00e1, kter\u00e1 p\u0159edstavuje hlavn\u00ed prostorovou i provozn\u00ed osu t\u00e9to oblasti.<br \/>\nC\u00edlem \u00fazemn\u00ed studie je navrhnout v\u00a0\u0159e\u0161en\u00e9m \u00fazem\u00ed celkovou koncepci budouc\u00edho rozvoje. D\u016fraz je kladen p\u0159edev\u0161\u00edm\u00a0na vytvo\u0159en\u00ed m\u00edstn\u00edho centra lokality Hut\u011b, strukturu lokality, dimenze a charakter ve\u0159ejn\u00fdch prostranstv\u00ed v\u010detn\u011b park\u016f, na koncepci stavebn\u00edch blok\u016f a pozemk\u016f s\u00a0ur\u010den\u00edm charakteru, v\u00fd\u0161ky, kapacity a zp\u016fsobu vyu\u017eit\u00ed z\u00e1stavby, na koncepci ve\u0159ejn\u00e9 vybavenosti a dopravn\u00ed, technick\u00e9 a zelen\u00e9 infrastruktury.<\/p>\n<p><span style=\"color: #00ccff;\"><strong>Po\u0159izovatel:\u00a0<\/strong><\/span>Magistr\u00e1t hlavn\u00edho m\u011bsta Prahy, odbor \u00fazemn\u00edho rozvoje<\/p>\n<p><strong><span style=\"color: #00ccff;\">Projektant:<\/span>\u00a0<\/strong>Architektonick\u00fd ateli\u00e9r KAAMA, s.r.o., U \u0160kolsk\u00e9 zahrady 23, Praha 8<\/p>\n<p>Cel\u00e1 studie je k dispozici <a href=\"https:\/\/www.praha14.cz\/app\/uploads\/sites\/4\/2020\/09\/\u00fazemn\u00ed-studie-lokality-Na-hut\u00edch.pdf\" target=\"_blank\" rel=\"noopener noreferrer\">zde<\/a>.<\/p>\n","protected":false},"excerpt":{"rendered":"<p>Um\u00edst\u011bn\u00ed: kat. \u00fazem\u00ed Kyje, po obou kraj\u00edch ulice Budovatelsk\u00e1, kter\u00e1 p\u0159edstavuje hlavn\u00ed prostorovou i provozn\u00ed osu t\u00e9to oblasti. C\u00edlem \u00fazemn\u00ed studie je navrhnout v\u00a0\u0159e\u0161en\u00e9m \u00fazem\u00ed celkovou koncepci budouc\u00edho rozvoje. D\u016fraz je kladen p\u0159edev\u0161\u00edm\u00a0na vytvo\u0159en\u00ed m\u00edstn\u00edho centra lokality Hut\u011b, strukturu lokality, dimenze a charakter ve\u0159ejn\u00fdch prostranstv\u00ed v\u010detn\u011b park\u016f, na koncepci stavebn\u00edch blok\u016f a pozemk\u016f s\u00a0ur\u010den\u00edm charakteru,&#8230;<\/p>\n","protected":false},"author":1057,"featured_media":0,"parent":0,"menu_order":0,"comment_status":"closed","ping_status":"closed","template":"","meta":{"_acf_changed":false,"footnotes":""},"class_list":["post-56671","page","type-page","status-publish","hentry"],"acf":[],"yoast_head":"<!-- This site is optimized with the Yoast SEO plugin v27.2 - https:\/\/yoast.com\/product\/yoast-seo-wordpress\/ -->\n<title>\u00daZEMN\u00cd STUDIE LOKALITY NA HUT\u00cdCH - \u017divot na Praze 14<\/title>\n<meta name=\"robots\" content=\"index, follow, max-snippet:-1, max-image-preview:large, max-video-preview:-1\" \/>\n<link rel=\"canonical\" href=\"https:\/\/www.praha14.cz\/zivot-na-praze-14\/uzemni-studie-lokality-na-hutich\/\" \/>\n<meta property=\"og:locale\" content=\"cs_CZ\" \/>\n<meta property=\"og:type\" content=\"article\" \/>\n<meta property=\"og:title\" content=\"\u00daZEMN\u00cd STUDIE LOKALITY NA HUT\u00cdCH - \u017divot na Praze 14\" \/>\n<meta property=\"og:description\" content=\"Um\u00edst\u011bn\u00ed: kat. \u00fazem\u00ed Kyje, po obou kraj\u00edch ulice Budovatelsk\u00e1, kter\u00e1 p\u0159edstavuje hlavn\u00ed prostorovou i provozn\u00ed osu t\u00e9to oblasti. C\u00edlem \u00fazemn\u00ed studie je navrhnout v\u00a0\u0159e\u0161en\u00e9m \u00fazem\u00ed celkovou koncepci budouc\u00edho rozvoje. D\u016fraz je kladen p\u0159edev\u0161\u00edm\u00a0na vytvo\u0159en\u00ed m\u00edstn\u00edho centra lokality Hut\u011b, strukturu lokality, dimenze a charakter ve\u0159ejn\u00fdch prostranstv\u00ed v\u010detn\u011b park\u016f, na koncepci stavebn\u00edch blok\u016f a pozemk\u016f s\u00a0ur\u010den\u00edm charakteru,...\" \/>\n<meta property=\"og:url\" content=\"https:\/\/www.praha14.cz\/zivot-na-praze-14\/uzemni-studie-lokality-na-hutich\/\" \/>\n<meta property=\"og:site_name\" content=\"\u017divot na Praze 14\" \/>\n<meta property=\"article:modified_time\" content=\"2020-09-17T07:43:41+00:00\" \/>\n<meta name=\"twitter:card\" content=\"summary_large_image\" \/>\n<meta name=\"twitter:label1\" content=\"Est. reading time\" \/>\n\t<meta name=\"twitter:data1\" content=\"1 minuta\" \/>\n<script type=\"application\/ld+json\" class=\"yoast-schema-graph\">{\"@context\":\"https:\/\/schema.org\",\"@graph\":[{\"@type\":\"WebPage\",\"@id\":\"https:\/\/www.praha14.cz\/zivot-na-praze-14\/uzemni-studie-lokality-na-hutich\/\",\"url\":\"https:\/\/www.praha14.cz\/zivot-na-praze-14\/uzemni-studie-lokality-na-hutich\/\",\"name\":\"\u00daZEMN\u00cd STUDIE LOKALITY NA HUT\u00cdCH - \u017divot na Praze 14\",\"isPartOf\":{\"@id\":\"https:\/\/www.praha14.cz\/zivot-na-praze-14\/#website\"},\"datePublished\":\"2020-09-17T07:42:04+00:00\",\"dateModified\":\"2020-09-17T07:43:41+00:00\",\"breadcrumb\":{\"@id\":\"https:\/\/www.praha14.cz\/zivot-na-praze-14\/uzemni-studie-lokality-na-hutich\/#breadcrumb\"},\"inLanguage\":\"cs\",\"potentialAction\":[{\"@type\":\"ReadAction\",\"target\":[\"https:\/\/www.praha14.cz\/zivot-na-praze-14\/uzemni-studie-lokality-na-hutich\/\"]}]},{\"@type\":\"BreadcrumbList\",\"@id\":\"https:\/\/www.praha14.cz\/zivot-na-praze-14\/uzemni-studie-lokality-na-hutich\/#breadcrumb\",\"itemListElement\":[{\"@type\":\"ListItem\",\"position\":1,\"name\":\"\u017divot na Praze 14\",\"item\":\"https:\/\/www.praha14.cz\/zivot-na-praze-14\/\"},{\"@type\":\"ListItem\",\"position\":2,\"name\":\"\u00daZEMN\u00cd STUDIE LOKALITY NA HUT\u00cdCH\"}]},{\"@type\":\"WebSite\",\"@id\":\"https:\/\/www.praha14.cz\/zivot-na-praze-14\/#website\",\"url\":\"https:\/\/www.praha14.cz\/zivot-na-praze-14\/\",\"name\":\"\u017divot na Praze 14\",\"description\":\"\",\"potentialAction\":[{\"@type\":\"SearchAction\",\"target\":{\"@type\":\"EntryPoint\",\"urlTemplate\":\"https:\/\/www.praha14.cz\/zivot-na-praze-14\/?s={search_term_string}\"},\"query-input\":{\"@type\":\"PropertyValueSpecification\",\"valueRequired\":true,\"valueName\":\"search_term_string\"}}],\"inLanguage\":\"cs\"}]}<\/script>\n<!-- \/ Yoast SEO plugin. -->","yoast_head_json":{"title":"\u00daZEMN\u00cd STUDIE LOKALITY NA HUT\u00cdCH - \u017divot na Praze 14","robots":{"index":"index","follow":"follow","max-snippet":"max-snippet:-1","max-image-preview":"max-image-preview:large","max-video-preview":"max-video-preview:-1"},"canonical":"https:\/\/www.praha14.cz\/zivot-na-praze-14\/uzemni-studie-lokality-na-hutich\/","og_locale":"cs_CZ","og_type":"article","og_title":"\u00daZEMN\u00cd STUDIE LOKALITY NA HUT\u00cdCH - \u017divot na Praze 14","og_description":"Um\u00edst\u011bn\u00ed: kat. \u00fazem\u00ed Kyje, po obou kraj\u00edch ulice Budovatelsk\u00e1, kter\u00e1 p\u0159edstavuje hlavn\u00ed prostorovou i provozn\u00ed osu t\u00e9to oblasti. C\u00edlem \u00fazemn\u00ed studie je navrhnout v\u00a0\u0159e\u0161en\u00e9m \u00fazem\u00ed celkovou koncepci budouc\u00edho rozvoje. D\u016fraz je kladen p\u0159edev\u0161\u00edm\u00a0na vytvo\u0159en\u00ed m\u00edstn\u00edho centra lokality Hut\u011b, strukturu lokality, dimenze a charakter ve\u0159ejn\u00fdch prostranstv\u00ed v\u010detn\u011b park\u016f, na koncepci stavebn\u00edch blok\u016f a pozemk\u016f s\u00a0ur\u010den\u00edm charakteru,...","og_url":"https:\/\/www.praha14.cz\/zivot-na-praze-14\/uzemni-studie-lokality-na-hutich\/","og_site_name":"\u017divot na Praze 14","article_modified_time":"2020-09-17T07:43:41+00:00","twitter_card":"summary_large_image","twitter_misc":{"Est. reading time":"1 minuta"},"schema":{"@context":"https:\/\/schema.org","@graph":[{"@type":"WebPage","@id":"https:\/\/www.praha14.cz\/zivot-na-praze-14\/uzemni-studie-lokality-na-hutich\/","url":"https:\/\/www.praha14.cz\/zivot-na-praze-14\/uzemni-studie-lokality-na-hutich\/","name":"\u00daZEMN\u00cd STUDIE LOKALITY NA HUT\u00cdCH - \u017divot na Praze 14","isPartOf":{"@id":"https:\/\/www.praha14.cz\/zivot-na-praze-14\/#website"},"datePublished":"2020-09-17T07:42:04+00:00","dateModified":"2020-09-17T07:43:41+00:00","breadcrumb":{"@id":"https:\/\/www.praha14.cz\/zivot-na-praze-14\/uzemni-studie-lokality-na-hutich\/#breadcrumb"},"inLanguage":"cs","potentialAction":[{"@type":"ReadAction","target":["https:\/\/www.praha14.cz\/zivot-na-praze-14\/uzemni-studie-lokality-na-hutich\/"]}]},{"@type":"BreadcrumbList","@id":"https:\/\/www.praha14.cz\/zivot-na-praze-14\/uzemni-studie-lokality-na-hutich\/#breadcrumb","itemListElement":[{"@type":"ListItem","position":1,"name":"\u017divot na Praze 14","item":"https:\/\/www.praha14.cz\/zivot-na-praze-14\/"},{"@type":"ListItem","position":2,"name":"\u00daZEMN\u00cd STUDIE LOKALITY NA HUT\u00cdCH"}]},{"@type":"WebSite","@id":"https:\/\/www.praha14.cz\/zivot-na-praze-14\/#website","url":"https:\/\/www.praha14.cz\/zivot-na-praze-14\/","name":"\u017divot na Praze 14","description":"","potentialAction":[{"@type":"SearchAction","target":{"@type":"EntryPoint","urlTemplate":"https:\/\/www.praha14.cz\/zivot-na-praze-14\/?s={search_term_string}"},"query-input":{"@type":"PropertyValueSpecification","valueRequired":true,"valueName":"search_term_string"}}],"inLanguage":"cs"}]}},"_links":{"self":[{"href":"https:\/\/www.praha14.cz\/zivot-na-praze-14\/wp-json\/wp\/v2\/pages\/56671","targetHints":{"allow":["GET"]}}],"collection":[{"href":"https:\/\/www.praha14.cz\/zivot-na-praze-14\/wp-json\/wp\/v2\/pages"}],"about":[{"href":"https:\/\/www.praha14.cz\/zivot-na-praze-14\/wp-json\/wp\/v2\/types\/page"}],"author":[{"embeddable":true,"href":"https:\/\/www.praha14.cz\/zivot-na-praze-14\/wp-json\/wp\/v2\/users\/1057"}],"replies":[{"embeddable":true,"href":"https:\/\/www.praha14.cz\/zivot-na-praze-14\/wp-json\/wp\/v2\/comments?post=56671"}],"version-history":[{"count":3,"href":"https:\/\/www.praha14.cz\/zivot-na-praze-14\/wp-json\/wp\/v2\/pages\/56671\/revisions"}],"predecessor-version":[{"id":56674,"href":"https:\/\/www.praha14.cz\/zivot-na-praze-14\/wp-json\/wp\/v2\/pages\/56671\/revisions\/56674"}],"wp:attachment":[{"href":"https:\/\/www.praha14.cz\/zivot-na-praze-14\/wp-json\/wp\/v2\/media?parent=56671"}],"curies":[{"name":"wp","href":"https:\/\/api.w.org\/{rel}","templated":true}]}}