{"id":57830,"date":"2021-02-03T10:53:12","date_gmt":"2021-02-03T10:53:12","guid":{"rendered":"https:\/\/www.praha14.cz\/zivot-na-praze-14\/?page_id=57830"},"modified":"2022-01-25T13:01:12","modified_gmt":"2022-01-25T13:01:12","slug":"polyfunkcni-dum-hloubetin-klanovicka","status":"publish","type":"page","link":"https:\/\/www.praha14.cz\/zivot-na-praze-14\/polyfunkcni-dum-hloubetin-klanovicka\/","title":{"rendered":"OBYTN\u00dd SOUBOR HLOUB\u011aT\u00cdN &#8211; KL\u00c1NOVICK\u00c1"},"content":{"rendered":"<p><strong><span style=\"color: #00ccff;\">Investor, Projektant:<\/span>\u00a0<\/strong>CENTRAL GROUP a.s., Na str\u017ei 65\/1702, Praha 4<\/p>\n<p><span style=\"color: #00ccff;\"><strong>HPP:<\/strong><\/span> 13,6 tis m<sup>2<\/sup><\/p>\n<p><span style=\"color: #00ccff;\"><strong>Kapacita:<\/strong> <\/span>155 bj, 1230 m<sup>2<\/sup> komer\u010dn\u00ed plochy (zdravotn\u00ed st\u0159edisko, stravov\u00e1n\u00ed), 241 m<sup>2<\/sup> ostatn\u00ed plochy<\/p>\n<p><span style=\"color: #00ccff;\"><strong>Parkov\u00e1n\u00ed:<\/strong> <\/span>168\u00a0 parkovac\u00edch st\u00e1n\u00ed v podzem\u00ed a na povrchu<\/p>\n<p><strong>Studie 2021<\/strong><\/p>\n<p><a href=\"https:\/\/www.praha14.cz\/app\/uploads\/sites\/4\/2022\/01\/klanovicka-vizualizace.jpg\" target=\"_blank\" rel=\"noopener\" data-rel=\"lightbox-image-0\" data-rl_title=\"\" data-rl_caption=\"\" title=\"\"><img loading=\"lazy\" decoding=\"async\" class=\"alignleft wp-image-61567 size-thumbnail\" src=\"https:\/\/www.praha14.cz\/app\/uploads\/sites\/4\/2022\/01\/klanovicka-vizualizace-150x150.jpg\" alt=\"kl\u00e1novick\u00e1 vizualizace\" width=\"150\" height=\"150\" \/><\/a><a href=\"https:\/\/www.praha14.cz\/app\/uploads\/sites\/4\/2022\/01\/klanovicka-pudorys-1.jpg\" target=\"_blank\" rel=\"noopener\" data-rel=\"lightbox-image-1\" data-rl_title=\"\" data-rl_caption=\"\" title=\"\"><img loading=\"lazy\" decoding=\"async\" class=\"alignleft wp-image-61564 size-thumbnail\" src=\"https:\/\/www.praha14.cz\/app\/uploads\/sites\/4\/2022\/01\/klanovicka-pudorys-1-150x150.jpg\" alt=\"kl\u00e1novick\u00e1 p\u016fdorys 1\" width=\"150\" height=\"150\" \/><\/a><a href=\"https:\/\/www.praha14.cz\/app\/uploads\/sites\/4\/2022\/01\/klanovicka-pudorys-2.jpg\" target=\"_blank\" rel=\"noopener\" data-rel=\"lightbox-image-2\" data-rl_title=\"\" data-rl_caption=\"\" title=\"\"><img loading=\"lazy\" decoding=\"async\" class=\"alignleft wp-image-61565 size-thumbnail\" src=\"https:\/\/www.praha14.cz\/app\/uploads\/sites\/4\/2022\/01\/klanovicka-pudorys-2-150x150.jpg\" alt=\"kl\u00e1novick\u00e1 p\u016fdorys 2\" width=\"150\" height=\"150\" \/><\/a><a href=\"https:\/\/www.praha14.cz\/app\/uploads\/sites\/4\/2022\/01\/klanovicka-situace.jpg\" target=\"_blank\" rel=\"noopener\" data-rel=\"lightbox-image-3\" data-rl_title=\"\" data-rl_caption=\"\" title=\"\"><img loading=\"lazy\" decoding=\"async\" class=\"alignleft wp-image-61566 size-thumbnail\" src=\"https:\/\/www.praha14.cz\/app\/uploads\/sites\/4\/2022\/01\/klanovicka-situace-150x150.jpg\" alt=\"kl\u00e1novick\u00e1 situace\" width=\"150\" height=\"150\" \/><\/a><\/p>\n","protected":false},"excerpt":{"rendered":"<p>Investor, Projektant:\u00a0CENTRAL GROUP a.s., Na str\u017ei 65\/1702, Praha 4 HPP: 13,6 tis m2 Kapacita: 155 bj, 1230 m2 komer\u010dn\u00ed plochy (zdravotn\u00ed st\u0159edisko, stravov\u00e1n\u00ed), 241 m2 ostatn\u00ed plochy Parkov\u00e1n\u00ed: 168\u00a0 parkovac\u00edch st\u00e1n\u00ed v podzem\u00ed a na povrchu Studie 2021<\/p>\n","protected":false},"author":1057,"featured_media":0,"parent":0,"menu_order":0,"comment_status":"closed","ping_status":"closed","template":"","meta":{"_acf_changed":false,"footnotes":""},"class_list":["post-57830","page","type-page","status-publish","hentry"],"acf":[],"yoast_head":"<!-- This site is optimized with the Yoast SEO plugin v27.2 - https:\/\/yoast.com\/product\/yoast-seo-wordpress\/ -->\n<title>OBYTN\u00dd SOUBOR HLOUB\u011aT\u00cdN - KL\u00c1NOVICK\u00c1 - \u017divot na Praze 14<\/title>\n<meta name=\"robots\" content=\"index, follow, max-snippet:-1, max-image-preview:large, max-video-preview:-1\" \/>\n<link rel=\"canonical\" href=\"https:\/\/www.praha14.cz\/zivot-na-praze-14\/polyfunkcni-dum-hloubetin-klanovicka\/\" \/>\n<meta property=\"og:locale\" content=\"cs_CZ\" \/>\n<meta property=\"og:type\" content=\"article\" \/>\n<meta property=\"og:title\" content=\"OBYTN\u00dd SOUBOR HLOUB\u011aT\u00cdN - KL\u00c1NOVICK\u00c1 - \u017divot na Praze 14\" \/>\n<meta property=\"og:description\" content=\"Investor, Projektant:\u00a0CENTRAL GROUP a.s., Na str\u017ei 65\/1702, Praha 4 HPP: 13,6 tis m2 Kapacita: 155 bj, 1230 m2 komer\u010dn\u00ed plochy (zdravotn\u00ed st\u0159edisko, stravov\u00e1n\u00ed), 241 m2 ostatn\u00ed plochy Parkov\u00e1n\u00ed: 168\u00a0 parkovac\u00edch st\u00e1n\u00ed v podzem\u00ed a na povrchu Studie 2021\" \/>\n<meta property=\"og:url\" content=\"https:\/\/www.praha14.cz\/zivot-na-praze-14\/polyfunkcni-dum-hloubetin-klanovicka\/\" \/>\n<meta property=\"og:site_name\" content=\"\u017divot na Praze 14\" \/>\n<meta property=\"article:modified_time\" content=\"2022-01-25T13:01:12+00:00\" \/>\n<meta property=\"og:image\" content=\"https:\/\/www.praha14.cz\/app\/uploads\/sites\/4\/2022\/01\/klanovicka-vizualizace-150x150.jpg\" \/>\n<meta name=\"twitter:card\" content=\"summary_large_image\" \/>\n<script type=\"application\/ld+json\" class=\"yoast-schema-graph\">{\"@context\":\"https:\/\/schema.org\",\"@graph\":[{\"@type\":\"WebPage\",\"@id\":\"https:\/\/www.praha14.cz\/zivot-na-praze-14\/polyfunkcni-dum-hloubetin-klanovicka\/\",\"url\":\"https:\/\/www.praha14.cz\/zivot-na-praze-14\/polyfunkcni-dum-hloubetin-klanovicka\/\",\"name\":\"OBYTN\u00dd SOUBOR HLOUB\u011aT\u00cdN - KL\u00c1NOVICK\u00c1 - \u017divot na Praze 14\",\"isPartOf\":{\"@id\":\"https:\/\/www.praha14.cz\/zivot-na-praze-14\/#website\"},\"primaryImageOfPage\":{\"@id\":\"https:\/\/www.praha14.cz\/zivot-na-praze-14\/polyfunkcni-dum-hloubetin-klanovicka\/#primaryimage\"},\"image\":{\"@id\":\"https:\/\/www.praha14.cz\/zivot-na-praze-14\/polyfunkcni-dum-hloubetin-klanovicka\/#primaryimage\"},\"thumbnailUrl\":\"https:\/\/www.praha14.cz\/app\/uploads\/sites\/4\/2022\/01\/klanovicka-vizualizace-150x150.jpg\",\"datePublished\":\"2021-02-03T10:53:12+00:00\",\"dateModified\":\"2022-01-25T13:01:12+00:00\",\"breadcrumb\":{\"@id\":\"https:\/\/www.praha14.cz\/zivot-na-praze-14\/polyfunkcni-dum-hloubetin-klanovicka\/#breadcrumb\"},\"inLanguage\":\"cs\",\"potentialAction\":[{\"@type\":\"ReadAction\",\"target\":[\"https:\/\/www.praha14.cz\/zivot-na-praze-14\/polyfunkcni-dum-hloubetin-klanovicka\/\"]}]},{\"@type\":\"ImageObject\",\"inLanguage\":\"cs\",\"@id\":\"https:\/\/www.praha14.cz\/zivot-na-praze-14\/polyfunkcni-dum-hloubetin-klanovicka\/#primaryimage\",\"url\":\"https:\/\/www.praha14.cz\/app\/uploads\/sites\/4\/2022\/01\/klanovicka-vizualizace-150x150.jpg\",\"contentUrl\":\"https:\/\/www.praha14.cz\/app\/uploads\/sites\/4\/2022\/01\/klanovicka-vizualizace-150x150.jpg\"},{\"@type\":\"BreadcrumbList\",\"@id\":\"https:\/\/www.praha14.cz\/zivot-na-praze-14\/polyfunkcni-dum-hloubetin-klanovicka\/#breadcrumb\",\"itemListElement\":[{\"@type\":\"ListItem\",\"position\":1,\"name\":\"\u017divot na Praze 14\",\"item\":\"https:\/\/www.praha14.cz\/zivot-na-praze-14\/\"},{\"@type\":\"ListItem\",\"position\":2,\"name\":\"OBYTN\u00dd SOUBOR HLOUB\u011aT\u00cdN &#8211; KL\u00c1NOVICK\u00c1\"}]},{\"@type\":\"WebSite\",\"@id\":\"https:\/\/www.praha14.cz\/zivot-na-praze-14\/#website\",\"url\":\"https:\/\/www.praha14.cz\/zivot-na-praze-14\/\",\"name\":\"\u017divot na Praze 14\",\"description\":\"\",\"potentialAction\":[{\"@type\":\"SearchAction\",\"target\":{\"@type\":\"EntryPoint\",\"urlTemplate\":\"https:\/\/www.praha14.cz\/zivot-na-praze-14\/?s={search_term_string}\"},\"query-input\":{\"@type\":\"PropertyValueSpecification\",\"valueRequired\":true,\"valueName\":\"search_term_string\"}}],\"inLanguage\":\"cs\"}]}<\/script>\n<!-- \/ Yoast SEO plugin. -->","yoast_head_json":{"title":"OBYTN\u00dd SOUBOR HLOUB\u011aT\u00cdN - KL\u00c1NOVICK\u00c1 - \u017divot na Praze 14","robots":{"index":"index","follow":"follow","max-snippet":"max-snippet:-1","max-image-preview":"max-image-preview:large","max-video-preview":"max-video-preview:-1"},"canonical":"https:\/\/www.praha14.cz\/zivot-na-praze-14\/polyfunkcni-dum-hloubetin-klanovicka\/","og_locale":"cs_CZ","og_type":"article","og_title":"OBYTN\u00dd SOUBOR HLOUB\u011aT\u00cdN - KL\u00c1NOVICK\u00c1 - \u017divot na Praze 14","og_description":"Investor, Projektant:\u00a0CENTRAL GROUP a.s., Na str\u017ei 65\/1702, Praha 4 HPP: 13,6 tis m2 Kapacita: 155 bj, 1230 m2 komer\u010dn\u00ed plochy (zdravotn\u00ed st\u0159edisko, stravov\u00e1n\u00ed), 241 m2 ostatn\u00ed plochy Parkov\u00e1n\u00ed: 168\u00a0 parkovac\u00edch st\u00e1n\u00ed v podzem\u00ed a na povrchu Studie 2021","og_url":"https:\/\/www.praha14.cz\/zivot-na-praze-14\/polyfunkcni-dum-hloubetin-klanovicka\/","og_site_name":"\u017divot na Praze 14","article_modified_time":"2022-01-25T13:01:12+00:00","og_image":[{"url":"https:\/\/www.praha14.cz\/app\/uploads\/sites\/4\/2022\/01\/klanovicka-vizualizace-150x150.jpg","type":"","width":"","height":""}],"twitter_card":"summary_large_image","schema":{"@context":"https:\/\/schema.org","@graph":[{"@type":"WebPage","@id":"https:\/\/www.praha14.cz\/zivot-na-praze-14\/polyfunkcni-dum-hloubetin-klanovicka\/","url":"https:\/\/www.praha14.cz\/zivot-na-praze-14\/polyfunkcni-dum-hloubetin-klanovicka\/","name":"OBYTN\u00dd SOUBOR HLOUB\u011aT\u00cdN - KL\u00c1NOVICK\u00c1 - \u017divot na Praze 14","isPartOf":{"@id":"https:\/\/www.praha14.cz\/zivot-na-praze-14\/#website"},"primaryImageOfPage":{"@id":"https:\/\/www.praha14.cz\/zivot-na-praze-14\/polyfunkcni-dum-hloubetin-klanovicka\/#primaryimage"},"image":{"@id":"https:\/\/www.praha14.cz\/zivot-na-praze-14\/polyfunkcni-dum-hloubetin-klanovicka\/#primaryimage"},"thumbnailUrl":"https:\/\/www.praha14.cz\/app\/uploads\/sites\/4\/2022\/01\/klanovicka-vizualizace-150x150.jpg","datePublished":"2021-02-03T10:53:12+00:00","dateModified":"2022-01-25T13:01:12+00:00","breadcrumb":{"@id":"https:\/\/www.praha14.cz\/zivot-na-praze-14\/polyfunkcni-dum-hloubetin-klanovicka\/#breadcrumb"},"inLanguage":"cs","potentialAction":[{"@type":"ReadAction","target":["https:\/\/www.praha14.cz\/zivot-na-praze-14\/polyfunkcni-dum-hloubetin-klanovicka\/"]}]},{"@type":"ImageObject","inLanguage":"cs","@id":"https:\/\/www.praha14.cz\/zivot-na-praze-14\/polyfunkcni-dum-hloubetin-klanovicka\/#primaryimage","url":"https:\/\/www.praha14.cz\/app\/uploads\/sites\/4\/2022\/01\/klanovicka-vizualizace-150x150.jpg","contentUrl":"https:\/\/www.praha14.cz\/app\/uploads\/sites\/4\/2022\/01\/klanovicka-vizualizace-150x150.jpg"},{"@type":"BreadcrumbList","@id":"https:\/\/www.praha14.cz\/zivot-na-praze-14\/polyfunkcni-dum-hloubetin-klanovicka\/#breadcrumb","itemListElement":[{"@type":"ListItem","position":1,"name":"\u017divot na Praze 14","item":"https:\/\/www.praha14.cz\/zivot-na-praze-14\/"},{"@type":"ListItem","position":2,"name":"OBYTN\u00dd SOUBOR HLOUB\u011aT\u00cdN &#8211; KL\u00c1NOVICK\u00c1"}]},{"@type":"WebSite","@id":"https:\/\/www.praha14.cz\/zivot-na-praze-14\/#website","url":"https:\/\/www.praha14.cz\/zivot-na-praze-14\/","name":"\u017divot na Praze 14","description":"","potentialAction":[{"@type":"SearchAction","target":{"@type":"EntryPoint","urlTemplate":"https:\/\/www.praha14.cz\/zivot-na-praze-14\/?s={search_term_string}"},"query-input":{"@type":"PropertyValueSpecification","valueRequired":true,"valueName":"search_term_string"}}],"inLanguage":"cs"}]}},"_links":{"self":[{"href":"https:\/\/www.praha14.cz\/zivot-na-praze-14\/wp-json\/wp\/v2\/pages\/57830","targetHints":{"allow":["GET"]}}],"collection":[{"href":"https:\/\/www.praha14.cz\/zivot-na-praze-14\/wp-json\/wp\/v2\/pages"}],"about":[{"href":"https:\/\/www.praha14.cz\/zivot-na-praze-14\/wp-json\/wp\/v2\/types\/page"}],"author":[{"embeddable":true,"href":"https:\/\/www.praha14.cz\/zivot-na-praze-14\/wp-json\/wp\/v2\/users\/1057"}],"replies":[{"embeddable":true,"href":"https:\/\/www.praha14.cz\/zivot-na-praze-14\/wp-json\/wp\/v2\/comments?post=57830"}],"version-history":[{"count":5,"href":"https:\/\/www.praha14.cz\/zivot-na-praze-14\/wp-json\/wp\/v2\/pages\/57830\/revisions"}],"predecessor-version":[{"id":61568,"href":"https:\/\/www.praha14.cz\/zivot-na-praze-14\/wp-json\/wp\/v2\/pages\/57830\/revisions\/61568"}],"wp:attachment":[{"href":"https:\/\/www.praha14.cz\/zivot-na-praze-14\/wp-json\/wp\/v2\/media?parent=57830"}],"curies":[{"name":"wp","href":"https:\/\/api.w.org\/{rel}","templated":true}]}}