{"id":58103,"date":"2021-03-12T10:18:09","date_gmt":"2021-03-12T10:18:09","guid":{"rendered":"https:\/\/www.praha14.cz\/zivot-na-praze-14\/?page_id=58103"},"modified":"2026-05-05T07:29:52","modified_gmt":"2026-05-05T07:29:52","slug":"pomoc-v-socialni-oblasti","status":"publish","type":"page","link":"https:\/\/www.praha14.cz\/zivot-na-praze-14\/pomoc-v-socialni-oblasti\/","title":{"rendered":"Pomoc v soci\u00e1ln\u00ed oblasti"},"content":{"rendered":"<p><img loading=\"lazy\" decoding=\"async\" class=\"wp-image-58142 alignleft\" src=\"https:\/\/www.praha14.cz\/app\/uploads\/sites\/4\/2021\/03\/N\u00e1vrh-bez-n\u00e1zvu-4-1.png\" alt=\"\" width=\"152\" height=\"129\" srcset=\"https:\/\/www.praha14.cz\/app\/uploads\/sites\/4\/2021\/03\/N\u00e1vrh-bez-n\u00e1zvu-4-1.png 1376w, https:\/\/www.praha14.cz\/app\/uploads\/sites\/4\/2021\/03\/N\u00e1vrh-bez-n\u00e1zvu-4-1-370x315.png 370w, https:\/\/www.praha14.cz\/app\/uploads\/sites\/4\/2021\/03\/N\u00e1vrh-bez-n\u00e1zvu-4-1-1024x872.png 1024w, https:\/\/www.praha14.cz\/app\/uploads\/sites\/4\/2021\/03\/N\u00e1vrh-bez-n\u00e1zvu-4-1-768x654.png 768w\" sizes=\"(max-width: 152px) 100vw, 152px\" \/><\/p>\n<p>&nbsp;<\/p>\n<p>Nach\u00e1z\u00edte se str\u00e1nk\u00e1ch, kter\u00e9 se v\u011bnuj\u00ed v\u0161emu, co v Praze 14 souvis\u00ed se <span style=\"color: #ff5757;\"><strong>soci\u00e1ln\u00ed oblast\u00ed<\/strong><\/span>. Mimo jin\u00e9 zde naleznete <span style=\"color: #ff5757;\"><strong>p\u0159ehled poskytovatel\u016f soci\u00e1ln\u00edch slu\u017eeb<\/strong><\/span>, informace k <span style=\"color: #ff5757;\"><strong>soci\u00e1ln\u00edmu bydlen\u00ed<\/strong><\/span>, doprov\u00e1zen\u00ed <span style=\"color: #ff5757;\"><strong>p\u011bstoun\u016f<\/strong><\/span> \u010di podrobnosti k <span style=\"color: #ff5757;\"><strong>dotac\u00edm<\/strong><\/span> poskytovan\u00fdm m\u011bstskou \u010d\u00e1st\u00ed.<\/p>\n<p>&nbsp;<\/p>\n<p>&nbsp;<\/p>\n<table>\n<tbody>\n<tr>\n<td><strong><a style=\"font-family: inherit; font-size: inherit;\" href=\"https:\/\/www.praha14.cz\/zivot-na-praze-14\/poskytovatele-socialnich-sluzeb-v-praze-14\/\" target=\"_blank\" rel=\"noopener noreferrer\">POSKYTOVATEL\u00c9 SOCI\u00c1LN\u00cd SLU\u017dEB V PRAZE 14<\/a><\/strong><\/td>\n<\/tr>\n<tr>\n<td><strong><a style=\"font-family: inherit; font-size: inherit;\" href=\"https:\/\/www.praha14.cz\/zivot-na-praze-14\/socialni-bydleni-v-mc-praha-14\/\" target=\"_blank\" rel=\"noopener noreferrer\">SOCI\u00c1LN\u00cd BYDLEN\u00cd V M\u010c PRAHA 14<\/a><\/strong><\/td>\n<\/tr>\n<tr>\n<td><strong><a href=\"https:\/\/www.praha14.cz\/zivot-na-praze-14\/senior-taxi-prahy-14\/\" target=\"_blank\" rel=\"noopener\">SENIOR TAXI PRAHY 14<\/a><\/strong><\/td>\n<\/tr>\n<tr>\n<td width=\"214\"><strong><a style=\"font-family: inherit; font-size: inherit;\" href=\"https:\/\/www.praha14.cz\/zivot-na-praze-14\/socialni-oblast-2\/komunitni-planovani-socialnich-sluzeb\/\" target=\"_blank\" rel=\"noopener noreferrer\">KOMUNITN\u00cd PL\u00c1NOV\u00c1N\u00cd SOCI\u00c1LN\u00cdCH SLU\u017dEB<\/a><\/strong><\/td>\n<\/tr>\n<tr>\n<td><strong>STANDARDY V\u00ddKONU SOCI\u00c1LN\u011a &#8211; PR\u00c1VN\u00cd OCHRANY D\u011aT\u00cd KE STA\u017dEN\u00cd NA STR\u00c1NK\u00c1CH <a style=\"font-family: inherit; font-size: inherit;\" href=\"https:\/\/www.praha14.cz\/urad-mestske-casti\/o-uradu-mc-p14\/odbory-uradu\/?odbor=14288&amp;search=\" target=\"_blank\" rel=\"noopener noreferrer\">ODBORU SOC. V\u011aC\u00cd A ZDRAVOTNICTV\u00cd \u00daM\u010c PRAHA 14<\/a><\/strong><\/td>\n<\/tr>\n<tr>\n<td width=\"214\"><strong><a style=\"font-family: inherit; font-size: inherit;\" href=\"https:\/\/www.praha14.cz\/zivot-na-praze-14\/sluzby-pro-pestouny\/\" target=\"_blank\" rel=\"noopener noreferrer\">SLU\u017dBY PRO P\u011aSTOUNY<\/a><\/strong><\/td>\n<\/tr>\n<tr>\n<td><strong><a style=\"font-family: inherit; font-size: inherit;\" href=\"https:\/\/www.praha14.cz\/zivot-na-praze-14\/dobrovolnictvi-v-praze-14\/\" target=\"_blank\" rel=\"noopener noreferrer\">DOBROVOLNICTV\u00cd V PRAZE 14<\/a><\/strong><\/td>\n<\/tr>\n<tr>\n<td width=\"214\"><strong><a style=\"font-family: inherit; font-size: inherit;\" href=\"https:\/\/www.praha14.cz\/zivot-na-praze-14\/podpora-pecujicich\/\" target=\"_blank\" rel=\"noopener noreferrer\">PODPORA PE\u010cUJ\u00cdC\u00cdCH<\/a><\/strong><\/td>\n<\/tr>\n<tr>\n<td><strong><a style=\"font-family: inherit; font-size: inherit;\" href=\"https:\/\/www.praha14.cz\/urad-mestske-casti\/prevence-rakoviny-prsu-v-praze-14\/\" target=\"_blank\" rel=\"noopener noreferrer\">PREVENCE RAKOVINY PRSU<\/a><\/strong><\/td>\n<\/tr>\n<tr>\n<td width=\"214\"><strong><a style=\"font-family: inherit; font-size: inherit;\" href=\"https:\/\/www.uradprace.cz\/web\/cz\/praha-9\" target=\"_blank\" rel=\"noopener noreferrer\">PRACOVI\u0160T\u011a \u00da\u0158ADU PR\u00c1CE V PRAZE 14<\/a><\/strong><\/td>\n<\/tr>\n<tr>\n<td><strong><a style=\"font-family: inherit; font-size: inherit;\" href=\"https:\/\/www.praha14.cz\/zivot-na-praze-14\/balena-voda-pro-seniory-a-zdravotne-postizene\/\" target=\"_blank\" rel=\"noopener noreferrer\">BALEN\u00c1 VODA PRO SENIORY A LIDI SE ZDRAVOTN\u00cdM POSTI\u017dEN\u00cdM<\/a><\/strong><\/td>\n<\/tr>\n<tr>\n<td><strong><a href=\"https:\/\/www.praha14.cz\/samosprava\/dulezite-informace\/dotace\/\" target=\"_blank\" rel=\"noopener noreferrer\">DOTACE<\/a><\/strong><\/td>\n<\/tr>\n<tr>\n<td width=\"214\"><strong><a style=\"font-family: inherit; font-size: inherit;\" href=\"https:\/\/www.praha14.cz\/urad-mestske-casti\/o-uradu-mc-p14\/odbory-uradu\/?odbor=14288&amp;search=\" target=\"_blank\" rel=\"noopener noreferrer\">KONTAKTY NA PRACOVN\u00cdKY ODBORU SOCI\u00c1LN\u00cdCH V\u011aC\u00cd A ZDRAVOTNICTV\u00cd \u00daM\u010c PRAHA 14<\/a><\/strong><\/td>\n<\/tr>\n<tr>\n<td width=\"214\"><strong><a href=\"https:\/\/www.praha14.cz\/zivot-na-praze-14\/bezplatne-pravni-poradenstvi\/\" target=\"_blank\" rel=\"noopener noreferrer\">BEZPLATN\u00c9 PR\u00c1VN\u00cd A DLUHOV\u00c9 PORADENSTV\u00cd<\/a><\/strong><\/td>\n<\/tr>\n<tr>\n<td width=\"214\"><a href=\"https:\/\/www.praha14.cz\/zivot-na-praze-14\/kontaktni-misto-pro-bydleni-praha14\/\" target=\"_blank\" rel=\"noopener\"><strong>KONTAKTN\u00cd M\u00cdSTO PRO BYDLEN\u00cd PRAHA 14<\/strong><\/a><\/td>\n<\/tr>\n<\/tbody>\n<\/table>\n<p>&nbsp;<\/p>\n","protected":false},"excerpt":{"rendered":"<p>&nbsp; Nach\u00e1z\u00edte se str\u00e1nk\u00e1ch, kter\u00e9 se v\u011bnuj\u00ed v\u0161emu, co v Praze 14 souvis\u00ed se soci\u00e1ln\u00ed oblast\u00ed. Mimo jin\u00e9 zde naleznete p\u0159ehled poskytovatel\u016f soci\u00e1ln\u00edch slu\u017eeb, informace k soci\u00e1ln\u00edmu bydlen\u00ed, doprov\u00e1zen\u00ed p\u011bstoun\u016f \u010di podrobnosti k dotac\u00edm poskytovan\u00fdm m\u011bstskou \u010d\u00e1st\u00ed. &nbsp; &nbsp; POSKYTOVATEL\u00c9 SOCI\u00c1LN\u00cd SLU\u017dEB V PRAZE 14 SOCI\u00c1LN\u00cd BYDLEN\u00cd V M\u010c PRAHA 14 SENIOR TAXI PRAHY 14&#8230;<\/p>\n","protected":false},"author":6,"featured_media":0,"parent":0,"menu_order":0,"comment_status":"closed","ping_status":"closed","template":"","meta":{"_acf_changed":false,"footnotes":""},"class_list":["post-58103","page","type-page","status-publish","hentry"],"acf":[],"yoast_head":"<!-- This site is optimized with the Yoast SEO plugin v27.2 - https:\/\/yoast.com\/product\/yoast-seo-wordpress\/ -->\n<title>Pomoc v soci\u00e1ln\u00ed oblasti - \u017divot na Praze 14<\/title>\n<meta name=\"robots\" content=\"index, follow, max-snippet:-1, max-image-preview:large, max-video-preview:-1\" \/>\n<link rel=\"canonical\" href=\"https:\/\/www.praha14.cz\/zivot-na-praze-14\/pomoc-v-socialni-oblasti\/\" \/>\n<meta property=\"og:locale\" content=\"cs_CZ\" \/>\n<meta property=\"og:type\" content=\"article\" \/>\n<meta property=\"og:title\" content=\"Pomoc v soci\u00e1ln\u00ed oblasti - \u017divot na Praze 14\" \/>\n<meta property=\"og:description\" content=\"&nbsp; Nach\u00e1z\u00edte se str\u00e1nk\u00e1ch, kter\u00e9 se v\u011bnuj\u00ed v\u0161emu, co v Praze 14 souvis\u00ed se soci\u00e1ln\u00ed oblast\u00ed. Mimo jin\u00e9 zde naleznete p\u0159ehled poskytovatel\u016f soci\u00e1ln\u00edch slu\u017eeb, informace k soci\u00e1ln\u00edmu bydlen\u00ed, doprov\u00e1zen\u00ed p\u011bstoun\u016f \u010di podrobnosti k dotac\u00edm poskytovan\u00fdm m\u011bstskou \u010d\u00e1st\u00ed. &nbsp; &nbsp; POSKYTOVATEL\u00c9 SOCI\u00c1LN\u00cd SLU\u017dEB V PRAZE 14 SOCI\u00c1LN\u00cd BYDLEN\u00cd V M\u010c PRAHA 14 SENIOR TAXI PRAHY 14...\" \/>\n<meta property=\"og:url\" content=\"https:\/\/www.praha14.cz\/zivot-na-praze-14\/pomoc-v-socialni-oblasti\/\" \/>\n<meta property=\"og:site_name\" content=\"\u017divot na Praze 14\" \/>\n<meta property=\"article:modified_time\" content=\"2026-05-05T07:29:52+00:00\" \/>\n<meta name=\"twitter:card\" content=\"summary_large_image\" \/>\n<meta name=\"twitter:label1\" content=\"Est. reading time\" \/>\n\t<meta name=\"twitter:data1\" content=\"1 minuta\" \/>\n<script type=\"application\/ld+json\" class=\"yoast-schema-graph\">{\"@context\":\"https:\/\/schema.org\",\"@graph\":[{\"@type\":\"WebPage\",\"@id\":\"https:\/\/www.praha14.cz\/zivot-na-praze-14\/pomoc-v-socialni-oblasti\/\",\"url\":\"https:\/\/www.praha14.cz\/zivot-na-praze-14\/pomoc-v-socialni-oblasti\/\",\"name\":\"Pomoc v soci\u00e1ln\u00ed oblasti - \u017divot na Praze 14\",\"isPartOf\":{\"@id\":\"https:\/\/www.praha14.cz\/zivot-na-praze-14\/#website\"},\"datePublished\":\"2021-03-12T10:18:09+00:00\",\"dateModified\":\"2026-05-05T07:29:52+00:00\",\"breadcrumb\":{\"@id\":\"https:\/\/www.praha14.cz\/zivot-na-praze-14\/pomoc-v-socialni-oblasti\/#breadcrumb\"},\"inLanguage\":\"cs\",\"potentialAction\":[{\"@type\":\"ReadAction\",\"target\":[\"https:\/\/www.praha14.cz\/zivot-na-praze-14\/pomoc-v-socialni-oblasti\/\"]}]},{\"@type\":\"BreadcrumbList\",\"@id\":\"https:\/\/www.praha14.cz\/zivot-na-praze-14\/pomoc-v-socialni-oblasti\/#breadcrumb\",\"itemListElement\":[{\"@type\":\"ListItem\",\"position\":1,\"name\":\"\u017divot na Praze 14\",\"item\":\"https:\/\/www.praha14.cz\/zivot-na-praze-14\/\"},{\"@type\":\"ListItem\",\"position\":2,\"name\":\"Pomoc v soci\u00e1ln\u00ed oblasti\"}]},{\"@type\":\"WebSite\",\"@id\":\"https:\/\/www.praha14.cz\/zivot-na-praze-14\/#website\",\"url\":\"https:\/\/www.praha14.cz\/zivot-na-praze-14\/\",\"name\":\"\u017divot na Praze 14\",\"description\":\"\",\"potentialAction\":[{\"@type\":\"SearchAction\",\"target\":{\"@type\":\"EntryPoint\",\"urlTemplate\":\"https:\/\/www.praha14.cz\/zivot-na-praze-14\/?s={search_term_string}\"},\"query-input\":{\"@type\":\"PropertyValueSpecification\",\"valueRequired\":true,\"valueName\":\"search_term_string\"}}],\"inLanguage\":\"cs\"}]}<\/script>\n<!-- \/ Yoast SEO plugin. -->","yoast_head_json":{"title":"Pomoc v soci\u00e1ln\u00ed oblasti - \u017divot na Praze 14","robots":{"index":"index","follow":"follow","max-snippet":"max-snippet:-1","max-image-preview":"max-image-preview:large","max-video-preview":"max-video-preview:-1"},"canonical":"https:\/\/www.praha14.cz\/zivot-na-praze-14\/pomoc-v-socialni-oblasti\/","og_locale":"cs_CZ","og_type":"article","og_title":"Pomoc v soci\u00e1ln\u00ed oblasti - \u017divot na Praze 14","og_description":"&nbsp; Nach\u00e1z\u00edte se str\u00e1nk\u00e1ch, kter\u00e9 se v\u011bnuj\u00ed v\u0161emu, co v Praze 14 souvis\u00ed se soci\u00e1ln\u00ed oblast\u00ed. Mimo jin\u00e9 zde naleznete p\u0159ehled poskytovatel\u016f soci\u00e1ln\u00edch slu\u017eeb, informace k soci\u00e1ln\u00edmu bydlen\u00ed, doprov\u00e1zen\u00ed p\u011bstoun\u016f \u010di podrobnosti k dotac\u00edm poskytovan\u00fdm m\u011bstskou \u010d\u00e1st\u00ed. &nbsp; &nbsp; POSKYTOVATEL\u00c9 SOCI\u00c1LN\u00cd SLU\u017dEB V PRAZE 14 SOCI\u00c1LN\u00cd BYDLEN\u00cd V M\u010c PRAHA 14 SENIOR TAXI PRAHY 14...","og_url":"https:\/\/www.praha14.cz\/zivot-na-praze-14\/pomoc-v-socialni-oblasti\/","og_site_name":"\u017divot na Praze 14","article_modified_time":"2026-05-05T07:29:52+00:00","twitter_card":"summary_large_image","twitter_misc":{"Est. reading time":"1 minuta"},"schema":{"@context":"https:\/\/schema.org","@graph":[{"@type":"WebPage","@id":"https:\/\/www.praha14.cz\/zivot-na-praze-14\/pomoc-v-socialni-oblasti\/","url":"https:\/\/www.praha14.cz\/zivot-na-praze-14\/pomoc-v-socialni-oblasti\/","name":"Pomoc v soci\u00e1ln\u00ed oblasti - \u017divot na Praze 14","isPartOf":{"@id":"https:\/\/www.praha14.cz\/zivot-na-praze-14\/#website"},"datePublished":"2021-03-12T10:18:09+00:00","dateModified":"2026-05-05T07:29:52+00:00","breadcrumb":{"@id":"https:\/\/www.praha14.cz\/zivot-na-praze-14\/pomoc-v-socialni-oblasti\/#breadcrumb"},"inLanguage":"cs","potentialAction":[{"@type":"ReadAction","target":["https:\/\/www.praha14.cz\/zivot-na-praze-14\/pomoc-v-socialni-oblasti\/"]}]},{"@type":"BreadcrumbList","@id":"https:\/\/www.praha14.cz\/zivot-na-praze-14\/pomoc-v-socialni-oblasti\/#breadcrumb","itemListElement":[{"@type":"ListItem","position":1,"name":"\u017divot na Praze 14","item":"https:\/\/www.praha14.cz\/zivot-na-praze-14\/"},{"@type":"ListItem","position":2,"name":"Pomoc v soci\u00e1ln\u00ed oblasti"}]},{"@type":"WebSite","@id":"https:\/\/www.praha14.cz\/zivot-na-praze-14\/#website","url":"https:\/\/www.praha14.cz\/zivot-na-praze-14\/","name":"\u017divot na Praze 14","description":"","potentialAction":[{"@type":"SearchAction","target":{"@type":"EntryPoint","urlTemplate":"https:\/\/www.praha14.cz\/zivot-na-praze-14\/?s={search_term_string}"},"query-input":{"@type":"PropertyValueSpecification","valueRequired":true,"valueName":"search_term_string"}}],"inLanguage":"cs"}]}},"_links":{"self":[{"href":"https:\/\/www.praha14.cz\/zivot-na-praze-14\/wp-json\/wp\/v2\/pages\/58103","targetHints":{"allow":["GET"]}}],"collection":[{"href":"https:\/\/www.praha14.cz\/zivot-na-praze-14\/wp-json\/wp\/v2\/pages"}],"about":[{"href":"https:\/\/www.praha14.cz\/zivot-na-praze-14\/wp-json\/wp\/v2\/types\/page"}],"author":[{"embeddable":true,"href":"https:\/\/www.praha14.cz\/zivot-na-praze-14\/wp-json\/wp\/v2\/users\/6"}],"replies":[{"embeddable":true,"href":"https:\/\/www.praha14.cz\/zivot-na-praze-14\/wp-json\/wp\/v2\/comments?post=58103"}],"version-history":[{"count":8,"href":"https:\/\/www.praha14.cz\/zivot-na-praze-14\/wp-json\/wp\/v2\/pages\/58103\/revisions"}],"predecessor-version":[{"id":74738,"href":"https:\/\/www.praha14.cz\/zivot-na-praze-14\/wp-json\/wp\/v2\/pages\/58103\/revisions\/74738"}],"wp:attachment":[{"href":"https:\/\/www.praha14.cz\/zivot-na-praze-14\/wp-json\/wp\/v2\/media?parent=58103"}],"curies":[{"name":"wp","href":"https:\/\/api.w.org\/{rel}","templated":true}]}}