{"id":58601,"date":"2021-05-18T09:08:03","date_gmt":"2021-05-18T09:08:03","guid":{"rendered":"https:\/\/www.praha14.cz\/zivot-na-praze-14\/?page_id=58601"},"modified":"2023-01-17T12:29:35","modified_gmt":"2023-01-17T12:29:35","slug":"voda-a-vodni-rezim-ve-meste","status":"publish","type":"page","link":"https:\/\/www.praha14.cz\/zivot-na-praze-14\/globalni-odpovednost\/voda-a-vodni-rezim-ve-meste\/","title":{"rendered":"Voda a vodn\u00ed re\u017eim"},"content":{"rendered":"<p><a href=\"https:\/\/www.praha14.cz\/app\/uploads\/sites\/4\/2021\/06\/voda.jpg\" target=\"_blank\" rel=\"noopener noreferrer\" data-rel=\"lightbox-image-0\" data-rl_title=\"\" data-rl_caption=\"\"><img loading=\"lazy\" decoding=\"async\" class=\"alignleft wp-image-58922\" title=\"\" src=\"https:\/\/www.praha14.cz\/app\/uploads\/sites\/4\/2021\/06\/voda.jpg\" alt=\"Hospoda\u0159en\u00ed s vodou\" width=\"351\" height=\"198\" srcset=\"https:\/\/www.praha14.cz\/app\/uploads\/sites\/4\/2021\/06\/voda.jpg 584w, https:\/\/www.praha14.cz\/app\/uploads\/sites\/4\/2021\/06\/voda-370x208.jpg 370w\" sizes=\"(max-width: 351px) 100vw, 351px\" \/><\/a>V souvislosti s\u00a0dopady klimatick\u00fdch zm\u011bn je v \u010cesk\u00e9 republice v\u00a0posledn\u00edch letech zmi\u0148ov\u00e1n rostouc\u00ed deficit vody. M\u011bstsk\u00e1 \u010d\u00e1st Praha 14, jej\u00ed\u017e \u00fazem\u00ed je z\u00a0v\u011bt\u0161\u00ed \u010d\u00e1sti pokryt\u00e9 r\u016fznorodou z\u00e1stavbou, ale z\u00e1rove\u0148 se zde nach\u00e1z\u00ed i vysok\u00fd pod\u00edl zelen\u011b s v\u00fdznamn\u00fdmi vodn\u00edmi plochami, nen\u00ed v\u00fdjimkou.<\/p>\n<p>Veden\u00ed M\u010c si uv\u011bdomuje z\u00e1va\u017enost tohoto probl\u00e9mu, a proto je t\u00e9ma vody a nakl\u00e1d\u00e1n\u00ed s\u00a0n\u00ed jednou z\u00a0oblast\u00ed, kter\u00e9 se chce v\u00a0r\u00e1mci sv\u00fdch strategick\u00fdch dokument\u016f a \u010dinnost\u00ed aktivn\u011b v\u011bnovat.<\/p>\n<p><strong><u>Mezi hlavn\u00ed specifick\u00e9 c\u00edle pat\u0159\u00ed:<\/u><\/strong><\/p>\n<ul>\n<li>Rozvoj hospoda\u0159en\u00ed se sr\u00e1\u017ekovou vodou<\/li>\n<li>Realizace protipovod\u0148ov\u00fdch opat\u0159en\u00ed<\/li>\n<li>Podpora vzniku vodn\u00edch prvk\u016f<\/li>\n<\/ul>\n<p>Specifick\u00e9 c\u00edle reaguj\u00ed na del\u0161\u00ed obdob\u00ed sucha a p\u0159\u00edvalov\u00e9 de\u0161t\u011b souvisej\u00edc\u00ed s\u00a0bleskov\u00fdmi povodn\u011bmi, dopln\u011bn\u00ed vlhkosti do lokalit n\u00e1chyln\u00fdch na p\u0159eh\u0159\u00edv\u00e1n\u00ed, \u00fasporn\u00e9 nakl\u00e1d\u00e1n\u00ed s\u00a0vodou, jej\u00ed sb\u011br a opakovan\u00e9 vyu\u017eit\u00ed.<\/p>\n<p>M\u010c na hled\u00e1n\u00ed vhodn\u00fdch opat\u0159en\u00edch na eliminaci dopad\u016f klimatick\u00fdch zm\u011bn v dan\u00e9 oblasti \u00fazce spolupracuje jak s ostatn\u00edmi org\u00e1ny st\u00e1tn\u00ed spr\u00e1vy a samospr\u00e1vy, tak i s odbornou ve\u0159ejnost\u00ed,\u00a0 kl\u00ed\u010dov\u00fdmi m\u00edstn\u00edmi akt\u00e9ry a obyvateli M\u010c Praha 14.<\/p>\n<section class=\"p14-panel-group\"><div id=\"panel_group_1\" class=\"panel-group\"><br \/>\n<article class=\"panel panel-default\">\n\t\t\t<div class=\"panel-heading\">\n\t\t\t\t<h1 class=\"panel-title\">\n\t\t\t\t\t<a data-toggle=\"collapse\" data-parent=\"#panel_group_1\" href=\"#panel_1_1\" class=\"collapsed\">\n\t\t\t\t\t\tRozvinut\u00fd syst\u00e9m hospoda\u0159en\u00ed se sr\u00e1\u017ekovou vodou\n\t\t\t\t\t<\/a>\n\t\t\t\t<\/h1>\n\t\t\t<\/div>\n\t\t\t<div id=\"panel_1_1\" class=\"panel-collapse collapse\">\n\t\t\t\t<div class=\"panel-body\">\n\t\t\t\t\t<br \/>\n\n\t\t\t\t<\/div>\n\t\t\t<\/div>\n\t\t<\/article><article class=\"panel panel-default\">\n\t\t\t<div class=\"panel-heading\">\n\t\t\t\t<h1 class=\"panel-title\">\n\t\t\t\t\t<a data-toggle=\"collapse\" data-parent=\"#panel_group_1\" href=\"#panel_1_2\" class=\"collapsed\">\n\t\t\t\t\t\tEliminovan\u00e1 rizika souvisej\u00edc\u00ed s povodn\u011bmi\n\t\t\t\t\t<\/a>\n\t\t\t\t<\/h1>\n\t\t\t<\/div>\n\t\t\t<div id=\"panel_1_2\" class=\"panel-collapse collapse\">\n\t\t\t\t<div class=\"panel-body\">\n\t\t\t\t\t<br \/>\n\n\t\t\t\t<\/div>\n\t\t\t<\/div>\n\t\t<\/article><article class=\"panel panel-default\">\n\t\t\t<div class=\"panel-heading\">\n\t\t\t\t<h1 class=\"panel-title\">\n\t\t\t\t\t<a data-toggle=\"collapse\" data-parent=\"#panel_group_1\" href=\"#panel_1_3\" class=\"collapsed\">\n\t\t\t\t\t\tVytvo\u0159en\u00e1 soustava vodn\u00edch prvk\u016f na \u00fazem\u00ed M\u010c\n\t\t\t\t\t<\/a>\n\t\t\t\t<\/h1>\n\t\t\t<\/div>\n\t\t\t<div id=\"panel_1_3\" class=\"panel-collapse collapse\">\n\t\t\t\t<div class=\"panel-body\">\n\t\t\t\t\t<br \/>\n\n\t\t\t\t<\/div>\n\t\t\t<\/div>\n\t\t<\/article><\/div><\/section>\n","protected":false},"excerpt":{"rendered":"<p>V souvislosti s\u00a0dopady klimatick\u00fdch zm\u011bn je v \u010cesk\u00e9 republice v\u00a0posledn\u00edch letech zmi\u0148ov\u00e1n rostouc\u00ed deficit vody. M\u011bstsk\u00e1 \u010d\u00e1st Praha 14, jej\u00ed\u017e \u00fazem\u00ed je z\u00a0v\u011bt\u0161\u00ed \u010d\u00e1sti pokryt\u00e9 r\u016fznorodou z\u00e1stavbou, ale z\u00e1rove\u0148 se zde nach\u00e1z\u00ed i vysok\u00fd pod\u00edl zelen\u011b s v\u00fdznamn\u00fdmi vodn\u00edmi plochami, nen\u00ed v\u00fdjimkou. Veden\u00ed M\u010c si uv\u011bdomuje z\u00e1va\u017enost tohoto probl\u00e9mu, a proto je t\u00e9ma vody a&#8230;<\/p>\n","protected":false},"author":1057,"featured_media":0,"parent":58551,"menu_order":0,"comment_status":"closed","ping_status":"closed","template":"","meta":{"_acf_changed":false,"footnotes":""},"class_list":["post-58601","page","type-page","status-publish","hentry"],"acf":[],"yoast_head":"<!-- This site is optimized with the Yoast SEO plugin v27.2 - https:\/\/yoast.com\/product\/yoast-seo-wordpress\/ -->\n<title>Voda a vodn\u00ed re\u017eim - \u017divot na Praze 14<\/title>\n<meta name=\"robots\" content=\"index, follow, max-snippet:-1, max-image-preview:large, max-video-preview:-1\" \/>\n<link rel=\"canonical\" href=\"https:\/\/www.praha14.cz\/zivot-na-praze-14\/globalni-odpovednost\/voda-a-vodni-rezim-ve-meste\/\" \/>\n<meta property=\"og:locale\" content=\"cs_CZ\" \/>\n<meta property=\"og:type\" content=\"article\" \/>\n<meta property=\"og:title\" content=\"Voda a vodn\u00ed re\u017eim - \u017divot na Praze 14\" \/>\n<meta property=\"og:description\" content=\"V souvislosti s\u00a0dopady klimatick\u00fdch zm\u011bn je v \u010cesk\u00e9 republice v\u00a0posledn\u00edch letech zmi\u0148ov\u00e1n rostouc\u00ed deficit vody. M\u011bstsk\u00e1 \u010d\u00e1st Praha 14, jej\u00ed\u017e \u00fazem\u00ed je z\u00a0v\u011bt\u0161\u00ed \u010d\u00e1sti pokryt\u00e9 r\u016fznorodou z\u00e1stavbou, ale z\u00e1rove\u0148 se zde nach\u00e1z\u00ed i vysok\u00fd pod\u00edl zelen\u011b s v\u00fdznamn\u00fdmi vodn\u00edmi plochami, nen\u00ed v\u00fdjimkou. Veden\u00ed M\u010c si uv\u011bdomuje z\u00e1va\u017enost tohoto probl\u00e9mu, a proto je t\u00e9ma vody a...\" \/>\n<meta property=\"og:url\" content=\"https:\/\/www.praha14.cz\/zivot-na-praze-14\/globalni-odpovednost\/voda-a-vodni-rezim-ve-meste\/\" \/>\n<meta property=\"og:site_name\" content=\"\u017divot na Praze 14\" \/>\n<meta property=\"article:modified_time\" content=\"2023-01-17T12:29:35+00:00\" \/>\n<meta property=\"og:image\" content=\"https:\/\/www.praha14.cz\/app\/uploads\/sites\/4\/2021\/06\/voda.jpg\" \/>\n<meta name=\"twitter:card\" content=\"summary_large_image\" \/>\n<meta name=\"twitter:label1\" content=\"Est. reading time\" \/>\n\t<meta name=\"twitter:data1\" content=\"1 minuta\" \/>\n<script type=\"application\/ld+json\" class=\"yoast-schema-graph\">{\"@context\":\"https:\/\/schema.org\",\"@graph\":[{\"@type\":\"WebPage\",\"@id\":\"https:\/\/www.praha14.cz\/zivot-na-praze-14\/globalni-odpovednost\/voda-a-vodni-rezim-ve-meste\/\",\"url\":\"https:\/\/www.praha14.cz\/zivot-na-praze-14\/globalni-odpovednost\/voda-a-vodni-rezim-ve-meste\/\",\"name\":\"Voda a vodn\u00ed re\u017eim - \u017divot na Praze 14\",\"isPartOf\":{\"@id\":\"https:\/\/www.praha14.cz\/zivot-na-praze-14\/#website\"},\"primaryImageOfPage\":{\"@id\":\"https:\/\/www.praha14.cz\/zivot-na-praze-14\/globalni-odpovednost\/voda-a-vodni-rezim-ve-meste\/#primaryimage\"},\"image\":{\"@id\":\"https:\/\/www.praha14.cz\/zivot-na-praze-14\/globalni-odpovednost\/voda-a-vodni-rezim-ve-meste\/#primaryimage\"},\"thumbnailUrl\":\"https:\/\/www.praha14.cz\/app\/uploads\/sites\/4\/2021\/06\/voda.jpg\",\"datePublished\":\"2021-05-18T09:08:03+00:00\",\"dateModified\":\"2023-01-17T12:29:35+00:00\",\"breadcrumb\":{\"@id\":\"https:\/\/www.praha14.cz\/zivot-na-praze-14\/globalni-odpovednost\/voda-a-vodni-rezim-ve-meste\/#breadcrumb\"},\"inLanguage\":\"cs\",\"potentialAction\":[{\"@type\":\"ReadAction\",\"target\":[\"https:\/\/www.praha14.cz\/zivot-na-praze-14\/globalni-odpovednost\/voda-a-vodni-rezim-ve-meste\/\"]}]},{\"@type\":\"ImageObject\",\"inLanguage\":\"cs\",\"@id\":\"https:\/\/www.praha14.cz\/zivot-na-praze-14\/globalni-odpovednost\/voda-a-vodni-rezim-ve-meste\/#primaryimage\",\"url\":\"https:\/\/www.praha14.cz\/app\/uploads\/sites\/4\/2021\/06\/voda.jpg\",\"contentUrl\":\"https:\/\/www.praha14.cz\/app\/uploads\/sites\/4\/2021\/06\/voda.jpg\"},{\"@type\":\"BreadcrumbList\",\"@id\":\"https:\/\/www.praha14.cz\/zivot-na-praze-14\/globalni-odpovednost\/voda-a-vodni-rezim-ve-meste\/#breadcrumb\",\"itemListElement\":[{\"@type\":\"ListItem\",\"position\":1,\"name\":\"\u017divot na Praze 14\",\"item\":\"https:\/\/www.praha14.cz\/zivot-na-praze-14\/\"},{\"@type\":\"ListItem\",\"position\":2,\"name\":\"Glob\u00e1ln\u00ed odpov\u011bdnost\",\"item\":\"https:\/\/www.praha14.cz\/zivot-na-praze-14\/globalni-odpovednost\/\"},{\"@type\":\"ListItem\",\"position\":3,\"name\":\"Voda a vodn\u00ed re\u017eim\"}]},{\"@type\":\"WebSite\",\"@id\":\"https:\/\/www.praha14.cz\/zivot-na-praze-14\/#website\",\"url\":\"https:\/\/www.praha14.cz\/zivot-na-praze-14\/\",\"name\":\"\u017divot na Praze 14\",\"description\":\"\",\"potentialAction\":[{\"@type\":\"SearchAction\",\"target\":{\"@type\":\"EntryPoint\",\"urlTemplate\":\"https:\/\/www.praha14.cz\/zivot-na-praze-14\/?s={search_term_string}\"},\"query-input\":{\"@type\":\"PropertyValueSpecification\",\"valueRequired\":true,\"valueName\":\"search_term_string\"}}],\"inLanguage\":\"cs\"}]}<\/script>\n<!-- \/ Yoast SEO plugin. -->","yoast_head_json":{"title":"Voda a vodn\u00ed re\u017eim - \u017divot na Praze 14","robots":{"index":"index","follow":"follow","max-snippet":"max-snippet:-1","max-image-preview":"max-image-preview:large","max-video-preview":"max-video-preview:-1"},"canonical":"https:\/\/www.praha14.cz\/zivot-na-praze-14\/globalni-odpovednost\/voda-a-vodni-rezim-ve-meste\/","og_locale":"cs_CZ","og_type":"article","og_title":"Voda a vodn\u00ed re\u017eim - \u017divot na Praze 14","og_description":"V souvislosti s\u00a0dopady klimatick\u00fdch zm\u011bn je v \u010cesk\u00e9 republice v\u00a0posledn\u00edch letech zmi\u0148ov\u00e1n rostouc\u00ed deficit vody. M\u011bstsk\u00e1 \u010d\u00e1st Praha 14, jej\u00ed\u017e \u00fazem\u00ed je z\u00a0v\u011bt\u0161\u00ed \u010d\u00e1sti pokryt\u00e9 r\u016fznorodou z\u00e1stavbou, ale z\u00e1rove\u0148 se zde nach\u00e1z\u00ed i vysok\u00fd pod\u00edl zelen\u011b s v\u00fdznamn\u00fdmi vodn\u00edmi plochami, nen\u00ed v\u00fdjimkou. Veden\u00ed M\u010c si uv\u011bdomuje z\u00e1va\u017enost tohoto probl\u00e9mu, a proto je t\u00e9ma vody a...","og_url":"https:\/\/www.praha14.cz\/zivot-na-praze-14\/globalni-odpovednost\/voda-a-vodni-rezim-ve-meste\/","og_site_name":"\u017divot na Praze 14","article_modified_time":"2023-01-17T12:29:35+00:00","og_image":[{"url":"https:\/\/www.praha14.cz\/app\/uploads\/sites\/4\/2021\/06\/voda.jpg","type":"","width":"","height":""}],"twitter_card":"summary_large_image","twitter_misc":{"Est. reading time":"1 minuta"},"schema":{"@context":"https:\/\/schema.org","@graph":[{"@type":"WebPage","@id":"https:\/\/www.praha14.cz\/zivot-na-praze-14\/globalni-odpovednost\/voda-a-vodni-rezim-ve-meste\/","url":"https:\/\/www.praha14.cz\/zivot-na-praze-14\/globalni-odpovednost\/voda-a-vodni-rezim-ve-meste\/","name":"Voda a vodn\u00ed re\u017eim - \u017divot na Praze 14","isPartOf":{"@id":"https:\/\/www.praha14.cz\/zivot-na-praze-14\/#website"},"primaryImageOfPage":{"@id":"https:\/\/www.praha14.cz\/zivot-na-praze-14\/globalni-odpovednost\/voda-a-vodni-rezim-ve-meste\/#primaryimage"},"image":{"@id":"https:\/\/www.praha14.cz\/zivot-na-praze-14\/globalni-odpovednost\/voda-a-vodni-rezim-ve-meste\/#primaryimage"},"thumbnailUrl":"https:\/\/www.praha14.cz\/app\/uploads\/sites\/4\/2021\/06\/voda.jpg","datePublished":"2021-05-18T09:08:03+00:00","dateModified":"2023-01-17T12:29:35+00:00","breadcrumb":{"@id":"https:\/\/www.praha14.cz\/zivot-na-praze-14\/globalni-odpovednost\/voda-a-vodni-rezim-ve-meste\/#breadcrumb"},"inLanguage":"cs","potentialAction":[{"@type":"ReadAction","target":["https:\/\/www.praha14.cz\/zivot-na-praze-14\/globalni-odpovednost\/voda-a-vodni-rezim-ve-meste\/"]}]},{"@type":"ImageObject","inLanguage":"cs","@id":"https:\/\/www.praha14.cz\/zivot-na-praze-14\/globalni-odpovednost\/voda-a-vodni-rezim-ve-meste\/#primaryimage","url":"https:\/\/www.praha14.cz\/app\/uploads\/sites\/4\/2021\/06\/voda.jpg","contentUrl":"https:\/\/www.praha14.cz\/app\/uploads\/sites\/4\/2021\/06\/voda.jpg"},{"@type":"BreadcrumbList","@id":"https:\/\/www.praha14.cz\/zivot-na-praze-14\/globalni-odpovednost\/voda-a-vodni-rezim-ve-meste\/#breadcrumb","itemListElement":[{"@type":"ListItem","position":1,"name":"\u017divot na Praze 14","item":"https:\/\/www.praha14.cz\/zivot-na-praze-14\/"},{"@type":"ListItem","position":2,"name":"Glob\u00e1ln\u00ed odpov\u011bdnost","item":"https:\/\/www.praha14.cz\/zivot-na-praze-14\/globalni-odpovednost\/"},{"@type":"ListItem","position":3,"name":"Voda a vodn\u00ed re\u017eim"}]},{"@type":"WebSite","@id":"https:\/\/www.praha14.cz\/zivot-na-praze-14\/#website","url":"https:\/\/www.praha14.cz\/zivot-na-praze-14\/","name":"\u017divot na Praze 14","description":"","potentialAction":[{"@type":"SearchAction","target":{"@type":"EntryPoint","urlTemplate":"https:\/\/www.praha14.cz\/zivot-na-praze-14\/?s={search_term_string}"},"query-input":{"@type":"PropertyValueSpecification","valueRequired":true,"valueName":"search_term_string"}}],"inLanguage":"cs"}]}},"_links":{"self":[{"href":"https:\/\/www.praha14.cz\/zivot-na-praze-14\/wp-json\/wp\/v2\/pages\/58601","targetHints":{"allow":["GET"]}}],"collection":[{"href":"https:\/\/www.praha14.cz\/zivot-na-praze-14\/wp-json\/wp\/v2\/pages"}],"about":[{"href":"https:\/\/www.praha14.cz\/zivot-na-praze-14\/wp-json\/wp\/v2\/types\/page"}],"author":[{"embeddable":true,"href":"https:\/\/www.praha14.cz\/zivot-na-praze-14\/wp-json\/wp\/v2\/users\/1057"}],"replies":[{"embeddable":true,"href":"https:\/\/www.praha14.cz\/zivot-na-praze-14\/wp-json\/wp\/v2\/comments?post=58601"}],"version-history":[{"count":5,"href":"https:\/\/www.praha14.cz\/zivot-na-praze-14\/wp-json\/wp\/v2\/pages\/58601\/revisions"}],"predecessor-version":[{"id":58940,"href":"https:\/\/www.praha14.cz\/zivot-na-praze-14\/wp-json\/wp\/v2\/pages\/58601\/revisions\/58940"}],"up":[{"embeddable":true,"href":"https:\/\/www.praha14.cz\/zivot-na-praze-14\/wp-json\/wp\/v2\/pages\/58551"}],"wp:attachment":[{"href":"https:\/\/www.praha14.cz\/zivot-na-praze-14\/wp-json\/wp\/v2\/media?parent=58601"}],"curies":[{"name":"wp","href":"https:\/\/api.w.org\/{rel}","templated":true}]}}