{"id":58607,"date":"2021-05-18T09:09:24","date_gmt":"2021-05-18T09:09:24","guid":{"rendered":"https:\/\/www.praha14.cz\/zivot-na-praze-14\/?page_id=58607"},"modified":"2023-01-17T12:31:14","modified_gmt":"2023-01-17T12:31:14","slug":"doprava-a-mobilita","status":"publish","type":"page","link":"https:\/\/www.praha14.cz\/zivot-na-praze-14\/globalni-odpovednost\/doprava-a-mobilita\/","title":{"rendered":"Doprava a mobilita"},"content":{"rendered":"<p><a href=\"https:\/\/www.praha14.cz\/app\/uploads\/sites\/4\/2021\/06\/electric-car-recharging-in-charging-station-royalty-free-image-1585168794.jpg\" data-rel=\"lightbox-image-0\" data-rl_title=\"\" data-rl_caption=\"\"><img loading=\"lazy\" decoding=\"async\" class=\"wp-image-58935 alignleft\" title=\"\" src=\"https:\/\/www.praha14.cz\/app\/uploads\/sites\/4\/2021\/06\/electric-car-recharging-in-charging-station-royalty-free-image-1585168794.jpg\" alt=\"elektroauto\" width=\"297\" height=\"198\" srcset=\"https:\/\/www.praha14.cz\/app\/uploads\/sites\/4\/2021\/06\/electric-car-recharging-in-charging-station-royalty-free-image-1585168794.jpg 2121w, https:\/\/www.praha14.cz\/app\/uploads\/sites\/4\/2021\/06\/electric-car-recharging-in-charging-station-royalty-free-image-1585168794-370x247.jpg 370w, https:\/\/www.praha14.cz\/app\/uploads\/sites\/4\/2021\/06\/electric-car-recharging-in-charging-station-royalty-free-image-1585168794-1024x683.jpg 1024w, https:\/\/www.praha14.cz\/app\/uploads\/sites\/4\/2021\/06\/electric-car-recharging-in-charging-station-royalty-free-image-1585168794-768x512.jpg 768w, https:\/\/www.praha14.cz\/app\/uploads\/sites\/4\/2021\/06\/electric-car-recharging-in-charging-station-royalty-free-image-1585168794-1536x1024.jpg 1536w, https:\/\/www.praha14.cz\/app\/uploads\/sites\/4\/2021\/06\/electric-car-recharging-in-charging-station-royalty-free-image-1585168794-2048x1365.jpg 2048w\" sizes=\"(max-width: 297px) 100vw, 297px\" \/><\/a>Doprava m\u00e1 z\u00e1sadn\u00ed v\u00fdznam pro spole\u010dnost i n\u00e1rodn\u00ed hospod\u00e1\u0159stv\u00ed, zaji\u0161\u0165uje n\u00e1m osobn\u00ed komfort a celosv\u011btovou dostupnost v\u0161eho. Nicm\u00e9n\u011b doprava je z\u00e1rove\u0148 hlavn\u00edm zdrojem z\u00e1t\u011b\u017ee \u017eivotn\u00edho prost\u0159ed\u00ed, pod\u00edl\u00ed se na zm\u011bn\u011b klimatu, zne\u010di\u0161t\u011bn\u00ed ovzdu\u0161\u00ed, je zdrojem hluku a p\u0159isp\u00edv\u00e1 k roz\u0161i\u0159ov\u00e1n\u00ed um\u011bl\u00fdch povrch\u016f.<\/p>\n<p>M\u010c nem\u00e1 velk\u00e9 mo\u017enosti k\u00a0ovlivn\u011bn\u00ed MHD v\u00a0Praze, leteck\u00e9ho pr\u016fmyslu nebo po\u010dtu automobil\u016f, kter\u00e9 projedou \u00fazem\u00edm M\u010c, nicm\u00e9n\u011b i tak chce v\u00a0oblasti dopravy podniknout kroky, kter\u00e9 by mohly zm\u011bnu klimatu zm\u00edrnit. \u00a0M\u010c se chce zasadit o to, aby lid\u00e9 v\u00edce up\u0159ednost\u0148ovali alternativn\u00ed druhy dopravy a volili i p\u011b\u0161\u00ed ch\u016fzi \u010di hromadnou dopravu oproti vyu\u017e\u00edv\u00e1n\u00ed osobn\u00edch automobil\u016f. Bude pokra\u010dovat podpora cyklistiky a budov\u00e1n\u00ed cyklostezek. \u00a0A z\u00e1rove\u0148 je M\u010c p\u0159ipravena aktivn\u011b podporovat elektromobilitu.<\/p>\n<p>&nbsp;<\/p>\n<p><strong><u>Hlavn\u00edm c\u00edlem pro tuto oblast je:<\/u><\/strong><\/p>\n<ul>\n<li>Sn\u00ed\u017een\u00ed emisi sklen\u00edkov\u00fdch plyn\u016f v\u00a0oblasti dopravy a mobility<\/li>\n<\/ul>\n<section class=\"p14-panel-group\"><div id=\"panel_group_1\" class=\"panel-group\"><br \/>\n<article class=\"panel panel-default\">\n\t\t\t<div class=\"panel-heading\">\n\t\t\t\t<h1 class=\"panel-title\">\n\t\t\t\t\t<a data-toggle=\"collapse\" data-parent=\"#panel_group_1\" href=\"#panel_1_1\" class=\"collapsed\">\n\t\t\t\t\t\tSn\u00ed\u017een\u00e9 emise sklen\u00edkov\u00fdch plyn\u016f v oblasti dopravy a mobility\n\t\t\t\t\t<\/a>\n\t\t\t\t<\/h1>\n\t\t\t<\/div>\n\t\t\t<div id=\"panel_1_1\" class=\"panel-collapse collapse\">\n\t\t\t\t<div class=\"panel-body\">\n\t\t\t\t\t<\/p>\n<p>M\u011bstsk\u00e1 \u010d\u00e1st Praha 14 podpo\u0159ila v\u00a0roce 2019 <a href=\"https:\/\/www.praha14.cz\/zivot-na-praze-14\/tz-92019-mistostarosta-hukal-praha-14-podporuje-nabijeci-mista-pro-elektromobily\/\" target=\"_blank\" rel=\"noopener\">memorandum <\/a>se spole\u010dnost\u00ed Pra\u017esk\u00e1 energetika, a. s. (PRE) o spolupr\u00e1ci na rozvoji uli\u010dn\u00edch dob\u00edje\u010dek pro automobily poh\u00e1n\u011bn\u00e9 elekt\u0159inou.<br \/>\nV sou\u010dasn\u00e9 dob\u011b se na Praze 14 nach\u00e1z\u00ed celkem 12 dob\u00edjec\u00edch stanic:<\/p>\n<table width=\"669\">\n<tbody>\n<tr>\n<td width=\"40\"><\/td>\n<td width=\"365\">Dob\u00edjec\u00ed stanice<\/td>\n<td width=\"264\">Adresa<\/td>\n<\/tr>\n<tr>\n<td>1<\/td>\n<td>Charger TS 194 N\u00e1rodn\u00edch Hrdin\u016f<\/td>\n<td>N\u00e1rodn\u00edch Hrdin\u016f, 19012 Praha<\/td>\n<\/tr>\n<tr>\n<td>2<\/td>\n<td>Charger TS 443 Rochovsk\u00e1<\/td>\n<td>Rochovsk\u00e1 758\/3, 19800 Praha<\/td>\n<\/tr>\n<tr>\n<td>3<\/td>\n<td width=\"365\">Charger Centrum \u010cern\u00fd most<\/td>\n<td>Chlumeck\u00e1 765\/6198, 19800 Praha<\/td>\n<\/tr>\n<tr>\n<td>4<\/td>\n<td>Charger TS 722 Franti\u0161kova<\/td>\n<td>Franti\u0161kova, 19800 Praha<\/td>\n<\/tr>\n<tr>\n<td>5<\/td>\n<td>Charger TS 4780 Vyb\u00edralova<\/td>\n<td>Vyb\u00edralova, 19800 Praha<\/td>\n<\/tr>\n<tr>\n<td>6<\/td>\n<td>Fast charger IKEA \u010cern\u00fd Most<\/td>\n<td>Chlumeck\u00e1 664\/10, 19000 Praha<\/td>\n<\/tr>\n<tr>\n<td>7<\/td>\n<td>Charger TS 4763 Kapit\u00e1na Str\u00e1nsk\u00e9ho<\/td>\n<td>Kapit\u00e1na Str\u00e1nsk\u00e9ho, 19800 Praha<\/td>\n<\/tr>\n<tr>\n<td>8<\/td>\n<td>Charger TS 4762 Bryksova 1<\/td>\n<td>Bryksova, 19800 Praha<\/td>\n<\/tr>\n<tr>\n<td>9<\/td>\n<td>Charger TS 4760 Bryksova<\/td>\n<td>Bryksova, 19800 Praha<\/td>\n<\/tr>\n<tr>\n<td>10<\/td>\n<td>Charger TS 753 Gener\u00e1la Janou\u0161ka<\/td>\n<td>Gener\u00e1la Janou\u0161ka, 19800 Praha<\/td>\n<\/tr>\n<tr>\n<td>11<\/td>\n<td>Charger TS 751 \u0160ebelova<\/td>\n<td>\u0160ebelova, 19800 Praha<\/td>\n<\/tr>\n<tr>\n<td>12<\/td>\n<td>Charger TS 4832 Gener\u00e1la Janou\u0161ka<\/td>\n<td>Gener\u00e1la Janou\u0161ka, 19800 Praha<\/td>\n<\/tr>\n<tr>\n<td>13<\/td>\n<td>Charger<\/td>\n<td>Velkoborsk\u00e1, 19800 Praha<\/td>\n<\/tr>\n<tr>\n<td>14<\/td>\n<td>Charger \u00da\u0159ad M\u010c Praha 14<\/td>\n<td>Brat\u0159\u00ed Vencl\u00edk\u016f 1073\/8, Praha 14<\/td>\n<\/tr>\n<tr>\n<td>15<\/td>\n<td>Mate\u0159sk\u00e1 \u0161kola Jahodnice<\/td>\n<td>Travn\u00e1, Praha 14<\/td>\n<\/tr>\n<\/tbody>\n<\/table>\n<p>K dispozici je tak\u00e9 <strong><a href=\"https:\/\/chargepre.smatrics.com\/cs\/\" target=\"_blank\" rel=\"noopener\">mapa<\/a><\/strong> s um\u00edst\u011bn\u00edm dob\u00edjec\u00edch stanic.<\/p>\n<p>\n\t\t\t\t<\/div>\n\t\t\t<\/div>\n\t\t<\/article><\/div><\/section>\n","protected":false},"excerpt":{"rendered":"<p>Doprava m\u00e1 z\u00e1sadn\u00ed v\u00fdznam pro spole\u010dnost i n\u00e1rodn\u00ed hospod\u00e1\u0159stv\u00ed, zaji\u0161\u0165uje n\u00e1m osobn\u00ed komfort a celosv\u011btovou dostupnost v\u0161eho. Nicm\u00e9n\u011b doprava je z\u00e1rove\u0148 hlavn\u00edm zdrojem z\u00e1t\u011b\u017ee \u017eivotn\u00edho prost\u0159ed\u00ed, pod\u00edl\u00ed se na zm\u011bn\u011b klimatu, zne\u010di\u0161t\u011bn\u00ed ovzdu\u0161\u00ed, je zdrojem hluku a p\u0159isp\u00edv\u00e1 k roz\u0161i\u0159ov\u00e1n\u00ed um\u011bl\u00fdch povrch\u016f. M\u010c nem\u00e1 velk\u00e9 mo\u017enosti k\u00a0ovlivn\u011bn\u00ed MHD v\u00a0Praze, leteck\u00e9ho pr\u016fmyslu nebo po\u010dtu automobil\u016f, kter\u00e9&#8230;<\/p>\n","protected":false},"author":1057,"featured_media":0,"parent":58551,"menu_order":0,"comment_status":"closed","ping_status":"closed","template":"","meta":{"_acf_changed":false,"footnotes":""},"class_list":["post-58607","page","type-page","status-publish","hentry"],"acf":[],"yoast_head":"<!-- This site is optimized with the Yoast SEO plugin v27.2 - https:\/\/yoast.com\/product\/yoast-seo-wordpress\/ -->\n<title>Doprava a mobilita - \u017divot na Praze 14<\/title>\n<meta name=\"robots\" content=\"index, follow, max-snippet:-1, max-image-preview:large, max-video-preview:-1\" \/>\n<link rel=\"canonical\" href=\"https:\/\/www.praha14.cz\/zivot-na-praze-14\/globalni-odpovednost\/doprava-a-mobilita\/\" \/>\n<meta property=\"og:locale\" content=\"cs_CZ\" \/>\n<meta property=\"og:type\" content=\"article\" \/>\n<meta property=\"og:title\" content=\"Doprava a mobilita - \u017divot na Praze 14\" \/>\n<meta property=\"og:description\" content=\"Doprava m\u00e1 z\u00e1sadn\u00ed v\u00fdznam pro spole\u010dnost i n\u00e1rodn\u00ed hospod\u00e1\u0159stv\u00ed, zaji\u0161\u0165uje n\u00e1m osobn\u00ed komfort a celosv\u011btovou dostupnost v\u0161eho. Nicm\u00e9n\u011b doprava je z\u00e1rove\u0148 hlavn\u00edm zdrojem z\u00e1t\u011b\u017ee \u017eivotn\u00edho prost\u0159ed\u00ed, pod\u00edl\u00ed se na zm\u011bn\u011b klimatu, zne\u010di\u0161t\u011bn\u00ed ovzdu\u0161\u00ed, je zdrojem hluku a p\u0159isp\u00edv\u00e1 k roz\u0161i\u0159ov\u00e1n\u00ed um\u011bl\u00fdch povrch\u016f. M\u010c nem\u00e1 velk\u00e9 mo\u017enosti k\u00a0ovlivn\u011bn\u00ed MHD v\u00a0Praze, leteck\u00e9ho pr\u016fmyslu nebo po\u010dtu automobil\u016f, kter\u00e9...\" \/>\n<meta property=\"og:url\" content=\"https:\/\/www.praha14.cz\/zivot-na-praze-14\/globalni-odpovednost\/doprava-a-mobilita\/\" \/>\n<meta property=\"og:site_name\" content=\"\u017divot na Praze 14\" \/>\n<meta property=\"article:modified_time\" content=\"2023-01-17T12:31:14+00:00\" \/>\n<meta property=\"og:image\" content=\"https:\/\/www.praha14.cz\/app\/uploads\/sites\/4\/2021\/06\/electric-car-recharging-in-charging-station-royalty-free-image-1585168794.jpg\" \/>\n<meta name=\"twitter:card\" content=\"summary_large_image\" \/>\n<meta name=\"twitter:label1\" content=\"Est. reading time\" \/>\n\t<meta name=\"twitter:data1\" content=\"2 minuty\" \/>\n<script type=\"application\/ld+json\" class=\"yoast-schema-graph\">{\"@context\":\"https:\/\/schema.org\",\"@graph\":[{\"@type\":\"WebPage\",\"@id\":\"https:\/\/www.praha14.cz\/zivot-na-praze-14\/globalni-odpovednost\/doprava-a-mobilita\/\",\"url\":\"https:\/\/www.praha14.cz\/zivot-na-praze-14\/globalni-odpovednost\/doprava-a-mobilita\/\",\"name\":\"Doprava a mobilita - \u017divot na Praze 14\",\"isPartOf\":{\"@id\":\"https:\/\/www.praha14.cz\/zivot-na-praze-14\/#website\"},\"primaryImageOfPage\":{\"@id\":\"https:\/\/www.praha14.cz\/zivot-na-praze-14\/globalni-odpovednost\/doprava-a-mobilita\/#primaryimage\"},\"image\":{\"@id\":\"https:\/\/www.praha14.cz\/zivot-na-praze-14\/globalni-odpovednost\/doprava-a-mobilita\/#primaryimage\"},\"thumbnailUrl\":\"https:\/\/www.praha14.cz\/app\/uploads\/sites\/4\/2021\/06\/electric-car-recharging-in-charging-station-royalty-free-image-1585168794.jpg\",\"datePublished\":\"2021-05-18T09:09:24+00:00\",\"dateModified\":\"2023-01-17T12:31:14+00:00\",\"breadcrumb\":{\"@id\":\"https:\/\/www.praha14.cz\/zivot-na-praze-14\/globalni-odpovednost\/doprava-a-mobilita\/#breadcrumb\"},\"inLanguage\":\"cs\",\"potentialAction\":[{\"@type\":\"ReadAction\",\"target\":[\"https:\/\/www.praha14.cz\/zivot-na-praze-14\/globalni-odpovednost\/doprava-a-mobilita\/\"]}]},{\"@type\":\"ImageObject\",\"inLanguage\":\"cs\",\"@id\":\"https:\/\/www.praha14.cz\/zivot-na-praze-14\/globalni-odpovednost\/doprava-a-mobilita\/#primaryimage\",\"url\":\"https:\/\/www.praha14.cz\/app\/uploads\/sites\/4\/2021\/06\/electric-car-recharging-in-charging-station-royalty-free-image-1585168794.jpg\",\"contentUrl\":\"https:\/\/www.praha14.cz\/app\/uploads\/sites\/4\/2021\/06\/electric-car-recharging-in-charging-station-royalty-free-image-1585168794.jpg\"},{\"@type\":\"BreadcrumbList\",\"@id\":\"https:\/\/www.praha14.cz\/zivot-na-praze-14\/globalni-odpovednost\/doprava-a-mobilita\/#breadcrumb\",\"itemListElement\":[{\"@type\":\"ListItem\",\"position\":1,\"name\":\"\u017divot na Praze 14\",\"item\":\"https:\/\/www.praha14.cz\/zivot-na-praze-14\/\"},{\"@type\":\"ListItem\",\"position\":2,\"name\":\"Glob\u00e1ln\u00ed odpov\u011bdnost\",\"item\":\"https:\/\/www.praha14.cz\/zivot-na-praze-14\/globalni-odpovednost\/\"},{\"@type\":\"ListItem\",\"position\":3,\"name\":\"Doprava a mobilita\"}]},{\"@type\":\"WebSite\",\"@id\":\"https:\/\/www.praha14.cz\/zivot-na-praze-14\/#website\",\"url\":\"https:\/\/www.praha14.cz\/zivot-na-praze-14\/\",\"name\":\"\u017divot na Praze 14\",\"description\":\"\",\"potentialAction\":[{\"@type\":\"SearchAction\",\"target\":{\"@type\":\"EntryPoint\",\"urlTemplate\":\"https:\/\/www.praha14.cz\/zivot-na-praze-14\/?s={search_term_string}\"},\"query-input\":{\"@type\":\"PropertyValueSpecification\",\"valueRequired\":true,\"valueName\":\"search_term_string\"}}],\"inLanguage\":\"cs\"}]}<\/script>\n<!-- \/ Yoast SEO plugin. -->","yoast_head_json":{"title":"Doprava a mobilita - \u017divot na Praze 14","robots":{"index":"index","follow":"follow","max-snippet":"max-snippet:-1","max-image-preview":"max-image-preview:large","max-video-preview":"max-video-preview:-1"},"canonical":"https:\/\/www.praha14.cz\/zivot-na-praze-14\/globalni-odpovednost\/doprava-a-mobilita\/","og_locale":"cs_CZ","og_type":"article","og_title":"Doprava a mobilita - \u017divot na Praze 14","og_description":"Doprava m\u00e1 z\u00e1sadn\u00ed v\u00fdznam pro spole\u010dnost i n\u00e1rodn\u00ed hospod\u00e1\u0159stv\u00ed, zaji\u0161\u0165uje n\u00e1m osobn\u00ed komfort a celosv\u011btovou dostupnost v\u0161eho. Nicm\u00e9n\u011b doprava je z\u00e1rove\u0148 hlavn\u00edm zdrojem z\u00e1t\u011b\u017ee \u017eivotn\u00edho prost\u0159ed\u00ed, pod\u00edl\u00ed se na zm\u011bn\u011b klimatu, zne\u010di\u0161t\u011bn\u00ed ovzdu\u0161\u00ed, je zdrojem hluku a p\u0159isp\u00edv\u00e1 k roz\u0161i\u0159ov\u00e1n\u00ed um\u011bl\u00fdch povrch\u016f. M\u010c nem\u00e1 velk\u00e9 mo\u017enosti k\u00a0ovlivn\u011bn\u00ed MHD v\u00a0Praze, leteck\u00e9ho pr\u016fmyslu nebo po\u010dtu automobil\u016f, kter\u00e9...","og_url":"https:\/\/www.praha14.cz\/zivot-na-praze-14\/globalni-odpovednost\/doprava-a-mobilita\/","og_site_name":"\u017divot na Praze 14","article_modified_time":"2023-01-17T12:31:14+00:00","og_image":[{"url":"https:\/\/www.praha14.cz\/app\/uploads\/sites\/4\/2021\/06\/electric-car-recharging-in-charging-station-royalty-free-image-1585168794.jpg","type":"","width":"","height":""}],"twitter_card":"summary_large_image","twitter_misc":{"Est. reading time":"2 minuty"},"schema":{"@context":"https:\/\/schema.org","@graph":[{"@type":"WebPage","@id":"https:\/\/www.praha14.cz\/zivot-na-praze-14\/globalni-odpovednost\/doprava-a-mobilita\/","url":"https:\/\/www.praha14.cz\/zivot-na-praze-14\/globalni-odpovednost\/doprava-a-mobilita\/","name":"Doprava a mobilita - \u017divot na Praze 14","isPartOf":{"@id":"https:\/\/www.praha14.cz\/zivot-na-praze-14\/#website"},"primaryImageOfPage":{"@id":"https:\/\/www.praha14.cz\/zivot-na-praze-14\/globalni-odpovednost\/doprava-a-mobilita\/#primaryimage"},"image":{"@id":"https:\/\/www.praha14.cz\/zivot-na-praze-14\/globalni-odpovednost\/doprava-a-mobilita\/#primaryimage"},"thumbnailUrl":"https:\/\/www.praha14.cz\/app\/uploads\/sites\/4\/2021\/06\/electric-car-recharging-in-charging-station-royalty-free-image-1585168794.jpg","datePublished":"2021-05-18T09:09:24+00:00","dateModified":"2023-01-17T12:31:14+00:00","breadcrumb":{"@id":"https:\/\/www.praha14.cz\/zivot-na-praze-14\/globalni-odpovednost\/doprava-a-mobilita\/#breadcrumb"},"inLanguage":"cs","potentialAction":[{"@type":"ReadAction","target":["https:\/\/www.praha14.cz\/zivot-na-praze-14\/globalni-odpovednost\/doprava-a-mobilita\/"]}]},{"@type":"ImageObject","inLanguage":"cs","@id":"https:\/\/www.praha14.cz\/zivot-na-praze-14\/globalni-odpovednost\/doprava-a-mobilita\/#primaryimage","url":"https:\/\/www.praha14.cz\/app\/uploads\/sites\/4\/2021\/06\/electric-car-recharging-in-charging-station-royalty-free-image-1585168794.jpg","contentUrl":"https:\/\/www.praha14.cz\/app\/uploads\/sites\/4\/2021\/06\/electric-car-recharging-in-charging-station-royalty-free-image-1585168794.jpg"},{"@type":"BreadcrumbList","@id":"https:\/\/www.praha14.cz\/zivot-na-praze-14\/globalni-odpovednost\/doprava-a-mobilita\/#breadcrumb","itemListElement":[{"@type":"ListItem","position":1,"name":"\u017divot na Praze 14","item":"https:\/\/www.praha14.cz\/zivot-na-praze-14\/"},{"@type":"ListItem","position":2,"name":"Glob\u00e1ln\u00ed odpov\u011bdnost","item":"https:\/\/www.praha14.cz\/zivot-na-praze-14\/globalni-odpovednost\/"},{"@type":"ListItem","position":3,"name":"Doprava a mobilita"}]},{"@type":"WebSite","@id":"https:\/\/www.praha14.cz\/zivot-na-praze-14\/#website","url":"https:\/\/www.praha14.cz\/zivot-na-praze-14\/","name":"\u017divot na Praze 14","description":"","potentialAction":[{"@type":"SearchAction","target":{"@type":"EntryPoint","urlTemplate":"https:\/\/www.praha14.cz\/zivot-na-praze-14\/?s={search_term_string}"},"query-input":{"@type":"PropertyValueSpecification","valueRequired":true,"valueName":"search_term_string"}}],"inLanguage":"cs"}]}},"_links":{"self":[{"href":"https:\/\/www.praha14.cz\/zivot-na-praze-14\/wp-json\/wp\/v2\/pages\/58607","targetHints":{"allow":["GET"]}}],"collection":[{"href":"https:\/\/www.praha14.cz\/zivot-na-praze-14\/wp-json\/wp\/v2\/pages"}],"about":[{"href":"https:\/\/www.praha14.cz\/zivot-na-praze-14\/wp-json\/wp\/v2\/types\/page"}],"author":[{"embeddable":true,"href":"https:\/\/www.praha14.cz\/zivot-na-praze-14\/wp-json\/wp\/v2\/users\/1057"}],"replies":[{"embeddable":true,"href":"https:\/\/www.praha14.cz\/zivot-na-praze-14\/wp-json\/wp\/v2\/comments?post=58607"}],"version-history":[{"count":5,"href":"https:\/\/www.praha14.cz\/zivot-na-praze-14\/wp-json\/wp\/v2\/pages\/58607\/revisions"}],"predecessor-version":[{"id":65593,"href":"https:\/\/www.praha14.cz\/zivot-na-praze-14\/wp-json\/wp\/v2\/pages\/58607\/revisions\/65593"}],"up":[{"embeddable":true,"href":"https:\/\/www.praha14.cz\/zivot-na-praze-14\/wp-json\/wp\/v2\/pages\/58551"}],"wp:attachment":[{"href":"https:\/\/www.praha14.cz\/zivot-na-praze-14\/wp-json\/wp\/v2\/media?parent=58607"}],"curies":[{"name":"wp","href":"https:\/\/api.w.org\/{rel}","templated":true}]}}