{"id":58713,"date":"2021-06-01T15:55:36","date_gmt":"2021-06-01T15:55:36","guid":{"rendered":"https:\/\/www.praha14.cz\/zivot-na-praze-14\/?page_id=58713"},"modified":"2021-06-02T08:13:02","modified_gmt":"2021-06-02T08:13:02","slug":"areal-zpracovani-dreva-a-kompostarna-horni-lada","status":"publish","type":"page","link":"https:\/\/www.praha14.cz\/zivot-na-praze-14\/areal-zpracovani-dreva-a-kompostarna-horni-lada\/","title":{"rendered":"Are\u00e1l zpracov\u00e1n\u00ed d\u0159eva a kompost\u00e1rna Horn\u00ed Lada"},"content":{"rendered":"<h5>Magistr\u00e1t hl. m. Prahy pl\u00e1nuje na sv\u00e9m \u00fazem\u00ed nedaleko Jahodnice, v katastru Kyj\u00ed a \u0160t\u011brbohol (parc. \u010d. 2668\/1 a 2670\/1) postavit are\u00e1l zpracov\u00e1n\u00ed d\u0159eva a kompost\u00e1rnu. Spr\u00e1vcem cel\u00e9ho komplexu m\u00e1 b\u00fdt spole\u010dnost Lesy hl. m. Prahy. Vzhledem k pom\u011brn\u011b bl\u00edzk\u00e9 obytn\u00e9 z\u00e1stavb\u011b a vzhledem k riziku, \u017ee provoz bude obt\u011b\u017eovat okol\u00ed (zejm\u00e9na z\u00e1pachem), vydala Rada m\u011bstsk\u00e9 \u010d\u00e1sti Praha 14 k z\u00e1m\u011bru nesouhlasn\u00e9 stanovisko.<\/h5>\n<p><a href=\"https:\/\/www.praha14.cz\/app\/uploads\/sites\/4\/2021\/06\/kompost\u00e1rna-obr\u00e1zek.png\" data-rel=\"lightbox-image-0\" data-rl_title=\"\" data-rl_caption=\"\" title=\"\"><img loading=\"lazy\" decoding=\"async\" class=\"alignnone wp-image-58717\" src=\"https:\/\/www.praha14.cz\/app\/uploads\/sites\/4\/2021\/06\/kompost\u00e1rna-obr\u00e1zek.png\" alt=\"\" width=\"820\" height=\"382\" srcset=\"https:\/\/www.praha14.cz\/app\/uploads\/sites\/4\/2021\/06\/kompost\u00e1rna-obr\u00e1zek.png 1516w, https:\/\/www.praha14.cz\/app\/uploads\/sites\/4\/2021\/06\/kompost\u00e1rna-obr\u00e1zek-370x172.png 370w, https:\/\/www.praha14.cz\/app\/uploads\/sites\/4\/2021\/06\/kompost\u00e1rna-obr\u00e1zek-1024x477.png 1024w, https:\/\/www.praha14.cz\/app\/uploads\/sites\/4\/2021\/06\/kompost\u00e1rna-obr\u00e1zek-768x358.png 768w\" sizes=\"(max-width: 820px) 100vw, 820px\" \/><\/a><\/p>\n<section class=\"p14-panel-group\"><div id=\"panel_group_1\" class=\"panel-group\"><br \/>\n<article class=\"panel panel-default\">\n\t\t\t<div class=\"panel-heading\">\n\t\t\t\t<h1 class=\"panel-title\">\n\t\t\t\t\t<a data-toggle=\"collapse\" data-parent=\"#panel_group_1\" href=\"#panel_1_1\" class=\"collapsed\">\n\t\t\t\t\t\tAktu\u00e1ln\u00ed stav\n\t\t\t\t\t<\/a>\n\t\t\t\t<\/h1>\n\t\t\t<\/div>\n\t\t\t<div id=\"panel_1_1\" class=\"panel-collapse collapse\">\n\t\t\t\t<div class=\"panel-body\">\n\t\t\t\t\t<\/p>\n<p><strong>Dne 25. 5. 2021 bylo Odborem ochrany prost\u0159ed\u00ed Magistr\u00e1tu hl. m. Prahy vyd\u00e1no shodn\u00e9 rozhodnut\u00ed jako v prvn\u00edm p\u0159\u00edpad\u011b posuzov\u00e1n\u00ed z\u00e1m\u011bru v r\u00e1mci EIA (v\u00edce viz n\u00ed\u017ee ve &#8222;V\u00fdvoji z\u00e1m\u011bru v \u010dase&#8220;). Dle \u00fa\u0159adu z\u00e1m\u011br nepodl\u00e9h\u00e1 projedn\u00e1n\u00ed dle z\u00e1kona, tud\u00ed\u017e magistr\u00e1t m\u016f\u017ee pokra\u010dovat v po\u0159izov\u00e1n\u00ed \u00fazemn\u00edho rozhodnut\u00ed, resp. ve zpracov\u00e1v\u00e1n\u00ed kompletn\u00ed dokumentace pro um\u00edst\u011bn\u00ed stavby. Dot\u010den\u00e1 ve\u0159ejnost se proti uveden\u00e9mu rozhodnut\u00ed m\u016f\u017ee odvolat, a to do 15 dn\u016f ode dne jeho ozn\u00e1men\u00ed. Odvol\u00e1n\u00edm lze napadnout pouze v\u00fdrokovou \u010d\u00e1st rozhodnut\u00ed.<\/strong><\/p>\n<p><strong>Sou\u010d\u00e1st\u00ed rozhodnut\u00ed je stanovisko Oblastn\u00edho inspektor\u00e1tu Praha \u010cesk\u00e9 inspekce \u017eivotn\u00edho prost\u0159ed\u00ed, ve kter\u00e9m se uv\u00e1d\u00ed n\u00e1zor, \u017ee vzhledem k charakteru z\u00e1m\u011bru a bl\u00edzkosti obytn\u00e9 z\u00e1stavby, nebude mo\u017en\u00e9 nikdy zcela vylou\u010dit, resp. zamezit obt\u011b\u017eov\u00e1n\u00ed okol\u00ed.<\/strong><\/p>\n<p>Rada M\u010c Praha 14 dne 31. 5. 2021 rozhodnut\u00ed projednala a k z\u00e1m\u011bru vydala nesouhlasn\u00e9 stanovisko. Pr\u00e1v\u011b s ohledem na vyj\u00e1d\u0159en\u00ed \u010cesk\u00e9 inspekce \u017eivotn\u00edho prost\u0159ed\u00ed po\u017eaduje um\u00edstit z\u00e1m\u011br do jin\u00e9 lokality, aby bylo vylou\u010deno riziko negativn\u00edch vliv\u016f obou are\u00e1l\u016f na obytnou \u010d\u00e1st Jahodnice &#8211; nav\u00fd\u0161en\u00ed dopravy, pra\u0161nost z pojezd\u016f, manipulace na voln\u00fdch ploch\u00e1ch a obt\u011b\u017eov\u00e1n\u00ed okol\u00ed z\u00e1pachem (<a href=\"https:\/\/www.praha14.cz\/app\/uploads\/sites\/4\/2021\/06\/usnesen\u00ed-RM\u010c-31.-5.-2021.pdf\" target=\"_blank\" rel=\"noopener noreferrer\">ke sta\u017een\u00ed usnesen\u00ed Rady M\u010c z 31. 5. 2021<\/a>).<\/p>\n<p><strong>Po nabyt\u00ed pr\u00e1vn\u00ed moci v\u00fd\u0161e uveden\u00e9ho rozhodnut\u00ed je dal\u0161\u00edm krokem Les\u016f hl. m. Prahy, p\u0159\u00edsp\u011bvkov\u00e9 organizace Magistr\u00e1tu hl. m. Prahy, zpracov\u00e1n\u00ed kompletn\u00ed dokumentace pro um\u00edst\u011bn\u00ed stavby.<\/strong><\/p>\n<p>\n\t\t\t\t<\/div>\n\t\t\t<\/div>\n\t\t<\/article><article class=\"panel panel-default\">\n\t\t\t<div class=\"panel-heading\">\n\t\t\t\t<h1 class=\"panel-title\">\n\t\t\t\t\t<a data-toggle=\"collapse\" data-parent=\"#panel_group_1\" href=\"#panel_1_2\" class=\"collapsed\">\n\t\t\t\t\t\tV\u00fdvoj z\u00e1m\u011bru v \u010dase\n\t\t\t\t\t<\/a>\n\t\t\t\t<\/h1>\n\t\t\t<\/div>\n\t\t\t<div id=\"panel_1_2\" class=\"panel-collapse collapse\">\n\t\t\t\t<div class=\"panel-body\">\n\t\t\t\t\t<\/p>\n<ul>\n<li><strong>Kv\u011bten 2021<\/strong> &#8211; Odbor ochrany prost\u0159ed\u00ed Magistr\u00e1tu hl. m. Prahy, kter\u00fd po proveden\u00ed zji\u0161\u0165ovac\u00edho \u0159\u00edzen\u00ed Ozn\u00e1men\u00ed z\u00e1m\u011bru (dle z\u00e1kona o posuzov\u00e1n\u00ed vliv\u016f na \u017eivotn\u00ed prost\u0159ed\u00ed), vyd\u00e1v\u00e1 shodn\u00fd z\u00e1v\u011br jako v prvn\u00edm p\u0159\u00edpad\u011b (viz n\u00ed\u017ee): z\u00e1m\u011br nepodl\u00e9h\u00e1 projedn\u00e1n\u00ed dle z\u00e1kona. Bli\u017e\u0161\u00ed informace k p\u0159edlo\u017een\u00e9 EIA ke sta\u017een\u00ed: <a href=\"https:\/\/portal.cenia.cz\/eiasea\/detail\/EIA_PHA1120?lang=cs\" target=\"_blank\" rel=\"noopener noreferrer\">Informa\u010dn\u00ed syst\u00e9m EIA (cenia.cz)<\/a>.<\/li>\n<li><strong>Duben 2021<\/strong> &#8211; Rada M\u010c Praha 14 v r\u00e1mci prob\u00edhaj\u00edc\u00ed EIA vyd\u00e1v\u00e1 sv\u00e9 stanovisko, resp. p\u0159ipom\u00ednky k z\u00e1m\u011bru (<a href=\"https:\/\/www.praha14.cz\/app\/uploads\/usneseni\/rada\/2021\/04\/203_59MR.htm\" target=\"_blank\" rel=\"noopener noreferrer\">ke sta\u017een\u00ed usnesen\u00ed Rady M\u010c z 19. 4. 2021<\/a>).<\/li>\n<li><strong>B\u0159ezen 2021<\/strong> &#8211; Magistr\u00e1t hl. m. Prahy (resp. jeho p\u0159\u00edsp\u011bvkov\u00e1 organizace Lesy hl. m. Prahy) zpracov\u00e1v\u00e1 upraven\u00e9 Ozn\u00e1men\u00ed z\u00e1m\u011bru &#8211; Are\u00e1l zpracov\u00e1n\u00ed d\u0159eva a kompost\u00e1rna Horn\u00ed Lada ve vztahu k \u017eivotn\u00edmu prost\u0159ed\u00ed &#8211; EIA (z\u00e1kon \u010d. 100\/2001 Sb.).<\/li>\n<li><strong>Rok 2019<\/strong> &#8211; spol. ECO CRYSTAL ukon\u010duje sv\u016fj provoz na dot\u010den\u00e9m \u00fazem\u00ed. Od jej\u00edch dosud p\u0159edstaven\u00fdch pl\u00e1n\u016f se tud\u00ed\u017e upou\u0161t\u00ed.<\/li>\n<li><strong>Leden 2019<\/strong> &#8211; Rada M\u010c Praha 14 v r\u00e1mci prob\u00edhaj\u00edc\u00ed EIA vyd\u00e1v\u00e1 sv\u00e9 stanovisko, resp. p\u0159ipom\u00ednky k z\u00e1m\u011bru (<a href=\"https:\/\/www.praha14.cz\/app\/uploads\/usneseni\/rada\/2019\/01\/5_4MR.htm\" target=\"_blank\" rel=\"noopener noreferrer\">ke sta\u017een\u00ed usnesen\u00ed Rady M\u010c ze 7. 1. 2019<\/a>). Odbor ochrany prost\u0159ed\u00ed Magistr\u00e1tu hl. m. Prahy, kter\u00fd po proveden\u00ed zji\u0161\u0165ovac\u00edho \u0159\u00edzen\u00ed Ozn\u00e1men\u00ed z\u00e1m\u011bru (ve vztahu k \u017eivotn\u00edmu prost\u0159ed\u00ed), n\u00e1sledn\u011b vyd\u00e1v\u00e1 z\u00e1v\u011br: z\u00e1m\u011br nepodl\u00e9h\u00e1 projedn\u00e1n\u00ed dle z\u00e1kona. Zjednodu\u0161en\u011b to znamen\u00e1, \u017ee z hlediska vlivu stavby na \u017eivotn\u00ed prost\u0159ed\u00ed p\u0159\u00edslu\u0161n\u00e9 org\u00e1ny z\u00e1m\u011br nevn\u00edmaj\u00ed jako problematick\u00fd &#8211; je tedy mo\u017en\u00e9 pokra\u010dovat v procesu \u00fazemn\u00edho \u0159\u00edzen\u00ed. Bli\u017e\u0161\u00ed informace k p\u0159edlo\u017een\u00e9 EIA ke sta\u017een\u00ed: <a href=\"https:\/\/portal.cenia.cz\/eiasea\/detail\/EIA_PHA1086?lang=cs\" target=\"_blank\" rel=\"noopener noreferrer\">Informa\u010dn\u00ed syst\u00e9m EIA (cenia.cz)<\/a>.<\/li>\n<li><strong>Listopad 2018<\/strong> &#8211; Magistr\u00e1t hl. m. Prahy (resp. j\u00edm pov\u011b\u0159en\u00fd dodavatel) zpracov\u00e1v\u00e1 Ozn\u00e1men\u00ed z\u00e1m\u011bru Kompost\u00e1rna Horn\u00ed Lada ve vztahu k \u017eivotn\u00edmu prost\u0159ed\u00ed &#8211; EIA (z\u00e1kon \u010d. 100\/2001 Sb.).<\/li>\n<li><strong>\u00danor 2018<\/strong> &#8211; z\u00e1stupc\u016fm M\u010c Praha 14 je p\u0159edstavena studie proveditelnosti &#8222;Kompost\u00e1rna Horn\u00ed Lada&#8220;, prob\u00edh\u00e1 diskuze o variant\u00e1ch a mo\u017enostech napojen\u00ed are\u00e1lu na dopravn\u00ed infrastrukturu. Z\u00e1stupc\u016fm radnice je sou\u010dasn\u011b p\u0159edlo\u017een v\u00fdsledek dopravn\u00edho \u0159e\u0161en\u00ed z modelu \u00dazemn\u00edho pl\u00e1nu s\u00eddeln\u00edho \u00fatvaru hl. m. Prahy 2016 zpracovan\u00fd Institutem pl\u00e1nov\u00e1n\u00ed a rozvoje hl. m. Prahy.<\/li>\n<li><strong>\u010cerven a z\u00e1\u0159\u00ed 2017<\/strong> &#8211; dosud dostupn\u00e9 informace projedn\u00e1v\u00e1 Komise \u00fazemn\u00edho rozvoje a \u017eivotn\u00edho prost\u0159ed\u00ed Rady M\u010c Praha 14 &#8211; nejprve v \u010dervnu 2017 (<a href=\"https:\/\/www.praha14.cz\/app\/uploads\/sites\/3\/2017\/06\/zapis_komise_ur_22_14_6_2017.pdf\" target=\"_blank\" rel=\"noopener noreferrer\">z\u00e1pis z jedn\u00e1n\u00ed<\/a>) a posl\u00e9ze v z\u00e1\u0159\u00ed 2017 (<a href=\"https:\/\/www.praha14.cz\/app\/uploads\/sites\/3\/2017\/09\/zapis_komise_ur_23_6_9_2017.pdf\" target=\"_blank\" rel=\"noopener noreferrer\">z\u00e1pis z jedn\u00e1n\u00ed<\/a>).<\/li>\n<li><strong>Duben 2017<\/strong> &#8211; M\u010c Praha 14 z\u00edsk\u00e1v\u00e1 dal\u0161\u00ed informace, tentokr\u00e1t o z\u00e1m\u011bru na um\u00edst\u011bn\u00ed velkokapacitn\u00edho za\u0159\u00edzen\u00ed na zpracov\u00e1n\u00ed biologicky rozlo\u017eiteln\u00e9ho odpadu, recyklaci a sni\u017eov\u00e1n\u00ed mno\u017estv\u00ed odpad\u016f, kter\u00fd souvis\u00ed s p\u0159ipravovan\u00fdm z\u00e1m\u011brem na \u201emezideponii materi\u00e1lu \u2013 dekontamina\u010dn\u00edho za\u0159\u00edzen\u00ed\u201c (provozov\u00e1no m\u00e1 b\u00fdt spol. ACTON).<\/li>\n<li><strong>\u00danor 2017<\/strong> &#8211; spole\u010dnost ECO CRYSTAL s. r. o., kter\u00e1 na dot\u010den\u00e9m \u00fazem\u00ed provozuje &#8222;dekontamina\u010dn\u00ed za\u0159\u00edzen\u00ed Kyje &#8211; Jahodnice&#8220;, M\u010c Praha 14 p\u0159edb\u011b\u017en\u011b informuje o z\u00e1m\u011bru hl. m. Prahy vybudovat v m\u00edst\u011b kompost\u00e1rnu a o mo\u017en\u00e9m propojen\u00ed st\u00e1vaj\u00edc\u00edho provozu firmy se zam\u00fd\u0161len\u00fdm provozem hl. m. Prahy.<\/li>\n<\/ul>\n<p>\n\t\t\t\t<\/div>\n\t\t\t<\/div>\n\t\t<\/article><article class=\"panel panel-default\">\n\t\t\t<div class=\"panel-heading\">\n\t\t\t\t<h1 class=\"panel-title\">\n\t\t\t\t\t<a data-toggle=\"collapse\" data-parent=\"#panel_group_1\" href=\"#panel_1_3\" class=\"collapsed\">\n\t\t\t\t\t\tCo se na \u00fazem\u00ed pl\u00e1nuje a v jak\u00e9m rozsahu?\n\t\t\t\t\t<\/a>\n\t\t\t\t<\/h1>\n\t\t\t<\/div>\n\t\t\t<div id=\"panel_1_3\" class=\"panel-collapse collapse\">\n\t\t\t\t<div class=\"panel-body\">\n\t\t\t\t\t<\/p>\n<p>Z\u00e1m\u011br investora (Magistr\u00e1t hl. m. Prahy) se skl\u00e1d\u00e1 ze dvou d\u00edl\u010d\u00edch are\u00e1l\u016f. Z are\u00e1lu zpracov\u00e1n\u00ed a prodeje d\u0159eva a are\u00e1lu m\u011bstsk\u00e9 kompost\u00e1rny. Oba are\u00e1ly pak vyu\u017e\u00edvaj\u00ed spole\u010dn\u00e9ho administrativn\u00edho a soci\u00e1ln\u00edho z\u00e1zem\u00ed a jsou vybaveny samostatn\u00fdmi vjezdy.<\/p>\n<p>Uva\u017eovan\u00fd are\u00e1l zpracov\u00e1n\u00ed d\u0159eva a kompost\u00e1rny je um\u00edst\u011bn v prostoru nyn\u00ed nevyu\u017e\u00edvan\u00fdch pozemk\u016f na z\u00e1padn\u00edm okraji pr\u016fmyslov\u00e9 z\u00f3ny u ulice Nedokon\u010den\u00e1. Jedn\u00e1 se o voln\u00e9 pozemky zarostl\u00e9 n\u00e1letovou vegetac\u00ed (budouc\u00ed are\u00e1l zpracov\u00e1n\u00ed d\u0159eva), resp. b\u00fdval\u00e9 zpevn\u011bn\u00e9 skladovac\u00ed plochy (are\u00e1l kompost\u00e1rny).<\/p>\n<p>Plocha are\u00e1lu na zpracov\u00e1n\u00ed d\u0159eva m\u00e1 \u010dinit cca 20.000 m2 a kapacita zpracov\u00e1n\u00ed kulatiny je cca 5.000 m3 d\u0159eva za rok. Plocha kompost\u00e1rny m\u00e1 \u010dinit cca 24.000 m2 a jej\u00ed kapacita je 15.000t bioodpadu za rok.<\/p>\n<p><strong>A<\/strong><strong>re\u00e1l zpracov\u00e1n\u00ed d\u0159eva <\/strong>bude ur\u010den ke zpracov\u00e1n\u00ed d\u0159ev\u011bn\u00e9 kulatiny p\u0159ivezen\u00e9 z les\u016f ve spr\u00e1v\u011b investora na \u00fazem\u00ed hlavn\u00edho m\u011bsta Prahy. Kulatina bude nejd\u0159\u00edve rozt\u0159\u00edd\u011bna, skladov\u00e1na na vyhrazen\u00e9 plo\u0161e v are\u00e1lu a n\u00e1sledn\u011b bude na katru a rozm\u00edtac\u00ed pile na\u0159ez\u00e1na. Hrub\u00e9 \u0159ezivo bude v are\u00e1lu z \u010d\u00e1sti skladov\u00e1no a prod\u00e1v\u00e1no. Dal\u0161\u00ed \u010d\u00e1st \u0159eziva bude n\u00e1sledn\u011b truhl\u00e1\u0159sky upravena (i v\u010detn\u011b su\u0161en\u00ed a lakov\u00e1n\u00ed) a op\u011bt v m\u00edst\u011b skladov\u00e1na a prod\u00e1v\u00e1na. \u010c\u00e1st kulatiny bude na\u0161t\u00edp\u00e1na a prod\u00e1v\u00e1na jako palivo. V are\u00e1lu se budou vedle sklad\u016f d\u0159eva\/\u0159eziva a v\u00fdrobk\u016f ze d\u0159eva nach\u00e1zet i dopl\u0148kov\u00e9 provozy, jako je lakovna, su\u0161\u00e1rna \u0159eziva, gar\u00e1\u017ee apod. D\u0159evn\u00ed odpad bude v m\u00edst\u011b vyu\u017e\u00edv\u00e1n k v\u00fdrob\u011b peletek spalovan\u00fdch v nov\u011b instalovan\u00e9m kotli na biomasu, kter\u00fd bude zaji\u0161\u0165ovat dod\u00e1vku tepla pro pot\u0159ebn\u00e9 provozy.<\/p>\n<p><strong>Are\u00e1l kompost\u00e1rny <\/strong>je ur\u010den ke zpracov\u00e1n\u00ed biologicky rozlo\u017eiteln\u00fdch odpad\u016f rostlinn\u00e9ho p\u016fvodu, tzv. zelen\u00fdch bioodpad\u016f z m\u011bsta (z \u00fadr\u017eby ve\u0159ejn\u00e9 zelen\u011b, ze svozu zelen\u011b komun\u00e1ln\u00edho bioodpadu ve velkoobjemov\u00fdch kontejnerech a sb\u011brn\u00fdch n\u00e1dob um\u00edst\u011bn\u00fdch u obyvatel). Tyto bioodpady jsou tvo\u0159eny p\u0159edev\u0161\u00edm tr\u00e1vou, list\u00edm, zbytky rostlin, d\u0159eva apod. \u0158\u00edzenou aerac\u00ed prob\u00edhaj\u00edc\u00ed nejd\u0159\u00edve v uzav\u0159en\u00e9 hale a n\u00e1sledn\u011b ve venkovn\u00edch kreditech je z bioodpadu vyr\u00e1b\u011bn hodnotn\u00fd kompost, kter\u00fd bude vyu\u017eit p\u0159i \u00fadr\u017eb\u011b m\u011bstsk\u00fdch pozemk\u016f a prod\u00e1v\u00e1n z\u00e1jemc\u016fm i z \u0159ady obyvatel.<\/p>\n<p><strong>P\u0159\u00edjezd k are\u00e1lu je \u0159e\u0161en v n\u00e1sleduj\u00edc\u00edch variant\u00e1ch:<\/strong><\/p>\n<ul>\n<li>varianta \u201esever\u201c &#8211; pouze p\u0159\u00edjezdov\u00e1 komunikace napojuj\u00edc\u00ed se na ulici Nedokon\u010den\u00e1;<\/li>\n<li>varianta I. &#8211; p\u0159\u00edjezdov\u00e1 komunikace napojuj\u00edc\u00ed se na ulici Nedokon\u010den\u00e1 a prodlou\u017een\u00ed ulice U Technoplynu s napojen\u00edm na ulici Pr\u016fmyslov\u00e1. Je respektov\u00e1no trasov\u00e1n\u00ed navrhovan\u00e9 cyklostezky;<\/li>\n<li>varianta II. &#8211; p\u0159\u00edjezdov\u00e1 komunikace napojuj\u00edc\u00ed se na ulici Nedokon\u010den\u00e1 a nov\u00e1 komunikace do are\u00e1lu ZEVO s napojen\u00edm na ulici Pr\u016fmyslov\u00e1;<\/li>\n<li>varianta III. &#8211; p\u0159\u00edjezdov\u00e1 komunikace napojuj\u00edc\u00ed se na ulici Nedokon\u010den\u00e1, prodlou\u017een\u00ed ulice U Technoplynu a nov\u00e1 komunikace do ZEVO s napojen\u00edm na ulici Pr\u016fmyslov\u00e1.<\/li>\n<\/ul>\n<p>\n\t\t\t\t<\/div>\n\t\t\t<\/div>\n\t\t<\/article><article class=\"panel panel-default\">\n\t\t\t<div class=\"panel-heading\">\n\t\t\t\t<h1 class=\"panel-title\">\n\t\t\t\t\t<a data-toggle=\"collapse\" data-parent=\"#panel_group_1\" href=\"#panel_1_4\" class=\"collapsed\">\n\t\t\t\t\t\tGrafick\u00e9 podklady\n\t\t\t\t\t<\/a>\n\t\t\t\t<\/h1>\n\t\t\t<\/div>\n\t\t\t<div id=\"panel_1_4\" class=\"panel-collapse collapse\">\n\t\t\t\t<div class=\"panel-body\">\n\t\t\t\t\t<\/p>\n<ul>\n<li><a href=\"https:\/\/www.praha14.cz\/app\/uploads\/sites\/4\/2021\/06\/1-Um\u00edst\u011bn\u00ed-z\u00e1m\u011bru-\u0161ir\u0161\u00ed-vztahy.pdf\" target=\"_blank\" rel=\"noopener noreferrer\">Um\u00edst\u011bn\u00ed z\u00e1m\u011bru &#8211; \u0161ir\u0161\u00ed vztahy<\/a><\/li>\n<li><a href=\"https:\/\/www.praha14.cz\/app\/uploads\/sites\/4\/2021\/06\/2-Um\u00edst\u011bn\u00ed-z\u00e1m\u011bru-kompost-d\u0159evo.pdf\" target=\"_blank\" rel=\"noopener noreferrer\">Um\u00edst\u011bn\u00ed z\u00e1m\u011bru &#8211; are\u00e1l zpracov\u00e1n\u00ed d\u0159eva a kompost\u00e1rna<\/a><\/li>\n<li><a href=\"https:\/\/www.praha14.cz\/app\/uploads\/sites\/4\/2021\/06\/3-Detail-z\u00e1m\u011bru-kompost-d\u0159evo.pdf\" target=\"_blank\" rel=\"noopener noreferrer\">Detail z\u00e1m\u011bru &#8211; are\u00e1l zpracov\u00e1n\u00ed d\u0159eva a kompost\u00e1rna<\/a><\/li>\n<\/ul>\n<p><em>\u00a0<\/em>\n\t\t\t\t<\/div>\n\t\t\t<\/div>\n\t\t<\/article><\/div><\/section>\n","protected":false},"excerpt":{"rendered":"<p>Magistr\u00e1t hl. m. Prahy pl\u00e1nuje na sv\u00e9m \u00fazem\u00ed nedaleko Jahodnice, v katastru Kyj\u00ed a \u0160t\u011brbohol (parc. \u010d. 2668\/1 a 2670\/1) postavit are\u00e1l zpracov\u00e1n\u00ed d\u0159eva a kompost\u00e1rnu. Spr\u00e1vcem cel\u00e9ho komplexu m\u00e1 b\u00fdt spole\u010dnost Lesy hl. m. Prahy. Vzhledem k pom\u011brn\u011b bl\u00edzk\u00e9 obytn\u00e9 z\u00e1stavb\u011b a vzhledem k riziku, \u017ee provoz bude obt\u011b\u017eovat okol\u00ed (zejm\u00e9na z\u00e1pachem), vydala Rada&#8230;<\/p>\n","protected":false},"author":6,"featured_media":0,"parent":0,"menu_order":0,"comment_status":"closed","ping_status":"closed","template":"","meta":{"_acf_changed":false,"footnotes":""},"class_list":["post-58713","page","type-page","status-publish","hentry"],"acf":[],"yoast_head":"<!-- This site is optimized with the Yoast SEO plugin v27.2 - https:\/\/yoast.com\/product\/yoast-seo-wordpress\/ -->\n<title>Are\u00e1l zpracov\u00e1n\u00ed d\u0159eva a kompost\u00e1rna Horn\u00ed Lada - \u017divot na Praze 14<\/title>\n<meta name=\"robots\" content=\"index, follow, max-snippet:-1, max-image-preview:large, max-video-preview:-1\" \/>\n<link rel=\"canonical\" href=\"https:\/\/www.praha14.cz\/zivot-na-praze-14\/areal-zpracovani-dreva-a-kompostarna-horni-lada\/\" \/>\n<meta property=\"og:locale\" content=\"cs_CZ\" \/>\n<meta property=\"og:type\" content=\"article\" \/>\n<meta property=\"og:title\" content=\"Are\u00e1l zpracov\u00e1n\u00ed d\u0159eva a kompost\u00e1rna Horn\u00ed Lada - \u017divot na Praze 14\" \/>\n<meta property=\"og:description\" content=\"Magistr\u00e1t hl. m. Prahy pl\u00e1nuje na sv\u00e9m \u00fazem\u00ed nedaleko Jahodnice, v katastru Kyj\u00ed a \u0160t\u011brbohol (parc. \u010d. 2668\/1 a 2670\/1) postavit are\u00e1l zpracov\u00e1n\u00ed d\u0159eva a kompost\u00e1rnu. Spr\u00e1vcem cel\u00e9ho komplexu m\u00e1 b\u00fdt spole\u010dnost Lesy hl. m. Prahy. Vzhledem k pom\u011brn\u011b bl\u00edzk\u00e9 obytn\u00e9 z\u00e1stavb\u011b a vzhledem k riziku, \u017ee provoz bude obt\u011b\u017eovat okol\u00ed (zejm\u00e9na z\u00e1pachem), vydala Rada...\" \/>\n<meta property=\"og:url\" content=\"https:\/\/www.praha14.cz\/zivot-na-praze-14\/areal-zpracovani-dreva-a-kompostarna-horni-lada\/\" \/>\n<meta property=\"og:site_name\" content=\"\u017divot na Praze 14\" \/>\n<meta property=\"article:modified_time\" content=\"2021-06-02T08:13:02+00:00\" \/>\n<meta name=\"twitter:card\" content=\"summary_large_image\" \/>\n<meta name=\"twitter:label1\" content=\"Est. reading time\" \/>\n\t<meta name=\"twitter:data1\" content=\"8 minut\" \/>\n<script type=\"application\/ld+json\" class=\"yoast-schema-graph\">{\"@context\":\"https:\/\/schema.org\",\"@graph\":[{\"@type\":\"WebPage\",\"@id\":\"https:\/\/www.praha14.cz\/zivot-na-praze-14\/areal-zpracovani-dreva-a-kompostarna-horni-lada\/\",\"url\":\"https:\/\/www.praha14.cz\/zivot-na-praze-14\/areal-zpracovani-dreva-a-kompostarna-horni-lada\/\",\"name\":\"Are\u00e1l zpracov\u00e1n\u00ed d\u0159eva a kompost\u00e1rna Horn\u00ed Lada - \u017divot na Praze 14\",\"isPartOf\":{\"@id\":\"https:\/\/www.praha14.cz\/zivot-na-praze-14\/#website\"},\"datePublished\":\"2021-06-01T15:55:36+00:00\",\"dateModified\":\"2021-06-02T08:13:02+00:00\",\"breadcrumb\":{\"@id\":\"https:\/\/www.praha14.cz\/zivot-na-praze-14\/areal-zpracovani-dreva-a-kompostarna-horni-lada\/#breadcrumb\"},\"inLanguage\":\"cs\",\"potentialAction\":[{\"@type\":\"ReadAction\",\"target\":[\"https:\/\/www.praha14.cz\/zivot-na-praze-14\/areal-zpracovani-dreva-a-kompostarna-horni-lada\/\"]}]},{\"@type\":\"BreadcrumbList\",\"@id\":\"https:\/\/www.praha14.cz\/zivot-na-praze-14\/areal-zpracovani-dreva-a-kompostarna-horni-lada\/#breadcrumb\",\"itemListElement\":[{\"@type\":\"ListItem\",\"position\":1,\"name\":\"\u017divot na Praze 14\",\"item\":\"https:\/\/www.praha14.cz\/zivot-na-praze-14\/\"},{\"@type\":\"ListItem\",\"position\":2,\"name\":\"Are\u00e1l zpracov\u00e1n\u00ed d\u0159eva a kompost\u00e1rna Horn\u00ed Lada\"}]},{\"@type\":\"WebSite\",\"@id\":\"https:\/\/www.praha14.cz\/zivot-na-praze-14\/#website\",\"url\":\"https:\/\/www.praha14.cz\/zivot-na-praze-14\/\",\"name\":\"\u017divot na Praze 14\",\"description\":\"\",\"potentialAction\":[{\"@type\":\"SearchAction\",\"target\":{\"@type\":\"EntryPoint\",\"urlTemplate\":\"https:\/\/www.praha14.cz\/zivot-na-praze-14\/?s={search_term_string}\"},\"query-input\":{\"@type\":\"PropertyValueSpecification\",\"valueRequired\":true,\"valueName\":\"search_term_string\"}}],\"inLanguage\":\"cs\"}]}<\/script>\n<!-- \/ Yoast SEO plugin. -->","yoast_head_json":{"title":"Are\u00e1l zpracov\u00e1n\u00ed d\u0159eva a kompost\u00e1rna Horn\u00ed Lada - \u017divot na Praze 14","robots":{"index":"index","follow":"follow","max-snippet":"max-snippet:-1","max-image-preview":"max-image-preview:large","max-video-preview":"max-video-preview:-1"},"canonical":"https:\/\/www.praha14.cz\/zivot-na-praze-14\/areal-zpracovani-dreva-a-kompostarna-horni-lada\/","og_locale":"cs_CZ","og_type":"article","og_title":"Are\u00e1l zpracov\u00e1n\u00ed d\u0159eva a kompost\u00e1rna Horn\u00ed Lada - \u017divot na Praze 14","og_description":"Magistr\u00e1t hl. m. Prahy pl\u00e1nuje na sv\u00e9m \u00fazem\u00ed nedaleko Jahodnice, v katastru Kyj\u00ed a \u0160t\u011brbohol (parc. \u010d. 2668\/1 a 2670\/1) postavit are\u00e1l zpracov\u00e1n\u00ed d\u0159eva a kompost\u00e1rnu. Spr\u00e1vcem cel\u00e9ho komplexu m\u00e1 b\u00fdt spole\u010dnost Lesy hl. m. Prahy. Vzhledem k pom\u011brn\u011b bl\u00edzk\u00e9 obytn\u00e9 z\u00e1stavb\u011b a vzhledem k riziku, \u017ee provoz bude obt\u011b\u017eovat okol\u00ed (zejm\u00e9na z\u00e1pachem), vydala Rada...","og_url":"https:\/\/www.praha14.cz\/zivot-na-praze-14\/areal-zpracovani-dreva-a-kompostarna-horni-lada\/","og_site_name":"\u017divot na Praze 14","article_modified_time":"2021-06-02T08:13:02+00:00","twitter_card":"summary_large_image","twitter_misc":{"Est. reading time":"8 minut"},"schema":{"@context":"https:\/\/schema.org","@graph":[{"@type":"WebPage","@id":"https:\/\/www.praha14.cz\/zivot-na-praze-14\/areal-zpracovani-dreva-a-kompostarna-horni-lada\/","url":"https:\/\/www.praha14.cz\/zivot-na-praze-14\/areal-zpracovani-dreva-a-kompostarna-horni-lada\/","name":"Are\u00e1l zpracov\u00e1n\u00ed d\u0159eva a kompost\u00e1rna Horn\u00ed Lada - \u017divot na Praze 14","isPartOf":{"@id":"https:\/\/www.praha14.cz\/zivot-na-praze-14\/#website"},"datePublished":"2021-06-01T15:55:36+00:00","dateModified":"2021-06-02T08:13:02+00:00","breadcrumb":{"@id":"https:\/\/www.praha14.cz\/zivot-na-praze-14\/areal-zpracovani-dreva-a-kompostarna-horni-lada\/#breadcrumb"},"inLanguage":"cs","potentialAction":[{"@type":"ReadAction","target":["https:\/\/www.praha14.cz\/zivot-na-praze-14\/areal-zpracovani-dreva-a-kompostarna-horni-lada\/"]}]},{"@type":"BreadcrumbList","@id":"https:\/\/www.praha14.cz\/zivot-na-praze-14\/areal-zpracovani-dreva-a-kompostarna-horni-lada\/#breadcrumb","itemListElement":[{"@type":"ListItem","position":1,"name":"\u017divot na Praze 14","item":"https:\/\/www.praha14.cz\/zivot-na-praze-14\/"},{"@type":"ListItem","position":2,"name":"Are\u00e1l zpracov\u00e1n\u00ed d\u0159eva a kompost\u00e1rna Horn\u00ed Lada"}]},{"@type":"WebSite","@id":"https:\/\/www.praha14.cz\/zivot-na-praze-14\/#website","url":"https:\/\/www.praha14.cz\/zivot-na-praze-14\/","name":"\u017divot na Praze 14","description":"","potentialAction":[{"@type":"SearchAction","target":{"@type":"EntryPoint","urlTemplate":"https:\/\/www.praha14.cz\/zivot-na-praze-14\/?s={search_term_string}"},"query-input":{"@type":"PropertyValueSpecification","valueRequired":true,"valueName":"search_term_string"}}],"inLanguage":"cs"}]}},"_links":{"self":[{"href":"https:\/\/www.praha14.cz\/zivot-na-praze-14\/wp-json\/wp\/v2\/pages\/58713","targetHints":{"allow":["GET"]}}],"collection":[{"href":"https:\/\/www.praha14.cz\/zivot-na-praze-14\/wp-json\/wp\/v2\/pages"}],"about":[{"href":"https:\/\/www.praha14.cz\/zivot-na-praze-14\/wp-json\/wp\/v2\/types\/page"}],"author":[{"embeddable":true,"href":"https:\/\/www.praha14.cz\/zivot-na-praze-14\/wp-json\/wp\/v2\/users\/6"}],"replies":[{"embeddable":true,"href":"https:\/\/www.praha14.cz\/zivot-na-praze-14\/wp-json\/wp\/v2\/comments?post=58713"}],"version-history":[{"count":5,"href":"https:\/\/www.praha14.cz\/zivot-na-praze-14\/wp-json\/wp\/v2\/pages\/58713\/revisions"}],"predecessor-version":[{"id":58748,"href":"https:\/\/www.praha14.cz\/zivot-na-praze-14\/wp-json\/wp\/v2\/pages\/58713\/revisions\/58748"}],"wp:attachment":[{"href":"https:\/\/www.praha14.cz\/zivot-na-praze-14\/wp-json\/wp\/v2\/media?parent=58713"}],"curies":[{"name":"wp","href":"https:\/\/api.w.org\/{rel}","templated":true}]}}