{"id":59137,"date":"2021-07-13T07:28:57","date_gmt":"2021-07-13T07:28:57","guid":{"rendered":"https:\/\/www.praha14.cz\/zivot-na-praze-14\/?page_id=59137"},"modified":"2023-12-07T07:30:00","modified_gmt":"2023-12-07T07:30:00","slug":"zprava-o-participaci-verejnosti","status":"publish","type":"page","link":"https:\/\/www.praha14.cz\/zivot-na-praze-14\/zprava-o-participaci-verejnosti\/","title":{"rendered":"Zpr\u00e1va o participaci ve\u0159ejnosti"},"content":{"rendered":"<p><a href=\"https:\/\/www.praha14.cz\/app\/uploads\/sites\/4\/2023\/12\/Zprava-o-participaci-verejnosti-2023.pdf\" target=\"_blank\" rel=\"noopener\">Zpr\u00e1va o participaci ve\u0159ejnosti 2023<\/a><br \/>\n<a href=\"https:\/\/www.praha14.cz\/app\/uploads\/sites\/4\/2022\/12\/Zprava-o-participaci-verejnosti-2022-fin.pdf\" target=\"_blank\" rel=\"noopener\">Zpr\u00e1va o participaci ve\u0159ejnosti 2022<\/a><br \/>\n<a href=\"https:\/\/www.praha14.cz\/app\/uploads\/sites\/4\/2021\/12\/Zprava-o-participaci-verejnosti-2021.pdf\" target=\"_blank\" rel=\"noopener\">Zpr\u00e1va o participaci ve\u0159ejnosti 2021<\/a><br \/>\n<a href=\"https:\/\/www.praha14.cz\/app\/uploads\/sites\/4\/2021\/07\/Zpr\u00e1va-o-participaci-ve\u0159ejnosti-2020.pdf\" target=\"_blank\" rel=\"noopener noreferrer\">Zpr\u00e1va o participaci ve\u0159ejnosti 2020<\/a><br \/>\n<a href=\"https:\/\/www.praha14.cz\/app\/uploads\/sites\/4\/2021\/07\/Zpr\u00e1va-o-participaci-ve\u0159ejnosti-2019.pdf\" target=\"_blank\" rel=\"noopener noreferrer\">Zpr\u00e1va o participaci ve\u0159ejnosti 2019<\/a><br \/>\n<a href=\"https:\/\/www.praha14.cz\/app\/uploads\/sites\/4\/2021\/07\/Zpr\u00e1va-o-participaci-ve\u0159ejnosti-2018.pdf\" target=\"_blank\" rel=\"noopener noreferrer\">Zpr\u00e1va o participaci ve\u0159ejnosti 2018<\/a><br \/>\n<a href=\"https:\/\/www.praha14.cz\/app\/uploads\/sites\/4\/2021\/07\/Zpr\u00e1va-o-participaci-ve\u0159ejnosti-2017.pdf\" target=\"_blank\" rel=\"noopener noreferrer\">Zpr\u00e1va o participaci ve\u0159ejnosti 2017<\/a><br \/>\n<a href=\"https:\/\/www.praha14.cz\/app\/uploads\/sites\/4\/2021\/07\/Zpr\u00e1va-o-participaci-ve\u0159ejnosti-2016_fin.pdf\" target=\"_blank\" rel=\"noopener noreferrer\">Zpr\u00e1va o participaci ve\u0159ejnosti 2016<\/a><br \/>\n<a href=\"https:\/\/www.praha14.cz\/app\/uploads\/sites\/4\/2021\/07\/Zpr\u00e1va-o-participaci-ve\u0159ejnosti-2015.pdf\" target=\"_blank\" rel=\"noopener noreferrer\">Zpr\u00e1va o participaci ve\u0159ejnosti 2015<\/a><br \/>\n<a href=\"https:\/\/www.praha14.cz\/app\/uploads\/sites\/4\/2021\/07\/Zpr\u00e1va-o-participaci-ve\u0159ejnosti-2014.pdf\" target=\"_blank\" rel=\"noopener noreferrer\">Zpr\u00e1va o participaci ve\u0159ejnosti 2014<\/a><br \/>\n<a href=\"https:\/\/www.praha14.cz\/app\/uploads\/sites\/4\/2021\/07\/Zpr\u00e1va-o-implementaci-syst\u00e9mu-2013.pdf\" target=\"_blank\" rel=\"noopener noreferrer\">Zpr\u00e1va o implementaci syst\u00e9mu 2013<\/a><\/p>\n","protected":false},"excerpt":{"rendered":"<p>Zpr\u00e1va o participaci ve\u0159ejnosti 2023 Zpr\u00e1va o participaci ve\u0159ejnosti 2022 Zpr\u00e1va o participaci ve\u0159ejnosti 2021 Zpr\u00e1va o participaci ve\u0159ejnosti 2020 Zpr\u00e1va o participaci ve\u0159ejnosti 2019 Zpr\u00e1va o participaci ve\u0159ejnosti 2018 Zpr\u00e1va o participaci ve\u0159ejnosti 2017 Zpr\u00e1va o participaci ve\u0159ejnosti 2016 Zpr\u00e1va o participaci ve\u0159ejnosti 2015 Zpr\u00e1va o participaci ve\u0159ejnosti 2014 Zpr\u00e1va o implementaci syst\u00e9mu 2013<\/p>\n","protected":false},"author":1057,"featured_media":0,"parent":0,"menu_order":0,"comment_status":"closed","ping_status":"closed","template":"","meta":{"_acf_changed":false,"footnotes":""},"class_list":["post-59137","page","type-page","status-publish","hentry"],"acf":[],"yoast_head":"<!-- This site is optimized with the Yoast SEO plugin v27.2 - https:\/\/yoast.com\/product\/yoast-seo-wordpress\/ -->\n<title>Zpr\u00e1va o participaci ve\u0159ejnosti - \u017divot na Praze 14<\/title>\n<meta name=\"robots\" content=\"index, follow, max-snippet:-1, max-image-preview:large, max-video-preview:-1\" \/>\n<link rel=\"canonical\" href=\"https:\/\/www.praha14.cz\/zivot-na-praze-14\/zprava-o-participaci-verejnosti\/\" \/>\n<meta property=\"og:locale\" content=\"cs_CZ\" \/>\n<meta property=\"og:type\" content=\"article\" \/>\n<meta property=\"og:title\" content=\"Zpr\u00e1va o participaci ve\u0159ejnosti - \u017divot na Praze 14\" \/>\n<meta property=\"og:description\" content=\"Zpr\u00e1va o participaci ve\u0159ejnosti 2023 Zpr\u00e1va o participaci ve\u0159ejnosti 2022 Zpr\u00e1va o participaci ve\u0159ejnosti 2021 Zpr\u00e1va o participaci ve\u0159ejnosti 2020 Zpr\u00e1va o participaci ve\u0159ejnosti 2019 Zpr\u00e1va o participaci ve\u0159ejnosti 2018 Zpr\u00e1va o participaci ve\u0159ejnosti 2017 Zpr\u00e1va o participaci ve\u0159ejnosti 2016 Zpr\u00e1va o participaci ve\u0159ejnosti 2015 Zpr\u00e1va o participaci ve\u0159ejnosti 2014 Zpr\u00e1va o implementaci syst\u00e9mu 2013\" \/>\n<meta property=\"og:url\" content=\"https:\/\/www.praha14.cz\/zivot-na-praze-14\/zprava-o-participaci-verejnosti\/\" \/>\n<meta property=\"og:site_name\" content=\"\u017divot na Praze 14\" \/>\n<meta property=\"article:modified_time\" content=\"2023-12-07T07:30:00+00:00\" \/>\n<meta name=\"twitter:card\" content=\"summary_large_image\" \/>\n<meta name=\"twitter:label1\" content=\"Est. reading time\" \/>\n\t<meta name=\"twitter:data1\" content=\"1 minuta\" \/>\n<script type=\"application\/ld+json\" class=\"yoast-schema-graph\">{\"@context\":\"https:\/\/schema.org\",\"@graph\":[{\"@type\":\"WebPage\",\"@id\":\"https:\/\/www.praha14.cz\/zivot-na-praze-14\/zprava-o-participaci-verejnosti\/\",\"url\":\"https:\/\/www.praha14.cz\/zivot-na-praze-14\/zprava-o-participaci-verejnosti\/\",\"name\":\"Zpr\u00e1va o participaci ve\u0159ejnosti - \u017divot na Praze 14\",\"isPartOf\":{\"@id\":\"https:\/\/www.praha14.cz\/zivot-na-praze-14\/#website\"},\"datePublished\":\"2021-07-13T07:28:57+00:00\",\"dateModified\":\"2023-12-07T07:30:00+00:00\",\"breadcrumb\":{\"@id\":\"https:\/\/www.praha14.cz\/zivot-na-praze-14\/zprava-o-participaci-verejnosti\/#breadcrumb\"},\"inLanguage\":\"cs\",\"potentialAction\":[{\"@type\":\"ReadAction\",\"target\":[\"https:\/\/www.praha14.cz\/zivot-na-praze-14\/zprava-o-participaci-verejnosti\/\"]}]},{\"@type\":\"BreadcrumbList\",\"@id\":\"https:\/\/www.praha14.cz\/zivot-na-praze-14\/zprava-o-participaci-verejnosti\/#breadcrumb\",\"itemListElement\":[{\"@type\":\"ListItem\",\"position\":1,\"name\":\"\u017divot na Praze 14\",\"item\":\"https:\/\/www.praha14.cz\/zivot-na-praze-14\/\"},{\"@type\":\"ListItem\",\"position\":2,\"name\":\"Zpr\u00e1va o participaci ve\u0159ejnosti\"}]},{\"@type\":\"WebSite\",\"@id\":\"https:\/\/www.praha14.cz\/zivot-na-praze-14\/#website\",\"url\":\"https:\/\/www.praha14.cz\/zivot-na-praze-14\/\",\"name\":\"\u017divot na Praze 14\",\"description\":\"\",\"potentialAction\":[{\"@type\":\"SearchAction\",\"target\":{\"@type\":\"EntryPoint\",\"urlTemplate\":\"https:\/\/www.praha14.cz\/zivot-na-praze-14\/?s={search_term_string}\"},\"query-input\":{\"@type\":\"PropertyValueSpecification\",\"valueRequired\":true,\"valueName\":\"search_term_string\"}}],\"inLanguage\":\"cs\"}]}<\/script>\n<!-- \/ Yoast SEO plugin. -->","yoast_head_json":{"title":"Zpr\u00e1va o participaci ve\u0159ejnosti - \u017divot na Praze 14","robots":{"index":"index","follow":"follow","max-snippet":"max-snippet:-1","max-image-preview":"max-image-preview:large","max-video-preview":"max-video-preview:-1"},"canonical":"https:\/\/www.praha14.cz\/zivot-na-praze-14\/zprava-o-participaci-verejnosti\/","og_locale":"cs_CZ","og_type":"article","og_title":"Zpr\u00e1va o participaci ve\u0159ejnosti - \u017divot na Praze 14","og_description":"Zpr\u00e1va o participaci ve\u0159ejnosti 2023 Zpr\u00e1va o participaci ve\u0159ejnosti 2022 Zpr\u00e1va o participaci ve\u0159ejnosti 2021 Zpr\u00e1va o participaci ve\u0159ejnosti 2020 Zpr\u00e1va o participaci ve\u0159ejnosti 2019 Zpr\u00e1va o participaci ve\u0159ejnosti 2018 Zpr\u00e1va o participaci ve\u0159ejnosti 2017 Zpr\u00e1va o participaci ve\u0159ejnosti 2016 Zpr\u00e1va o participaci ve\u0159ejnosti 2015 Zpr\u00e1va o participaci ve\u0159ejnosti 2014 Zpr\u00e1va o implementaci syst\u00e9mu 2013","og_url":"https:\/\/www.praha14.cz\/zivot-na-praze-14\/zprava-o-participaci-verejnosti\/","og_site_name":"\u017divot na Praze 14","article_modified_time":"2023-12-07T07:30:00+00:00","twitter_card":"summary_large_image","twitter_misc":{"Est. reading time":"1 minuta"},"schema":{"@context":"https:\/\/schema.org","@graph":[{"@type":"WebPage","@id":"https:\/\/www.praha14.cz\/zivot-na-praze-14\/zprava-o-participaci-verejnosti\/","url":"https:\/\/www.praha14.cz\/zivot-na-praze-14\/zprava-o-participaci-verejnosti\/","name":"Zpr\u00e1va o participaci ve\u0159ejnosti - \u017divot na Praze 14","isPartOf":{"@id":"https:\/\/www.praha14.cz\/zivot-na-praze-14\/#website"},"datePublished":"2021-07-13T07:28:57+00:00","dateModified":"2023-12-07T07:30:00+00:00","breadcrumb":{"@id":"https:\/\/www.praha14.cz\/zivot-na-praze-14\/zprava-o-participaci-verejnosti\/#breadcrumb"},"inLanguage":"cs","potentialAction":[{"@type":"ReadAction","target":["https:\/\/www.praha14.cz\/zivot-na-praze-14\/zprava-o-participaci-verejnosti\/"]}]},{"@type":"BreadcrumbList","@id":"https:\/\/www.praha14.cz\/zivot-na-praze-14\/zprava-o-participaci-verejnosti\/#breadcrumb","itemListElement":[{"@type":"ListItem","position":1,"name":"\u017divot na Praze 14","item":"https:\/\/www.praha14.cz\/zivot-na-praze-14\/"},{"@type":"ListItem","position":2,"name":"Zpr\u00e1va o participaci ve\u0159ejnosti"}]},{"@type":"WebSite","@id":"https:\/\/www.praha14.cz\/zivot-na-praze-14\/#website","url":"https:\/\/www.praha14.cz\/zivot-na-praze-14\/","name":"\u017divot na Praze 14","description":"","potentialAction":[{"@type":"SearchAction","target":{"@type":"EntryPoint","urlTemplate":"https:\/\/www.praha14.cz\/zivot-na-praze-14\/?s={search_term_string}"},"query-input":{"@type":"PropertyValueSpecification","valueRequired":true,"valueName":"search_term_string"}}],"inLanguage":"cs"}]}},"_links":{"self":[{"href":"https:\/\/www.praha14.cz\/zivot-na-praze-14\/wp-json\/wp\/v2\/pages\/59137","targetHints":{"allow":["GET"]}}],"collection":[{"href":"https:\/\/www.praha14.cz\/zivot-na-praze-14\/wp-json\/wp\/v2\/pages"}],"about":[{"href":"https:\/\/www.praha14.cz\/zivot-na-praze-14\/wp-json\/wp\/v2\/types\/page"}],"author":[{"embeddable":true,"href":"https:\/\/www.praha14.cz\/zivot-na-praze-14\/wp-json\/wp\/v2\/users\/1057"}],"replies":[{"embeddable":true,"href":"https:\/\/www.praha14.cz\/zivot-na-praze-14\/wp-json\/wp\/v2\/comments?post=59137"}],"version-history":[{"count":6,"href":"https:\/\/www.praha14.cz\/zivot-na-praze-14\/wp-json\/wp\/v2\/pages\/59137\/revisions"}],"predecessor-version":[{"id":68985,"href":"https:\/\/www.praha14.cz\/zivot-na-praze-14\/wp-json\/wp\/v2\/pages\/59137\/revisions\/68985"}],"wp:attachment":[{"href":"https:\/\/www.praha14.cz\/zivot-na-praze-14\/wp-json\/wp\/v2\/media?parent=59137"}],"curies":[{"name":"wp","href":"https:\/\/api.w.org\/{rel}","templated":true}]}}