{"id":59529,"date":"2021-09-09T07:48:21","date_gmt":"2021-09-09T07:48:21","guid":{"rendered":"https:\/\/www.praha14.cz\/zivot-na-praze-14\/?page_id=59529"},"modified":"2026-03-24T08:51:20","modified_gmt":"2026-03-24T08:51:20","slug":"management-osobni-bezpecnosti","status":"publish","type":"page","link":"https:\/\/www.praha14.cz\/zivot-na-praze-14\/management-osobni-bezpecnosti\/","title":{"rendered":"Management osobn\u00ed bezpe\u010dnosti"},"content":{"rendered":"<p>M\u011bstsk\u00e1 \u010d\u00e1st Praha 14 po\u0159\u00e1d\u00e1 v\u00a0r\u00e1mci programu prevence kriminality kurzy managementu osobn\u00ed bezpe\u010dnosti pro ob\u010dany. Lekce prob\u011bhnou v\u017edy\u00a0<strong>1x t\u00fddn\u011b<\/strong>,\u00a0pod veden\u00edm zku\u0161en\u00fdch lektor\u016f teoretick\u00e9ho a sebeobrann\u00e9ho syst\u00e9mu Krav Maga. Kurz je pro ob\u010dany\u00a0<strong>zdarma<\/strong>.<\/p>\n<p><span style=\"color: #414042;\"><span style=\"font-family: Trebuchet MS, serif;\"><span style=\"font-size: x-large;\"><b>Podm\u00ednky<\/b><\/span><\/span><\/span><\/p>\n<ul>\n<li>\u00da\u010dastn\u00edk mus\u00ed m\u00edt trval\u00e9\/p\u0159echodn\u00e9 bydli\u0161t\u011b na M\u010c Praha 14<\/li>\n<\/ul>\n<p>Vybrat si m\u016f\u017eete z\u00a0n\u00e1sleduj\u00edc\u00edch kurz\u016f:<\/p>\n<table style=\"height: 124px;\" width=\"100%\">\n<tbody>\n<tr>\n<td>M\u00edsto<\/td>\n<td>N\u00e1zev<\/td>\n<td>Kdy<\/td>\n<td>\u010cas<\/td>\n<td>Rezervace<\/td>\n<\/tr>\n<tr>\n<td><strong>Volno\u010dasov\u00e9 centrum H55*<\/strong><\/td>\n<td>Kurz managementu osobn\u00ed bezpe\u010dnosti pro <b>d\u011bti<\/b><\/td>\n<td>Pond\u011bl\u00ed od 13. 4. do 1. 6. 2026<\/td>\n<td>15:30\u201316:45<\/td>\n<td>Obsazeno<\/td>\n<\/tr>\n<tr>\n<td><strong>Volno\u010dasov\u00e9 centrum H55*<\/strong><\/td>\n<td>Kurz managementu osobn\u00ed bezpe\u010dnosti pro <strong>\u017eeny (za\u010d\u00e1te\u010dnice)<\/strong><\/td>\n<td>Pond\u011bl\u00ed od 13. 4. do 1. 6. 2026<\/td>\n<td>18:30\u201319:45<\/td>\n<td>Obsazeno<\/td>\n<\/tr>\n<\/tbody>\n<\/table>\n<p><em>*Adresa: <\/em><\/p>\n<ul>\n<li><em>Volno\u010dasov\u00e9 centrum <strong>H55<\/strong> &#8211; Hloub\u011bt\u00ednsk\u00e1 1138\/5, 198 00 Praha 14 &#8211; Hloub\u011bt\u00edn<\/em><\/li>\n<\/ul>\n<p>\u017d\u00e1d\u00e1me z\u00e1jemce, aby se nep\u0159ihla\u0161ovali do v\u00edce kurz\u016f najednou! Kapacita \u00fa\u010dastn\u00edk\u016f je omezena.<\/p>\n<p>V p\u0159\u00edpad\u011b p\u0159ihla\u0161ov\u00e1n\u00ed dvojic\/p\u00e1r\u016f mus\u00ed b\u00fdt ka\u017ed\u00e1 osoba p\u0159ihl\u00e1\u0161ena zvl\u00e1\u0161\u0165.<\/p>\n<p>Doporu\u010den\u00ed, co si vz\u00edt na lekci s sebou:<\/p>\n<ul>\n<li>pohodln\u00e9 sportovn\u00ed oble\u010den\u00ed (tri\u010dko, leg\u00edny),<\/li>\n<li>\u010distou obuv (tenisky),<\/li>\n<li>l\u00e1hev s vodou,<\/li>\n<li>v p\u0159\u00edpad\u011b pot\u0159eby mal\u00fd ru\u010dn\u00edk.<\/li>\n<\/ul>\n<p>Uzamykateln\u00e9 sk\u0159\u00ed\u0148ky jsou v\u00a0prostor\u00e1ch k\u00a0dispozici. Sprchy v\u00a0centru nejsou.<\/p>\n<p>V\u00edce informac\u00ed o sebeobrann\u00e9m syst\u00e9mu naleznete na webov\u00fdch str\u00e1nk\u00e1ch <a href=\"http:\/\/www.krav-maga.cz\" target=\"_blank\" rel=\"noopener\">www.krav-maga.cz<\/a><\/p>\n<p>&nbsp;<\/p>\n<p>Principy a obsah semin\u00e1\u0159\u016f vych\u00e1zej\u00ed z charakteru \u010dinnosti, tj. p\u0159edch\u00e1zen\u00ed a \u0159e\u0161en\u00ed konflikt\u016f. Tato oblast zahrnuje osvojov\u00e1n\u00ed \u0161irok\u00e9 \u0161k\u00e1ly schopnost\u00ed a dovednost\u00ed. Ty mohou nab\u00fdvat r\u016fzn\u00e9 \u00farovn\u011b a t\u00edm ur\u010dovat pravd\u011bpodobnost \u00fasp\u011b\u0161n\u00e9 obrann\u00e9 reakce. C\u00edlem projektu je zprost\u0159edkovat c\u00edlov\u00fdm skupin\u00e1m mo\u017enost z\u00edskat teoretick\u00e9 znalosti ohledn\u011b prevence konflikt\u016f a sebeobrany a z\u00e1rove\u0148 vytvo\u0159it p\u0159\u00edle\u017eitost si v\u0161e prov\u011b\u0159it b\u011bhem praktick\u00fdch semin\u00e1\u0159\u016f. Jedn\u00e1 se o n\u00e1cvik, kter\u00fd \u00fa\u010dastn\u00edky u\u010d\u00ed technik\u00e1m pos\u00edlen\u00ed charakterov\u00fdch vlastnost\u00ed (jako je sebed\u016fv\u011bra, odvaha, sebeovl\u00e1d\u00e1n\u00ed, c\u00edlev\u011bdomost), vlastnost\u00ed podm\u00edn\u011bn\u00fdch silou v\u016fle (hou\u017eevnatost, vytrvalost a odolnost) a schopnosti pohotov\u00e9 reaktivnosti (post\u0159eh, rychl\u00e9 rozhodov\u00e1n\u00ed, iniciativa). Odborn\u011b veden\u00fd n\u00e1cvik je zalo\u017een na re\u00e1ln\u00e9m z\u00e1klad\u011b, tzn. reflektovat slo\u017eitost sebeobrann\u00e9 situace. C\u00edlem p\u0159\u00edpravy je co nejv\u00edce modelovat podm\u00ednky potenci\u00e1ln\u00ed sebeobrann\u00e9 situace a t\u00edm se p\u0159ibli\u017eovat realit\u011b.<\/p>\n<h3>Kontakt na po\u0159\u00e1daj\u00edc\u00ed osobu:<\/h3>\n<p>Mgr. Veronika Havl\u00ed\u010dkov\u00e1 \u2013 koordin\u00e1torka prevence kriminality,<\/p>\n<p>e-mail: <a href=\"mailto:veronika.havlickova@praha14.cz?subject=Krav%20Maga\">veronika.havlickova@praha14.cz<\/a><\/p>\n<p>Kurz je po\u0159\u00e1d\u00e1n ve spolupr\u00e1ci s\u00a0Magistr\u00e1tem hl. m. Praha v\u00a0r\u00e1mci grantov\u00e9ho \u0159\u00edzen\u00ed v\u00a0oblasti prevence kriminality.<\/p>\n<p><a href=\"https:\/\/prevencekriminality.cz\/prevence-kriminality\/\" target=\"_blank\" rel=\"noopener\"><img loading=\"lazy\" decoding=\"async\" class=\"alignnone wp-image-59631\" src=\"https:\/\/www.praha14.cz\/app\/uploads\/sites\/4\/2021\/09\/Logo_prevence_kriminalita-370x370.png\" alt=\"\" width=\"100\" height=\"100\" srcset=\"https:\/\/www.praha14.cz\/app\/uploads\/sites\/4\/2021\/09\/Logo_prevence_kriminalita-370x370.png 370w, https:\/\/www.praha14.cz\/app\/uploads\/sites\/4\/2021\/09\/Logo_prevence_kriminalita-150x150.png 150w, https:\/\/www.praha14.cz\/app\/uploads\/sites\/4\/2021\/09\/Logo_prevence_kriminalita.png 441w\" sizes=\"(max-width: 100px) 100vw, 100px\" \/><\/a>\u00a0<a href=\"https:\/\/www.praha.eu\/jnp\/\" target=\"_blank\" rel=\"noopener\"><img loading=\"lazy\" decoding=\"async\" class=\"alignnone wp-image-64172\" src=\"https:\/\/www.praha14.cz\/app\/uploads\/sites\/4\/2022\/08\/prahacilg-370x370.png\" alt=\"\" width=\"100\" height=\"100\" srcset=\"https:\/\/www.praha14.cz\/app\/uploads\/sites\/4\/2022\/08\/prahacilg-370x370.png 370w, https:\/\/www.praha14.cz\/app\/uploads\/sites\/4\/2022\/08\/prahacilg-150x150.png 150w, https:\/\/www.praha14.cz\/app\/uploads\/sites\/4\/2022\/08\/prahacilg-768x768.png 768w, https:\/\/www.praha14.cz\/app\/uploads\/sites\/4\/2022\/08\/prahacilg.png 795w\" sizes=\"(max-width: 100px) 100vw, 100px\" \/><\/a><\/p>\n","protected":false},"excerpt":{"rendered":"<p>M\u011bstsk\u00e1 \u010d\u00e1st Praha 14 po\u0159\u00e1d\u00e1 v\u00a0r\u00e1mci programu prevence kriminality kurzy managementu osobn\u00ed bezpe\u010dnosti pro ob\u010dany. Lekce prob\u011bhnou v\u017edy\u00a01x t\u00fddn\u011b,\u00a0pod veden\u00edm zku\u0161en\u00fdch lektor\u016f teoretick\u00e9ho a sebeobrann\u00e9ho syst\u00e9mu Krav Maga. Kurz je pro ob\u010dany\u00a0zdarma. Podm\u00ednky \u00da\u010dastn\u00edk mus\u00ed m\u00edt trval\u00e9\/p\u0159echodn\u00e9 bydli\u0161t\u011b na M\u010c Praha 14 Vybrat si m\u016f\u017eete z\u00a0n\u00e1sleduj\u00edc\u00edch kurz\u016f: M\u00edsto N\u00e1zev Kdy \u010cas Rezervace Volno\u010dasov\u00e9 centrum H55*&#8230;<\/p>\n","protected":false},"author":1,"featured_media":0,"parent":0,"menu_order":0,"comment_status":"closed","ping_status":"closed","template":"","meta":{"_acf_changed":false,"footnotes":""},"class_list":["post-59529","page","type-page","status-publish","hentry"],"acf":[],"yoast_head":"<!-- This site is optimized with the Yoast SEO plugin v27.2 - https:\/\/yoast.com\/product\/yoast-seo-wordpress\/ -->\n<title>Management osobn\u00ed bezpe\u010dnosti - \u017divot na Praze 14<\/title>\n<meta name=\"robots\" content=\"index, follow, max-snippet:-1, max-image-preview:large, max-video-preview:-1\" \/>\n<link rel=\"canonical\" href=\"https:\/\/www.praha14.cz\/zivot-na-praze-14\/management-osobni-bezpecnosti\/\" \/>\n<meta property=\"og:locale\" content=\"cs_CZ\" \/>\n<meta property=\"og:type\" content=\"article\" \/>\n<meta property=\"og:title\" content=\"Management osobn\u00ed bezpe\u010dnosti - \u017divot na Praze 14\" \/>\n<meta property=\"og:description\" content=\"M\u011bstsk\u00e1 \u010d\u00e1st Praha 14 po\u0159\u00e1d\u00e1 v\u00a0r\u00e1mci programu prevence kriminality kurzy managementu osobn\u00ed bezpe\u010dnosti pro ob\u010dany. Lekce prob\u011bhnou v\u017edy\u00a01x t\u00fddn\u011b,\u00a0pod veden\u00edm zku\u0161en\u00fdch lektor\u016f teoretick\u00e9ho a sebeobrann\u00e9ho syst\u00e9mu Krav Maga. Kurz je pro ob\u010dany\u00a0zdarma. Podm\u00ednky \u00da\u010dastn\u00edk mus\u00ed m\u00edt trval\u00e9\/p\u0159echodn\u00e9 bydli\u0161t\u011b na M\u010c Praha 14 Vybrat si m\u016f\u017eete z\u00a0n\u00e1sleduj\u00edc\u00edch kurz\u016f: M\u00edsto N\u00e1zev Kdy \u010cas Rezervace Volno\u010dasov\u00e9 centrum H55*...\" \/>\n<meta property=\"og:url\" content=\"https:\/\/www.praha14.cz\/zivot-na-praze-14\/management-osobni-bezpecnosti\/\" \/>\n<meta property=\"og:site_name\" content=\"\u017divot na Praze 14\" \/>\n<meta property=\"article:modified_time\" content=\"2026-03-24T08:51:20+00:00\" \/>\n<meta property=\"og:image\" content=\"https:\/\/www.praha14.cz\/app\/uploads\/sites\/4\/2021\/09\/Logo_prevence_kriminalita.png\" \/>\n\t<meta property=\"og:image:width\" content=\"441\" \/>\n\t<meta property=\"og:image:height\" content=\"442\" \/>\n\t<meta property=\"og:image:type\" content=\"image\/png\" \/>\n<meta name=\"twitter:card\" content=\"summary_large_image\" \/>\n<meta name=\"twitter:label1\" content=\"Est. reading time\" \/>\n\t<meta name=\"twitter:data1\" content=\"3 minuty\" \/>\n<script type=\"application\/ld+json\" class=\"yoast-schema-graph\">{\"@context\":\"https:\/\/schema.org\",\"@graph\":[{\"@type\":\"WebPage\",\"@id\":\"https:\/\/www.praha14.cz\/zivot-na-praze-14\/management-osobni-bezpecnosti\/\",\"url\":\"https:\/\/www.praha14.cz\/zivot-na-praze-14\/management-osobni-bezpecnosti\/\",\"name\":\"Management osobn\u00ed bezpe\u010dnosti - \u017divot na Praze 14\",\"isPartOf\":{\"@id\":\"https:\/\/www.praha14.cz\/zivot-na-praze-14\/#website\"},\"primaryImageOfPage\":{\"@id\":\"https:\/\/www.praha14.cz\/zivot-na-praze-14\/management-osobni-bezpecnosti\/#primaryimage\"},\"image\":{\"@id\":\"https:\/\/www.praha14.cz\/zivot-na-praze-14\/management-osobni-bezpecnosti\/#primaryimage\"},\"thumbnailUrl\":\"https:\/\/www.praha14.cz\/app\/uploads\/sites\/4\/2021\/09\/Logo_prevence_kriminalita-370x370.png\",\"datePublished\":\"2021-09-09T07:48:21+00:00\",\"dateModified\":\"2026-03-24T08:51:20+00:00\",\"breadcrumb\":{\"@id\":\"https:\/\/www.praha14.cz\/zivot-na-praze-14\/management-osobni-bezpecnosti\/#breadcrumb\"},\"inLanguage\":\"cs\",\"potentialAction\":[{\"@type\":\"ReadAction\",\"target\":[\"https:\/\/www.praha14.cz\/zivot-na-praze-14\/management-osobni-bezpecnosti\/\"]}]},{\"@type\":\"ImageObject\",\"inLanguage\":\"cs\",\"@id\":\"https:\/\/www.praha14.cz\/zivot-na-praze-14\/management-osobni-bezpecnosti\/#primaryimage\",\"url\":\"https:\/\/www.praha14.cz\/app\/uploads\/sites\/4\/2021\/09\/Logo_prevence_kriminalita-370x370.png\",\"contentUrl\":\"https:\/\/www.praha14.cz\/app\/uploads\/sites\/4\/2021\/09\/Logo_prevence_kriminalita-370x370.png\"},{\"@type\":\"BreadcrumbList\",\"@id\":\"https:\/\/www.praha14.cz\/zivot-na-praze-14\/management-osobni-bezpecnosti\/#breadcrumb\",\"itemListElement\":[{\"@type\":\"ListItem\",\"position\":1,\"name\":\"\u017divot na Praze 14\",\"item\":\"https:\/\/www.praha14.cz\/zivot-na-praze-14\/\"},{\"@type\":\"ListItem\",\"position\":2,\"name\":\"Management osobn\u00ed bezpe\u010dnosti\"}]},{\"@type\":\"WebSite\",\"@id\":\"https:\/\/www.praha14.cz\/zivot-na-praze-14\/#website\",\"url\":\"https:\/\/www.praha14.cz\/zivot-na-praze-14\/\",\"name\":\"\u017divot na Praze 14\",\"description\":\"\",\"potentialAction\":[{\"@type\":\"SearchAction\",\"target\":{\"@type\":\"EntryPoint\",\"urlTemplate\":\"https:\/\/www.praha14.cz\/zivot-na-praze-14\/?s={search_term_string}\"},\"query-input\":{\"@type\":\"PropertyValueSpecification\",\"valueRequired\":true,\"valueName\":\"search_term_string\"}}],\"inLanguage\":\"cs\"}]}<\/script>\n<!-- \/ Yoast SEO plugin. -->","yoast_head_json":{"title":"Management osobn\u00ed bezpe\u010dnosti - \u017divot na Praze 14","robots":{"index":"index","follow":"follow","max-snippet":"max-snippet:-1","max-image-preview":"max-image-preview:large","max-video-preview":"max-video-preview:-1"},"canonical":"https:\/\/www.praha14.cz\/zivot-na-praze-14\/management-osobni-bezpecnosti\/","og_locale":"cs_CZ","og_type":"article","og_title":"Management osobn\u00ed bezpe\u010dnosti - \u017divot na Praze 14","og_description":"M\u011bstsk\u00e1 \u010d\u00e1st Praha 14 po\u0159\u00e1d\u00e1 v\u00a0r\u00e1mci programu prevence kriminality kurzy managementu osobn\u00ed bezpe\u010dnosti pro ob\u010dany. Lekce prob\u011bhnou v\u017edy\u00a01x t\u00fddn\u011b,\u00a0pod veden\u00edm zku\u0161en\u00fdch lektor\u016f teoretick\u00e9ho a sebeobrann\u00e9ho syst\u00e9mu Krav Maga. Kurz je pro ob\u010dany\u00a0zdarma. Podm\u00ednky \u00da\u010dastn\u00edk mus\u00ed m\u00edt trval\u00e9\/p\u0159echodn\u00e9 bydli\u0161t\u011b na M\u010c Praha 14 Vybrat si m\u016f\u017eete z\u00a0n\u00e1sleduj\u00edc\u00edch kurz\u016f: M\u00edsto N\u00e1zev Kdy \u010cas Rezervace Volno\u010dasov\u00e9 centrum H55*...","og_url":"https:\/\/www.praha14.cz\/zivot-na-praze-14\/management-osobni-bezpecnosti\/","og_site_name":"\u017divot na Praze 14","article_modified_time":"2026-03-24T08:51:20+00:00","og_image":[{"width":441,"height":442,"url":"https:\/\/www.praha14.cz\/app\/uploads\/sites\/4\/2021\/09\/Logo_prevence_kriminalita.png","type":"image\/png"}],"twitter_card":"summary_large_image","twitter_misc":{"Est. reading time":"3 minuty"},"schema":{"@context":"https:\/\/schema.org","@graph":[{"@type":"WebPage","@id":"https:\/\/www.praha14.cz\/zivot-na-praze-14\/management-osobni-bezpecnosti\/","url":"https:\/\/www.praha14.cz\/zivot-na-praze-14\/management-osobni-bezpecnosti\/","name":"Management osobn\u00ed bezpe\u010dnosti - \u017divot na Praze 14","isPartOf":{"@id":"https:\/\/www.praha14.cz\/zivot-na-praze-14\/#website"},"primaryImageOfPage":{"@id":"https:\/\/www.praha14.cz\/zivot-na-praze-14\/management-osobni-bezpecnosti\/#primaryimage"},"image":{"@id":"https:\/\/www.praha14.cz\/zivot-na-praze-14\/management-osobni-bezpecnosti\/#primaryimage"},"thumbnailUrl":"https:\/\/www.praha14.cz\/app\/uploads\/sites\/4\/2021\/09\/Logo_prevence_kriminalita-370x370.png","datePublished":"2021-09-09T07:48:21+00:00","dateModified":"2026-03-24T08:51:20+00:00","breadcrumb":{"@id":"https:\/\/www.praha14.cz\/zivot-na-praze-14\/management-osobni-bezpecnosti\/#breadcrumb"},"inLanguage":"cs","potentialAction":[{"@type":"ReadAction","target":["https:\/\/www.praha14.cz\/zivot-na-praze-14\/management-osobni-bezpecnosti\/"]}]},{"@type":"ImageObject","inLanguage":"cs","@id":"https:\/\/www.praha14.cz\/zivot-na-praze-14\/management-osobni-bezpecnosti\/#primaryimage","url":"https:\/\/www.praha14.cz\/app\/uploads\/sites\/4\/2021\/09\/Logo_prevence_kriminalita-370x370.png","contentUrl":"https:\/\/www.praha14.cz\/app\/uploads\/sites\/4\/2021\/09\/Logo_prevence_kriminalita-370x370.png"},{"@type":"BreadcrumbList","@id":"https:\/\/www.praha14.cz\/zivot-na-praze-14\/management-osobni-bezpecnosti\/#breadcrumb","itemListElement":[{"@type":"ListItem","position":1,"name":"\u017divot na Praze 14","item":"https:\/\/www.praha14.cz\/zivot-na-praze-14\/"},{"@type":"ListItem","position":2,"name":"Management osobn\u00ed bezpe\u010dnosti"}]},{"@type":"WebSite","@id":"https:\/\/www.praha14.cz\/zivot-na-praze-14\/#website","url":"https:\/\/www.praha14.cz\/zivot-na-praze-14\/","name":"\u017divot na Praze 14","description":"","potentialAction":[{"@type":"SearchAction","target":{"@type":"EntryPoint","urlTemplate":"https:\/\/www.praha14.cz\/zivot-na-praze-14\/?s={search_term_string}"},"query-input":{"@type":"PropertyValueSpecification","valueRequired":true,"valueName":"search_term_string"}}],"inLanguage":"cs"}]}},"_links":{"self":[{"href":"https:\/\/www.praha14.cz\/zivot-na-praze-14\/wp-json\/wp\/v2\/pages\/59529","targetHints":{"allow":["GET"]}}],"collection":[{"href":"https:\/\/www.praha14.cz\/zivot-na-praze-14\/wp-json\/wp\/v2\/pages"}],"about":[{"href":"https:\/\/www.praha14.cz\/zivot-na-praze-14\/wp-json\/wp\/v2\/types\/page"}],"author":[{"embeddable":true,"href":"https:\/\/www.praha14.cz\/zivot-na-praze-14\/wp-json\/wp\/v2\/users\/1"}],"replies":[{"embeddable":true,"href":"https:\/\/www.praha14.cz\/zivot-na-praze-14\/wp-json\/wp\/v2\/comments?post=59529"}],"version-history":[{"count":46,"href":"https:\/\/www.praha14.cz\/zivot-na-praze-14\/wp-json\/wp\/v2\/pages\/59529\/revisions"}],"predecessor-version":[{"id":74284,"href":"https:\/\/www.praha14.cz\/zivot-na-praze-14\/wp-json\/wp\/v2\/pages\/59529\/revisions\/74284"}],"wp:attachment":[{"href":"https:\/\/www.praha14.cz\/zivot-na-praze-14\/wp-json\/wp\/v2\/media?parent=59529"}],"curies":[{"name":"wp","href":"https:\/\/api.w.org\/{rel}","templated":true}]}}