{"id":61536,"date":"2022-01-25T12:26:32","date_gmt":"2022-01-25T12:26:32","guid":{"rendered":"https:\/\/www.praha14.cz\/zivot-na-praze-14\/?page_id=61536"},"modified":"2022-01-26T12:20:43","modified_gmt":"2022-01-26T12:20:43","slug":"renovace-obchodniho-centra-rajska-zahrada","status":"publish","type":"page","link":"https:\/\/www.praha14.cz\/zivot-na-praze-14\/renovace-obchodniho-centra-rajska-zahrada\/","title":{"rendered":"RENOVACE OBCHODN\u00cdHO CENTRA RAJSK\u00c1 ZAHRADA"},"content":{"rendered":"<p><strong><span style=\"color: #00ccff;\">Investor:<\/span><\/strong>\u00a0Sparta \u010cern\u00fd Most, s.r.o., Cukrovarsk\u00e1 34, 19600 Praha &#8211; \u010cakovice<\/p>\n<p><strong><span style=\"color: #00ccff;\">Projektant:<\/span><\/strong> LEGNER ARCHITEKT, \u010ceskobratrsk\u00e9 n\u00e1m\u011bst\u00ed 133, Mlad\u00e1 Boleslav<\/p>\n<p>Postupn\u00e1 rekonstrukce st\u00e1vaj\u00edc\u00edch budov a p\u0159ilehl\u00e9ho parkovi\u0161t\u011b<\/p>\n<p><strong>Studie 2021<\/strong><\/p>\n<p><a href=\"https:\/\/www.praha14.cz\/app\/uploads\/sites\/4\/2022\/01\/sparta-vizualizace.jpg\" target=\"_blank\" rel=\"noopener\" data-rel=\"lightbox-image-0\" data-rl_title=\"\" data-rl_caption=\"\"><img loading=\"lazy\" decoding=\"async\" class=\"alignleft wp-image-61539 size-thumbnail\" title=\"\" src=\"https:\/\/www.praha14.cz\/app\/uploads\/sites\/4\/2022\/01\/sparta-vizualizace-150x150.jpg\" alt=\"Sparta parkovi\u0161t\u011b\" width=\"150\" height=\"150\" \/><\/a><a href=\"https:\/\/www.praha14.cz\/app\/uploads\/sites\/4\/2022\/01\/sparta-parkoviste.jpg\" target=\"_blank\" rel=\"noopener\" data-rel=\"lightbox-image-1\" data-rl_title=\"\" data-rl_caption=\"\" title=\"\"><img loading=\"lazy\" decoding=\"async\" class=\"alignleft wp-image-61538 size-thumbnail\" src=\"https:\/\/www.praha14.cz\/app\/uploads\/sites\/4\/2022\/01\/sparta-parkoviste-150x150.jpg\" alt=\"Sparta vizualizace\" width=\"150\" height=\"150\" \/><\/a><\/p>\n","protected":false},"excerpt":{"rendered":"<p>Investor:\u00a0Sparta \u010cern\u00fd Most, s.r.o., Cukrovarsk\u00e1 34, 19600 Praha &#8211; \u010cakovice Projektant: LEGNER ARCHITEKT, \u010ceskobratrsk\u00e9 n\u00e1m\u011bst\u00ed 133, Mlad\u00e1 Boleslav Postupn\u00e1 rekonstrukce st\u00e1vaj\u00edc\u00edch budov a p\u0159ilehl\u00e9ho parkovi\u0161t\u011b Studie 2021<\/p>\n","protected":false},"author":1057,"featured_media":0,"parent":0,"menu_order":0,"comment_status":"closed","ping_status":"closed","template":"","meta":{"_acf_changed":false,"footnotes":""},"class_list":["post-61536","page","type-page","status-publish","hentry"],"acf":[],"yoast_head":"<!-- This site is optimized with the Yoast SEO plugin v27.2 - https:\/\/yoast.com\/product\/yoast-seo-wordpress\/ -->\n<title>RENOVACE OBCHODN\u00cdHO CENTRA RAJSK\u00c1 ZAHRADA - \u017divot na Praze 14<\/title>\n<meta name=\"robots\" content=\"index, follow, max-snippet:-1, max-image-preview:large, max-video-preview:-1\" \/>\n<link rel=\"canonical\" href=\"https:\/\/www.praha14.cz\/zivot-na-praze-14\/renovace-obchodniho-centra-rajska-zahrada\/\" \/>\n<meta property=\"og:locale\" content=\"cs_CZ\" \/>\n<meta property=\"og:type\" content=\"article\" \/>\n<meta property=\"og:title\" content=\"RENOVACE OBCHODN\u00cdHO CENTRA RAJSK\u00c1 ZAHRADA - \u017divot na Praze 14\" \/>\n<meta property=\"og:description\" content=\"Investor:\u00a0Sparta \u010cern\u00fd Most, s.r.o., Cukrovarsk\u00e1 34, 19600 Praha &#8211; \u010cakovice Projektant: LEGNER ARCHITEKT, \u010ceskobratrsk\u00e9 n\u00e1m\u011bst\u00ed 133, Mlad\u00e1 Boleslav Postupn\u00e1 rekonstrukce st\u00e1vaj\u00edc\u00edch budov a p\u0159ilehl\u00e9ho parkovi\u0161t\u011b Studie 2021\" \/>\n<meta property=\"og:url\" content=\"https:\/\/www.praha14.cz\/zivot-na-praze-14\/renovace-obchodniho-centra-rajska-zahrada\/\" \/>\n<meta property=\"og:site_name\" content=\"\u017divot na Praze 14\" \/>\n<meta property=\"article:modified_time\" content=\"2022-01-26T12:20:43+00:00\" \/>\n<meta property=\"og:image\" content=\"https:\/\/www.praha14.cz\/app\/uploads\/sites\/4\/2022\/01\/sparta-vizualizace-150x150.jpg\" \/>\n<meta name=\"twitter:card\" content=\"summary_large_image\" \/>\n<script type=\"application\/ld+json\" class=\"yoast-schema-graph\">{\"@context\":\"https:\/\/schema.org\",\"@graph\":[{\"@type\":\"WebPage\",\"@id\":\"https:\/\/www.praha14.cz\/zivot-na-praze-14\/renovace-obchodniho-centra-rajska-zahrada\/\",\"url\":\"https:\/\/www.praha14.cz\/zivot-na-praze-14\/renovace-obchodniho-centra-rajska-zahrada\/\",\"name\":\"RENOVACE OBCHODN\u00cdHO CENTRA RAJSK\u00c1 ZAHRADA - \u017divot na Praze 14\",\"isPartOf\":{\"@id\":\"https:\/\/www.praha14.cz\/zivot-na-praze-14\/#website\"},\"primaryImageOfPage\":{\"@id\":\"https:\/\/www.praha14.cz\/zivot-na-praze-14\/renovace-obchodniho-centra-rajska-zahrada\/#primaryimage\"},\"image\":{\"@id\":\"https:\/\/www.praha14.cz\/zivot-na-praze-14\/renovace-obchodniho-centra-rajska-zahrada\/#primaryimage\"},\"thumbnailUrl\":\"https:\/\/www.praha14.cz\/app\/uploads\/sites\/4\/2022\/01\/sparta-vizualizace-150x150.jpg\",\"datePublished\":\"2022-01-25T12:26:32+00:00\",\"dateModified\":\"2022-01-26T12:20:43+00:00\",\"breadcrumb\":{\"@id\":\"https:\/\/www.praha14.cz\/zivot-na-praze-14\/renovace-obchodniho-centra-rajska-zahrada\/#breadcrumb\"},\"inLanguage\":\"cs\",\"potentialAction\":[{\"@type\":\"ReadAction\",\"target\":[\"https:\/\/www.praha14.cz\/zivot-na-praze-14\/renovace-obchodniho-centra-rajska-zahrada\/\"]}]},{\"@type\":\"ImageObject\",\"inLanguage\":\"cs\",\"@id\":\"https:\/\/www.praha14.cz\/zivot-na-praze-14\/renovace-obchodniho-centra-rajska-zahrada\/#primaryimage\",\"url\":\"https:\/\/www.praha14.cz\/app\/uploads\/sites\/4\/2022\/01\/sparta-vizualizace-150x150.jpg\",\"contentUrl\":\"https:\/\/www.praha14.cz\/app\/uploads\/sites\/4\/2022\/01\/sparta-vizualizace-150x150.jpg\"},{\"@type\":\"BreadcrumbList\",\"@id\":\"https:\/\/www.praha14.cz\/zivot-na-praze-14\/renovace-obchodniho-centra-rajska-zahrada\/#breadcrumb\",\"itemListElement\":[{\"@type\":\"ListItem\",\"position\":1,\"name\":\"\u017divot na Praze 14\",\"item\":\"https:\/\/www.praha14.cz\/zivot-na-praze-14\/\"},{\"@type\":\"ListItem\",\"position\":2,\"name\":\"RENOVACE OBCHODN\u00cdHO CENTRA RAJSK\u00c1 ZAHRADA\"}]},{\"@type\":\"WebSite\",\"@id\":\"https:\/\/www.praha14.cz\/zivot-na-praze-14\/#website\",\"url\":\"https:\/\/www.praha14.cz\/zivot-na-praze-14\/\",\"name\":\"\u017divot na Praze 14\",\"description\":\"\",\"potentialAction\":[{\"@type\":\"SearchAction\",\"target\":{\"@type\":\"EntryPoint\",\"urlTemplate\":\"https:\/\/www.praha14.cz\/zivot-na-praze-14\/?s={search_term_string}\"},\"query-input\":{\"@type\":\"PropertyValueSpecification\",\"valueRequired\":true,\"valueName\":\"search_term_string\"}}],\"inLanguage\":\"cs\"}]}<\/script>\n<!-- \/ Yoast SEO plugin. -->","yoast_head_json":{"title":"RENOVACE OBCHODN\u00cdHO CENTRA RAJSK\u00c1 ZAHRADA - \u017divot na Praze 14","robots":{"index":"index","follow":"follow","max-snippet":"max-snippet:-1","max-image-preview":"max-image-preview:large","max-video-preview":"max-video-preview:-1"},"canonical":"https:\/\/www.praha14.cz\/zivot-na-praze-14\/renovace-obchodniho-centra-rajska-zahrada\/","og_locale":"cs_CZ","og_type":"article","og_title":"RENOVACE OBCHODN\u00cdHO CENTRA RAJSK\u00c1 ZAHRADA - \u017divot na Praze 14","og_description":"Investor:\u00a0Sparta \u010cern\u00fd Most, s.r.o., Cukrovarsk\u00e1 34, 19600 Praha &#8211; \u010cakovice Projektant: LEGNER ARCHITEKT, \u010ceskobratrsk\u00e9 n\u00e1m\u011bst\u00ed 133, Mlad\u00e1 Boleslav Postupn\u00e1 rekonstrukce st\u00e1vaj\u00edc\u00edch budov a p\u0159ilehl\u00e9ho parkovi\u0161t\u011b Studie 2021","og_url":"https:\/\/www.praha14.cz\/zivot-na-praze-14\/renovace-obchodniho-centra-rajska-zahrada\/","og_site_name":"\u017divot na Praze 14","article_modified_time":"2022-01-26T12:20:43+00:00","og_image":[{"url":"https:\/\/www.praha14.cz\/app\/uploads\/sites\/4\/2022\/01\/sparta-vizualizace-150x150.jpg","type":"","width":"","height":""}],"twitter_card":"summary_large_image","schema":{"@context":"https:\/\/schema.org","@graph":[{"@type":"WebPage","@id":"https:\/\/www.praha14.cz\/zivot-na-praze-14\/renovace-obchodniho-centra-rajska-zahrada\/","url":"https:\/\/www.praha14.cz\/zivot-na-praze-14\/renovace-obchodniho-centra-rajska-zahrada\/","name":"RENOVACE OBCHODN\u00cdHO CENTRA RAJSK\u00c1 ZAHRADA - \u017divot na Praze 14","isPartOf":{"@id":"https:\/\/www.praha14.cz\/zivot-na-praze-14\/#website"},"primaryImageOfPage":{"@id":"https:\/\/www.praha14.cz\/zivot-na-praze-14\/renovace-obchodniho-centra-rajska-zahrada\/#primaryimage"},"image":{"@id":"https:\/\/www.praha14.cz\/zivot-na-praze-14\/renovace-obchodniho-centra-rajska-zahrada\/#primaryimage"},"thumbnailUrl":"https:\/\/www.praha14.cz\/app\/uploads\/sites\/4\/2022\/01\/sparta-vizualizace-150x150.jpg","datePublished":"2022-01-25T12:26:32+00:00","dateModified":"2022-01-26T12:20:43+00:00","breadcrumb":{"@id":"https:\/\/www.praha14.cz\/zivot-na-praze-14\/renovace-obchodniho-centra-rajska-zahrada\/#breadcrumb"},"inLanguage":"cs","potentialAction":[{"@type":"ReadAction","target":["https:\/\/www.praha14.cz\/zivot-na-praze-14\/renovace-obchodniho-centra-rajska-zahrada\/"]}]},{"@type":"ImageObject","inLanguage":"cs","@id":"https:\/\/www.praha14.cz\/zivot-na-praze-14\/renovace-obchodniho-centra-rajska-zahrada\/#primaryimage","url":"https:\/\/www.praha14.cz\/app\/uploads\/sites\/4\/2022\/01\/sparta-vizualizace-150x150.jpg","contentUrl":"https:\/\/www.praha14.cz\/app\/uploads\/sites\/4\/2022\/01\/sparta-vizualizace-150x150.jpg"},{"@type":"BreadcrumbList","@id":"https:\/\/www.praha14.cz\/zivot-na-praze-14\/renovace-obchodniho-centra-rajska-zahrada\/#breadcrumb","itemListElement":[{"@type":"ListItem","position":1,"name":"\u017divot na Praze 14","item":"https:\/\/www.praha14.cz\/zivot-na-praze-14\/"},{"@type":"ListItem","position":2,"name":"RENOVACE OBCHODN\u00cdHO CENTRA RAJSK\u00c1 ZAHRADA"}]},{"@type":"WebSite","@id":"https:\/\/www.praha14.cz\/zivot-na-praze-14\/#website","url":"https:\/\/www.praha14.cz\/zivot-na-praze-14\/","name":"\u017divot na Praze 14","description":"","potentialAction":[{"@type":"SearchAction","target":{"@type":"EntryPoint","urlTemplate":"https:\/\/www.praha14.cz\/zivot-na-praze-14\/?s={search_term_string}"},"query-input":{"@type":"PropertyValueSpecification","valueRequired":true,"valueName":"search_term_string"}}],"inLanguage":"cs"}]}},"_links":{"self":[{"href":"https:\/\/www.praha14.cz\/zivot-na-praze-14\/wp-json\/wp\/v2\/pages\/61536","targetHints":{"allow":["GET"]}}],"collection":[{"href":"https:\/\/www.praha14.cz\/zivot-na-praze-14\/wp-json\/wp\/v2\/pages"}],"about":[{"href":"https:\/\/www.praha14.cz\/zivot-na-praze-14\/wp-json\/wp\/v2\/types\/page"}],"author":[{"embeddable":true,"href":"https:\/\/www.praha14.cz\/zivot-na-praze-14\/wp-json\/wp\/v2\/users\/1057"}],"replies":[{"embeddable":true,"href":"https:\/\/www.praha14.cz\/zivot-na-praze-14\/wp-json\/wp\/v2\/comments?post=61536"}],"version-history":[{"count":2,"href":"https:\/\/www.praha14.cz\/zivot-na-praze-14\/wp-json\/wp\/v2\/pages\/61536\/revisions"}],"predecessor-version":[{"id":61630,"href":"https:\/\/www.praha14.cz\/zivot-na-praze-14\/wp-json\/wp\/v2\/pages\/61536\/revisions\/61630"}],"wp:attachment":[{"href":"https:\/\/www.praha14.cz\/zivot-na-praze-14\/wp-json\/wp\/v2\/media?parent=61536"}],"curies":[{"name":"wp","href":"https:\/\/api.w.org\/{rel}","templated":true}]}}