{"id":61549,"date":"2022-01-25T12:43:14","date_gmt":"2022-01-25T12:43:14","guid":{"rendered":"https:\/\/www.praha14.cz\/zivot-na-praze-14\/?page_id=61549"},"modified":"2022-01-28T08:06:40","modified_gmt":"2022-01-28T08:06:40","slug":"namesti-pred-uradem-mc-praha-14","status":"publish","type":"page","link":"https:\/\/www.praha14.cz\/zivot-na-praze-14\/namesti-pred-uradem-mc-praha-14\/","title":{"rendered":"N\u00c1M\u011aST\u00cd P\u0158ED \u00da\u0158ADEM M\u010c PRAHA 14"},"content":{"rendered":"<p><span style=\"color: #00ccff;\"><strong>Um\u00edst\u011bn\u00ed:<\/strong><\/span> kat. \u00fazem\u00ed \u010cern\u00fd Most, ulice Brat\u0159\u00ed Vencl\u00edk\u016f<\/p>\n<p><span style=\"color: #00ccff;\"><strong>Investor:<\/strong>\u00a0<\/span>M\u010c Praha 14<\/p>\n<p><span style=\"color: #00ccff;\"><strong>Projektant:<\/strong>\u00a0<\/span>Loxia Architectes Ingenierie s.r.o., Peruck\u00e1 26, Praha 2<\/p>\n<p>\u00daprava ve\u0159ejn\u00e9ho prostoru p\u0159ed \u00fa\u0159adem na n\u00e1m\u011bst\u00ed vyu\u017eiteln\u00e9 pro kon\u00e1n\u00ed r\u016fzn\u00fdch akc\u00ed, parkov\u00e1n\u00ed<\/p>\n<p><strong>Studie 2019<\/strong><\/p>\n<p><a href=\"https:\/\/www.praha14.cz\/app\/uploads\/sites\/4\/2022\/01\/namesti-pred-uradem-vizualizace.jpg\" target=\"_blank\" rel=\"noopener\" data-rel=\"lightbox-image-0\" data-rl_title=\"\" data-rl_caption=\"\" title=\"\"><img loading=\"lazy\" decoding=\"async\" class=\"wp-image-61551 size-thumbnail alignnone\" src=\"https:\/\/www.praha14.cz\/app\/uploads\/sites\/4\/2022\/01\/namesti-pred-uradem-vizualizace-150x150.jpg\" alt=\"\" width=\"150\" height=\"150\" \/><\/a> <a href=\"https:\/\/www.praha14.cz\/app\/uploads\/sites\/4\/2022\/01\/namesti-pred-uradem-situace-parkovani.jpg\" target=\"_blank\" rel=\"noopener\" data-rel=\"lightbox-image-1\" data-rl_title=\"\" data-rl_caption=\"\" title=\"\"><img loading=\"lazy\" decoding=\"async\" class=\"wp-image-61550 size-thumbnail alignnone\" src=\"https:\/\/www.praha14.cz\/app\/uploads\/sites\/4\/2022\/01\/namesti-pred-uradem-situace-parkovani-150x150.jpg\" alt=\"n\u00e1m\u011bst\u00ed p\u0159ed \u00fa\u0159adem situace parkov\u00e1n\u00ed\" width=\"150\" height=\"150\" \/><\/a><\/p>\n<p>&nbsp;<\/p>\n<p><span style=\"color: #00ccff;\"><strong>P\u0158\u00cdSTAVBA RADNICE<\/strong><\/span><\/p>\n<p><span style=\"color: #00ccff;\"><strong>Um\u00edst\u011bn\u00ed:<\/strong><\/span> kat. \u00fazem\u00ed \u010cern\u00fd Most, ulice Brat\u0159\u00ed Vencl\u00edk\u016f<\/p>\n<p><span style=\"color: #00ccff;\"><strong>Investor:<\/strong><\/span>\u00a0M\u010c Praha 14<\/p>\n<p><span style=\"color: #00ccff;\"><strong>Projektant<\/strong>:\u00a0<\/span>Loxia Architectes Ingenierie s.r.o., Peruck\u00e1 26, Praha 2<\/p>\n<p><span style=\"color: #00ccff;\"><strong>HPP:<\/strong><\/span> 667 m<sup>2<\/sup><\/p>\n<p>Ideov\u00e1 studie \u00faprav vstupu do \u00da\u0159adu m\u011bstsk\u00e9 \u010d\u00e1sti Praha 14.<\/p>\n<p><strong>Studie 2019<\/strong><\/p>\n<p><a href=\"https:\/\/www.praha14.cz\/app\/uploads\/sites\/4\/2022\/01\/radnice-situace.jpg\" target=\"_blank\" rel=\"noopener\" data-rel=\"lightbox-image-2\" data-rl_title=\"\" data-rl_caption=\"\" title=\"\"><img loading=\"lazy\" decoding=\"async\" class=\"alignleft wp-image-61669 size-thumbnail\" src=\"https:\/\/www.praha14.cz\/app\/uploads\/sites\/4\/2022\/01\/radnice-situace-150x150.jpg\" alt=\"\" width=\"150\" height=\"150\" \/><\/a> <a href=\"https:\/\/www.praha14.cz\/app\/uploads\/sites\/4\/2022\/01\/radnice-vizualizace.jpg\" target=\"_blank\" rel=\"noopener\" data-rel=\"lightbox-image-3\" data-rl_title=\"\" data-rl_caption=\"\" title=\"\"><img loading=\"lazy\" decoding=\"async\" class=\"alignleft wp-image-61670 size-thumbnail\" src=\"https:\/\/www.praha14.cz\/app\/uploads\/sites\/4\/2022\/01\/radnice-vizualizace-150x150.jpg\" alt=\"\" width=\"150\" height=\"150\" \/><\/a> <a href=\"https:\/\/www.praha14.cz\/app\/uploads\/sites\/4\/2022\/01\/radnice-vizualizace2.jpg\" target=\"_blank\" rel=\"noopener\" data-rel=\"lightbox-image-4\" data-rl_title=\"\" data-rl_caption=\"\" title=\"\"><img loading=\"lazy\" decoding=\"async\" class=\"alignleft wp-image-61671 size-thumbnail\" src=\"https:\/\/www.praha14.cz\/app\/uploads\/sites\/4\/2022\/01\/radnice-vizualizace2-150x150.jpg\" alt=\"\" width=\"150\" height=\"150\" \/><\/a> <a href=\"https:\/\/www.praha14.cz\/app\/uploads\/sites\/4\/2022\/01\/radnice-vizualizace3.jpg\" target=\"_blank\" rel=\"noopener\" data-rel=\"lightbox-image-5\" data-rl_title=\"\" data-rl_caption=\"\" title=\"\"><img loading=\"lazy\" decoding=\"async\" class=\"alignleft wp-image-61672 size-thumbnail\" src=\"https:\/\/www.praha14.cz\/app\/uploads\/sites\/4\/2022\/01\/radnice-vizualizace3-150x150.jpg\" alt=\"\" width=\"150\" height=\"150\" \/><\/a><\/p>\n","protected":false},"excerpt":{"rendered":"<p>Um\u00edst\u011bn\u00ed: kat. \u00fazem\u00ed \u010cern\u00fd Most, ulice Brat\u0159\u00ed Vencl\u00edk\u016f Investor:\u00a0M\u010c Praha 14 Projektant:\u00a0Loxia Architectes Ingenierie s.r.o., Peruck\u00e1 26, Praha 2 \u00daprava ve\u0159ejn\u00e9ho prostoru p\u0159ed \u00fa\u0159adem na n\u00e1m\u011bst\u00ed vyu\u017eiteln\u00e9 pro kon\u00e1n\u00ed r\u016fzn\u00fdch akc\u00ed, parkov\u00e1n\u00ed Studie 2019 &nbsp; P\u0158\u00cdSTAVBA RADNICE Um\u00edst\u011bn\u00ed: kat. \u00fazem\u00ed \u010cern\u00fd Most, ulice Brat\u0159\u00ed Vencl\u00edk\u016f Investor:\u00a0M\u010c Praha 14 Projektant:\u00a0Loxia Architectes Ingenierie s.r.o., Peruck\u00e1 26, Praha&#8230;<\/p>\n","protected":false},"author":1057,"featured_media":0,"parent":0,"menu_order":0,"comment_status":"closed","ping_status":"closed","template":"","meta":{"_acf_changed":false,"footnotes":""},"class_list":["post-61549","page","type-page","status-publish","hentry"],"acf":[],"yoast_head":"<!-- This site is optimized with the Yoast SEO plugin v27.2 - https:\/\/yoast.com\/product\/yoast-seo-wordpress\/ -->\n<title>N\u00c1M\u011aST\u00cd P\u0158ED \u00da\u0158ADEM M\u010c PRAHA 14 - \u017divot na Praze 14<\/title>\n<meta name=\"robots\" content=\"index, follow, max-snippet:-1, max-image-preview:large, max-video-preview:-1\" \/>\n<link rel=\"canonical\" href=\"https:\/\/www.praha14.cz\/zivot-na-praze-14\/namesti-pred-uradem-mc-praha-14\/\" \/>\n<meta property=\"og:locale\" content=\"cs_CZ\" \/>\n<meta property=\"og:type\" content=\"article\" \/>\n<meta property=\"og:title\" content=\"N\u00c1M\u011aST\u00cd P\u0158ED \u00da\u0158ADEM M\u010c PRAHA 14 - \u017divot na Praze 14\" \/>\n<meta property=\"og:description\" content=\"Um\u00edst\u011bn\u00ed: kat. \u00fazem\u00ed \u010cern\u00fd Most, ulice Brat\u0159\u00ed Vencl\u00edk\u016f Investor:\u00a0M\u010c Praha 14 Projektant:\u00a0Loxia Architectes Ingenierie s.r.o., Peruck\u00e1 26, Praha 2 \u00daprava ve\u0159ejn\u00e9ho prostoru p\u0159ed \u00fa\u0159adem na n\u00e1m\u011bst\u00ed vyu\u017eiteln\u00e9 pro kon\u00e1n\u00ed r\u016fzn\u00fdch akc\u00ed, parkov\u00e1n\u00ed Studie 2019 &nbsp; P\u0158\u00cdSTAVBA RADNICE Um\u00edst\u011bn\u00ed: kat. \u00fazem\u00ed \u010cern\u00fd Most, ulice Brat\u0159\u00ed Vencl\u00edk\u016f Investor:\u00a0M\u010c Praha 14 Projektant:\u00a0Loxia Architectes Ingenierie s.r.o., Peruck\u00e1 26, Praha...\" \/>\n<meta property=\"og:url\" content=\"https:\/\/www.praha14.cz\/zivot-na-praze-14\/namesti-pred-uradem-mc-praha-14\/\" \/>\n<meta property=\"og:site_name\" content=\"\u017divot na Praze 14\" \/>\n<meta property=\"article:modified_time\" content=\"2022-01-28T08:06:40+00:00\" \/>\n<meta property=\"og:image\" content=\"https:\/\/www.praha14.cz\/app\/uploads\/sites\/4\/2022\/01\/namesti-pred-uradem-vizualizace-150x150.jpg\" \/>\n<meta name=\"twitter:card\" content=\"summary_large_image\" \/>\n<script type=\"application\/ld+json\" class=\"yoast-schema-graph\">{\"@context\":\"https:\/\/schema.org\",\"@graph\":[{\"@type\":\"WebPage\",\"@id\":\"https:\/\/www.praha14.cz\/zivot-na-praze-14\/namesti-pred-uradem-mc-praha-14\/\",\"url\":\"https:\/\/www.praha14.cz\/zivot-na-praze-14\/namesti-pred-uradem-mc-praha-14\/\",\"name\":\"N\u00c1M\u011aST\u00cd P\u0158ED \u00da\u0158ADEM M\u010c PRAHA 14 - \u017divot na Praze 14\",\"isPartOf\":{\"@id\":\"https:\/\/www.praha14.cz\/zivot-na-praze-14\/#website\"},\"primaryImageOfPage\":{\"@id\":\"https:\/\/www.praha14.cz\/zivot-na-praze-14\/namesti-pred-uradem-mc-praha-14\/#primaryimage\"},\"image\":{\"@id\":\"https:\/\/www.praha14.cz\/zivot-na-praze-14\/namesti-pred-uradem-mc-praha-14\/#primaryimage\"},\"thumbnailUrl\":\"https:\/\/www.praha14.cz\/app\/uploads\/sites\/4\/2022\/01\/namesti-pred-uradem-vizualizace-150x150.jpg\",\"datePublished\":\"2022-01-25T12:43:14+00:00\",\"dateModified\":\"2022-01-28T08:06:40+00:00\",\"breadcrumb\":{\"@id\":\"https:\/\/www.praha14.cz\/zivot-na-praze-14\/namesti-pred-uradem-mc-praha-14\/#breadcrumb\"},\"inLanguage\":\"cs\",\"potentialAction\":[{\"@type\":\"ReadAction\",\"target\":[\"https:\/\/www.praha14.cz\/zivot-na-praze-14\/namesti-pred-uradem-mc-praha-14\/\"]}]},{\"@type\":\"ImageObject\",\"inLanguage\":\"cs\",\"@id\":\"https:\/\/www.praha14.cz\/zivot-na-praze-14\/namesti-pred-uradem-mc-praha-14\/#primaryimage\",\"url\":\"https:\/\/www.praha14.cz\/app\/uploads\/sites\/4\/2022\/01\/namesti-pred-uradem-vizualizace-150x150.jpg\",\"contentUrl\":\"https:\/\/www.praha14.cz\/app\/uploads\/sites\/4\/2022\/01\/namesti-pred-uradem-vizualizace-150x150.jpg\"},{\"@type\":\"BreadcrumbList\",\"@id\":\"https:\/\/www.praha14.cz\/zivot-na-praze-14\/namesti-pred-uradem-mc-praha-14\/#breadcrumb\",\"itemListElement\":[{\"@type\":\"ListItem\",\"position\":1,\"name\":\"\u017divot na Praze 14\",\"item\":\"https:\/\/www.praha14.cz\/zivot-na-praze-14\/\"},{\"@type\":\"ListItem\",\"position\":2,\"name\":\"N\u00c1M\u011aST\u00cd P\u0158ED \u00da\u0158ADEM M\u010c PRAHA 14\"}]},{\"@type\":\"WebSite\",\"@id\":\"https:\/\/www.praha14.cz\/zivot-na-praze-14\/#website\",\"url\":\"https:\/\/www.praha14.cz\/zivot-na-praze-14\/\",\"name\":\"\u017divot na Praze 14\",\"description\":\"\",\"potentialAction\":[{\"@type\":\"SearchAction\",\"target\":{\"@type\":\"EntryPoint\",\"urlTemplate\":\"https:\/\/www.praha14.cz\/zivot-na-praze-14\/?s={search_term_string}\"},\"query-input\":{\"@type\":\"PropertyValueSpecification\",\"valueRequired\":true,\"valueName\":\"search_term_string\"}}],\"inLanguage\":\"cs\"}]}<\/script>\n<!-- \/ Yoast SEO plugin. -->","yoast_head_json":{"title":"N\u00c1M\u011aST\u00cd P\u0158ED \u00da\u0158ADEM M\u010c PRAHA 14 - \u017divot na Praze 14","robots":{"index":"index","follow":"follow","max-snippet":"max-snippet:-1","max-image-preview":"max-image-preview:large","max-video-preview":"max-video-preview:-1"},"canonical":"https:\/\/www.praha14.cz\/zivot-na-praze-14\/namesti-pred-uradem-mc-praha-14\/","og_locale":"cs_CZ","og_type":"article","og_title":"N\u00c1M\u011aST\u00cd P\u0158ED \u00da\u0158ADEM M\u010c PRAHA 14 - \u017divot na Praze 14","og_description":"Um\u00edst\u011bn\u00ed: kat. \u00fazem\u00ed \u010cern\u00fd Most, ulice Brat\u0159\u00ed Vencl\u00edk\u016f Investor:\u00a0M\u010c Praha 14 Projektant:\u00a0Loxia Architectes Ingenierie s.r.o., Peruck\u00e1 26, Praha 2 \u00daprava ve\u0159ejn\u00e9ho prostoru p\u0159ed \u00fa\u0159adem na n\u00e1m\u011bst\u00ed vyu\u017eiteln\u00e9 pro kon\u00e1n\u00ed r\u016fzn\u00fdch akc\u00ed, parkov\u00e1n\u00ed Studie 2019 &nbsp; P\u0158\u00cdSTAVBA RADNICE Um\u00edst\u011bn\u00ed: kat. \u00fazem\u00ed \u010cern\u00fd Most, ulice Brat\u0159\u00ed Vencl\u00edk\u016f Investor:\u00a0M\u010c Praha 14 Projektant:\u00a0Loxia Architectes Ingenierie s.r.o., Peruck\u00e1 26, Praha...","og_url":"https:\/\/www.praha14.cz\/zivot-na-praze-14\/namesti-pred-uradem-mc-praha-14\/","og_site_name":"\u017divot na Praze 14","article_modified_time":"2022-01-28T08:06:40+00:00","og_image":[{"url":"https:\/\/www.praha14.cz\/app\/uploads\/sites\/4\/2022\/01\/namesti-pred-uradem-vizualizace-150x150.jpg","type":"","width":"","height":""}],"twitter_card":"summary_large_image","schema":{"@context":"https:\/\/schema.org","@graph":[{"@type":"WebPage","@id":"https:\/\/www.praha14.cz\/zivot-na-praze-14\/namesti-pred-uradem-mc-praha-14\/","url":"https:\/\/www.praha14.cz\/zivot-na-praze-14\/namesti-pred-uradem-mc-praha-14\/","name":"N\u00c1M\u011aST\u00cd P\u0158ED \u00da\u0158ADEM M\u010c PRAHA 14 - \u017divot na Praze 14","isPartOf":{"@id":"https:\/\/www.praha14.cz\/zivot-na-praze-14\/#website"},"primaryImageOfPage":{"@id":"https:\/\/www.praha14.cz\/zivot-na-praze-14\/namesti-pred-uradem-mc-praha-14\/#primaryimage"},"image":{"@id":"https:\/\/www.praha14.cz\/zivot-na-praze-14\/namesti-pred-uradem-mc-praha-14\/#primaryimage"},"thumbnailUrl":"https:\/\/www.praha14.cz\/app\/uploads\/sites\/4\/2022\/01\/namesti-pred-uradem-vizualizace-150x150.jpg","datePublished":"2022-01-25T12:43:14+00:00","dateModified":"2022-01-28T08:06:40+00:00","breadcrumb":{"@id":"https:\/\/www.praha14.cz\/zivot-na-praze-14\/namesti-pred-uradem-mc-praha-14\/#breadcrumb"},"inLanguage":"cs","potentialAction":[{"@type":"ReadAction","target":["https:\/\/www.praha14.cz\/zivot-na-praze-14\/namesti-pred-uradem-mc-praha-14\/"]}]},{"@type":"ImageObject","inLanguage":"cs","@id":"https:\/\/www.praha14.cz\/zivot-na-praze-14\/namesti-pred-uradem-mc-praha-14\/#primaryimage","url":"https:\/\/www.praha14.cz\/app\/uploads\/sites\/4\/2022\/01\/namesti-pred-uradem-vizualizace-150x150.jpg","contentUrl":"https:\/\/www.praha14.cz\/app\/uploads\/sites\/4\/2022\/01\/namesti-pred-uradem-vizualizace-150x150.jpg"},{"@type":"BreadcrumbList","@id":"https:\/\/www.praha14.cz\/zivot-na-praze-14\/namesti-pred-uradem-mc-praha-14\/#breadcrumb","itemListElement":[{"@type":"ListItem","position":1,"name":"\u017divot na Praze 14","item":"https:\/\/www.praha14.cz\/zivot-na-praze-14\/"},{"@type":"ListItem","position":2,"name":"N\u00c1M\u011aST\u00cd P\u0158ED \u00da\u0158ADEM M\u010c PRAHA 14"}]},{"@type":"WebSite","@id":"https:\/\/www.praha14.cz\/zivot-na-praze-14\/#website","url":"https:\/\/www.praha14.cz\/zivot-na-praze-14\/","name":"\u017divot na Praze 14","description":"","potentialAction":[{"@type":"SearchAction","target":{"@type":"EntryPoint","urlTemplate":"https:\/\/www.praha14.cz\/zivot-na-praze-14\/?s={search_term_string}"},"query-input":{"@type":"PropertyValueSpecification","valueRequired":true,"valueName":"search_term_string"}}],"inLanguage":"cs"}]}},"_links":{"self":[{"href":"https:\/\/www.praha14.cz\/zivot-na-praze-14\/wp-json\/wp\/v2\/pages\/61549","targetHints":{"allow":["GET"]}}],"collection":[{"href":"https:\/\/www.praha14.cz\/zivot-na-praze-14\/wp-json\/wp\/v2\/pages"}],"about":[{"href":"https:\/\/www.praha14.cz\/zivot-na-praze-14\/wp-json\/wp\/v2\/types\/page"}],"author":[{"embeddable":true,"href":"https:\/\/www.praha14.cz\/zivot-na-praze-14\/wp-json\/wp\/v2\/users\/1057"}],"replies":[{"embeddable":true,"href":"https:\/\/www.praha14.cz\/zivot-na-praze-14\/wp-json\/wp\/v2\/comments?post=61549"}],"version-history":[{"count":5,"href":"https:\/\/www.praha14.cz\/zivot-na-praze-14\/wp-json\/wp\/v2\/pages\/61549\/revisions"}],"predecessor-version":[{"id":61684,"href":"https:\/\/www.praha14.cz\/zivot-na-praze-14\/wp-json\/wp\/v2\/pages\/61549\/revisions\/61684"}],"wp:attachment":[{"href":"https:\/\/www.praha14.cz\/zivot-na-praze-14\/wp-json\/wp\/v2\/media?parent=61549"}],"curies":[{"name":"wp","href":"https:\/\/api.w.org\/{rel}","templated":true}]}}