{"id":61571,"date":"2022-01-25T13:16:11","date_gmt":"2022-01-25T13:16:11","guid":{"rendered":"https:\/\/www.praha14.cz\/zivot-na-praze-14\/?page_id=61571"},"modified":"2022-01-25T13:16:11","modified_gmt":"2022-01-25T13:16:11","slug":"vila-dum-chaloupky","status":"publish","type":"page","link":"https:\/\/www.praha14.cz\/zivot-na-praze-14\/vila-dum-chaloupky\/","title":{"rendered":"VILA D\u016eM CHALOUPKY"},"content":{"rendered":"<p><span style=\"color: #00ccff;\"><strong>Um\u00edst\u011bn\u00ed:<\/strong><\/span> kat. \u00fazem\u00ed Hloub\u011bt\u00edn, ulice V chaloupk\u00e1ch<\/p>\n<p><span style=\"color: #00ccff;\"><strong>Investor:<\/strong><\/span>\u00a0SMV INVEST a.s., Vinohradsk\u00e1 938\/37, Praha 2<\/p>\n<p><span style=\"color: #00ccff;\"><strong>Projektant:<\/strong><\/span><strong>\u00a0<\/strong>ATELIER L s.r.o., Kafkova 580\/26, Praha 6<\/p>\n<p><span style=\"color: #00ccff;\"><strong>HPP:<\/strong><\/span> 1000-1200 m<sup>2<\/sup><\/p>\n<p><span style=\"color: #00ccff;\"><strong>Kapacita:<\/strong><\/span> 10 bytov\u00fdch jednotek<\/p>\n<p><strong>Objemov\u00e1 studie 2021<\/strong><\/p>\n<p><a href=\"https:\/\/www.praha14.cz\/app\/uploads\/sites\/4\/2022\/01\/v-chaloupkach-vizualizace.jpg\" target=\"_blank\" rel=\"noopener\" data-rel=\"lightbox-image-0\" data-rl_title=\"\" data-rl_caption=\"\" title=\"\"><img loading=\"lazy\" decoding=\"async\" class=\"alignleft wp-image-61573 size-thumbnail\" src=\"https:\/\/www.praha14.cz\/app\/uploads\/sites\/4\/2022\/01\/v-chaloupkach-vizualizace-150x150.jpg\" alt=\"v chaloupk\u00e1ch vizualizace\" width=\"150\" height=\"150\" \/><\/a><a href=\"https:\/\/www.praha14.cz\/app\/uploads\/sites\/4\/2022\/01\/v-chaloupkach-situace.jpg\" target=\"_blank\" rel=\"noopener\" data-rel=\"lightbox-image-1\" data-rl_title=\"\" data-rl_caption=\"\" title=\"\"><img loading=\"lazy\" decoding=\"async\" class=\"alignleft wp-image-61572 size-thumbnail\" src=\"https:\/\/www.praha14.cz\/app\/uploads\/sites\/4\/2022\/01\/v-chaloupkach-situace-150x150.jpg\" alt=\"v chaloupk\u00e1ch situace\" width=\"150\" height=\"150\" \/><\/a><\/p>\n","protected":false},"excerpt":{"rendered":"<p>Um\u00edst\u011bn\u00ed: kat. \u00fazem\u00ed Hloub\u011bt\u00edn, ulice V chaloupk\u00e1ch Investor:\u00a0SMV INVEST a.s., Vinohradsk\u00e1 938\/37, Praha 2 Projektant:\u00a0ATELIER L s.r.o., Kafkova 580\/26, Praha 6 HPP: 1000-1200 m2 Kapacita: 10 bytov\u00fdch jednotek Objemov\u00e1 studie 2021<\/p>\n","protected":false},"author":1057,"featured_media":0,"parent":0,"menu_order":0,"comment_status":"closed","ping_status":"closed","template":"","meta":{"_acf_changed":false,"footnotes":""},"class_list":["post-61571","page","type-page","status-publish","hentry"],"acf":[],"yoast_head":"<!-- This site is optimized with the Yoast SEO plugin v27.2 - https:\/\/yoast.com\/product\/yoast-seo-wordpress\/ -->\n<title>VILA D\u016eM CHALOUPKY - \u017divot na Praze 14<\/title>\n<meta name=\"robots\" content=\"index, follow, max-snippet:-1, max-image-preview:large, max-video-preview:-1\" \/>\n<link rel=\"canonical\" href=\"https:\/\/www.praha14.cz\/zivot-na-praze-14\/vila-dum-chaloupky\/\" \/>\n<meta property=\"og:locale\" content=\"cs_CZ\" \/>\n<meta property=\"og:type\" content=\"article\" \/>\n<meta property=\"og:title\" content=\"VILA D\u016eM CHALOUPKY - \u017divot na Praze 14\" \/>\n<meta property=\"og:description\" content=\"Um\u00edst\u011bn\u00ed: kat. \u00fazem\u00ed Hloub\u011bt\u00edn, ulice V chaloupk\u00e1ch Investor:\u00a0SMV INVEST a.s., Vinohradsk\u00e1 938\/37, Praha 2 Projektant:\u00a0ATELIER L s.r.o., Kafkova 580\/26, Praha 6 HPP: 1000-1200 m2 Kapacita: 10 bytov\u00fdch jednotek Objemov\u00e1 studie 2021\" \/>\n<meta property=\"og:url\" content=\"https:\/\/www.praha14.cz\/zivot-na-praze-14\/vila-dum-chaloupky\/\" \/>\n<meta property=\"og:site_name\" content=\"\u017divot na Praze 14\" \/>\n<meta property=\"og:image\" content=\"https:\/\/www.praha14.cz\/app\/uploads\/sites\/4\/2022\/01\/v-chaloupkach-vizualizace-150x150.jpg\" \/>\n<meta name=\"twitter:card\" content=\"summary_large_image\" \/>\n<script type=\"application\/ld+json\" class=\"yoast-schema-graph\">{\"@context\":\"https:\/\/schema.org\",\"@graph\":[{\"@type\":\"WebPage\",\"@id\":\"https:\/\/www.praha14.cz\/zivot-na-praze-14\/vila-dum-chaloupky\/\",\"url\":\"https:\/\/www.praha14.cz\/zivot-na-praze-14\/vila-dum-chaloupky\/\",\"name\":\"VILA D\u016eM CHALOUPKY - \u017divot na Praze 14\",\"isPartOf\":{\"@id\":\"https:\/\/www.praha14.cz\/zivot-na-praze-14\/#website\"},\"primaryImageOfPage\":{\"@id\":\"https:\/\/www.praha14.cz\/zivot-na-praze-14\/vila-dum-chaloupky\/#primaryimage\"},\"image\":{\"@id\":\"https:\/\/www.praha14.cz\/zivot-na-praze-14\/vila-dum-chaloupky\/#primaryimage\"},\"thumbnailUrl\":\"https:\/\/www.praha14.cz\/app\/uploads\/sites\/4\/2022\/01\/v-chaloupkach-vizualizace-150x150.jpg\",\"datePublished\":\"2022-01-25T13:16:11+00:00\",\"breadcrumb\":{\"@id\":\"https:\/\/www.praha14.cz\/zivot-na-praze-14\/vila-dum-chaloupky\/#breadcrumb\"},\"inLanguage\":\"cs\",\"potentialAction\":[{\"@type\":\"ReadAction\",\"target\":[\"https:\/\/www.praha14.cz\/zivot-na-praze-14\/vila-dum-chaloupky\/\"]}]},{\"@type\":\"ImageObject\",\"inLanguage\":\"cs\",\"@id\":\"https:\/\/www.praha14.cz\/zivot-na-praze-14\/vila-dum-chaloupky\/#primaryimage\",\"url\":\"https:\/\/www.praha14.cz\/app\/uploads\/sites\/4\/2022\/01\/v-chaloupkach-vizualizace-150x150.jpg\",\"contentUrl\":\"https:\/\/www.praha14.cz\/app\/uploads\/sites\/4\/2022\/01\/v-chaloupkach-vizualizace-150x150.jpg\"},{\"@type\":\"BreadcrumbList\",\"@id\":\"https:\/\/www.praha14.cz\/zivot-na-praze-14\/vila-dum-chaloupky\/#breadcrumb\",\"itemListElement\":[{\"@type\":\"ListItem\",\"position\":1,\"name\":\"\u017divot na Praze 14\",\"item\":\"https:\/\/www.praha14.cz\/zivot-na-praze-14\/\"},{\"@type\":\"ListItem\",\"position\":2,\"name\":\"VILA D\u016eM CHALOUPKY\"}]},{\"@type\":\"WebSite\",\"@id\":\"https:\/\/www.praha14.cz\/zivot-na-praze-14\/#website\",\"url\":\"https:\/\/www.praha14.cz\/zivot-na-praze-14\/\",\"name\":\"\u017divot na Praze 14\",\"description\":\"\",\"potentialAction\":[{\"@type\":\"SearchAction\",\"target\":{\"@type\":\"EntryPoint\",\"urlTemplate\":\"https:\/\/www.praha14.cz\/zivot-na-praze-14\/?s={search_term_string}\"},\"query-input\":{\"@type\":\"PropertyValueSpecification\",\"valueRequired\":true,\"valueName\":\"search_term_string\"}}],\"inLanguage\":\"cs\"}]}<\/script>\n<!-- \/ Yoast SEO plugin. -->","yoast_head_json":{"title":"VILA D\u016eM CHALOUPKY - \u017divot na Praze 14","robots":{"index":"index","follow":"follow","max-snippet":"max-snippet:-1","max-image-preview":"max-image-preview:large","max-video-preview":"max-video-preview:-1"},"canonical":"https:\/\/www.praha14.cz\/zivot-na-praze-14\/vila-dum-chaloupky\/","og_locale":"cs_CZ","og_type":"article","og_title":"VILA D\u016eM CHALOUPKY - \u017divot na Praze 14","og_description":"Um\u00edst\u011bn\u00ed: kat. \u00fazem\u00ed Hloub\u011bt\u00edn, ulice V chaloupk\u00e1ch Investor:\u00a0SMV INVEST a.s., Vinohradsk\u00e1 938\/37, Praha 2 Projektant:\u00a0ATELIER L s.r.o., Kafkova 580\/26, Praha 6 HPP: 1000-1200 m2 Kapacita: 10 bytov\u00fdch jednotek Objemov\u00e1 studie 2021","og_url":"https:\/\/www.praha14.cz\/zivot-na-praze-14\/vila-dum-chaloupky\/","og_site_name":"\u017divot na Praze 14","og_image":[{"url":"https:\/\/www.praha14.cz\/app\/uploads\/sites\/4\/2022\/01\/v-chaloupkach-vizualizace-150x150.jpg","type":"","width":"","height":""}],"twitter_card":"summary_large_image","schema":{"@context":"https:\/\/schema.org","@graph":[{"@type":"WebPage","@id":"https:\/\/www.praha14.cz\/zivot-na-praze-14\/vila-dum-chaloupky\/","url":"https:\/\/www.praha14.cz\/zivot-na-praze-14\/vila-dum-chaloupky\/","name":"VILA D\u016eM CHALOUPKY - \u017divot na Praze 14","isPartOf":{"@id":"https:\/\/www.praha14.cz\/zivot-na-praze-14\/#website"},"primaryImageOfPage":{"@id":"https:\/\/www.praha14.cz\/zivot-na-praze-14\/vila-dum-chaloupky\/#primaryimage"},"image":{"@id":"https:\/\/www.praha14.cz\/zivot-na-praze-14\/vila-dum-chaloupky\/#primaryimage"},"thumbnailUrl":"https:\/\/www.praha14.cz\/app\/uploads\/sites\/4\/2022\/01\/v-chaloupkach-vizualizace-150x150.jpg","datePublished":"2022-01-25T13:16:11+00:00","breadcrumb":{"@id":"https:\/\/www.praha14.cz\/zivot-na-praze-14\/vila-dum-chaloupky\/#breadcrumb"},"inLanguage":"cs","potentialAction":[{"@type":"ReadAction","target":["https:\/\/www.praha14.cz\/zivot-na-praze-14\/vila-dum-chaloupky\/"]}]},{"@type":"ImageObject","inLanguage":"cs","@id":"https:\/\/www.praha14.cz\/zivot-na-praze-14\/vila-dum-chaloupky\/#primaryimage","url":"https:\/\/www.praha14.cz\/app\/uploads\/sites\/4\/2022\/01\/v-chaloupkach-vizualizace-150x150.jpg","contentUrl":"https:\/\/www.praha14.cz\/app\/uploads\/sites\/4\/2022\/01\/v-chaloupkach-vizualizace-150x150.jpg"},{"@type":"BreadcrumbList","@id":"https:\/\/www.praha14.cz\/zivot-na-praze-14\/vila-dum-chaloupky\/#breadcrumb","itemListElement":[{"@type":"ListItem","position":1,"name":"\u017divot na Praze 14","item":"https:\/\/www.praha14.cz\/zivot-na-praze-14\/"},{"@type":"ListItem","position":2,"name":"VILA D\u016eM CHALOUPKY"}]},{"@type":"WebSite","@id":"https:\/\/www.praha14.cz\/zivot-na-praze-14\/#website","url":"https:\/\/www.praha14.cz\/zivot-na-praze-14\/","name":"\u017divot na Praze 14","description":"","potentialAction":[{"@type":"SearchAction","target":{"@type":"EntryPoint","urlTemplate":"https:\/\/www.praha14.cz\/zivot-na-praze-14\/?s={search_term_string}"},"query-input":{"@type":"PropertyValueSpecification","valueRequired":true,"valueName":"search_term_string"}}],"inLanguage":"cs"}]}},"_links":{"self":[{"href":"https:\/\/www.praha14.cz\/zivot-na-praze-14\/wp-json\/wp\/v2\/pages\/61571","targetHints":{"allow":["GET"]}}],"collection":[{"href":"https:\/\/www.praha14.cz\/zivot-na-praze-14\/wp-json\/wp\/v2\/pages"}],"about":[{"href":"https:\/\/www.praha14.cz\/zivot-na-praze-14\/wp-json\/wp\/v2\/types\/page"}],"author":[{"embeddable":true,"href":"https:\/\/www.praha14.cz\/zivot-na-praze-14\/wp-json\/wp\/v2\/users\/1057"}],"replies":[{"embeddable":true,"href":"https:\/\/www.praha14.cz\/zivot-na-praze-14\/wp-json\/wp\/v2\/comments?post=61571"}],"version-history":[{"count":1,"href":"https:\/\/www.praha14.cz\/zivot-na-praze-14\/wp-json\/wp\/v2\/pages\/61571\/revisions"}],"predecessor-version":[{"id":61574,"href":"https:\/\/www.praha14.cz\/zivot-na-praze-14\/wp-json\/wp\/v2\/pages\/61571\/revisions\/61574"}],"wp:attachment":[{"href":"https:\/\/www.praha14.cz\/zivot-na-praze-14\/wp-json\/wp\/v2\/media?parent=61571"}],"curies":[{"name":"wp","href":"https:\/\/api.w.org\/{rel}","templated":true}]}}