{"id":61582,"date":"2022-01-26T09:10:59","date_gmt":"2022-01-26T09:10:59","guid":{"rendered":"https:\/\/www.praha14.cz\/zivot-na-praze-14\/?page_id=61582"},"modified":"2022-01-26T09:10:59","modified_gmt":"2022-01-26T09:10:59","slug":"stavebni-upravy-a-nastavba-4-np-polyfunkcniho-domu-c-p-478-mochovska","status":"publish","type":"page","link":"https:\/\/www.praha14.cz\/zivot-na-praze-14\/stavebni-upravy-a-nastavba-4-np-polyfunkcniho-domu-c-p-478-mochovska\/","title":{"rendered":"STAVEBN\u00cd \u00daPRAVY A N\u00c1STAVBA 4. NP POLYFUNK\u010cN\u00cdHO DOMU \u010c.P. 478 MOCHOVSK\u00c1"},"content":{"rendered":"<p><span style=\"color: #00ccff;\"><strong>Um\u00edst\u011bn\u00ed:<\/strong><\/span> kat.\u00fazem\u00ed Hloub\u011bt\u00edn, ulice Mochovsk\u00e1<\/p>\n<p><span style=\"color: #00ccff;\"><strong>Investor:<\/strong><\/span>\u00a0FIREPA s.r.o., \u010c\u00e1slavsk\u00e1 1791\/1, Praha 3<\/p>\n<p><span style=\"color: #00ccff;\"><strong>Projektant:<\/strong><\/span> Stavebn\u00ed projekce architekt Ma\u0161ek, Ohradn\u00ed 24b, Praha 4<\/p>\n<p><span style=\"color: #00ccff;\"><strong>HPP:<\/strong><\/span> 3103 m<sup>2<\/sup><\/p>\n<p><span style=\"color: #00ccff;\"><strong>Kapacita:<\/strong><\/span> obchody, slu\u017eby, ubytovna s\u00a011 pokoji, 20 bytov\u00fdch jednotek<\/p>\n<p><span style=\"color: #00ccff;\"><strong>Parkov\u00e1n\u00ed:<\/strong> <\/span>22 parkovac\u00edch st\u00e1n\u00ed na pozemku investora<\/p>\n<p><strong>Spole\u010dn\u00e9 \u00fazemn\u00ed a stavebn\u00ed \u0159\u00edzen\u00ed 2021<\/strong><\/p>\n<p><a href=\"https:\/\/www.praha14.cz\/app\/uploads\/sites\/4\/2022\/01\/MOCHOVSKA-situace.jpg\" target=\"_blank\" rel=\"noopener\" data-rel=\"lightbox-image-0\" data-rl_title=\"\" data-rl_caption=\"\" title=\"\"><img loading=\"lazy\" decoding=\"async\" class=\"alignleft wp-image-61585 size-thumbnail\" src=\"https:\/\/www.praha14.cz\/app\/uploads\/sites\/4\/2022\/01\/MOCHOVSKA-situace-150x150.jpg\" alt=\"MOCHOVSK\u00c1 situace\" width=\"150\" height=\"150\" \/><\/a><a href=\"https:\/\/www.praha14.cz\/app\/uploads\/sites\/4\/2022\/01\/MOCHOVSKA-POHLEDY-2.jpg\" target=\"_blank\" rel=\"noopener\" data-rel=\"lightbox-image-1\" data-rl_title=\"\" data-rl_caption=\"\" title=\"\"><img loading=\"lazy\" decoding=\"async\" class=\"alignleft wp-image-61584 size-thumbnail\" src=\"https:\/\/www.praha14.cz\/app\/uploads\/sites\/4\/2022\/01\/MOCHOVSKA-POHLEDY-2-150x150.jpg\" alt=\"MOCHOVSK\u00c1 POHLEDY 2\" width=\"150\" height=\"150\" \/><\/a><a href=\"https:\/\/www.praha14.cz\/app\/uploads\/sites\/4\/2022\/01\/MOCHOVSKA-POHLEDY-1.jpg\" target=\"_blank\" rel=\"noopener\" data-rel=\"lightbox-image-2\" data-rl_title=\"\" data-rl_caption=\"\" title=\"\"><img loading=\"lazy\" decoding=\"async\" class=\"alignleft wp-image-61583 size-thumbnail\" src=\"https:\/\/www.praha14.cz\/app\/uploads\/sites\/4\/2022\/01\/MOCHOVSKA-POHLEDY-1-150x150.jpg\" alt=\"MOCHOVSK\u00c1 POHLEDY 1\" width=\"150\" height=\"150\" \/><\/a><\/p>\n","protected":false},"excerpt":{"rendered":"<p>Um\u00edst\u011bn\u00ed: kat.\u00fazem\u00ed Hloub\u011bt\u00edn, ulice Mochovsk\u00e1 Investor:\u00a0FIREPA s.r.o., \u010c\u00e1slavsk\u00e1 1791\/1, Praha 3 Projektant: Stavebn\u00ed projekce architekt Ma\u0161ek, Ohradn\u00ed 24b, Praha 4 HPP: 3103 m2 Kapacita: obchody, slu\u017eby, ubytovna s\u00a011 pokoji, 20 bytov\u00fdch jednotek Parkov\u00e1n\u00ed: 22 parkovac\u00edch st\u00e1n\u00ed na pozemku investora Spole\u010dn\u00e9 \u00fazemn\u00ed a stavebn\u00ed \u0159\u00edzen\u00ed 2021<\/p>\n","protected":false},"author":1057,"featured_media":0,"parent":0,"menu_order":0,"comment_status":"closed","ping_status":"closed","template":"","meta":{"_acf_changed":false,"footnotes":""},"class_list":["post-61582","page","type-page","status-publish","hentry"],"acf":[],"yoast_head":"<!-- This site is optimized with the Yoast SEO plugin v27.2 - https:\/\/yoast.com\/product\/yoast-seo-wordpress\/ -->\n<title>STAVEBN\u00cd \u00daPRAVY A N\u00c1STAVBA 4. NP POLYFUNK\u010cN\u00cdHO DOMU \u010c.P. 478 MOCHOVSK\u00c1 - \u017divot na Praze 14<\/title>\n<meta name=\"robots\" content=\"index, follow, max-snippet:-1, max-image-preview:large, max-video-preview:-1\" \/>\n<link rel=\"canonical\" href=\"https:\/\/www.praha14.cz\/zivot-na-praze-14\/stavebni-upravy-a-nastavba-4-np-polyfunkcniho-domu-c-p-478-mochovska\/\" \/>\n<meta property=\"og:locale\" content=\"cs_CZ\" \/>\n<meta property=\"og:type\" content=\"article\" \/>\n<meta property=\"og:title\" content=\"STAVEBN\u00cd \u00daPRAVY A N\u00c1STAVBA 4. NP POLYFUNK\u010cN\u00cdHO DOMU \u010c.P. 478 MOCHOVSK\u00c1 - \u017divot na Praze 14\" \/>\n<meta property=\"og:description\" content=\"Um\u00edst\u011bn\u00ed: kat.\u00fazem\u00ed Hloub\u011bt\u00edn, ulice Mochovsk\u00e1 Investor:\u00a0FIREPA s.r.o., \u010c\u00e1slavsk\u00e1 1791\/1, Praha 3 Projektant: Stavebn\u00ed projekce architekt Ma\u0161ek, Ohradn\u00ed 24b, Praha 4 HPP: 3103 m2 Kapacita: obchody, slu\u017eby, ubytovna s\u00a011 pokoji, 20 bytov\u00fdch jednotek Parkov\u00e1n\u00ed: 22 parkovac\u00edch st\u00e1n\u00ed na pozemku investora Spole\u010dn\u00e9 \u00fazemn\u00ed a stavebn\u00ed \u0159\u00edzen\u00ed 2021\" \/>\n<meta property=\"og:url\" content=\"https:\/\/www.praha14.cz\/zivot-na-praze-14\/stavebni-upravy-a-nastavba-4-np-polyfunkcniho-domu-c-p-478-mochovska\/\" \/>\n<meta property=\"og:site_name\" content=\"\u017divot na Praze 14\" \/>\n<meta property=\"og:image\" content=\"https:\/\/www.praha14.cz\/app\/uploads\/sites\/4\/2022\/01\/MOCHOVSKA-situace-150x150.jpg\" \/>\n<meta name=\"twitter:card\" content=\"summary_large_image\" \/>\n<script type=\"application\/ld+json\" class=\"yoast-schema-graph\">{\"@context\":\"https:\/\/schema.org\",\"@graph\":[{\"@type\":\"WebPage\",\"@id\":\"https:\/\/www.praha14.cz\/zivot-na-praze-14\/stavebni-upravy-a-nastavba-4-np-polyfunkcniho-domu-c-p-478-mochovska\/\",\"url\":\"https:\/\/www.praha14.cz\/zivot-na-praze-14\/stavebni-upravy-a-nastavba-4-np-polyfunkcniho-domu-c-p-478-mochovska\/\",\"name\":\"STAVEBN\u00cd \u00daPRAVY A N\u00c1STAVBA 4. NP POLYFUNK\u010cN\u00cdHO DOMU \u010c.P. 478 MOCHOVSK\u00c1 - \u017divot na Praze 14\",\"isPartOf\":{\"@id\":\"https:\/\/www.praha14.cz\/zivot-na-praze-14\/#website\"},\"primaryImageOfPage\":{\"@id\":\"https:\/\/www.praha14.cz\/zivot-na-praze-14\/stavebni-upravy-a-nastavba-4-np-polyfunkcniho-domu-c-p-478-mochovska\/#primaryimage\"},\"image\":{\"@id\":\"https:\/\/www.praha14.cz\/zivot-na-praze-14\/stavebni-upravy-a-nastavba-4-np-polyfunkcniho-domu-c-p-478-mochovska\/#primaryimage\"},\"thumbnailUrl\":\"https:\/\/www.praha14.cz\/app\/uploads\/sites\/4\/2022\/01\/MOCHOVSKA-situace-150x150.jpg\",\"datePublished\":\"2022-01-26T09:10:59+00:00\",\"breadcrumb\":{\"@id\":\"https:\/\/www.praha14.cz\/zivot-na-praze-14\/stavebni-upravy-a-nastavba-4-np-polyfunkcniho-domu-c-p-478-mochovska\/#breadcrumb\"},\"inLanguage\":\"cs\",\"potentialAction\":[{\"@type\":\"ReadAction\",\"target\":[\"https:\/\/www.praha14.cz\/zivot-na-praze-14\/stavebni-upravy-a-nastavba-4-np-polyfunkcniho-domu-c-p-478-mochovska\/\"]}]},{\"@type\":\"ImageObject\",\"inLanguage\":\"cs\",\"@id\":\"https:\/\/www.praha14.cz\/zivot-na-praze-14\/stavebni-upravy-a-nastavba-4-np-polyfunkcniho-domu-c-p-478-mochovska\/#primaryimage\",\"url\":\"https:\/\/www.praha14.cz\/app\/uploads\/sites\/4\/2022\/01\/MOCHOVSKA-situace-150x150.jpg\",\"contentUrl\":\"https:\/\/www.praha14.cz\/app\/uploads\/sites\/4\/2022\/01\/MOCHOVSKA-situace-150x150.jpg\"},{\"@type\":\"BreadcrumbList\",\"@id\":\"https:\/\/www.praha14.cz\/zivot-na-praze-14\/stavebni-upravy-a-nastavba-4-np-polyfunkcniho-domu-c-p-478-mochovska\/#breadcrumb\",\"itemListElement\":[{\"@type\":\"ListItem\",\"position\":1,\"name\":\"\u017divot na Praze 14\",\"item\":\"https:\/\/www.praha14.cz\/zivot-na-praze-14\/\"},{\"@type\":\"ListItem\",\"position\":2,\"name\":\"STAVEBN\u00cd \u00daPRAVY A N\u00c1STAVBA 4. NP POLYFUNK\u010cN\u00cdHO DOMU \u010c.P. 478 MOCHOVSK\u00c1\"}]},{\"@type\":\"WebSite\",\"@id\":\"https:\/\/www.praha14.cz\/zivot-na-praze-14\/#website\",\"url\":\"https:\/\/www.praha14.cz\/zivot-na-praze-14\/\",\"name\":\"\u017divot na Praze 14\",\"description\":\"\",\"potentialAction\":[{\"@type\":\"SearchAction\",\"target\":{\"@type\":\"EntryPoint\",\"urlTemplate\":\"https:\/\/www.praha14.cz\/zivot-na-praze-14\/?s={search_term_string}\"},\"query-input\":{\"@type\":\"PropertyValueSpecification\",\"valueRequired\":true,\"valueName\":\"search_term_string\"}}],\"inLanguage\":\"cs\"}]}<\/script>\n<!-- \/ Yoast SEO plugin. -->","yoast_head_json":{"title":"STAVEBN\u00cd \u00daPRAVY A N\u00c1STAVBA 4. NP POLYFUNK\u010cN\u00cdHO DOMU \u010c.P. 478 MOCHOVSK\u00c1 - \u017divot na Praze 14","robots":{"index":"index","follow":"follow","max-snippet":"max-snippet:-1","max-image-preview":"max-image-preview:large","max-video-preview":"max-video-preview:-1"},"canonical":"https:\/\/www.praha14.cz\/zivot-na-praze-14\/stavebni-upravy-a-nastavba-4-np-polyfunkcniho-domu-c-p-478-mochovska\/","og_locale":"cs_CZ","og_type":"article","og_title":"STAVEBN\u00cd \u00daPRAVY A N\u00c1STAVBA 4. NP POLYFUNK\u010cN\u00cdHO DOMU \u010c.P. 478 MOCHOVSK\u00c1 - \u017divot na Praze 14","og_description":"Um\u00edst\u011bn\u00ed: kat.\u00fazem\u00ed Hloub\u011bt\u00edn, ulice Mochovsk\u00e1 Investor:\u00a0FIREPA s.r.o., \u010c\u00e1slavsk\u00e1 1791\/1, Praha 3 Projektant: Stavebn\u00ed projekce architekt Ma\u0161ek, Ohradn\u00ed 24b, Praha 4 HPP: 3103 m2 Kapacita: obchody, slu\u017eby, ubytovna s\u00a011 pokoji, 20 bytov\u00fdch jednotek Parkov\u00e1n\u00ed: 22 parkovac\u00edch st\u00e1n\u00ed na pozemku investora Spole\u010dn\u00e9 \u00fazemn\u00ed a stavebn\u00ed \u0159\u00edzen\u00ed 2021","og_url":"https:\/\/www.praha14.cz\/zivot-na-praze-14\/stavebni-upravy-a-nastavba-4-np-polyfunkcniho-domu-c-p-478-mochovska\/","og_site_name":"\u017divot na Praze 14","og_image":[{"url":"https:\/\/www.praha14.cz\/app\/uploads\/sites\/4\/2022\/01\/MOCHOVSKA-situace-150x150.jpg","type":"","width":"","height":""}],"twitter_card":"summary_large_image","schema":{"@context":"https:\/\/schema.org","@graph":[{"@type":"WebPage","@id":"https:\/\/www.praha14.cz\/zivot-na-praze-14\/stavebni-upravy-a-nastavba-4-np-polyfunkcniho-domu-c-p-478-mochovska\/","url":"https:\/\/www.praha14.cz\/zivot-na-praze-14\/stavebni-upravy-a-nastavba-4-np-polyfunkcniho-domu-c-p-478-mochovska\/","name":"STAVEBN\u00cd \u00daPRAVY A N\u00c1STAVBA 4. NP POLYFUNK\u010cN\u00cdHO DOMU \u010c.P. 478 MOCHOVSK\u00c1 - \u017divot na Praze 14","isPartOf":{"@id":"https:\/\/www.praha14.cz\/zivot-na-praze-14\/#website"},"primaryImageOfPage":{"@id":"https:\/\/www.praha14.cz\/zivot-na-praze-14\/stavebni-upravy-a-nastavba-4-np-polyfunkcniho-domu-c-p-478-mochovska\/#primaryimage"},"image":{"@id":"https:\/\/www.praha14.cz\/zivot-na-praze-14\/stavebni-upravy-a-nastavba-4-np-polyfunkcniho-domu-c-p-478-mochovska\/#primaryimage"},"thumbnailUrl":"https:\/\/www.praha14.cz\/app\/uploads\/sites\/4\/2022\/01\/MOCHOVSKA-situace-150x150.jpg","datePublished":"2022-01-26T09:10:59+00:00","breadcrumb":{"@id":"https:\/\/www.praha14.cz\/zivot-na-praze-14\/stavebni-upravy-a-nastavba-4-np-polyfunkcniho-domu-c-p-478-mochovska\/#breadcrumb"},"inLanguage":"cs","potentialAction":[{"@type":"ReadAction","target":["https:\/\/www.praha14.cz\/zivot-na-praze-14\/stavebni-upravy-a-nastavba-4-np-polyfunkcniho-domu-c-p-478-mochovska\/"]}]},{"@type":"ImageObject","inLanguage":"cs","@id":"https:\/\/www.praha14.cz\/zivot-na-praze-14\/stavebni-upravy-a-nastavba-4-np-polyfunkcniho-domu-c-p-478-mochovska\/#primaryimage","url":"https:\/\/www.praha14.cz\/app\/uploads\/sites\/4\/2022\/01\/MOCHOVSKA-situace-150x150.jpg","contentUrl":"https:\/\/www.praha14.cz\/app\/uploads\/sites\/4\/2022\/01\/MOCHOVSKA-situace-150x150.jpg"},{"@type":"BreadcrumbList","@id":"https:\/\/www.praha14.cz\/zivot-na-praze-14\/stavebni-upravy-a-nastavba-4-np-polyfunkcniho-domu-c-p-478-mochovska\/#breadcrumb","itemListElement":[{"@type":"ListItem","position":1,"name":"\u017divot na Praze 14","item":"https:\/\/www.praha14.cz\/zivot-na-praze-14\/"},{"@type":"ListItem","position":2,"name":"STAVEBN\u00cd \u00daPRAVY A N\u00c1STAVBA 4. NP POLYFUNK\u010cN\u00cdHO DOMU \u010c.P. 478 MOCHOVSK\u00c1"}]},{"@type":"WebSite","@id":"https:\/\/www.praha14.cz\/zivot-na-praze-14\/#website","url":"https:\/\/www.praha14.cz\/zivot-na-praze-14\/","name":"\u017divot na Praze 14","description":"","potentialAction":[{"@type":"SearchAction","target":{"@type":"EntryPoint","urlTemplate":"https:\/\/www.praha14.cz\/zivot-na-praze-14\/?s={search_term_string}"},"query-input":{"@type":"PropertyValueSpecification","valueRequired":true,"valueName":"search_term_string"}}],"inLanguage":"cs"}]}},"_links":{"self":[{"href":"https:\/\/www.praha14.cz\/zivot-na-praze-14\/wp-json\/wp\/v2\/pages\/61582","targetHints":{"allow":["GET"]}}],"collection":[{"href":"https:\/\/www.praha14.cz\/zivot-na-praze-14\/wp-json\/wp\/v2\/pages"}],"about":[{"href":"https:\/\/www.praha14.cz\/zivot-na-praze-14\/wp-json\/wp\/v2\/types\/page"}],"author":[{"embeddable":true,"href":"https:\/\/www.praha14.cz\/zivot-na-praze-14\/wp-json\/wp\/v2\/users\/1057"}],"replies":[{"embeddable":true,"href":"https:\/\/www.praha14.cz\/zivot-na-praze-14\/wp-json\/wp\/v2\/comments?post=61582"}],"version-history":[{"count":1,"href":"https:\/\/www.praha14.cz\/zivot-na-praze-14\/wp-json\/wp\/v2\/pages\/61582\/revisions"}],"predecessor-version":[{"id":61586,"href":"https:\/\/www.praha14.cz\/zivot-na-praze-14\/wp-json\/wp\/v2\/pages\/61582\/revisions\/61586"}],"wp:attachment":[{"href":"https:\/\/www.praha14.cz\/zivot-na-praze-14\/wp-json\/wp\/v2\/media?parent=61582"}],"curies":[{"name":"wp","href":"https:\/\/api.w.org\/{rel}","templated":true}]}}