{"id":61601,"date":"2022-01-26T11:25:34","date_gmt":"2022-01-26T11:25:34","guid":{"rendered":"https:\/\/www.praha14.cz\/zivot-na-praze-14\/?page_id=61601"},"modified":"2022-01-26T12:34:47","modified_gmt":"2022-01-26T12:34:47","slug":"zeleznicni-zastavky","status":"publish","type":"page","link":"https:\/\/www.praha14.cz\/zivot-na-praze-14\/zeleznicni-zastavky\/","title":{"rendered":"\u017dELEZNI\u010cN\u00cd ZAST\u00c1VKY"},"content":{"rendered":"<p><span style=\"color: #00ccff;\"><strong>Investor: <\/strong><\/span>M\u010c Praha 14<\/p>\n<p><strong><span style=\"color: #00ccff;\">Projektant:<\/span>\u00a0<\/strong>ALEJ &#8211; architektonick\u00fd ateli\u00e9r, Bubene\u010dsk\u00e1 43, Praha 6<\/p>\n<p>Studie 4 nov\u00fdch vlakov\u00fdch zast\u00e1vek v Praze 14 na n\u00e1kladn\u00edm pr\u016ftahu Praha &#8211; B\u011bchovice, Praha-Male\u0161ice.<\/p>\n<p><strong>studie 2017<\/strong><\/p>\n<p><a href=\"https:\/\/www.praha14.cz\/app\/uploads\/sites\/4\/2022\/01\/zastavka_D_Pocer_stred_1_1000.jpg\" target=\"_blank\" rel=\"noopener\" data-rel=\"lightbox-image-0\" data-rl_title=\"\" data-rl_caption=\"\" title=\"\"><img loading=\"lazy\" decoding=\"async\" class=\"alignleft wp-image-61603 size-thumbnail\" src=\"https:\/\/www.praha14.cz\/app\/uploads\/sites\/4\/2022\/01\/zastavka_D_Pocer_stred_1_1000-150x150.jpg\" alt=\"\" width=\"150\" height=\"150\" \/><\/a> <a href=\"https:\/\/www.praha14.cz\/app\/uploads\/sites\/4\/2022\/01\/zastavka_D_Pocer_stred_2_1000.jpg\" target=\"_blank\" rel=\"noopener\" data-rel=\"lightbox-image-1\" data-rl_title=\"\" data-rl_caption=\"\" title=\"\"><img loading=\"lazy\" decoding=\"async\" class=\"alignleft wp-image-61604 size-thumbnail\" src=\"https:\/\/www.praha14.cz\/app\/uploads\/sites\/4\/2022\/01\/zastavka_D_Pocer_stred_2_1000-150x150.jpg\" alt=\"\" width=\"150\" height=\"150\" \/><\/a> <a href=\"https:\/\/www.praha14.cz\/app\/uploads\/sites\/4\/2022\/01\/zastavka_Hostavice_1000.jpg\" target=\"_blank\" rel=\"noopener\" data-rel=\"lightbox-image-2\" data-rl_title=\"\" data-rl_caption=\"\" title=\"\"><img loading=\"lazy\" decoding=\"async\" class=\"alignleft wp-image-61605 size-thumbnail\" src=\"https:\/\/www.praha14.cz\/app\/uploads\/sites\/4\/2022\/01\/zastavka_Hostavice_1000-150x150.jpg\" alt=\"\" width=\"150\" height=\"150\" \/><\/a> <a href=\"https:\/\/www.praha14.cz\/app\/uploads\/sites\/4\/2022\/01\/zastavka_Jahodnice_1000.jpg\" target=\"_blank\" rel=\"noopener\" data-rel=\"lightbox-image-3\" data-rl_title=\"\" data-rl_caption=\"\" title=\"\"><img loading=\"lazy\" decoding=\"async\" class=\"alignleft wp-image-61606 size-thumbnail\" src=\"https:\/\/www.praha14.cz\/app\/uploads\/sites\/4\/2022\/01\/zastavka_Jahodnice_1000-150x150.jpg\" alt=\"\" width=\"150\" height=\"150\" \/><\/a> <a href=\"https:\/\/www.praha14.cz\/app\/uploads\/sites\/4\/2022\/01\/zastavka_Jirasek_1000.jpg\" target=\"_blank\" rel=\"noopener\" data-rel=\"lightbox-image-4\" data-rl_title=\"\" data-rl_caption=\"\" title=\"\"><img loading=\"lazy\" decoding=\"async\" class=\"alignleft wp-image-61607 size-thumbnail\" src=\"https:\/\/www.praha14.cz\/app\/uploads\/sites\/4\/2022\/01\/zastavka_Jirasek_1000-150x150.jpg\" alt=\"\" width=\"150\" height=\"150\" \/><\/a> <a href=\"https:\/\/www.praha14.cz\/app\/uploads\/sites\/4\/2022\/01\/zastavky-situace.jpg\" target=\"_blank\" rel=\"noopener\" data-rel=\"lightbox-image-5\" data-rl_title=\"\" data-rl_caption=\"\" title=\"\"><img loading=\"lazy\" decoding=\"async\" class=\"alignleft wp-image-61608 size-thumbnail\" src=\"https:\/\/www.praha14.cz\/app\/uploads\/sites\/4\/2022\/01\/zastavky-situace-150x150.jpg\" alt=\"\" width=\"150\" height=\"150\" \/><\/a><\/p>\n","protected":false},"excerpt":{"rendered":"<p>Investor: M\u010c Praha 14 Projektant:\u00a0ALEJ &#8211; architektonick\u00fd ateli\u00e9r, Bubene\u010dsk\u00e1 43, Praha 6 Studie 4 nov\u00fdch vlakov\u00fdch zast\u00e1vek v Praze 14 na n\u00e1kladn\u00edm pr\u016ftahu Praha &#8211; B\u011bchovice, Praha-Male\u0161ice. studie 2017<\/p>\n","protected":false},"author":1057,"featured_media":0,"parent":0,"menu_order":0,"comment_status":"closed","ping_status":"closed","template":"","meta":{"_acf_changed":false,"footnotes":""},"class_list":["post-61601","page","type-page","status-publish","hentry"],"acf":[],"yoast_head":"<!-- This site is optimized with the Yoast SEO plugin v27.2 - https:\/\/yoast.com\/product\/yoast-seo-wordpress\/ -->\n<title>\u017dELEZNI\u010cN\u00cd ZAST\u00c1VKY - \u017divot na Praze 14<\/title>\n<meta name=\"robots\" content=\"index, follow, max-snippet:-1, max-image-preview:large, max-video-preview:-1\" \/>\n<link rel=\"canonical\" href=\"https:\/\/www.praha14.cz\/zivot-na-praze-14\/zeleznicni-zastavky\/\" \/>\n<meta property=\"og:locale\" content=\"cs_CZ\" \/>\n<meta property=\"og:type\" content=\"article\" \/>\n<meta property=\"og:title\" content=\"\u017dELEZNI\u010cN\u00cd ZAST\u00c1VKY - \u017divot na Praze 14\" \/>\n<meta property=\"og:description\" content=\"Investor: M\u010c Praha 14 Projektant:\u00a0ALEJ &#8211; architektonick\u00fd ateli\u00e9r, Bubene\u010dsk\u00e1 43, Praha 6 Studie 4 nov\u00fdch vlakov\u00fdch zast\u00e1vek v Praze 14 na n\u00e1kladn\u00edm pr\u016ftahu Praha &#8211; B\u011bchovice, Praha-Male\u0161ice. studie 2017\" \/>\n<meta property=\"og:url\" content=\"https:\/\/www.praha14.cz\/zivot-na-praze-14\/zeleznicni-zastavky\/\" \/>\n<meta property=\"og:site_name\" content=\"\u017divot na Praze 14\" \/>\n<meta property=\"article:modified_time\" content=\"2022-01-26T12:34:47+00:00\" \/>\n<meta property=\"og:image\" content=\"https:\/\/www.praha14.cz\/app\/uploads\/sites\/4\/2022\/01\/zastavka_D_Pocer_stred_1_1000-150x150.jpg\" \/>\n<meta name=\"twitter:card\" content=\"summary_large_image\" \/>\n<script type=\"application\/ld+json\" class=\"yoast-schema-graph\">{\"@context\":\"https:\/\/schema.org\",\"@graph\":[{\"@type\":\"WebPage\",\"@id\":\"https:\/\/www.praha14.cz\/zivot-na-praze-14\/zeleznicni-zastavky\/\",\"url\":\"https:\/\/www.praha14.cz\/zivot-na-praze-14\/zeleznicni-zastavky\/\",\"name\":\"\u017dELEZNI\u010cN\u00cd ZAST\u00c1VKY - \u017divot na Praze 14\",\"isPartOf\":{\"@id\":\"https:\/\/www.praha14.cz\/zivot-na-praze-14\/#website\"},\"primaryImageOfPage\":{\"@id\":\"https:\/\/www.praha14.cz\/zivot-na-praze-14\/zeleznicni-zastavky\/#primaryimage\"},\"image\":{\"@id\":\"https:\/\/www.praha14.cz\/zivot-na-praze-14\/zeleznicni-zastavky\/#primaryimage\"},\"thumbnailUrl\":\"https:\/\/www.praha14.cz\/app\/uploads\/sites\/4\/2022\/01\/zastavka_D_Pocer_stred_1_1000-150x150.jpg\",\"datePublished\":\"2022-01-26T11:25:34+00:00\",\"dateModified\":\"2022-01-26T12:34:47+00:00\",\"breadcrumb\":{\"@id\":\"https:\/\/www.praha14.cz\/zivot-na-praze-14\/zeleznicni-zastavky\/#breadcrumb\"},\"inLanguage\":\"cs\",\"potentialAction\":[{\"@type\":\"ReadAction\",\"target\":[\"https:\/\/www.praha14.cz\/zivot-na-praze-14\/zeleznicni-zastavky\/\"]}]},{\"@type\":\"ImageObject\",\"inLanguage\":\"cs\",\"@id\":\"https:\/\/www.praha14.cz\/zivot-na-praze-14\/zeleznicni-zastavky\/#primaryimage\",\"url\":\"https:\/\/www.praha14.cz\/app\/uploads\/sites\/4\/2022\/01\/zastavka_D_Pocer_stred_1_1000-150x150.jpg\",\"contentUrl\":\"https:\/\/www.praha14.cz\/app\/uploads\/sites\/4\/2022\/01\/zastavka_D_Pocer_stred_1_1000-150x150.jpg\"},{\"@type\":\"BreadcrumbList\",\"@id\":\"https:\/\/www.praha14.cz\/zivot-na-praze-14\/zeleznicni-zastavky\/#breadcrumb\",\"itemListElement\":[{\"@type\":\"ListItem\",\"position\":1,\"name\":\"\u017divot na Praze 14\",\"item\":\"https:\/\/www.praha14.cz\/zivot-na-praze-14\/\"},{\"@type\":\"ListItem\",\"position\":2,\"name\":\"\u017dELEZNI\u010cN\u00cd ZAST\u00c1VKY\"}]},{\"@type\":\"WebSite\",\"@id\":\"https:\/\/www.praha14.cz\/zivot-na-praze-14\/#website\",\"url\":\"https:\/\/www.praha14.cz\/zivot-na-praze-14\/\",\"name\":\"\u017divot na Praze 14\",\"description\":\"\",\"potentialAction\":[{\"@type\":\"SearchAction\",\"target\":{\"@type\":\"EntryPoint\",\"urlTemplate\":\"https:\/\/www.praha14.cz\/zivot-na-praze-14\/?s={search_term_string}\"},\"query-input\":{\"@type\":\"PropertyValueSpecification\",\"valueRequired\":true,\"valueName\":\"search_term_string\"}}],\"inLanguage\":\"cs\"}]}<\/script>\n<!-- \/ Yoast SEO plugin. -->","yoast_head_json":{"title":"\u017dELEZNI\u010cN\u00cd ZAST\u00c1VKY - \u017divot na Praze 14","robots":{"index":"index","follow":"follow","max-snippet":"max-snippet:-1","max-image-preview":"max-image-preview:large","max-video-preview":"max-video-preview:-1"},"canonical":"https:\/\/www.praha14.cz\/zivot-na-praze-14\/zeleznicni-zastavky\/","og_locale":"cs_CZ","og_type":"article","og_title":"\u017dELEZNI\u010cN\u00cd ZAST\u00c1VKY - \u017divot na Praze 14","og_description":"Investor: M\u010c Praha 14 Projektant:\u00a0ALEJ &#8211; architektonick\u00fd ateli\u00e9r, Bubene\u010dsk\u00e1 43, Praha 6 Studie 4 nov\u00fdch vlakov\u00fdch zast\u00e1vek v Praze 14 na n\u00e1kladn\u00edm pr\u016ftahu Praha &#8211; B\u011bchovice, Praha-Male\u0161ice. studie 2017","og_url":"https:\/\/www.praha14.cz\/zivot-na-praze-14\/zeleznicni-zastavky\/","og_site_name":"\u017divot na Praze 14","article_modified_time":"2022-01-26T12:34:47+00:00","og_image":[{"url":"https:\/\/www.praha14.cz\/app\/uploads\/sites\/4\/2022\/01\/zastavka_D_Pocer_stred_1_1000-150x150.jpg","type":"","width":"","height":""}],"twitter_card":"summary_large_image","schema":{"@context":"https:\/\/schema.org","@graph":[{"@type":"WebPage","@id":"https:\/\/www.praha14.cz\/zivot-na-praze-14\/zeleznicni-zastavky\/","url":"https:\/\/www.praha14.cz\/zivot-na-praze-14\/zeleznicni-zastavky\/","name":"\u017dELEZNI\u010cN\u00cd ZAST\u00c1VKY - \u017divot na Praze 14","isPartOf":{"@id":"https:\/\/www.praha14.cz\/zivot-na-praze-14\/#website"},"primaryImageOfPage":{"@id":"https:\/\/www.praha14.cz\/zivot-na-praze-14\/zeleznicni-zastavky\/#primaryimage"},"image":{"@id":"https:\/\/www.praha14.cz\/zivot-na-praze-14\/zeleznicni-zastavky\/#primaryimage"},"thumbnailUrl":"https:\/\/www.praha14.cz\/app\/uploads\/sites\/4\/2022\/01\/zastavka_D_Pocer_stred_1_1000-150x150.jpg","datePublished":"2022-01-26T11:25:34+00:00","dateModified":"2022-01-26T12:34:47+00:00","breadcrumb":{"@id":"https:\/\/www.praha14.cz\/zivot-na-praze-14\/zeleznicni-zastavky\/#breadcrumb"},"inLanguage":"cs","potentialAction":[{"@type":"ReadAction","target":["https:\/\/www.praha14.cz\/zivot-na-praze-14\/zeleznicni-zastavky\/"]}]},{"@type":"ImageObject","inLanguage":"cs","@id":"https:\/\/www.praha14.cz\/zivot-na-praze-14\/zeleznicni-zastavky\/#primaryimage","url":"https:\/\/www.praha14.cz\/app\/uploads\/sites\/4\/2022\/01\/zastavka_D_Pocer_stred_1_1000-150x150.jpg","contentUrl":"https:\/\/www.praha14.cz\/app\/uploads\/sites\/4\/2022\/01\/zastavka_D_Pocer_stred_1_1000-150x150.jpg"},{"@type":"BreadcrumbList","@id":"https:\/\/www.praha14.cz\/zivot-na-praze-14\/zeleznicni-zastavky\/#breadcrumb","itemListElement":[{"@type":"ListItem","position":1,"name":"\u017divot na Praze 14","item":"https:\/\/www.praha14.cz\/zivot-na-praze-14\/"},{"@type":"ListItem","position":2,"name":"\u017dELEZNI\u010cN\u00cd ZAST\u00c1VKY"}]},{"@type":"WebSite","@id":"https:\/\/www.praha14.cz\/zivot-na-praze-14\/#website","url":"https:\/\/www.praha14.cz\/zivot-na-praze-14\/","name":"\u017divot na Praze 14","description":"","potentialAction":[{"@type":"SearchAction","target":{"@type":"EntryPoint","urlTemplate":"https:\/\/www.praha14.cz\/zivot-na-praze-14\/?s={search_term_string}"},"query-input":{"@type":"PropertyValueSpecification","valueRequired":true,"valueName":"search_term_string"}}],"inLanguage":"cs"}]}},"_links":{"self":[{"href":"https:\/\/www.praha14.cz\/zivot-na-praze-14\/wp-json\/wp\/v2\/pages\/61601","targetHints":{"allow":["GET"]}}],"collection":[{"href":"https:\/\/www.praha14.cz\/zivot-na-praze-14\/wp-json\/wp\/v2\/pages"}],"about":[{"href":"https:\/\/www.praha14.cz\/zivot-na-praze-14\/wp-json\/wp\/v2\/types\/page"}],"author":[{"embeddable":true,"href":"https:\/\/www.praha14.cz\/zivot-na-praze-14\/wp-json\/wp\/v2\/users\/1057"}],"replies":[{"embeddable":true,"href":"https:\/\/www.praha14.cz\/zivot-na-praze-14\/wp-json\/wp\/v2\/comments?post=61601"}],"version-history":[{"count":3,"href":"https:\/\/www.praha14.cz\/zivot-na-praze-14\/wp-json\/wp\/v2\/pages\/61601\/revisions"}],"predecessor-version":[{"id":61638,"href":"https:\/\/www.praha14.cz\/zivot-na-praze-14\/wp-json\/wp\/v2\/pages\/61601\/revisions\/61638"}],"wp:attachment":[{"href":"https:\/\/www.praha14.cz\/zivot-na-praze-14\/wp-json\/wp\/v2\/media?parent=61601"}],"curies":[{"name":"wp","href":"https:\/\/api.w.org\/{rel}","templated":true}]}}