{"id":61624,"date":"2022-01-26T11:48:37","date_gmt":"2022-01-26T11:48:37","guid":{"rendered":"https:\/\/www.praha14.cz\/zivot-na-praze-14\/?page_id=61624"},"modified":"2023-07-31T11:56:00","modified_gmt":"2023-07-31T11:56:00","slug":"urbanisticka-studie-kyje-hloubetin","status":"publish","type":"page","link":"https:\/\/www.praha14.cz\/zivot-na-praze-14\/uvod-o-praze-14\/uzemni-rozvoj\/urbanisticka-studie-kyje-hloubetin\/","title":{"rendered":"Urbanistick\u00e1 studie Kyje &#8211; Hloub\u011bt\u00edn"},"content":{"rendered":"<div class=\"content-title\">\n<h3>\u00daZEMN\u00cd STUDIE LOKALITY NA HUT\u00cdCH<\/h3>\n<\/div>\n<div class=\"content\">\n<div id=\"post-56671\" class=\"post\">\n<div class=\"entry\">\n<p><strong>Um\u00edst\u011bn\u00ed:<\/strong>\u00a0kat. \u00fazem\u00ed Kyje, po obou kraj\u00edch ulice Budovatelsk\u00e1, kter\u00e1 p\u0159edstavuje hlavn\u00ed prostorovou i provozn\u00ed osu t\u00e9to oblasti.<br \/>\nC\u00edlem \u00fazemn\u00ed studie je navrhnout v\u00a0\u0159e\u0161en\u00e9m \u00fazem\u00ed celkovou koncepci budouc\u00edho rozvoje. D\u016fraz je kladen p\u0159edev\u0161\u00edm\u00a0na vytvo\u0159en\u00ed m\u00edstn\u00edho centra lokality Hut\u011b, strukturu lokality, dimenze a charakter ve\u0159ejn\u00fdch prostranstv\u00ed v\u010detn\u011b park\u016f, na koncepci stavebn\u00edch blok\u016f a pozemk\u016f s\u00a0ur\u010den\u00edm charakteru, v\u00fd\u0161ky, kapacity a zp\u016fsobu vyu\u017eit\u00ed z\u00e1stavby, na koncepci ve\u0159ejn\u00e9 vybavenosti a dopravn\u00ed, technick\u00e9 a zelen\u00e9 infrastruktury.<\/p>\n<p><strong>Po\u0159izovatel:\u00a0<\/strong>Magistr\u00e1t hlavn\u00edho m\u011bsta Prahy, odbor \u00fazemn\u00edho rozvoje<\/p>\n<p><strong>Projektant:<\/strong><strong>\u00a0<\/strong>Architektonick\u00fd ateli\u00e9r KAAMA, s.r.o., U \u0160kolsk\u00e9 zahrady 23, Praha 8<\/p>\n<p>Cel\u00e1 studie z roku 2019\u00a0je k dispozici\u00a0<a href=\"https:\/\/www.praha14.cz\/app\/uploads\/sites\/4\/2020\/09\/%C3%BAzemn%C3%AD-studie-lokality-Na-hut%C3%ADch.pdf\"><strong>zde<\/strong><\/a>.<\/p>\n<p>&nbsp;<\/p>\n<\/div>\n<\/div>\n<\/div>\n<h3>URBANISTICK\u00c1 STUDIE KYJE &#8211; HLOUB\u011aT\u00cdN<\/h3>\n<p><span style=\"color: #00ccff;\"><strong>Um\u00edst\u011bn\u00ed:<\/strong><\/span> kat. \u00fazem\u00ed Hloub\u011bt\u00edn, Kyje<\/p>\n<p><span style=\"color: #00ccff;\"><strong>Zadavatel:<\/strong><\/span>\u00a0Institut pl\u00e1nov\u00e1n\u00ed a rozvoje hlavn\u00edho m\u011bsta Prahy<\/p>\n<p><span style=\"color: #00ccff;\"><strong>Projektant:<\/strong><\/span> UNIT architekti, s.r.o., Th\u00e1kurova 9, Praha 6<\/p>\n<p>Urbanistick\u00e1 studie lokality Hut\u011b &#8211; Hloub\u011bt\u00edn navazuje na \u00fazemn\u00ed studii lokality Na Hut\u00edch, Praha-Kyje z\u00a0roku 2018. Urbanistick\u00e1 studie Kyje \u2013 Hloub\u011bt\u00edn \u0159e\u0161\u00ed Hut\u011b jako celek ve v\u0161ech souvislostech.\u00a0 Nastavuje pravidla pro budouc\u00ed v\u00fdstavbu, navrhuje syst\u00e9m ve\u0159ejn\u00fdch prostranstv\u00ed s\u00a0ob\u010danskou vybavenost\u00ed odpov\u00eddaj\u00edc\u00ed budouc\u00edmu rozvoji \u00fazem\u00ed a\u00a0podporuje rekrea\u010dn\u00ed potenci\u00e1l lokality.<\/p>\n<div>\n<p>Urbanistick\u00e1 studie je k\u00a0nahl\u00e9dnut\u00ed na<a href=\"https:\/\/iprpraha.cz\/projekt\/129\/kyje-hute\" target=\"_blank\" rel=\"noopener\"> str\u00e1nk\u00e1ch IPR Praha<\/a>.<\/p>\n<\/div>\n<div>\n<ul>\n<li><a href=\"https:\/\/www.praha14.cz\/app\/uploads\/sites\/4\/2022\/01\/USNadhledova-perspektiva.pdf\" target=\"_blank\" rel=\"noopener\">nadhledov\u00e1 perspektiva<\/a><\/li>\n<li><a href=\"https:\/\/www.praha14.cz\/app\/uploads\/sites\/4\/2022\/01\/USdetail-VP_1.pdf\" target=\"_blank\" rel=\"noopener\">detail<\/a><\/li>\n<li><a href=\"https:\/\/www.praha14.cz\/app\/uploads\/sites\/4\/2022\/01\/US_hlavni-vykres.pdf\" target=\"_blank\" rel=\"noopener\">hlavn\u00ed v\u00fdkres<\/a><\/li>\n<li><a href=\"https:\/\/www.praha14.cz\/app\/uploads\/sites\/4\/2022\/01\/US_idealni-urb-struktura.pdf\" target=\"_blank\" rel=\"noopener\">ide\u00e1ln\u00ed urbanistick\u00e1 struktura<\/a><\/li>\n<\/ul>\n<\/div>\n<div>\n<p><a href=\"https:\/\/www.praha14.cz\/app\/uploads\/sites\/4\/2022\/01\/urbanisticka-studie-situace.jpg\" target=\"_blank\" rel=\"noopener\" data-rel=\"lightbox-image-0\" data-rl_title=\"\" data-rl_caption=\"\" title=\"\"><img loading=\"lazy\" decoding=\"async\" class=\"alignnone wp-image-61619 size-thumbnail\" src=\"https:\/\/www.praha14.cz\/app\/uploads\/sites\/4\/2022\/01\/urbanisticka-studie-situace-150x150.jpg\" alt=\"urbanistick\u00e1 studie situace\" width=\"150\" height=\"150\" \/><\/a><\/p>\n<\/div>\n","protected":false},"excerpt":{"rendered":"<p>\u00daZEMN\u00cd STUDIE LOKALITY NA HUT\u00cdCH Um\u00edst\u011bn\u00ed:\u00a0kat. \u00fazem\u00ed Kyje, po obou kraj\u00edch ulice Budovatelsk\u00e1, kter\u00e1 p\u0159edstavuje hlavn\u00ed prostorovou i provozn\u00ed osu t\u00e9to oblasti. C\u00edlem \u00fazemn\u00ed studie je navrhnout v\u00a0\u0159e\u0161en\u00e9m \u00fazem\u00ed celkovou koncepci budouc\u00edho rozvoje. D\u016fraz je kladen p\u0159edev\u0161\u00edm\u00a0na vytvo\u0159en\u00ed m\u00edstn\u00edho centra lokality Hut\u011b, strukturu lokality, dimenze a charakter ve\u0159ejn\u00fdch prostranstv\u00ed v\u010detn\u011b park\u016f, na koncepci stavebn\u00edch blok\u016f&#8230;<\/p>\n","protected":false},"author":1057,"featured_media":0,"parent":66064,"menu_order":3,"comment_status":"closed","ping_status":"closed","template":"","meta":{"_acf_changed":false,"footnotes":""},"class_list":["post-61624","page","type-page","status-publish","hentry"],"acf":[],"yoast_head":"<!-- This site is optimized with the Yoast SEO plugin v27.2 - https:\/\/yoast.com\/product\/yoast-seo-wordpress\/ -->\n<title>Urbanistick\u00e1 studie Kyje - Hloub\u011bt\u00edn - \u017divot na Praze 14<\/title>\n<meta name=\"robots\" content=\"index, follow, max-snippet:-1, max-image-preview:large, max-video-preview:-1\" \/>\n<link rel=\"canonical\" href=\"https:\/\/www.praha14.cz\/zivot-na-praze-14\/uvod-o-praze-14\/uzemni-rozvoj\/urbanisticka-studie-kyje-hloubetin\/\" \/>\n<meta property=\"og:locale\" content=\"cs_CZ\" \/>\n<meta property=\"og:type\" content=\"article\" \/>\n<meta property=\"og:title\" content=\"Urbanistick\u00e1 studie Kyje - Hloub\u011bt\u00edn - \u017divot na Praze 14\" \/>\n<meta property=\"og:description\" content=\"\u00daZEMN\u00cd STUDIE LOKALITY NA HUT\u00cdCH Um\u00edst\u011bn\u00ed:\u00a0kat. \u00fazem\u00ed Kyje, po obou kraj\u00edch ulice Budovatelsk\u00e1, kter\u00e1 p\u0159edstavuje hlavn\u00ed prostorovou i provozn\u00ed osu t\u00e9to oblasti. C\u00edlem \u00fazemn\u00ed studie je navrhnout v\u00a0\u0159e\u0161en\u00e9m \u00fazem\u00ed celkovou koncepci budouc\u00edho rozvoje. D\u016fraz je kladen p\u0159edev\u0161\u00edm\u00a0na vytvo\u0159en\u00ed m\u00edstn\u00edho centra lokality Hut\u011b, strukturu lokality, dimenze a charakter ve\u0159ejn\u00fdch prostranstv\u00ed v\u010detn\u011b park\u016f, na koncepci stavebn\u00edch blok\u016f...\" \/>\n<meta property=\"og:url\" content=\"https:\/\/www.praha14.cz\/zivot-na-praze-14\/uvod-o-praze-14\/uzemni-rozvoj\/urbanisticka-studie-kyje-hloubetin\/\" \/>\n<meta property=\"og:site_name\" content=\"\u017divot na Praze 14\" \/>\n<meta property=\"article:modified_time\" content=\"2023-07-31T11:56:00+00:00\" \/>\n<meta property=\"og:image\" content=\"https:\/\/www.praha14.cz\/app\/uploads\/sites\/4\/2022\/01\/urbanisticka-studie-situace-150x150.jpg\" \/>\n<meta name=\"twitter:card\" content=\"summary_large_image\" \/>\n<meta name=\"twitter:label1\" content=\"Est. reading time\" \/>\n\t<meta name=\"twitter:data1\" content=\"2 minuty\" \/>\n<script type=\"application\/ld+json\" class=\"yoast-schema-graph\">{\"@context\":\"https:\/\/schema.org\",\"@graph\":[{\"@type\":\"WebPage\",\"@id\":\"https:\/\/www.praha14.cz\/zivot-na-praze-14\/uvod-o-praze-14\/uzemni-rozvoj\/urbanisticka-studie-kyje-hloubetin\/\",\"url\":\"https:\/\/www.praha14.cz\/zivot-na-praze-14\/uvod-o-praze-14\/uzemni-rozvoj\/urbanisticka-studie-kyje-hloubetin\/\",\"name\":\"Urbanistick\u00e1 studie Kyje - Hloub\u011bt\u00edn - \u017divot na Praze 14\",\"isPartOf\":{\"@id\":\"https:\/\/www.praha14.cz\/zivot-na-praze-14\/#website\"},\"primaryImageOfPage\":{\"@id\":\"https:\/\/www.praha14.cz\/zivot-na-praze-14\/uvod-o-praze-14\/uzemni-rozvoj\/urbanisticka-studie-kyje-hloubetin\/#primaryimage\"},\"image\":{\"@id\":\"https:\/\/www.praha14.cz\/zivot-na-praze-14\/uvod-o-praze-14\/uzemni-rozvoj\/urbanisticka-studie-kyje-hloubetin\/#primaryimage\"},\"thumbnailUrl\":\"https:\/\/www.praha14.cz\/app\/uploads\/sites\/4\/2022\/01\/urbanisticka-studie-situace-150x150.jpg\",\"datePublished\":\"2022-01-26T11:48:37+00:00\",\"dateModified\":\"2023-07-31T11:56:00+00:00\",\"breadcrumb\":{\"@id\":\"https:\/\/www.praha14.cz\/zivot-na-praze-14\/uvod-o-praze-14\/uzemni-rozvoj\/urbanisticka-studie-kyje-hloubetin\/#breadcrumb\"},\"inLanguage\":\"cs\",\"potentialAction\":[{\"@type\":\"ReadAction\",\"target\":[\"https:\/\/www.praha14.cz\/zivot-na-praze-14\/uvod-o-praze-14\/uzemni-rozvoj\/urbanisticka-studie-kyje-hloubetin\/\"]}]},{\"@type\":\"ImageObject\",\"inLanguage\":\"cs\",\"@id\":\"https:\/\/www.praha14.cz\/zivot-na-praze-14\/uvod-o-praze-14\/uzemni-rozvoj\/urbanisticka-studie-kyje-hloubetin\/#primaryimage\",\"url\":\"https:\/\/www.praha14.cz\/app\/uploads\/sites\/4\/2022\/01\/urbanisticka-studie-situace-150x150.jpg\",\"contentUrl\":\"https:\/\/www.praha14.cz\/app\/uploads\/sites\/4\/2022\/01\/urbanisticka-studie-situace-150x150.jpg\"},{\"@type\":\"BreadcrumbList\",\"@id\":\"https:\/\/www.praha14.cz\/zivot-na-praze-14\/uvod-o-praze-14\/uzemni-rozvoj\/urbanisticka-studie-kyje-hloubetin\/#breadcrumb\",\"itemListElement\":[{\"@type\":\"ListItem\",\"position\":1,\"name\":\"\u017divot na Praze 14\",\"item\":\"https:\/\/www.praha14.cz\/zivot-na-praze-14\/\"},{\"@type\":\"ListItem\",\"position\":2,\"name\":\"O Praze 14\",\"item\":\"https:\/\/www.praha14.cz\/zivot-na-praze-14\/uvod-o-praze-14\/\"},{\"@type\":\"ListItem\",\"position\":3,\"name\":\"\u00dazemn\u00ed rozvoj\",\"item\":\"https:\/\/www.praha14.cz\/zivot-na-praze-14\/uvod-o-praze-14\/uzemni-rozvoj\/\"},{\"@type\":\"ListItem\",\"position\":4,\"name\":\"Urbanistick\u00e1 studie Kyje &#8211; Hloub\u011bt\u00edn\"}]},{\"@type\":\"WebSite\",\"@id\":\"https:\/\/www.praha14.cz\/zivot-na-praze-14\/#website\",\"url\":\"https:\/\/www.praha14.cz\/zivot-na-praze-14\/\",\"name\":\"\u017divot na Praze 14\",\"description\":\"\",\"potentialAction\":[{\"@type\":\"SearchAction\",\"target\":{\"@type\":\"EntryPoint\",\"urlTemplate\":\"https:\/\/www.praha14.cz\/zivot-na-praze-14\/?s={search_term_string}\"},\"query-input\":{\"@type\":\"PropertyValueSpecification\",\"valueRequired\":true,\"valueName\":\"search_term_string\"}}],\"inLanguage\":\"cs\"}]}<\/script>\n<!-- \/ Yoast SEO plugin. -->","yoast_head_json":{"title":"Urbanistick\u00e1 studie Kyje - Hloub\u011bt\u00edn - \u017divot na Praze 14","robots":{"index":"index","follow":"follow","max-snippet":"max-snippet:-1","max-image-preview":"max-image-preview:large","max-video-preview":"max-video-preview:-1"},"canonical":"https:\/\/www.praha14.cz\/zivot-na-praze-14\/uvod-o-praze-14\/uzemni-rozvoj\/urbanisticka-studie-kyje-hloubetin\/","og_locale":"cs_CZ","og_type":"article","og_title":"Urbanistick\u00e1 studie Kyje - Hloub\u011bt\u00edn - \u017divot na Praze 14","og_description":"\u00daZEMN\u00cd STUDIE LOKALITY NA HUT\u00cdCH Um\u00edst\u011bn\u00ed:\u00a0kat. \u00fazem\u00ed Kyje, po obou kraj\u00edch ulice Budovatelsk\u00e1, kter\u00e1 p\u0159edstavuje hlavn\u00ed prostorovou i provozn\u00ed osu t\u00e9to oblasti. C\u00edlem \u00fazemn\u00ed studie je navrhnout v\u00a0\u0159e\u0161en\u00e9m \u00fazem\u00ed celkovou koncepci budouc\u00edho rozvoje. D\u016fraz je kladen p\u0159edev\u0161\u00edm\u00a0na vytvo\u0159en\u00ed m\u00edstn\u00edho centra lokality Hut\u011b, strukturu lokality, dimenze a charakter ve\u0159ejn\u00fdch prostranstv\u00ed v\u010detn\u011b park\u016f, na koncepci stavebn\u00edch blok\u016f...","og_url":"https:\/\/www.praha14.cz\/zivot-na-praze-14\/uvod-o-praze-14\/uzemni-rozvoj\/urbanisticka-studie-kyje-hloubetin\/","og_site_name":"\u017divot na Praze 14","article_modified_time":"2023-07-31T11:56:00+00:00","og_image":[{"url":"https:\/\/www.praha14.cz\/app\/uploads\/sites\/4\/2022\/01\/urbanisticka-studie-situace-150x150.jpg","type":"","width":"","height":""}],"twitter_card":"summary_large_image","twitter_misc":{"Est. reading time":"2 minuty"},"schema":{"@context":"https:\/\/schema.org","@graph":[{"@type":"WebPage","@id":"https:\/\/www.praha14.cz\/zivot-na-praze-14\/uvod-o-praze-14\/uzemni-rozvoj\/urbanisticka-studie-kyje-hloubetin\/","url":"https:\/\/www.praha14.cz\/zivot-na-praze-14\/uvod-o-praze-14\/uzemni-rozvoj\/urbanisticka-studie-kyje-hloubetin\/","name":"Urbanistick\u00e1 studie Kyje - Hloub\u011bt\u00edn - \u017divot na Praze 14","isPartOf":{"@id":"https:\/\/www.praha14.cz\/zivot-na-praze-14\/#website"},"primaryImageOfPage":{"@id":"https:\/\/www.praha14.cz\/zivot-na-praze-14\/uvod-o-praze-14\/uzemni-rozvoj\/urbanisticka-studie-kyje-hloubetin\/#primaryimage"},"image":{"@id":"https:\/\/www.praha14.cz\/zivot-na-praze-14\/uvod-o-praze-14\/uzemni-rozvoj\/urbanisticka-studie-kyje-hloubetin\/#primaryimage"},"thumbnailUrl":"https:\/\/www.praha14.cz\/app\/uploads\/sites\/4\/2022\/01\/urbanisticka-studie-situace-150x150.jpg","datePublished":"2022-01-26T11:48:37+00:00","dateModified":"2023-07-31T11:56:00+00:00","breadcrumb":{"@id":"https:\/\/www.praha14.cz\/zivot-na-praze-14\/uvod-o-praze-14\/uzemni-rozvoj\/urbanisticka-studie-kyje-hloubetin\/#breadcrumb"},"inLanguage":"cs","potentialAction":[{"@type":"ReadAction","target":["https:\/\/www.praha14.cz\/zivot-na-praze-14\/uvod-o-praze-14\/uzemni-rozvoj\/urbanisticka-studie-kyje-hloubetin\/"]}]},{"@type":"ImageObject","inLanguage":"cs","@id":"https:\/\/www.praha14.cz\/zivot-na-praze-14\/uvod-o-praze-14\/uzemni-rozvoj\/urbanisticka-studie-kyje-hloubetin\/#primaryimage","url":"https:\/\/www.praha14.cz\/app\/uploads\/sites\/4\/2022\/01\/urbanisticka-studie-situace-150x150.jpg","contentUrl":"https:\/\/www.praha14.cz\/app\/uploads\/sites\/4\/2022\/01\/urbanisticka-studie-situace-150x150.jpg"},{"@type":"BreadcrumbList","@id":"https:\/\/www.praha14.cz\/zivot-na-praze-14\/uvod-o-praze-14\/uzemni-rozvoj\/urbanisticka-studie-kyje-hloubetin\/#breadcrumb","itemListElement":[{"@type":"ListItem","position":1,"name":"\u017divot na Praze 14","item":"https:\/\/www.praha14.cz\/zivot-na-praze-14\/"},{"@type":"ListItem","position":2,"name":"O Praze 14","item":"https:\/\/www.praha14.cz\/zivot-na-praze-14\/uvod-o-praze-14\/"},{"@type":"ListItem","position":3,"name":"\u00dazemn\u00ed rozvoj","item":"https:\/\/www.praha14.cz\/zivot-na-praze-14\/uvod-o-praze-14\/uzemni-rozvoj\/"},{"@type":"ListItem","position":4,"name":"Urbanistick\u00e1 studie Kyje &#8211; Hloub\u011bt\u00edn"}]},{"@type":"WebSite","@id":"https:\/\/www.praha14.cz\/zivot-na-praze-14\/#website","url":"https:\/\/www.praha14.cz\/zivot-na-praze-14\/","name":"\u017divot na Praze 14","description":"","potentialAction":[{"@type":"SearchAction","target":{"@type":"EntryPoint","urlTemplate":"https:\/\/www.praha14.cz\/zivot-na-praze-14\/?s={search_term_string}"},"query-input":{"@type":"PropertyValueSpecification","valueRequired":true,"valueName":"search_term_string"}}],"inLanguage":"cs"}]}},"_links":{"self":[{"href":"https:\/\/www.praha14.cz\/zivot-na-praze-14\/wp-json\/wp\/v2\/pages\/61624","targetHints":{"allow":["GET"]}}],"collection":[{"href":"https:\/\/www.praha14.cz\/zivot-na-praze-14\/wp-json\/wp\/v2\/pages"}],"about":[{"href":"https:\/\/www.praha14.cz\/zivot-na-praze-14\/wp-json\/wp\/v2\/types\/page"}],"author":[{"embeddable":true,"href":"https:\/\/www.praha14.cz\/zivot-na-praze-14\/wp-json\/wp\/v2\/users\/1057"}],"replies":[{"embeddable":true,"href":"https:\/\/www.praha14.cz\/zivot-na-praze-14\/wp-json\/wp\/v2\/comments?post=61624"}],"version-history":[{"count":4,"href":"https:\/\/www.praha14.cz\/zivot-na-praze-14\/wp-json\/wp\/v2\/pages\/61624\/revisions"}],"predecessor-version":[{"id":68081,"href":"https:\/\/www.praha14.cz\/zivot-na-praze-14\/wp-json\/wp\/v2\/pages\/61624\/revisions\/68081"}],"up":[{"embeddable":true,"href":"https:\/\/www.praha14.cz\/zivot-na-praze-14\/wp-json\/wp\/v2\/pages\/66064"}],"wp:attachment":[{"href":"https:\/\/www.praha14.cz\/zivot-na-praze-14\/wp-json\/wp\/v2\/media?parent=61624"}],"curies":[{"name":"wp","href":"https:\/\/api.w.org\/{rel}","templated":true}]}}