{"id":61661,"date":"2022-01-28T07:34:28","date_gmt":"2022-01-28T07:34:28","guid":{"rendered":"https:\/\/www.praha14.cz\/zivot-na-praze-14\/?page_id=61661"},"modified":"2022-01-28T07:34:28","modified_gmt":"2022-01-28T07:34:28","slug":"dopravni-terminal-cerny-most","status":"publish","type":"page","link":"https:\/\/www.praha14.cz\/zivot-na-praze-14\/dopravni-terminal-cerny-most\/","title":{"rendered":"DOPRAVN\u00cd TERMIN\u00c1L \u010cERN\u00dd MOST"},"content":{"rendered":"<p><span style=\"color: #00ccff;\"><strong>Zadavatel:<\/strong>\u00a0<\/span>Institut pl\u00e1nov\u00e1n\u00ed a rozvoje hlavn\u00edho m\u011bsta Prahy<\/p>\n<p><span style=\"color: #00ccff;\"><strong>Projektant:<\/strong><\/span> re:architekti studio s.r.o., Milady Hor\u00e1kov\u00e9 24, Praha 7<\/p>\n<p>C\u00edlem studie je zkvalitn\u011bn\u00ed dopravn\u00edho uzlu a transformace mor\u00e1ln\u011b do\u017eil\u00fdch \u010d\u00e1st\u00ed termin\u00e1lu \u010cern\u00fd Most na sou\u010dasn\u00e9 po\u017eadavky a pot\u0159eby u\u017eivatel\u016f a spr\u00e1vc\u016f termin\u00e1lu.<\/p>\n<p><strong>Studie 2021<\/strong><\/p>\n<p>Studie dopravn\u00edho termin\u00e1lu je k\u00a0nahl\u00e9dnut\u00ed na <a href=\"https:\/\/iprpraha.cz\/projekt\/125\/dopravni-terminal-cerny-most\" target=\"_blank\" rel=\"noopener\">str\u00e1nk\u00e1ch IPR Praha.<\/a><\/p>\n<p><a href=\"https:\/\/www.praha14.cz\/app\/uploads\/sites\/4\/2022\/01\/SITUACE-TERMINAL-CELK-scaled.jpg\" target=\"_blank\" rel=\"noopener\" data-rel=\"lightbox-image-0\" data-rl_title=\"\" data-rl_caption=\"\" title=\"\"><img loading=\"lazy\" decoding=\"async\" class=\"alignleft wp-image-61662 size-thumbnail\" src=\"https:\/\/www.praha14.cz\/app\/uploads\/sites\/4\/2022\/01\/SITUACE-TERMINAL-CELK-150x150.jpg\" alt=\"\" width=\"150\" height=\"150\" \/><\/a> <a href=\"https:\/\/www.praha14.cz\/app\/uploads\/sites\/4\/2022\/01\/terminal-nadhled.jpg\" target=\"_blank\" rel=\"noopener\" data-rel=\"lightbox-image-1\" data-rl_title=\"\" data-rl_caption=\"\" title=\"\"><img loading=\"lazy\" decoding=\"async\" class=\"alignleft wp-image-61663 size-thumbnail\" src=\"https:\/\/www.praha14.cz\/app\/uploads\/sites\/4\/2022\/01\/terminal-nadhled-150x150.jpg\" alt=\"\" width=\"150\" height=\"150\" \/><\/a> <a href=\"https:\/\/www.praha14.cz\/app\/uploads\/sites\/4\/2022\/01\/terminal-vizualizace.jpg\" target=\"_blank\" rel=\"noopener\" data-rel=\"lightbox-image-2\" data-rl_title=\"\" data-rl_caption=\"\" title=\"\"><img loading=\"lazy\" decoding=\"async\" class=\"alignleft wp-image-61664 size-thumbnail\" src=\"https:\/\/www.praha14.cz\/app\/uploads\/sites\/4\/2022\/01\/terminal-vizualizace-150x150.jpg\" alt=\"\" width=\"150\" height=\"150\" \/><\/a> <a href=\"https:\/\/www.praha14.cz\/app\/uploads\/sites\/4\/2022\/01\/terminal-vizualizace2.jpg\" target=\"_blank\" rel=\"noopener\" data-rel=\"lightbox-image-3\" data-rl_title=\"\" data-rl_caption=\"\" title=\"\"><img loading=\"lazy\" decoding=\"async\" class=\"alignleft wp-image-61665 size-thumbnail\" src=\"https:\/\/www.praha14.cz\/app\/uploads\/sites\/4\/2022\/01\/terminal-vizualizace2-150x150.jpg\" alt=\"\" width=\"150\" height=\"150\" \/><\/a><\/p>\n","protected":false},"excerpt":{"rendered":"<p>Zadavatel:\u00a0Institut pl\u00e1nov\u00e1n\u00ed a rozvoje hlavn\u00edho m\u011bsta Prahy Projektant: re:architekti studio s.r.o., Milady Hor\u00e1kov\u00e9 24, Praha 7 C\u00edlem studie je zkvalitn\u011bn\u00ed dopravn\u00edho uzlu a transformace mor\u00e1ln\u011b do\u017eil\u00fdch \u010d\u00e1st\u00ed termin\u00e1lu \u010cern\u00fd Most na sou\u010dasn\u00e9 po\u017eadavky a pot\u0159eby u\u017eivatel\u016f a spr\u00e1vc\u016f termin\u00e1lu. Studie 2021 Studie dopravn\u00edho termin\u00e1lu je k\u00a0nahl\u00e9dnut\u00ed na str\u00e1nk\u00e1ch IPR Praha.<\/p>\n","protected":false},"author":1057,"featured_media":0,"parent":0,"menu_order":0,"comment_status":"closed","ping_status":"closed","template":"","meta":{"_acf_changed":false,"footnotes":""},"class_list":["post-61661","page","type-page","status-publish","hentry"],"acf":[],"yoast_head":"<!-- This site is optimized with the Yoast SEO plugin v27.2 - https:\/\/yoast.com\/product\/yoast-seo-wordpress\/ -->\n<title>DOPRAVN\u00cd TERMIN\u00c1L \u010cERN\u00dd MOST - \u017divot na Praze 14<\/title>\n<meta name=\"robots\" content=\"index, follow, max-snippet:-1, max-image-preview:large, max-video-preview:-1\" \/>\n<link rel=\"canonical\" href=\"https:\/\/www.praha14.cz\/zivot-na-praze-14\/dopravni-terminal-cerny-most\/\" \/>\n<meta property=\"og:locale\" content=\"cs_CZ\" \/>\n<meta property=\"og:type\" content=\"article\" \/>\n<meta property=\"og:title\" content=\"DOPRAVN\u00cd TERMIN\u00c1L \u010cERN\u00dd MOST - \u017divot na Praze 14\" \/>\n<meta property=\"og:description\" content=\"Zadavatel:\u00a0Institut pl\u00e1nov\u00e1n\u00ed a rozvoje hlavn\u00edho m\u011bsta Prahy Projektant: re:architekti studio s.r.o., Milady Hor\u00e1kov\u00e9 24, Praha 7 C\u00edlem studie je zkvalitn\u011bn\u00ed dopravn\u00edho uzlu a transformace mor\u00e1ln\u011b do\u017eil\u00fdch \u010d\u00e1st\u00ed termin\u00e1lu \u010cern\u00fd Most na sou\u010dasn\u00e9 po\u017eadavky a pot\u0159eby u\u017eivatel\u016f a spr\u00e1vc\u016f termin\u00e1lu. Studie 2021 Studie dopravn\u00edho termin\u00e1lu je k\u00a0nahl\u00e9dnut\u00ed na str\u00e1nk\u00e1ch IPR Praha.\" \/>\n<meta property=\"og:url\" content=\"https:\/\/www.praha14.cz\/zivot-na-praze-14\/dopravni-terminal-cerny-most\/\" \/>\n<meta property=\"og:site_name\" content=\"\u017divot na Praze 14\" \/>\n<meta property=\"og:image\" content=\"https:\/\/www.praha14.cz\/app\/uploads\/sites\/4\/2022\/01\/SITUACE-TERMINAL-CELK-150x150.jpg\" \/>\n<meta name=\"twitter:card\" content=\"summary_large_image\" \/>\n<script type=\"application\/ld+json\" class=\"yoast-schema-graph\">{\"@context\":\"https:\/\/schema.org\",\"@graph\":[{\"@type\":\"WebPage\",\"@id\":\"https:\/\/www.praha14.cz\/zivot-na-praze-14\/dopravni-terminal-cerny-most\/\",\"url\":\"https:\/\/www.praha14.cz\/zivot-na-praze-14\/dopravni-terminal-cerny-most\/\",\"name\":\"DOPRAVN\u00cd TERMIN\u00c1L \u010cERN\u00dd MOST - \u017divot na Praze 14\",\"isPartOf\":{\"@id\":\"https:\/\/www.praha14.cz\/zivot-na-praze-14\/#website\"},\"primaryImageOfPage\":{\"@id\":\"https:\/\/www.praha14.cz\/zivot-na-praze-14\/dopravni-terminal-cerny-most\/#primaryimage\"},\"image\":{\"@id\":\"https:\/\/www.praha14.cz\/zivot-na-praze-14\/dopravni-terminal-cerny-most\/#primaryimage\"},\"thumbnailUrl\":\"https:\/\/www.praha14.cz\/app\/uploads\/sites\/4\/2022\/01\/SITUACE-TERMINAL-CELK-150x150.jpg\",\"datePublished\":\"2022-01-28T07:34:28+00:00\",\"breadcrumb\":{\"@id\":\"https:\/\/www.praha14.cz\/zivot-na-praze-14\/dopravni-terminal-cerny-most\/#breadcrumb\"},\"inLanguage\":\"cs\",\"potentialAction\":[{\"@type\":\"ReadAction\",\"target\":[\"https:\/\/www.praha14.cz\/zivot-na-praze-14\/dopravni-terminal-cerny-most\/\"]}]},{\"@type\":\"ImageObject\",\"inLanguage\":\"cs\",\"@id\":\"https:\/\/www.praha14.cz\/zivot-na-praze-14\/dopravni-terminal-cerny-most\/#primaryimage\",\"url\":\"https:\/\/www.praha14.cz\/app\/uploads\/sites\/4\/2022\/01\/SITUACE-TERMINAL-CELK-150x150.jpg\",\"contentUrl\":\"https:\/\/www.praha14.cz\/app\/uploads\/sites\/4\/2022\/01\/SITUACE-TERMINAL-CELK-150x150.jpg\"},{\"@type\":\"BreadcrumbList\",\"@id\":\"https:\/\/www.praha14.cz\/zivot-na-praze-14\/dopravni-terminal-cerny-most\/#breadcrumb\",\"itemListElement\":[{\"@type\":\"ListItem\",\"position\":1,\"name\":\"\u017divot na Praze 14\",\"item\":\"https:\/\/www.praha14.cz\/zivot-na-praze-14\/\"},{\"@type\":\"ListItem\",\"position\":2,\"name\":\"DOPRAVN\u00cd TERMIN\u00c1L \u010cERN\u00dd MOST\"}]},{\"@type\":\"WebSite\",\"@id\":\"https:\/\/www.praha14.cz\/zivot-na-praze-14\/#website\",\"url\":\"https:\/\/www.praha14.cz\/zivot-na-praze-14\/\",\"name\":\"\u017divot na Praze 14\",\"description\":\"\",\"potentialAction\":[{\"@type\":\"SearchAction\",\"target\":{\"@type\":\"EntryPoint\",\"urlTemplate\":\"https:\/\/www.praha14.cz\/zivot-na-praze-14\/?s={search_term_string}\"},\"query-input\":{\"@type\":\"PropertyValueSpecification\",\"valueRequired\":true,\"valueName\":\"search_term_string\"}}],\"inLanguage\":\"cs\"}]}<\/script>\n<!-- \/ Yoast SEO plugin. -->","yoast_head_json":{"title":"DOPRAVN\u00cd TERMIN\u00c1L \u010cERN\u00dd MOST - \u017divot na Praze 14","robots":{"index":"index","follow":"follow","max-snippet":"max-snippet:-1","max-image-preview":"max-image-preview:large","max-video-preview":"max-video-preview:-1"},"canonical":"https:\/\/www.praha14.cz\/zivot-na-praze-14\/dopravni-terminal-cerny-most\/","og_locale":"cs_CZ","og_type":"article","og_title":"DOPRAVN\u00cd TERMIN\u00c1L \u010cERN\u00dd MOST - \u017divot na Praze 14","og_description":"Zadavatel:\u00a0Institut pl\u00e1nov\u00e1n\u00ed a rozvoje hlavn\u00edho m\u011bsta Prahy Projektant: re:architekti studio s.r.o., Milady Hor\u00e1kov\u00e9 24, Praha 7 C\u00edlem studie je zkvalitn\u011bn\u00ed dopravn\u00edho uzlu a transformace mor\u00e1ln\u011b do\u017eil\u00fdch \u010d\u00e1st\u00ed termin\u00e1lu \u010cern\u00fd Most na sou\u010dasn\u00e9 po\u017eadavky a pot\u0159eby u\u017eivatel\u016f a spr\u00e1vc\u016f termin\u00e1lu. Studie 2021 Studie dopravn\u00edho termin\u00e1lu je k\u00a0nahl\u00e9dnut\u00ed na str\u00e1nk\u00e1ch IPR Praha.","og_url":"https:\/\/www.praha14.cz\/zivot-na-praze-14\/dopravni-terminal-cerny-most\/","og_site_name":"\u017divot na Praze 14","og_image":[{"url":"https:\/\/www.praha14.cz\/app\/uploads\/sites\/4\/2022\/01\/SITUACE-TERMINAL-CELK-150x150.jpg","type":"","width":"","height":""}],"twitter_card":"summary_large_image","schema":{"@context":"https:\/\/schema.org","@graph":[{"@type":"WebPage","@id":"https:\/\/www.praha14.cz\/zivot-na-praze-14\/dopravni-terminal-cerny-most\/","url":"https:\/\/www.praha14.cz\/zivot-na-praze-14\/dopravni-terminal-cerny-most\/","name":"DOPRAVN\u00cd TERMIN\u00c1L \u010cERN\u00dd MOST - \u017divot na Praze 14","isPartOf":{"@id":"https:\/\/www.praha14.cz\/zivot-na-praze-14\/#website"},"primaryImageOfPage":{"@id":"https:\/\/www.praha14.cz\/zivot-na-praze-14\/dopravni-terminal-cerny-most\/#primaryimage"},"image":{"@id":"https:\/\/www.praha14.cz\/zivot-na-praze-14\/dopravni-terminal-cerny-most\/#primaryimage"},"thumbnailUrl":"https:\/\/www.praha14.cz\/app\/uploads\/sites\/4\/2022\/01\/SITUACE-TERMINAL-CELK-150x150.jpg","datePublished":"2022-01-28T07:34:28+00:00","breadcrumb":{"@id":"https:\/\/www.praha14.cz\/zivot-na-praze-14\/dopravni-terminal-cerny-most\/#breadcrumb"},"inLanguage":"cs","potentialAction":[{"@type":"ReadAction","target":["https:\/\/www.praha14.cz\/zivot-na-praze-14\/dopravni-terminal-cerny-most\/"]}]},{"@type":"ImageObject","inLanguage":"cs","@id":"https:\/\/www.praha14.cz\/zivot-na-praze-14\/dopravni-terminal-cerny-most\/#primaryimage","url":"https:\/\/www.praha14.cz\/app\/uploads\/sites\/4\/2022\/01\/SITUACE-TERMINAL-CELK-150x150.jpg","contentUrl":"https:\/\/www.praha14.cz\/app\/uploads\/sites\/4\/2022\/01\/SITUACE-TERMINAL-CELK-150x150.jpg"},{"@type":"BreadcrumbList","@id":"https:\/\/www.praha14.cz\/zivot-na-praze-14\/dopravni-terminal-cerny-most\/#breadcrumb","itemListElement":[{"@type":"ListItem","position":1,"name":"\u017divot na Praze 14","item":"https:\/\/www.praha14.cz\/zivot-na-praze-14\/"},{"@type":"ListItem","position":2,"name":"DOPRAVN\u00cd TERMIN\u00c1L \u010cERN\u00dd MOST"}]},{"@type":"WebSite","@id":"https:\/\/www.praha14.cz\/zivot-na-praze-14\/#website","url":"https:\/\/www.praha14.cz\/zivot-na-praze-14\/","name":"\u017divot na Praze 14","description":"","potentialAction":[{"@type":"SearchAction","target":{"@type":"EntryPoint","urlTemplate":"https:\/\/www.praha14.cz\/zivot-na-praze-14\/?s={search_term_string}"},"query-input":{"@type":"PropertyValueSpecification","valueRequired":true,"valueName":"search_term_string"}}],"inLanguage":"cs"}]}},"_links":{"self":[{"href":"https:\/\/www.praha14.cz\/zivot-na-praze-14\/wp-json\/wp\/v2\/pages\/61661","targetHints":{"allow":["GET"]}}],"collection":[{"href":"https:\/\/www.praha14.cz\/zivot-na-praze-14\/wp-json\/wp\/v2\/pages"}],"about":[{"href":"https:\/\/www.praha14.cz\/zivot-na-praze-14\/wp-json\/wp\/v2\/types\/page"}],"author":[{"embeddable":true,"href":"https:\/\/www.praha14.cz\/zivot-na-praze-14\/wp-json\/wp\/v2\/users\/1057"}],"replies":[{"embeddable":true,"href":"https:\/\/www.praha14.cz\/zivot-na-praze-14\/wp-json\/wp\/v2\/comments?post=61661"}],"version-history":[{"count":1,"href":"https:\/\/www.praha14.cz\/zivot-na-praze-14\/wp-json\/wp\/v2\/pages\/61661\/revisions"}],"predecessor-version":[{"id":61666,"href":"https:\/\/www.praha14.cz\/zivot-na-praze-14\/wp-json\/wp\/v2\/pages\/61661\/revisions\/61666"}],"wp:attachment":[{"href":"https:\/\/www.praha14.cz\/zivot-na-praze-14\/wp-json\/wp\/v2\/media?parent=61661"}],"curies":[{"name":"wp","href":"https:\/\/api.w.org\/{rel}","templated":true}]}}