{"id":61675,"date":"2022-01-28T07:45:43","date_gmt":"2022-01-28T07:45:43","guid":{"rendered":"https:\/\/www.praha14.cz\/zivot-na-praze-14\/?page_id=61675"},"modified":"2024-02-26T14:49:13","modified_gmt":"2024-02-26T14:49:13","slug":"bily-kun","status":"publish","type":"page","link":"https:\/\/www.praha14.cz\/zivot-na-praze-14\/bily-kun\/","title":{"rendered":"B\u00cdL\u00dd K\u016e\u0147"},"content":{"rendered":"<p><span style=\"color: #00ccff;\"><strong>Um\u00edst\u011bn\u00ed:<\/strong> <\/span>kat. \u00fazem\u00ed Hloub\u011bt\u00edn, ulice Nad Hut\u011bmi<\/p>\n<p><span style=\"color: #00ccff;\"><strong>Investor:<\/strong>\u00a0<\/span>M\u010c Praha 14<\/p>\n<p><span style=\"color: #00ccff;\"><strong>Projektant:<\/strong><\/span><strong>\u00a0<\/strong>\u0160imon\u00edk architekti s.r.o., V\u00e1clavsk\u00e1 418, Roztoky<\/p>\n<p><span style=\"color: #00ccff;\"><strong>HPP:<\/strong><\/span> 192 m<sup>2<\/sup><\/p>\n<p>Revitalizace parku B\u00edl\u00fd k\u016f\u0148 a n\u00e1vrh objektu z\u00e1zem\u00ed pro n\u00e1v\u0161t\u011bvn\u00edky parku a podzem\u00adn\u00edch prostor.<\/p>\n<p><strong>Studie 2021<\/strong><\/p>\n<p><a href=\"https:\/\/www.praha14.cz\/app\/uploads\/sites\/4\/2022\/01\/dispozice-bily-kun.jpg\" target=\"_blank\" rel=\"noopener\" data-rel=\"lightbox-image-0\" data-rl_title=\"\" data-rl_caption=\"\" title=\"\"><img loading=\"lazy\" decoding=\"async\" class=\"alignleft wp-image-61676 size-thumbnail\" src=\"https:\/\/www.praha14.cz\/app\/uploads\/sites\/4\/2022\/01\/dispozice-bily-kun-150x150.jpg\" alt=\"\" width=\"150\" height=\"150\" \/><\/a> <a href=\"https:\/\/www.praha14.cz\/app\/uploads\/sites\/4\/2022\/01\/nadhled-1-bily-kun.jpg\" target=\"_blank\" rel=\"noopener\" data-rel=\"lightbox-image-1\" data-rl_title=\"\" data-rl_caption=\"\" title=\"\"><img loading=\"lazy\" decoding=\"async\" class=\"alignleft wp-image-61677 size-thumbnail\" src=\"https:\/\/www.praha14.cz\/app\/uploads\/sites\/4\/2022\/01\/nadhled-1-bily-kun-150x150.jpg\" alt=\"\" width=\"150\" height=\"150\" \/><\/a> <a href=\"https:\/\/www.praha14.cz\/app\/uploads\/sites\/4\/2022\/01\/nadhled-2-bily-kun.jpg\" target=\"_blank\" rel=\"noopener\" data-rel=\"lightbox-image-2\" data-rl_title=\"\" data-rl_caption=\"\" title=\"\"><img loading=\"lazy\" decoding=\"async\" class=\"alignleft wp-image-61678 size-thumbnail\" src=\"https:\/\/www.praha14.cz\/app\/uploads\/sites\/4\/2022\/01\/nadhled-2-bily-kun-150x150.jpg\" alt=\"\" width=\"150\" height=\"150\" \/><\/a> <a href=\"https:\/\/www.praha14.cz\/app\/uploads\/sites\/4\/2022\/01\/situace-bily-kun.jpg\" target=\"_blank\" rel=\"noopener\" data-rel=\"lightbox-image-3\" data-rl_title=\"\" data-rl_caption=\"\" title=\"\"><img loading=\"lazy\" decoding=\"async\" class=\"alignleft wp-image-61679 size-thumbnail\" src=\"https:\/\/www.praha14.cz\/app\/uploads\/sites\/4\/2022\/01\/situace-bily-kun-150x150.jpg\" alt=\"\" width=\"150\" height=\"150\" \/><\/a><\/p>\n","protected":false},"excerpt":{"rendered":"<p>Um\u00edst\u011bn\u00ed: kat. \u00fazem\u00ed Hloub\u011bt\u00edn, ulice Nad Hut\u011bmi Investor:\u00a0M\u010c Praha 14 Projektant:\u00a0\u0160imon\u00edk architekti s.r.o., V\u00e1clavsk\u00e1 418, Roztoky HPP: 192 m2 Revitalizace parku B\u00edl\u00fd k\u016f\u0148 a n\u00e1vrh objektu z\u00e1zem\u00ed pro n\u00e1v\u0161t\u011bvn\u00edky parku a podzem\u00adn\u00edch prostor. Studie 2021<\/p>\n","protected":false},"author":1057,"featured_media":0,"parent":0,"menu_order":0,"comment_status":"closed","ping_status":"closed","template":"","meta":{"_acf_changed":false,"footnotes":""},"class_list":["post-61675","page","type-page","status-publish","hentry"],"acf":[],"yoast_head":"<!-- This site is optimized with the Yoast SEO plugin v27.2 - https:\/\/yoast.com\/product\/yoast-seo-wordpress\/ -->\n<title>B\u00cdL\u00dd K\u016e\u0147 - \u017divot na Praze 14<\/title>\n<meta name=\"robots\" content=\"index, follow, max-snippet:-1, max-image-preview:large, max-video-preview:-1\" \/>\n<link rel=\"canonical\" href=\"https:\/\/www.praha14.cz\/zivot-na-praze-14\/bily-kun\/\" \/>\n<meta property=\"og:locale\" content=\"cs_CZ\" \/>\n<meta property=\"og:type\" content=\"article\" \/>\n<meta property=\"og:title\" content=\"B\u00cdL\u00dd K\u016e\u0147 - \u017divot na Praze 14\" \/>\n<meta property=\"og:description\" content=\"Um\u00edst\u011bn\u00ed: kat. \u00fazem\u00ed Hloub\u011bt\u00edn, ulice Nad Hut\u011bmi Investor:\u00a0M\u010c Praha 14 Projektant:\u00a0\u0160imon\u00edk architekti s.r.o., V\u00e1clavsk\u00e1 418, Roztoky HPP: 192 m2 Revitalizace parku B\u00edl\u00fd k\u016f\u0148 a n\u00e1vrh objektu z\u00e1zem\u00ed pro n\u00e1v\u0161t\u011bvn\u00edky parku a podzem\u00adn\u00edch prostor. Studie 2021\" \/>\n<meta property=\"og:url\" content=\"https:\/\/www.praha14.cz\/zivot-na-praze-14\/bily-kun\/\" \/>\n<meta property=\"og:site_name\" content=\"\u017divot na Praze 14\" \/>\n<meta property=\"article:modified_time\" content=\"2024-02-26T14:49:13+00:00\" \/>\n<meta property=\"og:image\" content=\"https:\/\/www.praha14.cz\/app\/uploads\/sites\/4\/2022\/01\/dispozice-bily-kun-150x150.jpg\" \/>\n<meta name=\"twitter:card\" content=\"summary_large_image\" \/>\n<meta name=\"twitter:label1\" content=\"Est. reading time\" \/>\n\t<meta name=\"twitter:data1\" content=\"2 minuty\" \/>\n<script type=\"application\/ld+json\" class=\"yoast-schema-graph\">{\"@context\":\"https:\/\/schema.org\",\"@graph\":[{\"@type\":\"WebPage\",\"@id\":\"https:\/\/www.praha14.cz\/zivot-na-praze-14\/bily-kun\/\",\"url\":\"https:\/\/www.praha14.cz\/zivot-na-praze-14\/bily-kun\/\",\"name\":\"B\u00cdL\u00dd K\u016e\u0147 - \u017divot na Praze 14\",\"isPartOf\":{\"@id\":\"https:\/\/www.praha14.cz\/zivot-na-praze-14\/#website\"},\"primaryImageOfPage\":{\"@id\":\"https:\/\/www.praha14.cz\/zivot-na-praze-14\/bily-kun\/#primaryimage\"},\"image\":{\"@id\":\"https:\/\/www.praha14.cz\/zivot-na-praze-14\/bily-kun\/#primaryimage\"},\"thumbnailUrl\":\"https:\/\/www.praha14.cz\/app\/uploads\/sites\/4\/2022\/01\/dispozice-bily-kun-150x150.jpg\",\"datePublished\":\"2022-01-28T07:45:43+00:00\",\"dateModified\":\"2024-02-26T14:49:13+00:00\",\"breadcrumb\":{\"@id\":\"https:\/\/www.praha14.cz\/zivot-na-praze-14\/bily-kun\/#breadcrumb\"},\"inLanguage\":\"cs\",\"potentialAction\":[{\"@type\":\"ReadAction\",\"target\":[\"https:\/\/www.praha14.cz\/zivot-na-praze-14\/bily-kun\/\"]}]},{\"@type\":\"ImageObject\",\"inLanguage\":\"cs\",\"@id\":\"https:\/\/www.praha14.cz\/zivot-na-praze-14\/bily-kun\/#primaryimage\",\"url\":\"https:\/\/www.praha14.cz\/app\/uploads\/sites\/4\/2022\/01\/dispozice-bily-kun-150x150.jpg\",\"contentUrl\":\"https:\/\/www.praha14.cz\/app\/uploads\/sites\/4\/2022\/01\/dispozice-bily-kun-150x150.jpg\"},{\"@type\":\"BreadcrumbList\",\"@id\":\"https:\/\/www.praha14.cz\/zivot-na-praze-14\/bily-kun\/#breadcrumb\",\"itemListElement\":[{\"@type\":\"ListItem\",\"position\":1,\"name\":\"\u017divot na Praze 14\",\"item\":\"https:\/\/www.praha14.cz\/zivot-na-praze-14\/\"},{\"@type\":\"ListItem\",\"position\":2,\"name\":\"B\u00cdL\u00dd K\u016e\u0147\"}]},{\"@type\":\"WebSite\",\"@id\":\"https:\/\/www.praha14.cz\/zivot-na-praze-14\/#website\",\"url\":\"https:\/\/www.praha14.cz\/zivot-na-praze-14\/\",\"name\":\"\u017divot na Praze 14\",\"description\":\"\",\"potentialAction\":[{\"@type\":\"SearchAction\",\"target\":{\"@type\":\"EntryPoint\",\"urlTemplate\":\"https:\/\/www.praha14.cz\/zivot-na-praze-14\/?s={search_term_string}\"},\"query-input\":{\"@type\":\"PropertyValueSpecification\",\"valueRequired\":true,\"valueName\":\"search_term_string\"}}],\"inLanguage\":\"cs\"}]}<\/script>\n<!-- \/ Yoast SEO plugin. -->","yoast_head_json":{"title":"B\u00cdL\u00dd K\u016e\u0147 - \u017divot na Praze 14","robots":{"index":"index","follow":"follow","max-snippet":"max-snippet:-1","max-image-preview":"max-image-preview:large","max-video-preview":"max-video-preview:-1"},"canonical":"https:\/\/www.praha14.cz\/zivot-na-praze-14\/bily-kun\/","og_locale":"cs_CZ","og_type":"article","og_title":"B\u00cdL\u00dd K\u016e\u0147 - \u017divot na Praze 14","og_description":"Um\u00edst\u011bn\u00ed: kat. \u00fazem\u00ed Hloub\u011bt\u00edn, ulice Nad Hut\u011bmi Investor:\u00a0M\u010c Praha 14 Projektant:\u00a0\u0160imon\u00edk architekti s.r.o., V\u00e1clavsk\u00e1 418, Roztoky HPP: 192 m2 Revitalizace parku B\u00edl\u00fd k\u016f\u0148 a n\u00e1vrh objektu z\u00e1zem\u00ed pro n\u00e1v\u0161t\u011bvn\u00edky parku a podzem\u00adn\u00edch prostor. Studie 2021","og_url":"https:\/\/www.praha14.cz\/zivot-na-praze-14\/bily-kun\/","og_site_name":"\u017divot na Praze 14","article_modified_time":"2024-02-26T14:49:13+00:00","og_image":[{"url":"https:\/\/www.praha14.cz\/app\/uploads\/sites\/4\/2022\/01\/dispozice-bily-kun-150x150.jpg","type":"","width":"","height":""}],"twitter_card":"summary_large_image","twitter_misc":{"Est. reading time":"2 minuty"},"schema":{"@context":"https:\/\/schema.org","@graph":[{"@type":"WebPage","@id":"https:\/\/www.praha14.cz\/zivot-na-praze-14\/bily-kun\/","url":"https:\/\/www.praha14.cz\/zivot-na-praze-14\/bily-kun\/","name":"B\u00cdL\u00dd K\u016e\u0147 - \u017divot na Praze 14","isPartOf":{"@id":"https:\/\/www.praha14.cz\/zivot-na-praze-14\/#website"},"primaryImageOfPage":{"@id":"https:\/\/www.praha14.cz\/zivot-na-praze-14\/bily-kun\/#primaryimage"},"image":{"@id":"https:\/\/www.praha14.cz\/zivot-na-praze-14\/bily-kun\/#primaryimage"},"thumbnailUrl":"https:\/\/www.praha14.cz\/app\/uploads\/sites\/4\/2022\/01\/dispozice-bily-kun-150x150.jpg","datePublished":"2022-01-28T07:45:43+00:00","dateModified":"2024-02-26T14:49:13+00:00","breadcrumb":{"@id":"https:\/\/www.praha14.cz\/zivot-na-praze-14\/bily-kun\/#breadcrumb"},"inLanguage":"cs","potentialAction":[{"@type":"ReadAction","target":["https:\/\/www.praha14.cz\/zivot-na-praze-14\/bily-kun\/"]}]},{"@type":"ImageObject","inLanguage":"cs","@id":"https:\/\/www.praha14.cz\/zivot-na-praze-14\/bily-kun\/#primaryimage","url":"https:\/\/www.praha14.cz\/app\/uploads\/sites\/4\/2022\/01\/dispozice-bily-kun-150x150.jpg","contentUrl":"https:\/\/www.praha14.cz\/app\/uploads\/sites\/4\/2022\/01\/dispozice-bily-kun-150x150.jpg"},{"@type":"BreadcrumbList","@id":"https:\/\/www.praha14.cz\/zivot-na-praze-14\/bily-kun\/#breadcrumb","itemListElement":[{"@type":"ListItem","position":1,"name":"\u017divot na Praze 14","item":"https:\/\/www.praha14.cz\/zivot-na-praze-14\/"},{"@type":"ListItem","position":2,"name":"B\u00cdL\u00dd K\u016e\u0147"}]},{"@type":"WebSite","@id":"https:\/\/www.praha14.cz\/zivot-na-praze-14\/#website","url":"https:\/\/www.praha14.cz\/zivot-na-praze-14\/","name":"\u017divot na Praze 14","description":"","potentialAction":[{"@type":"SearchAction","target":{"@type":"EntryPoint","urlTemplate":"https:\/\/www.praha14.cz\/zivot-na-praze-14\/?s={search_term_string}"},"query-input":{"@type":"PropertyValueSpecification","valueRequired":true,"valueName":"search_term_string"}}],"inLanguage":"cs"}]}},"_links":{"self":[{"href":"https:\/\/www.praha14.cz\/zivot-na-praze-14\/wp-json\/wp\/v2\/pages\/61675","targetHints":{"allow":["GET"]}}],"collection":[{"href":"https:\/\/www.praha14.cz\/zivot-na-praze-14\/wp-json\/wp\/v2\/pages"}],"about":[{"href":"https:\/\/www.praha14.cz\/zivot-na-praze-14\/wp-json\/wp\/v2\/types\/page"}],"author":[{"embeddable":true,"href":"https:\/\/www.praha14.cz\/zivot-na-praze-14\/wp-json\/wp\/v2\/users\/1057"}],"replies":[{"embeddable":true,"href":"https:\/\/www.praha14.cz\/zivot-na-praze-14\/wp-json\/wp\/v2\/comments?post=61675"}],"version-history":[{"count":2,"href":"https:\/\/www.praha14.cz\/zivot-na-praze-14\/wp-json\/wp\/v2\/pages\/61675\/revisions"}],"predecessor-version":[{"id":69757,"href":"https:\/\/www.praha14.cz\/zivot-na-praze-14\/wp-json\/wp\/v2\/pages\/61675\/revisions\/69757"}],"wp:attachment":[{"href":"https:\/\/www.praha14.cz\/zivot-na-praze-14\/wp-json\/wp\/v2\/media?parent=61675"}],"curies":[{"name":"wp","href":"https:\/\/api.w.org\/{rel}","templated":true}]}}