{"id":61726,"date":"2022-02-07T09:39:02","date_gmt":"2022-02-07T09:39:02","guid":{"rendered":"https:\/\/www.praha14.cz\/zivot-na-praze-14\/?page_id=61726"},"modified":"2026-02-19T10:28:41","modified_gmt":"2026-02-19T10:28:41","slug":"kontaktni-misto-pro-bydleni-praha14","status":"publish","type":"page","link":"https:\/\/www.praha14.cz\/zivot-na-praze-14\/kontaktni-misto-pro-bydleni-praha14\/","title":{"rendered":"Kontaktn\u00ed m\u00edsto pro bydlen\u00ed Prahy 14"},"content":{"rendered":"<p><strong>Kontaktn\u00ed m\u00edsto pro bydlen\u00ed<br \/>\n<\/strong><em>(\u010dinnosti dle z\u00e1kona \u010d. 175\/2025 Sb., o podpo\u0159e bydlen\u00ed)<\/em><\/p>\n<p>Kontaktn\u00ed m\u00edsto pro bydlen\u00ed nab\u00edz\u00ed podporu a z\u00e1kladn\u00ed orientaci v ot\u00e1zk\u00e1ch bydlen\u00ed. Pom\u00e1h\u00e1 zejm\u00e9na lidem, kte\u0159\u00ed se ocitaj\u00ed v nejist\u00e9 bytov\u00e9 situaci nebo cht\u011bj\u00ed p\u0159edej\u00edt jej\u00edmu zhor\u0161en\u00ed.<\/p>\n<p><strong>S \u010d\u00edm v\u00e1m m\u016f\u017ee pomoci<\/strong><\/p>\n<ul>\n<li>poskytne poradenstv\u00ed, kter\u00e9 m\u016f\u017ee p\u0159edej\u00edt vzniku bytov\u00e9 nouze \u2013 po posouzen\u00ed va\u0161\u00ed situace pom\u016f\u017ee nap\u0159\u00edklad s nastaven\u00edm spl\u00e1tkov\u00e9ho kalend\u00e1\u0159e nebo s orientac\u00ed v syst\u00e9mu soci\u00e1ln\u00edho zabezpe\u010den\u00ed<\/li>\n<li>porad\u00ed, jak postupovat p\u0159i hled\u00e1n\u00ed bytu na voln\u00e9m trhu<\/li>\n<li>sezn\u00e1m\u00ed z\u00e1jemce s pravidly pron\u00e1jmu byt\u016f ve vlastnictv\u00ed Magistr\u00e1t hl. m. Prahy nebo ve spr\u00e1v\u011b M\u011bstsk\u00e1 \u010d\u00e1st Praha 14 a pom\u016f\u017ee s vypln\u011bn\u00edm pot\u0159ebn\u00fdch \u017e\u00e1dost\u00ed<\/li>\n<\/ul>\n<p><strong>Kontakt:<\/strong><br \/>\nKate\u0159ina Posp\u00ed\u0161ilov\u00e1, DiS.<br \/>\ntel.: 225 295 466<br \/>\nadresa: Brat\u0159\u00ed Vencl\u00edk\u016f 1072, 2. patro<\/p>\n<p>&nbsp;<\/p>\n<p><strong>S \u010d\u00edm v\u00e1m Kontaktn\u00ed m\u00edsto pro bydlen\u00ed pomoci nem\u016f\u017ee<\/strong><\/p>\n<ul>\n<li>nedisponuje informacemi o po\u010dtu voln\u00fdch byt\u016f ve vlastnictv\u00ed magistr\u00e1tu ani byt\u016f ve spr\u00e1v\u011b m\u011bstsk\u00e9 \u010d\u00e1sti (Spr\u00e1va majetku Praha 14, a.s., Magistr\u00e1t hl. m. Prahy)<\/li>\n<li>nem\u00e1 k dispozici informace o stavu podan\u00fdch \u017e\u00e1dost\u00ed o byt (Spr\u00e1va majetku Praha 14, a.s., Magistr\u00e1t hl. m. Prahy)<\/li>\n<li>nem\u00e1 kompetence rozhodovat ani zasahovat do p\u0159id\u011blov\u00e1n\u00ed byt\u016f (Spr\u00e1va majetku Praha 14, a.s., Magistr\u00e1t hl. m. Prahy)<\/li>\n<li>neposkytuje informace o dra\u017eb\u00e1ch byt\u016f (Spr\u00e1va majetku Praha 14, a.s., Magistr\u00e1t hl. m. Prahy)<\/li>\n<li>nem\u00e1 informace o nov\u00e9 bytov\u00e9 v\u00fdstavb\u011b a polyfunk\u010dn\u00ed budov\u011b (Spr\u00e1va majetku Praha 14, a.s.)<\/li>\n<\/ul>\n<p><strong>Dal\u0161\u00ed kontakty:<\/strong><\/p>\n<ul>\n<li>Spr\u00e1va majetku Praha 14, a.s., Metujsk\u00e1 907, Praha 9<\/li>\n<li>Magistr\u00e1t hl. m. Prahy \u2013 Odbor bytov\u00e9ho fondu, \u0160kod\u016fv pal\u00e1c, Jungmannova 35, Praha 1<\/li>\n<\/ul>\n<p>&nbsp;<\/p>\n","protected":false},"excerpt":{"rendered":"<p>Kontaktn\u00ed m\u00edsto pro bydlen\u00ed (\u010dinnosti dle z\u00e1kona \u010d. 175\/2025 Sb., o podpo\u0159e bydlen\u00ed) Kontaktn\u00ed m\u00edsto pro bydlen\u00ed nab\u00edz\u00ed podporu a z\u00e1kladn\u00ed orientaci v ot\u00e1zk\u00e1ch bydlen\u00ed. Pom\u00e1h\u00e1 zejm\u00e9na lidem, kte\u0159\u00ed se ocitaj\u00ed v nejist\u00e9 bytov\u00e9 situaci nebo cht\u011bj\u00ed p\u0159edej\u00edt jej\u00edmu zhor\u0161en\u00ed. S \u010d\u00edm v\u00e1m m\u016f\u017ee pomoci poskytne poradenstv\u00ed, kter\u00e9 m\u016f\u017ee p\u0159edej\u00edt vzniku bytov\u00e9 nouze \u2013 po&#8230;<\/p>\n","protected":false},"author":6,"featured_media":0,"parent":0,"menu_order":0,"comment_status":"closed","ping_status":"closed","template":"","meta":{"_acf_changed":false,"footnotes":""},"class_list":["post-61726","page","type-page","status-publish","hentry"],"acf":[],"yoast_head":"<!-- This site is optimized with the Yoast SEO plugin v27.2 - https:\/\/yoast.com\/product\/yoast-seo-wordpress\/ -->\n<title>Kontaktn\u00ed m\u00edsto pro bydlen\u00ed Prahy 14 - \u017divot na Praze 14<\/title>\n<meta name=\"robots\" content=\"index, follow, max-snippet:-1, max-image-preview:large, max-video-preview:-1\" \/>\n<link rel=\"canonical\" href=\"https:\/\/www.praha14.cz\/zivot-na-praze-14\/kontaktni-misto-pro-bydleni-praha14\/\" \/>\n<meta property=\"og:locale\" content=\"cs_CZ\" \/>\n<meta property=\"og:type\" content=\"article\" \/>\n<meta property=\"og:title\" content=\"Kontaktn\u00ed m\u00edsto pro bydlen\u00ed Prahy 14 - \u017divot na Praze 14\" \/>\n<meta property=\"og:description\" content=\"Kontaktn\u00ed m\u00edsto pro bydlen\u00ed (\u010dinnosti dle z\u00e1kona \u010d. 175\/2025 Sb., o podpo\u0159e bydlen\u00ed) Kontaktn\u00ed m\u00edsto pro bydlen\u00ed nab\u00edz\u00ed podporu a z\u00e1kladn\u00ed orientaci v ot\u00e1zk\u00e1ch bydlen\u00ed. Pom\u00e1h\u00e1 zejm\u00e9na lidem, kte\u0159\u00ed se ocitaj\u00ed v nejist\u00e9 bytov\u00e9 situaci nebo cht\u011bj\u00ed p\u0159edej\u00edt jej\u00edmu zhor\u0161en\u00ed. S \u010d\u00edm v\u00e1m m\u016f\u017ee pomoci poskytne poradenstv\u00ed, kter\u00e9 m\u016f\u017ee p\u0159edej\u00edt vzniku bytov\u00e9 nouze \u2013 po...\" \/>\n<meta property=\"og:url\" content=\"https:\/\/www.praha14.cz\/zivot-na-praze-14\/kontaktni-misto-pro-bydleni-praha14\/\" \/>\n<meta property=\"og:site_name\" content=\"\u017divot na Praze 14\" \/>\n<meta property=\"article:modified_time\" content=\"2026-02-19T10:28:41+00:00\" \/>\n<meta name=\"twitter:card\" content=\"summary_large_image\" \/>\n<meta name=\"twitter:label1\" content=\"Est. reading time\" \/>\n\t<meta name=\"twitter:data1\" content=\"2 minuty\" \/>\n<script type=\"application\/ld+json\" class=\"yoast-schema-graph\">{\"@context\":\"https:\/\/schema.org\",\"@graph\":[{\"@type\":\"WebPage\",\"@id\":\"https:\/\/www.praha14.cz\/zivot-na-praze-14\/kontaktni-misto-pro-bydleni-praha14\/\",\"url\":\"https:\/\/www.praha14.cz\/zivot-na-praze-14\/kontaktni-misto-pro-bydleni-praha14\/\",\"name\":\"Kontaktn\u00ed m\u00edsto pro bydlen\u00ed Prahy 14 - \u017divot na Praze 14\",\"isPartOf\":{\"@id\":\"https:\/\/www.praha14.cz\/zivot-na-praze-14\/#website\"},\"datePublished\":\"2022-02-07T09:39:02+00:00\",\"dateModified\":\"2026-02-19T10:28:41+00:00\",\"breadcrumb\":{\"@id\":\"https:\/\/www.praha14.cz\/zivot-na-praze-14\/kontaktni-misto-pro-bydleni-praha14\/#breadcrumb\"},\"inLanguage\":\"cs\",\"potentialAction\":[{\"@type\":\"ReadAction\",\"target\":[\"https:\/\/www.praha14.cz\/zivot-na-praze-14\/kontaktni-misto-pro-bydleni-praha14\/\"]}]},{\"@type\":\"BreadcrumbList\",\"@id\":\"https:\/\/www.praha14.cz\/zivot-na-praze-14\/kontaktni-misto-pro-bydleni-praha14\/#breadcrumb\",\"itemListElement\":[{\"@type\":\"ListItem\",\"position\":1,\"name\":\"\u017divot na Praze 14\",\"item\":\"https:\/\/www.praha14.cz\/zivot-na-praze-14\/\"},{\"@type\":\"ListItem\",\"position\":2,\"name\":\"Kontaktn\u00ed m\u00edsto pro bydlen\u00ed Prahy 14\"}]},{\"@type\":\"WebSite\",\"@id\":\"https:\/\/www.praha14.cz\/zivot-na-praze-14\/#website\",\"url\":\"https:\/\/www.praha14.cz\/zivot-na-praze-14\/\",\"name\":\"\u017divot na Praze 14\",\"description\":\"\",\"potentialAction\":[{\"@type\":\"SearchAction\",\"target\":{\"@type\":\"EntryPoint\",\"urlTemplate\":\"https:\/\/www.praha14.cz\/zivot-na-praze-14\/?s={search_term_string}\"},\"query-input\":{\"@type\":\"PropertyValueSpecification\",\"valueRequired\":true,\"valueName\":\"search_term_string\"}}],\"inLanguage\":\"cs\"}]}<\/script>\n<!-- \/ Yoast SEO plugin. -->","yoast_head_json":{"title":"Kontaktn\u00ed m\u00edsto pro bydlen\u00ed Prahy 14 - \u017divot na Praze 14","robots":{"index":"index","follow":"follow","max-snippet":"max-snippet:-1","max-image-preview":"max-image-preview:large","max-video-preview":"max-video-preview:-1"},"canonical":"https:\/\/www.praha14.cz\/zivot-na-praze-14\/kontaktni-misto-pro-bydleni-praha14\/","og_locale":"cs_CZ","og_type":"article","og_title":"Kontaktn\u00ed m\u00edsto pro bydlen\u00ed Prahy 14 - \u017divot na Praze 14","og_description":"Kontaktn\u00ed m\u00edsto pro bydlen\u00ed (\u010dinnosti dle z\u00e1kona \u010d. 175\/2025 Sb., o podpo\u0159e bydlen\u00ed) Kontaktn\u00ed m\u00edsto pro bydlen\u00ed nab\u00edz\u00ed podporu a z\u00e1kladn\u00ed orientaci v ot\u00e1zk\u00e1ch bydlen\u00ed. Pom\u00e1h\u00e1 zejm\u00e9na lidem, kte\u0159\u00ed se ocitaj\u00ed v nejist\u00e9 bytov\u00e9 situaci nebo cht\u011bj\u00ed p\u0159edej\u00edt jej\u00edmu zhor\u0161en\u00ed. S \u010d\u00edm v\u00e1m m\u016f\u017ee pomoci poskytne poradenstv\u00ed, kter\u00e9 m\u016f\u017ee p\u0159edej\u00edt vzniku bytov\u00e9 nouze \u2013 po...","og_url":"https:\/\/www.praha14.cz\/zivot-na-praze-14\/kontaktni-misto-pro-bydleni-praha14\/","og_site_name":"\u017divot na Praze 14","article_modified_time":"2026-02-19T10:28:41+00:00","twitter_card":"summary_large_image","twitter_misc":{"Est. reading time":"2 minuty"},"schema":{"@context":"https:\/\/schema.org","@graph":[{"@type":"WebPage","@id":"https:\/\/www.praha14.cz\/zivot-na-praze-14\/kontaktni-misto-pro-bydleni-praha14\/","url":"https:\/\/www.praha14.cz\/zivot-na-praze-14\/kontaktni-misto-pro-bydleni-praha14\/","name":"Kontaktn\u00ed m\u00edsto pro bydlen\u00ed Prahy 14 - \u017divot na Praze 14","isPartOf":{"@id":"https:\/\/www.praha14.cz\/zivot-na-praze-14\/#website"},"datePublished":"2022-02-07T09:39:02+00:00","dateModified":"2026-02-19T10:28:41+00:00","breadcrumb":{"@id":"https:\/\/www.praha14.cz\/zivot-na-praze-14\/kontaktni-misto-pro-bydleni-praha14\/#breadcrumb"},"inLanguage":"cs","potentialAction":[{"@type":"ReadAction","target":["https:\/\/www.praha14.cz\/zivot-na-praze-14\/kontaktni-misto-pro-bydleni-praha14\/"]}]},{"@type":"BreadcrumbList","@id":"https:\/\/www.praha14.cz\/zivot-na-praze-14\/kontaktni-misto-pro-bydleni-praha14\/#breadcrumb","itemListElement":[{"@type":"ListItem","position":1,"name":"\u017divot na Praze 14","item":"https:\/\/www.praha14.cz\/zivot-na-praze-14\/"},{"@type":"ListItem","position":2,"name":"Kontaktn\u00ed m\u00edsto pro bydlen\u00ed Prahy 14"}]},{"@type":"WebSite","@id":"https:\/\/www.praha14.cz\/zivot-na-praze-14\/#website","url":"https:\/\/www.praha14.cz\/zivot-na-praze-14\/","name":"\u017divot na Praze 14","description":"","potentialAction":[{"@type":"SearchAction","target":{"@type":"EntryPoint","urlTemplate":"https:\/\/www.praha14.cz\/zivot-na-praze-14\/?s={search_term_string}"},"query-input":{"@type":"PropertyValueSpecification","valueRequired":true,"valueName":"search_term_string"}}],"inLanguage":"cs"}]}},"_links":{"self":[{"href":"https:\/\/www.praha14.cz\/zivot-na-praze-14\/wp-json\/wp\/v2\/pages\/61726","targetHints":{"allow":["GET"]}}],"collection":[{"href":"https:\/\/www.praha14.cz\/zivot-na-praze-14\/wp-json\/wp\/v2\/pages"}],"about":[{"href":"https:\/\/www.praha14.cz\/zivot-na-praze-14\/wp-json\/wp\/v2\/types\/page"}],"author":[{"embeddable":true,"href":"https:\/\/www.praha14.cz\/zivot-na-praze-14\/wp-json\/wp\/v2\/users\/6"}],"replies":[{"embeddable":true,"href":"https:\/\/www.praha14.cz\/zivot-na-praze-14\/wp-json\/wp\/v2\/comments?post=61726"}],"version-history":[{"count":11,"href":"https:\/\/www.praha14.cz\/zivot-na-praze-14\/wp-json\/wp\/v2\/pages\/61726\/revisions"}],"predecessor-version":[{"id":74059,"href":"https:\/\/www.praha14.cz\/zivot-na-praze-14\/wp-json\/wp\/v2\/pages\/61726\/revisions\/74059"}],"wp:attachment":[{"href":"https:\/\/www.praha14.cz\/zivot-na-praze-14\/wp-json\/wp\/v2\/media?parent=61726"}],"curies":[{"name":"wp","href":"https:\/\/api.w.org\/{rel}","templated":true}]}}