{"id":62429,"date":"2022-04-01T09:09:27","date_gmt":"2022-04-01T09:09:27","guid":{"rendered":"https:\/\/www.praha14.cz\/zivot-na-praze-14\/?page_id=62429"},"modified":"2022-11-01T10:11:53","modified_gmt":"2022-11-01T10:11:53","slug":"aplikace-moje-14","status":"publish","type":"page","link":"https:\/\/www.praha14.cz\/zivot-na-praze-14\/aplikace-moje-14\/","title":{"rendered":"Aplikace Moje 14"},"content":{"rendered":"<p><strong><img loading=\"lazy\" decoding=\"async\" class=\"wp-image-62467 alignleft\" src=\"https:\/\/www.praha14.cz\/app\/uploads\/sites\/4\/2022\/04\/obrazek-k-aplikaci-1-1.png\" alt=\"\" width=\"247\" height=\"167\" srcset=\"https:\/\/www.praha14.cz\/app\/uploads\/sites\/4\/2022\/04\/obrazek-k-aplikaci-1-1.png 480w, https:\/\/www.praha14.cz\/app\/uploads\/sites\/4\/2022\/04\/obrazek-k-aplikaci-1-1-370x251.png 370w\" sizes=\"(max-width: 247px) 100vw, 247px\" \/>Praha 14<\/strong><strong>\u00a0m\u00e1<\/strong><strong>\u00a0mnoho podob. Snoub\u00ed v sob\u011b velk\u00e1 s\u00eddli\u0161t\u011b, historick\u00e9 obce, rozvojov\u00e1 \u00fazem\u00ed, komunitn\u00ed ostr\u016fvky i p\u0159\u00edrodn\u00ed a kulturn\u00ed zaj\u00edmavosti. Toto a mnoho dal\u0161\u00edho, v\u010detn\u011b pravideln\u00e9 porce r\u016fznorod\u00fdch informac\u00ed, v sob\u011b spojuje nov\u00e1 aplikace Moje 14. Spole\u010dn\u011b s jej\u00edm spu\u0161t\u011bn\u00edm na za\u010d\u00e1tku dubna 2022 odstartovala a i p\u0159\u00edhodn\u011b nazvan\u00e1 dlouhodob\u00e1 <span style=\"color: #009ddc;\">kampa\u0148 V\u0161echny tv\u00e1\u0159e \u010ctrn\u00e1ctky.<\/span><\/strong><strong><img loading=\"lazy\" decoding=\"async\" class=\"alignright wp-image-62432\" title=\"Cit\u00e1t m\u00edstostarosty Prahy 14 Jarom\u00edra Kr\u00e1tk\u00e9ho_v\u00fdzva k vyu\u017eit\u00ed aplikace Moje 14\" src=\"https:\/\/www.praha14.cz\/app\/uploads\/sites\/4\/2022\/04\/Pridat-podnadpis-3.png\" alt=\"Cit\u00e1t m\u00edstostarosty Prahy 14 Jarom\u00edra Kr\u00e1tk\u00e9ho_v\u00fdzva k vyu\u017eit\u00ed aplikace Moje 14\" width=\"360\" height=\"509\" srcset=\"https:\/\/www.praha14.cz\/app\/uploads\/sites\/4\/2022\/04\/Pridat-podnadpis-3.png 1587w, https:\/\/www.praha14.cz\/app\/uploads\/sites\/4\/2022\/04\/Pridat-podnadpis-3-262x370.png 262w, https:\/\/www.praha14.cz\/app\/uploads\/sites\/4\/2022\/04\/Pridat-podnadpis-3-724x1024.png 724w, https:\/\/www.praha14.cz\/app\/uploads\/sites\/4\/2022\/04\/Pridat-podnadpis-3-768x1086.png 768w, https:\/\/www.praha14.cz\/app\/uploads\/sites\/4\/2022\/04\/Pridat-podnadpis-3-1086x1536.png 1086w, https:\/\/www.praha14.cz\/app\/uploads\/sites\/4\/2022\/04\/Pridat-podnadpis-3-1448x2048.png 1448w\" sizes=\"(max-width: 360px) 100vw, 360px\" \/><\/strong><\/p>\n<p style=\"text-align: left;\"><em>\u201eJedn\u00e1 se o unik\u00e1tn\u00ed projekt u\u0161it\u00fd na m\u00edru pro na\u0161\u00ed m\u011bstskou \u010d\u00e1st \u2013 vznikal s n\u00e1mi a pro n\u00e1s, m\u00edstn\u00ed obyvatele. Aplikace je <strong>ZDARMA<\/strong>,\u201c<\/em> \u0159ekl m\u00edstostarosta Jarom\u00edr Kr\u00e1tk\u00fd, kter\u00fd m\u00e1 IT v gesci.<\/p>\n<p><span style=\"color: #009ddc;\"><strong>JAK A PRO\u010c APLIKACI ST\u00c1HNOUT?<\/strong><\/span><\/p>\n<p>Aplikaci m\u016f\u017eete st\u00e1hnout bu\u010f p\u0159es uveden\u00e9 <strong>QR k\u00f3dy nebo p\u0159es tradi\u010dn\u00ed obchody s aplikacemi Google Play (Android) a App Store (iPhone)<\/strong>.<\/p>\n<p><img loading=\"lazy\" decoding=\"async\" class=\"alignleft wp-image-62438\" title=\"QR k\u00f3dy pro sta\u017een\u00ed aplikace Moje 14\" src=\"https:\/\/www.praha14.cz\/app\/uploads\/sites\/4\/2022\/04\/Oba-kody-s-ikonami-v-jednom-obrazku.png\" alt=\"QR k\u00f3dy pro sta\u017een\u00ed aplikace Moje 14\" width=\"241\" height=\"185\" srcset=\"https:\/\/www.praha14.cz\/app\/uploads\/sites\/4\/2022\/04\/Oba-kody-s-ikonami-v-jednom-obrazku.png 1295w, https:\/\/www.praha14.cz\/app\/uploads\/sites\/4\/2022\/04\/Oba-kody-s-ikonami-v-jednom-obrazku-370x284.png 370w, https:\/\/www.praha14.cz\/app\/uploads\/sites\/4\/2022\/04\/Oba-kody-s-ikonami-v-jednom-obrazku-1024x786.png 1024w, https:\/\/www.praha14.cz\/app\/uploads\/sites\/4\/2022\/04\/Oba-kody-s-ikonami-v-jednom-obrazku-768x589.png 768w\" sizes=\"(max-width: 241px) 100vw, 241px\" \/><\/p>\n<p>&nbsp;<\/p>\n<p>Bez zdlouhav\u00e9ho vyhled\u00e1v\u00e1n\u00ed budete dost\u00e1vat informace o d\u011bn\u00ed v m\u011bstsk\u00e9 \u010d\u00e1sti, p\u0159\u00edsp\u011bvkov\u00fdch \u010di neziskov\u00fdch organizac\u00edch, o dopravn\u00edch omezen\u00edch, mimo\u0159\u00e1dn\u00fdch ud\u00e1lostech, \u010di\u0161t\u011bn\u00ed komunikac\u00ed nebo t\u0159eba o term\u00ednech a poloze kontejner\u016f na velkoobjemov\u00fd odpad.<\/p>\n<p>&nbsp;<\/p>\n<p><strong><em>\u201eMaminky mohou zabrousit na mapu d\u011btsk\u00fdch h\u0159i\u0161\u0165 nebo se pod\u00edvat, kdo kde organizuje vhodn\u00e9 volno\u010dasov\u00e9 aktivity, p\u0159\u00edznivci kultury prozkoumaj\u00ed tipy na koncerty, lid\u00e9, kter\u00fdm se nic hledat nechce, ale uv\u00edtaj\u00ed automatick\u00fd p\u0159\u00edsun praktick\u00fdch informac\u00ed, ocen\u00ed mo\u017enost nastaven\u00ed notifikac\u00ed \u2013 nap\u0159\u00edklad pro mimo\u0159\u00e1dn\u00e9 ud\u00e1losti v doprav\u011b. Aplikace toho um\u00ed hodn\u011b \u2013 a \u010d\u00edm v\u00edce j\u00ed budete vyu\u017e\u00edvat, t\u00edm l\u00e9pe se p\u0159izp\u016fsob\u00ed va\u0161im individu\u00e1ln\u00edm pot\u0159eb\u00e1m,\u201c<\/em><\/strong> vyjmenoval m\u00edstostarosta Kr\u00e1tk\u00fd.<\/p>\n<p style=\"text-align: left;\"><span style=\"color: #009ddc;\"><strong><br \/>\nV\u00ddHODY APLIKACE MOJE 14<\/strong><\/span><\/p>\n<p style=\"text-align: left;\">V\u00fdhodou \u201eMoj\u00ed 14\u201c je jej\u00ed propojen\u00ed s informacemi z jin\u00fdch pra\u017esk\u00fdch organizac\u00ed, resp. \u010derp\u00e1n\u00ed z r\u016fzn\u00fdch otev\u0159en\u00fdch dat, kter\u00e1 aplikace m\u011bn\u00ed v informace a v pro v\u00e1s pot\u0159ebn\u00e9 znalosti. Jej\u00ed ned\u00edlnou sou\u010d\u00e1st\u00ed je tak\u00e9 <strong>mo\u017enost hl\u00e1\u0161en\u00ed podn\u011bt\u016f ke zlep\u0161en\u00ed<\/strong>, nap\u0159\u00edklad k odstran\u011bn\u00ed nepo\u0159\u00e1dku \u010di oprav\u011b po\u0161kozen\u00e9ho m\u011bstsk\u00e9ho mobili\u00e1\u0159e. O vy\u0159e\u0161en\u00ed po\u017eadavku u\u017eivatel n\u00e1sledn\u011b dost\u00e1v\u00e1 zp\u011btnou vazbu.\u00a0 Moje 14 pln\u011b nahrazuje d\u0159\u00edve vyu\u017e\u00edvanou aplikaci Mobiln\u00ed Rozhlas. Do n\u00ed ji\u017e m\u011bstsk\u00e1 \u010d\u00e1st ji\u017e \u017e\u00e1dn\u00e9 aktuality nerozes\u00edl\u00e1 a na konci \u0161koln\u00edho roku 2021\/2022 m\u00edstn\u00ed provoz tohoto kan\u00e1lu zcela ukon\u010d\u00ed.<\/p>\n<p style=\"text-align: left;\"><strong>Na participaci v projektu spolu s p\u0159edn\u00edmi IT dodavateli z\u00edskala Praha 14 finance z evropsk\u00e9ho Opera\u010dn\u00edho programu Praha \u2013 p\u00f3l r\u016fstu. Aplikace Moje 14 ji\u017e byla ocen\u011bna odborn\u00edky. Z\u00edskala presti\u017en\u00ed ocen\u011bn\u00ed v podob\u011b 1. m\u00edsta v kategorii m\u011bst v sout\u011b\u017ei \u201eEgovernment The Best 2021\u201c.<\/strong><\/p>\n<p><span style=\"color: #009ddc;\"><strong><br \/>\nV\u00cdCE O KAMPANI V\u0160ECHNY TV\u00c1\u0158E \u010cTRN\u00c1CTKY<\/strong><\/span><\/p>\n<p>&nbsp;<\/p>\n<p><a href=\"https:\/\/www.praha14.cz\/app\/uploads\/sites\/4\/2022\/04\/Plakat-do-14.png\" target=\"_blank\" rel=\"noopener\" data-rel=\"lightbox-image-0\" data-rl_title=\"\" data-rl_caption=\"\"><img loading=\"lazy\" decoding=\"async\" class=\"alignleft wp-image-62471\" title=\"\" src=\"https:\/\/www.praha14.cz\/app\/uploads\/sites\/4\/2022\/04\/Plakat-do-14.png\" alt=\"Kampa\u0148 V\u0161echny tv\u00e1\u0159e \u010ctrn\u00e1ctky - let\u00e1k\" width=\"222\" height=\"314\" srcset=\"https:\/\/www.praha14.cz\/app\/uploads\/sites\/4\/2022\/04\/Plakat-do-14.png 1587w, https:\/\/www.praha14.cz\/app\/uploads\/sites\/4\/2022\/04\/Plakat-do-14-262x370.png 262w, https:\/\/www.praha14.cz\/app\/uploads\/sites\/4\/2022\/04\/Plakat-do-14-724x1024.png 724w, https:\/\/www.praha14.cz\/app\/uploads\/sites\/4\/2022\/04\/Plakat-do-14-768x1086.png 768w, https:\/\/www.praha14.cz\/app\/uploads\/sites\/4\/2022\/04\/Plakat-do-14-1086x1536.png 1086w, https:\/\/www.praha14.cz\/app\/uploads\/sites\/4\/2022\/04\/Plakat-do-14-1448x2048.png 1448w\" sizes=\"(max-width: 222px) 100vw, 222px\" \/><\/a>Kampa\u0148 V\u0161echny tv\u00e1\u0159e \u010ctrn\u00e1ctky odr\u00e1\u017e\u00ed nejen r\u016fzn\u00e9 podoby Prahy 14 &#8211; pro odleh\u010den\u00ed symbolicky ztv\u00e1rn\u011bn\u00e9 nejr\u016fzn\u011bj\u0161\u00edmi &#8222;v\u011bcmi&#8220; ve ve\u0159ejn\u00e9m prostoru, kter\u00e9 p\u0159ipom\u00ednaj\u00ed lidsk\u00e9 obli\u010deje, ale tak\u00e9 r\u016fznorod\u00e9 pot\u0159eby jej\u00edch obyvatel.<\/p>\n<p>Ka\u017ed\u00e9ho zaj\u00edm\u00e1 n\u011bco jin\u00e9ho a Moje 14 se tomu um\u00ed p\u0159izp\u016fsobit. Sta\u010d\u00ed si v aplikaci nastavit, jak\u00e9 informace chcete dost\u00e1vat a ona v\u00e1m je bude nab\u00edzet. S kampan\u00ed se nyn\u00ed budete na webu, Facebooku, ale i v ulic\u00edch setk\u00e1vat dlouhodob\u011b.<\/p>\n<p>&nbsp;<\/p>\n<p>&nbsp;<\/p>\n<p>&nbsp;<\/p>\n<p>&nbsp;<\/p>\n<p>&nbsp;<\/p>\n","protected":false},"excerpt":{"rendered":"<p>Praha 14\u00a0m\u00e1\u00a0mnoho podob. Snoub\u00ed v sob\u011b velk\u00e1 s\u00eddli\u0161t\u011b, historick\u00e9 obce, rozvojov\u00e1 \u00fazem\u00ed, komunitn\u00ed ostr\u016fvky i p\u0159\u00edrodn\u00ed a kulturn\u00ed zaj\u00edmavosti. Toto a mnoho dal\u0161\u00edho, v\u010detn\u011b pravideln\u00e9 porce r\u016fznorod\u00fdch informac\u00ed, v sob\u011b spojuje nov\u00e1 aplikace Moje 14. Spole\u010dn\u011b s jej\u00edm spu\u0161t\u011bn\u00edm na za\u010d\u00e1tku dubna 2022 odstartovala a i p\u0159\u00edhodn\u011b nazvan\u00e1 dlouhodob\u00e1 kampa\u0148 V\u0161echny tv\u00e1\u0159e \u010ctrn\u00e1ctky. \u201eJedn\u00e1 se&#8230;<\/p>\n","protected":false},"author":6,"featured_media":0,"parent":0,"menu_order":0,"comment_status":"closed","ping_status":"closed","template":"","meta":{"_acf_changed":false,"footnotes":""},"class_list":["post-62429","page","type-page","status-publish","hentry"],"acf":[],"yoast_head":"<!-- This site is optimized with the Yoast SEO plugin v27.2 - https:\/\/yoast.com\/product\/yoast-seo-wordpress\/ -->\n<title>Aplikace Moje 14 - \u017divot na Praze 14<\/title>\n<meta name=\"robots\" content=\"index, follow, max-snippet:-1, max-image-preview:large, max-video-preview:-1\" \/>\n<link rel=\"canonical\" href=\"https:\/\/www.praha14.cz\/zivot-na-praze-14\/aplikace-moje-14\/\" \/>\n<meta property=\"og:locale\" content=\"cs_CZ\" \/>\n<meta property=\"og:type\" content=\"article\" \/>\n<meta property=\"og:title\" content=\"Aplikace Moje 14 - \u017divot na Praze 14\" \/>\n<meta property=\"og:description\" content=\"Praha 14\u00a0m\u00e1\u00a0mnoho podob. Snoub\u00ed v sob\u011b velk\u00e1 s\u00eddli\u0161t\u011b, historick\u00e9 obce, rozvojov\u00e1 \u00fazem\u00ed, komunitn\u00ed ostr\u016fvky i p\u0159\u00edrodn\u00ed a kulturn\u00ed zaj\u00edmavosti. Toto a mnoho dal\u0161\u00edho, v\u010detn\u011b pravideln\u00e9 porce r\u016fznorod\u00fdch informac\u00ed, v sob\u011b spojuje nov\u00e1 aplikace Moje 14. Spole\u010dn\u011b s jej\u00edm spu\u0161t\u011bn\u00edm na za\u010d\u00e1tku dubna 2022 odstartovala a i p\u0159\u00edhodn\u011b nazvan\u00e1 dlouhodob\u00e1 kampa\u0148 V\u0161echny tv\u00e1\u0159e \u010ctrn\u00e1ctky. \u201eJedn\u00e1 se...\" \/>\n<meta property=\"og:url\" content=\"https:\/\/www.praha14.cz\/zivot-na-praze-14\/aplikace-moje-14\/\" \/>\n<meta property=\"og:site_name\" content=\"\u017divot na Praze 14\" \/>\n<meta property=\"article:modified_time\" content=\"2022-11-01T10:11:53+00:00\" \/>\n<meta property=\"og:image\" content=\"https:\/\/www.praha14.cz\/app\/uploads\/sites\/4\/2022\/04\/obrazek-k-aplikaci-1-1.png\" \/>\n<meta name=\"twitter:card\" content=\"summary_large_image\" \/>\n<meta name=\"twitter:label1\" content=\"Est. reading time\" \/>\n\t<meta name=\"twitter:data1\" content=\"3 minuty\" \/>\n<script type=\"application\/ld+json\" class=\"yoast-schema-graph\">{\"@context\":\"https:\/\/schema.org\",\"@graph\":[{\"@type\":\"WebPage\",\"@id\":\"https:\/\/www.praha14.cz\/zivot-na-praze-14\/aplikace-moje-14\/\",\"url\":\"https:\/\/www.praha14.cz\/zivot-na-praze-14\/aplikace-moje-14\/\",\"name\":\"Aplikace Moje 14 - \u017divot na Praze 14\",\"isPartOf\":{\"@id\":\"https:\/\/www.praha14.cz\/zivot-na-praze-14\/#website\"},\"primaryImageOfPage\":{\"@id\":\"https:\/\/www.praha14.cz\/zivot-na-praze-14\/aplikace-moje-14\/#primaryimage\"},\"image\":{\"@id\":\"https:\/\/www.praha14.cz\/zivot-na-praze-14\/aplikace-moje-14\/#primaryimage\"},\"thumbnailUrl\":\"https:\/\/www.praha14.cz\/app\/uploads\/sites\/4\/2022\/04\/obrazek-k-aplikaci-1-1.png\",\"datePublished\":\"2022-04-01T09:09:27+00:00\",\"dateModified\":\"2022-11-01T10:11:53+00:00\",\"breadcrumb\":{\"@id\":\"https:\/\/www.praha14.cz\/zivot-na-praze-14\/aplikace-moje-14\/#breadcrumb\"},\"inLanguage\":\"cs\",\"potentialAction\":[{\"@type\":\"ReadAction\",\"target\":[\"https:\/\/www.praha14.cz\/zivot-na-praze-14\/aplikace-moje-14\/\"]}]},{\"@type\":\"ImageObject\",\"inLanguage\":\"cs\",\"@id\":\"https:\/\/www.praha14.cz\/zivot-na-praze-14\/aplikace-moje-14\/#primaryimage\",\"url\":\"https:\/\/www.praha14.cz\/app\/uploads\/sites\/4\/2022\/04\/obrazek-k-aplikaci-1-1.png\",\"contentUrl\":\"https:\/\/www.praha14.cz\/app\/uploads\/sites\/4\/2022\/04\/obrazek-k-aplikaci-1-1.png\"},{\"@type\":\"BreadcrumbList\",\"@id\":\"https:\/\/www.praha14.cz\/zivot-na-praze-14\/aplikace-moje-14\/#breadcrumb\",\"itemListElement\":[{\"@type\":\"ListItem\",\"position\":1,\"name\":\"\u017divot na Praze 14\",\"item\":\"https:\/\/www.praha14.cz\/zivot-na-praze-14\/\"},{\"@type\":\"ListItem\",\"position\":2,\"name\":\"Aplikace Moje 14\"}]},{\"@type\":\"WebSite\",\"@id\":\"https:\/\/www.praha14.cz\/zivot-na-praze-14\/#website\",\"url\":\"https:\/\/www.praha14.cz\/zivot-na-praze-14\/\",\"name\":\"\u017divot na Praze 14\",\"description\":\"\",\"potentialAction\":[{\"@type\":\"SearchAction\",\"target\":{\"@type\":\"EntryPoint\",\"urlTemplate\":\"https:\/\/www.praha14.cz\/zivot-na-praze-14\/?s={search_term_string}\"},\"query-input\":{\"@type\":\"PropertyValueSpecification\",\"valueRequired\":true,\"valueName\":\"search_term_string\"}}],\"inLanguage\":\"cs\"}]}<\/script>\n<!-- \/ Yoast SEO plugin. -->","yoast_head_json":{"title":"Aplikace Moje 14 - \u017divot na Praze 14","robots":{"index":"index","follow":"follow","max-snippet":"max-snippet:-1","max-image-preview":"max-image-preview:large","max-video-preview":"max-video-preview:-1"},"canonical":"https:\/\/www.praha14.cz\/zivot-na-praze-14\/aplikace-moje-14\/","og_locale":"cs_CZ","og_type":"article","og_title":"Aplikace Moje 14 - \u017divot na Praze 14","og_description":"Praha 14\u00a0m\u00e1\u00a0mnoho podob. Snoub\u00ed v sob\u011b velk\u00e1 s\u00eddli\u0161t\u011b, historick\u00e9 obce, rozvojov\u00e1 \u00fazem\u00ed, komunitn\u00ed ostr\u016fvky i p\u0159\u00edrodn\u00ed a kulturn\u00ed zaj\u00edmavosti. Toto a mnoho dal\u0161\u00edho, v\u010detn\u011b pravideln\u00e9 porce r\u016fznorod\u00fdch informac\u00ed, v sob\u011b spojuje nov\u00e1 aplikace Moje 14. Spole\u010dn\u011b s jej\u00edm spu\u0161t\u011bn\u00edm na za\u010d\u00e1tku dubna 2022 odstartovala a i p\u0159\u00edhodn\u011b nazvan\u00e1 dlouhodob\u00e1 kampa\u0148 V\u0161echny tv\u00e1\u0159e \u010ctrn\u00e1ctky. \u201eJedn\u00e1 se...","og_url":"https:\/\/www.praha14.cz\/zivot-na-praze-14\/aplikace-moje-14\/","og_site_name":"\u017divot na Praze 14","article_modified_time":"2022-11-01T10:11:53+00:00","og_image":[{"url":"https:\/\/www.praha14.cz\/app\/uploads\/sites\/4\/2022\/04\/obrazek-k-aplikaci-1-1.png","type":"","width":"","height":""}],"twitter_card":"summary_large_image","twitter_misc":{"Est. reading time":"3 minuty"},"schema":{"@context":"https:\/\/schema.org","@graph":[{"@type":"WebPage","@id":"https:\/\/www.praha14.cz\/zivot-na-praze-14\/aplikace-moje-14\/","url":"https:\/\/www.praha14.cz\/zivot-na-praze-14\/aplikace-moje-14\/","name":"Aplikace Moje 14 - \u017divot na Praze 14","isPartOf":{"@id":"https:\/\/www.praha14.cz\/zivot-na-praze-14\/#website"},"primaryImageOfPage":{"@id":"https:\/\/www.praha14.cz\/zivot-na-praze-14\/aplikace-moje-14\/#primaryimage"},"image":{"@id":"https:\/\/www.praha14.cz\/zivot-na-praze-14\/aplikace-moje-14\/#primaryimage"},"thumbnailUrl":"https:\/\/www.praha14.cz\/app\/uploads\/sites\/4\/2022\/04\/obrazek-k-aplikaci-1-1.png","datePublished":"2022-04-01T09:09:27+00:00","dateModified":"2022-11-01T10:11:53+00:00","breadcrumb":{"@id":"https:\/\/www.praha14.cz\/zivot-na-praze-14\/aplikace-moje-14\/#breadcrumb"},"inLanguage":"cs","potentialAction":[{"@type":"ReadAction","target":["https:\/\/www.praha14.cz\/zivot-na-praze-14\/aplikace-moje-14\/"]}]},{"@type":"ImageObject","inLanguage":"cs","@id":"https:\/\/www.praha14.cz\/zivot-na-praze-14\/aplikace-moje-14\/#primaryimage","url":"https:\/\/www.praha14.cz\/app\/uploads\/sites\/4\/2022\/04\/obrazek-k-aplikaci-1-1.png","contentUrl":"https:\/\/www.praha14.cz\/app\/uploads\/sites\/4\/2022\/04\/obrazek-k-aplikaci-1-1.png"},{"@type":"BreadcrumbList","@id":"https:\/\/www.praha14.cz\/zivot-na-praze-14\/aplikace-moje-14\/#breadcrumb","itemListElement":[{"@type":"ListItem","position":1,"name":"\u017divot na Praze 14","item":"https:\/\/www.praha14.cz\/zivot-na-praze-14\/"},{"@type":"ListItem","position":2,"name":"Aplikace Moje 14"}]},{"@type":"WebSite","@id":"https:\/\/www.praha14.cz\/zivot-na-praze-14\/#website","url":"https:\/\/www.praha14.cz\/zivot-na-praze-14\/","name":"\u017divot na Praze 14","description":"","potentialAction":[{"@type":"SearchAction","target":{"@type":"EntryPoint","urlTemplate":"https:\/\/www.praha14.cz\/zivot-na-praze-14\/?s={search_term_string}"},"query-input":{"@type":"PropertyValueSpecification","valueRequired":true,"valueName":"search_term_string"}}],"inLanguage":"cs"}]}},"_links":{"self":[{"href":"https:\/\/www.praha14.cz\/zivot-na-praze-14\/wp-json\/wp\/v2\/pages\/62429","targetHints":{"allow":["GET"]}}],"collection":[{"href":"https:\/\/www.praha14.cz\/zivot-na-praze-14\/wp-json\/wp\/v2\/pages"}],"about":[{"href":"https:\/\/www.praha14.cz\/zivot-na-praze-14\/wp-json\/wp\/v2\/types\/page"}],"author":[{"embeddable":true,"href":"https:\/\/www.praha14.cz\/zivot-na-praze-14\/wp-json\/wp\/v2\/users\/6"}],"replies":[{"embeddable":true,"href":"https:\/\/www.praha14.cz\/zivot-na-praze-14\/wp-json\/wp\/v2\/comments?post=62429"}],"version-history":[{"count":5,"href":"https:\/\/www.praha14.cz\/zivot-na-praze-14\/wp-json\/wp\/v2\/pages\/62429\/revisions"}],"predecessor-version":[{"id":65147,"href":"https:\/\/www.praha14.cz\/zivot-na-praze-14\/wp-json\/wp\/v2\/pages\/62429\/revisions\/65147"}],"wp:attachment":[{"href":"https:\/\/www.praha14.cz\/zivot-na-praze-14\/wp-json\/wp\/v2\/media?parent=62429"}],"curies":[{"name":"wp","href":"https:\/\/api.w.org\/{rel}","templated":true}]}}