{"id":64,"date":"2014-04-24T08:44:22","date_gmt":"2014-04-24T07:44:22","guid":{"rendered":"https:\/\/www.praha14.cz\/zivot-na-praze-14\/?page_id=64"},"modified":"2014-05-21T09:34:32","modified_gmt":"2014-05-21T08:34:32","slug":"uvod-o-praze-14","status":"publish","type":"page","link":"https:\/\/www.praha14.cz\/zivot-na-praze-14\/uvod-o-praze-14\/","title":{"rendered":"O Praze 14"},"content":{"rendered":"<p>Praha 14 je jednou z 57 m\u011bstsk\u00fdch \u010d\u00e1st\u00ed hlavn\u00edho m\u011bsta Prahy. Nach\u00e1z\u00ed se na severov\u00fdchodn\u00edm okraji Prahy na \u00fazem\u00ed, kter\u00e9 zahrnuje p\u016fvodn\u00ed historick\u00e9 obce Kyje, Hloub\u011bt\u00edn a Hostavice a v ned\u00e1vn\u00e9 dob\u011b vznikl\u00e1 s\u00eddli\u0161t\u011b \u010cern\u00fd Most I a II. Spr\u00e1vn\u00ed obvod Praha 14 zahrnuje tak\u00e9 M\u010c Doln\u00ed Po\u010dernice.<\/p>\n","protected":false},"excerpt":{"rendered":"<p>Praha 14 je jednou z 57 m\u011bstsk\u00fdch \u010d\u00e1st\u00ed hlavn\u00edho m\u011bsta Prahy. Nach\u00e1z\u00ed se na severov\u00fdchodn\u00edm okraji Prahy na \u00fazem\u00ed, kter\u00e9 zahrnuje p\u016fvodn\u00ed historick\u00e9 obce Kyje, Hloub\u011bt\u00edn a Hostavice a v ned\u00e1vn\u00e9 dob\u011b vznikl\u00e1 s\u00eddli\u0161t\u011b \u010cern\u00fd Most I a II. Spr\u00e1vn\u00ed obvod Praha 14 zahrnuje tak\u00e9 M\u010c Doln\u00ed Po\u010dernice.<\/p>\n","protected":false},"author":1,"featured_media":0,"parent":0,"menu_order":0,"comment_status":"closed","ping_status":"open","template":"","meta":{"_acf_changed":false,"footnotes":""},"class_list":["post-64","page","type-page","status-publish","hentry"],"acf":[],"yoast_head":"<!-- This site is optimized with the Yoast SEO plugin v27.2 - https:\/\/yoast.com\/product\/yoast-seo-wordpress\/ -->\n<title>O Praze 14 - \u017divot na Praze 14<\/title>\n<meta name=\"robots\" content=\"index, follow, max-snippet:-1, max-image-preview:large, max-video-preview:-1\" \/>\n<link rel=\"canonical\" href=\"https:\/\/www.praha14.cz\/zivot-na-praze-14\/uvod-o-praze-14\/\" \/>\n<meta property=\"og:locale\" content=\"cs_CZ\" \/>\n<meta property=\"og:type\" content=\"article\" \/>\n<meta property=\"og:title\" content=\"O Praze 14 - \u017divot na Praze 14\" \/>\n<meta property=\"og:description\" content=\"Praha 14 je jednou z 57 m\u011bstsk\u00fdch \u010d\u00e1st\u00ed hlavn\u00edho m\u011bsta Prahy. Nach\u00e1z\u00ed se na severov\u00fdchodn\u00edm okraji Prahy na \u00fazem\u00ed, kter\u00e9 zahrnuje p\u016fvodn\u00ed historick\u00e9 obce Kyje, Hloub\u011bt\u00edn a Hostavice a v ned\u00e1vn\u00e9 dob\u011b vznikl\u00e1 s\u00eddli\u0161t\u011b \u010cern\u00fd Most I a II. Spr\u00e1vn\u00ed obvod Praha 14 zahrnuje tak\u00e9 M\u010c Doln\u00ed Po\u010dernice.\" \/>\n<meta property=\"og:url\" content=\"https:\/\/www.praha14.cz\/zivot-na-praze-14\/uvod-o-praze-14\/\" \/>\n<meta property=\"og:site_name\" content=\"\u017divot na Praze 14\" \/>\n<meta property=\"article:modified_time\" content=\"2014-05-21T08:34:32+00:00\" \/>\n<meta name=\"twitter:card\" content=\"summary_large_image\" \/>\n<script type=\"application\/ld+json\" class=\"yoast-schema-graph\">{\"@context\":\"https:\/\/schema.org\",\"@graph\":[{\"@type\":\"WebPage\",\"@id\":\"https:\/\/www.praha14.cz\/zivot-na-praze-14\/uvod-o-praze-14\/\",\"url\":\"https:\/\/www.praha14.cz\/zivot-na-praze-14\/uvod-o-praze-14\/\",\"name\":\"O Praze 14 - \u017divot na Praze 14\",\"isPartOf\":{\"@id\":\"https:\/\/www.praha14.cz\/zivot-na-praze-14\/#website\"},\"datePublished\":\"2014-04-24T07:44:22+00:00\",\"dateModified\":\"2014-05-21T08:34:32+00:00\",\"breadcrumb\":{\"@id\":\"https:\/\/www.praha14.cz\/zivot-na-praze-14\/uvod-o-praze-14\/#breadcrumb\"},\"inLanguage\":\"cs\",\"potentialAction\":[{\"@type\":\"ReadAction\",\"target\":[\"https:\/\/www.praha14.cz\/zivot-na-praze-14\/uvod-o-praze-14\/\"]}]},{\"@type\":\"BreadcrumbList\",\"@id\":\"https:\/\/www.praha14.cz\/zivot-na-praze-14\/uvod-o-praze-14\/#breadcrumb\",\"itemListElement\":[{\"@type\":\"ListItem\",\"position\":1,\"name\":\"\u017divot na Praze 14\",\"item\":\"https:\/\/www.praha14.cz\/zivot-na-praze-14\/\"},{\"@type\":\"ListItem\",\"position\":2,\"name\":\"O Praze 14\"}]},{\"@type\":\"WebSite\",\"@id\":\"https:\/\/www.praha14.cz\/zivot-na-praze-14\/#website\",\"url\":\"https:\/\/www.praha14.cz\/zivot-na-praze-14\/\",\"name\":\"\u017divot na Praze 14\",\"description\":\"\",\"potentialAction\":[{\"@type\":\"SearchAction\",\"target\":{\"@type\":\"EntryPoint\",\"urlTemplate\":\"https:\/\/www.praha14.cz\/zivot-na-praze-14\/?s={search_term_string}\"},\"query-input\":{\"@type\":\"PropertyValueSpecification\",\"valueRequired\":true,\"valueName\":\"search_term_string\"}}],\"inLanguage\":\"cs\"}]}<\/script>\n<!-- \/ Yoast SEO plugin. -->","yoast_head_json":{"title":"O Praze 14 - \u017divot na Praze 14","robots":{"index":"index","follow":"follow","max-snippet":"max-snippet:-1","max-image-preview":"max-image-preview:large","max-video-preview":"max-video-preview:-1"},"canonical":"https:\/\/www.praha14.cz\/zivot-na-praze-14\/uvod-o-praze-14\/","og_locale":"cs_CZ","og_type":"article","og_title":"O Praze 14 - \u017divot na Praze 14","og_description":"Praha 14 je jednou z 57 m\u011bstsk\u00fdch \u010d\u00e1st\u00ed hlavn\u00edho m\u011bsta Prahy. Nach\u00e1z\u00ed se na severov\u00fdchodn\u00edm okraji Prahy na \u00fazem\u00ed, kter\u00e9 zahrnuje p\u016fvodn\u00ed historick\u00e9 obce Kyje, Hloub\u011bt\u00edn a Hostavice a v ned\u00e1vn\u00e9 dob\u011b vznikl\u00e1 s\u00eddli\u0161t\u011b \u010cern\u00fd Most I a II. Spr\u00e1vn\u00ed obvod Praha 14 zahrnuje tak\u00e9 M\u010c Doln\u00ed Po\u010dernice.","og_url":"https:\/\/www.praha14.cz\/zivot-na-praze-14\/uvod-o-praze-14\/","og_site_name":"\u017divot na Praze 14","article_modified_time":"2014-05-21T08:34:32+00:00","twitter_card":"summary_large_image","schema":{"@context":"https:\/\/schema.org","@graph":[{"@type":"WebPage","@id":"https:\/\/www.praha14.cz\/zivot-na-praze-14\/uvod-o-praze-14\/","url":"https:\/\/www.praha14.cz\/zivot-na-praze-14\/uvod-o-praze-14\/","name":"O Praze 14 - \u017divot na Praze 14","isPartOf":{"@id":"https:\/\/www.praha14.cz\/zivot-na-praze-14\/#website"},"datePublished":"2014-04-24T07:44:22+00:00","dateModified":"2014-05-21T08:34:32+00:00","breadcrumb":{"@id":"https:\/\/www.praha14.cz\/zivot-na-praze-14\/uvod-o-praze-14\/#breadcrumb"},"inLanguage":"cs","potentialAction":[{"@type":"ReadAction","target":["https:\/\/www.praha14.cz\/zivot-na-praze-14\/uvod-o-praze-14\/"]}]},{"@type":"BreadcrumbList","@id":"https:\/\/www.praha14.cz\/zivot-na-praze-14\/uvod-o-praze-14\/#breadcrumb","itemListElement":[{"@type":"ListItem","position":1,"name":"\u017divot na Praze 14","item":"https:\/\/www.praha14.cz\/zivot-na-praze-14\/"},{"@type":"ListItem","position":2,"name":"O Praze 14"}]},{"@type":"WebSite","@id":"https:\/\/www.praha14.cz\/zivot-na-praze-14\/#website","url":"https:\/\/www.praha14.cz\/zivot-na-praze-14\/","name":"\u017divot na Praze 14","description":"","potentialAction":[{"@type":"SearchAction","target":{"@type":"EntryPoint","urlTemplate":"https:\/\/www.praha14.cz\/zivot-na-praze-14\/?s={search_term_string}"},"query-input":{"@type":"PropertyValueSpecification","valueRequired":true,"valueName":"search_term_string"}}],"inLanguage":"cs"}]}},"_links":{"self":[{"href":"https:\/\/www.praha14.cz\/zivot-na-praze-14\/wp-json\/wp\/v2\/pages\/64","targetHints":{"allow":["GET"]}}],"collection":[{"href":"https:\/\/www.praha14.cz\/zivot-na-praze-14\/wp-json\/wp\/v2\/pages"}],"about":[{"href":"https:\/\/www.praha14.cz\/zivot-na-praze-14\/wp-json\/wp\/v2\/types\/page"}],"author":[{"embeddable":true,"href":"https:\/\/www.praha14.cz\/zivot-na-praze-14\/wp-json\/wp\/v2\/users\/1"}],"replies":[{"embeddable":true,"href":"https:\/\/www.praha14.cz\/zivot-na-praze-14\/wp-json\/wp\/v2\/comments?post=64"}],"version-history":[{"count":0,"href":"https:\/\/www.praha14.cz\/zivot-na-praze-14\/wp-json\/wp\/v2\/pages\/64\/revisions"}],"wp:attachment":[{"href":"https:\/\/www.praha14.cz\/zivot-na-praze-14\/wp-json\/wp\/v2\/media?parent=64"}],"curies":[{"name":"wp","href":"https:\/\/api.w.org\/{rel}","templated":true}]}}