{"id":65180,"date":"2022-11-04T10:53:39","date_gmt":"2022-11-04T10:53:39","guid":{"rendered":"https:\/\/www.praha14.cz\/zivot-na-praze-14\/?page_id=65180"},"modified":"2022-11-04T10:53:39","modified_gmt":"2022-11-04T10:53:39","slug":"polyfunkcni-dum-ceskobrodska","status":"publish","type":"page","link":"https:\/\/www.praha14.cz\/zivot-na-praze-14\/polyfunkcni-dum-ceskobrodska\/","title":{"rendered":"POLYFUNK\u010cN\u00cd D\u016eM \u010cESKOBRODSK\u00c1"},"content":{"rendered":"<p><span style=\"color: #00ccff;\"><strong>Um\u00edst\u011bn\u00ed:<\/strong><\/span>\u00a0kat. \u00fazem\u00ed Hostavice, \u010ceskobrodsk\u00e1 ulice<\/p>\n<p><span style=\"color: #00ccff;\"><strong>Investor:<\/strong><\/span>\u00a0GARTAL \u010ceskobrodsk\u00e1 s.r.o., Kov\u00e1\u0159sk\u00e1 2537\/5, 19000 Praha<\/p>\n<p><span style=\"color: #00ccff;\"><strong>Projektant:<\/strong><\/span> Ing. arch. Tom\u00e1\u0161 Pavlas, Na Vr\u00e1\u017eku 503, Zadn\u00ed T\u0159eba\u0148<\/p>\n<p><span style=\"color: #00ccff;\"><strong>Objekt:<\/strong><\/span>\u00a0dv\u011b podzemn\u00ed a p\u011bt nadzemn\u00edch podla\u017e\u00ed<\/p>\n<p><strong><span style=\"color: #00ccff;\">HPP<\/span>:<\/strong> 7,1 tis m<sup>2<\/sup><\/p>\n<p><span style=\"color: #00ccff;\"><strong>Kapacita:<\/strong><\/span> 6,5 tis m<sup>2<\/sup> obytn\u00e9 plochy (68 bytov\u00fdch jednotek), 571 m<sup>2<\/sup> komer\u010dn\u00ed plochy<\/p>\n<p><span style=\"color: #00ccff;\"><strong>Parkov\u00e1n\u00ed:<\/strong> <\/span>94\u00a0 parkovac\u00edch st\u00e1n\u00ed v podzem\u00ed a 14 parkovac\u00edch st\u00e1n\u00ed na povrchu<\/p>\n<p><strong>Stavebn\u00ed povolen\u00ed, zm\u011bna stavby p\u0159ed dokon\u010den\u00edm 2019<\/strong><\/p>\n<p>&nbsp;<\/p>\n\n\t\t<style type=\"text\/css\">\n\t\t\t#gallery-1 {\n\t\t\t\tmargin: auto;\n\t\t\t}\n\t\t\t#gallery-1 .gallery-item {\n\t\t\t\tfloat: left;\n\t\t\t\tmargin-top: 10px;\n\t\t\t\ttext-align: center;\n\t\t\t\twidth: 33%;\n\t\t\t}\n\t\t\t#gallery-1 img {\n\t\t\t\tborder: 2px solid #cfcfcf;\n\t\t\t}\n\t\t\t#gallery-1 .gallery-caption {\n\t\t\t\tmargin-left: 0;\n\t\t\t}\n\t\t\t\/* see gallery_shortcode() in wp-includes\/media.php *\/\n\t\t<\/style>\n\t\t<div id='gallery-1' class='gallery galleryid-65180 gallery-columns-3 gallery-size-thumbnail'><dl class='gallery-item'>\n\t\t\t<dt class='gallery-icon landscape'>\n\t\t\t\t<a rel=\"galleryInfomapa\" class=\"thickbox no_icon rl-gallery-link\"  href='https:\/\/www.praha14.cz\/app\/uploads\/sites\/4\/2022\/11\/situace-scaled.jpg' title=\"\" data-rl_title=\"\" data-rl_caption=\"\" data-rel=\"lightbox-gallery-1\"><img loading=\"lazy\" decoding=\"async\" width=\"150\" height=\"150\" src=\"https:\/\/www.praha14.cz\/app\/uploads\/sites\/4\/2022\/11\/situace-150x150.jpg\" class=\"attachment-thumbnail size-thumbnail\" alt=\"situace\" \/><\/a>\n\t\t\t<\/dt><\/dl><dl class='gallery-item'>\n\t\t\t<dt class='gallery-icon landscape'>\n\t\t\t\t<a rel=\"galleryInfomapa\" class=\"thickbox no_icon rl-gallery-link\"  href='https:\/\/www.praha14.cz\/app\/uploads\/sites\/4\/2022\/11\/1NP-scaled.jpg' title=\"\" data-rl_title=\"\" data-rl_caption=\"\" data-rel=\"lightbox-gallery-1\"><img loading=\"lazy\" decoding=\"async\" width=\"150\" height=\"150\" src=\"https:\/\/www.praha14.cz\/app\/uploads\/sites\/4\/2022\/11\/1NP-150x150.jpg\" class=\"attachment-thumbnail size-thumbnail\" alt=\"1NP\" \/><\/a>\n\t\t\t<\/dt><\/dl><dl class='gallery-item'>\n\t\t\t<dt class='gallery-icon landscape'>\n\t\t\t\t<a rel=\"galleryInfomapa\" class=\"thickbox no_icon rl-gallery-link\"  href='https:\/\/www.praha14.cz\/app\/uploads\/sites\/4\/2022\/11\/3NP-scaled.jpg' title=\"\" data-rl_title=\"\" data-rl_caption=\"\" data-rel=\"lightbox-gallery-1\"><img loading=\"lazy\" decoding=\"async\" width=\"150\" height=\"150\" src=\"https:\/\/www.praha14.cz\/app\/uploads\/sites\/4\/2022\/11\/3NP-150x150.jpg\" class=\"attachment-thumbnail size-thumbnail\" alt=\"3NP\" \/><\/a>\n\t\t\t<\/dt><\/dl><br style=\"clear: both\" \/><dl class='gallery-item'>\n\t\t\t<dt class='gallery-icon landscape'>\n\t\t\t\t<a rel=\"galleryInfomapa\" class=\"thickbox no_icon rl-gallery-link\"  href='https:\/\/www.praha14.cz\/app\/uploads\/sites\/4\/2022\/11\/pohled-jizni-scaled.jpg' title=\"\" data-rl_title=\"\" data-rl_caption=\"\" data-rel=\"lightbox-gallery-1\"><img loading=\"lazy\" decoding=\"async\" width=\"150\" height=\"150\" src=\"https:\/\/www.praha14.cz\/app\/uploads\/sites\/4\/2022\/11\/pohled-jizni-150x150.jpg\" class=\"attachment-thumbnail size-thumbnail\" alt=\"pohled ji\u017en\u00ed\" \/><\/a>\n\t\t\t<\/dt><\/dl><dl class='gallery-item'>\n\t\t\t<dt class='gallery-icon landscape'>\n\t\t\t\t<a rel=\"galleryInfomapa\" class=\"thickbox no_icon rl-gallery-link\"  href='https:\/\/www.praha14.cz\/app\/uploads\/sites\/4\/2022\/11\/pohled-severni-scaled.jpg' title=\"\" data-rl_title=\"\" data-rl_caption=\"\" data-rel=\"lightbox-gallery-1\"><img loading=\"lazy\" decoding=\"async\" width=\"150\" height=\"150\" src=\"https:\/\/www.praha14.cz\/app\/uploads\/sites\/4\/2022\/11\/pohled-severni-150x150.jpg\" class=\"attachment-thumbnail size-thumbnail\" alt=\"pohled severn\u00ed\" \/><\/a>\n\t\t\t<\/dt><\/dl><dl class='gallery-item'>\n\t\t\t<dt class='gallery-icon landscape'>\n\t\t\t\t<a rel=\"galleryInfomapa\" class=\"thickbox no_icon rl-gallery-link\"  href='https:\/\/www.praha14.cz\/app\/uploads\/sites\/4\/2022\/11\/rez-A.jpg' title=\"\" data-rl_title=\"\" data-rl_caption=\"\" data-rel=\"lightbox-gallery-1\"><img loading=\"lazy\" decoding=\"async\" width=\"150\" height=\"150\" src=\"https:\/\/www.praha14.cz\/app\/uploads\/sites\/4\/2022\/11\/rez-A-150x150.jpg\" class=\"attachment-thumbnail size-thumbnail\" alt=\"rez A\" srcset=\"https:\/\/www.praha14.cz\/app\/uploads\/sites\/4\/2022\/11\/rez-A-150x150.jpg 150w, https:\/\/www.praha14.cz\/app\/uploads\/sites\/4\/2022\/11\/rez-A-370x370.jpg 370w, https:\/\/www.praha14.cz\/app\/uploads\/sites\/4\/2022\/11\/rez-A-1024x1024.jpg 1024w, https:\/\/www.praha14.cz\/app\/uploads\/sites\/4\/2022\/11\/rez-A-768x768.jpg 768w, https:\/\/www.praha14.cz\/app\/uploads\/sites\/4\/2022\/11\/rez-A-1536x1536.jpg 1536w, https:\/\/www.praha14.cz\/app\/uploads\/sites\/4\/2022\/11\/rez-A.jpg 1653w\" sizes=\"(max-width: 150px) 100vw, 150px\" \/><\/a>\n\t\t\t<\/dt><\/dl><br style=\"clear: both\" \/>\n\t\t<\/div>\n\n","protected":false},"excerpt":{"rendered":"<p>Um\u00edst\u011bn\u00ed:\u00a0kat. \u00fazem\u00ed Hostavice, \u010ceskobrodsk\u00e1 ulice Investor:\u00a0GARTAL \u010ceskobrodsk\u00e1 s.r.o., Kov\u00e1\u0159sk\u00e1 2537\/5, 19000 Praha Projektant: Ing. arch. Tom\u00e1\u0161 Pavlas, Na Vr\u00e1\u017eku 503, Zadn\u00ed T\u0159eba\u0148 Objekt:\u00a0dv\u011b podzemn\u00ed a p\u011bt nadzemn\u00edch podla\u017e\u00ed HPP: 7,1 tis m2 Kapacita: 6,5 tis m2 obytn\u00e9 plochy (68 bytov\u00fdch jednotek), 571 m2 komer\u010dn\u00ed plochy Parkov\u00e1n\u00ed: 94\u00a0 parkovac\u00edch st\u00e1n\u00ed v podzem\u00ed a 14 parkovac\u00edch st\u00e1n\u00ed&#8230;<\/p>\n","protected":false},"author":1057,"featured_media":0,"parent":0,"menu_order":0,"comment_status":"closed","ping_status":"closed","template":"","meta":{"_acf_changed":false,"footnotes":""},"class_list":["post-65180","page","type-page","status-publish","hentry"],"acf":[],"yoast_head":"<!-- This site is optimized with the Yoast SEO plugin v27.2 - https:\/\/yoast.com\/product\/yoast-seo-wordpress\/ -->\n<title>POLYFUNK\u010cN\u00cd D\u016eM \u010cESKOBRODSK\u00c1 - \u017divot na Praze 14<\/title>\n<meta name=\"robots\" content=\"index, follow, max-snippet:-1, max-image-preview:large, max-video-preview:-1\" \/>\n<link rel=\"canonical\" href=\"https:\/\/www.praha14.cz\/zivot-na-praze-14\/polyfunkcni-dum-ceskobrodska\/\" \/>\n<meta property=\"og:locale\" content=\"cs_CZ\" \/>\n<meta property=\"og:type\" content=\"article\" \/>\n<meta property=\"og:title\" content=\"POLYFUNK\u010cN\u00cd D\u016eM \u010cESKOBRODSK\u00c1 - \u017divot na Praze 14\" \/>\n<meta property=\"og:description\" content=\"Um\u00edst\u011bn\u00ed:\u00a0kat. \u00fazem\u00ed Hostavice, \u010ceskobrodsk\u00e1 ulice Investor:\u00a0GARTAL \u010ceskobrodsk\u00e1 s.r.o., Kov\u00e1\u0159sk\u00e1 2537\/5, 19000 Praha Projektant: Ing. arch. Tom\u00e1\u0161 Pavlas, Na Vr\u00e1\u017eku 503, Zadn\u00ed T\u0159eba\u0148 Objekt:\u00a0dv\u011b podzemn\u00ed a p\u011bt nadzemn\u00edch podla\u017e\u00ed HPP: 7,1 tis m2 Kapacita: 6,5 tis m2 obytn\u00e9 plochy (68 bytov\u00fdch jednotek), 571 m2 komer\u010dn\u00ed plochy Parkov\u00e1n\u00ed: 94\u00a0 parkovac\u00edch st\u00e1n\u00ed v podzem\u00ed a 14 parkovac\u00edch st\u00e1n\u00ed...\" \/>\n<meta property=\"og:url\" content=\"https:\/\/www.praha14.cz\/zivot-na-praze-14\/polyfunkcni-dum-ceskobrodska\/\" \/>\n<meta property=\"og:site_name\" content=\"\u017divot na Praze 14\" \/>\n<meta property=\"og:image\" content=\"https:\/\/www.praha14.cz\/app\/uploads\/sites\/4\/2022\/11\/situace-150x150.jpg\" \/>\n<meta name=\"twitter:card\" content=\"summary_large_image\" \/>\n<script type=\"application\/ld+json\" class=\"yoast-schema-graph\">{\"@context\":\"https:\/\/schema.org\",\"@graph\":[{\"@type\":\"WebPage\",\"@id\":\"https:\/\/www.praha14.cz\/zivot-na-praze-14\/polyfunkcni-dum-ceskobrodska\/\",\"url\":\"https:\/\/www.praha14.cz\/zivot-na-praze-14\/polyfunkcni-dum-ceskobrodska\/\",\"name\":\"POLYFUNK\u010cN\u00cd D\u016eM \u010cESKOBRODSK\u00c1 - \u017divot na Praze 14\",\"isPartOf\":{\"@id\":\"https:\/\/www.praha14.cz\/zivot-na-praze-14\/#website\"},\"datePublished\":\"2022-11-04T10:53:39+00:00\",\"breadcrumb\":{\"@id\":\"https:\/\/www.praha14.cz\/zivot-na-praze-14\/polyfunkcni-dum-ceskobrodska\/#breadcrumb\"},\"inLanguage\":\"cs\",\"potentialAction\":[{\"@type\":\"ReadAction\",\"target\":[\"https:\/\/www.praha14.cz\/zivot-na-praze-14\/polyfunkcni-dum-ceskobrodska\/\"]}]},{\"@type\":\"BreadcrumbList\",\"@id\":\"https:\/\/www.praha14.cz\/zivot-na-praze-14\/polyfunkcni-dum-ceskobrodska\/#breadcrumb\",\"itemListElement\":[{\"@type\":\"ListItem\",\"position\":1,\"name\":\"\u017divot na Praze 14\",\"item\":\"https:\/\/www.praha14.cz\/zivot-na-praze-14\/\"},{\"@type\":\"ListItem\",\"position\":2,\"name\":\"POLYFUNK\u010cN\u00cd D\u016eM \u010cESKOBRODSK\u00c1\"}]},{\"@type\":\"WebSite\",\"@id\":\"https:\/\/www.praha14.cz\/zivot-na-praze-14\/#website\",\"url\":\"https:\/\/www.praha14.cz\/zivot-na-praze-14\/\",\"name\":\"\u017divot na Praze 14\",\"description\":\"\",\"potentialAction\":[{\"@type\":\"SearchAction\",\"target\":{\"@type\":\"EntryPoint\",\"urlTemplate\":\"https:\/\/www.praha14.cz\/zivot-na-praze-14\/?s={search_term_string}\"},\"query-input\":{\"@type\":\"PropertyValueSpecification\",\"valueRequired\":true,\"valueName\":\"search_term_string\"}}],\"inLanguage\":\"cs\"}]}<\/script>\n<!-- \/ Yoast SEO plugin. -->","yoast_head_json":{"title":"POLYFUNK\u010cN\u00cd D\u016eM \u010cESKOBRODSK\u00c1 - \u017divot na Praze 14","robots":{"index":"index","follow":"follow","max-snippet":"max-snippet:-1","max-image-preview":"max-image-preview:large","max-video-preview":"max-video-preview:-1"},"canonical":"https:\/\/www.praha14.cz\/zivot-na-praze-14\/polyfunkcni-dum-ceskobrodska\/","og_locale":"cs_CZ","og_type":"article","og_title":"POLYFUNK\u010cN\u00cd D\u016eM \u010cESKOBRODSK\u00c1 - \u017divot na Praze 14","og_description":"Um\u00edst\u011bn\u00ed:\u00a0kat. \u00fazem\u00ed Hostavice, \u010ceskobrodsk\u00e1 ulice Investor:\u00a0GARTAL \u010ceskobrodsk\u00e1 s.r.o., Kov\u00e1\u0159sk\u00e1 2537\/5, 19000 Praha Projektant: Ing. arch. Tom\u00e1\u0161 Pavlas, Na Vr\u00e1\u017eku 503, Zadn\u00ed T\u0159eba\u0148 Objekt:\u00a0dv\u011b podzemn\u00ed a p\u011bt nadzemn\u00edch podla\u017e\u00ed HPP: 7,1 tis m2 Kapacita: 6,5 tis m2 obytn\u00e9 plochy (68 bytov\u00fdch jednotek), 571 m2 komer\u010dn\u00ed plochy Parkov\u00e1n\u00ed: 94\u00a0 parkovac\u00edch st\u00e1n\u00ed v podzem\u00ed a 14 parkovac\u00edch st\u00e1n\u00ed...","og_url":"https:\/\/www.praha14.cz\/zivot-na-praze-14\/polyfunkcni-dum-ceskobrodska\/","og_site_name":"\u017divot na Praze 14","og_image":[{"url":"https:\/\/www.praha14.cz\/app\/uploads\/sites\/4\/2022\/11\/situace-150x150.jpg","type":"","width":"","height":""}],"twitter_card":"summary_large_image","schema":{"@context":"https:\/\/schema.org","@graph":[{"@type":"WebPage","@id":"https:\/\/www.praha14.cz\/zivot-na-praze-14\/polyfunkcni-dum-ceskobrodska\/","url":"https:\/\/www.praha14.cz\/zivot-na-praze-14\/polyfunkcni-dum-ceskobrodska\/","name":"POLYFUNK\u010cN\u00cd D\u016eM \u010cESKOBRODSK\u00c1 - \u017divot na Praze 14","isPartOf":{"@id":"https:\/\/www.praha14.cz\/zivot-na-praze-14\/#website"},"datePublished":"2022-11-04T10:53:39+00:00","breadcrumb":{"@id":"https:\/\/www.praha14.cz\/zivot-na-praze-14\/polyfunkcni-dum-ceskobrodska\/#breadcrumb"},"inLanguage":"cs","potentialAction":[{"@type":"ReadAction","target":["https:\/\/www.praha14.cz\/zivot-na-praze-14\/polyfunkcni-dum-ceskobrodska\/"]}]},{"@type":"BreadcrumbList","@id":"https:\/\/www.praha14.cz\/zivot-na-praze-14\/polyfunkcni-dum-ceskobrodska\/#breadcrumb","itemListElement":[{"@type":"ListItem","position":1,"name":"\u017divot na Praze 14","item":"https:\/\/www.praha14.cz\/zivot-na-praze-14\/"},{"@type":"ListItem","position":2,"name":"POLYFUNK\u010cN\u00cd D\u016eM \u010cESKOBRODSK\u00c1"}]},{"@type":"WebSite","@id":"https:\/\/www.praha14.cz\/zivot-na-praze-14\/#website","url":"https:\/\/www.praha14.cz\/zivot-na-praze-14\/","name":"\u017divot na Praze 14","description":"","potentialAction":[{"@type":"SearchAction","target":{"@type":"EntryPoint","urlTemplate":"https:\/\/www.praha14.cz\/zivot-na-praze-14\/?s={search_term_string}"},"query-input":{"@type":"PropertyValueSpecification","valueRequired":true,"valueName":"search_term_string"}}],"inLanguage":"cs"}]}},"_links":{"self":[{"href":"https:\/\/www.praha14.cz\/zivot-na-praze-14\/wp-json\/wp\/v2\/pages\/65180","targetHints":{"allow":["GET"]}}],"collection":[{"href":"https:\/\/www.praha14.cz\/zivot-na-praze-14\/wp-json\/wp\/v2\/pages"}],"about":[{"href":"https:\/\/www.praha14.cz\/zivot-na-praze-14\/wp-json\/wp\/v2\/types\/page"}],"author":[{"embeddable":true,"href":"https:\/\/www.praha14.cz\/zivot-na-praze-14\/wp-json\/wp\/v2\/users\/1057"}],"replies":[{"embeddable":true,"href":"https:\/\/www.praha14.cz\/zivot-na-praze-14\/wp-json\/wp\/v2\/comments?post=65180"}],"version-history":[{"count":1,"href":"https:\/\/www.praha14.cz\/zivot-na-praze-14\/wp-json\/wp\/v2\/pages\/65180\/revisions"}],"predecessor-version":[{"id":65187,"href":"https:\/\/www.praha14.cz\/zivot-na-praze-14\/wp-json\/wp\/v2\/pages\/65180\/revisions\/65187"}],"wp:attachment":[{"href":"https:\/\/www.praha14.cz\/zivot-na-praze-14\/wp-json\/wp\/v2\/media?parent=65180"}],"curies":[{"name":"wp","href":"https:\/\/api.w.org\/{rel}","templated":true}]}}