{"id":66020,"date":"2023-01-30T17:08:07","date_gmt":"2023-01-30T17:08:07","guid":{"rendered":"https:\/\/www.praha14.cz\/zivot-na-praze-14\/?page_id=66020"},"modified":"2026-01-12T08:45:49","modified_gmt":"2026-01-12T08:45:49","slug":"o-casopisu-ctrnactka","status":"publish","type":"page","link":"https:\/\/www.praha14.cz\/zivot-na-praze-14\/casopis-ctrnactka-14\/o-casopisu-ctrnactka\/","title":{"rendered":"O \u010dasopisu \u010ctrn\u00e1ctka"},"content":{"rendered":"<section class=\"p14-panel-group\"><div id=\"panel_group_1\" class=\"panel-group\"><article class=\"panel panel-default\">\n\t\t\t<div class=\"panel-heading\">\n\t\t\t\t<h1 class=\"panel-title\">\n\t\t\t\t\t<a data-toggle=\"collapse\" data-parent=\"#panel_group_1\" href=\"#panel_1_1\" class=\"collapsed\">\n\t\t\t\t\t\tInformace o \u010dasopise\n\t\t\t\t\t<\/a>\n\t\t\t\t<\/h1>\n\t\t\t<\/div>\n\t\t\t<div id=\"panel_1_1\" class=\"panel-collapse collapse\">\n\t\t\t\t<div class=\"panel-body\">\n\t\t\t\t\t<\/p>\n<p><strong>Zhotovitel:<\/strong><\/p>\n<p>Profi-tisk group s.r.o.<br \/>\nS\u00eddlo: Chv\u00e1lkovick\u00e1 223\/5, 779 00 Olomouc<br \/>\nI\u010cO:\u00a0 26868954<br \/>\nDI\u010c: CZ26868954<\/p>\n<p><strong>P\u0159\u00edjemce inzerce:<\/strong><\/p>\n<p>Region\u00e1ln\u00ed vydavatelstv\u00ed s.r.o.<br \/>\nS\u00eddlo a kancel\u00e1\u0159: Na louce 603\/6, 111 01 Praha 10 &#8211; Doln\u00ed M\u011bcholupy<br \/>\nI\u010cO: 27846717<br \/>\nDI\u010c:\u00a0CZ27846717<br \/>\n<a href=\"http:\/\/www.regionalnivydavatelstvi.cz\/\" target=\"_blank\" rel=\"noopener\"><strong>www.regionalnivydavatelstvi.cz<\/strong><\/a><\/p>\n<p>\n\t\t\t\t<\/div>\n\t\t\t<\/div>\n\t\t<\/article><article class=\"panel panel-default\">\n\t\t\t<div class=\"panel-heading\">\n\t\t\t\t<h1 class=\"panel-title\">\n\t\t\t\t\t<a data-toggle=\"collapse\" data-parent=\"#panel_group_1\" href=\"#panel_1_2\" class=\"collapsed\">\n\t\t\t\t\t\tKontaktn\u00ed osoby\n\t\t\t\t\t<\/a>\n\t\t\t\t<\/h1>\n\t\t\t<\/div>\n\t\t\t<div id=\"panel_1_2\" class=\"panel-collapse collapse\">\n\t\t\t\t<div class=\"panel-body\">\n\t\t\t\t\t<\/p>\n<p>\u0160\u00e9fredaktor:<br \/>\nPetra Trnkov\u00e1<br \/>\n<a href=\"mailto:petra.trnkova@praha14.cz\" target=\"_blank\" rel=\"noopener noreferrer\">petra.trnkova@praha14.cz<\/a><\/p>\n<p>Produkce:<br \/>\nBarbora \u0160kaldov\u00e1<br \/>\nTel.: 733\u00a0758\u00a0888<br \/>\n<a href=\"mailto:skaldova@regvyd.cz\" target=\"_blank\" rel=\"noopener noreferrer\">skaldova@regvyd.cz<\/a><\/p>\n<p>Plo\u0161n\u00e1 inzerce:<br \/>\nZuzana Tomaschkov\u00e1<br \/>\nTel.: 605 405\u00a0799<br \/>\n<a href=\"mailto:tomaschkova@regvyd.cz\" target=\"_blank\" rel=\"noopener\">tomaschkova@regvyd.cz<\/a><\/p>\n<p>\u0158\u00e1dkov\u00e1 inzerce:<br \/>\nR\u016f\u017een\u00e1 Hrd\u00e1<br \/>\nTel.: 733\u00a0720\u00a0744<br \/>\n<a href=\"mailto:radkova.inzerce@regvyd.cz\" target=\"_blank\" rel=\"noopener\">radkova.inzerce@regvyd.cz<\/a><\/p>\n<p>\n\t\t\t\t<\/div>\n\t\t\t<\/div>\n\t\t<\/article><article class=\"panel panel-default\">\n\t\t\t<div class=\"panel-heading\">\n\t\t\t\t<h1 class=\"panel-title\">\n\t\t\t\t\t<a data-toggle=\"collapse\" data-parent=\"#panel_group_1\" href=\"#panel_1_3\" class=\"collapsed\">\n\t\t\t\t\t\tObjedn\u00e1vka, cen\u00edk inzerce a dal\u0161\u00ed informace\n\t\t\t\t\t<\/a>\n\t\t\t\t<\/h1>\n\t\t\t<\/div>\n\t\t\t<div id=\"panel_1_3\" class=\"panel-collapse collapse\">\n\t\t\t\t<div class=\"panel-body\">\n\t\t\t\t\t<\/p>\n<p><a href=\"https:\/\/www.praha14.cz\/app\/uploads\/sites\/4\/2026\/01\/Harmonogram-distribuce-casopisu-Ctrnactka-v-roce-2026.pdf\" target=\"_blank\" rel=\"noopener\">Harmonogram distribuce \u010dasopisu \u010ctrn\u00e1ctka v roce 2026<\/a><\/p>\n<p><a href=\"https:\/\/www.praha14.cz\/app\/uploads\/sites\/4\/2026\/01\/Info-pro-inzerenty_2026.pdf\">Technick\u00e9 informace a informace pro inzerenty &#8211; rok 2026<\/a><\/p>\n<p>\n\t\t\t\t<\/div>\n\t\t\t<\/div>\n\t\t<\/article><article class=\"panel panel-default\">\n\t\t\t<div class=\"panel-heading\">\n\t\t\t\t<h1 class=\"panel-title\">\n\t\t\t\t\t<a data-toggle=\"collapse\" data-parent=\"#panel_group_1\" href=\"#panel_1_4\" class=\"collapsed\">\n\t\t\t\t\t\tPr\u016fzkum spokojenosti ob\u010dan\u016f s \u010dasopisem \u010ctrn\u00e1ctka\n\t\t\t\t\t<\/a>\n\t\t\t\t<\/h1>\n\t\t\t<\/div>\n\t\t\t<div id=\"panel_1_4\" class=\"panel-collapse collapse\">\n\t\t\t\t<div class=\"panel-body\">\n\t\t\t\t\t<\/p>\n<p>V\u00fdsledky pr\u016fzkumu v PDF <a href=\"https:\/\/www.praha14.cz\/app\/uploads\/sites\/4\/2015\/02\/Vysledky_P14_Ctrnacka_2017.pdf\" target=\"_blank\" rel=\"noopener noreferrer\">zde<\/a><\/p>\n<p>\n\t\t\t\t<\/div>\n\t\t\t<\/div>\n\t\t<\/article><article class=\"panel panel-default\">\n\t\t\t<div class=\"panel-heading\">\n\t\t\t\t<h1 class=\"panel-title\">\n\t\t\t\t\t<a data-toggle=\"collapse\" data-parent=\"#panel_group_1\" href=\"#panel_1_5\" class=\"collapsed\">\n\t\t\t\t\t\t2001 - 2011 (Listy Prahy 14)\n\t\t\t\t\t<\/a>\n\t\t\t\t<\/h1>\n\t\t\t<\/div>\n\t\t\t<div id=\"panel_1_5\" class=\"panel-collapse collapse\">\n\t\t\t\t<div class=\"panel-body\">\n\t\t\t\t\t<br \/>\n<a title=\"Listy Prahy 14\" href=\"https:\/\/www.praha14.cz\/zivot-na-praze-14\/listy-prahy-14\/\"><img loading=\"lazy\" decoding=\"async\" src=\"https:\/\/www.praha14.cz\/app\/uploads\/sites\/3\/2014\/04\/logo_listy_m.jpg\" alt=\"logo_listy_m\" width=\"120\" height=\"25\" \/><\/a><br \/>\nB\u00fdval\u00fd \u010dasopis Prahy 14 (2001 &#8211; 2011)\n\t\t\t\t<\/div>\n\t\t\t<\/div>\n\t\t<\/article><\/div><\/section>\n<p>Soubory ve form\u00e1tu doc byly vytvo\u0159eny pomoc\u00ed OCR (prost\u0159edek na optick\u00e9 rozpozn\u00e1v\u00e1n\u00ed p\u00edsma) jako textov\u00e1 alternativa k soubor\u016fm pdf pro osoby se zrakov\u00fdm posti\u017een\u00edm. Omluvte, pros\u00edm, p\u0159\u00edpadn\u00e9 nedostatky p\u0159evodu.<\/p>\n","protected":false},"excerpt":{"rendered":"<p>Soubory ve form\u00e1tu doc byly vytvo\u0159eny pomoc\u00ed OCR (prost\u0159edek na optick\u00e9 rozpozn\u00e1v\u00e1n\u00ed p\u00edsma) jako textov\u00e1 alternativa k soubor\u016fm pdf pro osoby se zrakov\u00fdm posti\u017een\u00edm. Omluvte, pros\u00edm, p\u0159\u00edpadn\u00e9 nedostatky p\u0159evodu.<\/p>\n","protected":false},"author":1,"featured_media":0,"parent":22989,"menu_order":0,"comment_status":"closed","ping_status":"closed","template":"","meta":{"_acf_changed":false,"footnotes":""},"class_list":["post-66020","page","type-page","status-publish","hentry"],"acf":[],"yoast_head":"<!-- This site is optimized with the Yoast SEO plugin v27.2 - https:\/\/yoast.com\/product\/yoast-seo-wordpress\/ -->\n<title>O \u010dasopisu \u010ctrn\u00e1ctka - \u017divot na Praze 14<\/title>\n<meta name=\"robots\" content=\"index, follow, max-snippet:-1, max-image-preview:large, max-video-preview:-1\" \/>\n<link rel=\"canonical\" href=\"https:\/\/www.praha14.cz\/zivot-na-praze-14\/casopis-ctrnactka-14\/o-casopisu-ctrnactka\/\" \/>\n<meta property=\"og:locale\" content=\"cs_CZ\" \/>\n<meta property=\"og:type\" content=\"article\" \/>\n<meta property=\"og:title\" content=\"O \u010dasopisu \u010ctrn\u00e1ctka - \u017divot na Praze 14\" \/>\n<meta property=\"og:description\" content=\"Soubory ve form\u00e1tu doc byly vytvo\u0159eny pomoc\u00ed OCR (prost\u0159edek na optick\u00e9 rozpozn\u00e1v\u00e1n\u00ed p\u00edsma) jako textov\u00e1 alternativa k soubor\u016fm pdf pro osoby se zrakov\u00fdm posti\u017een\u00edm. Omluvte, pros\u00edm, p\u0159\u00edpadn\u00e9 nedostatky p\u0159evodu.\" \/>\n<meta property=\"og:url\" content=\"https:\/\/www.praha14.cz\/zivot-na-praze-14\/casopis-ctrnactka-14\/o-casopisu-ctrnactka\/\" \/>\n<meta property=\"og:site_name\" content=\"\u017divot na Praze 14\" \/>\n<meta property=\"article:modified_time\" content=\"2026-01-12T08:45:49+00:00\" \/>\n<meta property=\"og:image\" content=\"https:\/\/www.praha14.cz\/app\/uploads\/sites\/3\/2014\/04\/logo_listy_m.jpg\" \/>\n<meta name=\"twitter:card\" content=\"summary_large_image\" \/>\n<meta name=\"twitter:label1\" content=\"Est. reading time\" \/>\n\t<meta name=\"twitter:data1\" content=\"2 minuty\" \/>\n<script type=\"application\/ld+json\" class=\"yoast-schema-graph\">{\"@context\":\"https:\/\/schema.org\",\"@graph\":[{\"@type\":\"WebPage\",\"@id\":\"https:\/\/www.praha14.cz\/zivot-na-praze-14\/casopis-ctrnactka-14\/o-casopisu-ctrnactka\/\",\"url\":\"https:\/\/www.praha14.cz\/zivot-na-praze-14\/casopis-ctrnactka-14\/o-casopisu-ctrnactka\/\",\"name\":\"O \u010dasopisu \u010ctrn\u00e1ctka - \u017divot na Praze 14\",\"isPartOf\":{\"@id\":\"https:\/\/www.praha14.cz\/zivot-na-praze-14\/#website\"},\"primaryImageOfPage\":{\"@id\":\"https:\/\/www.praha14.cz\/zivot-na-praze-14\/casopis-ctrnactka-14\/o-casopisu-ctrnactka\/#primaryimage\"},\"image\":{\"@id\":\"https:\/\/www.praha14.cz\/zivot-na-praze-14\/casopis-ctrnactka-14\/o-casopisu-ctrnactka\/#primaryimage\"},\"thumbnailUrl\":\"https:\/\/www.praha14.cz\/app\/uploads\/sites\/3\/2014\/04\/logo_listy_m.jpg\",\"datePublished\":\"2023-01-30T17:08:07+00:00\",\"dateModified\":\"2026-01-12T08:45:49+00:00\",\"breadcrumb\":{\"@id\":\"https:\/\/www.praha14.cz\/zivot-na-praze-14\/casopis-ctrnactka-14\/o-casopisu-ctrnactka\/#breadcrumb\"},\"inLanguage\":\"cs\",\"potentialAction\":[{\"@type\":\"ReadAction\",\"target\":[\"https:\/\/www.praha14.cz\/zivot-na-praze-14\/casopis-ctrnactka-14\/o-casopisu-ctrnactka\/\"]}]},{\"@type\":\"ImageObject\",\"inLanguage\":\"cs\",\"@id\":\"https:\/\/www.praha14.cz\/zivot-na-praze-14\/casopis-ctrnactka-14\/o-casopisu-ctrnactka\/#primaryimage\",\"url\":\"https:\/\/www.praha14.cz\/app\/uploads\/sites\/3\/2014\/04\/logo_listy_m.jpg\",\"contentUrl\":\"https:\/\/www.praha14.cz\/app\/uploads\/sites\/3\/2014\/04\/logo_listy_m.jpg\"},{\"@type\":\"BreadcrumbList\",\"@id\":\"https:\/\/www.praha14.cz\/zivot-na-praze-14\/casopis-ctrnactka-14\/o-casopisu-ctrnactka\/#breadcrumb\",\"itemListElement\":[{\"@type\":\"ListItem\",\"position\":1,\"name\":\"\u017divot na Praze 14\",\"item\":\"https:\/\/www.praha14.cz\/zivot-na-praze-14\/\"},{\"@type\":\"ListItem\",\"position\":2,\"name\":\"\u010casopis \u010ctrn\u00e1ctka\",\"item\":\"https:\/\/www.praha14.cz\/zivot-na-praze-14\/casopis-ctrnactka-14\/\"},{\"@type\":\"ListItem\",\"position\":3,\"name\":\"O \u010dasopisu \u010ctrn\u00e1ctka\"}]},{\"@type\":\"WebSite\",\"@id\":\"https:\/\/www.praha14.cz\/zivot-na-praze-14\/#website\",\"url\":\"https:\/\/www.praha14.cz\/zivot-na-praze-14\/\",\"name\":\"\u017divot na Praze 14\",\"description\":\"\",\"potentialAction\":[{\"@type\":\"SearchAction\",\"target\":{\"@type\":\"EntryPoint\",\"urlTemplate\":\"https:\/\/www.praha14.cz\/zivot-na-praze-14\/?s={search_term_string}\"},\"query-input\":{\"@type\":\"PropertyValueSpecification\",\"valueRequired\":true,\"valueName\":\"search_term_string\"}}],\"inLanguage\":\"cs\"}]}<\/script>\n<!-- \/ Yoast SEO plugin. -->","yoast_head_json":{"title":"O \u010dasopisu \u010ctrn\u00e1ctka - \u017divot na Praze 14","robots":{"index":"index","follow":"follow","max-snippet":"max-snippet:-1","max-image-preview":"max-image-preview:large","max-video-preview":"max-video-preview:-1"},"canonical":"https:\/\/www.praha14.cz\/zivot-na-praze-14\/casopis-ctrnactka-14\/o-casopisu-ctrnactka\/","og_locale":"cs_CZ","og_type":"article","og_title":"O \u010dasopisu \u010ctrn\u00e1ctka - \u017divot na Praze 14","og_description":"Soubory ve form\u00e1tu doc byly vytvo\u0159eny pomoc\u00ed OCR (prost\u0159edek na optick\u00e9 rozpozn\u00e1v\u00e1n\u00ed p\u00edsma) jako textov\u00e1 alternativa k soubor\u016fm pdf pro osoby se zrakov\u00fdm posti\u017een\u00edm. Omluvte, pros\u00edm, p\u0159\u00edpadn\u00e9 nedostatky p\u0159evodu.","og_url":"https:\/\/www.praha14.cz\/zivot-na-praze-14\/casopis-ctrnactka-14\/o-casopisu-ctrnactka\/","og_site_name":"\u017divot na Praze 14","article_modified_time":"2026-01-12T08:45:49+00:00","og_image":[{"url":"https:\/\/www.praha14.cz\/app\/uploads\/sites\/3\/2014\/04\/logo_listy_m.jpg","type":"","width":"","height":""}],"twitter_card":"summary_large_image","twitter_misc":{"Est. reading time":"2 minuty"},"schema":{"@context":"https:\/\/schema.org","@graph":[{"@type":"WebPage","@id":"https:\/\/www.praha14.cz\/zivot-na-praze-14\/casopis-ctrnactka-14\/o-casopisu-ctrnactka\/","url":"https:\/\/www.praha14.cz\/zivot-na-praze-14\/casopis-ctrnactka-14\/o-casopisu-ctrnactka\/","name":"O \u010dasopisu \u010ctrn\u00e1ctka - \u017divot na Praze 14","isPartOf":{"@id":"https:\/\/www.praha14.cz\/zivot-na-praze-14\/#website"},"primaryImageOfPage":{"@id":"https:\/\/www.praha14.cz\/zivot-na-praze-14\/casopis-ctrnactka-14\/o-casopisu-ctrnactka\/#primaryimage"},"image":{"@id":"https:\/\/www.praha14.cz\/zivot-na-praze-14\/casopis-ctrnactka-14\/o-casopisu-ctrnactka\/#primaryimage"},"thumbnailUrl":"https:\/\/www.praha14.cz\/app\/uploads\/sites\/3\/2014\/04\/logo_listy_m.jpg","datePublished":"2023-01-30T17:08:07+00:00","dateModified":"2026-01-12T08:45:49+00:00","breadcrumb":{"@id":"https:\/\/www.praha14.cz\/zivot-na-praze-14\/casopis-ctrnactka-14\/o-casopisu-ctrnactka\/#breadcrumb"},"inLanguage":"cs","potentialAction":[{"@type":"ReadAction","target":["https:\/\/www.praha14.cz\/zivot-na-praze-14\/casopis-ctrnactka-14\/o-casopisu-ctrnactka\/"]}]},{"@type":"ImageObject","inLanguage":"cs","@id":"https:\/\/www.praha14.cz\/zivot-na-praze-14\/casopis-ctrnactka-14\/o-casopisu-ctrnactka\/#primaryimage","url":"https:\/\/www.praha14.cz\/app\/uploads\/sites\/3\/2014\/04\/logo_listy_m.jpg","contentUrl":"https:\/\/www.praha14.cz\/app\/uploads\/sites\/3\/2014\/04\/logo_listy_m.jpg"},{"@type":"BreadcrumbList","@id":"https:\/\/www.praha14.cz\/zivot-na-praze-14\/casopis-ctrnactka-14\/o-casopisu-ctrnactka\/#breadcrumb","itemListElement":[{"@type":"ListItem","position":1,"name":"\u017divot na Praze 14","item":"https:\/\/www.praha14.cz\/zivot-na-praze-14\/"},{"@type":"ListItem","position":2,"name":"\u010casopis \u010ctrn\u00e1ctka","item":"https:\/\/www.praha14.cz\/zivot-na-praze-14\/casopis-ctrnactka-14\/"},{"@type":"ListItem","position":3,"name":"O \u010dasopisu \u010ctrn\u00e1ctka"}]},{"@type":"WebSite","@id":"https:\/\/www.praha14.cz\/zivot-na-praze-14\/#website","url":"https:\/\/www.praha14.cz\/zivot-na-praze-14\/","name":"\u017divot na Praze 14","description":"","potentialAction":[{"@type":"SearchAction","target":{"@type":"EntryPoint","urlTemplate":"https:\/\/www.praha14.cz\/zivot-na-praze-14\/?s={search_term_string}"},"query-input":{"@type":"PropertyValueSpecification","valueRequired":true,"valueName":"search_term_string"}}],"inLanguage":"cs"}]}},"_links":{"self":[{"href":"https:\/\/www.praha14.cz\/zivot-na-praze-14\/wp-json\/wp\/v2\/pages\/66020","targetHints":{"allow":["GET"]}}],"collection":[{"href":"https:\/\/www.praha14.cz\/zivot-na-praze-14\/wp-json\/wp\/v2\/pages"}],"about":[{"href":"https:\/\/www.praha14.cz\/zivot-na-praze-14\/wp-json\/wp\/v2\/types\/page"}],"author":[{"embeddable":true,"href":"https:\/\/www.praha14.cz\/zivot-na-praze-14\/wp-json\/wp\/v2\/users\/1"}],"replies":[{"embeddable":true,"href":"https:\/\/www.praha14.cz\/zivot-na-praze-14\/wp-json\/wp\/v2\/comments?post=66020"}],"version-history":[{"count":14,"href":"https:\/\/www.praha14.cz\/zivot-na-praze-14\/wp-json\/wp\/v2\/pages\/66020\/revisions"}],"predecessor-version":[{"id":73707,"href":"https:\/\/www.praha14.cz\/zivot-na-praze-14\/wp-json\/wp\/v2\/pages\/66020\/revisions\/73707"}],"up":[{"embeddable":true,"href":"https:\/\/www.praha14.cz\/zivot-na-praze-14\/wp-json\/wp\/v2\/pages\/22989"}],"wp:attachment":[{"href":"https:\/\/www.praha14.cz\/zivot-na-praze-14\/wp-json\/wp\/v2\/media?parent=66020"}],"curies":[{"name":"wp","href":"https:\/\/api.w.org\/{rel}","templated":true}]}}