{"id":66056,"date":"2023-02-01T13:16:26","date_gmt":"2023-02-01T13:16:26","guid":{"rendered":"https:\/\/www.praha14.cz\/zivot-na-praze-14\/?page_id=66056"},"modified":"2023-02-01T13:16:26","modified_gmt":"2023-02-01T13:16:26","slug":"uvod","status":"publish","type":"page","link":"https:\/\/www.praha14.cz\/zivot-na-praze-14\/globalni-odpovednost\/uvod\/","title":{"rendered":"\u00davod"},"content":{"rendered":"<p><a href=\"https:\/\/www.praha14.cz\/zivot-na-praze-14\/wp-content\/uploads\/sites\/4\/2021\/05\/hands-with-world-plant-scaled.jpg\" data-rel=\"lightbox-image-0\" data-rl_title=\"\" data-rl_caption=\"\"><img loading=\"lazy\" decoding=\"async\" class=\"alignleft wp-image-58630 size-medium\" title=\"\" src=\"https:\/\/www.praha14.cz\/zivot-na-praze-14\/wp-content\/uploads\/sites\/4\/2021\/05\/hands-with-world-plant-370x255.jpg\" alt=\"Glob\u00e1ln\u00ed odpov\u011bdnost\" width=\"370\" height=\"255\" srcset=\"https:\/\/www.praha14.cz\/app\/uploads\/sites\/4\/2021\/05\/hands-with-world-plant-370x255.jpg 370w, https:\/\/www.praha14.cz\/app\/uploads\/sites\/4\/2021\/05\/hands-with-world-plant-1024x706.jpg 1024w, https:\/\/www.praha14.cz\/app\/uploads\/sites\/4\/2021\/05\/hands-with-world-plant-768x530.jpg 768w, https:\/\/www.praha14.cz\/app\/uploads\/sites\/4\/2021\/05\/hands-with-world-plant-1536x1059.jpg 1536w, https:\/\/www.praha14.cz\/app\/uploads\/sites\/4\/2021\/05\/hands-with-world-plant-2048x1412.jpg 2048w\" sizes=\"(max-width: 370px) 100vw, 370px\" \/><\/a>Slovo <strong>glob\u00e1ln\u00ed<\/strong> znamen\u00e1 celosv\u011btov\u00fd, propojuj\u00edc\u00ed a propojen\u00fd, slovo <strong>odpov\u011bdnost<\/strong> vyjad\u0159uje pr\u00e1vn\u00ed, mor\u00e1ln\u00ed a etickou schopnost n\u00e9st n\u00e1sledky za sv\u00e9 \u010diny. Tolik v\u00fdkladov\u00fd slovn\u00edk.<\/p>\n<p>Z\u00a0pohledu veden\u00ed M\u010c Praha 14 spo\u010d\u00edv\u00e1 v\u00fdznam souslov\u00ed glob\u00e1ln\u011b odpov\u011bdn\u00e1 m\u011bstsk\u00e1 \u010d\u00e1st p\u0159edev\u0161\u00edm v\u00a0tom mluvit spolu, propojit se na na\u0161em \u00fazem\u00ed mezi sebou a za\u010d\u00edt se chovat tak, abychom se nemuseli styd\u011bt za to, co tvo\u0159\u00edme, co t\u00edm mysl\u00edme a co tu po n\u00e1s z\u016fstane. Vn\u00edm\u00e1me v\u00fdznam z\u00a0pohledu ka\u017ed\u00e9ho jednotlivce, kter\u00fd by m\u011bl b\u00fdt spole\u010densky a soci\u00e1ln\u011b natolik zral\u00fd a uv\u011bdom\u011bl\u00fd, aby byl schopen reagovat na vztahy a vazby mezi sv\u00fdm \u017eivotem, sv\u00fdm jedn\u00e1n\u00edm a \u010diny v\u016f\u010di cel\u00e9 planet\u011b. Je to o tom nemyslet jen na sebe, proto\u017ee planetu m\u00e1me jen jednu.<\/p>\n<p>Rozhodnut\u00ed vych\u00e1z\u00ed z dlouhodob\u011b realizovan\u00e9 <a href=\"https:\/\/www.praha14.cz\/zivot-na-praze-14\/zdrava-mestska-cast-mistni-agenda-21\/\" target=\"_blank\" rel=\"noopener noreferrer\">m\u00edstn\u00ed Agendy 21<\/a> na na\u0161em \u00fazem\u00ed, ze sou\u010dasn\u00e9 klimatick\u00e9 situace na Zemi a z\u00a0postoje z\u00e1stupc\u016f M\u010c k\u00a0udr\u017eiteln\u00e9mu rozvoji. Ti jsou si pln\u011b v\u011bdomi spole\u010densk\u00e9ho, mor\u00e1ln\u00edho, ale i faktick\u00e9ho v\u00fdznamu radnice ve spole\u010dnosti lid\u00ed na \u00fazem\u00ed, jako je m\u011bstsk\u00e1 \u010d\u00e1st. Re\u00e1ln\u011b si uv\u011bdomuj\u00ed v\u00e1\u017enost, v\u00fdznam i p\u0159\u00edpadn\u00e9 hrozby dopadu sv\u00fdch rozhodnut\u00ed. Nen\u00ed jim jedno, v\u00a0jak\u00e9m stavu bude Praha 14 za n\u011bkolik let, a necht\u011bj\u00ed z\u016fstat pasivn\u00ed v\u016f\u010di zm\u011bn\u00e1m, kter\u00e9 se ve sv\u011bt\u011b d\u011bj\u00ed.<\/p>\n<p>Jako kolektiv bychom byli r\u00e1di, aby za na\u0161imi snahami byla vid\u011bt skute\u010dn\u00e1 pr\u00e1ce a m\u011b\u0159iteln\u00e9 v\u00fdsledky ve v\u0161ech oblastech, kter\u00fdch se glob\u00e1ln\u00ed odpov\u011bdnost t\u00fdk\u00e1. M\u00e1me n\u011bkolik p\u0159edsevzet\u00ed:<\/p>\n<ul>\n<li>Chceme vyu\u017e\u00edt v\u0161echny sv\u00e9 mo\u017enosti i sv\u00e9 know how, abychom p\u0159isp\u011bli ke zdrav\u00e9 budoucnosti na\u0161\u00ed planety.<\/li>\n<li>Chceme nastavit spolupr\u00e1ci mezi ob\u010dany, odborn\u00edky, z\u00e1stupci spolk\u016f a podnikatel\u016f v\u00a0t\u00e9to oblasti.<\/li>\n<li>Sv\u00e9 p\u016fsoben\u00ed z\u00a0\u00da\u0159adu m\u011bstsk\u00e9 \u010d\u00e1sti chceme zaji\u0161tovat zp\u016fsobem, kter\u00fd bude, co nejm\u00e9n\u011b destruktivn\u00ed v\u016f\u010di \u017eivotn\u00edmu prost\u0159ed\u00ed.<\/li>\n<li>Chceme, aby na\u0161e p\u016fsoben\u00ed z\u00a0\u00fa\u0159adu m\u011bstsk\u00e9 \u010d\u00e1sti bylo zaji\u0161tov\u00e1no \u0161etrn\u011b v\u016f\u010di lokalit\u011b, komunit\u00e1m i z\u00a0glob\u00e1ln\u00edho hlediska.<\/li>\n<li>Chceme se maxim\u00e1ln\u011b pou\u010dit z\u00a0chyb minulosti a p\u0159izp\u016fsobit tomu dal\u0161\u00ed pl\u00e1novan\u00ed rozvoje.<\/li>\n<li>Chceme v\u00edce komunikovat o p\u0159\u00edbuzn\u00fdch t\u00e9matech, propagovat tyto my\u0161lenky a zaji\u0161\u0165ovat osv\u011btu pro ty, co na m\u011bstsk\u00e9 \u010d\u00e1sti \u017eij\u00ed, pracuj\u00ed \u010di podnikaj\u00ed.<\/li>\n<li>Chceme se d\u00e1le vzd\u011bl\u00e1vat, sd\u00edlet na\u0161e zku\u0161enosti d\u00e1l a zapojovat se do projekt\u016f podporuj\u00edc\u00edch tyto my\u0161lenky.<\/li>\n<li>Chceme, aby n\u00e1m zap\u016fj\u010den\u00fd \u017eivotn\u00ed prostor byl p\u0159\u00edjemn\u00fdm a zdrav\u00fdm m\u00edstem pro \u017eivot a aby tomu tak bylo i pro dal\u0161\u00ed generace.<\/li>\n<\/ul>\n<p><em><strong>Jako instituce chceme b\u00fdt partnerem jak do diskuse, tak pro sd\u00edlen\u00ed zku\u0161enost\u00ed nebo spolupr\u00e1ci. Ve\u0161ker\u00e9 kroky podniknut\u00e9 v\u00a0r\u00e1mci \u010dinnost\u00ed k\u00a0tomuto t\u00e9matu budou v\u00a0souladu s vnit\u0159n\u00edmi p\u0159edpisy \u00daM\u010c Praha 14, realizac\u00ed m\u00edstn\u00ed Agendy 21 a v\u00a0harmonii s\u00a0platn\u00fdmi strategick\u00fdmi dokumenty M\u010c Praha 14.<\/strong><\/em><\/p>\n","protected":false},"excerpt":{"rendered":"<p>Slovo glob\u00e1ln\u00ed znamen\u00e1 celosv\u011btov\u00fd, propojuj\u00edc\u00ed a propojen\u00fd, slovo odpov\u011bdnost vyjad\u0159uje pr\u00e1vn\u00ed, mor\u00e1ln\u00ed a etickou schopnost n\u00e9st n\u00e1sledky za sv\u00e9 \u010diny. Tolik v\u00fdkladov\u00fd slovn\u00edk. Z\u00a0pohledu veden\u00ed M\u010c Praha 14 spo\u010d\u00edv\u00e1 v\u00fdznam souslov\u00ed glob\u00e1ln\u011b odpov\u011bdn\u00e1 m\u011bstsk\u00e1 \u010d\u00e1st p\u0159edev\u0161\u00edm v\u00a0tom mluvit spolu, propojit se na na\u0161em \u00fazem\u00ed mezi sebou a za\u010d\u00edt se chovat tak, abychom se nemuseli styd\u011bt&#8230;<\/p>\n","protected":false},"author":1057,"featured_media":0,"parent":58551,"menu_order":0,"comment_status":"closed","ping_status":"closed","template":"","meta":{"_acf_changed":false,"footnotes":""},"class_list":["post-66056","page","type-page","status-publish","hentry"],"acf":[],"yoast_head":"<!-- This site is optimized with the Yoast SEO plugin v27.2 - https:\/\/yoast.com\/product\/yoast-seo-wordpress\/ -->\n<title>\u00davod - \u017divot na Praze 14<\/title>\n<meta name=\"robots\" content=\"index, follow, max-snippet:-1, max-image-preview:large, max-video-preview:-1\" \/>\n<link rel=\"canonical\" href=\"https:\/\/www.praha14.cz\/zivot-na-praze-14\/globalni-odpovednost\/uvod\/\" \/>\n<meta property=\"og:locale\" content=\"cs_CZ\" \/>\n<meta property=\"og:type\" content=\"article\" \/>\n<meta property=\"og:title\" content=\"\u00davod - \u017divot na Praze 14\" \/>\n<meta property=\"og:description\" content=\"Slovo glob\u00e1ln\u00ed znamen\u00e1 celosv\u011btov\u00fd, propojuj\u00edc\u00ed a propojen\u00fd, slovo odpov\u011bdnost vyjad\u0159uje pr\u00e1vn\u00ed, mor\u00e1ln\u00ed a etickou schopnost n\u00e9st n\u00e1sledky za sv\u00e9 \u010diny. Tolik v\u00fdkladov\u00fd slovn\u00edk. Z\u00a0pohledu veden\u00ed M\u010c Praha 14 spo\u010d\u00edv\u00e1 v\u00fdznam souslov\u00ed glob\u00e1ln\u011b odpov\u011bdn\u00e1 m\u011bstsk\u00e1 \u010d\u00e1st p\u0159edev\u0161\u00edm v\u00a0tom mluvit spolu, propojit se na na\u0161em \u00fazem\u00ed mezi sebou a za\u010d\u00edt se chovat tak, abychom se nemuseli styd\u011bt...\" \/>\n<meta property=\"og:url\" content=\"https:\/\/www.praha14.cz\/zivot-na-praze-14\/globalni-odpovednost\/uvod\/\" \/>\n<meta property=\"og:site_name\" content=\"\u017divot na Praze 14\" \/>\n<meta property=\"og:image\" content=\"https:\/\/www.praha14.cz\/zivot-na-praze-14\/wp-content\/uploads\/sites\/4\/2021\/05\/hands-with-world-plant-370x255.jpg\" \/>\n<meta name=\"twitter:card\" content=\"summary_large_image\" \/>\n<meta name=\"twitter:label1\" content=\"Est. reading time\" \/>\n\t<meta name=\"twitter:data1\" content=\"3 minuty\" \/>\n<script type=\"application\/ld+json\" class=\"yoast-schema-graph\">{\"@context\":\"https:\/\/schema.org\",\"@graph\":[{\"@type\":\"WebPage\",\"@id\":\"https:\/\/www.praha14.cz\/zivot-na-praze-14\/globalni-odpovednost\/uvod\/\",\"url\":\"https:\/\/www.praha14.cz\/zivot-na-praze-14\/globalni-odpovednost\/uvod\/\",\"name\":\"\u00davod - \u017divot na Praze 14\",\"isPartOf\":{\"@id\":\"https:\/\/www.praha14.cz\/zivot-na-praze-14\/#website\"},\"primaryImageOfPage\":{\"@id\":\"https:\/\/www.praha14.cz\/zivot-na-praze-14\/globalni-odpovednost\/uvod\/#primaryimage\"},\"image\":{\"@id\":\"https:\/\/www.praha14.cz\/zivot-na-praze-14\/globalni-odpovednost\/uvod\/#primaryimage\"},\"thumbnailUrl\":\"https:\/\/www.praha14.cz\/zivot-na-praze-14\/wp-content\/uploads\/sites\/4\/2021\/05\/hands-with-world-plant-370x255.jpg\",\"datePublished\":\"2023-02-01T13:16:26+00:00\",\"breadcrumb\":{\"@id\":\"https:\/\/www.praha14.cz\/zivot-na-praze-14\/globalni-odpovednost\/uvod\/#breadcrumb\"},\"inLanguage\":\"cs\",\"potentialAction\":[{\"@type\":\"ReadAction\",\"target\":[\"https:\/\/www.praha14.cz\/zivot-na-praze-14\/globalni-odpovednost\/uvod\/\"]}]},{\"@type\":\"ImageObject\",\"inLanguage\":\"cs\",\"@id\":\"https:\/\/www.praha14.cz\/zivot-na-praze-14\/globalni-odpovednost\/uvod\/#primaryimage\",\"url\":\"https:\/\/www.praha14.cz\/zivot-na-praze-14\/wp-content\/uploads\/sites\/4\/2021\/05\/hands-with-world-plant-370x255.jpg\",\"contentUrl\":\"https:\/\/www.praha14.cz\/zivot-na-praze-14\/wp-content\/uploads\/sites\/4\/2021\/05\/hands-with-world-plant-370x255.jpg\"},{\"@type\":\"BreadcrumbList\",\"@id\":\"https:\/\/www.praha14.cz\/zivot-na-praze-14\/globalni-odpovednost\/uvod\/#breadcrumb\",\"itemListElement\":[{\"@type\":\"ListItem\",\"position\":1,\"name\":\"\u017divot na Praze 14\",\"item\":\"https:\/\/www.praha14.cz\/zivot-na-praze-14\/\"},{\"@type\":\"ListItem\",\"position\":2,\"name\":\"Glob\u00e1ln\u00ed odpov\u011bdnost\",\"item\":\"https:\/\/www.praha14.cz\/zivot-na-praze-14\/globalni-odpovednost\/\"},{\"@type\":\"ListItem\",\"position\":3,\"name\":\"\u00davod\"}]},{\"@type\":\"WebSite\",\"@id\":\"https:\/\/www.praha14.cz\/zivot-na-praze-14\/#website\",\"url\":\"https:\/\/www.praha14.cz\/zivot-na-praze-14\/\",\"name\":\"\u017divot na Praze 14\",\"description\":\"\",\"potentialAction\":[{\"@type\":\"SearchAction\",\"target\":{\"@type\":\"EntryPoint\",\"urlTemplate\":\"https:\/\/www.praha14.cz\/zivot-na-praze-14\/?s={search_term_string}\"},\"query-input\":{\"@type\":\"PropertyValueSpecification\",\"valueRequired\":true,\"valueName\":\"search_term_string\"}}],\"inLanguage\":\"cs\"}]}<\/script>\n<!-- \/ Yoast SEO plugin. -->","yoast_head_json":{"title":"\u00davod - \u017divot na Praze 14","robots":{"index":"index","follow":"follow","max-snippet":"max-snippet:-1","max-image-preview":"max-image-preview:large","max-video-preview":"max-video-preview:-1"},"canonical":"https:\/\/www.praha14.cz\/zivot-na-praze-14\/globalni-odpovednost\/uvod\/","og_locale":"cs_CZ","og_type":"article","og_title":"\u00davod - \u017divot na Praze 14","og_description":"Slovo glob\u00e1ln\u00ed znamen\u00e1 celosv\u011btov\u00fd, propojuj\u00edc\u00ed a propojen\u00fd, slovo odpov\u011bdnost vyjad\u0159uje pr\u00e1vn\u00ed, mor\u00e1ln\u00ed a etickou schopnost n\u00e9st n\u00e1sledky za sv\u00e9 \u010diny. Tolik v\u00fdkladov\u00fd slovn\u00edk. Z\u00a0pohledu veden\u00ed M\u010c Praha 14 spo\u010d\u00edv\u00e1 v\u00fdznam souslov\u00ed glob\u00e1ln\u011b odpov\u011bdn\u00e1 m\u011bstsk\u00e1 \u010d\u00e1st p\u0159edev\u0161\u00edm v\u00a0tom mluvit spolu, propojit se na na\u0161em \u00fazem\u00ed mezi sebou a za\u010d\u00edt se chovat tak, abychom se nemuseli styd\u011bt...","og_url":"https:\/\/www.praha14.cz\/zivot-na-praze-14\/globalni-odpovednost\/uvod\/","og_site_name":"\u017divot na Praze 14","og_image":[{"url":"https:\/\/www.praha14.cz\/zivot-na-praze-14\/wp-content\/uploads\/sites\/4\/2021\/05\/hands-with-world-plant-370x255.jpg","type":"","width":"","height":""}],"twitter_card":"summary_large_image","twitter_misc":{"Est. reading time":"3 minuty"},"schema":{"@context":"https:\/\/schema.org","@graph":[{"@type":"WebPage","@id":"https:\/\/www.praha14.cz\/zivot-na-praze-14\/globalni-odpovednost\/uvod\/","url":"https:\/\/www.praha14.cz\/zivot-na-praze-14\/globalni-odpovednost\/uvod\/","name":"\u00davod - \u017divot na Praze 14","isPartOf":{"@id":"https:\/\/www.praha14.cz\/zivot-na-praze-14\/#website"},"primaryImageOfPage":{"@id":"https:\/\/www.praha14.cz\/zivot-na-praze-14\/globalni-odpovednost\/uvod\/#primaryimage"},"image":{"@id":"https:\/\/www.praha14.cz\/zivot-na-praze-14\/globalni-odpovednost\/uvod\/#primaryimage"},"thumbnailUrl":"https:\/\/www.praha14.cz\/zivot-na-praze-14\/wp-content\/uploads\/sites\/4\/2021\/05\/hands-with-world-plant-370x255.jpg","datePublished":"2023-02-01T13:16:26+00:00","breadcrumb":{"@id":"https:\/\/www.praha14.cz\/zivot-na-praze-14\/globalni-odpovednost\/uvod\/#breadcrumb"},"inLanguage":"cs","potentialAction":[{"@type":"ReadAction","target":["https:\/\/www.praha14.cz\/zivot-na-praze-14\/globalni-odpovednost\/uvod\/"]}]},{"@type":"ImageObject","inLanguage":"cs","@id":"https:\/\/www.praha14.cz\/zivot-na-praze-14\/globalni-odpovednost\/uvod\/#primaryimage","url":"https:\/\/www.praha14.cz\/zivot-na-praze-14\/wp-content\/uploads\/sites\/4\/2021\/05\/hands-with-world-plant-370x255.jpg","contentUrl":"https:\/\/www.praha14.cz\/zivot-na-praze-14\/wp-content\/uploads\/sites\/4\/2021\/05\/hands-with-world-plant-370x255.jpg"},{"@type":"BreadcrumbList","@id":"https:\/\/www.praha14.cz\/zivot-na-praze-14\/globalni-odpovednost\/uvod\/#breadcrumb","itemListElement":[{"@type":"ListItem","position":1,"name":"\u017divot na Praze 14","item":"https:\/\/www.praha14.cz\/zivot-na-praze-14\/"},{"@type":"ListItem","position":2,"name":"Glob\u00e1ln\u00ed odpov\u011bdnost","item":"https:\/\/www.praha14.cz\/zivot-na-praze-14\/globalni-odpovednost\/"},{"@type":"ListItem","position":3,"name":"\u00davod"}]},{"@type":"WebSite","@id":"https:\/\/www.praha14.cz\/zivot-na-praze-14\/#website","url":"https:\/\/www.praha14.cz\/zivot-na-praze-14\/","name":"\u017divot na Praze 14","description":"","potentialAction":[{"@type":"SearchAction","target":{"@type":"EntryPoint","urlTemplate":"https:\/\/www.praha14.cz\/zivot-na-praze-14\/?s={search_term_string}"},"query-input":{"@type":"PropertyValueSpecification","valueRequired":true,"valueName":"search_term_string"}}],"inLanguage":"cs"}]}},"_links":{"self":[{"href":"https:\/\/www.praha14.cz\/zivot-na-praze-14\/wp-json\/wp\/v2\/pages\/66056","targetHints":{"allow":["GET"]}}],"collection":[{"href":"https:\/\/www.praha14.cz\/zivot-na-praze-14\/wp-json\/wp\/v2\/pages"}],"about":[{"href":"https:\/\/www.praha14.cz\/zivot-na-praze-14\/wp-json\/wp\/v2\/types\/page"}],"author":[{"embeddable":true,"href":"https:\/\/www.praha14.cz\/zivot-na-praze-14\/wp-json\/wp\/v2\/users\/1057"}],"replies":[{"embeddable":true,"href":"https:\/\/www.praha14.cz\/zivot-na-praze-14\/wp-json\/wp\/v2\/comments?post=66056"}],"version-history":[{"count":1,"href":"https:\/\/www.praha14.cz\/zivot-na-praze-14\/wp-json\/wp\/v2\/pages\/66056\/revisions"}],"predecessor-version":[{"id":66057,"href":"https:\/\/www.praha14.cz\/zivot-na-praze-14\/wp-json\/wp\/v2\/pages\/66056\/revisions\/66057"}],"up":[{"embeddable":true,"href":"https:\/\/www.praha14.cz\/zivot-na-praze-14\/wp-json\/wp\/v2\/pages\/58551"}],"wp:attachment":[{"href":"https:\/\/www.praha14.cz\/zivot-na-praze-14\/wp-json\/wp\/v2\/media?parent=66056"}],"curies":[{"name":"wp","href":"https:\/\/api.w.org\/{rel}","templated":true}]}}