{"id":66345,"date":"2023-02-28T10:33:27","date_gmt":"2023-02-28T10:33:27","guid":{"rendered":"https:\/\/www.praha14.cz\/zivot-na-praze-14\/?page_id=66345"},"modified":"2023-02-28T12:29:49","modified_gmt":"2023-02-28T12:29:49","slug":"pr-lednicka","status":"publish","type":"page","link":"https:\/\/www.praha14.cz\/zivot-na-praze-14\/pr-lednicka\/","title":{"rendered":"P+R LEDNICK\u00c1"},"content":{"rendered":"<p>Mal\u00e9 z\u00e1chytn\u00e9 parkovi\u0161t\u011b pro osobn\u00ed automobily pobl\u00ed\u017e \u017eelezni\u010dn\u00ed zast\u00e1vky Praha &#8211; Kyje<\/p>\n<p><span style=\"color: #00ccff;\"><strong>Um\u00edst\u011bn\u00ed: <\/strong><\/span>kat. \u00fazem\u00ed Kyje, ulice Lednick\u00e1<\/p>\n<p><strong><span style=\"color: #00ccff;\">Investor:<\/span> <\/strong>Technick\u00e1 zpr\u00e1va komunikac\u00ed hl. m. Prahy, a.s., Veletr\u017en\u00ed 1623\/24, Praha 7<\/p>\n<p><strong><span style=\"color: #00ccff;\">Projektant:<\/span>\u00a0<\/strong>SATRA spol. s.r.o., Sokolsk\u00e1 32, Praha 2<\/p>\n<p><span style=\"color: #00ccff;\"><strong>Parkov\u00e1n\u00ed:<\/strong><\/span>\u00a050 parkovac\u00edch st\u00e1n\u00ed<\/p>\n<p><strong>vydan\u00e9 stavebn\u00ed povolen\u00ed<\/strong><\/p>\n<p>&nbsp;<\/p>\n\n\t\t<style type=\"text\/css\">\n\t\t\t#gallery-1 {\n\t\t\t\tmargin: auto;\n\t\t\t}\n\t\t\t#gallery-1 .gallery-item {\n\t\t\t\tfloat: left;\n\t\t\t\tmargin-top: 10px;\n\t\t\t\ttext-align: center;\n\t\t\t\twidth: 33%;\n\t\t\t}\n\t\t\t#gallery-1 img {\n\t\t\t\tborder: 2px solid #cfcfcf;\n\t\t\t}\n\t\t\t#gallery-1 .gallery-caption {\n\t\t\t\tmargin-left: 0;\n\t\t\t}\n\t\t\t\/* see gallery_shortcode() in wp-includes\/media.php *\/\n\t\t<\/style>\n\t\t<div id='gallery-1' class='gallery galleryid-66345 gallery-columns-3 gallery-size-thumbnail'><dl class='gallery-item'>\n\t\t\t<dt class='gallery-icon landscape'>\n\t\t\t\t<a rel=\"galleryInfomapa\" class=\"thickbox no_icon rl-gallery-link\"  href='https:\/\/www.praha14.cz\/app\/uploads\/sites\/4\/2023\/02\/situace-pr-Lednicka.jpg' title=\"\" data-rl_title=\"\" data-rl_caption=\"\" data-rel=\"lightbox-gallery-1\"><img loading=\"lazy\" decoding=\"async\" width=\"150\" height=\"150\" src=\"https:\/\/www.praha14.cz\/app\/uploads\/sites\/4\/2023\/02\/situace-pr-Lednicka-150x150.jpg\" class=\"attachment-thumbnail size-thumbnail\" alt=\"situace p+r Lednick\u00e1\" aria-describedby=\"gallery-1-66346\" \/><\/a>\n\t\t\t<\/dt>\n\t\t\t\t<dd class='wp-caption-text gallery-caption' id='gallery-1-66346'>\n\t\t\t\tsituace\n\t\t\t\t<\/dd><\/dl>\n\t\t\t<br style='clear: both' \/>\n\t\t<\/div>\n\n","protected":false},"excerpt":{"rendered":"<p>Mal\u00e9 z\u00e1chytn\u00e9 parkovi\u0161t\u011b pro osobn\u00ed automobily pobl\u00ed\u017e \u017eelezni\u010dn\u00ed zast\u00e1vky Praha &#8211; Kyje Um\u00edst\u011bn\u00ed: kat. \u00fazem\u00ed Kyje, ulice Lednick\u00e1 Investor: Technick\u00e1 zpr\u00e1va komunikac\u00ed hl. m. Prahy, a.s., Veletr\u017en\u00ed 1623\/24, Praha 7 Projektant:\u00a0SATRA spol. s.r.o., Sokolsk\u00e1 32, Praha 2 Parkov\u00e1n\u00ed:\u00a050 parkovac\u00edch st\u00e1n\u00ed vydan\u00e9 stavebn\u00ed povolen\u00ed &nbsp;<\/p>\n","protected":false},"author":1057,"featured_media":0,"parent":0,"menu_order":0,"comment_status":"closed","ping_status":"closed","template":"","meta":{"_acf_changed":false,"footnotes":""},"class_list":["post-66345","page","type-page","status-publish","hentry"],"acf":[],"yoast_head":"<!-- This site is optimized with the Yoast SEO plugin v27.2 - https:\/\/yoast.com\/product\/yoast-seo-wordpress\/ -->\n<title>P+R LEDNICK\u00c1 - \u017divot na Praze 14<\/title>\n<meta name=\"robots\" content=\"index, follow, max-snippet:-1, max-image-preview:large, max-video-preview:-1\" \/>\n<link rel=\"canonical\" href=\"https:\/\/www.praha14.cz\/zivot-na-praze-14\/pr-lednicka\/\" \/>\n<meta property=\"og:locale\" content=\"cs_CZ\" \/>\n<meta property=\"og:type\" content=\"article\" \/>\n<meta property=\"og:title\" content=\"P+R LEDNICK\u00c1 - \u017divot na Praze 14\" \/>\n<meta property=\"og:description\" content=\"Mal\u00e9 z\u00e1chytn\u00e9 parkovi\u0161t\u011b pro osobn\u00ed automobily pobl\u00ed\u017e \u017eelezni\u010dn\u00ed zast\u00e1vky Praha &#8211; Kyje Um\u00edst\u011bn\u00ed: kat. \u00fazem\u00ed Kyje, ulice Lednick\u00e1 Investor: Technick\u00e1 zpr\u00e1va komunikac\u00ed hl. m. Prahy, a.s., Veletr\u017en\u00ed 1623\/24, Praha 7 Projektant:\u00a0SATRA spol. s.r.o., Sokolsk\u00e1 32, Praha 2 Parkov\u00e1n\u00ed:\u00a050 parkovac\u00edch st\u00e1n\u00ed vydan\u00e9 stavebn\u00ed povolen\u00ed &nbsp;\" \/>\n<meta property=\"og:url\" content=\"https:\/\/www.praha14.cz\/zivot-na-praze-14\/pr-lednicka\/\" \/>\n<meta property=\"og:site_name\" content=\"\u017divot na Praze 14\" \/>\n<meta property=\"article:modified_time\" content=\"2023-02-28T12:29:49+00:00\" \/>\n<meta property=\"og:image\" content=\"https:\/\/www.praha14.cz\/app\/uploads\/sites\/4\/2023\/02\/situace-pr-Lednicka-150x150.jpg\" \/>\n<meta name=\"twitter:card\" content=\"summary_large_image\" \/>\n<meta name=\"twitter:label1\" content=\"Est. reading time\" \/>\n\t<meta name=\"twitter:data1\" content=\"1 minuta\" \/>\n<script type=\"application\/ld+json\" class=\"yoast-schema-graph\">{\"@context\":\"https:\/\/schema.org\",\"@graph\":[{\"@type\":\"WebPage\",\"@id\":\"https:\/\/www.praha14.cz\/zivot-na-praze-14\/pr-lednicka\/\",\"url\":\"https:\/\/www.praha14.cz\/zivot-na-praze-14\/pr-lednicka\/\",\"name\":\"P+R LEDNICK\u00c1 - \u017divot na Praze 14\",\"isPartOf\":{\"@id\":\"https:\/\/www.praha14.cz\/zivot-na-praze-14\/#website\"},\"datePublished\":\"2023-02-28T10:33:27+00:00\",\"dateModified\":\"2023-02-28T12:29:49+00:00\",\"breadcrumb\":{\"@id\":\"https:\/\/www.praha14.cz\/zivot-na-praze-14\/pr-lednicka\/#breadcrumb\"},\"inLanguage\":\"cs\",\"potentialAction\":[{\"@type\":\"ReadAction\",\"target\":[\"https:\/\/www.praha14.cz\/zivot-na-praze-14\/pr-lednicka\/\"]}]},{\"@type\":\"BreadcrumbList\",\"@id\":\"https:\/\/www.praha14.cz\/zivot-na-praze-14\/pr-lednicka\/#breadcrumb\",\"itemListElement\":[{\"@type\":\"ListItem\",\"position\":1,\"name\":\"\u017divot na Praze 14\",\"item\":\"https:\/\/www.praha14.cz\/zivot-na-praze-14\/\"},{\"@type\":\"ListItem\",\"position\":2,\"name\":\"P+R LEDNICK\u00c1\"}]},{\"@type\":\"WebSite\",\"@id\":\"https:\/\/www.praha14.cz\/zivot-na-praze-14\/#website\",\"url\":\"https:\/\/www.praha14.cz\/zivot-na-praze-14\/\",\"name\":\"\u017divot na Praze 14\",\"description\":\"\",\"potentialAction\":[{\"@type\":\"SearchAction\",\"target\":{\"@type\":\"EntryPoint\",\"urlTemplate\":\"https:\/\/www.praha14.cz\/zivot-na-praze-14\/?s={search_term_string}\"},\"query-input\":{\"@type\":\"PropertyValueSpecification\",\"valueRequired\":true,\"valueName\":\"search_term_string\"}}],\"inLanguage\":\"cs\"}]}<\/script>\n<!-- \/ Yoast SEO plugin. -->","yoast_head_json":{"title":"P+R LEDNICK\u00c1 - \u017divot na Praze 14","robots":{"index":"index","follow":"follow","max-snippet":"max-snippet:-1","max-image-preview":"max-image-preview:large","max-video-preview":"max-video-preview:-1"},"canonical":"https:\/\/www.praha14.cz\/zivot-na-praze-14\/pr-lednicka\/","og_locale":"cs_CZ","og_type":"article","og_title":"P+R LEDNICK\u00c1 - \u017divot na Praze 14","og_description":"Mal\u00e9 z\u00e1chytn\u00e9 parkovi\u0161t\u011b pro osobn\u00ed automobily pobl\u00ed\u017e \u017eelezni\u010dn\u00ed zast\u00e1vky Praha &#8211; Kyje Um\u00edst\u011bn\u00ed: kat. \u00fazem\u00ed Kyje, ulice Lednick\u00e1 Investor: Technick\u00e1 zpr\u00e1va komunikac\u00ed hl. m. Prahy, a.s., Veletr\u017en\u00ed 1623\/24, Praha 7 Projektant:\u00a0SATRA spol. s.r.o., Sokolsk\u00e1 32, Praha 2 Parkov\u00e1n\u00ed:\u00a050 parkovac\u00edch st\u00e1n\u00ed vydan\u00e9 stavebn\u00ed povolen\u00ed &nbsp;","og_url":"https:\/\/www.praha14.cz\/zivot-na-praze-14\/pr-lednicka\/","og_site_name":"\u017divot na Praze 14","article_modified_time":"2023-02-28T12:29:49+00:00","og_image":[{"url":"https:\/\/www.praha14.cz\/app\/uploads\/sites\/4\/2023\/02\/situace-pr-Lednicka-150x150.jpg","type":"","width":"","height":""}],"twitter_card":"summary_large_image","twitter_misc":{"Est. reading time":"1 minuta"},"schema":{"@context":"https:\/\/schema.org","@graph":[{"@type":"WebPage","@id":"https:\/\/www.praha14.cz\/zivot-na-praze-14\/pr-lednicka\/","url":"https:\/\/www.praha14.cz\/zivot-na-praze-14\/pr-lednicka\/","name":"P+R LEDNICK\u00c1 - \u017divot na Praze 14","isPartOf":{"@id":"https:\/\/www.praha14.cz\/zivot-na-praze-14\/#website"},"datePublished":"2023-02-28T10:33:27+00:00","dateModified":"2023-02-28T12:29:49+00:00","breadcrumb":{"@id":"https:\/\/www.praha14.cz\/zivot-na-praze-14\/pr-lednicka\/#breadcrumb"},"inLanguage":"cs","potentialAction":[{"@type":"ReadAction","target":["https:\/\/www.praha14.cz\/zivot-na-praze-14\/pr-lednicka\/"]}]},{"@type":"BreadcrumbList","@id":"https:\/\/www.praha14.cz\/zivot-na-praze-14\/pr-lednicka\/#breadcrumb","itemListElement":[{"@type":"ListItem","position":1,"name":"\u017divot na Praze 14","item":"https:\/\/www.praha14.cz\/zivot-na-praze-14\/"},{"@type":"ListItem","position":2,"name":"P+R LEDNICK\u00c1"}]},{"@type":"WebSite","@id":"https:\/\/www.praha14.cz\/zivot-na-praze-14\/#website","url":"https:\/\/www.praha14.cz\/zivot-na-praze-14\/","name":"\u017divot na Praze 14","description":"","potentialAction":[{"@type":"SearchAction","target":{"@type":"EntryPoint","urlTemplate":"https:\/\/www.praha14.cz\/zivot-na-praze-14\/?s={search_term_string}"},"query-input":{"@type":"PropertyValueSpecification","valueRequired":true,"valueName":"search_term_string"}}],"inLanguage":"cs"}]}},"_links":{"self":[{"href":"https:\/\/www.praha14.cz\/zivot-na-praze-14\/wp-json\/wp\/v2\/pages\/66345","targetHints":{"allow":["GET"]}}],"collection":[{"href":"https:\/\/www.praha14.cz\/zivot-na-praze-14\/wp-json\/wp\/v2\/pages"}],"about":[{"href":"https:\/\/www.praha14.cz\/zivot-na-praze-14\/wp-json\/wp\/v2\/types\/page"}],"author":[{"embeddable":true,"href":"https:\/\/www.praha14.cz\/zivot-na-praze-14\/wp-json\/wp\/v2\/users\/1057"}],"replies":[{"embeddable":true,"href":"https:\/\/www.praha14.cz\/zivot-na-praze-14\/wp-json\/wp\/v2\/comments?post=66345"}],"version-history":[{"count":3,"href":"https:\/\/www.praha14.cz\/zivot-na-praze-14\/wp-json\/wp\/v2\/pages\/66345\/revisions"}],"predecessor-version":[{"id":66371,"href":"https:\/\/www.praha14.cz\/zivot-na-praze-14\/wp-json\/wp\/v2\/pages\/66345\/revisions\/66371"}],"wp:attachment":[{"href":"https:\/\/www.praha14.cz\/zivot-na-praze-14\/wp-json\/wp\/v2\/media?parent=66345"}],"curies":[{"name":"wp","href":"https:\/\/api.w.org\/{rel}","templated":true}]}}