{"id":66350,"date":"2023-02-28T10:37:32","date_gmt":"2023-02-28T10:37:32","guid":{"rendered":"https:\/\/www.praha14.cz\/zivot-na-praze-14\/?page_id=66350"},"modified":"2023-02-28T10:37:32","modified_gmt":"2023-02-28T10:37:32","slug":"materska-skola-sicherova","status":"publish","type":"page","link":"https:\/\/www.praha14.cz\/zivot-na-praze-14\/materska-skola-sicherova\/","title":{"rendered":"MATE\u0158SK\u00c1 \u0160KOLA SICHEROVA"},"content":{"rendered":"<p><strong><span style=\"color: #00ccff;\">Um\u00edst\u011bn\u00ed:<\/span> <\/strong>kat. \u00fazem\u00ed Kyje, p\u0159i ulici Sicherova<\/p>\n<p><span style=\"color: #00ccff;\"><strong>Po\u0159izovatel studie:\u00a0<\/strong><\/span>M\u011bstsk\u00e1 \u010d\u00e1st Praha 14, Brat\u0159\u00ed Vencl\u00edk\u016f 1073, Praha 14<\/p>\n<p><strong><span style=\"color: #00ccff;\">Projektant:<\/span>\u00a0<\/strong>\u0160imon\u00edk architekti s.r.o., V\u00e1clavsk\u00e1 418, Roztoky<\/p>\n<p><span style=\"color: #00ccff;\"><strong>Objekty:<\/strong><\/span> mate\u0159sk\u00e1 \u0161kola -2 nadzemn\u00ed podla\u017e\u00ed, se 4 t\u0159\u00eddami po 28 d\u011btech, samostatn\u00fd objekt t\u011blocvi\u010dny o dvou podla\u017e\u00edch s kav\u00e1rnou<\/p>\n<p><span style=\"color: #00ccff;\"><strong>Parkov\u00e1n\u00ed:<\/strong><\/span>\u00a015 parkovac\u00edch st\u00e1n\u00ed<\/p>\n<p><span style=\"color: #00ccff;\"><strong>Zastav\u011bn\u00e1 plocha:<\/strong>\u00a0<\/span>648 m<sup>2<\/sup> mate\u0159sk\u00e1 \u0161kola + 165 m<sup>2 <\/sup>t\u011blocvi\u010dna<\/p>\n<p><strong>Studie 2020<\/strong><\/p>\n<p>&nbsp;<\/p>\n\n\t\t<style type=\"text\/css\">\n\t\t\t#gallery-1 {\n\t\t\t\tmargin: auto;\n\t\t\t}\n\t\t\t#gallery-1 .gallery-item {\n\t\t\t\tfloat: left;\n\t\t\t\tmargin-top: 10px;\n\t\t\t\ttext-align: center;\n\t\t\t\twidth: 25%;\n\t\t\t}\n\t\t\t#gallery-1 img {\n\t\t\t\tborder: 2px solid #cfcfcf;\n\t\t\t}\n\t\t\t#gallery-1 .gallery-caption {\n\t\t\t\tmargin-left: 0;\n\t\t\t}\n\t\t\t\/* see gallery_shortcode() in wp-includes\/media.php *\/\n\t\t<\/style>\n\t\t<div id='gallery-1' class='gallery galleryid-66350 gallery-columns-4 gallery-size-thumbnail'><dl class='gallery-item'>\n\t\t\t<dt class='gallery-icon landscape'>\n\t\t\t\t<a rel=\"galleryInfomapa\" class=\"thickbox no_icon rl-gallery-link\"  href='https:\/\/www.praha14.cz\/app\/uploads\/sites\/4\/2023\/02\/1-situace-MS-Sicherova.jpg' title=\"\" data-rl_title=\"\" data-rl_caption=\"\" data-rel=\"lightbox-gallery-1\"><img loading=\"lazy\" decoding=\"async\" width=\"150\" height=\"150\" src=\"https:\/\/www.praha14.cz\/app\/uploads\/sites\/4\/2023\/02\/1-situace-MS-Sicherova-150x150.jpg\" class=\"attachment-thumbnail size-thumbnail\" alt=\"1 situace M\u0160 Sicherova\" aria-describedby=\"gallery-1-66351\" \/><\/a>\n\t\t\t<\/dt>\n\t\t\t\t<dd class='wp-caption-text gallery-caption' id='gallery-1-66351'>\n\t\t\t\tsituace\n\t\t\t\t<\/dd><\/dl><dl class='gallery-item'>\n\t\t\t<dt class='gallery-icon landscape'>\n\t\t\t\t<a rel=\"galleryInfomapa\" class=\"thickbox no_icon rl-gallery-link\"  href='https:\/\/www.praha14.cz\/app\/uploads\/sites\/4\/2023\/02\/2-1-NP-MS-Sicherova.jpg' title=\"\" data-rl_title=\"\" data-rl_caption=\"\" data-rel=\"lightbox-gallery-1\"><img loading=\"lazy\" decoding=\"async\" width=\"150\" height=\"150\" src=\"https:\/\/www.praha14.cz\/app\/uploads\/sites\/4\/2023\/02\/2-1-NP-MS-Sicherova-150x150.jpg\" class=\"attachment-thumbnail size-thumbnail\" alt=\"2 &#8211; 1 NP M\u0160 Sicherova\" aria-describedby=\"gallery-1-66352\" \/><\/a>\n\t\t\t<\/dt>\n\t\t\t\t<dd class='wp-caption-text gallery-caption' id='gallery-1-66352'>\n\t\t\t\t1 NP\n\t\t\t\t<\/dd><\/dl><dl class='gallery-item'>\n\t\t\t<dt class='gallery-icon landscape'>\n\t\t\t\t<a rel=\"galleryInfomapa\" class=\"thickbox no_icon rl-gallery-link\"  href='https:\/\/www.praha14.cz\/app\/uploads\/sites\/4\/2023\/02\/3-2-NP-MS-Sicherova.jpg' title=\"\" data-rl_title=\"\" data-rl_caption=\"\" data-rel=\"lightbox-gallery-1\"><img loading=\"lazy\" decoding=\"async\" width=\"150\" height=\"150\" src=\"https:\/\/www.praha14.cz\/app\/uploads\/sites\/4\/2023\/02\/3-2-NP-MS-Sicherova-150x150.jpg\" class=\"attachment-thumbnail size-thumbnail\" alt=\"3 &#8211; 2 NP M\u0160 Sicherova\" aria-describedby=\"gallery-1-66353\" \/><\/a>\n\t\t\t<\/dt>\n\t\t\t\t<dd class='wp-caption-text gallery-caption' id='gallery-1-66353'>\n\t\t\t\t2 NP\n\t\t\t\t<\/dd><\/dl><dl class='gallery-item'>\n\t\t\t<dt class='gallery-icon landscape'>\n\t\t\t\t<a rel=\"galleryInfomapa\" class=\"thickbox no_icon rl-gallery-link\"  href='https:\/\/www.praha14.cz\/app\/uploads\/sites\/4\/2023\/02\/4-MS-Na-Hutich-Nadhled-01.png' title=\"\" data-rl_title=\"\" data-rl_caption=\"\" data-rel=\"lightbox-gallery-1\"><img loading=\"lazy\" decoding=\"async\" width=\"150\" height=\"150\" src=\"https:\/\/www.praha14.cz\/app\/uploads\/sites\/4\/2023\/02\/4-MS-Na-Hutich-Nadhled-01-150x150.png\" class=\"attachment-thumbnail size-thumbnail\" alt=\"4 -M\u0160 Na Hut\u00edch Nadhled 01\" aria-describedby=\"gallery-1-66354\" \/><\/a>\n\t\t\t<\/dt>\n\t\t\t\t<dd class='wp-caption-text gallery-caption' id='gallery-1-66354'>\n\t\t\t\tNadhled\n\t\t\t\t<\/dd><\/dl><br style=\"clear: both\" \/><dl class='gallery-item'>\n\t\t\t<dt class='gallery-icon landscape'>\n\t\t\t\t<a rel=\"galleryInfomapa\" class=\"thickbox no_icon rl-gallery-link\"  href='https:\/\/www.praha14.cz\/app\/uploads\/sites\/4\/2023\/02\/5-MS-Na-Hutich-Nadhled-02.png' title=\"\" data-rl_title=\"\" data-rl_caption=\"\" data-rel=\"lightbox-gallery-1\"><img loading=\"lazy\" decoding=\"async\" width=\"150\" height=\"150\" src=\"https:\/\/www.praha14.cz\/app\/uploads\/sites\/4\/2023\/02\/5-MS-Na-Hutich-Nadhled-02-150x150.png\" class=\"attachment-thumbnail size-thumbnail\" alt=\"5 &#8211; M\u0160 Na Hut\u00edch Nadhled 02\" aria-describedby=\"gallery-1-66355\" \/><\/a>\n\t\t\t<\/dt>\n\t\t\t\t<dd class='wp-caption-text gallery-caption' id='gallery-1-66355'>\n\t\t\t\tNadhled\n\t\t\t\t<\/dd><\/dl><dl class='gallery-item'>\n\t\t\t<dt class='gallery-icon landscape'>\n\t\t\t\t<a rel=\"galleryInfomapa\" class=\"thickbox no_icon rl-gallery-link\"  href='https:\/\/www.praha14.cz\/app\/uploads\/sites\/4\/2023\/02\/6-MS-Na-Hutich-002.png' title=\"\" data-rl_title=\"\" data-rl_caption=\"\" data-rel=\"lightbox-gallery-1\"><img loading=\"lazy\" decoding=\"async\" width=\"150\" height=\"150\" src=\"https:\/\/www.praha14.cz\/app\/uploads\/sites\/4\/2023\/02\/6-MS-Na-Hutich-002-150x150.png\" class=\"attachment-thumbnail size-thumbnail\" alt=\"6-M\u0160 Na Hut\u00edch 002\" aria-describedby=\"gallery-1-66356\" \/><\/a>\n\t\t\t<\/dt>\n\t\t\t\t<dd class='wp-caption-text gallery-caption' id='gallery-1-66356'>\n\t\t\t\tvizualizace\n\t\t\t\t<\/dd><\/dl><dl class='gallery-item'>\n\t\t\t<dt class='gallery-icon landscape'>\n\t\t\t\t<a rel=\"galleryInfomapa\" class=\"thickbox no_icon rl-gallery-link\"  href='https:\/\/www.praha14.cz\/app\/uploads\/sites\/4\/2023\/02\/7-MS-Na-Hutich-05.png' title=\"\" data-rl_title=\"\" data-rl_caption=\"\" data-rel=\"lightbox-gallery-1\"><img loading=\"lazy\" decoding=\"async\" width=\"150\" height=\"150\" src=\"https:\/\/www.praha14.cz\/app\/uploads\/sites\/4\/2023\/02\/7-MS-Na-Hutich-05-150x150.png\" class=\"attachment-thumbnail size-thumbnail\" alt=\"7- M\u0160 Na Hut\u00edch 05\" aria-describedby=\"gallery-1-66357\" \/><\/a>\n\t\t\t<\/dt>\n\t\t\t\t<dd class='wp-caption-text gallery-caption' id='gallery-1-66357'>\n\t\t\t\tvizualizace\n\t\t\t\t<\/dd><\/dl><dl class='gallery-item'>\n\t\t\t<dt class='gallery-icon landscape'>\n\t\t\t\t<a rel=\"galleryInfomapa\" class=\"thickbox no_icon rl-gallery-link\"  href='https:\/\/www.praha14.cz\/app\/uploads\/sites\/4\/2023\/02\/8-MS-Na-Hutich-12.png' title=\"\" data-rl_title=\"\" data-rl_caption=\"\" data-rel=\"lightbox-gallery-1\"><img loading=\"lazy\" decoding=\"async\" width=\"150\" height=\"150\" src=\"https:\/\/www.praha14.cz\/app\/uploads\/sites\/4\/2023\/02\/8-MS-Na-Hutich-12-150x150.png\" class=\"attachment-thumbnail size-thumbnail\" alt=\"8 &#8211; M\u0160 Na Hut\u00edch 12\" aria-describedby=\"gallery-1-66358\" \/><\/a>\n\t\t\t<\/dt>\n\t\t\t\t<dd class='wp-caption-text gallery-caption' id='gallery-1-66358'>\n\t\t\t\tvizualizace\n\t\t\t\t<\/dd><\/dl><br style=\"clear: both\" \/>\n\t\t<\/div>\n\n","protected":false},"excerpt":{"rendered":"<p>Um\u00edst\u011bn\u00ed: kat. \u00fazem\u00ed Kyje, p\u0159i ulici Sicherova Po\u0159izovatel studie:\u00a0M\u011bstsk\u00e1 \u010d\u00e1st Praha 14, Brat\u0159\u00ed Vencl\u00edk\u016f 1073, Praha 14 Projektant:\u00a0\u0160imon\u00edk architekti s.r.o., V\u00e1clavsk\u00e1 418, Roztoky Objekty: mate\u0159sk\u00e1 \u0161kola -2 nadzemn\u00ed podla\u017e\u00ed, se 4 t\u0159\u00eddami po 28 d\u011btech, samostatn\u00fd objekt t\u011blocvi\u010dny o dvou podla\u017e\u00edch s kav\u00e1rnou Parkov\u00e1n\u00ed:\u00a015 parkovac\u00edch st\u00e1n\u00ed Zastav\u011bn\u00e1 plocha:\u00a0648 m2 mate\u0159sk\u00e1 \u0161kola + 165 m2 t\u011blocvi\u010dna&#8230;<\/p>\n","protected":false},"author":1057,"featured_media":0,"parent":0,"menu_order":0,"comment_status":"closed","ping_status":"closed","template":"","meta":{"_acf_changed":false,"footnotes":""},"class_list":["post-66350","page","type-page","status-publish","hentry"],"acf":[],"yoast_head":"<!-- This site is optimized with the Yoast SEO plugin v27.2 - https:\/\/yoast.com\/product\/yoast-seo-wordpress\/ -->\n<title>MATE\u0158SK\u00c1 \u0160KOLA SICHEROVA - \u017divot na Praze 14<\/title>\n<meta name=\"robots\" content=\"index, follow, max-snippet:-1, max-image-preview:large, max-video-preview:-1\" \/>\n<link rel=\"canonical\" href=\"https:\/\/www.praha14.cz\/zivot-na-praze-14\/materska-skola-sicherova\/\" \/>\n<meta property=\"og:locale\" content=\"cs_CZ\" \/>\n<meta property=\"og:type\" content=\"article\" \/>\n<meta property=\"og:title\" content=\"MATE\u0158SK\u00c1 \u0160KOLA SICHEROVA - \u017divot na Praze 14\" \/>\n<meta property=\"og:description\" content=\"Um\u00edst\u011bn\u00ed: kat. \u00fazem\u00ed Kyje, p\u0159i ulici Sicherova Po\u0159izovatel studie:\u00a0M\u011bstsk\u00e1 \u010d\u00e1st Praha 14, Brat\u0159\u00ed Vencl\u00edk\u016f 1073, Praha 14 Projektant:\u00a0\u0160imon\u00edk architekti s.r.o., V\u00e1clavsk\u00e1 418, Roztoky Objekty: mate\u0159sk\u00e1 \u0161kola -2 nadzemn\u00ed podla\u017e\u00ed, se 4 t\u0159\u00eddami po 28 d\u011btech, samostatn\u00fd objekt t\u011blocvi\u010dny o dvou podla\u017e\u00edch s kav\u00e1rnou Parkov\u00e1n\u00ed:\u00a015 parkovac\u00edch st\u00e1n\u00ed Zastav\u011bn\u00e1 plocha:\u00a0648 m2 mate\u0159sk\u00e1 \u0161kola + 165 m2 t\u011blocvi\u010dna...\" \/>\n<meta property=\"og:url\" content=\"https:\/\/www.praha14.cz\/zivot-na-praze-14\/materska-skola-sicherova\/\" \/>\n<meta property=\"og:site_name\" content=\"\u017divot na Praze 14\" \/>\n<meta property=\"og:image\" content=\"https:\/\/www.praha14.cz\/app\/uploads\/sites\/4\/2023\/02\/1-situace-MS-Sicherova-150x150.jpg\" \/>\n<meta name=\"twitter:card\" content=\"summary_large_image\" \/>\n<meta name=\"twitter:label1\" content=\"Est. reading time\" \/>\n\t<meta name=\"twitter:data1\" content=\"1 minuta\" \/>\n<script type=\"application\/ld+json\" class=\"yoast-schema-graph\">{\"@context\":\"https:\/\/schema.org\",\"@graph\":[{\"@type\":\"WebPage\",\"@id\":\"https:\/\/www.praha14.cz\/zivot-na-praze-14\/materska-skola-sicherova\/\",\"url\":\"https:\/\/www.praha14.cz\/zivot-na-praze-14\/materska-skola-sicherova\/\",\"name\":\"MATE\u0158SK\u00c1 \u0160KOLA SICHEROVA - \u017divot na Praze 14\",\"isPartOf\":{\"@id\":\"https:\/\/www.praha14.cz\/zivot-na-praze-14\/#website\"},\"datePublished\":\"2023-02-28T10:37:32+00:00\",\"breadcrumb\":{\"@id\":\"https:\/\/www.praha14.cz\/zivot-na-praze-14\/materska-skola-sicherova\/#breadcrumb\"},\"inLanguage\":\"cs\",\"potentialAction\":[{\"@type\":\"ReadAction\",\"target\":[\"https:\/\/www.praha14.cz\/zivot-na-praze-14\/materska-skola-sicherova\/\"]}]},{\"@type\":\"BreadcrumbList\",\"@id\":\"https:\/\/www.praha14.cz\/zivot-na-praze-14\/materska-skola-sicherova\/#breadcrumb\",\"itemListElement\":[{\"@type\":\"ListItem\",\"position\":1,\"name\":\"\u017divot na Praze 14\",\"item\":\"https:\/\/www.praha14.cz\/zivot-na-praze-14\/\"},{\"@type\":\"ListItem\",\"position\":2,\"name\":\"MATE\u0158SK\u00c1 \u0160KOLA SICHEROVA\"}]},{\"@type\":\"WebSite\",\"@id\":\"https:\/\/www.praha14.cz\/zivot-na-praze-14\/#website\",\"url\":\"https:\/\/www.praha14.cz\/zivot-na-praze-14\/\",\"name\":\"\u017divot na Praze 14\",\"description\":\"\",\"potentialAction\":[{\"@type\":\"SearchAction\",\"target\":{\"@type\":\"EntryPoint\",\"urlTemplate\":\"https:\/\/www.praha14.cz\/zivot-na-praze-14\/?s={search_term_string}\"},\"query-input\":{\"@type\":\"PropertyValueSpecification\",\"valueRequired\":true,\"valueName\":\"search_term_string\"}}],\"inLanguage\":\"cs\"}]}<\/script>\n<!-- \/ Yoast SEO plugin. -->","yoast_head_json":{"title":"MATE\u0158SK\u00c1 \u0160KOLA SICHEROVA - \u017divot na Praze 14","robots":{"index":"index","follow":"follow","max-snippet":"max-snippet:-1","max-image-preview":"max-image-preview:large","max-video-preview":"max-video-preview:-1"},"canonical":"https:\/\/www.praha14.cz\/zivot-na-praze-14\/materska-skola-sicherova\/","og_locale":"cs_CZ","og_type":"article","og_title":"MATE\u0158SK\u00c1 \u0160KOLA SICHEROVA - \u017divot na Praze 14","og_description":"Um\u00edst\u011bn\u00ed: kat. \u00fazem\u00ed Kyje, p\u0159i ulici Sicherova Po\u0159izovatel studie:\u00a0M\u011bstsk\u00e1 \u010d\u00e1st Praha 14, Brat\u0159\u00ed Vencl\u00edk\u016f 1073, Praha 14 Projektant:\u00a0\u0160imon\u00edk architekti s.r.o., V\u00e1clavsk\u00e1 418, Roztoky Objekty: mate\u0159sk\u00e1 \u0161kola -2 nadzemn\u00ed podla\u017e\u00ed, se 4 t\u0159\u00eddami po 28 d\u011btech, samostatn\u00fd objekt t\u011blocvi\u010dny o dvou podla\u017e\u00edch s kav\u00e1rnou Parkov\u00e1n\u00ed:\u00a015 parkovac\u00edch st\u00e1n\u00ed Zastav\u011bn\u00e1 plocha:\u00a0648 m2 mate\u0159sk\u00e1 \u0161kola + 165 m2 t\u011blocvi\u010dna...","og_url":"https:\/\/www.praha14.cz\/zivot-na-praze-14\/materska-skola-sicherova\/","og_site_name":"\u017divot na Praze 14","og_image":[{"url":"https:\/\/www.praha14.cz\/app\/uploads\/sites\/4\/2023\/02\/1-situace-MS-Sicherova-150x150.jpg","type":"","width":"","height":""}],"twitter_card":"summary_large_image","twitter_misc":{"Est. reading time":"1 minuta"},"schema":{"@context":"https:\/\/schema.org","@graph":[{"@type":"WebPage","@id":"https:\/\/www.praha14.cz\/zivot-na-praze-14\/materska-skola-sicherova\/","url":"https:\/\/www.praha14.cz\/zivot-na-praze-14\/materska-skola-sicherova\/","name":"MATE\u0158SK\u00c1 \u0160KOLA SICHEROVA - \u017divot na Praze 14","isPartOf":{"@id":"https:\/\/www.praha14.cz\/zivot-na-praze-14\/#website"},"datePublished":"2023-02-28T10:37:32+00:00","breadcrumb":{"@id":"https:\/\/www.praha14.cz\/zivot-na-praze-14\/materska-skola-sicherova\/#breadcrumb"},"inLanguage":"cs","potentialAction":[{"@type":"ReadAction","target":["https:\/\/www.praha14.cz\/zivot-na-praze-14\/materska-skola-sicherova\/"]}]},{"@type":"BreadcrumbList","@id":"https:\/\/www.praha14.cz\/zivot-na-praze-14\/materska-skola-sicherova\/#breadcrumb","itemListElement":[{"@type":"ListItem","position":1,"name":"\u017divot na Praze 14","item":"https:\/\/www.praha14.cz\/zivot-na-praze-14\/"},{"@type":"ListItem","position":2,"name":"MATE\u0158SK\u00c1 \u0160KOLA SICHEROVA"}]},{"@type":"WebSite","@id":"https:\/\/www.praha14.cz\/zivot-na-praze-14\/#website","url":"https:\/\/www.praha14.cz\/zivot-na-praze-14\/","name":"\u017divot na Praze 14","description":"","potentialAction":[{"@type":"SearchAction","target":{"@type":"EntryPoint","urlTemplate":"https:\/\/www.praha14.cz\/zivot-na-praze-14\/?s={search_term_string}"},"query-input":{"@type":"PropertyValueSpecification","valueRequired":true,"valueName":"search_term_string"}}],"inLanguage":"cs"}]}},"_links":{"self":[{"href":"https:\/\/www.praha14.cz\/zivot-na-praze-14\/wp-json\/wp\/v2\/pages\/66350","targetHints":{"allow":["GET"]}}],"collection":[{"href":"https:\/\/www.praha14.cz\/zivot-na-praze-14\/wp-json\/wp\/v2\/pages"}],"about":[{"href":"https:\/\/www.praha14.cz\/zivot-na-praze-14\/wp-json\/wp\/v2\/types\/page"}],"author":[{"embeddable":true,"href":"https:\/\/www.praha14.cz\/zivot-na-praze-14\/wp-json\/wp\/v2\/users\/1057"}],"replies":[{"embeddable":true,"href":"https:\/\/www.praha14.cz\/zivot-na-praze-14\/wp-json\/wp\/v2\/comments?post=66350"}],"version-history":[{"count":1,"href":"https:\/\/www.praha14.cz\/zivot-na-praze-14\/wp-json\/wp\/v2\/pages\/66350\/revisions"}],"predecessor-version":[{"id":66359,"href":"https:\/\/www.praha14.cz\/zivot-na-praze-14\/wp-json\/wp\/v2\/pages\/66350\/revisions\/66359"}],"wp:attachment":[{"href":"https:\/\/www.praha14.cz\/zivot-na-praze-14\/wp-json\/wp\/v2\/media?parent=66350"}],"curies":[{"name":"wp","href":"https:\/\/api.w.org\/{rel}","templated":true}]}}